{"id":123068,"date":"2023-03-31T12:50:05","date_gmt":"2023-03-31T12:50:05","guid":{"rendered":"https:\/\/bas-ip.com\/?page_id=123068"},"modified":"2025-03-14T10:05:38","modified_gmt":"2025-03-14T10:05:38","slug":"lifts-lifts","status":"publish","type":"page","link":"https:\/\/bas-ip.com\/lv\/lifts\/","title":{"rendered":"Lifts"},"content":{"rendered":"<h1 class=\"wp-block-heading\"><strong>Lifta interkoms, kas balst\u012bts uz IP tehnolo\u0123iju<\/strong><\/h1>\n\n\n\n<p>Past\u0101v\u012bgi savienotaj\u0101 pasaul\u0113 sazi\u0146a ir k\u013cuvusi \u0101rk\u0101rt\u012bgi svar\u012bga. Tas jo \u012bpa\u0161i attiecas uz vidi, kur dro\u0161\u012bba un pieejam\u012bba ir \u013coti svar\u012bga, piem\u0113ram, liftos. Lifta interkomu sist\u0113mai ir b\u016btiska noz\u012bme pasa\u017eieru labsaj\u016btas nodro\u0161in\u0101\u0161an\u0101, un t\u0101 arvien bie\u017e\u0101k tiek uzskat\u012bta par oblig\u0101tu funkciju. Apskat\u012bsim priek\u0161roc\u012bbas, ko sniedz uz BAS-IP IP balst\u012btas liftu interkomu sist\u0113mas, un to, k\u0101 t\u0101s revolucion\u0101ri maina liftu lieto\u0161anas pieredzi.<\/p>\n\n\n<!-- START Block Features --><section id=\"block_6437d003aff43\" class=\"features-section\">\r\n\t\r\n    <div class=\"features-list\">\r\n                    <div class=\"features-item\" data-aos=\"fade-up\">\r\n    <div class=\"features-box\">\r\n                    <div class=\"image-holder\">\r\n                <img loading=\"lazy\" decoding=\"async\" width=\"350\" height=\"320\" src=\"https:\/\/bas-ip.com\/wp-content\/uploads\/2023\/04\/1-6-350x320.jpg\" class=\"attachment-thumbnail_350x320 size-thumbnail_350x320\" alt=\"\" \/>            <\/div>\r\n        \r\n        <div class=\"text-holder\">\r\n                        <h3 class=\"title-block\">Nepiecie\u0161am\u012bba p\u0113c domofoniem liftos<\/h3>\r\n          \r\n                        <div class=\"text-block\">\r\n                <p>Liftu interkomi kalpo k\u0101 gl\u0101b\u0161anas l\u012bnija pasa\u017eieriem \u0101rk\u0101rtas situ\u0101cij\u0101s vai tehnisku probl\u0113mu gad\u012bjum\u0101. Tie nodro\u0161ina tie\u0161u sazi\u0146as kan\u0101lu ar \u0113kas vad\u012bbu vai av\u0101rijas dienestiem, t\u0101d\u0113j\u0101di nepiecie\u0161am\u012bbas gad\u012bjum\u0101 nodro\u0161inot \u0101tru pal\u012bdz\u012bbu. T\u0101p\u0113c uzticama un efekt\u012bva interkomu sist\u0113ma liftos ir b\u016btiska, lai saglab\u0101tu dro\u0161\u012bbas standartus un nomierin\u0101tu pasa\u017eierus.<\/p>\n              <\/div>\r\n                  <\/div>\r\n    <\/div>\r\n<\/div>\r\n                    <div class=\"features-item\" data-aos=\"fade-up\">\r\n    <div class=\"features-box\">\r\n                    <div class=\"image-holder\">\r\n                <img loading=\"lazy\" decoding=\"async\" width=\"350\" height=\"320\" src=\"https:\/\/bas-ip.com\/wp-content\/uploads\/2023\/04\/2-6-350x320.jpg\" class=\"attachment-thumbnail_350x320 size-thumbnail_350x320\" alt=\"\" \/>            <\/div>\r\n        \r\n        <div class=\"text-holder\">\r\n                        <h3 class=\"title-block\">Uz IP balst\u012bti domofoni: solis p\u0101ri tradicion\u0101laj\u0101m sist\u0113m\u0101m<\/h3>\r\n          \r\n                        <div class=\"text-block\">\r\n                <p>Tradicion\u0101l\u0101s analog\u0101s interkomu sist\u0113mas daudzus gadus ir biju\u0161as standarts. Tom\u0113r uz IP balst\u012btu risin\u0101jumu, kas izmanto interneta protokolu (IP) un sesijas inici\u0113\u0161anas protokolu (SIP), par\u0101d\u012b\u0161an\u0101s ir rad\u012bjusi paradigmas mai\u0146u liftu komunik\u0101cij\u0101.<\/p>\n              <\/div>\r\n                  <\/div>\r\n    <\/div>\r\n<\/div>\r\n                    <div class=\"features-item\" data-aos=\"fade-up\">\r\n    <div class=\"features-box\">\r\n                    <div class=\"image-holder\">\r\n                <img loading=\"lazy\" decoding=\"async\" width=\"350\" height=\"320\" src=\"https:\/\/bas-ip.com\/wp-content\/uploads\/2023\/04\/3-6-350x320.jpg\" class=\"attachment-thumbnail_350x320 size-thumbnail_350x320\" alt=\"\" \/>            <\/div>\r\n        \r\n        <div class=\"text-holder\">\r\n                        <h3 class=\"title-block\">Sadarb\u012bba ar glob\u0101lajiem liftu ra\u017eot\u0101jiem<\/h3>\r\n          \r\n                        <div class=\"text-block\">\r\n                <p>BAS-IP ir izveidojis partnerattiec\u012bbas ar vado\u0161ajiem liftu ra\u017eot\u0101jiem, piem\u0113ram, Kone, lai nodro\u0161in\u0101tu nep\u0101rtrauktu integr\u0101ciju ar to produktiem. \u0160\u012b sadarb\u012bba \u013cauj piln\u012bb\u0101 kontrol\u0113t Kone liftu darb\u012bbu no dz\u012bvok\u013cos uzst\u0101d\u012btajiem BAS-IP interkomiem, radot vienotu un racion\u0101lu lieto\u0161anas pieredzi.<\/p>\n              <\/div>\r\n                  <\/div>\r\n    <\/div>\r\n<\/div>\r\n            <\/div>\r\n<\/section>\r\n<!-- END Block Features -->\n\n\n<h2 class=\"wp-block-heading\"><strong>BAS-IP lifta interkomu priek\u0161roc\u012bbas<\/strong><\/h2>\n\n\n\n<p>Sal\u012bdzinot ar tradicion\u0101laj\u0101m analogaj\u0101m sist\u0113m\u0101m, uz IP balst\u012bti lifta interkomi, piem\u0113ram, BAS-IP risin\u0101jums, pied\u0101v\u0101 vair\u0101kas priek\u0161roc\u012bbas:<\/p>\n\n\n<!-- START Block Features --><section id=\"block_6437d09daff47\" class=\"features-section\">\r\n\t\r\n    <div class=\"features-list\">\r\n                    <div class=\"features-item\" data-aos=\"fade-up\">\r\n    <div class=\"features-box\">\r\n                    <div class=\"image-holder\">\r\n                <img loading=\"lazy\" decoding=\"async\" width=\"350\" height=\"320\" src=\"https:\/\/bas-ip.com\/wp-content\/uploads\/2023\/04\/4-6-350x320.jpg\" class=\"attachment-thumbnail_350x320 size-thumbnail_350x320\" alt=\"\" \/>            <\/div>\r\n        \r\n        <div class=\"text-holder\">\r\n                        <h3 class=\"title-block\">Uzlabota audio un video kvalit\u0101te<\/h3>\r\n          \r\n                        <div class=\"text-block\">\r\n                <p>BAS-IP interkomiem ir ieb\u016bv\u0113tas kameras, kas nodro\u0161ina, ka \u0113kas vad\u012bba un apsardzes darbinieki var uzraudz\u012bt lifta darb\u012bbu re\u0101llaik\u0101. \u0160\u012b funkcija ne tikai uzlabo visp\u0101r\u0113jo \u0113kas dro\u0161\u012bbu, bet kalpo ar\u012b k\u0101 prevent\u012bvs l\u012bdzeklis potenci\u0101lajiem likump\u0101rk\u0101p\u0113jiem.<\/p>\n              <\/div>\r\n                  <\/div>\r\n    <\/div>\r\n<\/div>\r\n                    <div class=\"features-item\" data-aos=\"fade-up\">\r\n    <div class=\"features-box\">\r\n                    <div class=\"image-holder\">\r\n                <img loading=\"lazy\" decoding=\"async\" width=\"350\" height=\"320\" src=\"https:\/\/bas-ip.com\/wp-content\/uploads\/2023\/04\/5-6-350x320.jpg\" class=\"attachment-thumbnail_350x320 size-thumbnail_350x320\" alt=\"\" \/>            <\/div>\r\n        \r\n        <div class=\"text-holder\">\r\n                        <h3 class=\"title-block\">Neierobe\u017eots ier\u012b\u010du un konsjer\u017ea termin\u0101\u013ca atbalsts<\/h3>\r\n          \r\n                        <div class=\"text-block\">\r\n                <p>BAS-IP risin\u0101jums atbalsta neierobe\u017eotu ier\u012b\u010du skaitu t\u012bkl\u0101, tostarp \u013cauj integr\u0113t konsjer\u017eas termin\u0101li. \u0160\u012b m\u0113rogojam\u012bba nodro\u0161ina, ka sist\u0113ma var augt l\u012bdz ar \u0113ku, piel\u0101gojoties jebkur\u0101m pras\u012bbu izmai\u0146\u0101m, nemazinot veiktsp\u0113ju vai uzticam\u012bbu.<\/p>\n              <\/div>\r\n                  <\/div>\r\n    <\/div>\r\n<\/div>\r\n                    <div class=\"features-item\" data-aos=\"fade-up\">\r\n    <div class=\"features-box\">\r\n                    <div class=\"image-holder\">\r\n                <img loading=\"lazy\" decoding=\"async\" width=\"350\" height=\"320\" src=\"https:\/\/bas-ip.com\/wp-content\/uploads\/2023\/04\/6-5-350x320.jpg\" class=\"attachment-thumbnail_350x320 size-thumbnail_350x320\" alt=\"\" \/>            <\/div>\r\n        \r\n        <div class=\"text-holder\">\r\n                        <h3 class=\"title-block\">Viegl\u0101ka uzst\u0101d\u012b\u0161ana un apkope<\/h3>\r\n          \r\n                        <div class=\"text-block\">\r\n                <p>IP lifta domofoni izmanto eso\u0161o t\u012bkla infrastrukt\u016bru, t\u0101p\u0113c to uzst\u0101d\u012b\u0161ana un uztur\u0113\u0161ana ir vienk\u0101r\u0161\u0101ka un rentabl\u0101ka.<\/p>\n<p>M\u016bsdienu pasaul\u0113, kas k\u013c\u016bst arvien vair\u0101k savienota, vajadz\u012bba p\u0113c efekt\u012bvas un uzticamas komunik\u0101cijas liftos ir nep\u0101rsp\u012bl\u0113ta. Uz IP balst\u012btas liftu interkomu sist\u0113mas, piem\u0113ram, BAS-IP risin\u0101jums, ir k\u013cuvu\u0161as par zelta standartu \u0161aj\u0101 jom\u0101, pied\u0101v\u0101jot daudzas priek\u0161roc\u012bbas sal\u012bdzin\u0101jum\u0101 ar tradicion\u0101laj\u0101m analogaj\u0101m sist\u0113m\u0101m. S\u0101kot ar uzlabotu audio un video kvalit\u0101ti un beidzot ar nevainojamu integr\u0101ciju ar cit\u0101m \u0113ku vad\u012bbas sist\u0113m\u0101m, IP interkomi maina liftu lieto\u0161anas pieredzi uz labo pusi. T\u0101 rezult\u0101t\u0101 \u0113ku \u012bpa\u0161nieki, p\u0101rvaldnieki un iem\u012btnieki var baud\u012bt liel\u0101ku dro\u0161\u012bbu, \u0113rt\u012bbas un mieru.<\/p>\n              <\/div>\r\n                  <\/div>\r\n    <\/div>\r\n<\/div>\r\n            <\/div>\r\n<\/section>\r\n<!-- END Block Features -->\n\n<!-- START Block FAQ --><section id=\"block_6426d69cbc4a0\" class=\"faq-section\">\r\n\t\t    <h2 class=\"title-section\" data-aos=\"fade-right\">Bie\u017ei uzdotie jaut\u0101jumi<\/h2>\r\n\t\t\t    <div class=\"faq-list js-accordion\" data-aos=\"fade-up\">\r\n\t\t\t\t\t\t\t\t\t\t\t    <div class=\"accordion-item faq-item\">\r\n                        <div class=\"accordion-opener\">\r\n                            Q: K\u0101p\u0113c liftu domofoni tiek uzskat\u012bti par oblig\u0101tiem?                            <i class=\"fa-solid fa-chevron-down\"><\/i>\r\n                        <\/div>\r\n                        <div class=\"accordion-slide\">\r\n\t\t\t\t\t\t    <p>Liftu domofoni tiek uzskat\u012bti par oblig\u0101tiem, jo tie nodro\u0161ina tie\u0161u sazi\u0146as kan\u0101lu starp pasa\u017eieriem un \u0113kas vad\u012bbu vai av\u0101rijas dienestiem, nodro\u0161inot savlaic\u012bgu pal\u012bdz\u012bbu \u0101rk\u0101rtas situ\u0101cij\u0101s vai tehnisku probl\u0113mu gad\u012bjum\u0101.<\/p>\n                        <\/div>\r\n\t\t\t\t\t<\/div>\r\n\t\t\t\t\t\t\t\t\t\t\t\t\t\t\t    <div class=\"accordion-item faq-item\">\r\n                        <div class=\"accordion-opener\">\r\n                            Q: Ar ko IP balst\u012btas lifta domofoni ir lab\u0101ki par tradicion\u0101laj\u0101m analogaj\u0101m sist\u0113m\u0101m?                            <i class=\"fa-solid fa-chevron-down\"><\/i>\r\n                        <\/div>\r\n                        <div class=\"accordion-slide\">\r\n\t\t\t\t\t\t    <p>Uz IP balst\u012bti liftu interkomi, piem\u0113ram, BAS-IP risin\u0101jums, pied\u0101v\u0101 vair\u0101kas priek\u0161roc\u012bbas sal\u012bdzin\u0101jum\u0101 ar tradicion\u0101laj\u0101m analogaj\u0101m sist\u0113m\u0101m, tostarp uzlabotu audio un video kvalit\u0101ti, m\u0113rogojam\u012bbu, viegl\u0101ku uzst\u0101d\u012b\u0161anu un apkopi, ieb\u016bv\u0113tas kameras funkcijas un nevainojamu integr\u0101ciju ar cit\u0101m IP sist\u0113m\u0101m.<\/p>\n                        <\/div>\r\n\t\t\t\t\t<\/div>\r\n\t\t\t\t\t\t\t\t\t\t\t\t\t\t\t    <div class=\"accordion-item faq-item\">\r\n                        <div class=\"accordion-opener\">\r\n                            Q: K\u0101 ieb\u016bv\u0113t\u0101s kameras funkcija IP domofonos uzlabo lifta dro\u0161\u012bbu?                            <i class=\"fa-solid fa-chevron-down\"><\/i>\r\n                        <\/div>\r\n                        <div class=\"accordion-slide\">\r\n\t\t\t\t\t\t    <p>IP domofonos ieb\u016bv\u0113t\u0101s kameras funkcija \u013cauj \u0113ku vad\u012bbai un apsardzes person\u0101lam uzraudz\u012bt lifta darb\u012bbu re\u0101llaik\u0101. \u0160is papildu dro\u0161\u012bbas l\u012bmenis var attur\u0113t potenci\u0101los likump\u0101rk\u0101p\u0113jus un nodro\u0161in\u0101t vizu\u0101lus pier\u0101d\u012bjumus incidentu gad\u012bjum\u0101.<\/p>\n                        <\/div>\r\n\t\t\t\t\t<\/div>\r\n\t\t\t\t\t\t\t\t\t\t\t\t\t\t\t    <div class=\"accordion-item faq-item\">\r\n                        <div class=\"accordion-opener\">\r\n                            Q: Vai uz IP balst\u012btas liftu domofoni var darboties ar cit\u0101m \u0113ku p\u0101rvald\u012bbas sist\u0113m\u0101m?                            <i class=\"fa-solid fa-chevron-down\"><\/i>\r\n                        <\/div>\r\n                        <div class=\"accordion-slide\">\r\n\t\t\t\t\t\t    <p>J\u0101, uz IP b\u0101z\u0113ti liftu domofoni ir izstr\u0101d\u0101ti t\u0101, lai tos var\u0113tu bez probl\u0113m\u0101m integr\u0113t ar cit\u0101m IP b\u0101z\u0113t\u0101m \u0113ku vad\u012bbas sist\u0113m\u0101m. Tas atvieglo savienot\u0101ku un efekt\u012bv\u0101ku \u0113ku p\u0101rvald\u012bbas ekosist\u0113mu, uzlabojot visp\u0101r\u0113jo dro\u0161\u012bbu un \u0113rt\u012bbas.<\/p>\n                        <\/div>\r\n\t\t\t\t\t<\/div>\r\n\t\t\t\t\t\t\t\t\t\t\t\t\t\t\t    <div class=\"accordion-item faq-item\">\r\n                        <div class=\"accordion-opener\">\r\n                            Q: K\u0101 partnerattiec\u012bbas starp BAS-IP un t\u0101diem liftu ra\u017eot\u0101jiem k\u0101 Kone sniedz labumu lietot\u0101jiem?                            <i class=\"fa-solid fa-chevron-down\"><\/i>\r\n                        <\/div>\r\n                        <div class=\"accordion-slide\">\r\n\t\t\t\t\t\t    <p>Sadarb\u012bba starp BAS-IP un t\u0101diem liftu ra\u017eot\u0101jiem k\u0101 Kone \u013cauj bez probl\u0113m\u0101m integr\u0113t to attiec\u012bgos produktus. \u0160\u012b sadarb\u012bba \u013cauj piln\u012bb\u0101 kontrol\u0113t Kone liftu darb\u012bbu no dz\u012bvok\u013cos uzst\u0101d\u012btajiem BAS-IP interkomiem, nodro\u0161inot vienotu un racion\u0101lu lieto\u0161anas pieredzi.<\/p>\n                        <\/div>\r\n\t\t\t\t\t<\/div>\r\n\t\t\t\t\t\t\t\t\t<\/div>\r\n\t<\/section>\r\n<!-- END Block FAQ -->","protected":false},"excerpt":{"rendered":"<p>Lifta interkoms, kas balst\u012bts uz IP tehnolo\u0123iju Past\u0101v\u012bgi savienotaj\u0101 pasaul\u0113 sazi\u0146a ir k\u013cuvusi \u0101rk\u0101rt\u012bgi svar\u012bga. Tas jo \u012bpa\u0161i attiecas uz vidi, kur dro\u0161\u012bba un pieejam\u012bba ir \u013coti svar\u012bga, piem\u0113ram, liftos. Lifta interkomu sist\u0113mai ir b\u016btiska noz\u012bme pasa\u017eieru labsaj\u016btas nodro\u0161in\u0101\u0161an\u0101, un t\u0101 arvien bie\u017e\u0101k tiek uzskat\u012bta par oblig\u0101tu funkciju. Apskat\u012bsim priek\u0161roc\u012bbas, ko sniedz uz BAS-IP IP [&hellip;]<\/p>","protected":false},"author":3,"featured_media":0,"parent":0,"menu_order":0,"comment_status":"closed","ping_status":"closed","template":"","meta":{"inline_featured_image":false,"footnotes":""},"class_list":["post-123068","page","type-page","status-publish","hentry"],"acf":[],"_links":{"self":[{"href":"https:\/\/bas-ip.com\/lv\/wp-json\/wp\/v2\/pages\/123068","targetHints":{"allow":["GET"]}}],"collection":[{"href":"https:\/\/bas-ip.com\/lv\/wp-json\/wp\/v2\/pages"}],"about":[{"href":"https:\/\/bas-ip.com\/lv\/wp-json\/wp\/v2\/types\/page"}],"author":[{"embeddable":true,"href":"https:\/\/bas-ip.com\/lv\/wp-json\/wp\/v2\/users\/3"}],"replies":[{"embeddable":true,"href":"https:\/\/bas-ip.com\/lv\/wp-json\/wp\/v2\/comments?post=123068"}],"version-history":[{"count":3,"href":"https:\/\/bas-ip.com\/lv\/wp-json\/wp\/v2\/pages\/123068\/revisions"}],"predecessor-version":[{"id":133681,"href":"https:\/\/bas-ip.com\/lv\/wp-json\/wp\/v2\/pages\/123068\/revisions\/133681"}],"wp:attachment":[{"href":"https:\/\/bas-ip.com\/lv\/wp-json\/wp\/v2\/media?parent=123068"}],"curies":[{"name":"wp","href":"https:\/\/api.w.org\/{rel}","templated":true}]}}