{"id":122881,"date":"2023-03-24T09:51:10","date_gmt":"2023-03-24T09:51:10","guid":{"rendered":"https:\/\/bas-ip.com\/?page_id=122881"},"modified":"2024-11-22T13:28:42","modified_gmt":"2024-11-22T13:28:42","slug":"axxonsoft","status":"publish","type":"page","link":"https:\/\/bas-ip.com\/lv\/axxonsoft\/","title":{"rendered":"AxxonSoft"},"content":{"rendered":"<p><\/p>\n\n\n<div class=\"wp-block-image\">\n<figure class=\"aligncenter size-full\"><img loading=\"lazy\" decoding=\"async\" width=\"682\" height=\"219\" src=\"https:\/\/bas-ip.com\/wp-content\/uploads\/2023\/03\/AxxonSoft.png\" alt=\"\" class=\"wp-image-63599\" srcset=\"https:\/\/bas-ip.com\/wp-content\/uploads\/2023\/03\/AxxonSoft.png 682w,  https:\/\/bas-ip.com\/wp-content\/uploads\/2023\/03\/AxxonSoft-300x96.png 300w\" sizes=\"auto, (max-width: 682px) 100vw, 682px\" \/><\/figure>\n<\/div>\n\n<!-- START Block Integrations Text & Image --><section id=\"block_641d7ab5f70cf\" class=\"integrations-text-image-section\">\r\n\t\t<div class=\"image-holder\" data-aos=\"fade-left\">\r\n\t\t<img loading=\"lazy\" decoding=\"async\" width=\"900\" height=\"506\" src=\"https:\/\/bas-ip.com\/wp-content\/uploads\/2023\/03\/p_img_s_p2-1024x576.jpg\" class=\"attachment-large size-large\" alt=\"\" srcset=\"https:\/\/bas-ip.com\/wp-content\/uploads\/2023\/03\/p_img_s_p2-1024x576.jpg 1024w,  https:\/\/bas-ip.com\/wp-content\/uploads\/2023\/03\/p_img_s_p2-300x169.jpg 300w,  https:\/\/bas-ip.com\/wp-content\/uploads\/2023\/03\/p_img_s_p2-768x432.jpg 768w,  https:\/\/bas-ip.com\/wp-content\/uploads\/2023\/03\/p_img_s_p2-1536x864.jpg 1536w,  https:\/\/bas-ip.com\/wp-content\/uploads\/2023\/03\/p_img_s_p2-767x431.jpg 767w,  https:\/\/bas-ip.com\/wp-content\/uploads\/2023\/03\/p_img_s_p2-1534x863.jpg 1534w,  https:\/\/bas-ip.com\/wp-content\/uploads\/2023\/03\/p_img_s_p2.jpg 1833w\" sizes=\"auto, (max-width: 900px) 100vw, 900px\" \/>\t<\/div>\r\n\t\r\n\t<div class=\"text-holder\" data-aos=\"fade-right\">\r\n\t\t\t\t\t\t<div class=\"text-block\">\r\n\t\t\t<h1>Dro\u0161\u012bbas un inov\u0101ciju apvieno\u0161ana: BAS-IP interkomi un AxxonSoft<\/h1>\n<p>Izt\u0113lojieties: progres\u012bvas sakaru tehnolo\u0123ijas un m\u016bsdien\u012bgas dro\u0161\u012bbas programmat\u016bras viengabalaina integr\u0101cija. Tie\u0161i to m\u0113s esam pan\u0101ku\u0161i, pateicoties revolucion\u0101rai sadarb\u012bbai starp BAS-IP, kas ir progres\u012bvu interkomu risin\u0101jumu pionieri, un AxxonSoft, kas ir video p\u0101rvald\u012bbas un fizisk\u0101s dro\u0161\u012bbas inform\u0101cijas p\u0101rvald\u012bbas programmat\u016bras avangards.<\/p>\n<p>Lai ieg\u016btu s\u012bk\u0101ku inform\u0101ciju, l\u016bdzu, apmekl\u0113jiet m\u016bsu <a href=\"https:\/\/basip.atlassian.net\/wiki\/spaces\/Integrations\/pages\/5046901\/Integration+with+Axxonsoft+Intelect+software\" target=\"_blank\" rel=\"noopener\"><strong>WIKI<\/strong><\/a>.<\/p>\n<h2>Iepaz\u012bstiet piek\u013cuves kontroles un dro\u0161\u012bbas n\u0101kotni<\/h2>\n<p>Ir pag\u0101ju\u0161i tie laiki, kad sazi\u0146ai un uzraudz\u012bbai bija j\u0101izmanto at\u0161\u0137ir\u012bgas sist\u0113mas. Apvienojot BAS-IP interkomus ar AxxonSoft augst\u0101k\u0101 l\u012bme\u0146a programmat\u016bru, m\u0113s esam rad\u012bju\u0161i vislab\u0101ko dro\u0161\u012bbas risin\u0101jumu, kas nodro\u0161ina jums nep\u0101rsp\u0113jamu piek\u013cuves kontroli un vizu\u0101lo uzraudz\u012bbu. Rezult\u0101ts? Dro\u0161\u0101ka, gudr\u0101ka un efekt\u012bv\u0101ka vide j\u016bsu dz\u012bvojam\u0101, komerci\u0101l\u0101 vai r\u016bpniecisk\u0101 \u012bpa\u0161um\u0101.<\/p>\n<h2>Atblo\u0137\u0113jiet n\u0101kam\u0101s paaudzes integr\u0101cijas iesp\u0113jas<\/h2>\n<p>\u0160o divu nozares l\u012bderu siner\u0123ija nodro\u0161ina virkni funkciju, kas p\u0101rveidos j\u016bsu dro\u0161\u012bbas sp\u0113li:<\/p>\n<h3>Re\u0101llaika video pl\u016bsma<\/h3>\n<p>Uzraugiet savu \u012bpa\u0161umu ar krist\u0101lskaidru video pl\u016bsmu no BAS-IP interkomiem, kas ir integr\u0113ti ar AxxonSoft video p\u0101rvald\u012bbas platformu.<\/p>\n<h3>Uzlabota piek\u013cuves kontrole<\/h3>\n<p>Uzlabojiet piek\u013cuves kontroles strat\u0113\u0123iju, izmantojot vismodern\u0101k\u0101s sejas atpaz\u012b\u0161anas un ID sken\u0113\u0161anas iesp\u0113jas, padarot nesankcion\u0113tu iek\u013c\u016b\u0161anu pag\u0101tn\u0113.<\/p>\n<h3>Att\u0101l\u0101 p\u0101rvald\u012bba<\/h3>\n<p>P\u0101rvaldiet visu savu dro\u0161\u012bbas sist\u0113mu att\u0101lin\u0101ti no centr\u0101l\u0101s atra\u0161an\u0101s vietas, izmantojot AxxonSoft intuit\u012bvo lietot\u0101ja saskarni un jaud\u012bgos p\u0101rvald\u012bbas r\u012bkus.<\/p>\n<h3>Vienot\u0101 sist\u0113ma<\/h3>\n<p>Viena platforma, kas valda p\u0101r vis\u0101m! Izbaudiet racionaliz\u0113tu pieredzi ar piln\u012bb\u0101 integr\u0113tu dro\u0161\u012bbas ekosist\u0113mu, kas samazina sare\u017e\u0123\u012bt\u012bbu un nodro\u0161ina optim\u0101lu veiktsp\u0113ju.<\/p>\t\t<\/div>\r\n\t\t\r\n\t\t\r\n\t\t\t<\/div>\r\n<\/section>\r\n<!-- END Block Integrations Text & Image -->\n\n<!-- START Block Sign Up --><section id=\"block_629678229e935\" class=\"sign-up-section\">\r\n\r\n    <div class=\"form-holder js-form\" data-aos=\"fade-right\">\r\n                    <div class=\"title-block h3\">Sign up for connection<\/div>\r\n        \r\n                    <div class=\"text-block\">\r\n                Filling out all the information needed to answer you as quickly as possible            <\/div>\r\n        \r\n                    \n<div class=\"wpcf7 no-js\" id=\"wpcf7-f102-o1\" lang=\"en-US\" dir=\"ltr\">\n<div class=\"screen-reader-response\"><p role=\"status\" aria-live=\"polite\" aria-atomic=\"true\"><\/p> <ul><\/ul><\/div>\n<form action=\"\/lv\/wp-json\/wp\/v2\/pages\/122881#wpcf7-f102-o1\" method=\"post\" class=\"wpcf7-form init\" aria-label=\"Contact form\" enctype=\"multipart\/form-data\" novalidate=\"novalidate\" data-status=\"init\">\n<div style=\"display: none;\">\n<input type=\"hidden\" name=\"_wpcf7\" value=\"102\" \/>\n<input type=\"hidden\" name=\"_wpcf7_version\" value=\"5.8.3\" \/>\n<input type=\"hidden\" name=\"_wpcf7_locale\" value=\"en_US\" \/>\n<input type=\"hidden\" name=\"_wpcf7_unit_tag\" value=\"wpcf7-f102-o1\" \/>\n<input type=\"hidden\" name=\"_wpcf7_container_post\" value=\"0\" \/>\n<input type=\"hidden\" name=\"_wpcf7_posted_data_hash\" value=\"\" \/>\n<input type=\"hidden\" name=\"_wpcf7_recaptcha_response\" value=\"\" \/>\n<\/div>\n<div class=\"row\"> \n <label><span class=\"label-text\">Name<\/span> \n  <span class=\"wpcf7-form-control-wrap\" data-name=\"text-full-name\"><input size=\"40\" class=\"wpcf7-form-control wpcf7-text wpcf7-validates-as-required\" aria-required=\"true\" aria-invalid=\"false\" placeholder=\"Name\" value=\"\" type=\"text\" name=\"text-full-name\" \/><\/span><\/label> \n<\/div> \n<div class=\"row\"> \n <label><span class=\"label-text\">Phone*<\/span> \n<span class=\"wpcf7-form-control-wrap\" data-name=\"phonetext-270\"><input size=\"40\" class=\"wpcf7-form-control wpcf7-phonetext wpcf7-validates-as-required wpcf7-text wpcf7-validates-as-phonetext\" aria-required=\"true\" aria-invalid=\"false\" placeholder=\"Phone*\" value=\"\" type=\"text\" name=\"phonetext-270\" \/><input type=\"hidden\" name=\"phonetext-270-country-code\" class=\"wpcf7-phonetext-country-code\" \/><\/span><\/label> \n<\/div> \n<div class=\"row\"> \n <label><span class=\"label-text\">E-mail<\/span> \n  <span class=\"wpcf7-form-control-wrap\" data-name=\"email-e-mail\"><input size=\"40\" class=\"wpcf7-form-control wpcf7-email wpcf7-validates-as-required wpcf7-text wpcf7-validates-as-email\" aria-required=\"true\" aria-invalid=\"false\" placeholder=\"E-mail\" value=\"\" type=\"email\" name=\"email-e-mail\" \/><\/span><\/label> \n<\/div> \n<div class=\"row\"><span>Your country<\/span> \n <label><span class=\"wpcf7-form-control-wrap\" data-name=\"countrytext-126\"><input size=\"40\" class=\"wpcf7-form-control wpcf7-countrytext wpcf7-text wpcf7-validates-as-countrytext\" aria-invalid=\"false\" value=\"\" type=\"text\" name=\"countrytext-126\" \/><\/span> <\/label>\n<\/div> \n<div class=\"row\"> \n <button type=\"submit\" class=\"btn\">Send<\/button> \n<\/div> \n<div class=\"row\"> \n <span class=\"wpcf7-form-control-wrap\" data-name=\"checkbox-931\"><span class=\"wpcf7-form-control wpcf7-checkbox\"><span class=\"wpcf7-list-item first\"><label><input type=\"checkbox\" name=\"checkbox-931[]\" value=\"Integrator\" \/><span class=\"wpcf7-list-item-label\">Integrator<\/span><\/label><\/span><span class=\"wpcf7-list-item\"><label><input type=\"checkbox\" name=\"checkbox-931[]\" value=\"Builder\" \/><span class=\"wpcf7-list-item-label\">Builder<\/span><\/label><\/span><span class=\"wpcf7-list-item last\"><label><input type=\"checkbox\" name=\"checkbox-931[]\" value=\"End-User\" \/><span class=\"wpcf7-list-item-label\">End-User<\/span><\/label><\/span><\/span><\/span> \n<\/div> \n<div class=\"row row-upload-file\"> \n <label class=\"upload-file-block js-upload-file\">Attach file \n  <span class=\"wpcf7-form-control-wrap\" data-name=\"file-466\"><input size=\"40\" class=\"wpcf7-form-control wpcf7-file\" accept=\"audio\/*,video\/*,image\/*\" aria-invalid=\"false\" type=\"file\" name=\"file-466\" \/><\/span><\/label> \n<\/div><input type='hidden' class='wpcf7-pum' value='{\"closepopup\":false,\"closedelay\":0,\"openpopup\":false,\"openpopup_id\":0}' \/><div class=\"wpcf7-response-output\" aria-hidden=\"true\"><\/div>\n<\/form>\n<\/div>\n            <\/div>\r\n\r\n\t\t    <div class=\"text-holder\" data-aos=\"fade-left\">\r\n\t\t\t\t\t\t    <h3 class=\"title-block\">How Can We Help?<\/h3>\r\n\t\t\t\r\n\t\t\t                <div class=\"text-block\">\r\n                    Please select a topic below related to your inquiry. If you don&#8217;t find what you need, fill out our contact form.                <\/div>\r\n\t\t\t\r\n\t\t\t\t\t\t    <ul class=\"link-list\">\r\n\t\t\t\t\t\t\t\t\t\t\t\t\t\t\t\t\t\t<li>\r\n\t\t\t\t\t\t\t\t\t\t\t\t\t\t\t\t    <strong>Get Inspired<\/strong>\r\n\t\t\t\t\t\t\t\t\t\t\t\t\t\t\t\t\t\t\t\t\t\t\t\t    <a href=\"\/features\/\">\r\n\t\t\t\t\t\t\t\t        Discover what&#8217;s beneath our intercom\t\t\t\t\t\t\t\t    <\/a>\r\n\t\t\t\t\t\t\t\t\t\t\t\t\t\t\t<\/li>\r\n\t\t\t\t\t\t\t\t\t\t\t\t\t\t\t\t\t\t\t\t\t\t\t\t<li>\r\n\t\t\t\t\t\t\t\t\t\t\t\t\t\t\t\t    <strong>Become a Partner<\/strong>\r\n\t\t\t\t\t\t\t\t\t\t\t\t\t\t\t\t\t\t\t\t\t\t\t\t    <a href=\"\/distributors\/\">\r\n\t\t\t\t\t\t\t\t        Expand your business with BAS-IP intercom\t\t\t\t\t\t\t\t    <\/a>\r\n\t\t\t\t\t\t\t\t\t\t\t\t\t\t\t<\/li>\r\n\t\t\t\t\t\t\t\t\t\t\t\t\t\t\t\t\t\t\t\t\t\t\t\t<li>\r\n\t\t\t\t\t\t\t\t\t\t\t\t\t\t\t\t    <strong>Check the Guides<\/strong>\r\n\t\t\t\t\t\t\t\t\t\t\t\t\t\t\t\t\t\t\t\t\t\t\t\t    <a href=\"\/support\/\">\r\n\t\t\t\t\t\t\t\t        Download detailed manuals and schemes\t\t\t\t\t\t\t\t    <\/a>\r\n\t\t\t\t\t\t\t\t\t\t\t\t\t\t\t<\/li>\r\n\t\t\t\t\t\t\t\t\t\t\t\t\t\t\t<\/ul>\r\n\t\t\t\r\n\t\t\t\t\t\t    <h3 class=\"title-block\">Our contacts<\/h3>\r\n\t\t\t\r\n\t\t\t\t\t\t\t<ul class=\"contact-list\">\r\n\t\t\t\t\t\t\t\t\t\t\t\t\t\t\t\t\t\t<li>\r\n\t\t\t\t\t\t\t\t\t\t\t\t\t\t\t\t\t<strong>Sales:<\/strong>\r\n\t\t\t\t\t\t\t\t\t\t\t\t\t\t\t\t\t\t\t\t\t\t\t\t    <a href=\"mailto:s&#97;&#108;&#101;s&#64;&#98;a&#115;&#45;&#105;&#112;.&#99;&#111;m\">sa&#108;es&#64;ba&#115;-ip.&#99;om<\/a>\r\n\t\t\t\t\t\t\t\t\t\t\t\t\t\t\t<\/li>\r\n\t\t\t\t\t\t\t\t\t\t\t\t\t\t\t\t\t\t\t\t\t\t\t\t<li>\r\n\t\t\t\t\t\t\t\t\t\t\t\t\t\t\t\t\t<strong>Technical support:<\/strong>\r\n\t\t\t\t\t\t\t\t\t\t\t\t\t\t\t\t\t\t\t\t\t\t\t\t    <a href=\"mailto:sup&#112;&#111;&#114;t&#64;b&#97;s&#45;ip.c&#111;&#109;\">sup&#112;o&#114;t&#64;bas&#45;&#105;p&#46;&#99;&#111;m<\/a>\r\n\t\t\t\t\t\t\t\t\t\t\t\t\t\t\t<\/li>\r\n\t\t\t\t\t\t\t\t\t\t\t\t\t\t\t<\/ul>\r\n\t\t\t\t\t<\/div>\r\n\t<\/section>\r\n\r\n\r\n\r\n<!-- END Block Sign Up -->","protected":false},"excerpt":{"rendered":"","protected":false},"author":3,"featured_media":0,"parent":0,"menu_order":0,"comment_status":"closed","ping_status":"closed","template":"page-custom-breadcrumbs.php","meta":{"inline_featured_image":false,"footnotes":""},"class_list":["post-122881","page","type-page","status-publish","hentry"],"acf":[],"_links":{"self":[{"href":"https:\/\/bas-ip.com\/lv\/wp-json\/wp\/v2\/pages\/122881","targetHints":{"allow":["GET"]}}],"collection":[{"href":"https:\/\/bas-ip.com\/lv\/wp-json\/wp\/v2\/pages"}],"about":[{"href":"https:\/\/bas-ip.com\/lv\/wp-json\/wp\/v2\/types\/page"}],"author":[{"embeddable":true,"href":"https:\/\/bas-ip.com\/lv\/wp-json\/wp\/v2\/users\/3"}],"replies":[{"embeddable":true,"href":"https:\/\/bas-ip.com\/lv\/wp-json\/wp\/v2\/comments?post=122881"}],"version-history":[{"count":2,"href":"https:\/\/bas-ip.com\/lv\/wp-json\/wp\/v2\/pages\/122881\/revisions"}],"predecessor-version":[{"id":122883,"href":"https:\/\/bas-ip.com\/lv\/wp-json\/wp\/v2\/pages\/122881\/revisions\/122883"}],"wp:attachment":[{"href":"https:\/\/bas-ip.com\/lv\/wp-json\/wp\/v2\/media?parent=122881"}],"curies":[{"name":"wp","href":"https:\/\/api.w.org\/{rel}","templated":true}]}}