{"id":122558,"date":"2024-03-06T15:43:22","date_gmt":"2024-03-06T15:43:22","guid":{"rendered":"https:\/\/bas-ip.com\/?page_id=122558"},"modified":"2024-11-07T13:03:28","modified_gmt":"2024-11-07T13:03:28","slug":"galaxy","status":"publish","type":"page","link":"https:\/\/bas-ip.com\/lv\/galaxy\/","title":{"rendered":"Galaxy"},"content":{"rendered":"<div class=\"wp-block-image\">\n<figure class=\"aligncenter size-full is-resized\"><img loading=\"lazy\" decoding=\"async\" width=\"924\" height=\"229\" src=\"https:\/\/bas-ip.com\/wp-content\/uploads\/2022\/11\/galaxy-control-systems.png\" alt=\"\" class=\"wp-image-23711\" style=\"width:450px\" srcset=\"https:\/\/bas-ip.com\/wp-content\/uploads\/2022\/11\/galaxy-control-systems.png 924w,  https:\/\/bas-ip.com\/wp-content\/uploads\/2022\/11\/galaxy-control-systems-300x74.png 300w,  https:\/\/bas-ip.com\/wp-content\/uploads\/2022\/11\/galaxy-control-systems-768x190.png 768w,  https:\/\/bas-ip.com\/wp-content\/uploads\/2022\/11\/galaxy-control-systems-767x190.png 767w\" sizes=\"auto, (max-width: 924px) 100vw, 924px\" \/><\/figure>\n<\/div>\n\n<!-- START Block Integrations Text & Image --><section id=\"block_65e88d1111f30\" class=\"integrations-text-image-section\">\r\n\t\t<div class=\"image-holder\" data-aos=\"fade-left\">\r\n\t\t<img loading=\"lazy\" decoding=\"async\" width=\"900\" height=\"598\" src=\"https:\/\/bas-ip.com\/wp-content\/uploads\/2024\/03\/Galaxy-1024x680.png\" class=\"attachment-large size-large\" alt=\"\" srcset=\"https:\/\/bas-ip.com\/wp-content\/uploads\/2024\/03\/Galaxy-1024x680.png 1024w,  https:\/\/bas-ip.com\/wp-content\/uploads\/2024\/03\/Galaxy-300x199.png 300w,  https:\/\/bas-ip.com\/wp-content\/uploads\/2024\/03\/Galaxy-768x510.png 768w,  https:\/\/bas-ip.com\/wp-content\/uploads\/2024\/03\/Galaxy-767x510.png 767w,  https:\/\/bas-ip.com\/wp-content\/uploads\/2024\/03\/Galaxy.png 1055w\" sizes=\"auto, (max-width: 900px) 100vw, 900px\" \/>\t<\/div>\r\n\t\r\n\t<div class=\"text-holder\" data-aos=\"fade-right\">\r\n\t\t\t\t\t\t<div class=\"text-block\">\r\n\t\t\t<p data-renderer-start-pos=\"1\">Galaxy piek\u013cuves kontroles sist\u0113mas ir integr\u0113tas ar BAS-IP, lai papla\u0161in\u0101tu savas iesp\u0113jas un nodro\u0161in\u0101tu piek\u013cuves kontroles risin\u0101jumu nevainojamu darb\u012bbu.<\/p>\n<p data-renderer-start-pos=\"131\">Kad klients ieg\u0101d\u0101jas BAS-IP apr\u012bkojumu no Galaxy, vi\u0146am ir \u0161\u0101das iesp\u0113jas:<\/p>\n<ul class=\"ak-ul\" data-indent-level=\"1\">\n<li>\n<p data-renderer-start-pos=\"230\"><strong data-renderer-mark=\"true\">Nav integr\u0101cijas: <\/strong>ier\u012bces darbojas un sazin\u0101s tikai viet\u0113j\u0101 t\u012bkl\u0101. Papildu platformas netiek izmantotas, un ier\u012bces konfigur\u0113\u0161ana notiek tikai ar t\u012bmek\u013ca saskarnes starpniec\u012bbu.<\/p>\n<\/li>\n<li>\n<p data-renderer-start-pos=\"401\"><strong data-renderer-mark=\"true\">SIP integr\u0101cija<\/strong>: ier\u012bces darbojas un sazin\u0101s tikai viet\u0113j\u0101 t\u012bkl\u0101, bet ier\u012bces var izmantot Galaxy SIP ma\u0123istr\u0101les pakalpojumu (par papildu samaksu). Lietot\u0101ji var izmantot SIP ma\u0123istr\u0101les, lai sazin\u0101tos, izmantojot mobilos numurus ar \u012brniekiem, lai run\u0101tu un l\u016bgtu atv\u0113rt sl\u0113dzeni. \u0145emiet v\u0113r\u0101, ka SIP pakalpojumam ir nepiecie\u0161ams interneta piesl\u0113gums. Citi pakalpojumi netiek izmantoti, un ier\u012bce tiek konfigur\u0113ta tikai ar t\u012bmek\u013ca saskarnes starpniec\u012bbu.<\/p>\n<\/li>\n<li>\n<p data-renderer-start-pos=\"805\"><strong data-renderer-mark=\"true\">Piln\u012bga<\/strong> <strong data-renderer-mark=\"true\">integr\u0101cija: <\/strong>ier\u012bc\u0113m un lietot\u0101jiem ir piek\u013cuve <strong data-renderer-mark=\"true\">Galaxy Cloud Concierge platformai<\/strong>. \u0160\u012b platforma tiek izmantota, lai nos\u016bt\u012btu piek\u013cuves kontroles ierakstus no Galaxy dro\u0161\u012bbas sist\u0113mas, izmantojot Cloud LaunchPoint t\u012bmek\u013ca saskarni, uz ier\u012bc\u0113m. Turkl\u0101t platforma \u013cauj autom\u0101tiski programm\u0113t BAS-IP paneli piek\u013cuves ierakstu un \u012brnieka izv\u0113les inform\u0101cijas, piem:<\/p>\n<\/li>\n<\/ul>\n<p style=\"padding-left: 40px;\" data-renderer-start-pos=\"1152\">&#8211; V\u0101rds un uzv\u0101rds<br \/>\n&#8211; T\u0101lru\u0146a numurs (\u012brnieka zvan\u012b\u0161anai)<br \/>\n&#8211; SIP ID (BAS-IP mobil\u0101s lietotnes zvan\u012b\u0161anai)<br \/>\n&#8211; 26 bitu Wiegand prox karte (kartes ievad\u012b\u0161anai)<br \/>\n&#8211; QR kods (QR kodu ievad\u012b\u0161anai)<br \/>\n&#8211; Piek\u013cuves grupa un grafiks (piek\u013cuves at\u013cauja no pane\u013ca)<br \/>\n&#8211; P\u0101rsitienu skaits (kartes ievad\u012b\u0161anas vai QR koda izmanto\u0161anas ierobe\u017eojums panelim)<br \/>\n&#8211; Prox kartes vai QR kodu akt\u012bvais\/termi\u0146a beigu datums.<\/p>\n<p data-renderer-start-pos=\"1152\">S\u012bk\u0101ka inform\u0101cija atrodama <a href=\"https:\/\/basip.atlassian.net\/wiki\/spaces\/Integrations\/pages\/73826355\/Integration+with+Galaxy+Access+Control+Systems\" target=\"_blank\" rel=\"noopener\"><strong>m\u016bsu wiki vietn\u0113<\/strong><\/a>.<\/p>\t\t<\/div>\r\n\t\t\r\n\t\t\r\n\t\t\t<\/div>\r\n<\/section>\r\n<!-- END Block Integrations Text & Image -->\n\n<!-- START Block Sign Up --><section id=\"block_629678229e935\" class=\"sign-up-section\">\r\n\r\n    <div class=\"form-holder js-form\" data-aos=\"fade-right\">\r\n                    <div class=\"title-block h3\">Sign up for connection<\/div>\r\n        \r\n                    <div class=\"text-block\">\r\n                Filling out all the information needed to answer you as quickly as possible            <\/div>\r\n        \r\n                    \n<div class=\"wpcf7 no-js\" id=\"wpcf7-f102-o1\" lang=\"en-US\" dir=\"ltr\">\n<div class=\"screen-reader-response\"><p role=\"status\" aria-live=\"polite\" aria-atomic=\"true\"><\/p> <ul><\/ul><\/div>\n<form action=\"\/lv\/wp-json\/wp\/v2\/pages\/122558#wpcf7-f102-o1\" method=\"post\" class=\"wpcf7-form init\" aria-label=\"Contact form\" enctype=\"multipart\/form-data\" novalidate=\"novalidate\" data-status=\"init\">\n<div style=\"display: none;\">\n<input type=\"hidden\" name=\"_wpcf7\" value=\"102\" \/>\n<input type=\"hidden\" name=\"_wpcf7_version\" value=\"5.8.3\" \/>\n<input type=\"hidden\" name=\"_wpcf7_locale\" value=\"en_US\" \/>\n<input type=\"hidden\" name=\"_wpcf7_unit_tag\" value=\"wpcf7-f102-o1\" \/>\n<input type=\"hidden\" name=\"_wpcf7_container_post\" value=\"0\" \/>\n<input type=\"hidden\" name=\"_wpcf7_posted_data_hash\" value=\"\" \/>\n<input type=\"hidden\" name=\"_wpcf7_recaptcha_response\" value=\"\" \/>\n<\/div>\n<div class=\"row\"> \n <label><span class=\"label-text\">Name<\/span> \n  <span class=\"wpcf7-form-control-wrap\" data-name=\"text-full-name\"><input size=\"40\" class=\"wpcf7-form-control wpcf7-text wpcf7-validates-as-required\" aria-required=\"true\" aria-invalid=\"false\" placeholder=\"Name\" value=\"\" type=\"text\" name=\"text-full-name\" \/><\/span><\/label> \n<\/div> \n<div class=\"row\"> \n <label><span class=\"label-text\">Phone*<\/span> \n<span class=\"wpcf7-form-control-wrap\" data-name=\"phonetext-270\"><input size=\"40\" class=\"wpcf7-form-control wpcf7-phonetext wpcf7-validates-as-required wpcf7-text wpcf7-validates-as-phonetext\" aria-required=\"true\" aria-invalid=\"false\" placeholder=\"Phone*\" value=\"\" type=\"text\" name=\"phonetext-270\" \/><input type=\"hidden\" name=\"phonetext-270-country-code\" class=\"wpcf7-phonetext-country-code\" \/><\/span><\/label> \n<\/div> \n<div class=\"row\"> \n <label><span class=\"label-text\">E-mail<\/span> \n  <span class=\"wpcf7-form-control-wrap\" data-name=\"email-e-mail\"><input size=\"40\" class=\"wpcf7-form-control wpcf7-email wpcf7-validates-as-required wpcf7-text wpcf7-validates-as-email\" aria-required=\"true\" aria-invalid=\"false\" placeholder=\"E-mail\" value=\"\" type=\"email\" name=\"email-e-mail\" \/><\/span><\/label> \n<\/div> \n<div class=\"row\"><span>Your country<\/span> \n <label><span class=\"wpcf7-form-control-wrap\" data-name=\"countrytext-126\"><input size=\"40\" class=\"wpcf7-form-control wpcf7-countrytext wpcf7-text wpcf7-validates-as-countrytext\" aria-invalid=\"false\" value=\"\" type=\"text\" name=\"countrytext-126\" \/><\/span> <\/label>\n<\/div> \n<div class=\"row\"> \n <button type=\"submit\" class=\"btn\">Send<\/button> \n<\/div> \n<div class=\"row\"> \n <span class=\"wpcf7-form-control-wrap\" data-name=\"checkbox-931\"><span class=\"wpcf7-form-control wpcf7-checkbox\"><span class=\"wpcf7-list-item first\"><label><input type=\"checkbox\" name=\"checkbox-931[]\" value=\"Integrator\" \/><span class=\"wpcf7-list-item-label\">Integrator<\/span><\/label><\/span><span class=\"wpcf7-list-item\"><label><input type=\"checkbox\" name=\"checkbox-931[]\" value=\"Builder\" \/><span class=\"wpcf7-list-item-label\">Builder<\/span><\/label><\/span><span class=\"wpcf7-list-item last\"><label><input type=\"checkbox\" name=\"checkbox-931[]\" value=\"End-User\" \/><span class=\"wpcf7-list-item-label\">End-User<\/span><\/label><\/span><\/span><\/span> \n<\/div> \n<div class=\"row row-upload-file\"> \n <label class=\"upload-file-block js-upload-file\">Attach file \n  <span class=\"wpcf7-form-control-wrap\" data-name=\"file-466\"><input size=\"40\" class=\"wpcf7-form-control wpcf7-file\" accept=\"audio\/*,video\/*,image\/*\" aria-invalid=\"false\" type=\"file\" name=\"file-466\" \/><\/span><\/label> \n<\/div><input type='hidden' class='wpcf7-pum' value='{\"closepopup\":false,\"closedelay\":0,\"openpopup\":false,\"openpopup_id\":0}' \/><div class=\"wpcf7-response-output\" aria-hidden=\"true\"><\/div>\n<\/form>\n<\/div>\n            <\/div>\r\n\r\n\t\t    <div class=\"text-holder\" data-aos=\"fade-left\">\r\n\t\t\t\t\t\t    <h3 class=\"title-block\">How Can We Help?<\/h3>\r\n\t\t\t\r\n\t\t\t                <div class=\"text-block\">\r\n                    Please select a topic below related to your inquiry. If you don&#8217;t find what you need, fill out our contact form.                <\/div>\r\n\t\t\t\r\n\t\t\t\t\t\t    <ul class=\"link-list\">\r\n\t\t\t\t\t\t\t\t\t\t\t\t\t\t\t\t\t\t<li>\r\n\t\t\t\t\t\t\t\t\t\t\t\t\t\t\t\t    <strong>Get Inspired<\/strong>\r\n\t\t\t\t\t\t\t\t\t\t\t\t\t\t\t\t\t\t\t\t\t\t\t\t    <a href=\"\/features\/\">\r\n\t\t\t\t\t\t\t\t        Discover what&#8217;s beneath our intercom\t\t\t\t\t\t\t\t    <\/a>\r\n\t\t\t\t\t\t\t\t\t\t\t\t\t\t\t<\/li>\r\n\t\t\t\t\t\t\t\t\t\t\t\t\t\t\t\t\t\t\t\t\t\t\t\t<li>\r\n\t\t\t\t\t\t\t\t\t\t\t\t\t\t\t\t    <strong>Become a Partner<\/strong>\r\n\t\t\t\t\t\t\t\t\t\t\t\t\t\t\t\t\t\t\t\t\t\t\t\t    <a href=\"\/distributors\/\">\r\n\t\t\t\t\t\t\t\t        Expand your business with BAS-IP intercom\t\t\t\t\t\t\t\t    <\/a>\r\n\t\t\t\t\t\t\t\t\t\t\t\t\t\t\t<\/li>\r\n\t\t\t\t\t\t\t\t\t\t\t\t\t\t\t\t\t\t\t\t\t\t\t\t<li>\r\n\t\t\t\t\t\t\t\t\t\t\t\t\t\t\t\t    <strong>Check the Guides<\/strong>\r\n\t\t\t\t\t\t\t\t\t\t\t\t\t\t\t\t\t\t\t\t\t\t\t\t    <a href=\"\/support\/\">\r\n\t\t\t\t\t\t\t\t        Download detailed manuals and schemes\t\t\t\t\t\t\t\t    <\/a>\r\n\t\t\t\t\t\t\t\t\t\t\t\t\t\t\t<\/li>\r\n\t\t\t\t\t\t\t\t\t\t\t\t\t\t\t<\/ul>\r\n\t\t\t\r\n\t\t\t\t\t\t    <h3 class=\"title-block\">Our contacts<\/h3>\r\n\t\t\t\r\n\t\t\t\t\t\t\t<ul class=\"contact-list\">\r\n\t\t\t\t\t\t\t\t\t\t\t\t\t\t\t\t\t\t<li>\r\n\t\t\t\t\t\t\t\t\t\t\t\t\t\t\t\t\t<strong>Sales:<\/strong>\r\n\t\t\t\t\t\t\t\t\t\t\t\t\t\t\t\t\t\t\t\t\t\t\t\t    <a href=\"mailto:&#115;ale&#115;&#64;bas&#45;ip&#46;com\">&#115;&#97;le&#115;&#64;bas&#45;ip&#46;c&#111;m<\/a>\r\n\t\t\t\t\t\t\t\t\t\t\t\t\t\t\t<\/li>\r\n\t\t\t\t\t\t\t\t\t\t\t\t\t\t\t\t\t\t\t\t\t\t\t\t<li>\r\n\t\t\t\t\t\t\t\t\t\t\t\t\t\t\t\t\t<strong>Technical support:<\/strong>\r\n\t\t\t\t\t\t\t\t\t\t\t\t\t\t\t\t\t\t\t\t\t\t\t\t    <a href=\"mailto:sup&#112;o&#114;t&#64;b&#97;&#115;-i&#112;.co&#109;\">su&#112;&#112;o&#114;t&#64;&#98;&#97;s&#45;i&#112;.&#99;o&#109;<\/a>\r\n\t\t\t\t\t\t\t\t\t\t\t\t\t\t\t<\/li>\r\n\t\t\t\t\t\t\t\t\t\t\t\t\t\t\t<\/ul>\r\n\t\t\t\t\t<\/div>\r\n\t<\/section>\r\n\r\n\r\n\r\n<!-- END Block Sign Up -->","protected":false},"excerpt":{"rendered":"","protected":false},"author":3,"featured_media":0,"parent":0,"menu_order":0,"comment_status":"closed","ping_status":"closed","template":"page-custom-breadcrumbs.php","meta":{"inline_featured_image":false,"footnotes":""},"class_list":["post-122558","page","type-page","status-publish","hentry"],"acf":[],"_links":{"self":[{"href":"https:\/\/bas-ip.com\/lv\/wp-json\/wp\/v2\/pages\/122558","targetHints":{"allow":["GET"]}}],"collection":[{"href":"https:\/\/bas-ip.com\/lv\/wp-json\/wp\/v2\/pages"}],"about":[{"href":"https:\/\/bas-ip.com\/lv\/wp-json\/wp\/v2\/types\/page"}],"author":[{"embeddable":true,"href":"https:\/\/bas-ip.com\/lv\/wp-json\/wp\/v2\/users\/3"}],"replies":[{"embeddable":true,"href":"https:\/\/bas-ip.com\/lv\/wp-json\/wp\/v2\/comments?post=122558"}],"version-history":[{"count":2,"href":"https:\/\/bas-ip.com\/lv\/wp-json\/wp\/v2\/pages\/122558\/revisions"}],"predecessor-version":[{"id":122560,"href":"https:\/\/bas-ip.com\/lv\/wp-json\/wp\/v2\/pages\/122558\/revisions\/122560"}],"wp:attachment":[{"href":"https:\/\/bas-ip.com\/lv\/wp-json\/wp\/v2\/media?parent=122558"}],"curies":[{"name":"wp","href":"https:\/\/api.w.org\/{rel}","templated":true}]}}