{"id":122469,"date":"2024-05-15T14:21:12","date_gmt":"2024-05-15T14:21:12","guid":{"rendered":"https:\/\/bas-ip.com\/?page_id=122469"},"modified":"2024-11-05T14:37:29","modified_gmt":"2024-11-05T14:37:29","slug":"programmaturas-atbalsta-politika","status":"publish","type":"page","link":"https:\/\/bas-ip.com\/lv\/programmaturas-atbalsta-politika\/","title":{"rendered":"Programmat\u016bras atbalsta politika"},"content":{"rendered":"<p><strong>Programmat\u016bras uztur\u0113\u0161ana<\/strong><\/p>\n\n\n\n<p id=\"block-765cba28-64c4-4d5f-804c-2d69d5614a23\">BAS-IP p\u0113c saviem ieskatiem var sniegt pamata programmaparat\u016bras atbalstu aparat\u016bras garantijas laik\u0101. Garantijas laik\u0101 BAS-IP var izdot aparat\u016bras uztur\u0113\u0161anas versijas vai k\u013c\u016bdu labojumus.<\/p>\n\n\n\n<p id=\"block-12313848-8bc2-4ab3-82f5-ecfc90e41de3\">Kad garantijas periods ir beidzies, BAS-IP vairs neizstr\u0101d\u0101s, neuztur\u0113s un nep\u0101rbaud\u012bs attiec\u012bgo programmaparat\u016bru. Tom\u0113r BAS-IP p\u0113c saviem ieskatiem un atkar\u012bb\u0101 no produkta var pied\u0101v\u0101t atbalstu p\u0113c garantijas termi\u0146a beig\u0101m. Visa BAS-IP programmaparat\u016bra, tostarp, bet ne tikai programmaparat\u016bra, kas tiek pieg\u0101d\u0101ta iepriek\u0161 instal\u0113ta BAS-IP aparat\u016br\u0101 un uz kuru attiecas RMA pakalpojums, tiek pieg\u0101d\u0101ta &#8220;t\u0101da, k\u0101da ir&#8221;.<\/p>\n\n\n\n<p>Uz BAS-IP programmaparat\u016bru neattiecas BAS-IP garantija.<\/p>\n\n\n\n<p><\/p>\n\n\n\n<p><\/p>","protected":false},"excerpt":{"rendered":"<p>Programmat\u016bras uztur\u0113\u0161ana BAS-IP p\u0113c saviem ieskatiem var sniegt pamata programmaparat\u016bras atbalstu aparat\u016bras garantijas laik\u0101. Garantijas laik\u0101 BAS-IP var izdot aparat\u016bras uztur\u0113\u0161anas versijas vai k\u013c\u016bdu labojumus. Kad garantijas periods ir beidzies, BAS-IP vairs neizstr\u0101d\u0101s, neuztur\u0113s un nep\u0101rbaud\u012bs attiec\u012bgo programmaparat\u016bru. Tom\u0113r BAS-IP p\u0113c saviem ieskatiem un atkar\u012bb\u0101 no produkta var pied\u0101v\u0101t atbalstu p\u0113c garantijas termi\u0146a beig\u0101m. Visa [&hellip;]<\/p>","protected":false},"author":3,"featured_media":0,"parent":0,"menu_order":0,"comment_status":"closed","ping_status":"closed","template":"","meta":{"inline_featured_image":false,"footnotes":""},"class_list":["post-122469","page","type-page","status-publish","hentry"],"acf":[],"_links":{"self":[{"href":"https:\/\/bas-ip.com\/lv\/wp-json\/wp\/v2\/pages\/122469","targetHints":{"allow":["GET"]}}],"collection":[{"href":"https:\/\/bas-ip.com\/lv\/wp-json\/wp\/v2\/pages"}],"about":[{"href":"https:\/\/bas-ip.com\/lv\/wp-json\/wp\/v2\/types\/page"}],"author":[{"embeddable":true,"href":"https:\/\/bas-ip.com\/lv\/wp-json\/wp\/v2\/users\/3"}],"replies":[{"embeddable":true,"href":"https:\/\/bas-ip.com\/lv\/wp-json\/wp\/v2\/comments?post=122469"}],"version-history":[{"count":1,"href":"https:\/\/bas-ip.com\/lv\/wp-json\/wp\/v2\/pages\/122469\/revisions"}],"predecessor-version":[{"id":122470,"href":"https:\/\/bas-ip.com\/lv\/wp-json\/wp\/v2\/pages\/122469\/revisions\/122470"}],"wp:attachment":[{"href":"https:\/\/bas-ip.com\/lv\/wp-json\/wp\/v2\/media?parent=122469"}],"curies":[{"name":"wp","href":"https:\/\/api.w.org\/{rel}","templated":true}]}}