{"id":121672,"date":"2024-02-14T09:43:47","date_gmt":"2024-02-14T09:43:47","guid":{"rendered":"https:\/\/bas-ip.com\/?page_id=121672"},"modified":"2024-11-04T16:54:26","modified_gmt":"2024-11-04T16:54:26","slug":"axis","status":"publish","type":"page","link":"https:\/\/bas-ip.com\/lv\/axis\/","title":{"rendered":"Axis"},"content":{"rendered":"<div class=\"wp-block-image\">\n<figure class=\"aligncenter size-medium\"><img loading=\"lazy\" decoding=\"async\" width=\"300\" height=\"108\" src=\"https:\/\/bas-ip.com\/wp-content\/uploads\/2024\/02\/Axis_Communications_logo.svg-300x108.png\" alt=\"\" class=\"wp-image-108863\" srcset=\"https:\/\/bas-ip.com\/wp-content\/uploads\/2024\/02\/Axis_Communications_logo.svg-300x108.png 300w,  https:\/\/bas-ip.com\/wp-content\/uploads\/2024\/02\/Axis_Communications_logo.svg-1024x369.png 1024w,  https:\/\/bas-ip.com\/wp-content\/uploads\/2024\/02\/Axis_Communications_logo.svg-768x277.png 768w,  https:\/\/bas-ip.com\/wp-content\/uploads\/2024\/02\/Axis_Communications_logo.svg-767x276.png 767w,  https:\/\/bas-ip.com\/wp-content\/uploads\/2024\/02\/Axis_Communications_logo.svg.png 1280w\" sizes=\"auto, (max-width: 300px) 100vw, 300px\" \/><\/figure>\n<\/div>\n\n\n<p>BAS-IP interkomu integr\u0101cija ar AXIS CCTV kamer\u0101m, \u012bpa\u0161i autom\u0101tisk\u0101s numura z\u012bmju atpaz\u012b\u0161anas (ALPR) funkcijai, ietver vienk\u0101r\u0161u, bet efekt\u012bvu uzst\u0101d\u012b\u0161anu. \u0160\u012b integr\u0101cija \u013cauj nodro\u0161in\u0101t nevainojamu darb\u012bbu un izmaksu efektivit\u0101ti, jo nav nepiecie\u0161ama profesion\u0101la ALPR programmat\u016bra. \u0160eit ir sniegts detaliz\u0113ts apraksts par to, k\u0101 \u0161\u012b integr\u0101cija darbojas:<\/p>\n\n\n\n<p><strong>Integr\u0101cijas p\u0101rskats<\/strong><\/p>\n\n\n\n<p>M\u0113r\u0137is: M\u0113r\u0137is: automatiz\u0113t v\u0101rtu atv\u0113r\u0161anu, izmantojot numura z\u012bmju atpaz\u012b\u0161anu, izmantojot BAS-IP interkomus un AXIS CCTV kameras ar ALPR funkciju.<\/p>\n\n\n\n<p><strong>Sast\u0101vda\u013cas:<\/strong><\/p>\n\n\n\n<p><strong>1.<\/strong> BAS-IP interkoma panelis: Sare\u017e\u0123\u012bta interkomu sist\u0113ma, ko var integr\u0113t ar IP kamer\u0101m.<\/p>\n\n\n\n<p><strong>2. <\/strong>AXIS kamera ar ALPR funkciju: AXIS P1455-LE-3, AXIS P3245-LVE-3 vai AXIS Q1700-LE ir piem\u0113roti \u0161ai integr\u0101cijai.<\/p>\n\n\n\n<p><strong>3.<\/strong> Numura z\u012bmju datub\u0101ze: Uzglab\u0101 vai nu BAS-IP interkoma \u0101r\u0113j\u0101 pane\u013ca atmi\u0146\u0101, vai BAS-IP Link programmat\u016br\u0101.<\/p>\n\n\n\n<p><strong>K\u0101 tas darbojas<\/strong><\/p>\n\n\n\n<p><strong>1.<\/strong> Uzst\u0101d\u012b\u0161ana un iestat\u012b\u0161ana: Lietot\u0101js ieg\u0101d\u0101jas BAS-IP interkomu paneli un AXIS kameru, kas apr\u012bkota ar ALPR tehnolo\u0123iju.<\/p>\n\n\n\n<p><strong>2.<\/strong> T\u012bkla konfigur\u0101cija: AXIS kamerai un BAS-IP ieejas panelim j\u0101b\u016bt vien\u0101 apak\u0161t\u012bkl\u0101, lai nodro\u0161in\u0101tu efekt\u012bvu komunik\u0101ciju.<\/p>\n\n\n\n<p><strong>3.<\/strong> Numura z\u012bmju re\u0123istr\u0101cija: Transportl\u012bdzek\u013cu numura z\u012bmes tiek re\u0123istr\u0113tas un uzglab\u0101tas. To var izdar\u012bt, izmantojot interkomu t\u012bmek\u013ca saskarni vai BAS-IP Link programmat\u016bru.<\/p>\n\n\n\n<p><strong>4.<\/strong> Numura z\u012bmju sken\u0113\u0161ana: Kad transportl\u012bdzeklis tuvojas v\u0101rtiem, AXIS kamera sken\u0113 numura z\u012bmi.<\/p>\n\n\n\n<p><strong>5.<\/strong> Atz\u012b\u0161ana un r\u012bc\u012bba: Ja sken\u0113t\u0101 numura z\u012bme sakr\u012bt ar datu b\u0101z\u0113 saglab\u0101to, BAS-IP interkoma panelis iedarbina autom\u0101tisku v\u0101rtu atv\u0113r\u0161anu.<\/p>\n\n\n\n<p><strong>Ieguvumi<\/strong><\/p>\n\n\n\n<p>Rentabilit\u0101te: nov\u0113r\u0161 nepiecie\u0161am\u012bbu p\u0113c d\u0101rgas profesion\u0101las ALPR programmat\u016bras.<\/p>\n\n\n\n<p>Lieto\u0161anas \u0113rtums: vienk\u0101r\u0161a iestat\u012b\u0161ana un lietot\u0101jam draudz\u012bga numura z\u012bmju p\u0101rvald\u012bba, izmantojot t\u012bmek\u013ca saskarni vai BAS-IP programmat\u016bru.<\/p>\n\n\n\n<p>Uzlabota dro\u0161\u012bba: automatiz\u0113ta v\u0101rtu darb\u012bba, pamatojoties uz atpaz\u012bt\u0101m numura z\u012bm\u0113m, palielina dro\u0161\u012bbas l\u012bmeni.<\/p>\n\n\n\n<p>Piel\u0101gojam\u012bba: piem\u0113rots da\u017e\u0101diem lietojumiem, piem\u0113ram, dz\u012bvojamiem kompleksiem, biroju \u0113k\u0101m vai sl\u0113gt\u0101m kopien\u0101m.<\/p>\n\n\n\n<p>Apvienojot BAS-IP interkomu modern\u0101s tehnolo\u0123ijas ar AXIS kameru, kas apr\u012bkotas ar ALPR, precizit\u0101ti, lietot\u0101ji var baud\u012bt augsta l\u012bme\u0146a dro\u0161\u012bbu un \u0113rt\u012bbas bez papildu ALPR programmat\u016bras.<\/p>\n\n\n<!-- START Block Sign Up --><section id=\"block_629678229e935\" class=\"sign-up-section\">\r\n\r\n    <div class=\"form-holder js-form\" data-aos=\"fade-right\">\r\n                    <div class=\"title-block h3\">Sign up for connection<\/div>\r\n        \r\n                    <div class=\"text-block\">\r\n                Filling out all the information needed to answer you as quickly as possible            <\/div>\r\n        \r\n                    \n<div class=\"wpcf7 no-js\" id=\"wpcf7-f102-o1\" lang=\"en-US\" dir=\"ltr\">\n<div class=\"screen-reader-response\"><p role=\"status\" aria-live=\"polite\" aria-atomic=\"true\"><\/p> <ul><\/ul><\/div>\n<form action=\"\/lv\/wp-json\/wp\/v2\/pages\/121672#wpcf7-f102-o1\" method=\"post\" class=\"wpcf7-form init\" aria-label=\"Contact form\" enctype=\"multipart\/form-data\" novalidate=\"novalidate\" data-status=\"init\">\n<div style=\"display: none;\">\n<input type=\"hidden\" name=\"_wpcf7\" value=\"102\" \/>\n<input type=\"hidden\" name=\"_wpcf7_version\" value=\"5.8.3\" \/>\n<input type=\"hidden\" name=\"_wpcf7_locale\" value=\"en_US\" \/>\n<input type=\"hidden\" name=\"_wpcf7_unit_tag\" value=\"wpcf7-f102-o1\" \/>\n<input type=\"hidden\" name=\"_wpcf7_container_post\" value=\"0\" \/>\n<input type=\"hidden\" name=\"_wpcf7_posted_data_hash\" value=\"\" \/>\n<input type=\"hidden\" name=\"_wpcf7_recaptcha_response\" value=\"\" \/>\n<\/div>\n<div class=\"row\"> \n <label><span class=\"label-text\">Name<\/span> \n  <span class=\"wpcf7-form-control-wrap\" data-name=\"text-full-name\"><input size=\"40\" class=\"wpcf7-form-control wpcf7-text wpcf7-validates-as-required\" aria-required=\"true\" aria-invalid=\"false\" placeholder=\"Name\" value=\"\" type=\"text\" name=\"text-full-name\" \/><\/span><\/label> \n<\/div> \n<div class=\"row\"> \n <label><span class=\"label-text\">Phone*<\/span> \n<span class=\"wpcf7-form-control-wrap\" data-name=\"phonetext-270\"><input size=\"40\" class=\"wpcf7-form-control wpcf7-phonetext wpcf7-validates-as-required wpcf7-text wpcf7-validates-as-phonetext\" aria-required=\"true\" aria-invalid=\"false\" placeholder=\"Phone*\" value=\"\" type=\"text\" name=\"phonetext-270\" \/><input type=\"hidden\" name=\"phonetext-270-country-code\" class=\"wpcf7-phonetext-country-code\" \/><\/span><\/label> \n<\/div> \n<div class=\"row\"> \n <label><span class=\"label-text\">E-mail<\/span> \n  <span class=\"wpcf7-form-control-wrap\" data-name=\"email-e-mail\"><input size=\"40\" class=\"wpcf7-form-control wpcf7-email wpcf7-validates-as-required wpcf7-text wpcf7-validates-as-email\" aria-required=\"true\" aria-invalid=\"false\" placeholder=\"E-mail\" value=\"\" type=\"email\" name=\"email-e-mail\" \/><\/span><\/label> \n<\/div> \n<div class=\"row\"><span>Your country<\/span> \n <label><span class=\"wpcf7-form-control-wrap\" data-name=\"countrytext-126\"><input size=\"40\" class=\"wpcf7-form-control wpcf7-countrytext wpcf7-text wpcf7-validates-as-countrytext\" aria-invalid=\"false\" value=\"\" type=\"text\" name=\"countrytext-126\" \/><\/span> <\/label>\n<\/div> \n<div class=\"row\"> \n <button type=\"submit\" class=\"btn\">Send<\/button> \n<\/div> \n<div class=\"row\"> \n <span class=\"wpcf7-form-control-wrap\" data-name=\"checkbox-931\"><span class=\"wpcf7-form-control wpcf7-checkbox\"><span class=\"wpcf7-list-item first\"><label><input type=\"checkbox\" name=\"checkbox-931[]\" value=\"Integrator\" \/><span class=\"wpcf7-list-item-label\">Integrator<\/span><\/label><\/span><span class=\"wpcf7-list-item\"><label><input type=\"checkbox\" name=\"checkbox-931[]\" value=\"Builder\" \/><span class=\"wpcf7-list-item-label\">Builder<\/span><\/label><\/span><span class=\"wpcf7-list-item last\"><label><input type=\"checkbox\" name=\"checkbox-931[]\" value=\"End-User\" \/><span class=\"wpcf7-list-item-label\">End-User<\/span><\/label><\/span><\/span><\/span> \n<\/div> \n<div class=\"row row-upload-file\"> \n <label class=\"upload-file-block js-upload-file\">Attach file \n  <span class=\"wpcf7-form-control-wrap\" data-name=\"file-466\"><input size=\"40\" class=\"wpcf7-form-control wpcf7-file\" accept=\"audio\/*,video\/*,image\/*\" aria-invalid=\"false\" type=\"file\" name=\"file-466\" \/><\/span><\/label> \n<\/div><input type='hidden' class='wpcf7-pum' value='{\"closepopup\":false,\"closedelay\":0,\"openpopup\":false,\"openpopup_id\":0}' \/><div class=\"wpcf7-response-output\" aria-hidden=\"true\"><\/div>\n<\/form>\n<\/div>\n            <\/div>\r\n\r\n\t\t    <div class=\"text-holder\" data-aos=\"fade-left\">\r\n\t\t\t\t\t\t    <h3 class=\"title-block\">How Can We Help?<\/h3>\r\n\t\t\t\r\n\t\t\t                <div class=\"text-block\">\r\n                    Please select a topic below related to your inquiry. If you don&#8217;t find what you need, fill out our contact form.                <\/div>\r\n\t\t\t\r\n\t\t\t\t\t\t    <ul class=\"link-list\">\r\n\t\t\t\t\t\t\t\t\t\t\t\t\t\t\t\t\t\t<li>\r\n\t\t\t\t\t\t\t\t\t\t\t\t\t\t\t\t    <strong>Get Inspired<\/strong>\r\n\t\t\t\t\t\t\t\t\t\t\t\t\t\t\t\t\t\t\t\t\t\t\t\t    <a href=\"\/features\/\">\r\n\t\t\t\t\t\t\t\t        Discover what&#8217;s beneath our intercom\t\t\t\t\t\t\t\t    <\/a>\r\n\t\t\t\t\t\t\t\t\t\t\t\t\t\t\t<\/li>\r\n\t\t\t\t\t\t\t\t\t\t\t\t\t\t\t\t\t\t\t\t\t\t\t\t<li>\r\n\t\t\t\t\t\t\t\t\t\t\t\t\t\t\t\t    <strong>Become a Partner<\/strong>\r\n\t\t\t\t\t\t\t\t\t\t\t\t\t\t\t\t\t\t\t\t\t\t\t\t    <a href=\"\/distributors\/\">\r\n\t\t\t\t\t\t\t\t        Expand your business with BAS-IP intercom\t\t\t\t\t\t\t\t    <\/a>\r\n\t\t\t\t\t\t\t\t\t\t\t\t\t\t\t<\/li>\r\n\t\t\t\t\t\t\t\t\t\t\t\t\t\t\t\t\t\t\t\t\t\t\t\t<li>\r\n\t\t\t\t\t\t\t\t\t\t\t\t\t\t\t\t    <strong>Check the Guides<\/strong>\r\n\t\t\t\t\t\t\t\t\t\t\t\t\t\t\t\t\t\t\t\t\t\t\t\t    <a href=\"\/support\/\">\r\n\t\t\t\t\t\t\t\t        Download detailed manuals and schemes\t\t\t\t\t\t\t\t    <\/a>\r\n\t\t\t\t\t\t\t\t\t\t\t\t\t\t\t<\/li>\r\n\t\t\t\t\t\t\t\t\t\t\t\t\t\t\t<\/ul>\r\n\t\t\t\r\n\t\t\t\t\t\t    <h3 class=\"title-block\">Our contacts<\/h3>\r\n\t\t\t\r\n\t\t\t\t\t\t\t<ul class=\"contact-list\">\r\n\t\t\t\t\t\t\t\t\t\t\t\t\t\t\t\t\t\t<li>\r\n\t\t\t\t\t\t\t\t\t\t\t\t\t\t\t\t\t<strong>Sales:<\/strong>\r\n\t\t\t\t\t\t\t\t\t\t\t\t\t\t\t\t\t\t\t\t\t\t\t\t    <a href=\"mailto:&#115;&#97;&#108;es&#64;bas-&#105;p&#46;&#99;&#111;&#109;\">&#115;a&#108;&#101;s&#64;&#98;&#97;&#115;&#45;ip&#46;co&#109;<\/a>\r\n\t\t\t\t\t\t\t\t\t\t\t\t\t\t\t<\/li>\r\n\t\t\t\t\t\t\t\t\t\t\t\t\t\t\t\t\t\t\t\t\t\t\t\t<li>\r\n\t\t\t\t\t\t\t\t\t\t\t\t\t\t\t\t\t<strong>Technical support:<\/strong>\r\n\t\t\t\t\t\t\t\t\t\t\t\t\t\t\t\t\t\t\t\t\t\t\t\t    <a href=\"mailto:&#115;uppor&#116;&#64;bas-&#105;&#112;&#46;&#99;&#111;&#109;\">&#115;&#117;&#112;po&#114;t&#64;&#98;&#97;s-&#105;&#112;&#46;&#99;&#111;&#109;<\/a>\r\n\t\t\t\t\t\t\t\t\t\t\t\t\t\t\t<\/li>\r\n\t\t\t\t\t\t\t\t\t\t\t\t\t\t\t<\/ul>\r\n\t\t\t\t\t<\/div>\r\n\t<\/section>\r\n\r\n\r\n\r\n<!-- END Block Sign Up -->","protected":false},"excerpt":{"rendered":"<p>BAS-IP interkomu integr\u0101cija ar AXIS CCTV kamer\u0101m, \u012bpa\u0161i autom\u0101tisk\u0101s numura z\u012bmju atpaz\u012b\u0161anas (ALPR) funkcijai, ietver vienk\u0101r\u0161u, bet efekt\u012bvu uzst\u0101d\u012b\u0161anu. \u0160\u012b integr\u0101cija \u013cauj nodro\u0161in\u0101t nevainojamu darb\u012bbu un izmaksu efektivit\u0101ti, jo nav nepiecie\u0161ama profesion\u0101la ALPR programmat\u016bra. \u0160eit ir sniegts detaliz\u0113ts apraksts par to, k\u0101 \u0161\u012b integr\u0101cija darbojas: Integr\u0101cijas p\u0101rskats M\u0113r\u0137is: M\u0113r\u0137is: automatiz\u0113t v\u0101rtu atv\u0113r\u0161anu, izmantojot numura z\u012bmju [&hellip;]<\/p>","protected":false},"author":3,"featured_media":0,"parent":0,"menu_order":0,"comment_status":"closed","ping_status":"closed","template":"page-custom-breadcrumbs.php","meta":{"inline_featured_image":false,"footnotes":""},"class_list":["post-121672","page","type-page","status-publish","hentry"],"acf":[],"_links":{"self":[{"href":"https:\/\/bas-ip.com\/lv\/wp-json\/wp\/v2\/pages\/121672","targetHints":{"allow":["GET"]}}],"collection":[{"href":"https:\/\/bas-ip.com\/lv\/wp-json\/wp\/v2\/pages"}],"about":[{"href":"https:\/\/bas-ip.com\/lv\/wp-json\/wp\/v2\/types\/page"}],"author":[{"embeddable":true,"href":"https:\/\/bas-ip.com\/lv\/wp-json\/wp\/v2\/users\/3"}],"replies":[{"embeddable":true,"href":"https:\/\/bas-ip.com\/lv\/wp-json\/wp\/v2\/comments?post=121672"}],"version-history":[{"count":1,"href":"https:\/\/bas-ip.com\/lv\/wp-json\/wp\/v2\/pages\/121672\/revisions"}],"predecessor-version":[{"id":121673,"href":"https:\/\/bas-ip.com\/lv\/wp-json\/wp\/v2\/pages\/121672\/revisions\/121673"}],"wp:attachment":[{"href":"https:\/\/bas-ip.com\/lv\/wp-json\/wp\/v2\/media?parent=121672"}],"curies":[{"name":"wp","href":"https:\/\/api.w.org\/{rel}","templated":true}]}}