{"id":77587,"date":"2022-10-19T09:56:51","date_gmt":"2022-10-19T09:56:51","guid":{"rendered":"https:\/\/bas-ip.com\/?page_id=77587"},"modified":"2023-05-02T08:51:03","modified_gmt":"2023-05-02T08:51:03","slug":"personalizavimas","status":"publish","type":"page","link":"https:\/\/bas-ip.com\/lt\/personalizavimas\/","title":{"rendered":"Personalizavimas"},"content":{"rendered":"<!-- START Block Home Hero Slider --><section id=\"block_63dcf9efc6125\" class=\"home-hero-slider-section js-home-hero-slider-section\">\r\n            <div class=\"home-hero-slide\">\r\n        <picture>\r\n            \r\n            \r\n                        <img decoding=\"async\" class=\"d-block w-100\" src=\"https:\/\/bas-ip.com\/wp-content\/uploads\/2023\/02\/1_main.jpg\"\r\n                alt=\"slide\">\r\n            \r\n        <\/picture>\r\n        <div class=\"container\">\r\n            <div class=\"text-holder fullsize__device\">\r\n                                <div class=\"h1 title-page\">Kiekvienam pritaikyti sprendimai<\/div>\r\n                                                <div class=\"text-block\">\r\n                    Pasirinkite spalv\u0105, dyd\u012f, med\u017eiag\u0105, montavimo b\u016bd\u0105 ir graviravim\u0105!                <\/div>\r\n                                            <\/div>\r\n            <div class=\"text-holder medium__device__show\">\r\n                                                            <\/div>\r\n            <div class=\"text-holder small__device__show\">\r\n                                                            <\/div>\r\n        <\/div>\r\n    <\/div>\r\n        <\/section>\r\n<!-- END Block Home Hero Slider -->\n\n<!-- START Block Product Installation --><section id=\"block_63dd0dfdc612a\" class=\"product-installation-section\">\r\n\t<div class=\"text-holder\">\r\n                            <div class=\"text-section\" data-aos=\"fade-right\">\r\n                <p>BAS-IP supranta, kad <b>kiekvienas klientas turi unikali\u0173 poreiki\u0173 ir pageidavim\u0173<\/b>. Tod\u0117l si\u016blome daugyb\u0119 pritaikymo galimybi\u0173, kad m\u016bs\u0173 domofon\u0173 sistemos b\u016bt\u0173 puikiai pritaikytos j\u016bs\u0173 poreikiams. <\/p>\n            <\/div>\r\n            <\/div>\r\n\r\n\t\t    <div class=\"installation-blocks-list\">\r\n\t\t\t\t\t\t\t\t\t\t\t\t<div class=\"installation-block-item image-position-left\">\r\n\t\t\t\t\t\t<div class=\"text-holder\" data-aos=\"fade-left\">\r\n                                                            <h3 class=\"h2 title-section\">Graviravimas<\/h3>\r\n                            \r\n                                                            <div class=\"text-section\">\r\n                                  <p>Individualizuokite savo domofon\u0105 su individualiais graviravimais, pvz., \u012fmon\u0117s logotipu, pastato pavadinimu arba individualiais vardais gyvenamuosiuose rajonuose.<br \/>\nGraviravimas gali keliais b\u016bdais padidinti domofono vert\u0119, padaryti j\u012f patrauklesn\u012f, asmeni\u0161kesn\u012f ir funkcionalesn\u012f. Jis gali pagerinti bendr\u0105 \u012f\u0117jimo pulto i\u0161vaizd\u0105, tod\u0117l jis taps patrauklesnis potencialiems klientams ar naudotojams.<br \/>\nPasirinktinis graviravimas leid\u017eia prid\u0117ti asmenin\u012f tekst\u0105 ar simbolius, pavyzd\u017eiui, vard\u0105, \u012fmon\u0117s logotip\u0105 ar monogram\u0105. D\u0117l tokio personalizavimo lygio domofono skydelis gali tapti unikalus ir vertingesnis savininkui.<br \/>\n\u012emon\u0117ms logotipo ar \u012fmon\u0117s pavadinimo graviravimas ant domofono skydelio gali b\u016bti subtili prek\u0117s \u017eenklo k\u016brimo priemon\u0117, sustiprinanti \u012fmon\u0117s identitet\u0105.<\/p>\n                                <\/div>\r\n                                                    <\/div>\r\n\r\n                                                    <div class=\"image-holder\" data-aos=\"fade-right\">\r\n                                <div class=\"image-block\">\r\n                                    <img loading=\"lazy\" decoding=\"async\" width=\"944\" height=\"560\" src=\"https:\/\/bas-ip.com\/wp-content\/uploads\/2023\/02\/2_block_1.png\" class=\"attachment-full size-full\" alt=\"Engraving\" srcset=\"https:\/\/bas-ip.com\/wp-content\/uploads\/2023\/02\/2_block_1.png 944w,  https:\/\/bas-ip.com\/wp-content\/uploads\/2023\/02\/2_block_1-300x178.png 300w,  https:\/\/bas-ip.com\/wp-content\/uploads\/2023\/02\/2_block_1-768x456.png 768w,  https:\/\/bas-ip.com\/wp-content\/uploads\/2023\/02\/2_block_1-767x455.png 767w\" sizes=\"auto, (max-width: 944px) 100vw, 944px\" \/>                                <\/div>\r\n                            <\/div>\r\n                            \t\t\t\t\t<\/div>\r\n\t\t\t\t\t\t\t\t\t\t\t\t\t\t\t\t<div class=\"installation-block-item image-position-right\">\r\n\t\t\t\t\t\t<div class=\"text-holder\" data-aos=\"fade-right\">\r\n                                                            <h3 class=\"h2 title-section\">Med\u017eiagos<\/h3>\r\n                            \r\n                                                            <div class=\"text-section\">\r\n                                  <p>Did\u017eiuojam\u0117s gal\u0117dami pasi\u016blyti savo klientams rinktis i\u0161 \u012fvairi\u0173 <b>auk\u0161tos kokyb\u0117s med\u017eiag\u0173<\/b>:<\/p>\n<p>1. Prabang\u0105 ir spindes\u012f spinduliuoja m\u016bs\u0173 kruop\u0161\u010diai pagamintas <b>British Brass <b>\u043f\u0435\u0440\u0435\u0433\u043e\u0432\u043e\u0440\u043d\u044b\u0445 \u043f\u0430\u043d\u0435\u043b\u0435\u0439<\/b>. Kiekvienas elementas yra meistri\u0161kai suprojektuotas taip, kad sukurt\u0173 didingumo \u012fsp\u016bd\u012f ir b\u016bt\u0173 itin patvarus, tod\u0117l j\u016bs\u0173 \u012f\u0117jimo sistema atlaikys laiko i\u0161bandym\u0105.<br \/>\n2. Su m\u016bs\u0173 eleganti\u0161komis <b>aliuminio<\/b> domofono plok\u0161t\u0117mis galite m\u0117gautis moderniu minimalizmu. \u017dinomas d\u0117l savo lengvumo ir kartu tvirtumo, aliuminis pasi\u017eymi puikiu atsparumu korozijai, tod\u0117l yra idealus pasirinkimas tiek gyvenamajai, tiek komercinei aplinkai.<br \/>\n3. \u012evertinkite laikui nepavald\u0173 m\u016bs\u0173 ner\u016bdijan\u010dio plieno domofon\u0173 sistem\u0173 patrauklum\u0105<b>. \u0160ios plok\u0161t\u0117s pasi\u017eymi puikiu tvirtumu ir atsparumu korozijai, turi \u012fmantri\u0105 poliruot\u0105 apdail\u0105 ir lengvai suderina stili\u0173 bei prakti\u0161kum\u0105.<br \/>\n4. I\u0161laisvinkite savo k\u016brybi\u0161kum\u0105 naudodami m\u016bs\u0173 <b>da\u017eyto metalo<\/b> domofono plok\u0161tes. \u0160ios pritaikomos plok\u0161t\u0117s yra \u012fvairi\u0173 ry\u0161ki\u0173 spalv\u0173 ir apdailos, tod\u0117l galite i\u0161reik\u0161ti savo unikal\u0173 skon\u012f ir asmenyb\u0119, kartu m\u0117gaudamiesi metalo konstrukcijos patvarumu ir patikimumu.<\/p>\n                                <\/div>\r\n                                                    <\/div>\r\n\r\n                                                    <div class=\"image-holder\" data-aos=\"fade-left\">\r\n                                <div class=\"image-block\">\r\n                                    <img loading=\"lazy\" decoding=\"async\" width=\"944\" height=\"560\" src=\"https:\/\/bas-ip.com\/wp-content\/uploads\/2023\/02\/2_block_2.png\" class=\"attachment-full size-full\" alt=\"FLEXIBILITY OF MATERIALS\" srcset=\"https:\/\/bas-ip.com\/wp-content\/uploads\/2023\/02\/2_block_2.png 944w,  https:\/\/bas-ip.com\/wp-content\/uploads\/2023\/02\/2_block_2-300x178.png 300w,  https:\/\/bas-ip.com\/wp-content\/uploads\/2023\/02\/2_block_2-768x456.png 768w,  https:\/\/bas-ip.com\/wp-content\/uploads\/2023\/02\/2_block_2-767x455.png 767w\" sizes=\"auto, (max-width: 944px) 100vw, 944px\" \/>                                <\/div>\r\n                            <\/div>\r\n                            \t\t\t\t\t<\/div>\r\n\t\t\t\t\t\t\t\t\t\t\t\t\t\t\t\t<div class=\"installation-block-item image-position-left\">\r\n\t\t\t\t\t\t<div class=\"text-holder\" data-aos=\"fade-left\">\r\n                                                            <h3 class=\"h2 title-section\">Spalvos<\/h3>\r\n                            \r\n                                                            <div class=\"text-section\">\r\n                                  <p>Atverkite beribio k\u016brybi\u0161kumo pasaul\u012f su BAS-IP pasirinktini\u0173 spalv\u0173 kolekcija, kurioje j\u016bs\u0173 vaizduot\u0117 tampa raktu, padedan\u010diu sukurti tobul\u0105 \u012f\u0117jimo panel\u0119. Mes suprantame, kad <b>j\u016bs\u0173 nuosavyb\u0117 yra j\u016bs\u0173 asmeninio stiliaus t\u0119sinys<\/b>, tod\u0117l d\u017eiaugiam\u0117s gal\u0117dami pasi\u016blyti neribot\u0105 spalv\u0173 pasirinkim\u0105, kad \u012fgyvendintum\u0117te savo vizij\u0105.<br \/>\nNaudodami BAS-IP pasirinktini\u0173 spalv\u0173 kolekcij\u0105 <b>nebegal\u0117site apsiriboti ribota spalv\u0173 palete<\/b>. Rinkit\u0117s i\u0161 plataus atspalvi\u0173, ton\u0173 ir atspalvi\u0173 asortimento, kad puikiai der\u0117t\u0173 prie j\u016bs\u0173 nekilnojamojo turto eksterjero arba dr\u0105siai i\u0161reik\u0161tum\u0117te savo nuomon\u0119 naudodami kontrastingos spalvos d\u0117m\u0119.<br \/>\nM\u016bs\u0173 <b>da\u017eai<\/b> yra atspar\u016bs UV spinduliams ir sukurti taip, kad b\u016bt\u0173 atspar\u016bs gamtos stichijoms, tod\u0117l u\u017etikrina ilgalaik\u012f gro\u017e\u012f ir ilgaam\u017ei\u0161kum\u0105.<br \/>\nM\u016bs\u0173 apmokyti specialistai kruop\u0161\u010diai u\u017etepa j\u016bs\u0173 pasirinkt\u0105 spalv\u0105, u\u017etikrindami nepriekai\u0161ting\u0105, tolygi\u0105 kiekvieno BAS-IP \u012f\u0117jimo skydo apdail\u0105. <b>Patirkite tobul\u0105 <b>meno<\/b> ir technologij\u0173 sintez\u0119, nes m\u016bs\u0173 komanda kruop\u0161\u010diai suprojektuoja kiekvien\u0105 skyd\u0105 pagal tikslias j\u016bs\u0173 specifikacijas.<\/p>\n                                <\/div>\r\n                                                    <\/div>\r\n\r\n                                                    <div class=\"image-holder\" data-aos=\"fade-right\">\r\n                                <div class=\"image-block\">\r\n                                    <img loading=\"lazy\" decoding=\"async\" width=\"1920\" height=\"960\" src=\"https:\/\/bas-ip.com\/wp-content\/uploads\/2023\/02\/Individual-Color-Solution2-1.png\" class=\"attachment-full size-full\" alt=\"\" srcset=\"https:\/\/bas-ip.com\/wp-content\/uploads\/2023\/02\/Individual-Color-Solution2-1.png 1920w,  https:\/\/bas-ip.com\/wp-content\/uploads\/2023\/02\/Individual-Color-Solution2-1-300x150.png 300w,  https:\/\/bas-ip.com\/wp-content\/uploads\/2023\/02\/Individual-Color-Solution2-1-1024x512.png 1024w,  https:\/\/bas-ip.com\/wp-content\/uploads\/2023\/02\/Individual-Color-Solution2-1-768x384.png 768w,  https:\/\/bas-ip.com\/wp-content\/uploads\/2023\/02\/Individual-Color-Solution2-1-1536x768.png 1536w,  https:\/\/bas-ip.com\/wp-content\/uploads\/2023\/02\/Individual-Color-Solution2-1-767x384.png 767w,  https:\/\/bas-ip.com\/wp-content\/uploads\/2023\/02\/Individual-Color-Solution2-1-1534x767.png 1534w\" sizes=\"auto, (max-width: 1920px) 100vw, 1920px\" \/>                                <\/div>\r\n                            <\/div>\r\n                            \t\t\t\t\t<\/div>\r\n\t\t\t\t\t\t\t\t\t<\/div>\r\n\t<\/section>\r\n<!-- END Block Product Installation -->\n\n<!-- START Block Video Banner -->    <div data-aos=\"fade-up\" class=\"video-banner-section-wrapper\">\r\n        <section id=\"block_63dcf4d0c6123\" class=\"video-banner-section\" style=\"background-image: url('https:\/\/bas-ip.com\/wp-content\/uploads\/2023\/02\/4_long-for-sait.jpg');\">\r\n            <div class=\"container\">\r\n                <div class=\"text-holder\" data-aos=\"fade-right\" data-aos-delay=\"300\">\r\n                                        <h2 class=\"title-section\">UKEY skaitytuvo keitimas<\/h2>\r\n                                                          <div class=\"text-section\">\r\n                        <p>Galimyb\u0117 pakeisti dabartin\u012f UKEY skaitytuv\u0105 \u012f\u0117jimo skydeliuose \u012f tok\u012f, kokio reikalauja statytojas\/klientas, kai to tikrai reikia. <\/p>\n                      <\/div>\r\n                                  <\/div>\r\n                                    <a href=\"https:\/\/bas-ip.com\/wp-content\/uploads\/2023\/02\/reader.mp4\" data-fancybox class=\"icon-play\" data-aos=\"fade-left\" data-aos-delay=\"300\">\r\n                        <svg width=\"74\" height=\"74\" viewBox=\"0 0 74 74\" fill=\"none\" xmlns=\"http:\/\/www.w3.org\/2000\/svg\">\r\n                            <path d=\"M47.0084 35.0371C49.685 36.5593 49.7101 40.4083 47.0535 41.9652L34.4076 49.3762C31.751 50.9331 28.4052 49.0303 28.3852 45.9512L28.29 31.2941C28.27 28.2149 31.5907 26.2688 34.2673 27.791L47.0084 35.0371Z\" fill=\"currentColor\"\/>\r\n                            <circle cx=\"37\" cy=\"37\" r=\"36.5\" stroke=\"currentColor\"\/>\r\n                        <\/svg>\r\n                        <span><\/span>\r\n                    <\/a>\r\n                            <\/div>\r\n        <\/section>\r\n    <\/div>\r\n<!-- END Block Video Banner -->\n\n<!-- START Block Info Boxes Gated Community --><section id=\"block_63dceb1ec611f\" class=\"info-boxes-gated-community-section\">\r\n\t\t    <h2 class=\"title-section\" data-aos=\"fade-right\">\u012evairios montavimo galimyb\u0117s<\/h2>\r\n\t\r\n\t\t    <div class=\"features-list\">\r\n            \t\t\t\t\t\t\t\t\t\t\t\t<div class=\"features-item\" data-aos=\"fade-up\" data-aos-delay=\"100\">\r\n\t\t\t\t\t\t<div class=\"features-box\">\r\n\t\t\t\t\t\t\t\t\t\t\t\t\t\t\t<div class=\"image-holder\">\r\n\t\t\t\t\t\t\t\t\t<img loading=\"lazy\" decoding=\"async\" width=\"350\" height=\"320\" src=\"https:\/\/bas-ip.com\/wp-content\/uploads\/2023\/02\/5_block_3-1-350x320.jpg\" class=\"attachment-thumbnail_350x320 size-thumbnail_350x320\" alt=\"The Pedestal\" srcset=\"https:\/\/bas-ip.com\/wp-content\/uploads\/2023\/02\/5_block_3-1.jpg 350w,  https:\/\/bas-ip.com\/wp-content\/uploads\/2023\/02\/5_block_3-1-300x274.jpg 300w\" sizes=\"auto, (max-width: 350px) 100vw, 350px\" \/>\t\t\t\t\t\t\t\t<\/div>\r\n\t\t\t\t\t\t\t\r\n\t\t\t\t\t\t\t<div class=\"text-holder\">\r\n\t\t\t\t\t\t\t\t\t\t\t\t\t\t\t\t\t<h3 class=\"title-block\">Pjedestalas<\/h3>\r\n\t\t\t\t\t\t\t\t\r\n\t\t\t\t\t\t\t\t\t\t\t\t\t\t\t<\/div>\r\n\t\t\t\t\t\t<\/div>\r\n\t\t\t\t\t<\/div>\r\n\t\t\t\t              \t\t\t\t\t\t\t\t\t\t\t\t<div class=\"features-item\" data-aos=\"fade-up\" data-aos-delay=\"200\">\r\n\t\t\t\t\t\t<div class=\"features-box\">\r\n\t\t\t\t\t\t\t\t\t\t\t\t\t\t\t<div class=\"image-holder\">\r\n\t\t\t\t\t\t\t\t\t<img loading=\"lazy\" decoding=\"async\" width=\"350\" height=\"320\" src=\"https:\/\/bas-ip.com\/wp-content\/uploads\/2023\/02\/5_block_2-1-350x320.jpg\" class=\"attachment-thumbnail_350x320 size-thumbnail_350x320\" alt=\"Wall Mounting\" srcset=\"https:\/\/bas-ip.com\/wp-content\/uploads\/2023\/02\/5_block_2-1.jpg 350w,  https:\/\/bas-ip.com\/wp-content\/uploads\/2023\/02\/5_block_2-1-300x274.jpg 300w\" sizes=\"auto, (max-width: 350px) 100vw, 350px\" \/>\t\t\t\t\t\t\t\t<\/div>\r\n\t\t\t\t\t\t\t\r\n\t\t\t\t\t\t\t<div class=\"text-holder\">\r\n\t\t\t\t\t\t\t\t\t\t\t\t\t\t\t\t\t<h3 class=\"title-block\">Sieninis laikiklis<\/h3>\r\n\t\t\t\t\t\t\t\t\r\n\t\t\t\t\t\t\t\t\t\t\t\t\t\t\t<\/div>\r\n\t\t\t\t\t\t<\/div>\r\n\t\t\t\t\t<\/div>\r\n\t\t\t\t              \t\t\t\t\t\t\t\t\t\t\t\t<div class=\"features-item\" data-aos=\"fade-up\" data-aos-delay=\"300\">\r\n\t\t\t\t\t\t<div class=\"features-box\">\r\n\t\t\t\t\t\t\t\t\t\t\t\t\t\t\t<div class=\"image-holder\">\r\n\t\t\t\t\t\t\t\t\t<img loading=\"lazy\" decoding=\"async\" width=\"350\" height=\"320\" src=\"https:\/\/bas-ip.com\/wp-content\/uploads\/2023\/02\/5_block_1-1-350x320.jpg\" class=\"attachment-thumbnail_350x320 size-thumbnail_350x320\" alt=\"Flush Mounting\" srcset=\"https:\/\/bas-ip.com\/wp-content\/uploads\/2023\/02\/5_block_1-1.jpg 350w,  https:\/\/bas-ip.com\/wp-content\/uploads\/2023\/02\/5_block_1-1-300x274.jpg 300w\" sizes=\"auto, (max-width: 350px) 100vw, 350px\" \/>\t\t\t\t\t\t\t\t<\/div>\r\n\t\t\t\t\t\t\t\r\n\t\t\t\t\t\t\t<div class=\"text-holder\">\r\n\t\t\t\t\t\t\t\t\t\t\t\t\t\t\t\t\t<h3 class=\"title-block\">\u012eleistinis montavimas<\/h3>\r\n\t\t\t\t\t\t\t\t\r\n\t\t\t\t\t\t\t\t\t\t\t\t\t\t\t<\/div>\r\n\t\t\t\t\t\t<\/div>\r\n\t\t\t\t\t<\/div>\r\n\t\t\t\t              \t\t\t\t\t<\/div>\r\n\t<\/section>\r\n<!-- END Block Info Boxes Gated Community -->\n\n<!-- START Block Product Installation --><section id=\"block_641db96570b23\" class=\"product-installation-section\">\r\n\t<div class=\"text-holder\">\r\n                    <\/div>\r\n\r\n\t\t    <div class=\"installation-blocks-list\">\r\n\t\t\t\t\t\t\t\t\t\t\t\t<div class=\"installation-block-item image-position-left\">\r\n\t\t\t\t\t\t<div class=\"text-holder\" data-aos=\"fade-left\">\r\n                                                            <h3 class=\"h2 title-section\">Rinkit\u0117s &#8222;BAS-IP&#8221;, kur neprilygstama kokyb\u0117 dera su nesenstan\u010dia elegancija<\/h3>\r\n                            \r\n                                                            <div class=\"text-section\">\r\n                                  <p>Patirkite <b>neprilygstam\u0105 na\u0161um\u0105<\/b> ir <b>neprilygstamas stilius<\/b> i\u0161 BAS-IP sud\u0117tingos domofon\u0173 kolekcijos. M\u016bs\u0173 \u012fvairus gamini\u0173 asortimentas, sukurtas atsi\u017evelgiant \u012f j\u016bs\u0173 poreikius, u\u017etikrina, kad gal\u0117site rasti puik\u0173 sprendim\u0105 savo b\u016bstui, nesvarbu, ar ie\u0161kote klasikin\u0117s elegancijos, ar \u0161iuolaikinio apdailos elemento.<\/p>\n<p>Patobulinkite savo prieigos kontrol\u0117s sistem\u0105 ir padarykite nei\u0161dildom\u0105 \u012fsp\u016bd\u012f su kruop\u0161\u010diai suprojektuotomis BAS-IP dur\u0173 ry\u0161io sistemomis. M\u016bs\u0173 \u012fsipareigojimas u\u017etikrinti kokyb\u0119, inovacijas ir dizain\u0105 u\u017etikrina, kad gal\u0117site m\u0117gautis gro\u017eiu ir funkcionalumu viename rafinuotame pakete.<\/p>\n<p>Investuokite \u012f BAS-IP domofono sistem\u0105 jau \u0161iandien ir atraskite skirtum\u0105, kur\u012f gali sukurti i\u0161skirtin\u0117s med\u017eiagos ir meistri\u0161kumas. Paverskite savo prie\u0161kambar\u012f nuostabiu d\u0117mesio centru, atspindin\u010diu j\u016bs\u0173 i\u0161rank\u0173 skon\u012f ir \u012fsipareigojim\u0105 tobul\u0117ti.<\/p>\n                                <\/div>\r\n                                                    <\/div>\r\n\r\n                                                    <div class=\"image-holder\" data-aos=\"fade-right\">\r\n                                <div class=\"image-block\">\r\n                                    <img loading=\"lazy\" decoding=\"async\" width=\"799\" height=\"439\" src=\"https:\/\/bas-ip.com\/wp-content\/uploads\/2023\/03\/18_2.jpg\" class=\"attachment-full size-full\" alt=\"\" srcset=\"https:\/\/bas-ip.com\/wp-content\/uploads\/2023\/03\/18_2.jpg 799w,  https:\/\/bas-ip.com\/wp-content\/uploads\/2023\/03\/18_2-300x165.jpg 300w,  https:\/\/bas-ip.com\/wp-content\/uploads\/2023\/03\/18_2-768x422.jpg 768w,  https:\/\/bas-ip.com\/wp-content\/uploads\/2023\/03\/18_2-767x421.jpg 767w\" sizes=\"auto, (max-width: 799px) 100vw, 799px\" \/>                                <\/div>\r\n                            <\/div>\r\n                            \t\t\t\t\t<\/div>\r\n\t\t\t\t\t\t\t\t\t<\/div>\r\n\t<\/section>\r\n<!-- END Block Product Installation -->\n\n<!-- START Block Sign Up --><section id=\"block_629678229e935\" class=\"sign-up-section\">\r\n\r\n    <div class=\"form-holder js-form\" data-aos=\"fade-right\">\r\n                    <div class=\"title-block h3\">Sign up for connection<\/div>\r\n        \r\n                    <div class=\"text-block\">\r\n                Filling out all the information needed to answer you as quickly as possible            <\/div>\r\n        \r\n                    \n<div class=\"wpcf7 no-js\" id=\"wpcf7-f102-o1\" lang=\"en-US\" dir=\"ltr\">\n<div class=\"screen-reader-response\"><p role=\"status\" aria-live=\"polite\" aria-atomic=\"true\"><\/p> <ul><\/ul><\/div>\n<form action=\"\/lt\/wp-json\/wp\/v2\/pages\/77587#wpcf7-f102-o1\" method=\"post\" class=\"wpcf7-form init\" aria-label=\"Contact form\" enctype=\"multipart\/form-data\" novalidate=\"novalidate\" data-status=\"init\">\n<div style=\"display: none;\">\n<input type=\"hidden\" name=\"_wpcf7\" value=\"102\" \/>\n<input type=\"hidden\" name=\"_wpcf7_version\" value=\"5.8.3\" \/>\n<input type=\"hidden\" name=\"_wpcf7_locale\" value=\"en_US\" \/>\n<input type=\"hidden\" name=\"_wpcf7_unit_tag\" value=\"wpcf7-f102-o1\" \/>\n<input type=\"hidden\" name=\"_wpcf7_container_post\" value=\"0\" \/>\n<input type=\"hidden\" name=\"_wpcf7_posted_data_hash\" value=\"\" \/>\n<input type=\"hidden\" name=\"_wpcf7_recaptcha_response\" value=\"\" \/>\n<\/div>\n<div class=\"row\"> \n <label><span class=\"label-text\">Name<\/span> \n  <span class=\"wpcf7-form-control-wrap\" data-name=\"text-full-name\"><input size=\"40\" class=\"wpcf7-form-control wpcf7-text wpcf7-validates-as-required\" aria-required=\"true\" aria-invalid=\"false\" placeholder=\"Name\" value=\"\" type=\"text\" name=\"text-full-name\" \/><\/span><\/label> \n<\/div> \n<div class=\"row\"> \n <label><span class=\"label-text\">Phone*<\/span> \n<span class=\"wpcf7-form-control-wrap\" data-name=\"phonetext-270\"><input size=\"40\" class=\"wpcf7-form-control wpcf7-phonetext wpcf7-validates-as-required wpcf7-text wpcf7-validates-as-phonetext\" aria-required=\"true\" aria-invalid=\"false\" placeholder=\"Phone*\" value=\"\" type=\"text\" name=\"phonetext-270\" \/><input type=\"hidden\" name=\"phonetext-270-country-code\" class=\"wpcf7-phonetext-country-code\" \/><\/span><\/label> \n<\/div> \n<div class=\"row\"> \n <label><span class=\"label-text\">E-mail<\/span> \n  <span class=\"wpcf7-form-control-wrap\" data-name=\"email-e-mail\"><input size=\"40\" class=\"wpcf7-form-control wpcf7-email wpcf7-validates-as-required wpcf7-text wpcf7-validates-as-email\" aria-required=\"true\" aria-invalid=\"false\" placeholder=\"E-mail\" value=\"\" type=\"email\" name=\"email-e-mail\" \/><\/span><\/label> \n<\/div> \n<div class=\"row\"><span>Your country<\/span> \n <label><span class=\"wpcf7-form-control-wrap\" data-name=\"countrytext-126\"><input size=\"40\" class=\"wpcf7-form-control wpcf7-countrytext wpcf7-text wpcf7-validates-as-countrytext\" aria-invalid=\"false\" value=\"\" type=\"text\" name=\"countrytext-126\" \/><\/span> <\/label>\n<\/div> \n<div class=\"row\"> \n <button type=\"submit\" class=\"btn\">Send<\/button> \n<\/div> \n<div class=\"row\"> \n <span class=\"wpcf7-form-control-wrap\" data-name=\"checkbox-931\"><span class=\"wpcf7-form-control wpcf7-checkbox\"><span class=\"wpcf7-list-item first\"><label><input type=\"checkbox\" name=\"checkbox-931[]\" value=\"Integrator\" \/><span class=\"wpcf7-list-item-label\">Integrator<\/span><\/label><\/span><span class=\"wpcf7-list-item\"><label><input type=\"checkbox\" name=\"checkbox-931[]\" value=\"Builder\" \/><span class=\"wpcf7-list-item-label\">Builder<\/span><\/label><\/span><span class=\"wpcf7-list-item last\"><label><input type=\"checkbox\" name=\"checkbox-931[]\" value=\"End-User\" \/><span class=\"wpcf7-list-item-label\">End-User<\/span><\/label><\/span><\/span><\/span> \n<\/div> \n<div class=\"row row-upload-file\"> \n <label class=\"upload-file-block js-upload-file\">Attach file \n  <span class=\"wpcf7-form-control-wrap\" data-name=\"file-466\"><input size=\"40\" class=\"wpcf7-form-control wpcf7-file\" accept=\"audio\/*,video\/*,image\/*\" aria-invalid=\"false\" type=\"file\" name=\"file-466\" \/><\/span><\/label> \n<\/div><input type='hidden' class='wpcf7-pum' value='{\"closepopup\":false,\"closedelay\":0,\"openpopup\":false,\"openpopup_id\":0}' \/><div class=\"wpcf7-response-output\" aria-hidden=\"true\"><\/div>\n<\/form>\n<\/div>\n            <\/div>\r\n\r\n\t\t    <div class=\"text-holder\" data-aos=\"fade-left\">\r\n\t\t\t\t\t\t    <h3 class=\"title-block\">How Can We Help?<\/h3>\r\n\t\t\t\r\n\t\t\t                <div class=\"text-block\">\r\n                    Please select a topic below related to your inquiry. If you don&#8217;t find what you need, fill out our contact form.                <\/div>\r\n\t\t\t\r\n\t\t\t\t\t\t    <ul class=\"link-list\">\r\n\t\t\t\t\t\t\t\t\t\t\t\t\t\t\t\t\t\t<li>\r\n\t\t\t\t\t\t\t\t\t\t\t\t\t\t\t\t    <strong>Get Inspired<\/strong>\r\n\t\t\t\t\t\t\t\t\t\t\t\t\t\t\t\t\t\t\t\t\t\t\t\t    <a href=\"\/features\/\">\r\n\t\t\t\t\t\t\t\t        Discover what&#8217;s beneath our intercom\t\t\t\t\t\t\t\t    <\/a>\r\n\t\t\t\t\t\t\t\t\t\t\t\t\t\t\t<\/li>\r\n\t\t\t\t\t\t\t\t\t\t\t\t\t\t\t\t\t\t\t\t\t\t\t\t<li>\r\n\t\t\t\t\t\t\t\t\t\t\t\t\t\t\t\t    <strong>Become a Partner<\/strong>\r\n\t\t\t\t\t\t\t\t\t\t\t\t\t\t\t\t\t\t\t\t\t\t\t\t    <a href=\"\/distributors\/\">\r\n\t\t\t\t\t\t\t\t        Expand your business with BAS-IP intercom\t\t\t\t\t\t\t\t    <\/a>\r\n\t\t\t\t\t\t\t\t\t\t\t\t\t\t\t<\/li>\r\n\t\t\t\t\t\t\t\t\t\t\t\t\t\t\t\t\t\t\t\t\t\t\t\t<li>\r\n\t\t\t\t\t\t\t\t\t\t\t\t\t\t\t\t    <strong>Check the Guides<\/strong>\r\n\t\t\t\t\t\t\t\t\t\t\t\t\t\t\t\t\t\t\t\t\t\t\t\t    <a href=\"\/support\/\">\r\n\t\t\t\t\t\t\t\t        Download detailed manuals and schemes\t\t\t\t\t\t\t\t    <\/a>\r\n\t\t\t\t\t\t\t\t\t\t\t\t\t\t\t<\/li>\r\n\t\t\t\t\t\t\t\t\t\t\t\t\t\t\t<\/ul>\r\n\t\t\t\r\n\t\t\t\t\t\t    <h3 class=\"title-block\">Our contacts<\/h3>\r\n\t\t\t\r\n\t\t\t\t\t\t\t<ul class=\"contact-list\">\r\n\t\t\t\t\t\t\t\t\t\t\t\t\t\t\t\t\t\t<li>\r\n\t\t\t\t\t\t\t\t\t\t\t\t\t\t\t\t\t<strong>Sales:<\/strong>\r\n\t\t\t\t\t\t\t\t\t\t\t\t\t\t\t\t\t\t\t\t\t\t\t\t    <a href=\"mailto:s&#97;l&#101;&#115;&#64;ba&#115;-&#105;p&#46;&#99;o&#109;\">&#115;&#97;le&#115;&#64;ba&#115;&#45;i&#112;.&#99;o&#109;<\/a>\r\n\t\t\t\t\t\t\t\t\t\t\t\t\t\t\t<\/li>\r\n\t\t\t\t\t\t\t\t\t\t\t\t\t\t\t\t\t\t\t\t\t\t\t\t<li>\r\n\t\t\t\t\t\t\t\t\t\t\t\t\t\t\t\t\t<strong>Technical support:<\/strong>\r\n\t\t\t\t\t\t\t\t\t\t\t\t\t\t\t\t\t\t\t\t\t\t\t\t    <a href=\"mailto:sup&#112;&#111;r&#116;&#64;ba&#115;&#45;&#105;p&#46;c&#111;m\">supp&#111;r&#116;&#64;&#98;&#97;&#115;&#45;&#105;p.&#99;om<\/a>\r\n\t\t\t\t\t\t\t\t\t\t\t\t\t\t\t<\/li>\r\n\t\t\t\t\t\t\t\t\t\t\t\t\t\t\t<\/ul>\r\n\t\t\t\t\t<\/div>\r\n\t<\/section>\r\n\r\n\r\n\r\n<!-- END Block Sign Up -->\n\n<!-- START Block Info Boxes Gated Community --><!-- END Block Info Boxes Gated Community -->","protected":false},"excerpt":{"rendered":"","protected":false},"author":1,"featured_media":0,"parent":0,"menu_order":0,"comment_status":"closed","ping_status":"closed","template":"","meta":{"inline_featured_image":false,"footnotes":""},"class_list":["post-77587","page","type-page","status-publish","hentry"],"acf":[],"_links":{"self":[{"href":"https:\/\/bas-ip.com\/lt\/wp-json\/wp\/v2\/pages\/77587","targetHints":{"allow":["GET"]}}],"collection":[{"href":"https:\/\/bas-ip.com\/lt\/wp-json\/wp\/v2\/pages"}],"about":[{"href":"https:\/\/bas-ip.com\/lt\/wp-json\/wp\/v2\/types\/page"}],"author":[{"embeddable":true,"href":"https:\/\/bas-ip.com\/lt\/wp-json\/wp\/v2\/users\/1"}],"replies":[{"embeddable":true,"href":"https:\/\/bas-ip.com\/lt\/wp-json\/wp\/v2\/comments?post=77587"}],"version-history":[{"count":2,"href":"https:\/\/bas-ip.com\/lt\/wp-json\/wp\/v2\/pages\/77587\/revisions"}],"predecessor-version":[{"id":77623,"href":"https:\/\/bas-ip.com\/lt\/wp-json\/wp\/v2\/pages\/77587\/revisions\/77623"}],"wp:attachment":[{"href":"https:\/\/bas-ip.com\/lt\/wp-json\/wp\/v2\/media?parent=77587"}],"curies":[{"name":"wp","href":"https:\/\/api.w.org\/{rel}","templated":true}]}}