{"id":160275,"date":"2026-02-02T03:51:00","date_gmt":"2026-02-02T03:51:00","guid":{"rendered":"https:\/\/bas-ip.com\/hartman\/"},"modified":"2026-03-25T12:05:05","modified_gmt":"2026-03-25T12:05:05","slug":"hartman","status":"publish","type":"page","link":"https:\/\/bas-ip.com\/lt\/hartman\/","title":{"rendered":"Hartman"},"content":{"rendered":"<h2>\u201eBAS-IP\u201c ir \u201eHartman Controls\u201c skelbia apie integracij\u0105, kuri i\u0161 naujo apibr\u0117\u0161 pastat\u0173 prieigos valdym\u0105<\/h2>\n<p><img loading=\"lazy\" decoding=\"async\" class=\"aligncenter size-large wp-image-155099\" src=\"https:\/\/bas-ip.com\/wp-content\/uploads\/2026\/02\/Hartman_logo_n-1024x296.png\" alt=\"\" width=\"900\" height=\"260\" srcset=\"https:\/\/bas-ip.com\/wp-content\/uploads\/2026\/02\/Hartman_logo_n-1024x296.png 1024w,  https:\/\/bas-ip.com\/wp-content\/uploads\/2026\/02\/Hartman_logo_n-300x87.png 300w,  https:\/\/bas-ip.com\/wp-content\/uploads\/2026\/02\/Hartman_logo_n-768x222.png 768w,  https:\/\/bas-ip.com\/wp-content\/uploads\/2026\/02\/Hartman_logo_n-1536x444.png 1536w,  https:\/\/bas-ip.com\/wp-content\/uploads\/2026\/02\/Hartman_logo_n-2048x592.png 2048w,  https:\/\/bas-ip.com\/wp-content\/uploads\/2026\/02\/Hartman_logo_n-1920x555.png 1920w,  https:\/\/bas-ip.com\/wp-content\/uploads\/2026\/02\/Hartman_logo_n-767x222.png 767w,  https:\/\/bas-ip.com\/wp-content\/uploads\/2026\/02\/Hartman_logo_n-1534x443.png 1534w\" sizes=\"auto, (max-width: 900px) 100vw, 900px\" \/><\/p>\n<p data-path-to-node=\"1\"><strong>\u201eBAS-IP\u201c, pirmaujanti IP domofon\u0173 sistem\u0173 k\u016br\u0117ja, ir \u201eHartman Controls\u201c, integruot\u0173 pra\u0117jimo kontrol\u0117s platform\u0173 lyder\u0117, paskelb\u0117 apie strategin\u0119 integracij\u0105. \u0160i partneryst\u0117 sujungia pa\u017eangias \u201eBAS-IP\u201c i\u0161kvietimo paneles su \u201eOdyssey\u201c ekosistema, suteikdama viening\u0105, kei\u010diamo masto sprendim\u0105 \u0161iuolaikiniams gyvenamiesiems ir komerciniams pastatams.<\/strong><\/p>\n<p data-path-to-node=\"2\">\u0160ios integracijos pagrindas yra sklandus \u201eBAS-IP\u201c technin\u0117s \u012frangos ir <strong>\u201eOdyssey\u201c platformos<\/strong> koordinavimas. Naudojant SIP pagr\u012fst\u0105 ry\u0161\u012f ir \u201eBAS-IP Open API\u201c, sistemos veikia i\u0161vien, leid\u017eiant valdyti identifikavimo duomenis, ry\u0161\u012f ir saugum\u0105 per vien\u0105 centralizuot\u0105 s\u0105saj\u0105.<\/p>\n<p data-path-to-node=\"3\">\u201eOdyssey\u201c sistema tarnauja kaip pagrindinis valdymo centras. Saugos operatoriai gali valdyti gyventojus, duris ir leidimus, o \u201eBAS-IP Link\u201c platforma u\u017etikrina, kad visi konfig\u016bracijos duomenys (\u012fskaitant SIP parametrus ir kontakt\u0173 katalogus) b\u016bt\u0173 automati\u0161kai sinchronizuojami visoje domofon\u0173 infrastrukt\u016broje.<\/p>\n<h3 data-path-to-node=\"4\">Pagrindiniai privalumai:<\/h3>\n<ul>\n<li data-path-to-node=\"5,0,0\"><b data-path-to-node=\"5,0,0\" data-index-in-node=\"0\">Centralizuotas valdymas<\/b> \u2013 vieningas pra\u0117jimo kontrol\u0117s, domofon\u0173 ir vaizdo steb\u0117jimo valdymas \u201eOdyssey\u201c ekosistemoje.<\/li>\n<li data-path-to-node=\"5,1,0\"><b data-path-to-node=\"5,1,0\" data-index-in-node=\"0\">Didesnis mobilumas<\/b> \u2013 gyventojai ir darbuotojai gali priimti domofono skambu\u010dius naudodami \u201eHC-Key\u201c ir \u201eHC-Admin\u201c mobili\u0105sias program\u0117les.<\/li>\n<li data-path-to-node=\"5,2,0\"><b data-path-to-node=\"5,2,0\" data-index-in-node=\"0\">Automatinis sinchronizavimas<\/b> \u2013 kontakt\u0173 knyg\u0173 ir SIP nustatym\u0173 sinchronizavimas realiuoju laiku per \u201eBAS-IP Open API\u201c.<\/li>\n<li data-path-to-node=\"5,3,0\"><b data-path-to-node=\"5,3,0\" data-index-in-node=\"0\">Kei\u010diamo masto architekt\u016bra<\/b> \u2013 atei\u010diai pritaikytas sprendimas, tinkantis daugiabu\u010diams, komerciniams ir mi\u0161rios paskirties projektams.<\/li>\n<\/ul>\n<h3 data-path-to-node=\"6\">Kaip veikia integracija:<\/h3>\n<ol>\n<li data-path-to-node=\"7,0,0\"><b data-path-to-node=\"7,0,0\" data-index-in-node=\"0\">Registracija:<\/b> administratorius valdo identifikavimo duomenis ir gyventoj\u0173 informacij\u0105 \u201eHartman Odyssey\u201c platformoje.<\/li>\n<li data-path-to-node=\"7,1,0\"><b data-path-to-node=\"7,1,0\" data-index-in-node=\"0\">Sinchronizavimas:<\/b> naudojant \u201eBAS-IP Open API\u201c, \u201eOdyssey\u201c sinchronizuoja SIP paskyras ir kontakt\u0173 katalogus tiesiogiai su i\u0161kvietimo panel\u0117mis.<\/li>\n<li data-path-to-node=\"7,2,0\"><b data-path-to-node=\"7,2,0\" data-index-in-node=\"0\">Skambinimas:<\/b> lankytojas pasirenka vard\u0105 \u201eBAS-IP\u201c panel\u0117s kataloge. Skambutis nukreipiamas per \u201eOdyssey\u201c SIP infrastrukt\u016br\u0105.<\/li>\n<li data-path-to-node=\"7,3,0\"><b data-path-to-node=\"7,3,0\" data-index-in-node=\"0\">Ry\u0161ys:<\/b> gyventojai arba operatoriai gauna skambut\u012f \u201eHC-Key\u201c mobiliojoje program\u0117l\u0117je, \u201eOdyssey\u201c kompiuterin\u0117je programoje arba stacionariose darbo vietose.<\/li>\n<li data-path-to-node=\"7,4,0\"><b data-path-to-node=\"7,4,0\" data-index-in-node=\"0\">Prieiga:<\/b> durys atrakinamos nuotoliniu b\u016bdu per integruot\u0105 \u201eOdyssey\u201c s\u0105saj\u0105, i\u0161laikant saugi\u0105 \u012fvyki\u0173 \u017eurnalo sistem\u0105.<\/li>\n<\/ol>\n<p data-path-to-node=\"8\">\u0160i integracija pa\u0161alina \u201efragmentuotos sistemos\u201c problem\u0105, pakeisdama atskirus komponentus vientisa aplinka, kuri sutrumpina sistem\u0173 dieg\u0117j\u0173 darbo laik\u0105 ir pagerina kasdien\u0119 pastato naudotoj\u0173 patirt\u012f.<\/p>\n\n<!-- START Block Sign Up --><section id=\"block_629678229e935\" class=\"sign-up-section\">\r\n\r\n    <div class=\"form-holder js-form\" data-aos=\"fade-right\">\r\n                    <div class=\"title-block h3\">Sign up for connection<\/div>\r\n        \r\n                    <div class=\"text-block\">\r\n                Filling out all the information needed to answer you as quickly as possible            <\/div>\r\n        \r\n                    \n<div class=\"wpcf7 no-js\" id=\"wpcf7-f102-o1\" lang=\"en-US\" dir=\"ltr\">\n<div class=\"screen-reader-response\"><p role=\"status\" aria-live=\"polite\" aria-atomic=\"true\"><\/p> <ul><\/ul><\/div>\n<form action=\"\/lt\/wp-json\/wp\/v2\/pages\/160275#wpcf7-f102-o1\" method=\"post\" class=\"wpcf7-form init\" aria-label=\"Contact form\" enctype=\"multipart\/form-data\" novalidate=\"novalidate\" data-status=\"init\">\n<div style=\"display: none;\">\n<input type=\"hidden\" name=\"_wpcf7\" value=\"102\" \/>\n<input type=\"hidden\" name=\"_wpcf7_version\" value=\"5.8.3\" \/>\n<input type=\"hidden\" name=\"_wpcf7_locale\" value=\"en_US\" \/>\n<input type=\"hidden\" name=\"_wpcf7_unit_tag\" value=\"wpcf7-f102-o1\" \/>\n<input type=\"hidden\" name=\"_wpcf7_container_post\" value=\"0\" \/>\n<input type=\"hidden\" name=\"_wpcf7_posted_data_hash\" value=\"\" \/>\n<input type=\"hidden\" name=\"_wpcf7_recaptcha_response\" value=\"\" \/>\n<\/div>\n<div class=\"row\"> \n <label><span class=\"label-text\">Name<\/span> \n  <span class=\"wpcf7-form-control-wrap\" data-name=\"text-full-name\"><input size=\"40\" class=\"wpcf7-form-control wpcf7-text wpcf7-validates-as-required\" aria-required=\"true\" aria-invalid=\"false\" placeholder=\"Name\" value=\"\" type=\"text\" name=\"text-full-name\" \/><\/span><\/label> \n<\/div> \n<div class=\"row\"> \n <label><span class=\"label-text\">Phone*<\/span> \n<span class=\"wpcf7-form-control-wrap\" data-name=\"phonetext-270\"><input size=\"40\" class=\"wpcf7-form-control wpcf7-phonetext wpcf7-validates-as-required wpcf7-text wpcf7-validates-as-phonetext\" aria-required=\"true\" aria-invalid=\"false\" placeholder=\"Phone*\" value=\"\" type=\"text\" name=\"phonetext-270\" \/><input type=\"hidden\" name=\"phonetext-270-country-code\" class=\"wpcf7-phonetext-country-code\" \/><\/span><\/label> \n<\/div> \n<div class=\"row\"> \n <label><span class=\"label-text\">E-mail<\/span> \n  <span class=\"wpcf7-form-control-wrap\" data-name=\"email-e-mail\"><input size=\"40\" class=\"wpcf7-form-control wpcf7-email wpcf7-validates-as-required wpcf7-text wpcf7-validates-as-email\" aria-required=\"true\" aria-invalid=\"false\" placeholder=\"E-mail\" value=\"\" type=\"email\" name=\"email-e-mail\" \/><\/span><\/label> \n<\/div> \n<div class=\"row\"><span>Your country<\/span> \n <label><span class=\"wpcf7-form-control-wrap\" data-name=\"countrytext-126\"><input size=\"40\" class=\"wpcf7-form-control wpcf7-countrytext wpcf7-text wpcf7-validates-as-countrytext\" aria-invalid=\"false\" value=\"\" type=\"text\" name=\"countrytext-126\" \/><\/span> <\/label>\n<\/div> \n<div class=\"row\"> \n <button type=\"submit\" class=\"btn\">Send<\/button> \n<\/div> \n<div class=\"row\"> \n <span class=\"wpcf7-form-control-wrap\" data-name=\"checkbox-931\"><span class=\"wpcf7-form-control wpcf7-checkbox\"><span class=\"wpcf7-list-item first\"><label><input type=\"checkbox\" name=\"checkbox-931[]\" value=\"Integrator\" \/><span class=\"wpcf7-list-item-label\">Integrator<\/span><\/label><\/span><span class=\"wpcf7-list-item\"><label><input type=\"checkbox\" name=\"checkbox-931[]\" value=\"Builder\" \/><span class=\"wpcf7-list-item-label\">Builder<\/span><\/label><\/span><span class=\"wpcf7-list-item last\"><label><input type=\"checkbox\" name=\"checkbox-931[]\" value=\"End-User\" \/><span class=\"wpcf7-list-item-label\">End-User<\/span><\/label><\/span><\/span><\/span> \n<\/div> \n<div class=\"row row-upload-file\"> \n <label class=\"upload-file-block js-upload-file\">Attach file \n  <span class=\"wpcf7-form-control-wrap\" data-name=\"file-466\"><input size=\"40\" class=\"wpcf7-form-control wpcf7-file\" accept=\"audio\/*,video\/*,image\/*\" aria-invalid=\"false\" type=\"file\" name=\"file-466\" \/><\/span><\/label> \n<\/div><input type='hidden' class='wpcf7-pum' value='{\"closepopup\":false,\"closedelay\":0,\"openpopup\":false,\"openpopup_id\":0}' \/><div class=\"wpcf7-response-output\" aria-hidden=\"true\"><\/div>\n<\/form>\n<\/div>\n            <\/div>\r\n\r\n\t\t    <div class=\"text-holder\" data-aos=\"fade-left\">\r\n\t\t\t\t\t\t    <h3 class=\"title-block\">How Can We Help?<\/h3>\r\n\t\t\t\r\n\t\t\t                <div class=\"text-block\">\r\n                    Please select a topic below related to your inquiry. If you don&#8217;t find what you need, fill out our contact form.                <\/div>\r\n\t\t\t\r\n\t\t\t\t\t\t    <ul class=\"link-list\">\r\n\t\t\t\t\t\t\t\t\t\t\t\t\t\t\t\t\t\t<li>\r\n\t\t\t\t\t\t\t\t\t\t\t\t\t\t\t\t    <strong>Get Inspired<\/strong>\r\n\t\t\t\t\t\t\t\t\t\t\t\t\t\t\t\t\t\t\t\t\t\t\t\t    <a href=\"\/features\/\">\r\n\t\t\t\t\t\t\t\t        Discover what&#8217;s beneath our intercom\t\t\t\t\t\t\t\t    <\/a>\r\n\t\t\t\t\t\t\t\t\t\t\t\t\t\t\t<\/li>\r\n\t\t\t\t\t\t\t\t\t\t\t\t\t\t\t\t\t\t\t\t\t\t\t\t<li>\r\n\t\t\t\t\t\t\t\t\t\t\t\t\t\t\t\t    <strong>Become a Partner<\/strong>\r\n\t\t\t\t\t\t\t\t\t\t\t\t\t\t\t\t\t\t\t\t\t\t\t\t    <a href=\"\/distributors\/\">\r\n\t\t\t\t\t\t\t\t        Expand your business with BAS-IP intercom\t\t\t\t\t\t\t\t    <\/a>\r\n\t\t\t\t\t\t\t\t\t\t\t\t\t\t\t<\/li>\r\n\t\t\t\t\t\t\t\t\t\t\t\t\t\t\t\t\t\t\t\t\t\t\t\t<li>\r\n\t\t\t\t\t\t\t\t\t\t\t\t\t\t\t\t    <strong>Check the Guides<\/strong>\r\n\t\t\t\t\t\t\t\t\t\t\t\t\t\t\t\t\t\t\t\t\t\t\t\t    <a href=\"\/support\/\">\r\n\t\t\t\t\t\t\t\t        Download detailed manuals and schemes\t\t\t\t\t\t\t\t    <\/a>\r\n\t\t\t\t\t\t\t\t\t\t\t\t\t\t\t<\/li>\r\n\t\t\t\t\t\t\t\t\t\t\t\t\t\t\t<\/ul>\r\n\t\t\t\r\n\t\t\t\t\t\t    <h3 class=\"title-block\">Our contacts<\/h3>\r\n\t\t\t\r\n\t\t\t\t\t\t\t<ul class=\"contact-list\">\r\n\t\t\t\t\t\t\t\t\t\t\t\t\t\t\t\t\t\t<li>\r\n\t\t\t\t\t\t\t\t\t\t\t\t\t\t\t\t\t<strong>Sales:<\/strong>\r\n\t\t\t\t\t\t\t\t\t\t\t\t\t\t\t\t\t\t\t\t\t\t\t\t    <a href=\"mailto:&#115;a&#108;e&#115;&#64;&#98;a&#115;-&#105;p&#46;&#99;om\">&#115;a&#108;es&#64;&#98;a&#115;-&#105;&#112;&#46;com<\/a>\r\n\t\t\t\t\t\t\t\t\t\t\t\t\t\t\t<\/li>\r\n\t\t\t\t\t\t\t\t\t\t\t\t\t\t\t\t\t\t\t\t\t\t\t\t<li>\r\n\t\t\t\t\t\t\t\t\t\t\t\t\t\t\t\t\t<strong>Technical support:<\/strong>\r\n\t\t\t\t\t\t\t\t\t\t\t\t\t\t\t\t\t\t\t\t\t\t\t\t    <a href=\"mailto:su&#112;por&#116;&#64;&#98;as-&#105;&#112;&#46;&#99;&#111;&#109;\">&#115;&#117;&#112;p&#111;r&#116;&#64;&#98;as&#45;i&#112;.&#99;om<\/a>\r\n\t\t\t\t\t\t\t\t\t\t\t\t\t\t\t<\/li>\r\n\t\t\t\t\t\t\t\t\t\t\t\t\t\t\t<\/ul>\r\n\t\t\t\t\t<\/div>\r\n\t<\/section>\r\n\r\n\r\n\r\n<!-- END Block Sign Up -->\n\n\n<p><\/p>","protected":false},"excerpt":{"rendered":"<p>\u201eBAS-IP\u201c ir \u201eHartman Controls\u201c skelbia apie integracij\u0105, kuri i\u0161 naujo apibr\u0117\u0161 pastat\u0173 prieigos valdym\u0105 \u201eBAS-IP\u201c, pirmaujanti IP domofon\u0173 sistem\u0173 k\u016br\u0117ja, ir \u201eHartman Controls\u201c, integruot\u0173 pra\u0117jimo kontrol\u0117s platform\u0173 lyder\u0117, paskelb\u0117 apie strategin\u0119 integracij\u0105. \u0160i partneryst\u0117 sujungia pa\u017eangias \u201eBAS-IP\u201c i\u0161kvietimo paneles su \u201eOdyssey\u201c ekosistema, suteikdama viening\u0105, kei\u010diamo masto sprendim\u0105 \u0161iuolaikiniams gyvenamiesiems ir komerciniams pastatams. \u0160ios integracijos pagrindas [&hellip;]<\/p>","protected":false},"author":1,"featured_media":0,"parent":0,"menu_order":0,"comment_status":"closed","ping_status":"closed","template":"page-custom-breadcrumbs.php","meta":{"inline_featured_image":false,"footnotes":""},"class_list":["post-160275","page","type-page","status-publish","hentry"],"acf":[],"_links":{"self":[{"href":"https:\/\/bas-ip.com\/lt\/wp-json\/wp\/v2\/pages\/160275","targetHints":{"allow":["GET"]}}],"collection":[{"href":"https:\/\/bas-ip.com\/lt\/wp-json\/wp\/v2\/pages"}],"about":[{"href":"https:\/\/bas-ip.com\/lt\/wp-json\/wp\/v2\/types\/page"}],"author":[{"embeddable":true,"href":"https:\/\/bas-ip.com\/lt\/wp-json\/wp\/v2\/users\/1"}],"replies":[{"embeddable":true,"href":"https:\/\/bas-ip.com\/lt\/wp-json\/wp\/v2\/comments?post=160275"}],"version-history":[{"count":2,"href":"https:\/\/bas-ip.com\/lt\/wp-json\/wp\/v2\/pages\/160275\/revisions"}],"predecessor-version":[{"id":160334,"href":"https:\/\/bas-ip.com\/lt\/wp-json\/wp\/v2\/pages\/160275\/revisions\/160334"}],"wp:attachment":[{"href":"https:\/\/bas-ip.com\/lt\/wp-json\/wp\/v2\/media?parent=160275"}],"curies":[{"name":"wp","href":"https:\/\/api.w.org\/{rel}","templated":true}]}}