{"id":151755,"date":"2025-09-24T10:20:27","date_gmt":"2025-09-24T10:20:27","guid":{"rendered":"https:\/\/bas-ip.com\/warranty-policy-global-south\/"},"modified":"2025-12-03T14:13:40","modified_gmt":"2025-12-03T14:13:40","slug":"warranty-policy-global-south","status":"publish","type":"page","link":"https:\/\/bas-ip.com\/lt\/warranty-policy-global-south\/","title":{"rendered":"Garantijos politika (Pasaulio Piet\u016bs)"},"content":{"rendered":"<p data-path-to-node=\"2\">Galioja politika, pagal kuri\u0105 prietais\u0173 garantin\u0117s dalys kei\u010diamos <b>pilnais surinktais moduliais<\/b>.<\/p>\n<p data-path-to-node=\"3\">Remiantis statistiniais duomenimis apie paslaug\u0173 u\u017eklausas, daugum\u0105 problem\u0173 galima i\u0161spr\u0119sti nuotoliu, atliekant programin\u0117s \u012frangos atnaujinimus ar prietaiso perkonfig\u016bravim\u0105. Nor\u0117dami pabandyti i\u0161spr\u0119sti savo problem\u0105 nuotoliu, susisiekite su mumis \u0161iais komunikacijos kanalais:<\/p>\n<p data-path-to-node=\"4,0,0\"><b>WhatsApp:<\/b> <a class=\"ng-star-inserted\" href=\"https:\/\/wa.me\/message\/TQPHTSMDUD6UE1\" target=\"_blank\" rel=\"noopener\" data-hveid=\"0\" data-ved=\"0CAAQ_4QMahgKEwiI69i1yqGRAxUAAAAAHQAAAAAQgwE\">https:\/\/wa.me\/message\/TQPHTSMDUD6UE1<\/a><\/p>\n<p data-path-to-node=\"4,1,0\"><b>Telegram:<\/b> <a class=\"ng-star-inserted\" href=\"https:\/\/t.me\/bas_ip_international_support_bot\" target=\"_blank\" rel=\"noopener\" data-hveid=\"0\" data-ved=\"0CAAQ_4QMahgKEwiI69i1yqGRAxUAAAAAHQAAAAAQhAE\">https:\/\/t.me\/bas_ip_international_support_bot<\/a><\/p>\n<p data-path-to-node=\"4,2,0\"><b>El. pa\u0161tas:<\/b> <a href=\"mailto:support@bas-ip.com\">support@bas-ip.com<\/a><\/p>\n<p data-path-to-node=\"4,3,0\"><b>Darbo laikas:<\/b> Nuo pirmadienio iki penktadienio, 06:00\u201322:00 (GMT)<\/p>\n<p data-path-to-node=\"6\">Jei j\u016bs\u0173 problemos negalima i\u0161spr\u0119sti nuotoliu, vadovaukit\u0117s toliau nurodyta proced\u016bra:<\/p>\n<p data-path-to-node=\"7\">Pra\u0161ome i\u0161 anksto paruo\u0161ti informacij\u0105 apie <b>pirkimo dat\u0105<\/b> ir <b>partneri\u0173 \u012fmon\u0119<\/b>, i\u0161 kurios produktas buvo \u012fsigytas.<\/p>\n<p data-path-to-node=\"8,0,0\">&#8211; Jums papra\u0161ius, m\u016bs\u0173 specialistams reik\u0117s <b>visos reikiamos informacijos<\/b> (prietaiso modelis, serijos numeris, pretenzijos prie\u017eastis, pirkimo data, galimi skundai, nuotraukos), kad b\u016bt\u0173 galima prad\u0117ti visi\u0161kai surinkt\u0173 moduli\u0173 i\u0161siuntimo proced\u016br\u0105.<\/p>\n<p data-path-to-node=\"8,1,0\">&#8211; I\u0161analizavus vis\u0105 pateikt\u0105 informacij\u0105, su jumis bus susisiekta j\u016bs\u0173 nurodytais kontaktais ir <b>prane\u0161ama apie priimt\u0105 sprendim\u0105 bei tolesnius veiksmus<\/b>, kuri\u0173 reikia imtis visi\u0161kai surinkt\u0173 moduli\u0173 i\u0161siuntimui.<\/p>\n<p data-path-to-node=\"8,2,0\">&#8211; Visi\u0161kai surinkt\u0173 moduli\u0173 i\u0161siuntimo atveju <b>siuntimas bus vykdomas i\u0161 partneri\u0173 \u012fmon\u0117s<\/b>, i\u0161 kurios \u012fsigijote prietais\u0105.<\/p>\n<p data-path-to-node=\"10\"><strong>Produkto garantijos laikotarpis yra trisde\u0161imt \u0161e\u0161i (36) m\u0117nesiai nuo pardavimo datos.<\/strong><\/p>\n<p data-path-to-node=\"11,0,0\">&#8211; Prietais\u0173 gabenimas turi b\u016bti vykdomas pardav\u0117jo pateiktoje <b>originalioje pakuot\u0117je<\/b> arba pakuot\u0117je, turin\u010dioje <b>lygiavertes apsaugines ir eksploatacines savybes<\/b>.<\/p>\n<p data-path-to-node=\"11,1,0\"><b>&#8211; Ribota dvylikos (12) m\u0117nesi\u0173 garantija<\/b> nuo pardavimo datos taikoma \u012fvairi\u0173 tip\u0173 montavimo laikikliams, \u012fskaitant \u012fmontuojamus, pavir\u0161inius, stalinius laikiklius, apsaugas nuo lietaus ir saul\u0117s, pasukamus kampus.<\/p>\n<p data-path-to-node=\"11,2,0\">&#8211; \u0160ios garantijos s\u0105lygos yra <b>papildomos<\/b> konstitucin\u0117ms ir kitoms vartotojo gyvenamojoje \u0161alyje taikomoms vartotoj\u0173 teis\u0117ms ir <b>jokiu b\u016bdu neapriboja<\/b> toki\u0173 teisi\u0173.<\/p>\n<h2 data-path-to-node=\"13\">Garantijos S\u0105lygos<\/h2>\n<ol>\n<li data-path-to-node=\"14\">Pateikiant RMA (preki\u0173 gr\u0105\u017einimo leidimo) pretenzij\u0105 BAS-IP, b\u016btina pateikti i\u0161sami\u0105 informacij\u0105 apie tiksl\u0173 prietaiso model\u012f, \u012fskaitant jo spalv\u0105, prietaiso serijos numer\u012f, pirkimo dat\u0105 ir pretenzij\u0105 su i\u0161samiu ir tiksliu problemos, sukelian\u010dios RMA, apra\u0161ymu.<\/li>\n<li data-path-to-node=\"15\">Pristatymas \u012f BAS-IP arba jos aptarnavimo centr\u0105 yra pirk\u0117jo atsakomyb\u0117 ir s\u0105skaita.<\/li>\n<li data-path-to-node=\"16\">Garantinis aptarnavimas teikiamas tik per \u0161ioje garantijos politikoje nurodyt\u0105 garantijos laikotarp\u012f.<\/li>\n<li data-path-to-node=\"17\">Laikas, praleistas prietaiso veikimo atstatymui, bus prid\u0117tas prie \u0161ioje garantijos politikoje nustatyto garantijos laikotarpio.<\/li>\n<\/ol>\n<h2 data-path-to-node=\"19\">Garantijos S\u0105lyg\u0173 Pa\u017eeidimas<\/h2>\n<ol>\n<li data-path-to-node=\"20\">\u0160ios garantijos s\u0105lygos tampa negaliojan\u010dios, jei produkto standartiniai arba serijos numeriai yra pakeisti, i\u0161trinti, pa\u0161alinti arba padaryti ne\u012fskaitomi.<\/li>\n<li data-path-to-node=\"21\">Garantijos nuostatos bus panaikintos bet koki\u0173 modifikacij\u0173, adaptacij\u0173 ar pakeitim\u0173 atveju, kurie skirti pagerinti ar i\u0161pl\u0117sti \u012fprast\u0105 naudojimo srit\u012f, kaip nurodyta naudotojo vadove.<\/li>\n<li data-path-to-node=\"22\">Garantija tampa negaliojan\u010dia, jei produktas naudojamas prie\u0161ingai jo numatytai paskir\u010diai arba nesuderinamu b\u016bdu su naudotojo ir technin\u0117s prie\u017ei\u016bros instrukcijomis.<\/li>\n<li data-path-to-node=\"23\">Garantijos apr\u0117ptis panaikinama, jei svetimk\u016bniai, med\u017eiagos, skys\u010diai, garai, korozin\u0117s dujos ar vabzd\u017eiai patenka \u012f vidines ar i\u0161orines produkto dalis, nety\u010dia ar ty\u010dia.<\/li>\n<li data-path-to-node=\"24\">Garantija tampa negaliojan\u010dia produkto netinkamo prijungimo prie kit\u0173 sistem\u0173 arba neteisingo \u012frengimo ir montavimo atvejais.<\/li>\n<li data-path-to-node=\"25\">\u0160i garantija netaikoma defektams ar \u017ealai, atsiradusiems bet kurioje sistemoje, \u012f kuri\u0105 produktas buvo integruotas arba su kuria buvo naudojamas kartu.<\/li>\n<li data-path-to-node=\"26\">Garantija laikoma negaliojan\u010dia ir negaliojan\u010dia, jei produktas turi mechanini\u0173 pa\u017eeidim\u0173, \u012fskilim\u0173, \u012flenkim\u0173, \u012ftr\u016bkim\u0173, klastojimo po\u017eymi\u0173 ar pana\u0161i\u0173 defekt\u0173.<\/li>\n<li data-path-to-node=\"27\">Garantija netaikoma produktams, sugadintiems d\u0117l eksploatavimo \u0161alyje taikom\u0173 standart\u0173 neatitikimo, \u012fskaitant problemas, susijusias su maitinimo \u0161altinio parametrais, telekomunikacijomis, kabeli\u0173 tinklais ar kitais i\u0161oriniais veiksniais.<\/li>\n<li data-path-to-node=\"28\">Garantijos apr\u0117ptis neapima \u017ealos, atsiradusios d\u0117l i\u0161orini\u0173 veiksni\u0173, toki\u0173 kaip stichin\u0117s nelaim\u0117s, karas, gaisras, potvynis, \u017eaibas, audros, \u012ftampos svyravimai ar kitos prie\u017eastys, nepriklausan\u010dios nuo gamintojo kontrol\u0117s.<\/li>\n<li data-path-to-node=\"29\">Garantija tampa negaliojan\u010dia, jei remont\u0105 ar modifikacijas bando atlikti neautorizuoti aptarnavimo centrai arba asmenys\/organizacijos, neturintys teisin\u0117s teis\u0117s atlikti tokius remontus ar modifikacijas.<\/li>\n<li data-path-to-node=\"30\">\u0160ios garantijos s\u0105lygos netaikomos priedams (\u012fskaitant, bet neapsiribojant, baterijas, i\u0161orinius maitinimo \u0161altinius, jungiamuosius kabelius, rakt\u0173 pakabukus, korteles, identifikatorius) ar produkto dalims, kurios yra veikiami normalaus nusid\u0117v\u0117jimo.<\/li>\n<\/ol>","protected":false},"excerpt":{"rendered":"<p>Galioja politika, pagal kuri\u0105 prietais\u0173 garantin\u0117s dalys kei\u010diamos pilnais surinktais moduliais. Remiantis statistiniais duomenimis apie paslaug\u0173 u\u017eklausas, daugum\u0105 problem\u0173 galima i\u0161spr\u0119sti nuotoliu, atliekant programin\u0117s \u012frangos atnaujinimus ar prietaiso perkonfig\u016bravim\u0105. Nor\u0117dami pabandyti i\u0161spr\u0119sti savo problem\u0105 nuotoliu, susisiekite su mumis \u0161iais komunikacijos kanalais: WhatsApp: https:\/\/wa.me\/message\/TQPHTSMDUD6UE1 Telegram: https:\/\/t.me\/bas_ip_international_support_bot El. pa\u0161tas: support@bas-ip.com Darbo laikas: Nuo pirmadienio iki penktadienio, 06:00\u201322:00 [&hellip;]<\/p>","protected":false},"author":1,"featured_media":0,"parent":0,"menu_order":0,"comment_status":"closed","ping_status":"closed","template":"","meta":{"inline_featured_image":false,"footnotes":""},"class_list":["post-151755","page","type-page","status-publish","hentry"],"acf":[],"_links":{"self":[{"href":"https:\/\/bas-ip.com\/lt\/wp-json\/wp\/v2\/pages\/151755","targetHints":{"allow":["GET"]}}],"collection":[{"href":"https:\/\/bas-ip.com\/lt\/wp-json\/wp\/v2\/pages"}],"about":[{"href":"https:\/\/bas-ip.com\/lt\/wp-json\/wp\/v2\/types\/page"}],"author":[{"embeddable":true,"href":"https:\/\/bas-ip.com\/lt\/wp-json\/wp\/v2\/users\/1"}],"replies":[{"embeddable":true,"href":"https:\/\/bas-ip.com\/lt\/wp-json\/wp\/v2\/comments?post=151755"}],"version-history":[{"count":2,"href":"https:\/\/bas-ip.com\/lt\/wp-json\/wp\/v2\/pages\/151755\/revisions"}],"predecessor-version":[{"id":151823,"href":"https:\/\/bas-ip.com\/lt\/wp-json\/wp\/v2\/pages\/151755\/revisions\/151823"}],"wp:attachment":[{"href":"https:\/\/bas-ip.com\/lt\/wp-json\/wp\/v2\/media?parent=151755"}],"curies":[{"name":"wp","href":"https:\/\/api.w.org\/{rel}","templated":true}]}}