{"id":151542,"date":"2025-09-24T10:12:14","date_gmt":"2025-09-24T10:12:14","guid":{"rendered":"https:\/\/bas-ip.com\/warranty-policy-north-america\/"},"modified":"2025-12-02T11:27:09","modified_gmt":"2025-12-02T11:27:09","slug":"warranty-policy-north-america","status":"publish","type":"page","link":"https:\/\/bas-ip.com\/lt\/warranty-policy-north-america\/","title":{"rendered":"Garantijos politika (\u0160iaur\u0117s Amerika)"},"content":{"rendered":"<p data-path-to-node=\"2\">Klient\u0173 aptarnavimo s\u0105lygos skiriasi ir priklauso nuo geografinio regiono, kuriame yra ir veikia m\u016bs\u0173 klientai. Atitinkamai, garantijos politika ir \u012fsipareigojimai taip pat gali \u0161iek tiek skirtis, priklausomai nuo kliento vietos ir veiklos konteksto. Nor\u0117dami tinkamai gauti paslaugas, pasirinkite region\u0105, kuriame \u0161iuo metu esate.<\/p>\n<p data-path-to-node=\"3\">Galioja garantin\u0117 \u012frenginio pakeitimo ir \u012frenginio dali\u0173 pakeitimo pilnai surinktais moduliais politika.<\/p>\n<p data-path-to-node=\"4\">Pagal statistinius duomenis apie paslaug\u0173 u\u017eklausas, <b>daugum\u0105 i\u0161kylan\u010di\u0173 problem\u0173 galima i\u0161spr\u0119sti nuotoliniu b\u016bdu<\/b> atnaujinant programin\u0119 \u012frang\u0105 (firmware) arba perkonfig\u016bruojant \u012frengin\u012f. Nor\u0117dami pabandyti i\u0161spr\u0119sti problem\u0105 nuotoliniu b\u016bdu, susisiekite su mumis \u0161iais komunikacijos kanalais:<\/p>\n<p data-path-to-node=\"5,0,0\"><b>WhatsApp:<\/b> <a class=\"ng-star-inserted\" href=\"https:\/\/wa.me\/message\/TQPHTSMDUD6UE1\" target=\"_blank\" rel=\"noopener\" data-hveid=\"0\" data-ved=\"0CAAQ_4QMahgKEwjIqcyM1J6RAxUAAAAAHQAAAAAQoAI\">https:\/\/wa.me\/message\/TQPHTSMDUD6UE1<\/a><\/p>\n<p data-path-to-node=\"5,1,0\"><b>Telegram:<\/b> <a class=\"ng-star-inserted\" href=\"https:\/\/t.me\/bas_ip_international_support_bot\" target=\"_blank\" rel=\"noopener\" data-hveid=\"0\" data-ved=\"0CAAQ_4QMahgKEwjIqcyM1J6RAxUAAAAAHQAAAAAQoQI\">https:\/\/t.me\/bas_ip_international_support_bot<\/a><\/p>\n<p data-path-to-node=\"5,2,0\"><b>El. pa\u0161tas:<\/b> <a href=\"mailto:support@bas-ip.com\">support@bas-ip.com<\/a><\/p>\n<p data-path-to-node=\"5,3,0\"><b>Darbo laikas:<\/b> Pirmadienis\u2013penktadienis, 06:00\u201322:00 (GMT)<\/p>\n<p data-path-to-node=\"6\">Jei j\u016bs\u0173 problemos negalima i\u0161spr\u0119sti nuotoliniu b\u016bdu, laikykit\u0117s \u0161ios proced\u016bros:<\/p>\n<p data-path-to-node=\"7,0,0\"><b>Pra\u0161ome i\u0161 anksto paruo\u0161ti informacij\u0105<\/b> apie pirkimo dat\u0105 ir partnerio, i\u0161 kurio \u012fsigijote produkt\u0105, duomenis.<\/p>\n<p data-path-to-node=\"7,1,0\">&#8211; Jums papra\u0161ius, m\u016bs\u0173 specialistams reik\u0117s visos reikiamos informacijos (\u012frenginio modelis, serijos numeris, pretenzijos prie\u017eastis, pirkimo data, galimi nusiskundimai, nuotraukos), kad b\u016bt\u0173 galima prad\u0117ti pakeitimo proced\u016br\u0105 arba i\u0161si\u0173sti pilnai surinktus modulius.<\/p>\n<p data-path-to-node=\"7,2,0\">&#8211; I\u0161analizavus vis\u0105 pateikt\u0105 informacij\u0105, su jumis bus susisiekta nurodytais duomenimis, kad prane\u0161tume apie sprendim\u0105 ir tolesnius veiksmus, pvz., \u012frenginio pakeitim\u0105 ar pilnai surinkt\u0173 moduli\u0173 i\u0161siuntim\u0105. Be to, m\u016bs\u0173 specialistai patars, ar reikia gr\u0105\u017einti j\u016bs\u0173 dabartin\u012f \u012frengin\u012f.<\/p>\n<p data-path-to-node=\"7,3,0\">&#8211; Visi\u0161ko \u012frenginio pakeitimo ar pilnai surinkt\u0173 moduli\u0173 i\u0161siuntimo atveju <b>siuntimas bus atliekamas i\u0161 tos pa\u010dios partneri\u0173 \u012fmon\u0117s, i\u0161 kurios \u012fsigijote \u012frengin\u012f<\/b>. Jei taikoma, j\u016bs\u0173 dabartinis suged\u0119s \u012frenginys bus gr\u0105\u017eintas tai pa\u010diai partneri\u0173 \u012fmonei.<\/p>\n<p data-path-to-node=\"10\"><strong>Produkto garantijos laikotarpis yra trisde\u0161imt \u0161e\u0161i (36) m\u0117nesiai nuo pardavimo datos.<\/strong><\/p>\n<p data-path-to-node=\"11,0,0\">&#8211; \u012erengini\u0173 gabenimas turi b\u016bti atliekamas originalioje pardav\u0117jo pateiktoje pakuot\u0117je arba pakuot\u0117je, turin\u010dioje lygiavertes apsaugines ir eksploatacines savybes.<\/p>\n<p data-path-to-node=\"11,1,0\">&#8211; Ribota <b>dvylikos (12) m\u0117nesi\u0173<\/b> garantija nuo pardavimo datos taikoma \u012fvairiems tvirtinimo laikikliams, \u012fskaitant \u012fleid\u017eiamus, pavir\u0161inius, stalvir\u0161io laikiklius, lietaus ir saul\u0117s skydelius, pasukamus kampus.<\/p>\n<p data-path-to-node=\"11,2,0\">&#8211; \u0160ios garantijos s\u0105lygos papildo konstitucines ir kitas vartotoj\u0173 teises, taikomas vartotojo gyvenamosios vietos \u0161alyje, ir jokiu b\u016bdu neapriboja \u0161i\u0173 teisi\u0173.<\/p>\n<h3 data-path-to-node=\"13\">Garantijos S\u0105lygos<\/h3>\n<ol>\n<li data-path-to-node=\"14\">Pateikiant RMA (preki\u0173 gr\u0105\u017einimo leidimo) pretenzij\u0105 BAS-IP, b\u016btina pateikti i\u0161sami\u0105 informacij\u0105 apie <b>tiksl\u0173 \u012frenginio model\u012f, \u012fskaitant jo spalv\u0105, \u012frenginio serijos numer\u012f, pirkimo dat\u0105 ir pretenzij\u0105 su pilnu ir tiksliu problemos apra\u0161ymu<\/b>, d\u0117l kurios kreipiamasi d\u0117l RMA.<\/li>\n<li data-path-to-node=\"14\">Pristatymas \u012f BAS-IP ar jos aptarnavimo centr\u0105 yra <b style=\"font-size: revert; color: initial;\">pirk\u0117jo atsakomyb\u0117 ir s\u0105naudos<\/b><span style=\"font-size: revert; color: initial;\">.<\/span><\/li>\n<li data-path-to-node=\"14\">Garantinis aptarnavimas teikiamas tik <b style=\"font-size: revert; color: initial;\">\u0161ioje garantijos politikoje nurodytu garantijos laikotarpiu<\/b><span style=\"font-size: revert; color: initial;\">.<\/span><\/li>\n<li data-path-to-node=\"14\">\u012erenginio veikimo atk\u016brimui skirtas laikas <b style=\"font-size: revert; color: initial;\">bus prid\u0117tas prie \u0161ioje garantijos politikoje nustatyto garantijos laikotarpio<\/b><span style=\"font-size: revert; color: initial;\">.<\/span><\/li>\n<\/ol>\n<h3 data-path-to-node=\"19\">Garantijos S\u0105lyg\u0173 Pa\u017eeidimas<\/h3>\n<ol>\n<li data-path-to-node=\"20\">\u0160ios garantijos s\u0105lygos <b>tampa negaliojan\u010diomis<\/b>, jei produkto standartiniai ar serijos numeriai yra pakeisti, i\u0161trinti, pa\u0161alinti arba padaryti ne\u012fskaitomi.<\/li>\n<li data-path-to-node=\"20\">Garantijos nuostatos <b style=\"font-size: revert; color: initial;\">bus pripa\u017eintos negaliojan\u010diomis<\/b><span style=\"font-size: revert; color: initial;\"> bet koki\u0173 gaminio modifikacij\u0173, pritaikym\u0173 ar pakeitim\u0173 atveju, kuriais siekiama pagerinti ar i\u0161pl\u0117sti \u012fprast\u0105 naudojimo srit\u012f, kaip nurodyta vartotojo vadove.<\/span><\/li>\n<li data-path-to-node=\"20\">Garantija <b style=\"font-size: revert; color: initial;\">tampa negaliojan\u010dia<\/b><span style=\"font-size: revert; color: initial;\">, jei produktas naudojamas prie\u0161ingai jo paskir\u010diai arba nesuderinamu su vartotojo ir prie\u017ei\u016bros instrukcijomis b\u016bdu.<\/span><\/li>\n<li data-path-to-node=\"20\">Garantijos galiojimas <b style=\"font-size: revert; color: initial;\">prarandamas<\/b><span style=\"font-size: revert; color: initial;\">, jei \u012f produkto vidines ar i\u0161orines dalis atsitiktinai ar ty\u010dia patenka pa\u0161aliniai daiktai, med\u017eiagos, skys\u010diai, garai, korozin\u0117s dujos ar vabzd\u017eiai.<\/span><\/li>\n<li data-path-to-node=\"20\">Garantija <b style=\"font-size: revert; color: initial;\">tampa negaliojan\u010dia<\/b><span style=\"font-size: revert; color: initial;\"> netinkamo produkto prijungimo prie kit\u0173 sistem\u0173 arba neteisingo \u012fdiegimo ir montavimo atvejais.<\/span><\/li>\n<li data-path-to-node=\"20\">\u0160i garantija <b style=\"font-size: revert; color: initial;\">netaikoma defektams ar \u017ealai<\/b><span style=\"font-size: revert; color: initial;\">, atsiradusiems bet kurioje sistemoje, \u012f kuri\u0105 produktas buvo integruotas ar su kuria buvo naudojamas.<\/span><\/li>\n<li data-path-to-node=\"20\">Garantija <b style=\"font-size: revert; color: initial;\">laikoma negaliojan\u010dia ir anuliuota<\/b><span style=\"font-size: revert; color: initial;\">, jei produktas turi mechanini\u0173 pa\u017eeidim\u0173, \u012fskilim\u0173, \u012flenkim\u0173, \u012ftr\u016bkim\u0173, klastojimo po\u017eymi\u0173 ar pana\u0161i\u0173 defekt\u0173.<\/span><\/li>\n<li data-path-to-node=\"20\">Garantija <b style=\"font-size: revert; color: initial;\">netaikoma<\/b><span style=\"font-size: revert; color: initial;\"> produktams, sugadintiems d\u0117l neatitikimo eksploatavimo \u0161alyje taikomiems standartams, \u012fskaitant problemas, susijusias su maitinimo \u0161altinio parametrais, telekomunikacijomis, kabeli\u0173 tinklais ar kitais i\u0161oriniais veiksniais.<\/span><\/li>\n<li data-path-to-node=\"20\">Garantijos apr\u0117ptis <b style=\"font-size: revert; color: initial;\">neapima \u017ealos<\/b><span style=\"font-size: revert; color: initial;\">, atsiradusios d\u0117l i\u0161orini\u0173 veiksni\u0173, toki\u0173 kaip stichin\u0117s nelaim\u0117s, karas, gaisras, potvynis, \u017eaibas, audros, \u012ftampos svyravimai ar kitos prie\u017eastys, nepriklausan\u010dios nuo gamintojo kontrol\u0117s.<\/span><\/li>\n<li data-path-to-node=\"20\">Garantija <b style=\"font-size: revert; color: initial;\">tampa negaliojan\u010dia<\/b><span style=\"font-size: revert; color: initial;\">, jei remont\u0105 ar modifikacijas bando atlikti ne\u012fgalioti aptarnavimo centrai arba asmenys\/organizacijos, neturintys teisinio leidimo atlikti tokius remontus ar modifikacijas.<\/span><\/li>\n<li data-path-to-node=\"20\">\u0160ios garantijos s\u0105lygos <b style=\"font-size: revert; color: initial;\">netaikomos priedams<\/b><span style=\"font-size: revert; color: initial;\"> (\u012fskaitant, bet neapsiribojant, baterijas, i\u0161orinius maitinimo \u0161altinius, jungiamuosius kabelius, rakt\u0173 pakabukus, korteles, identifikatorius) ar produkto dalims, kurios yra normaliai nusid\u0117vin\u010dios.<\/span><\/li>\n<\/ol>","protected":false},"excerpt":{"rendered":"<p>Klient\u0173 aptarnavimo s\u0105lygos skiriasi ir priklauso nuo geografinio regiono, kuriame yra ir veikia m\u016bs\u0173 klientai. Atitinkamai, garantijos politika ir \u012fsipareigojimai taip pat gali \u0161iek tiek skirtis, priklausomai nuo kliento vietos ir veiklos konteksto. Nor\u0117dami tinkamai gauti paslaugas, pasirinkite region\u0105, kuriame \u0161iuo metu esate. Galioja garantin\u0117 \u012frenginio pakeitimo ir \u012frenginio dali\u0173 pakeitimo pilnai surinktais moduliais politika. [&hellip;]<\/p>","protected":false},"author":1,"featured_media":0,"parent":0,"menu_order":0,"comment_status":"closed","ping_status":"closed","template":"","meta":{"inline_featured_image":false,"footnotes":""},"class_list":["post-151542","page","type-page","status-publish","hentry"],"acf":[],"_links":{"self":[{"href":"https:\/\/bas-ip.com\/lt\/wp-json\/wp\/v2\/pages\/151542","targetHints":{"allow":["GET"]}}],"collection":[{"href":"https:\/\/bas-ip.com\/lt\/wp-json\/wp\/v2\/pages"}],"about":[{"href":"https:\/\/bas-ip.com\/lt\/wp-json\/wp\/v2\/types\/page"}],"author":[{"embeddable":true,"href":"https:\/\/bas-ip.com\/lt\/wp-json\/wp\/v2\/users\/1"}],"replies":[{"embeddable":true,"href":"https:\/\/bas-ip.com\/lt\/wp-json\/wp\/v2\/comments?post=151542"}],"version-history":[{"count":2,"href":"https:\/\/bas-ip.com\/lt\/wp-json\/wp\/v2\/pages\/151542\/revisions"}],"predecessor-version":[{"id":151608,"href":"https:\/\/bas-ip.com\/lt\/wp-json\/wp\/v2\/pages\/151542\/revisions\/151608"}],"wp:attachment":[{"href":"https:\/\/bas-ip.com\/lt\/wp-json\/wp\/v2\/media?parent=151542"}],"curies":[{"name":"wp","href":"https:\/\/api.w.org\/{rel}","templated":true}]}}