{"id":150023,"date":"2025-02-06T12:58:36","date_gmt":"2025-02-06T12:58:36","guid":{"rendered":"https:\/\/bas-ip.com\/napco\/"},"modified":"2025-11-18T15:14:55","modified_gmt":"2025-11-18T15:14:55","slug":"napco","status":"publish","type":"page","link":"https:\/\/bas-ip.com\/lt\/napco\/","title":{"rendered":"NAPCO"},"content":{"rendered":"<h2 class=\"wp-block-heading\"><strong>BAS-IP ir NAPCO: Integracija Patogiam Prieigos Valdymui<\/strong><\/h2>\n\n\n<div class=\"wp-block-image\">\n<figure class=\"aligncenter size-full\"><img loading=\"lazy\" decoding=\"async\" width=\"900\" height=\"183\" src=\"https:\/\/bas-ip.com\/wp-content\/uploads\/2025\/02\/napco-security-logo.png\" alt=\"\" class=\"wp-image-130197\" srcset=\"https:\/\/bas-ip.com\/wp-content\/uploads\/2025\/02\/napco-security-logo.png 900w,  https:\/\/bas-ip.com\/wp-content\/uploads\/2025\/02\/napco-security-logo-300x61.png 300w,  https:\/\/bas-ip.com\/wp-content\/uploads\/2025\/02\/napco-security-logo-768x156.png 768w,  https:\/\/bas-ip.com\/wp-content\/uploads\/2025\/02\/napco-security-logo-767x156.png 767w\" sizes=\"auto, (max-width: 900px) 100vw, 900px\" \/><\/figure>\n<\/div>\n\n<p data-path-to-node=\"2\">Integracija su <b>NAPCO<\/b> veikia per <b>Android<\/b> operacine sistema pagr\u012fst\u0105 pult\u0105 <b>AV-08FB<\/b>. Prijung\u0119 pult\u0105 prie programin\u0117s \u012frangos <b>Card Access Software v1.2.x<\/b>, vartotojai gali valdyti kredencialus per vien\u0105 s\u0105saj\u0105, taip pa\u0161alinant atskiros \u017einiatinklio s\u0105sajos poreik\u012f, o tai supaprastina proces\u0105.<\/p>\n<p data-path-to-node=\"3\">Integracija apima <b>prieigos kontrol\u0119<\/b>, <b>vaizdo steb\u0117jim\u0105<\/b> ir <b>steb\u0117sen\u0105 realiuoju laiku<\/b>, tod\u0117l sistema yra lanksti ir patogi, ypa\u010d gyvenamuosiuose kompleksuose ir biuruose, kur greitas valdymas ir operatyvus reagavimas \u012f \u012fvykius yra labai svarb\u016bs.<\/p>\n<p data-path-to-node=\"5\">\u00a0<\/p>\n<h3>BAS-IP ir NAPCO Integracijos Privalumai:<\/h3>\n<p>\u00a0<\/p>\n<ul>\n<li data-path-to-node=\"6,0,0\"><b>Paprastas Valdymas:<\/b> Viena s\u0105saja leid\u017eia vartotojams lengvai valdyti kredencialus ir prieig\u0105, supaprastinant administravimo proces\u0105.<\/li>\n<li data-path-to-node=\"6,0,0\"><b>Lanksti Sistema:<\/b> Integracija leid\u017eia naudoti \u012fvairias funkcijas, \u012fskaitant prieigos kontrol\u0119 ir vaizdo steb\u0117jim\u0105, tod\u0117l sistema tampa universali.<\/li>\n<li data-path-to-node=\"6,0,0\"><b>Steb\u0117sena Realiuoju Laiku:<\/b> Galimyb\u0117 steb\u0117ti \u012fvykius realiuoju laiku padidina saugum\u0105 ir leid\u017eia grei\u010diau reaguoti \u012f incidentus.<\/li>\n<li data-path-to-node=\"6,0,0\"><b>Idealiai Tinka Gyvenamiesiems ir Biur\u0173 Kompleksams:<\/b> Sprendimas tinka objektams, kur greitas reagavimas ir patogus prieigos valdymas yra b\u016btini.<\/li>\n<\/ul>\n<p data-path-to-node=\"8\">\u00a0<\/p>\n<h3>Svarbiausi Integracijos Aspektai:<\/h3>\n<p>\u00a0<\/p>\n<p data-path-to-node=\"9\">BAS-IP ir NAPCO bendradarbiavimas si\u016blo:<\/p>\n<ul>\n<li data-path-to-node=\"10,0,0\">Integracij\u0105 su <b>AV-08FB<\/b> pultu ir <b>Card Access<\/b> programine \u012franga, u\u017etikrinan\u010di\u0105 patog\u0173 prieigos valdym\u0105.<\/li>\n<li data-path-to-node=\"10,0,0\">\u012evairi\u0173 saugumo aspekt\u0173, toki\u0173 kaip vaizdo steb\u0117jimas ir prieigos kontrol\u0117, tarpusavio ry\u0161\u012f.<\/li>\n<li data-path-to-node=\"10,0,0\">Lankstias konfig\u016bracijas, pritaikomas skirtingiems vartotoj\u0173 poreikiams.<\/li>\n<\/ul>\n<p data-path-to-node=\"11\">\u0160i integracija leid\u017eia sujungti prieigos valdym\u0105 ir vaizdo steb\u0117jim\u0105 \u012f vien\u0105 sistem\u0105, tod\u0117l tai yra idealus sprendimas \u0161iuolaikiniams objektams. BAS-IP ir NAPCO bendradarbiavimas suteikia veiksming\u0105 ir saug\u0173 \u012frank\u012f prieigos valdymui ir steb\u0117senai.<\/p>\n<p data-path-to-node=\"12\">I\u0161samesni\u0173 diegimo ir konfig\u016bravimo nurodym\u0173 ie\u0161kokite m\u016bs\u0173 <a href=\"https:\/\/basip.atlassian.net\/wiki\/spaces\/Integrations\/pages\/248479748\/Integration+with+NAPCO\" target=\"_blank\" rel=\"noopener\"><b>Wiki Vadove<\/b><\/a>.<\/p>\n\n<!-- START Block Sign Up --><section id=\"block_629678229e935\" class=\"sign-up-section\">\r\n\r\n    <div class=\"form-holder js-form\" data-aos=\"fade-right\">\r\n                    <div class=\"title-block h3\">Sign up for connection<\/div>\r\n        \r\n                    <div class=\"text-block\">\r\n                Filling out all the information needed to answer you as quickly as possible            <\/div>\r\n        \r\n                    \n<div class=\"wpcf7 no-js\" id=\"wpcf7-f102-o1\" lang=\"en-US\" dir=\"ltr\">\n<div class=\"screen-reader-response\"><p role=\"status\" aria-live=\"polite\" aria-atomic=\"true\"><\/p> <ul><\/ul><\/div>\n<form action=\"\/lt\/wp-json\/wp\/v2\/pages\/150023#wpcf7-f102-o1\" method=\"post\" class=\"wpcf7-form init\" aria-label=\"Contact form\" enctype=\"multipart\/form-data\" novalidate=\"novalidate\" data-status=\"init\">\n<div style=\"display: none;\">\n<input type=\"hidden\" name=\"_wpcf7\" value=\"102\" \/>\n<input type=\"hidden\" name=\"_wpcf7_version\" value=\"5.8.3\" \/>\n<input type=\"hidden\" name=\"_wpcf7_locale\" value=\"en_US\" \/>\n<input type=\"hidden\" name=\"_wpcf7_unit_tag\" value=\"wpcf7-f102-o1\" \/>\n<input type=\"hidden\" name=\"_wpcf7_container_post\" value=\"0\" \/>\n<input type=\"hidden\" name=\"_wpcf7_posted_data_hash\" value=\"\" \/>\n<input type=\"hidden\" name=\"_wpcf7_recaptcha_response\" value=\"\" \/>\n<\/div>\n<div class=\"row\"> \n <label><span class=\"label-text\">Name<\/span> \n  <span class=\"wpcf7-form-control-wrap\" data-name=\"text-full-name\"><input size=\"40\" class=\"wpcf7-form-control wpcf7-text wpcf7-validates-as-required\" aria-required=\"true\" aria-invalid=\"false\" placeholder=\"Name\" value=\"\" type=\"text\" name=\"text-full-name\" \/><\/span><\/label> \n<\/div> \n<div class=\"row\"> \n <label><span class=\"label-text\">Phone*<\/span> \n<span class=\"wpcf7-form-control-wrap\" data-name=\"phonetext-270\"><input size=\"40\" class=\"wpcf7-form-control wpcf7-phonetext wpcf7-validates-as-required wpcf7-text wpcf7-validates-as-phonetext\" aria-required=\"true\" aria-invalid=\"false\" placeholder=\"Phone*\" value=\"\" type=\"text\" name=\"phonetext-270\" \/><input type=\"hidden\" name=\"phonetext-270-country-code\" class=\"wpcf7-phonetext-country-code\" \/><\/span><\/label> \n<\/div> \n<div class=\"row\"> \n <label><span class=\"label-text\">E-mail<\/span> \n  <span class=\"wpcf7-form-control-wrap\" data-name=\"email-e-mail\"><input size=\"40\" class=\"wpcf7-form-control wpcf7-email wpcf7-validates-as-required wpcf7-text wpcf7-validates-as-email\" aria-required=\"true\" aria-invalid=\"false\" placeholder=\"E-mail\" value=\"\" type=\"email\" name=\"email-e-mail\" \/><\/span><\/label> \n<\/div> \n<div class=\"row\"><span>Your country<\/span> \n <label><span class=\"wpcf7-form-control-wrap\" data-name=\"countrytext-126\"><input size=\"40\" class=\"wpcf7-form-control wpcf7-countrytext wpcf7-text wpcf7-validates-as-countrytext\" aria-invalid=\"false\" value=\"\" type=\"text\" name=\"countrytext-126\" \/><\/span> <\/label>\n<\/div> \n<div class=\"row\"> \n <button type=\"submit\" class=\"btn\">Send<\/button> \n<\/div> \n<div class=\"row\"> \n <span class=\"wpcf7-form-control-wrap\" data-name=\"checkbox-931\"><span class=\"wpcf7-form-control wpcf7-checkbox\"><span class=\"wpcf7-list-item first\"><label><input type=\"checkbox\" name=\"checkbox-931[]\" value=\"Integrator\" \/><span class=\"wpcf7-list-item-label\">Integrator<\/span><\/label><\/span><span class=\"wpcf7-list-item\"><label><input type=\"checkbox\" name=\"checkbox-931[]\" value=\"Builder\" \/><span class=\"wpcf7-list-item-label\">Builder<\/span><\/label><\/span><span class=\"wpcf7-list-item last\"><label><input type=\"checkbox\" name=\"checkbox-931[]\" value=\"End-User\" \/><span class=\"wpcf7-list-item-label\">End-User<\/span><\/label><\/span><\/span><\/span> \n<\/div> \n<div class=\"row row-upload-file\"> \n <label class=\"upload-file-block js-upload-file\">Attach file \n  <span class=\"wpcf7-form-control-wrap\" data-name=\"file-466\"><input size=\"40\" class=\"wpcf7-form-control wpcf7-file\" accept=\"audio\/*,video\/*,image\/*\" aria-invalid=\"false\" type=\"file\" name=\"file-466\" \/><\/span><\/label> \n<\/div><input type='hidden' class='wpcf7-pum' value='{\"closepopup\":false,\"closedelay\":0,\"openpopup\":false,\"openpopup_id\":0}' \/><div class=\"wpcf7-response-output\" aria-hidden=\"true\"><\/div>\n<\/form>\n<\/div>\n            <\/div>\r\n\r\n\t\t    <div class=\"text-holder\" data-aos=\"fade-left\">\r\n\t\t\t\t\t\t    <h3 class=\"title-block\">How Can We Help?<\/h3>\r\n\t\t\t\r\n\t\t\t                <div class=\"text-block\">\r\n                    Please select a topic below related to your inquiry. If you don&#8217;t find what you need, fill out our contact form.                <\/div>\r\n\t\t\t\r\n\t\t\t\t\t\t    <ul class=\"link-list\">\r\n\t\t\t\t\t\t\t\t\t\t\t\t\t\t\t\t\t\t<li>\r\n\t\t\t\t\t\t\t\t\t\t\t\t\t\t\t\t    <strong>Get Inspired<\/strong>\r\n\t\t\t\t\t\t\t\t\t\t\t\t\t\t\t\t\t\t\t\t\t\t\t\t    <a href=\"\/features\/\">\r\n\t\t\t\t\t\t\t\t        Discover what&#8217;s beneath our intercom\t\t\t\t\t\t\t\t    <\/a>\r\n\t\t\t\t\t\t\t\t\t\t\t\t\t\t\t<\/li>\r\n\t\t\t\t\t\t\t\t\t\t\t\t\t\t\t\t\t\t\t\t\t\t\t\t<li>\r\n\t\t\t\t\t\t\t\t\t\t\t\t\t\t\t\t    <strong>Become a Partner<\/strong>\r\n\t\t\t\t\t\t\t\t\t\t\t\t\t\t\t\t\t\t\t\t\t\t\t\t    <a href=\"\/distributors\/\">\r\n\t\t\t\t\t\t\t\t        Expand your business with BAS-IP intercom\t\t\t\t\t\t\t\t    <\/a>\r\n\t\t\t\t\t\t\t\t\t\t\t\t\t\t\t<\/li>\r\n\t\t\t\t\t\t\t\t\t\t\t\t\t\t\t\t\t\t\t\t\t\t\t\t<li>\r\n\t\t\t\t\t\t\t\t\t\t\t\t\t\t\t\t    <strong>Check the Guides<\/strong>\r\n\t\t\t\t\t\t\t\t\t\t\t\t\t\t\t\t\t\t\t\t\t\t\t\t    <a href=\"\/support\/\">\r\n\t\t\t\t\t\t\t\t        Download detailed manuals and schemes\t\t\t\t\t\t\t\t    <\/a>\r\n\t\t\t\t\t\t\t\t\t\t\t\t\t\t\t<\/li>\r\n\t\t\t\t\t\t\t\t\t\t\t\t\t\t\t<\/ul>\r\n\t\t\t\r\n\t\t\t\t\t\t    <h3 class=\"title-block\">Our contacts<\/h3>\r\n\t\t\t\r\n\t\t\t\t\t\t\t<ul class=\"contact-list\">\r\n\t\t\t\t\t\t\t\t\t\t\t\t\t\t\t\t\t\t<li>\r\n\t\t\t\t\t\t\t\t\t\t\t\t\t\t\t\t\t<strong>Sales:<\/strong>\r\n\t\t\t\t\t\t\t\t\t\t\t\t\t\t\t\t\t\t\t\t\t\t\t\t    <a href=\"mailto:sales&#64;b&#97;&#115;-&#105;p.&#99;&#111;m\">sa&#108;e&#115;&#64;&#98;&#97;&#115;&#45;ip.c&#111;m<\/a>\r\n\t\t\t\t\t\t\t\t\t\t\t\t\t\t\t<\/li>\r\n\t\t\t\t\t\t\t\t\t\t\t\t\t\t\t\t\t\t\t\t\t\t\t\t<li>\r\n\t\t\t\t\t\t\t\t\t\t\t\t\t\t\t\t\t<strong>Technical support:<\/strong>\r\n\t\t\t\t\t\t\t\t\t\t\t\t\t\t\t\t\t\t\t\t\t\t\t\t    <a href=\"mailto:&#115;up&#112;&#111;&#114;t&#64;bas-&#105;p.co&#109;\">su&#112;p&#111;&#114;&#116;&#64;&#98;as&#45;i&#112;&#46;&#99;om<\/a>\r\n\t\t\t\t\t\t\t\t\t\t\t\t\t\t\t<\/li>\r\n\t\t\t\t\t\t\t\t\t\t\t\t\t\t\t<\/ul>\r\n\t\t\t\t\t<\/div>\r\n\t<\/section>\r\n\r\n\r\n\r\n<!-- END Block Sign Up -->","protected":false},"excerpt":{"rendered":"<p>BAS-IP ir NAPCO: Integracija Patogiam Prieigos Valdymui Integracija su NAPCO veikia per Android operacine sistema pagr\u012fst\u0105 pult\u0105 AV-08FB. Prijung\u0119 pult\u0105 prie programin\u0117s \u012frangos Card Access Software v1.2.x, vartotojai gali valdyti kredencialus per vien\u0105 s\u0105saj\u0105, taip pa\u0161alinant atskiros \u017einiatinklio s\u0105sajos poreik\u012f, o tai supaprastina proces\u0105. Integracija apima prieigos kontrol\u0119, vaizdo steb\u0117jim\u0105 ir steb\u0117sen\u0105 realiuoju laiku, tod\u0117l [&hellip;]<\/p>","protected":false},"author":1,"featured_media":0,"parent":0,"menu_order":0,"comment_status":"closed","ping_status":"closed","template":"page-custom-breadcrumbs.php","meta":{"inline_featured_image":false,"footnotes":""},"class_list":["post-150023","page","type-page","status-publish","hentry"],"acf":[],"_links":{"self":[{"href":"https:\/\/bas-ip.com\/lt\/wp-json\/wp\/v2\/pages\/150023","targetHints":{"allow":["GET"]}}],"collection":[{"href":"https:\/\/bas-ip.com\/lt\/wp-json\/wp\/v2\/pages"}],"about":[{"href":"https:\/\/bas-ip.com\/lt\/wp-json\/wp\/v2\/types\/page"}],"author":[{"embeddable":true,"href":"https:\/\/bas-ip.com\/lt\/wp-json\/wp\/v2\/users\/1"}],"replies":[{"embeddable":true,"href":"https:\/\/bas-ip.com\/lt\/wp-json\/wp\/v2\/comments?post=150023"}],"version-history":[{"count":2,"href":"https:\/\/bas-ip.com\/lt\/wp-json\/wp\/v2\/pages\/150023\/revisions"}],"predecessor-version":[{"id":150142,"href":"https:\/\/bas-ip.com\/lt\/wp-json\/wp\/v2\/pages\/150023\/revisions\/150142"}],"wp:attachment":[{"href":"https:\/\/bas-ip.com\/lt\/wp-json\/wp\/v2\/media?parent=150023"}],"curies":[{"name":"wp","href":"https:\/\/api.w.org\/{rel}","templated":true}]}}