{"id":148188,"date":"2025-02-06T12:39:32","date_gmt":"2025-02-06T12:39:32","guid":{"rendered":"https:\/\/bas-ip.com\/hikvision\/"},"modified":"2025-11-19T11:14:08","modified_gmt":"2025-11-19T11:14:08","slug":"hikvision","status":"publish","type":"page","link":"https:\/\/bas-ip.com\/lt\/hikvision\/","title":{"rendered":"Hikvision"},"content":{"rendered":"<h2 class=\"wp-block-heading\"><strong>BAS-IP ir Hikvision: Integracija I\u0161maniam Prieigos Valdymui<\/strong><\/h2>\n\n\n<div class=\"wp-block-image\">\n<figure class=\"aligncenter size-full\"><img loading=\"lazy\" decoding=\"async\" width=\"900\" height=\"254\" src=\"https:\/\/bas-ip.com\/wp-content\/uploads\/2025\/02\/Hikvision-logo_n.png\" alt=\"\" class=\"wp-image-130158\" srcset=\"https:\/\/bas-ip.com\/wp-content\/uploads\/2025\/02\/Hikvision-logo_n.png 900w,  https:\/\/bas-ip.com\/wp-content\/uploads\/2025\/02\/Hikvision-logo_n-300x85.png 300w,  https:\/\/bas-ip.com\/wp-content\/uploads\/2025\/02\/Hikvision-logo_n-768x217.png 768w,  https:\/\/bas-ip.com\/wp-content\/uploads\/2025\/02\/Hikvision-logo_n-767x216.png 767w\" sizes=\"auto, (max-width: 900px) 100vw, 900px\" \/><\/figure>\n<\/div>\n\n<p data-path-to-node=\"1\"><b>BAS-IP<\/b> ir <b>Hikvision<\/b> integracija si\u016blo modern\u0173 sprendim\u0105 automatiniam prieigos valdymui per valstybini\u0173 numeri\u0173 atpa\u017einim\u0105. <b>Hikvision<\/b> suteikia galimyb\u0119 naudoti valstybinius numerius kaip identifikatorius automatiniam u\u017etvar\u0173\/vart\u0173 atidarymui, pasitelkiant <b>ALPR<\/b> (Automatic License Plate Recognition \u2013 Automatinis Valstybini\u0173 Numeri\u0173 Atpa\u017einimas) parinkt\u012f.<\/p>\n<p data-path-to-node=\"2\"><b>BAS-IP Link<\/b> serveris yra suderinamas ne tik su <b>Axis<\/b> kameromis, bet ir su kit\u0173 gamintoj\u0173 kameromis, tokiomis kaip <b>Axxon One<\/b>. Tai ple\u010dia integracijos galimybes ir <b>ALPR<\/b> naudojim\u0105 atpa\u017einimui bei skenavimui, tod\u0117l tinka moderniems objektams, kur automatizavimas ir saugumas yra svarbiausi.<\/p>\n<p data-path-to-node=\"4\">\u00a0<\/p>\n<h3>BAS-IP ir Hikvision Integracijos Privalumai:<\/h3>\n<p>\u00a0<\/p>\n<ul>\n<li data-path-to-node=\"5,0,0\"><b>Automatinis Prieigos Valdymas:<\/b> Valstybini\u0173 numeri\u0173 naudojimas automatiniam vart\u0173 atidarymui supaprastina \u012fva\u017eiavimo proces\u0105 ir padidina saugumo lyg\u012f.<\/li>\n<li data-path-to-node=\"5,0,0\"><b>Suderinamumas su \u012evairiomis Kameromis:<\/b> <b>Axis<\/b>, <b>Axxon One<\/b> ir kit\u0173 gamintoj\u0173 kamer\u0173 palaikymas suteikia lankstumo ir pasirinkimo galimybi\u0173 kuriant steb\u0117jimo sistem\u0105.<\/li>\n<li data-path-to-node=\"5,0,0\"><b>Lengva Konfig\u016bracija:<\/b> Integracija lengvai konfig\u016bruojama per <b>BAS-IP Link<\/b> server\u012f, supaprastinant diegimo proces\u0105.<\/li>\n<li data-path-to-node=\"5,0,0\"><b>ALPR Palaikymas:<\/b> Pa\u017eangi\u0173 <b>ALPR<\/b> technologij\u0173 naudojimas leid\u017eia tiksliai ir greitai atpa\u017einti valstybinius numerius, didinant prieigos efektyvum\u0105.<\/li>\n<\/ul>\n<p data-path-to-node=\"7\">\u00a0<\/p>\n<h3>Pagrindiniai Integracijos Akcentai:<\/h3>\n<p>\u00a0<\/p>\n<p data-path-to-node=\"8\"><b>BAS-IP<\/b> ir <b>Hikvision<\/b> bendradarbiavimas u\u017etikrina:<\/p>\n<ul>\n<li data-path-to-node=\"9,0,0\">Galimyb\u0119 integruoti valstybini\u0173 numeri\u0173 atpa\u017einim\u0105 su <b>BAS-IP<\/b> technologijomis prieigos valdymui.<\/li>\n<li data-path-to-node=\"9,0,0\">Patobulintas steb\u0117jimo funkcijas d\u0117l suderinamumo su kameromis.<\/li>\n<li data-path-to-node=\"9,0,0\">Lankstias konfig\u016bracijas sistemos veikimo optimizavimui.<\/li>\n<\/ul>\n<p data-path-to-node=\"10\">\u0160is sprendimas skirtas nuosavybei, siekian\u010diai optimizuoti prieigos valdym\u0105 ir pagerinti saugum\u0105 naudojant modernias technologijas. <b>BAS-IP<\/b> ir <b>Hikvision<\/b> bendros pastangos sukuria patikim\u0105 ir veiksming\u0105 \u012frank\u012f saugumui ir patogumui u\u017etikrinti.<\/p>\n<p data-path-to-node=\"11\">I\u0161samesnes diegimo ir konfig\u016bracijos gaires rasite m\u016bs\u0173 <a href=\"https:\/\/basip.atlassian.net\/wiki\/spaces\/Integrations\/pages\/249856010\/Integration+with+Hikvision\" target=\"_blank\" rel=\"noopener\"><b>Wiki Vadove<\/b>.<\/a><\/p>\n\n<!-- START Block Sign Up --><section id=\"block_629678229e935\" class=\"sign-up-section\">\r\n\r\n    <div class=\"form-holder js-form\" data-aos=\"fade-right\">\r\n                    <div class=\"title-block h3\">Sign up for connection<\/div>\r\n        \r\n                    <div class=\"text-block\">\r\n                Filling out all the information needed to answer you as quickly as possible            <\/div>\r\n        \r\n                    \n<div class=\"wpcf7 no-js\" id=\"wpcf7-f102-o1\" lang=\"en-US\" dir=\"ltr\">\n<div class=\"screen-reader-response\"><p role=\"status\" aria-live=\"polite\" aria-atomic=\"true\"><\/p> <ul><\/ul><\/div>\n<form action=\"\/lt\/wp-json\/wp\/v2\/pages\/148188#wpcf7-f102-o1\" method=\"post\" class=\"wpcf7-form init\" aria-label=\"Contact form\" enctype=\"multipart\/form-data\" novalidate=\"novalidate\" data-status=\"init\">\n<div style=\"display: none;\">\n<input type=\"hidden\" name=\"_wpcf7\" value=\"102\" \/>\n<input type=\"hidden\" name=\"_wpcf7_version\" value=\"5.8.3\" \/>\n<input type=\"hidden\" name=\"_wpcf7_locale\" value=\"en_US\" \/>\n<input type=\"hidden\" name=\"_wpcf7_unit_tag\" value=\"wpcf7-f102-o1\" \/>\n<input type=\"hidden\" name=\"_wpcf7_container_post\" value=\"0\" \/>\n<input type=\"hidden\" name=\"_wpcf7_posted_data_hash\" value=\"\" \/>\n<input type=\"hidden\" name=\"_wpcf7_recaptcha_response\" value=\"\" \/>\n<\/div>\n<div class=\"row\"> \n <label><span class=\"label-text\">Name<\/span> \n  <span class=\"wpcf7-form-control-wrap\" data-name=\"text-full-name\"><input size=\"40\" class=\"wpcf7-form-control wpcf7-text wpcf7-validates-as-required\" aria-required=\"true\" aria-invalid=\"false\" placeholder=\"Name\" value=\"\" type=\"text\" name=\"text-full-name\" \/><\/span><\/label> \n<\/div> \n<div class=\"row\"> \n <label><span class=\"label-text\">Phone*<\/span> \n<span class=\"wpcf7-form-control-wrap\" data-name=\"phonetext-270\"><input size=\"40\" class=\"wpcf7-form-control wpcf7-phonetext wpcf7-validates-as-required wpcf7-text wpcf7-validates-as-phonetext\" aria-required=\"true\" aria-invalid=\"false\" placeholder=\"Phone*\" value=\"\" type=\"text\" name=\"phonetext-270\" \/><input type=\"hidden\" name=\"phonetext-270-country-code\" class=\"wpcf7-phonetext-country-code\" \/><\/span><\/label> \n<\/div> \n<div class=\"row\"> \n <label><span class=\"label-text\">E-mail<\/span> \n  <span class=\"wpcf7-form-control-wrap\" data-name=\"email-e-mail\"><input size=\"40\" class=\"wpcf7-form-control wpcf7-email wpcf7-validates-as-required wpcf7-text wpcf7-validates-as-email\" aria-required=\"true\" aria-invalid=\"false\" placeholder=\"E-mail\" value=\"\" type=\"email\" name=\"email-e-mail\" \/><\/span><\/label> \n<\/div> \n<div class=\"row\"><span>Your country<\/span> \n <label><span class=\"wpcf7-form-control-wrap\" data-name=\"countrytext-126\"><input size=\"40\" class=\"wpcf7-form-control wpcf7-countrytext wpcf7-text wpcf7-validates-as-countrytext\" aria-invalid=\"false\" value=\"\" type=\"text\" name=\"countrytext-126\" \/><\/span> <\/label>\n<\/div> \n<div class=\"row\"> \n <button type=\"submit\" class=\"btn\">Send<\/button> \n<\/div> \n<div class=\"row\"> \n <span class=\"wpcf7-form-control-wrap\" data-name=\"checkbox-931\"><span class=\"wpcf7-form-control wpcf7-checkbox\"><span class=\"wpcf7-list-item first\"><label><input type=\"checkbox\" name=\"checkbox-931[]\" value=\"Integrator\" \/><span class=\"wpcf7-list-item-label\">Integrator<\/span><\/label><\/span><span class=\"wpcf7-list-item\"><label><input type=\"checkbox\" name=\"checkbox-931[]\" value=\"Builder\" \/><span class=\"wpcf7-list-item-label\">Builder<\/span><\/label><\/span><span class=\"wpcf7-list-item last\"><label><input type=\"checkbox\" name=\"checkbox-931[]\" value=\"End-User\" \/><span class=\"wpcf7-list-item-label\">End-User<\/span><\/label><\/span><\/span><\/span> \n<\/div> \n<div class=\"row row-upload-file\"> \n <label class=\"upload-file-block js-upload-file\">Attach file \n  <span class=\"wpcf7-form-control-wrap\" data-name=\"file-466\"><input size=\"40\" class=\"wpcf7-form-control wpcf7-file\" accept=\"audio\/*,video\/*,image\/*\" aria-invalid=\"false\" type=\"file\" name=\"file-466\" \/><\/span><\/label> \n<\/div><input type='hidden' class='wpcf7-pum' value='{\"closepopup\":false,\"closedelay\":0,\"openpopup\":false,\"openpopup_id\":0}' \/><div class=\"wpcf7-response-output\" aria-hidden=\"true\"><\/div>\n<\/form>\n<\/div>\n            <\/div>\r\n\r\n\t\t    <div class=\"text-holder\" data-aos=\"fade-left\">\r\n\t\t\t\t\t\t    <h3 class=\"title-block\">How Can We Help?<\/h3>\r\n\t\t\t\r\n\t\t\t                <div class=\"text-block\">\r\n                    Please select a topic below related to your inquiry. If you don&#8217;t find what you need, fill out our contact form.                <\/div>\r\n\t\t\t\r\n\t\t\t\t\t\t    <ul class=\"link-list\">\r\n\t\t\t\t\t\t\t\t\t\t\t\t\t\t\t\t\t\t<li>\r\n\t\t\t\t\t\t\t\t\t\t\t\t\t\t\t\t    <strong>Get Inspired<\/strong>\r\n\t\t\t\t\t\t\t\t\t\t\t\t\t\t\t\t\t\t\t\t\t\t\t\t    <a href=\"\/features\/\">\r\n\t\t\t\t\t\t\t\t        Discover what&#8217;s beneath our intercom\t\t\t\t\t\t\t\t    <\/a>\r\n\t\t\t\t\t\t\t\t\t\t\t\t\t\t\t<\/li>\r\n\t\t\t\t\t\t\t\t\t\t\t\t\t\t\t\t\t\t\t\t\t\t\t\t<li>\r\n\t\t\t\t\t\t\t\t\t\t\t\t\t\t\t\t    <strong>Become a Partner<\/strong>\r\n\t\t\t\t\t\t\t\t\t\t\t\t\t\t\t\t\t\t\t\t\t\t\t\t    <a href=\"\/distributors\/\">\r\n\t\t\t\t\t\t\t\t        Expand your business with BAS-IP intercom\t\t\t\t\t\t\t\t    <\/a>\r\n\t\t\t\t\t\t\t\t\t\t\t\t\t\t\t<\/li>\r\n\t\t\t\t\t\t\t\t\t\t\t\t\t\t\t\t\t\t\t\t\t\t\t\t<li>\r\n\t\t\t\t\t\t\t\t\t\t\t\t\t\t\t\t    <strong>Check the Guides<\/strong>\r\n\t\t\t\t\t\t\t\t\t\t\t\t\t\t\t\t\t\t\t\t\t\t\t\t    <a href=\"\/support\/\">\r\n\t\t\t\t\t\t\t\t        Download detailed manuals and schemes\t\t\t\t\t\t\t\t    <\/a>\r\n\t\t\t\t\t\t\t\t\t\t\t\t\t\t\t<\/li>\r\n\t\t\t\t\t\t\t\t\t\t\t\t\t\t\t<\/ul>\r\n\t\t\t\r\n\t\t\t\t\t\t    <h3 class=\"title-block\">Our contacts<\/h3>\r\n\t\t\t\r\n\t\t\t\t\t\t\t<ul class=\"contact-list\">\r\n\t\t\t\t\t\t\t\t\t\t\t\t\t\t\t\t\t\t<li>\r\n\t\t\t\t\t\t\t\t\t\t\t\t\t\t\t\t\t<strong>Sales:<\/strong>\r\n\t\t\t\t\t\t\t\t\t\t\t\t\t\t\t\t\t\t\t\t\t\t\t\t    <a href=\"mailto:sa&#108;&#101;s&#64;b&#97;&#115;-ip.&#99;om\">sal&#101;&#115;&#64;&#98;a&#115;-&#105;p.com<\/a>\r\n\t\t\t\t\t\t\t\t\t\t\t\t\t\t\t<\/li>\r\n\t\t\t\t\t\t\t\t\t\t\t\t\t\t\t\t\t\t\t\t\t\t\t\t<li>\r\n\t\t\t\t\t\t\t\t\t\t\t\t\t\t\t\t\t<strong>Technical support:<\/strong>\r\n\t\t\t\t\t\t\t\t\t\t\t\t\t\t\t\t\t\t\t\t\t\t\t\t    <a href=\"mailto:&#115;u&#112;&#112;&#111;&#114;t&#64;&#98;&#97;&#115;-i&#112;.c&#111;m\">s&#117;&#112;p&#111;&#114;&#116;&#64;b&#97;&#115;&#45;&#105;p.&#99;&#111;m<\/a>\r\n\t\t\t\t\t\t\t\t\t\t\t\t\t\t\t<\/li>\r\n\t\t\t\t\t\t\t\t\t\t\t\t\t\t\t<\/ul>\r\n\t\t\t\t\t<\/div>\r\n\t<\/section>\r\n\r\n\r\n\r\n<!-- END Block Sign Up -->\n\n\n<p><\/p>","protected":false},"excerpt":{"rendered":"<p>BAS-IP ir Hikvision: Integracija I\u0161maniam Prieigos Valdymui BAS-IP ir Hikvision integracija si\u016blo modern\u0173 sprendim\u0105 automatiniam prieigos valdymui per valstybini\u0173 numeri\u0173 atpa\u017einim\u0105. Hikvision suteikia galimyb\u0119 naudoti valstybinius numerius kaip identifikatorius automatiniam u\u017etvar\u0173\/vart\u0173 atidarymui, pasitelkiant ALPR (Automatic License Plate Recognition \u2013 Automatinis Valstybini\u0173 Numeri\u0173 Atpa\u017einimas) parinkt\u012f. BAS-IP Link serveris yra suderinamas ne tik su Axis kameromis, bet [&hellip;]<\/p>","protected":false},"author":1,"featured_media":0,"parent":0,"menu_order":0,"comment_status":"closed","ping_status":"closed","template":"page-custom-breadcrumbs.php","meta":{"inline_featured_image":false,"footnotes":""},"class_list":["post-148188","page","type-page","status-publish","hentry"],"acf":[],"_links":{"self":[{"href":"https:\/\/bas-ip.com\/lt\/wp-json\/wp\/v2\/pages\/148188","targetHints":{"allow":["GET"]}}],"collection":[{"href":"https:\/\/bas-ip.com\/lt\/wp-json\/wp\/v2\/pages"}],"about":[{"href":"https:\/\/bas-ip.com\/lt\/wp-json\/wp\/v2\/types\/page"}],"author":[{"embeddable":true,"href":"https:\/\/bas-ip.com\/lt\/wp-json\/wp\/v2\/users\/1"}],"replies":[{"embeddable":true,"href":"https:\/\/bas-ip.com\/lt\/wp-json\/wp\/v2\/comments?post=148188"}],"version-history":[{"count":2,"href":"https:\/\/bas-ip.com\/lt\/wp-json\/wp\/v2\/pages\/148188\/revisions"}],"predecessor-version":[{"id":150434,"href":"https:\/\/bas-ip.com\/lt\/wp-json\/wp\/v2\/pages\/148188\/revisions\/150434"}],"wp:attachment":[{"href":"https:\/\/bas-ip.com\/lt\/wp-json\/wp\/v2\/media?parent=148188"}],"curies":[{"name":"wp","href":"https:\/\/api.w.org\/{rel}","templated":true}]}}