{"id":147955,"date":"2025-02-06T14:14:40","date_gmt":"2025-02-06T14:14:40","guid":{"rendered":"https:\/\/bas-ip.com\/actentry-vanderbilt\/"},"modified":"2025-11-12T13:48:12","modified_gmt":"2025-11-12T13:48:12","slug":"actentry-vanderbilt","status":"publish","type":"page","link":"https:\/\/bas-ip.com\/lt\/actentry-vanderbilt\/","title":{"rendered":"ACTentry (Vanderbilt)"},"content":{"rendered":"<h2 class=\"wp-block-heading\">BAS-IP ir ACTentry: prieigos kontrol\u0117s pertvarkymas naudojant pa\u017eangi\u0105 integracij\u0105<\/h2>\n\n\n<div class=\"wp-block-image\">\n<figure class=\"aligncenter size-full\"><img loading=\"lazy\" decoding=\"async\" width=\"594\" height=\"321\" src=\"https:\/\/bas-ip.com\/wp-content\/uploads\/2025\/02\/ACTpro.png\" alt=\"\" class=\"wp-image-130372\" srcset=\"https:\/\/bas-ip.com\/wp-content\/uploads\/2025\/02\/ACTpro.png 594w,  https:\/\/bas-ip.com\/wp-content\/uploads\/2025\/02\/ACTpro-300x162.png 300w\" sizes=\"auto, (max-width: 594px) 100vw, 594px\" \/><\/figure>\n<\/div>\n\n<p data-start=\"90\" data-end=\"411\"><strong data-start=\"90\" data-end=\"102\">ACTentry<\/strong> transformuoja tradicin\u0119 prieigos kontrol\u0119, fizinius \u012f\u0117jimo telefonus pakeisdamas programin\u0117s \u012frangos sprendimu. Sujungus su <strong data-start=\"227\" data-end=\"237\">BAS-IP<\/strong> interkom\u0173 pultais, \u0161i integracija suteikia pa\u017eang\u0173 lankytoj\u0173 valdym\u0105, derindama vaizdo ir garso s\u0105veik\u0105 su skland\u017eia prieigos kontrole tiesiogiai per <strong data-start=\"388\" data-end=\"398\">ACTpro<\/strong> platform\u0105.<\/p>\n<p data-start=\"413\" data-end=\"707\">Palaikomi modeliai, tokie kaip <strong data-start=\"444\" data-end=\"457\">AA-12FB2M<\/strong> ir <strong data-start=\"461\" data-end=\"472\">AV-03BD<\/strong>, lengvai jungiasi prie ACTentry, leid\u017eiant operatoriams steb\u0117ti lankytoj\u0173 \u012f\u0117jim\u0105, valdyti duris ir realiu laiku steb\u0117ti veikl\u0105. \u0160i sinergija pagerina saugumo darbo eig\u0105 ir supaprastina operacijas bet kurioje \u0161iuolaikin\u0117je aplinkoje.<\/p>\n<h4 dir=\"auto\"><span class=\"heading-content\">Kod\u0117l verta pasirinkti \u0161i\u0105 integracij\u0105?<\/span><\/h4>\n<ul>\n<li dir=\"auto\"><strong data-start=\"761\" data-end=\"799\">Supaprastintas lankytoj\u0173 valdymas:<\/strong>Valdykite duris ir bendraukite su lankytojais naudodami tiesiogin\u012f vaizdo ir garso ry\u0161\u012f i\u0161 savo kompiuterio.<\/li>\n<li dir=\"auto\"><strong data-start=\"914\" data-end=\"937\">Efektyvus valdymas:<\/strong>Centralizuotas interkom\u0173 ir prieigos ta\u0161k\u0173 valdymas ACTentry s\u0105sajoje.<\/li>\n<li dir=\"auto\"><strong data-start=\"1014\" data-end=\"1042\">I\u0161manioji konfig\u016bracija:<\/strong>Pritaikykite interkom\u0173 nustatymus su saugiomis prieigos kredencialais, tiesiogine steb\u0117sena ir lanks\u010diomis naudotojo parinktimis.<\/li>\n<li dir=\"auto\"><strong data-start=\"1178\" data-end=\"1210\">Kostiumo efektyvus valdymas:<\/strong>Suma\u017einkite priklausomyb\u0119 nuo \u012frangos, naudodami programin\u0119 \u012frang\u0105 dur\u0173 valdymui.<\/li>\n<li dir=\"auto\"><strong data-start=\"1298\" data-end=\"1324\">Sklandi suderinamumas:<\/strong>Sukurta taip, kad skland\u017eiai veikt\u0173 su ACTpro ir pa\u017eangi\u0105 BAS-IP interkom\u0173 technologija.<\/li>\n<\/ul>\n<h4 dir=\"auto\"><span class=\"heading-content\">Integracijos pagrindiniai bruo\u017eai<\/span><\/h4>\n<p dir=\"auto\">BAS-IP ir ACTentry bendradarbiavimas suteikia:<\/p>\n<ul>\n<li dir=\"auto\">Saug\u0173 ir intuityv\u0173 <strong data-start=\"1536\" data-end=\"1576\">SIP pagrindu veikian\u010di\u0105 komunikacij\u0105<\/strong> tarp interkom\u0173 ir ACTentry programin\u0117s \u012frangos.<\/li>\n<li dir=\"auto\">Centralizuot\u0105 licencij\u0173 sinchronizacij\u0105 ir paprast\u0105 nustatym\u0105 per ACTentry server\u012f.<\/li>\n<li dir=\"auto\">Konfig\u016bruojamas prieigos teises ir realaus laiko steb\u0117jim\u0105, pritaikyt\u0105 dinami\u0161kiems naudotoj\u0173 poreikiams.<\/li>\n<li dir=\"auto\">Daugialyp\u0119 s\u0105saj\u0105 ir patikim\u0105 slapta\u017eod\u017ei\u0173 valdym\u0105 globaliam naudojimui.<\/li>\n<\/ul>\n<p data-start=\"1903\" data-end=\"2258\">\u0160is sprendimas skirtas objektams, kuriuose prioritetas teikiamas supaprastintai prieigos kontrolei, si\u016blant lanks\u010di\u0105 ir patikim\u0105 alternatyv\u0105 pasenusioms \u012frangos sistemoms. Derinant <strong data-start=\"2084\" data-end=\"2094\">BAS-IP<\/strong> interkom\u0173 patirt\u012f su <strong data-start=\"2116\" data-end=\"2128\">ACTentry<\/strong> pa\u017eangiomis technologijomis, operatoriai gauna prakti\u0161k\u0105, mastel\u012f kei\u010diant\u012f \u012frank\u012f kasdieniam saugumui ir patogumui u\u017etikrinti.<\/p>\n<p data-start=\"2260\" data-end=\"2331\" data-is-last-node=\"\" data-is-only-node=\"\">I\u0161samiai apie diegim\u0105 ir konfig\u016bracij\u0105 skaitykite m\u016bs\u0173<a href=\"https:\/\/basip.atlassian.net\/wiki\/spaces\/Integrations\/pages\/250019867\/Integration+with+ACRE+Vanderbilt\" target=\"_blank\" rel=\"noopener\"> <strong data-start=\"2315\" data-end=\"2330\">Wiki vadove<\/strong><\/a>.<\/p>\n\n<!-- START Block Sign Up --><section id=\"block_629678229e935\" class=\"sign-up-section\">\r\n\r\n    <div class=\"form-holder js-form\" data-aos=\"fade-right\">\r\n                    <div class=\"title-block h3\">Sign up for connection<\/div>\r\n        \r\n                    <div class=\"text-block\">\r\n                Filling out all the information needed to answer you as quickly as possible            <\/div>\r\n        \r\n                    \n<div class=\"wpcf7 no-js\" id=\"wpcf7-f102-o1\" lang=\"en-US\" dir=\"ltr\">\n<div class=\"screen-reader-response\"><p role=\"status\" aria-live=\"polite\" aria-atomic=\"true\"><\/p> <ul><\/ul><\/div>\n<form action=\"\/lt\/wp-json\/wp\/v2\/pages\/147955#wpcf7-f102-o1\" method=\"post\" class=\"wpcf7-form init\" aria-label=\"Contact form\" enctype=\"multipart\/form-data\" novalidate=\"novalidate\" data-status=\"init\">\n<div style=\"display: none;\">\n<input type=\"hidden\" name=\"_wpcf7\" value=\"102\" \/>\n<input type=\"hidden\" name=\"_wpcf7_version\" value=\"5.8.3\" \/>\n<input type=\"hidden\" name=\"_wpcf7_locale\" value=\"en_US\" \/>\n<input type=\"hidden\" name=\"_wpcf7_unit_tag\" value=\"wpcf7-f102-o1\" \/>\n<input type=\"hidden\" name=\"_wpcf7_container_post\" value=\"0\" \/>\n<input type=\"hidden\" name=\"_wpcf7_posted_data_hash\" value=\"\" \/>\n<input type=\"hidden\" name=\"_wpcf7_recaptcha_response\" value=\"\" \/>\n<\/div>\n<div class=\"row\"> \n <label><span class=\"label-text\">Name<\/span> \n  <span class=\"wpcf7-form-control-wrap\" data-name=\"text-full-name\"><input size=\"40\" class=\"wpcf7-form-control wpcf7-text wpcf7-validates-as-required\" aria-required=\"true\" aria-invalid=\"false\" placeholder=\"Name\" value=\"\" type=\"text\" name=\"text-full-name\" \/><\/span><\/label> \n<\/div> \n<div class=\"row\"> \n <label><span class=\"label-text\">Phone*<\/span> \n<span class=\"wpcf7-form-control-wrap\" data-name=\"phonetext-270\"><input size=\"40\" class=\"wpcf7-form-control wpcf7-phonetext wpcf7-validates-as-required wpcf7-text wpcf7-validates-as-phonetext\" aria-required=\"true\" aria-invalid=\"false\" placeholder=\"Phone*\" value=\"\" type=\"text\" name=\"phonetext-270\" \/><input type=\"hidden\" name=\"phonetext-270-country-code\" class=\"wpcf7-phonetext-country-code\" \/><\/span><\/label> \n<\/div> \n<div class=\"row\"> \n <label><span class=\"label-text\">E-mail<\/span> \n  <span class=\"wpcf7-form-control-wrap\" data-name=\"email-e-mail\"><input size=\"40\" class=\"wpcf7-form-control wpcf7-email wpcf7-validates-as-required wpcf7-text wpcf7-validates-as-email\" aria-required=\"true\" aria-invalid=\"false\" placeholder=\"E-mail\" value=\"\" type=\"email\" name=\"email-e-mail\" \/><\/span><\/label> \n<\/div> \n<div class=\"row\"><span>Your country<\/span> \n <label><span class=\"wpcf7-form-control-wrap\" data-name=\"countrytext-126\"><input size=\"40\" class=\"wpcf7-form-control wpcf7-countrytext wpcf7-text wpcf7-validates-as-countrytext\" aria-invalid=\"false\" value=\"\" type=\"text\" name=\"countrytext-126\" \/><\/span> <\/label>\n<\/div> \n<div class=\"row\"> \n <button type=\"submit\" class=\"btn\">Send<\/button> \n<\/div> \n<div class=\"row\"> \n <span class=\"wpcf7-form-control-wrap\" data-name=\"checkbox-931\"><span class=\"wpcf7-form-control wpcf7-checkbox\"><span class=\"wpcf7-list-item first\"><label><input type=\"checkbox\" name=\"checkbox-931[]\" value=\"Integrator\" \/><span class=\"wpcf7-list-item-label\">Integrator<\/span><\/label><\/span><span class=\"wpcf7-list-item\"><label><input type=\"checkbox\" name=\"checkbox-931[]\" value=\"Builder\" \/><span class=\"wpcf7-list-item-label\">Builder<\/span><\/label><\/span><span class=\"wpcf7-list-item last\"><label><input type=\"checkbox\" name=\"checkbox-931[]\" value=\"End-User\" \/><span class=\"wpcf7-list-item-label\">End-User<\/span><\/label><\/span><\/span><\/span> \n<\/div> \n<div class=\"row row-upload-file\"> \n <label class=\"upload-file-block js-upload-file\">Attach file \n  <span class=\"wpcf7-form-control-wrap\" data-name=\"file-466\"><input size=\"40\" class=\"wpcf7-form-control wpcf7-file\" accept=\"audio\/*,video\/*,image\/*\" aria-invalid=\"false\" type=\"file\" name=\"file-466\" \/><\/span><\/label> \n<\/div><input type='hidden' class='wpcf7-pum' value='{\"closepopup\":false,\"closedelay\":0,\"openpopup\":false,\"openpopup_id\":0}' \/><div class=\"wpcf7-response-output\" aria-hidden=\"true\"><\/div>\n<\/form>\n<\/div>\n            <\/div>\r\n\r\n\t\t    <div class=\"text-holder\" data-aos=\"fade-left\">\r\n\t\t\t\t\t\t    <h3 class=\"title-block\">How Can We Help?<\/h3>\r\n\t\t\t\r\n\t\t\t                <div class=\"text-block\">\r\n                    Please select a topic below related to your inquiry. If you don&#8217;t find what you need, fill out our contact form.                <\/div>\r\n\t\t\t\r\n\t\t\t\t\t\t    <ul class=\"link-list\">\r\n\t\t\t\t\t\t\t\t\t\t\t\t\t\t\t\t\t\t<li>\r\n\t\t\t\t\t\t\t\t\t\t\t\t\t\t\t\t    <strong>Get Inspired<\/strong>\r\n\t\t\t\t\t\t\t\t\t\t\t\t\t\t\t\t\t\t\t\t\t\t\t\t    <a href=\"\/features\/\">\r\n\t\t\t\t\t\t\t\t        Discover what&#8217;s beneath our intercom\t\t\t\t\t\t\t\t    <\/a>\r\n\t\t\t\t\t\t\t\t\t\t\t\t\t\t\t<\/li>\r\n\t\t\t\t\t\t\t\t\t\t\t\t\t\t\t\t\t\t\t\t\t\t\t\t<li>\r\n\t\t\t\t\t\t\t\t\t\t\t\t\t\t\t\t    <strong>Become a Partner<\/strong>\r\n\t\t\t\t\t\t\t\t\t\t\t\t\t\t\t\t\t\t\t\t\t\t\t\t    <a href=\"\/distributors\/\">\r\n\t\t\t\t\t\t\t\t        Expand your business with BAS-IP intercom\t\t\t\t\t\t\t\t    <\/a>\r\n\t\t\t\t\t\t\t\t\t\t\t\t\t\t\t<\/li>\r\n\t\t\t\t\t\t\t\t\t\t\t\t\t\t\t\t\t\t\t\t\t\t\t\t<li>\r\n\t\t\t\t\t\t\t\t\t\t\t\t\t\t\t\t    <strong>Check the Guides<\/strong>\r\n\t\t\t\t\t\t\t\t\t\t\t\t\t\t\t\t\t\t\t\t\t\t\t\t    <a href=\"\/support\/\">\r\n\t\t\t\t\t\t\t\t        Download detailed manuals and schemes\t\t\t\t\t\t\t\t    <\/a>\r\n\t\t\t\t\t\t\t\t\t\t\t\t\t\t\t<\/li>\r\n\t\t\t\t\t\t\t\t\t\t\t\t\t\t\t<\/ul>\r\n\t\t\t\r\n\t\t\t\t\t\t    <h3 class=\"title-block\">Our contacts<\/h3>\r\n\t\t\t\r\n\t\t\t\t\t\t\t<ul class=\"contact-list\">\r\n\t\t\t\t\t\t\t\t\t\t\t\t\t\t\t\t\t\t<li>\r\n\t\t\t\t\t\t\t\t\t\t\t\t\t\t\t\t\t<strong>Sales:<\/strong>\r\n\t\t\t\t\t\t\t\t\t\t\t\t\t\t\t\t\t\t\t\t\t\t\t\t    <a href=\"mailto:sales&#64;b&#97;&#115;-&#105;p.&#99;o&#109;\">sal&#101;&#115;&#64;&#98;&#97;&#115;&#45;&#105;&#112;&#46;&#99;&#111;m<\/a>\r\n\t\t\t\t\t\t\t\t\t\t\t\t\t\t\t<\/li>\r\n\t\t\t\t\t\t\t\t\t\t\t\t\t\t\t\t\t\t\t\t\t\t\t\t<li>\r\n\t\t\t\t\t\t\t\t\t\t\t\t\t\t\t\t\t<strong>Technical support:<\/strong>\r\n\t\t\t\t\t\t\t\t\t\t\t\t\t\t\t\t\t\t\t\t\t\t\t\t    <a href=\"mailto:s&#117;&#112;&#112;&#111;&#114;t&#64;ba&#115;&#45;&#105;p&#46;com\">sup&#112;&#111;rt&#64;&#98;&#97;&#115;&#45;&#105;&#112;&#46;c&#111;m<\/a>\r\n\t\t\t\t\t\t\t\t\t\t\t\t\t\t\t<\/li>\r\n\t\t\t\t\t\t\t\t\t\t\t\t\t\t\t<\/ul>\r\n\t\t\t\t\t<\/div>\r\n\t<\/section>\r\n\r\n\r\n\r\n<!-- END Block Sign Up -->","protected":false},"excerpt":{"rendered":"<p>BAS-IP ir ACTentry: prieigos kontrol\u0117s pertvarkymas naudojant pa\u017eangi\u0105 integracij\u0105 ACTentry transformuoja tradicin\u0119 prieigos kontrol\u0119, fizinius \u012f\u0117jimo telefonus pakeisdamas programin\u0117s \u012frangos sprendimu. Sujungus su BAS-IP interkom\u0173 pultais, \u0161i integracija suteikia pa\u017eang\u0173 lankytoj\u0173 valdym\u0105, derindama vaizdo ir garso s\u0105veik\u0105 su skland\u017eia prieigos kontrole tiesiogiai per ACTpro platform\u0105. Palaikomi modeliai, tokie kaip AA-12FB2M ir AV-03BD, lengvai jungiasi prie [&hellip;]<\/p>","protected":false},"author":1,"featured_media":0,"parent":0,"menu_order":0,"comment_status":"closed","ping_status":"closed","template":"page-custom-breadcrumbs.php","meta":{"inline_featured_image":false,"footnotes":""},"class_list":["post-147955","page","type-page","status-publish","hentry"],"acf":[],"_links":{"self":[{"href":"https:\/\/bas-ip.com\/lt\/wp-json\/wp\/v2\/pages\/147955","targetHints":{"allow":["GET"]}}],"collection":[{"href":"https:\/\/bas-ip.com\/lt\/wp-json\/wp\/v2\/pages"}],"about":[{"href":"https:\/\/bas-ip.com\/lt\/wp-json\/wp\/v2\/types\/page"}],"author":[{"embeddable":true,"href":"https:\/\/bas-ip.com\/lt\/wp-json\/wp\/v2\/users\/1"}],"replies":[{"embeddable":true,"href":"https:\/\/bas-ip.com\/lt\/wp-json\/wp\/v2\/comments?post=147955"}],"version-history":[{"count":2,"href":"https:\/\/bas-ip.com\/lt\/wp-json\/wp\/v2\/pages\/147955\/revisions"}],"predecessor-version":[{"id":148125,"href":"https:\/\/bas-ip.com\/lt\/wp-json\/wp\/v2\/pages\/147955\/revisions\/148125"}],"wp:attachment":[{"href":"https:\/\/bas-ip.com\/lt\/wp-json\/wp\/v2\/media?parent=147955"}],"curies":[{"name":"wp","href":"https:\/\/api.w.org\/{rel}","templated":true}]}}