{"id":145725,"date":"2025-09-22T13:03:10","date_gmt":"2025-09-22T13:03:10","guid":{"rendered":"https:\/\/bas-ip.com\/career\/"},"modified":"2025-10-03T11:13:50","modified_gmt":"2025-10-03T11:13:50","slug":"career","status":"publish","type":"page","link":"https:\/\/bas-ip.com\/lt\/career\/","title":{"rendered":"Karjera"},"content":{"rendered":"<!-- START Block Career Hero -->   <div class=\"careers-hero\" style=\"background-image:url(https:\/\/bas-ip.com\/wp-content\/uploads\/2025\/09\/career_top_bg_2-scaled.jpg)\">\r\n    <div class=\"careers-hero__overlay\"><\/div>\r\n    <div class=\"careers-container careers-hero__content\">\r\n      <h1 class=\"careers-hero__title\">Mes <span>ie\u0161kome<\/span> kvalifikuot\u0173 \u017emoni\u0173<\/h1>\r\n              <p class=\"careers-hero__subtitle\">Mes kuriame pa\u017eangiausius sprendimus saugumo srityje \u2014 nuo IP domofon\u0173 iki prieigos kontrol\u0117s ir vaizdo steb\u0117jimo sistem\u0173.<br>\r\nTa\u010diau svarbiausia, k\u0105 mes kuriame, yra komanda.<\/p>\r\n                    <a class=\"careers-btn careers-btn--primary\" href=\"https:\/\/bas-ip.com\/vacancies\/\">\r\n          dirbti su mumis        <\/a>\r\n          <\/div>\r\n  <\/div>\r\n     <section class=\"careers-benefits\">\r\n    <div class=\"careers-container\">\r\n              <h2 class=\"careers-section-title\">Kod\u0117l prisijungti prie m\u016bs\u0173<\/h2>\r\n                    <div class=\"careers-benefits__grid\">\r\n                      <div class=\"careers-benefit\">\r\n                              <div class=\"careers-benefit__icon\"><img decoding=\"async\" src=\"https:\/\/bas-ip.com\/wp-content\/uploads\/2025\/09\/hugeicons_global.svg\" alt=\"icon\"><\/div>\r\n                                            <h3>Nuotolinis valdymas<\/h3>\r\n                                            <p>Dirbkite i\u0161 bet kurios pasaulio vietos<\/p>\r\n                          <\/div>\r\n                      <div class=\"careers-benefit\">\r\n                              <div class=\"careers-benefit__icon\"><img decoding=\"async\" src=\"https:\/\/bas-ip.com\/wp-content\/uploads\/2025\/09\/iconoir_brain.svg\" alt=\"icon\"><\/div>\r\n                                            <h3>Novatori\u0161ki produktai<\/h3>\r\n                                            <p>Pa\u017eangiausios technologijos apsaugos rinkoje<\/p>\r\n                          <\/div>\r\n                      <div class=\"careers-benefit\">\r\n                              <div class=\"careers-benefit__icon\"><img decoding=\"async\" src=\"https:\/\/bas-ip.com\/wp-content\/uploads\/2025\/09\/fluent_people-team-16-regular.svg\" alt=\"icon\"><\/div>\r\n                                            <h3>Pasaulin\u0117 komanda<\/h3>\r\n                                            <p>Bendradarbiavimas per\u017eengiant sienas ir laiko juostas<\/p>\r\n                          <\/div>\r\n                      <div class=\"careers-benefit\">\r\n                              <div class=\"careers-benefit__icon\"><img decoding=\"async\" src=\"https:\/\/bas-ip.com\/wp-content\/uploads\/2025\/09\/tabler_rocket.svg\" alt=\"icon\"><\/div>\r\n                                            <h3>Augimo skatinamas<\/h3>\r\n                                            <p>Mes remiame j\u016bs\u0173 mokym\u0105si ir karjeros augim\u0105<\/p>\r\n                          <\/div>\r\n                      <div class=\"careers-benefit\">\r\n                              <div class=\"careers-benefit__icon\"><img decoding=\"async\" src=\"https:\/\/bas-ip.com\/wp-content\/uploads\/2025\/09\/octicon_goal-24.svg\" alt=\"icon\"><\/div>\r\n                                            <h3>Rezultatai prie\u0161 biurokratij\u0105<\/h3>\r\n                                            <p>Vertiname veiksm\u0105 ir atsakomyb\u0119<\/p>\r\n                          <\/div>\r\n                      <div class=\"careers-benefit\">\r\n                              <div class=\"careers-benefit__icon\"><img decoding=\"async\" src=\"https:\/\/bas-ip.com\/wp-content\/uploads\/2025\/09\/hugeicons_idea.svg\" alt=\"icon\"><\/div>\r\n                                            <h3>J\u016bs\u0173 balsas svarbus<\/h3>\r\n                                            <p>Iniciatyva yra sveikintina ir vertinama<\/p>\r\n                          <\/div>\r\n                  <\/div>\r\n          <\/div>\r\n  <\/section>\r\n    <section class=\"careers-vision\">\r\n    <div class=\"careers-container careers-vision__grid\">\r\n      <div class=\"careers-vision__media\">\r\n                  <img decoding=\"async\" src=\"https:\/\/bas-ip.com\/wp-content\/uploads\/2025\/09\/vision.jpg\" alt=\"\" class=\"careers-vision__img careers-vision__img--single\">\r\n              <\/div>\r\n      <div class=\"careers-vision__text\">\r\n                  <h2 class=\"careers-section-title careers-section-title--left\">m\u016bs\u0173 vizija<\/h2>\r\n                          <p data-start=\"357\" data-end=\"562\">BAS-IP rasite augimo galimybi\u0173, \u012fkvepian\u010di\u0173 projekt\u0173 ir pasaulin\u0119 komand\u0105, formuojan\u010di\u0105 i\u0161maniojo saugumo ateit\u012f. Esame daugiau nei 60 \u017emoni\u0173, dirban\u010di\u0173 i\u0161 \u012fvairi\u0173 pasaulio kampeli\u0173 \u2014 talentui n\u0117ra rib\u0173.<\/p>\n<p data-start=\"564\" data-end=\"746\">M\u016bs\u0173 komanda suburia profesionalus i\u0161 MTEP, pardavim\u0173, palaikymo, rinkodaros, tiekimo ir logistikos, finans\u0173 bei personalo valdymo sri\u010di\u0173. Esame \u012fvair\u016bs \u2013 ir tai yra m\u016bs\u0173 stipryb\u0117.<\/p>\n<p data-start=\"748\" data-end=\"897\" data-is-last-node=\"\" data-is-only-node=\"\">Mes palaikome naujokus, \u012fkvepiame vieni kitus, greitai priimame sprendimus ir vertiname iniciatyv\u0105. \u010cia j\u016bs ne tik dirbsite \u2014 j\u016bs padarysite \u012ftak\u0105.<\/p>\n                          <a class=\"careers-btn careers-btn--primary\" href=\"https:\/\/bas-ip.com\/vacancies\/\">\r\n            dirbti su mumis          <\/a>\r\n              <\/div>\r\n    <\/div>\r\n  <\/section>\r\n  <section class=\"careers-values\">\r\n    <div class=\"careers-container\">\r\n              <h2 class=\"careers-section-title\">M\u016bs\u0173 vertyb\u0117s<\/h2>\r\n        <p>BAS-IP \u012fmon\u0117je m\u016bs\u0173 kult\u016bra grind\u017eiama ne tik tikslais \u2013 j\u0105 formuoja bendros vertyb\u0117s, kuriomis vadovaujam\u0117s dirbdami kiekvien\u0105 dien\u0105:<\/p>\r\n                    <div class=\"careers-values__grid\">\r\n                      <article class=\"careers-card\">\r\n                              <img decoding=\"async\" src=\"https:\/\/bas-ip.com\/wp-content\/uploads\/2025\/09\/honesty3.jpg\" alt=\"\">\r\n                            <div class=\"careers-card__body\">\r\n                                  <h3>S\u0105\u017einingumas<\/h3>\r\n                                                  <p>Atvirumas ir skaidrumas visame kame, k\u0105 darome<\/p>\r\n                              <\/div>\r\n            <\/article>\r\n                      <article class=\"careers-card\">\r\n                              <img decoding=\"async\" src=\"https:\/\/bas-ip.com\/wp-content\/uploads\/2025\/09\/optimism.jpg\" alt=\"\">\r\n                            <div class=\"careers-card__body\">\r\n                                  <h3>Optimizmas<\/h3>\r\n                                                  <p>Tik\u0117jimas savimi ir m\u016bs\u0173 komandos s\u0117kme<\/p>\r\n                              <\/div>\r\n            <\/article>\r\n                      <article class=\"careers-card\">\r\n                              <img decoding=\"async\" src=\"https:\/\/bas-ip.com\/wp-content\/uploads\/2025\/09\/support2.jpg\" alt=\"\">\r\n                            <div class=\"careers-card__body\">\r\n                                  <h3>Pagalba<\/h3>\r\n                                                  <p>Pad\u0117ti vieni kitiems su gerumu ir r\u016bpes\u010diu<\/p>\r\n                              <\/div>\r\n            <\/article>\r\n                      <article class=\"careers-card\">\r\n                              <img decoding=\"async\" src=\"https:\/\/bas-ip.com\/wp-content\/uploads\/2025\/09\/selfdev-1.jpg\" alt=\"\">\r\n                            <div class=\"careers-card__body\">\r\n                                  <h3>Sav\u0119s tobulinimas<\/h3>\r\n                                                  <p>Visada stengiuosi mokytis ir tobul\u0117ti<\/p>\r\n                              <\/div>\r\n            <\/article>\r\n                  <\/div>\r\n          <\/div>\r\n  <\/section>\r\n    <section class=\"careers-banner\">\r\n    <div class=\"careers-banner__bg\" style=\"background-image:url(https:\/\/bas-ip.com\/wp-content\/uploads\/2025\/09\/careerbannerbg1-scaled.jpg)\"><\/div>\r\n    <div class=\"careers-container careers-banner__content\">\r\n              <p class=\"careers-banner__title\">MES NE TIK KURIAME TECHNOLOGIJ\u0104 \u2014 <span>MES KURIAME<br>\r\nKOMAND\u0104<\/span>, KURI ATSPINDI \u0160IAS VERTYBES KIEKVIENAME \u017dINGSNYJE.<\/p>\r\n          <\/div>\r\n  <\/section>\r\n\r\n  \r\n    <section id=\"open\" class=\"careers-open\">\r\n    <div class=\"careers-container careers-open__inner\">\r\n              <h2 class=\"careers-section-title\">Atviros pozicijos<\/h2>\r\n                    <p>Per\u017ei\u016br\u0117kite m\u016bs\u0173 dabartines laisvas darbo vietas ir teikite parai\u0161k\u0105 tiesiogiai. Mes visada ie\u0161kome entuziasting\u0173 profesional\u0173, kurie prisijungt\u0173 prie m\u016bs\u0173 kelion\u0117s.<\/p>\r\n                    <a class=\"careers-btn careers-btn--primary\" href=\"https:\/\/bas-ip.com\/vacancies\/\">\r\n          dirbti su mumis        <\/a>\r\n          <\/div>\r\n  <\/section><!-- END Block Career Hero -->","protected":false},"excerpt":{"rendered":"","protected":false},"author":2,"featured_media":0,"parent":0,"menu_order":0,"comment_status":"closed","ping_status":"closed","template":"","meta":{"inline_featured_image":false,"footnotes":""},"class_list":["post-145725","page","type-page","status-publish","hentry"],"acf":[],"_links":{"self":[{"href":"https:\/\/bas-ip.com\/lt\/wp-json\/wp\/v2\/pages\/145725","targetHints":{"allow":["GET"]}}],"collection":[{"href":"https:\/\/bas-ip.com\/lt\/wp-json\/wp\/v2\/pages"}],"about":[{"href":"https:\/\/bas-ip.com\/lt\/wp-json\/wp\/v2\/types\/page"}],"author":[{"embeddable":true,"href":"https:\/\/bas-ip.com\/lt\/wp-json\/wp\/v2\/users\/2"}],"replies":[{"embeddable":true,"href":"https:\/\/bas-ip.com\/lt\/wp-json\/wp\/v2\/comments?post=145725"}],"version-history":[{"count":3,"href":"https:\/\/bas-ip.com\/lt\/wp-json\/wp\/v2\/pages\/145725\/revisions"}],"predecessor-version":[{"id":145891,"href":"https:\/\/bas-ip.com\/lt\/wp-json\/wp\/v2\/pages\/145725\/revisions\/145891"}],"wp:attachment":[{"href":"https:\/\/bas-ip.com\/lt\/wp-json\/wp\/v2\/media?parent=145725"}],"curies":[{"name":"wp","href":"https:\/\/api.w.org\/{rel}","templated":true}]}}