{"id":140957,"date":"2025-06-03T12:48:57","date_gmt":"2025-06-03T12:48:57","guid":{"rendered":"https:\/\/bas-ip.com\/condo-control\/"},"modified":"2025-08-06T09:32:12","modified_gmt":"2025-08-06T09:32:12","slug":"condo-control","status":"publish","type":"page","link":"https:\/\/bas-ip.com\/lt\/condo-control\/","title":{"rendered":"Condo Control"},"content":{"rendered":"<h2>BAS-IP ir \u201eCondo Control\u201c prane\u0161a apie integracij\u0105, skirt\u0105 pagerinti gyvenam\u0105j\u0105 patirt\u012f<\/h2>\n\n<div class=\"wp-block-image\">\n<figure class=\"aligncenter size-large\"><img loading=\"lazy\" decoding=\"async\" width=\"1024\" height=\"235\" src=\"https:\/\/bas-ip.com\/wp-content\/uploads\/2025\/06\/Condo-Control-1024x235.png\" alt=\"\" class=\"wp-image-138764\" srcset=\"https:\/\/bas-ip.com\/wp-content\/uploads\/2025\/06\/Condo-Control-1024x235.png 1024w,  https:\/\/bas-ip.com\/wp-content\/uploads\/2025\/06\/Condo-Control-300x69.png 300w,  https:\/\/bas-ip.com\/wp-content\/uploads\/2025\/06\/Condo-Control-768x177.png 768w,  https:\/\/bas-ip.com\/wp-content\/uploads\/2025\/06\/Condo-Control-767x176.png 767w,  https:\/\/bas-ip.com\/wp-content\/uploads\/2025\/06\/Condo-Control.png 1266w\" sizes=\"auto, (max-width: 1024px) 100vw, 1024px\" \/><\/figure>\n<\/div>\n\n<p>BAS-IP, pirmaujanti IP domofon\u0173 sistem\u0173 k\u016br\u0117ja, ir \u201eCondo Control\u201c, viskas viename platforma, skirta daugiau nei 2 milijonams gyventoj\u0173 operacij\u0173 skaitmeninimui, \u0161iandien paskelb\u0117 apie strategin\u0119 integracij\u0105. \u0160is bendradarbiavimas sukuria vien\u0105 patikim\u0105 \u0161altin\u012f gyventoj\u0173 duomenims, pa\u0161alina pasikartojan\u010dius \u012fra\u0161us ir leid\u017eia skland\u017eiai sinchronizuoti gyventoj\u0173 duomenis tarp dviej\u0173 sistem\u0173, suteikdamas nauj\u0105 patogumo ir duomen\u0173 tikslumo lyg\u012f gyventojams ir nekilnojamojo turto valdytojams Kanadoje.<\/p>\n<p>Pagrindin\u0117 \u0161ios integracijos funkcija yra gyventoj\u0173 s\u0105ra\u0161o sinchronizavimas i\u0161 \u201eCondo Control\u201c platformos su BAS-IP domofonais. U\u017euot rink\u0119 but\u0173 numerius, lankytojai slenka ab\u0117c\u0117liniu i\u0161maniuoju katalogu, paspaud\u017eia vard\u0105, o skambinimo skydelyje dabar rodomas telefon\u0173 knyga su gyventoj\u0173 vardais, suteikianti intuityvesn\u012f ir \u012f vartotoj\u0105 orientuot\u0105 po\u017ei\u016br\u012f.<\/p>\n<p>\u201eCondo Control\u201c sistema tarnauja kaip pagrindin\u0117 s\u0105saja nekilnojamojo turto administratoriams, kad jie gal\u0117t\u0173 lengvai prid\u0117ti, i\u0161trinti ir atnaujinti gyventoj\u0173 \u012fra\u0161us. \u0160ie pakeitimai automati\u0161kai perkeliami \u012f domofon\u0173 sistemos i\u0161man\u0173j\u012f katalog\u0105 per BAS-IP Link valdymo platform\u0105, kuri veikia kaip tarpin\u0117 programin\u0117 \u012franga. BAS-IP Link taip pat valdo skambinimo proces\u0105, u\u017etikrindamas patikim\u0105 ry\u0161\u012f.<\/p>\n<p>\u0160is patobulinimas buvo \u012fgyvendintas atsi\u017evelgiant \u012f Kanados gyventoj\u0173 pageidavimus, kurie yra \u012fprat\u0119 gauti skambu\u010dius \u012f savo asmeninius mobiliojo telefono numerius, o ne \u012f fiksuot\u0105 prietais\u0105 bute.<\/p>\n<p>\u201eM\u016bs\u0173 misija yra skaitmeninti ir supaprastinti bendruomen\u0117s operacijas\u201c, \u2013 sak\u0117 Brianas Bosscheris, \u201eCondo Control\u201c. \u201ePartneryst\u0117 su BAS-IP leid\u017eia valdytojams atnaujinti duomenis vien\u0105 kart\u0105 ir suteikia gyventojams be vargo, mobili\u0105 prieig\u0105, kurios jie tikisi.\u201c<\/p>\n<p><strong><u>Pagrindiniai privalumai:<\/u><\/strong><\/p>\n<ul>\n<li><b>Jokio dvigubo \u012fra\u0161o<\/b> \u2013 gyventoj\u0173 \u012fra\u0161ai automati\u0161kai perduodami.<\/li>\n<li><b>Skambu\u010diai pirm\u0105 kart\u0105 pasiekia reikiam\u0105 asmen\u012f<\/b> \u2013 ma\u017eiau atsakom\u0173j\u0173 skambu\u010di\u0173 i\u0161 foj\u0117.<\/li>\n<li><b>Mobiliojo telefono patirtis<\/b> \u2013 gyventojai gali atsakyti i\u0161 bet kurio mobiliojo telefono.<\/li>\n<li><b>Visada atnaujinta:<\/b> telefono numeriai ir \u012f\/i\u0161vykimo informacija sinchronizuojami akimirksniu.<\/li>\n<\/ul>\n<p><strong><u>Skambinimo procesas buvo patobulintas, kad b\u016bt\u0173 u\u017etikrintas maksimalus lankstumas:<\/u><\/strong><\/p>\n<ul>\n<li><b>Tiesioginis skambinimas gyventojui:<\/b> Lankytojai gali skambinti konkre\u010diam gyventojui jo asmeniniu telefono numeriu arba BAS-IP Link mobiliojoje programoje, pasirinkdami jo vard\u0105 i\u0161 i\u0161maniojo katalogo arba rinkdami konkret\u0173 kod\u0105.<\/li>\n<li><b>Buto skambinimas:<\/b> Tradicin\u0117 galimyb\u0117 skambinti visiems buto gyventojams vienu metu vis dar yra prieinama.<\/li>\n<li><b>Hibridinis modelis:<\/b> Abi parinktys gali b\u016bti palaikomos vienu metu viename skambinimo \u012frenginyje.<\/li>\n<\/ul>\n<p><strong><u>Kaip veikia integracija:<\/u><\/strong><\/p>\n<ul>\n<li><b>Registracija:<\/b> Administratorius registruoja gyventoj\u0105 \u201eCondo Control\u201c sistemoje ir prideda jo kontaktin\u0119 informacij\u0105.<\/li>\n<li><b>Sinchronizavimas:<\/b> BAS-IP Link serveris automati\u0161kai siun\u010dia gyventojo duomenis \u012f skambinimo skydelio i\u0161man\u0173j\u012f katalog\u0105.<\/li>\n<li><b>Skambutis:<\/b> Kurjeris arba sve\u010dias pasirenka gyventoj\u0105 pagal vard\u0105 arba renka jo kod\u0105.<\/li>\n<li><b>Atsakymas:<\/b> Gyventojas atsako \u012f skambut\u012f i\u0161 skydelio savo asmeniniu mobiliojo telefono numeriu (per prijungt\u0105 \u201eTwilio SIP trunk\u201c) arba BAS-IP Link programoje.<\/li>\n<li><b>Prieiga:<\/b> Gyventojas gali nuotoliniu b\u016bdu atidaryti duris.<\/li>\n<\/ul>\n<p>Integracija taip pat u\u017etikrina automatinius duomen\u0173 atnaujinimus. Bet kokie pakeitimai gyventojo telefono numeryje, vartotojo i\u0161trynimas ar mobiliojo telefono programos seansas \u201eCondo Control\u201c sistemoje nedelsiant atsispindi BAS-IP Link nukreipimo schemoje, garantuojant, kad kontaktin\u0117 informacija visada yra atnaujinta.<\/p>\n<p>\u0160i integracija yra reik\u0161mingas \u017eingsnis kuriant protingesnes, patogesnes gyvenam\u0105sias erdves. Sujungiant BAS-IP pa\u017eangiausi\u0105 IP domofon\u0173 technologij\u0105 su \u201eCondo Control\u201c galingomis nekilnojamojo turto valdymo galimyb\u0117mis, \u012fmon\u0117s si\u016blo sprendim\u0105, kuris atitinka \u0161iuolaikinius gyventoj\u0173 poreikius ir supaprastina administratori\u0173 darbo eig\u0105.<\/p>\n\n<!-- START Block Sign Up --><section id=\"block_629678229e935\" class=\"sign-up-section\">\r\n\r\n    <div class=\"form-holder js-form\" data-aos=\"fade-right\">\r\n                    <div class=\"title-block h3\">Sign up for connection<\/div>\r\n        \r\n                    <div class=\"text-block\">\r\n                Filling out all the information needed to answer you as quickly as possible            <\/div>\r\n        \r\n                    \n<div class=\"wpcf7 no-js\" id=\"wpcf7-f102-o1\" lang=\"en-US\" dir=\"ltr\">\n<div class=\"screen-reader-response\"><p role=\"status\" aria-live=\"polite\" aria-atomic=\"true\"><\/p> <ul><\/ul><\/div>\n<form action=\"\/lt\/wp-json\/wp\/v2\/pages\/140957#wpcf7-f102-o1\" method=\"post\" class=\"wpcf7-form init\" aria-label=\"Contact form\" enctype=\"multipart\/form-data\" novalidate=\"novalidate\" data-status=\"init\">\n<div style=\"display: none;\">\n<input type=\"hidden\" name=\"_wpcf7\" value=\"102\" \/>\n<input type=\"hidden\" name=\"_wpcf7_version\" value=\"5.8.3\" \/>\n<input type=\"hidden\" name=\"_wpcf7_locale\" value=\"en_US\" \/>\n<input type=\"hidden\" name=\"_wpcf7_unit_tag\" value=\"wpcf7-f102-o1\" \/>\n<input type=\"hidden\" name=\"_wpcf7_container_post\" value=\"0\" \/>\n<input type=\"hidden\" name=\"_wpcf7_posted_data_hash\" value=\"\" \/>\n<input type=\"hidden\" name=\"_wpcf7_recaptcha_response\" value=\"\" \/>\n<\/div>\n<div class=\"row\"> \n <label><span class=\"label-text\">Name<\/span> \n  <span class=\"wpcf7-form-control-wrap\" data-name=\"text-full-name\"><input size=\"40\" class=\"wpcf7-form-control wpcf7-text wpcf7-validates-as-required\" aria-required=\"true\" aria-invalid=\"false\" placeholder=\"Name\" value=\"\" type=\"text\" name=\"text-full-name\" \/><\/span><\/label> \n<\/div> \n<div class=\"row\"> \n <label><span class=\"label-text\">Phone*<\/span> \n<span class=\"wpcf7-form-control-wrap\" data-name=\"phonetext-270\"><input size=\"40\" class=\"wpcf7-form-control wpcf7-phonetext wpcf7-validates-as-required wpcf7-text wpcf7-validates-as-phonetext\" aria-required=\"true\" aria-invalid=\"false\" placeholder=\"Phone*\" value=\"\" type=\"text\" name=\"phonetext-270\" \/><input type=\"hidden\" name=\"phonetext-270-country-code\" class=\"wpcf7-phonetext-country-code\" \/><\/span><\/label> \n<\/div> \n<div class=\"row\"> \n <label><span class=\"label-text\">E-mail<\/span> \n  <span class=\"wpcf7-form-control-wrap\" data-name=\"email-e-mail\"><input size=\"40\" class=\"wpcf7-form-control wpcf7-email wpcf7-validates-as-required wpcf7-text wpcf7-validates-as-email\" aria-required=\"true\" aria-invalid=\"false\" placeholder=\"E-mail\" value=\"\" type=\"email\" name=\"email-e-mail\" \/><\/span><\/label> \n<\/div> \n<div class=\"row\"><span>Your country<\/span> \n <label><span class=\"wpcf7-form-control-wrap\" data-name=\"countrytext-126\"><input size=\"40\" class=\"wpcf7-form-control wpcf7-countrytext wpcf7-text wpcf7-validates-as-countrytext\" aria-invalid=\"false\" value=\"\" type=\"text\" name=\"countrytext-126\" \/><\/span> <\/label>\n<\/div> \n<div class=\"row\"> \n <button type=\"submit\" class=\"btn\">Send<\/button> \n<\/div> \n<div class=\"row\"> \n <span class=\"wpcf7-form-control-wrap\" data-name=\"checkbox-931\"><span class=\"wpcf7-form-control wpcf7-checkbox\"><span class=\"wpcf7-list-item first\"><label><input type=\"checkbox\" name=\"checkbox-931[]\" value=\"Integrator\" \/><span class=\"wpcf7-list-item-label\">Integrator<\/span><\/label><\/span><span class=\"wpcf7-list-item\"><label><input type=\"checkbox\" name=\"checkbox-931[]\" value=\"Builder\" \/><span class=\"wpcf7-list-item-label\">Builder<\/span><\/label><\/span><span class=\"wpcf7-list-item last\"><label><input type=\"checkbox\" name=\"checkbox-931[]\" value=\"End-User\" \/><span class=\"wpcf7-list-item-label\">End-User<\/span><\/label><\/span><\/span><\/span> \n<\/div> \n<div class=\"row row-upload-file\"> \n <label class=\"upload-file-block js-upload-file\">Attach file \n  <span class=\"wpcf7-form-control-wrap\" data-name=\"file-466\"><input size=\"40\" class=\"wpcf7-form-control wpcf7-file\" accept=\"audio\/*,video\/*,image\/*\" aria-invalid=\"false\" type=\"file\" name=\"file-466\" \/><\/span><\/label> \n<\/div><input type='hidden' class='wpcf7-pum' value='{\"closepopup\":false,\"closedelay\":0,\"openpopup\":false,\"openpopup_id\":0}' \/><div class=\"wpcf7-response-output\" aria-hidden=\"true\"><\/div>\n<\/form>\n<\/div>\n            <\/div>\r\n\r\n\t\t    <div class=\"text-holder\" data-aos=\"fade-left\">\r\n\t\t\t\t\t\t    <h3 class=\"title-block\">How Can We Help?<\/h3>\r\n\t\t\t\r\n\t\t\t                <div class=\"text-block\">\r\n                    Please select a topic below related to your inquiry. If you don&#8217;t find what you need, fill out our contact form.                <\/div>\r\n\t\t\t\r\n\t\t\t\t\t\t    <ul class=\"link-list\">\r\n\t\t\t\t\t\t\t\t\t\t\t\t\t\t\t\t\t\t<li>\r\n\t\t\t\t\t\t\t\t\t\t\t\t\t\t\t\t    <strong>Get Inspired<\/strong>\r\n\t\t\t\t\t\t\t\t\t\t\t\t\t\t\t\t\t\t\t\t\t\t\t\t    <a href=\"\/features\/\">\r\n\t\t\t\t\t\t\t\t        Discover what&#8217;s beneath our intercom\t\t\t\t\t\t\t\t    <\/a>\r\n\t\t\t\t\t\t\t\t\t\t\t\t\t\t\t<\/li>\r\n\t\t\t\t\t\t\t\t\t\t\t\t\t\t\t\t\t\t\t\t\t\t\t\t<li>\r\n\t\t\t\t\t\t\t\t\t\t\t\t\t\t\t\t    <strong>Become a Partner<\/strong>\r\n\t\t\t\t\t\t\t\t\t\t\t\t\t\t\t\t\t\t\t\t\t\t\t\t    <a href=\"\/distributors\/\">\r\n\t\t\t\t\t\t\t\t        Expand your business with BAS-IP intercom\t\t\t\t\t\t\t\t    <\/a>\r\n\t\t\t\t\t\t\t\t\t\t\t\t\t\t\t<\/li>\r\n\t\t\t\t\t\t\t\t\t\t\t\t\t\t\t\t\t\t\t\t\t\t\t\t<li>\r\n\t\t\t\t\t\t\t\t\t\t\t\t\t\t\t\t    <strong>Check the Guides<\/strong>\r\n\t\t\t\t\t\t\t\t\t\t\t\t\t\t\t\t\t\t\t\t\t\t\t\t    <a href=\"\/support\/\">\r\n\t\t\t\t\t\t\t\t        Download detailed manuals and schemes\t\t\t\t\t\t\t\t    <\/a>\r\n\t\t\t\t\t\t\t\t\t\t\t\t\t\t\t<\/li>\r\n\t\t\t\t\t\t\t\t\t\t\t\t\t\t\t<\/ul>\r\n\t\t\t\r\n\t\t\t\t\t\t    <h3 class=\"title-block\">Our contacts<\/h3>\r\n\t\t\t\r\n\t\t\t\t\t\t\t<ul class=\"contact-list\">\r\n\t\t\t\t\t\t\t\t\t\t\t\t\t\t\t\t\t\t<li>\r\n\t\t\t\t\t\t\t\t\t\t\t\t\t\t\t\t\t<strong>Sales:<\/strong>\r\n\t\t\t\t\t\t\t\t\t\t\t\t\t\t\t\t\t\t\t\t\t\t\t\t    <a href=\"mailto:sales&#64;&#98;&#97;s-&#105;&#112;&#46;&#99;&#111;&#109;\">s&#97;l&#101;s&#64;&#98;&#97;s&#45;&#105;&#112;.&#99;&#111;m<\/a>\r\n\t\t\t\t\t\t\t\t\t\t\t\t\t\t\t<\/li>\r\n\t\t\t\t\t\t\t\t\t\t\t\t\t\t\t\t\t\t\t\t\t\t\t\t<li>\r\n\t\t\t\t\t\t\t\t\t\t\t\t\t\t\t\t\t<strong>Technical support:<\/strong>\r\n\t\t\t\t\t\t\t\t\t\t\t\t\t\t\t\t\t\t\t\t\t\t\t\t    <a href=\"mailto:s&#117;&#112;p&#111;rt&#64;&#98;&#97;s-&#105;p.c&#111;&#109;\">s&#117;pp&#111;rt&#64;&#98;&#97;s&#45;i&#112;&#46;co&#109;<\/a>\r\n\t\t\t\t\t\t\t\t\t\t\t\t\t\t\t<\/li>\r\n\t\t\t\t\t\t\t\t\t\t\t\t\t\t\t<\/ul>\r\n\t\t\t\t\t<\/div>\r\n\t<\/section>\r\n\r\n\r\n\r\n<!-- END Block Sign Up -->","protected":false},"excerpt":{"rendered":"<p>BAS-IP ir \u201eCondo Control\u201c prane\u0161a apie integracij\u0105, skirt\u0105 pagerinti gyvenam\u0105j\u0105 patirt\u012f BAS-IP, pirmaujanti IP domofon\u0173 sistem\u0173 k\u016br\u0117ja, ir \u201eCondo Control\u201c, viskas viename platforma, skirta daugiau nei 2 milijonams gyventoj\u0173 operacij\u0173 skaitmeninimui, \u0161iandien paskelb\u0117 apie strategin\u0119 integracij\u0105. \u0160is bendradarbiavimas sukuria vien\u0105 patikim\u0105 \u0161altin\u012f gyventoj\u0173 duomenims, pa\u0161alina pasikartojan\u010dius \u012fra\u0161us ir leid\u017eia skland\u017eiai sinchronizuoti gyventoj\u0173 duomenis tarp dviej\u0173 [&hellip;]<\/p>","protected":false},"author":1,"featured_media":0,"parent":0,"menu_order":0,"comment_status":"closed","ping_status":"closed","template":"page-custom-breadcrumbs.php","meta":{"inline_featured_image":false,"footnotes":""},"class_list":["post-140957","page","type-page","status-publish","hentry"],"acf":[],"_links":{"self":[{"href":"https:\/\/bas-ip.com\/lt\/wp-json\/wp\/v2\/pages\/140957","targetHints":{"allow":["GET"]}}],"collection":[{"href":"https:\/\/bas-ip.com\/lt\/wp-json\/wp\/v2\/pages"}],"about":[{"href":"https:\/\/bas-ip.com\/lt\/wp-json\/wp\/v2\/types\/page"}],"author":[{"embeddable":true,"href":"https:\/\/bas-ip.com\/lt\/wp-json\/wp\/v2\/users\/1"}],"replies":[{"embeddable":true,"href":"https:\/\/bas-ip.com\/lt\/wp-json\/wp\/v2\/comments?post=140957"}],"version-history":[{"count":3,"href":"https:\/\/bas-ip.com\/lt\/wp-json\/wp\/v2\/pages\/140957\/revisions"}],"predecessor-version":[{"id":140986,"href":"https:\/\/bas-ip.com\/lt\/wp-json\/wp\/v2\/pages\/140957\/revisions\/140986"}],"wp:attachment":[{"href":"https:\/\/bas-ip.com\/lt\/wp-json\/wp\/v2\/media?parent=140957"}],"curies":[{"name":"wp","href":"https:\/\/api.w.org\/{rel}","templated":true}]}}