{"id":133956,"date":"2023-03-27T09:32:04","date_gmt":"2023-03-27T09:32:04","guid":{"rendered":"https:\/\/bas-ip.com\/medical\/"},"modified":"2025-03-24T08:48:32","modified_gmt":"2025-03-24T08:48:32","slug":"medical","status":"publish","type":"page","link":"https:\/\/bas-ip.com\/lt\/medical\/","title":{"rendered":"Ligonin\u0117ms\/Medicinos \u012fstaigoms"},"content":{"rendered":"<h1 class=\"wp-block-heading\"><strong>Ligonin\u0117s domofono sistema, sukurta BAS-IP \u2013 \u201eElevate Patient Care\u201c.<\/strong><\/h1>\n\n\n\n<p>Medicinos pramon\u0117 nuolat vystosi, siekdama suteikti pacientams geriausi\u0105 \u012fmanom\u0105 prie\u017ei\u016br\u0105. Kadangi komunikacija atlieka svarb\u0173 vaidmen\u012f u\u017etikrinant efektyvias ir saugias medicinos paslaugas, b\u016btina pereiti prie pa\u017eangios ligonin\u0117s interkom\u0173 sistemos. Inovatyvios BAS-IP medicinos interkom\u0173 sistemos, sukurtos specialiai \u0161varioms patalpoms ir medicinos \u012fstaigoms, suteikia neprilygstam\u0105 patogum\u0105 ir patikimum\u0105 sveikatos prie\u017ei\u016bros specialistams ir j\u0173 pacientams. \u0160iame straipsnyje i\u0161nagrin\u0117sime BAS-IP ligonin\u0117s interkomo savybes ir privalumus bei tai, kaip jis gali revoliucionizuoti medicinos \u012fstaig\u0173 veikl\u0105.<\/p>\n\n\n\n<h2 class=\"wp-block-heading\"><strong>BAS-IP ligonin\u0117s domofono galia<\/strong><\/h2>\n\n\n<!-- START Block Features --><section id=\"block_64304f018b5e4\" class=\"features-section\">\r\n\t\r\n    <div class=\"features-list\">\r\n                    <div class=\"features-item\" data-aos=\"fade-up\">\r\n    <div class=\"features-box\">\r\n                    <div class=\"image-holder\">\r\n                <img loading=\"lazy\" decoding=\"async\" width=\"350\" height=\"320\" src=\"https:\/\/bas-ip.com\/wp-content\/uploads\/2023\/04\/1-2-350x320.jpg\" class=\"attachment-thumbnail_350x320 size-thumbnail_350x320\" alt=\"\" \/>            <\/div>\r\n        \r\n        <div class=\"text-holder\">\r\n                        <h3 class=\"title-block\">Sklandus integravimas su vietiniais IP tinklais<\/h3>\r\n          \r\n                        <div class=\"text-block\">\r\n                <p>Vienas i\u0161 reik\u0161ming\u0173 BAS-IP medicinos interkom\u0173 sistem\u0173 privalum\u0173 yra j\u0173 geb\u0117jimas skland\u017eiai veikti tame pa\u010diame IP vietiniame tinkle. \u0160is suderinamumas u\u017etikrina skland\u017ei\u0105 komunikacij\u0105 tarp skirting\u0173 interkom\u0173 \u012frengini\u0173, suma\u017eindamas v\u0117lavim\u0105 ir gerindamas bendr\u0105 efektyvum\u0105.<\/p>\n              <\/div>\r\n                  <\/div>\r\n    <\/div>\r\n<\/div>\r\n                    <div class=\"features-item\" data-aos=\"fade-up\">\r\n    <div class=\"features-box\">\r\n                    <div class=\"image-holder\">\r\n                <img loading=\"lazy\" decoding=\"async\" width=\"350\" height=\"320\" src=\"https:\/\/bas-ip.com\/wp-content\/uploads\/2023\/04\/2-2-350x320.jpg\" class=\"attachment-thumbnail_350x320 size-thumbnail_350x320\" alt=\"\" \/>            <\/div>\r\n        \r\n        <div class=\"text-holder\">\r\n                        <h3 class=\"title-block\">I\u0161pl\u0117stin\u0117s patobulinto ry\u0161io funkcijos<\/h3>\r\n          \r\n                        <div class=\"text-block\">\r\n                <p>BAS-IP si\u016blo plat\u0173 unikali\u0173 funkcij\u0173 spektr\u0105 savo ligonin\u0117s interkom\u0173 sistemai, i\u0161skirdamas j\u0105 i\u0161 konkurent\u0173. Kai kurios i\u0161 \u0161i\u0173 funkcij\u0173 apima HD vaizdo skambu\u010dius, prieigos kontrol\u0119 ir suderinamum\u0105 su \u012fvairiais IP \u012frenginiais, u\u017etikrinan\u010dius skland\u017ei\u0105 komunikacij\u0105 ir padidint\u0105 saugum\u0105 medicinos \u012fstaigoms.<\/p>\n              <\/div>\r\n                  <\/div>\r\n    <\/div>\r\n<\/div>\r\n                    <div class=\"features-item\" data-aos=\"fade-up\">\r\n    <div class=\"features-box\">\r\n                    <div class=\"image-holder\">\r\n                <img loading=\"lazy\" decoding=\"async\" width=\"350\" height=\"320\" src=\"https:\/\/bas-ip.com\/wp-content\/uploads\/2023\/04\/3-2-350x320.jpg\" class=\"attachment-thumbnail_350x320 size-thumbnail_350x320\" alt=\"\" \/>            <\/div>\r\n        \r\n        <div class=\"text-holder\">\r\n                        <h3 class=\"title-block\">\u0160varaus kambario domofono galimyb\u0117s<\/h3>\r\n          \r\n                        <div class=\"text-block\">\r\n                <p>\u0160varioms patalpoms keliami grie\u017eti higienos reikalavimai, o BAS-IP ligonin\u0117s interkom\u0173 sistema yra sukurta atitikti \u0161iuos reikalavimus. \u0160vari\u0173 patalp\u0173 interkomas u\u017etikrina, kad komunikacija tarp sveikatos prie\u017ei\u016bros specialist\u0173 likt\u0173 nenutr\u016bkstama, nesuma\u017einant \u0161i\u0173 specializuot\u0173 aplink\u0173 sterilumo ir saugumo.<\/p>\n              <\/div>\r\n                  <\/div>\r\n    <\/div>\r\n<\/div>\r\n            <\/div>\r\n<\/section>\r\n<!-- END Block Features -->\n\n\n<h2 class=\"wp-block-heading\"><strong>BAS-IP auk\u0161tos kokyb\u0117s aparatin\u0117s \u012frangos komponentai<\/strong><\/h2>\n\n\n<!-- START Block Features --><section id=\"block_64304f888b5e8\" class=\"features-section\">\r\n\t\r\n    <div class=\"features-list\">\r\n                    <div class=\"features-item\" data-aos=\"fade-up\">\r\n    <div class=\"features-box\">\r\n                    <div class=\"image-holder\">\r\n                <img loading=\"lazy\" decoding=\"async\" width=\"350\" height=\"320\" src=\"https:\/\/bas-ip.com\/wp-content\/uploads\/2023\/04\/4-2-350x320.jpg\" class=\"attachment-thumbnail_350x320 size-thumbnail_350x320\" alt=\"\" \/>            <\/div>\r\n        \r\n        <div class=\"text-holder\">\r\n                        <h3 class=\"title-block\">AV-04AFD \u2013 geriausias domofono \u012frenginys<\/h3>\r\n          \r\n                        <div class=\"text-block\">\r\n                <p>AV-04AFD yra universalus interkomo \u012frenginys, sukurtas u\u017etikrinti auk\u0161\u010diausi\u0105 na\u0161um\u0105 medicinos \u012fstaigoms. Su HD garso skambu\u010di\u0173 galimyb\u0117mis, prieigos kontrol\u0117s integracija ir suderinamumu su \u012fvairiais IP \u012frenginiais, jis si\u016blo neprilygstamas komunikacijos ir saugumo funkcijas eleganti\u0161kame ir \u0161iuolaiki\u0161kame dizaine.<\/p>\n              <\/div>\r\n                  <\/div>\r\n    <\/div>\r\n<\/div>\r\n                    <div class=\"features-item\" data-aos=\"fade-up\">\r\n    <div class=\"features-box\">\r\n                    <div class=\"image-holder\">\r\n                <img loading=\"lazy\" decoding=\"async\" width=\"350\" height=\"320\" src=\"https:\/\/bas-ip.com\/wp-content\/uploads\/2023\/04\/5-3-350x320.jpg\" class=\"attachment-thumbnail_350x320 size-thumbnail_350x320\" alt=\"\" \/>            <\/div>\r\n        \r\n        <div class=\"text-holder\">\r\n                        <h3 class=\"title-block\">AM-02 \u2013 efektyvus konsjer\u017eo terminalas<\/h3>\r\n          \r\n                        <div class=\"text-block\">\r\n                <p>AM-02 konsjer\u017eo terminalas u\u017etikrina ai\u0161ki\u0105 ir patikim\u0105 komunikacij\u0105 tarp sveikatos prie\u017ei\u016bros specialist\u0173. \u0160is lengvai \u012fdiegtinas \u012frenginys gali b\u016bti skland\u017eiai integruojamas \u012f ligonin\u0117s interkom\u0173 sistem\u0105, suteikdamas efektyv\u0173 ir ekonomi\u0161k\u0105 sprendim\u0105 medicinos \u012fstaigoms.<\/p>\n              <\/div>\r\n                  <\/div>\r\n    <\/div>\r\n<\/div>\r\n                    <div class=\"features-item\" data-aos=\"fade-up\">\r\n    <div class=\"features-box\">\r\n                    <div class=\"image-holder\">\r\n                <img loading=\"lazy\" decoding=\"async\" width=\"350\" height=\"320\" src=\"https:\/\/bas-ip.com\/wp-content\/uploads\/2023\/04\/6-2-350x320.jpg\" class=\"attachment-thumbnail_350x320 size-thumbnail_350x320\" alt=\"\" \/>            <\/div>\r\n        \r\n        <div class=\"text-holder\">\r\n                        <h3 class=\"title-block\">SH-31TM \u2013 \u012f\u0117jimo skydelio temperat\u016bros modulis<\/h3>\r\n          \r\n                        <div class=\"text-block\">\r\n                <p>Dur\u0173 interkomo temperat\u016bros modulis su bekontak\u010diu rie\u0161o temperat\u016bros matavimu yra esmin\u0117 ligonin\u0117s interkom\u0173 sistemos dalis. \u0160is inovatyvus \u012frenginys jungia prieigos kontrol\u0117s ir sveikatos tikrinimo funkcijas, kad u\u017etikrint\u0173 saugi\u0105 ir saugi\u0105 aplink\u0105 tiek pacientams, tiek personalui medicinos \u012fstaigose.<\/p>\n              <\/div>\r\n                  <\/div>\r\n    <\/div>\r\n<\/div>\r\n            <\/div>\r\n<\/section>\r\n<!-- END Block Features -->\n\n<!-- START Block FAQ --><section id=\"block_642163c6f4e28\" class=\"faq-section\">\r\n\t\t    <h2 class=\"title-section\" data-aos=\"fade-right\">Da\u017enai u\u017eduodami klausimai (DUK)<\/h2>\r\n\t\t\t    <div class=\"faq-list js-accordion\" data-aos=\"fade-up\">\r\n\t\t\t\t\t\t\t\t\t\t\t    <div class=\"accordion-item faq-item\">\r\n                        <div class=\"accordion-opener\">\r\n                            Q: Kaip BAS-IP ligonin\u0117s domofono sistema pagerina medicinos \u012fstaig\u0173 efektyvum\u0105?                            <i class=\"fa-solid fa-chevron-down\"><\/i>\r\n                        <\/div>\r\n                        <div class=\"accordion-slide\">\r\n\t\t\t\t\t\t    <p>BAS-IP ligonin\u0117s interkom\u0173 sistema leid\u017eia sveikatos prie\u017ei\u016bros specialistams skland\u017eiai ir saugiai bendrauti, didinant bendr\u0105 efektyvum\u0105. Integruodama pa\u017eangias funkcijas, tokias kaip HD garso ir vaizdo skambu\u010diai, prieigos kontrol\u0117 ir suderinamumas su \u012fvairiais IP \u012frenginiais, sistema supaprastina komunikacij\u0105 ir suma\u017eina atsako laik\u0105 kritin\u0117se situacijose.<\/p>\n                        <\/div>\r\n\t\t\t\t\t<\/div>\r\n\t\t\t\t\t\t\t\t\t\t\t\t\t\t\t    <div class=\"accordion-item faq-item\">\r\n                        <div class=\"accordion-opener\">\r\n                            Q: Ar BAS-IP ligonin\u0117s domofono sistem\u0105 galima pritaikyti pagal konkre\u010dios medicinos \u012fstaigos reikalavimus?                            <i class=\"fa-solid fa-chevron-down\"><\/i>\r\n                        <\/div>\r\n                        <div class=\"accordion-slide\">\r\n\t\t\t\t\t\t    <p>Taip, BAS-IP ligonin\u0117s interkom\u0173 sistema gali b\u016bti pritaikyta pagal specifinius medicinos \u012fstaigos poreikius. Jos suderinamumas su \u012fvairiais IP \u012frenginiais ir sklandi integracija su IP vietiniais tinklais u\u017etikrina, kad sistema gali b\u016bti pritaikyta taip, kad suteikt\u0173 efektyviausi\u0105 ir veiksmingiausi\u0105 komunikacijos sprendim\u0105 j\u016bs\u0173 \u012fstaigai.<\/p>\n                        <\/div>\r\n\t\t\t\t\t<\/div>\r\n\t\t\t\t\t\t\t\t\t\t\t\t\t\t\t    <div class=\"accordion-item faq-item\">\r\n                        <div class=\"accordion-opener\">\r\n                            Q: D\u0117l ko BAS-IP \u0161varios patalpos domofonas tinka sterilioje aplinkoje?                            <i class=\"fa-solid fa-chevron-down\"><\/i>\r\n                        <\/div>\r\n                        <div class=\"accordion-slide\">\r\n\t\t\t\t\t\t    <p>BAS-IP \u0161vari\u0173 patalp\u0173 interkomas sukurtas atitikti grie\u017etus higienos reikalavimus, b\u016bdingus sterilioms aplinkoms. Sistema u\u017etikrina nenutr\u016bkstam\u0105 komunikacij\u0105, nesuma\u017eindama \u0161vari\u0173 patalp\u0173 sterilumo ir saugumo, tod\u0117l tai yra ideali pasirinkimo galimyb\u0117 medicinos \u012fstaigoms su grie\u017etais higienos reikalavimais.<\/p>\n                        <\/div>\r\n\t\t\t\t\t<\/div>\r\n\t\t\t\t\t\t\t\t\t\t\t\t\t\t\t    <div class=\"accordion-item faq-item\">\r\n                        <div class=\"accordion-opener\">\r\n                            Q: Kaip lengva \u012fdiegti ir pri\u017ei\u016br\u0117ti BAS-IP ligonin\u0117s domofono sistem\u0105?                            <i class=\"fa-solid fa-chevron-down\"><\/i>\r\n                        <\/div>\r\n                        <div class=\"accordion-slide\">\r\n\t\t\t\t\t\t    <p>BAS-IP ligonin\u0117s interkom\u0173 sistema yra sukurta lengvam \u012fdiegimui ir prie\u017ei\u016brai. Sistemos sklandi integracija su IP vietiniais tinklais supaprastina diegimo proces\u0105, o auk\u0161tos kokyb\u0117s aparat\u016bros komponentai, tokie kaip AV-04AFD ir AM-02, u\u017etikrina patikimum\u0105 ir ilgaam\u017ei\u0161kum\u0105 ilgalaikiam naudojimui.<\/p>\n                        <\/div>\r\n\t\t\t\t\t<\/div>\r\n\t\t\t\t\t\t\t\t\t<\/div>\r\n\t<\/section>\r\n<!-- END Block FAQ -->\n\n\n<p>BAS-IP ligonin\u0117s domofono sistema si\u016blo pa\u017eang\u0173 ry\u0161io sprendim\u0105 medicinos \u012fstaigoms, gerinan\u010di\u0105 efektyvum\u0105, saugum\u0105 ir higien\u0105. Atnaujinkite \u012f BAS-IP ligonin\u0117s domofono sistem\u0105 \u0161iandien ir pajuskite savo sveikatos prie\u017ei\u016bros \u012fstaigos komunikacijos ir veiklos skirtumus.<\/p>","protected":false},"excerpt":{"rendered":"<p>Ligonin\u0117s domofono sistema, sukurta BAS-IP \u2013 \u201eElevate Patient Care\u201c. Medicinos pramon\u0117 nuolat vystosi, siekdama suteikti pacientams geriausi\u0105 \u012fmanom\u0105 prie\u017ei\u016br\u0105. Kadangi komunikacija atlieka svarb\u0173 vaidmen\u012f u\u017etikrinant efektyvias ir saugias medicinos paslaugas, b\u016btina pereiti prie pa\u017eangios ligonin\u0117s interkom\u0173 sistemos. Inovatyvios BAS-IP medicinos interkom\u0173 sistemos, sukurtos specialiai \u0161varioms patalpoms ir medicinos \u012fstaigoms, suteikia neprilygstam\u0105 patogum\u0105 ir patikimum\u0105 sveikatos [&hellip;]<\/p>","protected":false},"author":1,"featured_media":0,"parent":0,"menu_order":0,"comment_status":"closed","ping_status":"closed","template":"","meta":{"inline_featured_image":false,"footnotes":""},"class_list":["post-133956","page","type-page","status-publish","hentry"],"acf":[],"_links":{"self":[{"href":"https:\/\/bas-ip.com\/lt\/wp-json\/wp\/v2\/pages\/133956","targetHints":{"allow":["GET"]}}],"collection":[{"href":"https:\/\/bas-ip.com\/lt\/wp-json\/wp\/v2\/pages"}],"about":[{"href":"https:\/\/bas-ip.com\/lt\/wp-json\/wp\/v2\/types\/page"}],"author":[{"embeddable":true,"href":"https:\/\/bas-ip.com\/lt\/wp-json\/wp\/v2\/users\/1"}],"replies":[{"embeddable":true,"href":"https:\/\/bas-ip.com\/lt\/wp-json\/wp\/v2\/comments?post=133956"}],"version-history":[{"count":4,"href":"https:\/\/bas-ip.com\/lt\/wp-json\/wp\/v2\/pages\/133956\/revisions"}],"predecessor-version":[{"id":134035,"href":"https:\/\/bas-ip.com\/lt\/wp-json\/wp\/v2\/pages\/133956\/revisions\/134035"}],"wp:attachment":[{"href":"https:\/\/bas-ip.com\/lt\/wp-json\/wp\/v2\/media?parent=133956"}],"curies":[{"name":"wp","href":"https:\/\/api.w.org\/{rel}","templated":true}]}}