{"id":133775,"date":"2023-03-27T16:07:41","date_gmt":"2023-03-27T16:07:41","guid":{"rendered":"https:\/\/bas-ip.com\/gates\/"},"modified":"2025-03-18T12:01:35","modified_gmt":"2025-03-18T12:01:35","slug":"gates","status":"publish","type":"page","link":"https:\/\/bas-ip.com\/lt\/gates\/","title":{"rendered":"Vartai"},"content":{"rendered":"<h1 class=\"wp-block-heading\"><strong>Vart\u0173 domofono sistema: pagerinkite savo saugum\u0105<\/strong><\/h1>\n\n\n\n<p>Sveiki atvyk\u0119 \u012f ateities nuosavyb\u0117s prieigos valdymo sistem\u0105, kurioje susijungia patogumas, saugumas ir pa\u017eangiausios technologijos. Su BAS-IP vart\u0173 domofono sistema galite patirti neprilygstam\u0105 savo nuosavyb\u0117s prieigos ta\u0161k\u0173 valdym\u0105. Nesvarbu, ar tai b\u016bt\u0173 gyvenamasis namas, daugiabutis kompleksas ar komercin\u0117 patalpa, m\u016bs\u0173 vart\u0173 domofon\u0173 sistemos si\u016blo unikalias funkcijas, atitinkan\u010dias visus j\u016bs\u0173 poreikius. Mes i\u0161samiai ap\u017evelgsime pagrindines BAS-IP vart\u0173 domofono funkcijas ir privalumus, suteikdami jums vis\u0105 informacij\u0105, reikaling\u0105 priimti pagr\u012fst\u0105 sprendim\u0105.<\/p>\n\n\n\n<h2 class=\"wp-block-heading\"><strong>Kod\u0117l verta rinktis BAS-IP domofono vart\u0173 sistem\u0105?<\/strong><\/h2>\n\n\n\n<p>BAS-IP vart\u0173 domofon\u0173 sistemos si\u016blo daugyb\u0119 funkcij\u0173, kurios jas i\u0161skiria i\u0161 tradicini\u0173 vart\u0173 domofon\u0173. \u0160tai keletas pagrindini\u0173 privalum\u0173, renkantis BAS-IP priekini\u0173 vart\u0173 domofono sistem\u0105:<\/p>\n\n\n<!-- START Block Features --><section id=\"block_6430528dc3f3e\" class=\"features-section\">\r\n\t\r\n    <div class=\"features-list\">\r\n                    <div class=\"features-item\" data-aos=\"fade-up\">\r\n    <div class=\"features-box\">\r\n                    <div class=\"image-holder\">\r\n                <img loading=\"lazy\" decoding=\"async\" width=\"350\" height=\"320\" src=\"https:\/\/bas-ip.com\/wp-content\/uploads\/2023\/04\/1-3-350x320.jpg\" class=\"attachment-thumbnail_350x320 size-thumbnail_350x320\" alt=\"\" \/>            <\/div>\r\n        \r\n        <div class=\"text-holder\">\r\n                        <h3 class=\"title-block\">Sklandus integravimas vietiniame IP tinkle<\/h3>\r\n          \r\n                        <div class=\"text-block\">\r\n                <p>BAS-IP vart\u0173 domofon\u0173 sistemos sukurtos skland\u017eiai veikti tame pa\u010diame IP vietiniame tinkle, u\u017etikrinant lengv\u0105 montavim\u0105 ir konfig\u016bravim\u0105. \u0160i vientisa integracija leid\u017eia jums be vargo \u012ftraukti savo domofono sistem\u0105 \u012f esam\u0105 tinklo infrastrukt\u016br\u0105, suma\u017einant suderinamumo problemas ir sud\u0117tingum\u0105.<\/p>\n              <\/div>\r\n                  <\/div>\r\n    <\/div>\r\n<\/div>\r\n                    <div class=\"features-item\" data-aos=\"fade-up\">\r\n    <div class=\"features-box\">\r\n                    <div class=\"image-holder\">\r\n                <img loading=\"lazy\" decoding=\"async\" width=\"350\" height=\"320\" src=\"https:\/\/bas-ip.com\/wp-content\/uploads\/2023\/04\/2-3-350x320.jpg\" class=\"attachment-thumbnail_350x320 size-thumbnail_350x320\" alt=\"\" \/>            <\/div>\r\n        \r\n        <div class=\"text-holder\">\r\n                        <h3 class=\"title-block\">Tolimojo susisiekimo ry\u0161ys<\/h3>\r\n          \r\n                        <div class=\"text-block\">\r\n                <p>Viena i\u0161 i\u0161skirtini\u0173 BAS-IP vart\u0173 domofon\u0173 sistem\u0173 savybi\u0173 yra j\u0173 geb\u0117jimas veikti dideliais atstumais. D\u0117l to jos yra idealus pasirinkimas dideliems objektams, pla\u010diai i\u0161sid\u0117s\u010diusiems gyvenam\u0173j\u0173 nam\u0173 kompleksams ar komercin\u0117ms patalpoms, kuriose prieigos ta\u0161kai gali b\u016bti i\u0161sklaidyti. Su BAS-IP vart\u0173 domofon\u0173 sprendimais galite palaikyti saug\u0173 ry\u0161\u012f ir valdym\u0105 visoje savo teritorijoje, nepriklausomai nuo atstumo.<\/p>\n              <\/div>\r\n                  <\/div>\r\n    <\/div>\r\n<\/div>\r\n                    <div class=\"features-item\" data-aos=\"fade-up\">\r\n    <div class=\"features-box\">\r\n                    <div class=\"image-holder\">\r\n                <img loading=\"lazy\" decoding=\"async\" width=\"350\" height=\"320\" src=\"https:\/\/bas-ip.com\/wp-content\/uploads\/2023\/04\/3-3-350x320.jpg\" class=\"attachment-thumbnail_350x320 size-thumbnail_350x320\" alt=\"\" \/>            <\/div>\r\n        \r\n        <div class=\"text-holder\">\r\n                        <h3 class=\"title-block\">Vart\u0173 valdymas kompiuteriu<\/h3>\r\n          \r\n                        <div class=\"text-block\">\r\n                <p>BAS-IP vart\u0173 domofon\u0173 sistemos si\u016blo lankstum\u0105 atidaryti ir valdyti j\u016bs\u0173 vartus i\u0161 asmeninio kompiuterio. Tai rei\u0161kia, kad galite valdyti prieig\u0105 nuotoliniu b\u016bdu ir patogiai, be atskiro fizinio s\u0105sajos poreikio. Nesvarbu, ar esate namuose, ar biure, tur\u0117site visi\u0161k\u0105 savo nuosavyb\u0117s prieigos ta\u0161k\u0173 valdym\u0105 po ranka.<\/p>\n              <\/div>\r\n                  <\/div>\r\n    <\/div>\r\n<\/div>\r\n                    <div class=\"features-item\" data-aos=\"fade-up\">\r\n    <div class=\"features-box\">\r\n                    <div class=\"image-holder\">\r\n                <img loading=\"lazy\" decoding=\"async\" width=\"350\" height=\"320\" src=\"https:\/\/bas-ip.com\/wp-content\/uploads\/2023\/04\/4-3-350x320.jpg\" class=\"attachment-thumbnail_350x320 size-thumbnail_350x320\" alt=\"\" \/>            <\/div>\r\n        \r\n        <div class=\"text-holder\">\r\n                        <h3 class=\"title-block\">Dviej\u0173 u\u017erakt\u0173 modulis, skirtas keli\u0173 vart\u0173 valdymui<\/h3>\r\n          \r\n                        <div class=\"text-block\">\r\n                <p>BAS-IP SH-42 dvigubo u\u017erakto modulis leid\u017eia vienu vart\u0173 domofonu valdyti dvejus vartus vienu metu. \u0160i funkcija puikiai tinka objektams su keliais prieigos ta\u0161kais arba atskirais p\u0117s\u010di\u0173j\u0173 ir transporto priemoni\u0173 \u012f\u0117jimais, leid\u017eiant efektyviai valdyti visus j\u016bs\u0173 vartus i\u0161 vienos centralizuotos sistemos.<\/p>\n              <\/div>\r\n                  <\/div>\r\n    <\/div>\r\n<\/div>\r\n                    <div class=\"features-item\" data-aos=\"fade-up\">\r\n    <div class=\"features-box\">\r\n                    <div class=\"image-holder\">\r\n                <img loading=\"lazy\" decoding=\"async\" width=\"350\" height=\"320\" src=\"https:\/\/bas-ip.com\/wp-content\/uploads\/2023\/04\/5-4-350x320.jpg\" class=\"attachment-thumbnail_350x320 size-thumbnail_350x320\" alt=\"\" \/>            <\/div>\r\n        \r\n        <div class=\"text-holder\">\r\n                        <h3 class=\"title-block\">Integracija su esamomis IP CCTV sistemomis<\/h3>\r\n          \r\n                        <div class=\"text-block\">\r\n                <p>BAS-IP vart\u0173 vaizdo domofon\u0173 sistemos gali b\u016bti lengvai integruotos su j\u016bs\u0173 esama IP CCTV infrastrukt\u016bra. Tai leid\u017eia jums steb\u0117ti ir valdyti savo nuosavyb\u0117s prieigos ta\u0161kus naudojant t\u0105 pa\u010di\u0105 s\u0105saj\u0105 kaip ir j\u016bs\u0173 apsaugos kameros, supaprastinant j\u016bs\u0173 saugumo valdym\u0105 ir didinant bendr\u0105 efektyvum\u0105.<\/p>\n              <\/div>\r\n                  <\/div>\r\n    <\/div>\r\n<\/div>\r\n                    <div class=\"features-item\" data-aos=\"fade-up\">\r\n    <div class=\"features-box\">\r\n                    <div class=\"image-holder\">\r\n                <img loading=\"lazy\" decoding=\"async\" width=\"350\" height=\"320\" src=\"https:\/\/bas-ip.com\/wp-content\/uploads\/2023\/04\/6-3-350x320.jpg\" class=\"attachment-thumbnail_350x320 size-thumbnail_350x320\" alt=\"\" \/>            <\/div>\r\n        \r\n        <div class=\"text-holder\">\r\n                        <h3 class=\"title-block\">Valstybinio numerio atpa\u017einimo integravimas<\/h3>\r\n          \r\n                        <div class=\"text-block\">\r\n                <p>BAS-IP \u012f\u0117jimo panel\u0117s gali b\u016bti integruotos su valstybini\u0173 numeri\u0173 atpa\u017einimo kameromis, leid\u017eian\u010diomis automatizuoti prieig\u0105 i\u0161 anksto autorizuotoms transporto priemon\u0117ms. \u0160i pa\u017eangi funkcija \u017eymiai padidina saugum\u0105 ir patogum\u0105, automati\u0161kai atidarant barjerus autorizuotoms transporto priemon\u0117ms, suma\u017einant laukimo laik\u0105 ir suma\u017einant rankinio prieigos valdymo poreik\u012f.<\/p>\n              <\/div>\r\n                  <\/div>\r\n    <\/div>\r\n<\/div>\r\n            <\/div>\r\n<\/section>\r\n<!-- END Block Features -->\n\n\n<h2 class=\"wp-block-heading\"><strong>Suderinamas su \u012fvairi\u0173 tip\u0173 vartais<\/strong><\/h2>\n\n\n\n<p>BAS-IP vart\u0173 domofonai gali b\u016bti integruoti su \u012fvairiais vart\u0173 mechanizmais, suteikiant vartotojams vientis\u0105 bendravimo patirt\u012f:<\/p>\n\n\n\n<ol class=\"wp-block-list\">\n<li><strong>Varstomi vartai:<\/strong> \u0160ie vartai atsidaro ir u\u017esidaro svyruojan\u010diu judesiu, \u012f vid\u0173 arba \u012f i\u0161or\u0119. Jie populiar\u016bs gyvenamuosiuose ir komerciniuose objektuose d\u0117l savo klasikin\u0117s i\u0161vaizdos ir naudojimo paprastumo.<\/li>\n\n\n\n<li><strong>Stumdomi vartai:<\/strong> Da\u017eniausiai naudojami komercin\u0117se ir pramonin\u0117se aplinkose, stumdomi vartai juda horizontaliai i\u0161ilgai b\u0117gio, kad atsidaryt\u0173 ir u\u017esidaryt\u0173.<\/li>\n\n\n\n<li><strong>U\u017etvar\u0173 vartai (barjerai):<\/strong> Da\u017enai randami automobili\u0173 stov\u0117jimo aik\u0161tel\u0117se ir prieigos kontroliuojamose zonose, u\u017etvar\u0173 vartai naudoja vertikali\u0105 svirt\u012f, kad kontroliuot\u0173 \u012fva\u017eiavim\u0105 ir i\u0161va\u017eiavim\u0105.<\/li>\n\n\n\n<li><strong>Sulankstomi vartai:<\/strong> \u0160ie vartai susideda i\u0161 dviej\u0173 plok\u0161\u010di\u0173, kurios sulankstomos atsidarant, taupant viet\u0105 ir suteikiant stiling\u0105 i\u0161vaizd\u0105.<\/li>\n\n\n\n<li><strong>Vertikal\u016bs pakeliami vartai:<\/strong> Paprastai naudojami auk\u0161to saugumo zonose, vertikal\u016bs pakeliami vartai juda auk\u0161tyn ir \u017eemyn, kad atsidaryt\u0173 ir u\u017esidaryt\u0173.<\/li>\n\n\n\n<li><strong>Turniketai:<\/strong> Da\u017eni vie\u0161ojo transporto mazguose ir kai kuriuose komerciniuose pastatuose, turniketai kontroliuoja prieig\u0105, leisdami praeiti tik vienam asmeniui vienu metu.<\/li>\n\n\n\n<li><strong>P\u0117s\u010di\u0173j\u0173 varteliai:<\/strong> \u0160ie varteliai yra specialiai sukurti p\u0117s\u010di\u0173j\u0173 srautui ir gali b\u016bti randami \u012fvairiose aplinkose, tokiose kaip gyvenamosios bendruomen\u0117s, parkai ar komerciniai kompleksai.<\/li>\n<\/ol>\n\n\n\n<p>BAS-IP domofono pritaikomumas daro j\u012f ideal\u0173 pasirinkim\u0105 \u012fvairiems vart\u0173 tipams, u\u017etikrinant efektyv\u0173 ir saug\u0173 prieigos valdym\u0105 gyvenamiesiems, komerciniams ir pramoniniams objektams<\/p>\n\n\n\n<h2 class=\"wp-block-heading\"><strong>BAS-IP vart\u0173 domofono sistemos komponent\u0173 supratimas<\/strong><\/h2>\n\n\n\n<p>BAS-IP vart\u0173 domofon\u0173 sistemas sudaro trys pagrindiniai komponentai, kuri\u0173 kiekvienas atlieka svarb\u0173 vaidmen\u012f kuriant visapusi\u0161k\u0105 ir efektyvi\u0105 vart\u0173 \u012f\u0117jimo domofono sistem\u0105:<\/p>\n\n\n<!-- START Block Features --><section id=\"block_643053d1c3f45\" class=\"features-section\">\r\n\t\r\n    <div class=\"features-list\">\r\n                    <div class=\"features-item\" data-aos=\"fade-up\">\r\n    <div class=\"features-box\">\r\n                    <div class=\"image-holder\">\r\n                <img loading=\"lazy\" decoding=\"async\" width=\"350\" height=\"320\" src=\"https:\/\/bas-ip.com\/wp-content\/uploads\/2023\/04\/7-1-350x320.jpg\" class=\"attachment-thumbnail_350x320 size-thumbnail_350x320\" alt=\"\" \/>            <\/div>\r\n        \r\n        <div class=\"text-holder\">\r\n                        <h3 class=\"title-block\">IP domofono dur\u0173 plok\u0161t\u0117s<\/h3>\r\n          \r\n                        <div class=\"text-block\">\r\n                <p>BAS-IP dur\u0173 \u012f\u0117jimo panel\u0117s tarnauja kaip pagrindin\u0117 j\u016bs\u0173 vart\u0173 domofono sistemos s\u0105saja. Jos sukurtos taip, kad b\u016bt\u0173 patvarios, atsparios oro s\u0105lygoms ir lengvai naudojamos. Tur\u0117damos \u012fvairi\u0173 dizain\u0173 ir apdailos variant\u0173, \u0161ios panel\u0117s gali b\u016bti pritaikytos prie j\u016bs\u0173 nuosavyb\u0117s estetikos. Su integruotomis kameromis, mikrofonais ir garsiakalbiais, BAS-IP dur\u0173 panel\u0117s u\u017etikrina kri\u0161tolo skaidrumo garso ir vaizdo ry\u0161\u012f tarp lankytojo ir gyventojo ar apsaugos darbuotojo.<\/p>\n              <\/div>\r\n                  <\/div>\r\n    <\/div>\r\n<\/div>\r\n                    <div class=\"features-item\" data-aos=\"fade-up\">\r\n    <div class=\"features-box\">\r\n                    <div class=\"image-holder\">\r\n                <img loading=\"lazy\" decoding=\"async\" width=\"350\" height=\"320\" src=\"https:\/\/bas-ip.com\/wp-content\/uploads\/2023\/04\/8-1-350x320.jpg\" class=\"attachment-thumbnail_350x320 size-thumbnail_350x320\" alt=\"\" \/>            <\/div>\r\n        \r\n        <div class=\"text-holder\">\r\n                        <h3 class=\"title-block\">Vaizdo telefonai<\/h3>\r\n          \r\n                        <div class=\"text-block\">\r\n                <p>BAS-IP vaizdo dur\u0173 telefonai tarnauja kaip vidin\u0117 j\u016bs\u0173 domofono sistemos s\u0105saja, leid\u017eianti matyti ir kalb\u0117tis su lankytojais prie j\u016bs\u0173 vart\u0173. \u0160ie \u012frenginiai si\u016blo auk\u0161tos kokyb\u0117s vaizdo ir garso ry\u0161\u012f, u\u017etikrindami, kad gal\u0117tum\u0117te ai\u0161kiai identifikuoti ir bendrauti su lankytojais prie\u0161 suteikdami jiems prieig\u0105 prie j\u016bs\u0173 nuosavyb\u0117s.<\/p>\n              <\/div>\r\n                  <\/div>\r\n    <\/div>\r\n<\/div>\r\n                    <div class=\"features-item\" data-aos=\"fade-up\">\r\n    <div class=\"features-box\">\r\n                    <div class=\"image-holder\">\r\n                <img loading=\"lazy\" decoding=\"async\" width=\"350\" height=\"320\" src=\"https:\/\/bas-ip.com\/wp-content\/uploads\/2023\/04\/9-1-350x320.jpg\" class=\"attachment-thumbnail_350x320 size-thumbnail_350x320\" alt=\"\" \/>            <\/div>\r\n        \r\n        <div class=\"text-holder\">\r\n                        <h3 class=\"title-block\">POE jungikliai<\/h3>\r\n          \r\n                        <div class=\"text-block\">\r\n                <p>Power over Ethernet&#8221; (POE) jungikliai yra esminis BAS-IP domofono elektriniams vartams komponentas. Jie tiekia tiek maitinim\u0105, tiek duomen\u0173 ry\u0161\u012f j\u016bs\u0173 domofono \u012frenginiams, naudodami vien\u0105 Ethernet kabel\u012f. Tai supaprastina montavim\u0105, suma\u017eina kabeli\u0173 netvark\u0105 ir u\u017etikrina patikim\u0105, didel\u0117s spartos ry\u0161\u012f tarp j\u016bs\u0173 vart\u0173 domofono komponent\u0173.<\/p>\n              <\/div>\r\n                  <\/div>\r\n    <\/div>\r\n<\/div>\r\n            <\/div>\r\n<\/section>\r\n<!-- END Block Features -->\n\n<!-- START Block FAQ --><section id=\"block_6421c0e7ae86e\" class=\"faq-section\">\r\n\t\t    <h2 class=\"title-section\" data-aos=\"fade-right\">Da\u017enai u\u017eduodami klausimai (DUK)<\/h2>\r\n\t\t\t    <div class=\"faq-list js-accordion\" data-aos=\"fade-up\">\r\n\t\t\t\t\t\t\t\t\t\t\t    <div class=\"accordion-item faq-item\">\r\n                        <div class=\"accordion-opener\">\r\n                            Q: Ar galiu naudoti BAS-IP domofono vart\u0173 sistem\u0105 su esamu IP vietiniu tinklu?                            <i class=\"fa-solid fa-chevron-down\"><\/i>\r\n                        <\/div>\r\n                        <div class=\"accordion-slide\">\r\n\t\t\t\t\t\t    <p>Taip, BAS-IP domofono vart\u0173 sistemos sukurtos skland\u017eiai veikti j\u016bs\u0173 esamame IP vietiniame tinkle, tod\u0117l integracija yra lengva ir be r\u016bpes\u010di\u0173.<\/p>\n                        <\/div>\r\n\t\t\t\t\t<\/div>\r\n\t\t\t\t\t\t\t\t\t\t\t\t\t\t\t    <div class=\"accordion-item faq-item\">\r\n                        <div class=\"accordion-opener\">\r\n                            Q: Kaip veikia BAS-IP domofono sistemos vartams dideliais atstumais?                            <i class=\"fa-solid fa-chevron-down\"><\/i>\r\n                        <\/div>\r\n                        <div class=\"accordion-slide\">\r\n\t\t\t\t\t\t    <p>BAS-IP vart\u0173 domofon\u0173 sistemos sukurtos efektyviai veikti dideliais atstumais, tod\u0117l jos yra idealus pasirinkimas objektams su i\u0161sklaidytais prieigos ta\u0161kais arba didel\u0117ms patalpoms.<\/p>\n                        <\/div>\r\n\t\t\t\t\t<\/div>\r\n\t\t\t\t\t\t\t\t\t\t\t\t\t\t\t    <div class=\"accordion-item faq-item\">\r\n                        <div class=\"accordion-opener\">\r\n                            Q: Kaip galiu integruoti savo BAS-IP vart\u0173 vaizdo domofon\u0105 su esama IP CCTV sistema?                            <i class=\"fa-solid fa-chevron-down\"><\/i>\r\n                        <\/div>\r\n                        <div class=\"accordion-slide\">\r\n\t\t\t\t\t\t    <p>BAS-IP vart\u0173 domofon\u0173 sistemos gali b\u016bti lengvai integruotos su j\u016bs\u0173 esama IP CCTV infrastrukt\u016bra, leid\u017eian\u010dia jums valdyti ir steb\u0117ti savo nuosavyb\u0117s prieigos ta\u0161kus naudojant t\u0105 pa\u010di\u0105 s\u0105saj\u0105 kaip ir j\u016bs\u0173 apsaugos kameros.<\/p>\n                        <\/div>\r\n\t\t\t\t\t<\/div>\r\n\t\t\t\t\t\t\t\t\t\t\t\t\t\t\t    <div class=\"accordion-item faq-item\">\r\n                        <div class=\"accordion-opener\">\r\n                            Q: Ar galima valdyti kelis vartus naudojant vien\u0105 BAS-IP domofono \u012frengin\u012f?                            <i class=\"fa-solid fa-chevron-down\"><\/i>\r\n                        <\/div>\r\n                        <div class=\"accordion-slide\">\r\n\t\t\t\t\t\t    <p>Taip, su BAS-IP SH-42 dvigubo u\u017erakto moduliu galite valdyti dvejus vartus vienu metu naudodami vien\u0105 vart\u0173 domofono sistem\u0105. \u0160i funkcija puikiai tinka objektams su keliais prieigos ta\u0161kais arba atskirais p\u0117s\u010di\u0173j\u0173 ir transporto priemoni\u0173 \u012f\u0117jimais.<\/p>\n                        <\/div>\r\n\t\t\t\t\t<\/div>\r\n\t\t\t\t\t\t\t\t\t<\/div>\r\n\t<\/section>\r\n<!-- END Block FAQ -->\n\n\n<p>BAS-IP vart\u0173 domofon\u0173 sistemos si\u016blo puik\u0173 patogumo, saugumo ir pa\u017eangi\u0173 technologij\u0173 derin\u012f, u\u017etikrinant\u012f neprilygstam\u0105 j\u016bs\u0173 nuosavyb\u0117s prieigos valdym\u0105. Su unikaliomis funkcijomis, tokiomis kaip vientisa IP vietinio tinklo integracija, didelio atstumo jungiamumas, vart\u0173 valdymas per asmenin\u012f kompiuter\u012f, dvigubo u\u017erakto modulio funkcionalumas, IP CCTV sistemos integracija ir valstybini\u0173 numeri\u0173 atpa\u017einimo kamer\u0173 suderinamumas, BAS-IP domofon\u0173 sistemos vartams yra i\u0161skirtinis pasirinkimas kiekvienam nuosavyb\u0117s savininkui, siekian\u010diam pagerinti savo prieigos valdym\u0105.<br>Pasirink\u0119 BAS-IP priekini\u0173 vart\u0173 domofono sistem\u0105, investuosite \u012f sprendim\u0105, kuris gali lengvai prisitaikyti prie j\u016bs\u0173 poreiki\u0173, augti kartu su j\u016bs\u0173 nuosavybe ir suteikti jums ramyb\u0119, kuri\u0105 suteikia \u017einojimas, kad j\u016bs\u0173 nuosavyb\u0117 yra saugi ir prieinama tik tiems, kuriais pasitikite. Patirkite skirtum\u0105, kur\u012f BAS-IP vart\u0173 domofono sistema gali padaryti j\u016bs\u0173 nuosavybei \u0161iandien.<\/p>","protected":false},"excerpt":{"rendered":"<p>Vart\u0173 domofono sistema: pagerinkite savo saugum\u0105 Sveiki atvyk\u0119 \u012f ateities nuosavyb\u0117s prieigos valdymo sistem\u0105, kurioje susijungia patogumas, saugumas ir pa\u017eangiausios technologijos. Su BAS-IP vart\u0173 domofono sistema galite patirti neprilygstam\u0105 savo nuosavyb\u0117s prieigos ta\u0161k\u0173 valdym\u0105. Nesvarbu, ar tai b\u016bt\u0173 gyvenamasis namas, daugiabutis kompleksas ar komercin\u0117 patalpa, m\u016bs\u0173 vart\u0173 domofon\u0173 sistemos si\u016blo unikalias funkcijas, atitinkan\u010dias visus j\u016bs\u0173 [&hellip;]<\/p>","protected":false},"author":1,"featured_media":0,"parent":0,"menu_order":0,"comment_status":"closed","ping_status":"closed","template":"","meta":{"inline_featured_image":false,"footnotes":""},"class_list":["post-133775","page","type-page","status-publish","hentry"],"acf":[],"_links":{"self":[{"href":"https:\/\/bas-ip.com\/lt\/wp-json\/wp\/v2\/pages\/133775","targetHints":{"allow":["GET"]}}],"collection":[{"href":"https:\/\/bas-ip.com\/lt\/wp-json\/wp\/v2\/pages"}],"about":[{"href":"https:\/\/bas-ip.com\/lt\/wp-json\/wp\/v2\/types\/page"}],"author":[{"embeddable":true,"href":"https:\/\/bas-ip.com\/lt\/wp-json\/wp\/v2\/users\/1"}],"replies":[{"embeddable":true,"href":"https:\/\/bas-ip.com\/lt\/wp-json\/wp\/v2\/comments?post=133775"}],"version-history":[{"count":5,"href":"https:\/\/bas-ip.com\/lt\/wp-json\/wp\/v2\/pages\/133775\/revisions"}],"predecessor-version":[{"id":133890,"href":"https:\/\/bas-ip.com\/lt\/wp-json\/wp\/v2\/pages\/133775\/revisions\/133890"}],"wp:attachment":[{"href":"https:\/\/bas-ip.com\/lt\/wp-json\/wp\/v2\/media?parent=133775"}],"curies":[{"name":"wp","href":"https:\/\/api.w.org\/{rel}","templated":true}]}}