{"id":133494,"date":"2023-03-27T12:22:38","date_gmt":"2023-03-27T12:22:38","guid":{"rendered":"https:\/\/bas-ip.com\/school\/"},"modified":"2025-03-13T10:26:38","modified_gmt":"2025-03-13T10:26:38","slug":"school","status":"publish","type":"page","link":"https:\/\/bas-ip.com\/lt\/school\/","title":{"rendered":"Mokykla"},"content":{"rendered":"<h1 class=\"wp-block-heading\"><strong>Domofon\u0173 sistemos mokykloms<\/strong><\/h1>\n\n\n\n<p>\u0160iandieniniame pasaulyje sklandi komunikacija ir saugumas yra esminiai bet kurios \u0161vietimo institucijos komponentai. Efektyvi mokyklos interfono sistema ne tik u\u017etikrina greit\u0105 komunikacij\u0105, bet ir pagerina student\u0173, d\u0117stytoj\u0173 ir personalo saugum\u0105. Susipa\u017einkite su BAS-IP interfono sistema mokykloms \u2013 galutiniu sprendimu, kuris sujungia tvirt\u0105 technologij\u0105, novatori\u0161kas funkcijas ir neprilygstam\u0105 na\u0161um\u0105. \u0160iame straipsnyje nagrin\u0117jamos pagrindin\u0117s BAS-IP interfono sistem\u0173 savyb\u0117s ir privalumai, parodant, kod\u0117l jos yra geriausias pasirinkimas j\u016bs\u0173 mokyklai.<\/p>\n\n\n\n<h2 class=\"wp-block-heading\"><strong>IP domofono galia mokykloms<\/strong><\/h2>\n\n\n\n<h3 class=\"wp-block-heading\"><strong>Laidin\u0117 IP domofono sistema: geriausias pasirinkimas<\/strong><\/h3>\n\n\n\n<p>Nors belaid\u0117s interfono sistemos suteikia tam tikr\u0105 patogum\u0105, laidin\u0117s IP interfono sistemos u\u017etikrina auk\u0161tesn\u012f patikimumo, saugumo ir na\u0161umo lyg\u012f. Naudodami BAS-IP interfono sistem\u0105 mokykloms, j\u016bs investuojate \u012f saug\u0173 ir stabil\u0173 sprendim\u0105, kuris garantuoja nenutr\u016bkstam\u0105 komunikacij\u0105 ir kontrol\u0119.<\/p>\n\n\n\n<h3 class=\"wp-block-heading\"><strong>Visapusi\u0161kas sprendimas \u0161vietimo \u012fstaigoms<\/strong><\/h3>\n\n\n\n<p>BAS-IP interfono sistema yra sukurta, kad atitikt\u0173 mokykl\u0173, universitet\u0173 ir koled\u017e\u0173 poreikius. Ji skland\u017eiai integruoja garso panelius, konsjer\u017eo terminalus ir POE perjungiklius, sukurdama viening\u0105 komunikacijos tinkl\u0105, kuris yra efektyvus ir ekonomi\u0161kas. Su unikaliomis funkcijomis, tokiomis kaip temperat\u016bros steb\u0117jimas mokyklos \u012f\u0117jime, \u0161i interfono sistema u\u017etikrina pagerint\u0105 saugum\u0105 ir komfort\u0105 visiems vartotojams.<\/p>\n\n\n\n<h2 class=\"wp-block-heading\"><strong>Pagrindiniai BAS-IP mokyklos domofono sistemos komponentai<\/strong><\/h2>\n\n\n<!-- START Block Features --><section id=\"block_6430565dc8a2b\" class=\"features-section\">\r\n\t\r\n    <div class=\"features-list\">\r\n                    <div class=\"features-item\" data-aos=\"fade-up\">\r\n    <div class=\"features-box\">\r\n                    <div class=\"image-holder\">\r\n                <img loading=\"lazy\" decoding=\"async\" width=\"350\" height=\"320\" src=\"https:\/\/bas-ip.com\/wp-content\/uploads\/2023\/04\/1-4-350x320.jpg\" class=\"attachment-thumbnail_350x320 size-thumbnail_350x320\" alt=\"\" \/>            <\/div>\r\n        \r\n        <div class=\"text-holder\">\r\n                        <h3 class=\"title-block\">BAS-IP AV-04AFD garso skydelis<\/h3>\r\n          \r\n                        <div class=\"text-block\">\r\n                <p>AV-04AFD garso panelis yra prieinama ir funkcijomis turtinga interfono sprendimas, sukurtas specialiai \u0161vietimo \u012fstaigoms. Jis u\u017etikrina kristal\u0173 ai\u0161kum\u0105 komunikacij\u0105 tarp skirting\u0173 mokyklos zon\u0173, tuo pa\u010diu u\u017etikrindamas greit\u0105 prieigos kontrol\u0119.<\/p>\n              <\/div>\r\n                  <\/div>\r\n    <\/div>\r\n<\/div>\r\n                    <div class=\"features-item\" data-aos=\"fade-up\">\r\n    <div class=\"features-box\">\r\n                    <div class=\"image-holder\">\r\n                <img loading=\"lazy\" decoding=\"async\" width=\"350\" height=\"320\" src=\"https:\/\/bas-ip.com\/wp-content\/uploads\/2023\/04\/2-4-350x320.jpg\" class=\"attachment-thumbnail_350x320 size-thumbnail_350x320\" alt=\"\" \/>            <\/div>\r\n        \r\n        <div class=\"text-holder\">\r\n                        <h3 class=\"title-block\">BAS-IP AM-02 konsjer\u017eo terminalas<\/h3>\r\n          \r\n                        <div class=\"text-block\">\r\n                <p>AM-02 konsjer\u017eo terminalas veikia kaip centrinis valdymo ta\u0161kas visai interfono sistemai, leid\u017eiantis personalui lengvai valdyti skambu\u010dius, steb\u0117ti \u012f\u0117jimus ir suteikti prieig\u0105. Jo vartotojui patogi s\u0105saja daro j\u012f puikiu pasirinkimu efektyviai komunikacijai ir administravimui.<\/p>\n              <\/div>\r\n                  <\/div>\r\n    <\/div>\r\n<\/div>\r\n                    <div class=\"features-item\" data-aos=\"fade-up\">\r\n    <div class=\"features-box\">\r\n                    <div class=\"image-holder\">\r\n                <img loading=\"lazy\" decoding=\"async\" width=\"350\" height=\"320\" src=\"https:\/\/bas-ip.com\/wp-content\/uploads\/2023\/04\/3-4-350x320.jpg\" class=\"attachment-thumbnail_350x320 size-thumbnail_350x320\" alt=\"\" \/>            <\/div>\r\n        \r\n        <div class=\"text-holder\">\r\n                        <h3 class=\"title-block\">BAS-IP SH-20.16 16 prievad\u0173 POE jungiklis<\/h3>\r\n          \r\n                        <div class=\"text-block\">\r\n                <p>SH-20.16 16 prievad\u0173 POE jungiklis suteikia reikiam\u0105 gali\u0105 ir ry\u0161\u012f BAS-IP domofono sistemai, u\u017etikrindamas skland\u0173 ir nepertraukiam\u0105 veikim\u0105 visame mokyklos miestelyje.<\/p>\n              <\/div>\r\n                  <\/div>\r\n    <\/div>\r\n<\/div>\r\n                    <div class=\"features-item\" data-aos=\"fade-up\">\r\n    <div class=\"features-box\">\r\n                    <div class=\"image-holder\">\r\n                <img loading=\"lazy\" decoding=\"async\" width=\"350\" height=\"320\" src=\"https:\/\/bas-ip.com\/wp-content\/uploads\/2023\/04\/4-4-350x320.jpg\" class=\"attachment-thumbnail_350x320 size-thumbnail_350x320\" alt=\"\" \/>            <\/div>\r\n        \r\n        <div class=\"text-holder\">\r\n                        <h3 class=\"title-block\">BAS-IP SH-31TM temperat\u016bros modelis<\/h3>\r\n          \r\n                        <div class=\"text-block\">\r\n                <p>SH-31TM temperat\u016bros modelis gali b\u016bti \u012fdiegtas mokyklos \u012f\u0117jime, leid\u017eiantis steb\u0117ti temperat\u016br\u0105 realiuoju laiku ir padedantis palaikyti sveik\u0105 aplink\u0105 studentams, personalui ir lankytojams. Prid\u0117jus \u0161\u012f papildom\u0105 saugos sluoksn\u012f, j\u016bs\u0173 mokykla gali proaktyviai spr\u0119sti galimas sveikatos problemas ir u\u017etikrinti vis\u0173 kampuse esan\u010di\u0173 asmen\u0173 gerov\u0119.<\/p>\n              <\/div>\r\n                  <\/div>\r\n    <\/div>\r\n<\/div>\r\n                    <div class=\"features-item features-full-width\" data-aos=\"fade-up\">\r\n    <div class=\"features-box image-position-left\">\r\n                <div class=\"image-holder\">\r\n            <img loading=\"lazy\" decoding=\"async\" width=\"1\" height=\"1\" src=\"https:\/\/bas-ip.com\/wp-content\/uploads\/2023\/04\/school-1.svg\" class=\"attachment-thumbnail_350x320 size-thumbnail_350x320\" alt=\"\" \/>          <\/div>\r\n      \r\n      <div class=\"text-holder\">\r\n                        <h3 class=\"title-block\">IP tinkl\u0173 panaudojimas skland\u017eiam integravimui<\/h3>\r\n          \r\n                        <div class=\"text-block\">\r\n                <p>BAS-IP interfono sistemos yra sukurtos taip, kad be vargo veikt\u0173 j\u016bs\u0173 mokyklos esamame IP vietiniame tinkle, u\u017etikrindamos lengv\u0105 \u012fdiegim\u0105 ir prie\u017ei\u016br\u0105. \u0160i integracija palengvina geresn\u0119 komunikacij\u0105, prieigos kontrol\u0119 ir saugum\u0105 visoje \u0161vietimo \u012fstaigoje.<\/p>\n              <\/div>\r\n                <\/div>\r\n    <\/div>\r\n<\/div>\r\n                    <div class=\"features-item features-full-width\" data-aos=\"fade-up\">\r\n    <div class=\"features-box image-position-right\">\r\n                <div class=\"image-holder\">\r\n            <img loading=\"lazy\" decoding=\"async\" width=\"1\" height=\"1\" src=\"https:\/\/bas-ip.com\/wp-content\/uploads\/2023\/04\/collage-1.svg\" class=\"attachment-thumbnail_350x320 size-thumbnail_350x320\" alt=\"\" \/>          <\/div>\r\n      \r\n      <div class=\"text-holder\">\r\n                        <h3 class=\"title-block\">Nuotolin\u0117 prieiga ir valdymas i\u0161 j\u016bs\u0173 kompiuterio<\/h3>\r\n          \r\n                        <div class=\"text-block\">\r\n                <p>Su BAS-IP pa\u017eangia interfono sistema mokyklos personalas gali lengvai naudoti savo kompiuterius bendrauti per interfon\u0105, steb\u0117ti \u012f\u0117jimus ir valdyti dur\u0173 prieig\u0105. \u0160i lankstumas leid\u017eia pagerinti reagavimo laik\u0105 ir didesn\u012f efektyvum\u0105 kasdieni\u0173 u\u017eduo\u010di\u0173 ir skubios pagalbos valdyme.<\/p>\n              <\/div>\r\n                <\/div>\r\n    <\/div>\r\n<\/div>\r\n            <\/div>\r\n<\/section>\r\n<!-- END Block Features -->\n\n<!-- START Block FAQ --><section id=\"block_64218de5ac119\" class=\"faq-section\">\r\n\t\t    <h2 class=\"title-section\" data-aos=\"fade-right\">Da\u017enai u\u017eduodami klausimai<\/h2>\r\n\t\t\t    <div class=\"faq-list js-accordion\" data-aos=\"fade-up\">\r\n\t\t\t\t\t\t\t\t\t\t\t    <div class=\"accordion-item faq-item\">\r\n                        <div class=\"accordion-opener\">\r\n                            Q: Ar mokykloms skirt\u0105 domofono sistem\u0105 BAS-IP galima lengvai integruoti \u012f m\u016bs\u0173 esam\u0105 infrastrukt\u016br\u0105?                            <i class=\"fa-solid fa-chevron-down\"><\/i>\r\n                        <\/div>\r\n                        <div class=\"accordion-slide\">\r\n\t\t\t\t\t\t    <p>Taip, BAS-IP interfono sistemos gali lengvai b\u016bti integruotos \u012f j\u016bs\u0173 mokyklos esam\u0105 IP vietin\u012f tinkl\u0105, u\u017etikrindamos skland\u0173 ir ekonomi\u0161k\u0105 \u012fdiegimo proces\u0105.<\/p>\n                        <\/div>\r\n\t\t\t\t\t<\/div>\r\n\t\t\t\t\t\t\t\t\t\t\t\t\t\t\t    <div class=\"accordion-item faq-item\">\r\n                        <div class=\"accordion-opener\">\r\n                            Q: Kaip BAS-IP domofono sistema u\u017etikrina m\u016bs\u0173 student\u0173 ir darbuotoj\u0173 saugum\u0105?                            <i class=\"fa-solid fa-chevron-down\"><\/i>\r\n                        <\/div>\r\n                        <div class=\"accordion-slide\">\r\n\t\t\t\t\t\t    <p>BAS-IP interfono sistema si\u016blo kelias saugumo funkcijas, tokias kaip temperat\u016bros steb\u0117jimas prie \u012f\u0117jim\u0173, greita prieigos kontrol\u0117 ir galimyb\u0117 steb\u0117ti bei valdyti komunikacij\u0105 ir dur\u0173 prieig\u0105 i\u0161 j\u016bs\u0173 kompiuterio, u\u017etikrinant saugi\u0105 aplink\u0105 visiems.<\/p>\n                        <\/div>\r\n\t\t\t\t\t<\/div>\r\n\t\t\t\t\t\t\t\t\t\t\t\t\t\t\t    <div class=\"accordion-item faq-item\">\r\n                        <div class=\"accordion-opener\">\r\n                            Q: Ar BAS-IP domofono sistema suderinama su kitais ry\u0161io \u012frenginiais ir sistemomis?                            <i class=\"fa-solid fa-chevron-down\"><\/i>\r\n                        <\/div>\r\n                        <div class=\"accordion-slide\">\r\n\t\t\t\t\t\t    <p>Taip, BAS-IP interfono sistema yra sukurta taip, kad be vargo dirbt\u0173 su \u012fvairiomis komunikacijos \u012frengini\u0173 ir sistem\u0173 r\u016b\u0161imis, suteikiant i\u0161sam\u0173 ir lanks\u010di\u0105 sprendim\u0105 j\u016bs\u0173 mokyklos komunikacijos poreikiams.<\/p>\n                        <\/div>\r\n\t\t\t\t\t<\/div>\r\n\t\t\t\t\t\t\t\t\t\t\t\t\t\t\t    <div class=\"accordion-item faq-item\">\r\n                        <div class=\"accordion-opener\">\r\n                            Q: Kiek patikimos yra laidin\u0117s IP domofono sistemos, palyginti su belaid\u017eio ry\u0161io sistemomis?                            <i class=\"fa-solid fa-chevron-down\"><\/i>\r\n                        <\/div>\r\n                        <div class=\"accordion-slide\">\r\n\t\t\t\t\t\t    <p>Laidin\u0117s IP interfono sistemos, tokios kaip BAS-IP interfono sistema mokykloms, u\u017etikrina auk\u0161tesn\u012f patikimumo, saugumo ir na\u0161umo lyg\u012f, palyginti su belaid\u0117mis interfono sistemomis. Jos garantuoja stabil\u0173, nenutr\u016bkstam\u0105 komunikacij\u0105 ir kontrol\u0119, tod\u0117l yra ideali pasirinkimas \u0161vietimo \u012fstaigoms.<\/p>\n                        <\/div>\r\n\t\t\t\t\t<\/div>\r\n\t\t\t\t\t\t\t\t\t\t\t\t\t\t\t    <div class=\"accordion-item faq-item\">\r\n                        <div class=\"accordion-opener\">\r\n                            Q: Ar galime pritaikyti BAS-IP domofono sistem\u0105, kad ji atitikt\u0173 specifinius m\u016bs\u0173 mokyklos poreikius?                            <i class=\"fa-solid fa-chevron-down\"><\/i>\r\n                        <\/div>\r\n                        <div class=\"accordion-slide\">\r\n\t\t\t\t\t\t    <p>Taip, BAS-IP interfono sistema yra labai pritaikoma ir gali b\u016bti pritaikyta pagal j\u016bs\u0173 mokyklos unikalius reikalavimus. Jos modulin\u0117 strukt\u016bra leid\u017eia prid\u0117ti \u012fvairius komponentus, tokius kaip temperat\u016bros modelis, siekiant pagerinti saugum\u0105 ir funkcionalum\u0105.<\/p>\n                        <\/div>\r\n\t\t\t\t\t<\/div>\r\n\t\t\t\t\t\t\t\t\t<\/div>\r\n\t<\/section>\r\n<!-- END Block FAQ -->\n\n\n<p>Investuoti \u012f patikim\u0105, funkcijomis turting\u0105 ir saugi\u0105 interfono sistem\u0105 yra labai svarbu bet kurios \u0161vietimo \u012fstaigos saugumui ir efektyvumui. BAS-IP interfono sistema mokykloms si\u016blo neprilygstam\u0105 na\u0161um\u0105, novatori\u0161kas funkcijas ir be vargo integruojasi su esamais IP tinklais. Pasirink\u0119 BAS-IP, j\u016bs investuojate \u012f savo mokyklos komunikacijos ir saugumo infrastrukt\u016bros ateit\u012f. Patirkite komunikacijos revoliucij\u0105 su geriausia mokyklos interfono sistema \u2013 BAS-IP. Pagerinkite savo \u0161vietimo \u012fstaigos saugum\u0105, komunikacij\u0105 ir bendr\u0105 aplink\u0105, u\u017etikrindami student\u0173, personalo ir lankytoj\u0173 gerov\u0119. Nesileiskite \u012f kompromisus d\u0117l kokyb\u0117s; pasitik\u0117kite BAS-IP, kad j\u016bs\u0173 mokyklai suteiktum\u0117te i\u0161skirtin\u012f na\u0161um\u0105 ir patikimum\u0105.<\/p>","protected":false},"excerpt":{"rendered":"<p>Domofon\u0173 sistemos mokykloms \u0160iandieniniame pasaulyje sklandi komunikacija ir saugumas yra esminiai bet kurios \u0161vietimo institucijos komponentai. Efektyvi mokyklos interfono sistema ne tik u\u017etikrina greit\u0105 komunikacij\u0105, bet ir pagerina student\u0173, d\u0117stytoj\u0173 ir personalo saugum\u0105. Susipa\u017einkite su BAS-IP interfono sistema mokykloms \u2013 galutiniu sprendimu, kuris sujungia tvirt\u0105 technologij\u0105, novatori\u0161kas funkcijas ir neprilygstam\u0105 na\u0161um\u0105. \u0160iame straipsnyje nagrin\u0117jamos pagrindin\u0117s [&hellip;]<\/p>","protected":false},"author":1,"featured_media":0,"parent":0,"menu_order":0,"comment_status":"closed","ping_status":"closed","template":"","meta":{"inline_featured_image":false,"footnotes":""},"class_list":["post-133494","page","type-page","status-publish","hentry"],"acf":[],"_links":{"self":[{"href":"https:\/\/bas-ip.com\/lt\/wp-json\/wp\/v2\/pages\/133494","targetHints":{"allow":["GET"]}}],"collection":[{"href":"https:\/\/bas-ip.com\/lt\/wp-json\/wp\/v2\/pages"}],"about":[{"href":"https:\/\/bas-ip.com\/lt\/wp-json\/wp\/v2\/types\/page"}],"author":[{"embeddable":true,"href":"https:\/\/bas-ip.com\/lt\/wp-json\/wp\/v2\/users\/1"}],"replies":[{"embeddable":true,"href":"https:\/\/bas-ip.com\/lt\/wp-json\/wp\/v2\/comments?post=133494"}],"version-history":[{"count":3,"href":"https:\/\/bas-ip.com\/lt\/wp-json\/wp\/v2\/pages\/133494\/revisions"}],"predecessor-version":[{"id":133573,"href":"https:\/\/bas-ip.com\/lt\/wp-json\/wp\/v2\/pages\/133494\/revisions\/133573"}],"wp:attachment":[{"href":"https:\/\/bas-ip.com\/lt\/wp-json\/wp\/v2\/media?parent=133494"}],"curies":[{"name":"wp","href":"https:\/\/api.w.org\/{rel}","templated":true}]}}