{"id":133245,"date":"2023-03-27T09:04:54","date_gmt":"2023-03-27T09:04:54","guid":{"rendered":"https:\/\/bas-ip.com\/%d1%82%d1%8a%d1%80%d0%b3%d0%be%d0%b2%d1%81%d0%ba%d0%b8-%d0%bf%d1%80%d0%be%d0%bc%d0%b8%d1%88%d0%bb%d0%b5%d0%bd%d0%b8\/"},"modified":"2025-03-11T08:26:05","modified_gmt":"2025-03-11T08:26:05","slug":"commercial","status":"publish","type":"page","link":"https:\/\/bas-ip.com\/lt\/komercinis-pramoninis\/","title":{"rendered":"Komercinis \/ Pramoninis"},"content":{"rendered":"<h1 class=\"wp-block-heading\"><strong>Revoliucija J\u016bs\u0173 Darbo Vietoje su Verslo Interkom\u0173 Sistemomis<\/strong><\/h1>\n\n\n\n<p>Kadangi technologijos nuolat tobul\u0117ja, svarbu, kad verslai laikyt\u0173si naujausi\u0173 pasiekim\u0173. Vienas i\u0161 toki\u0173 patobulinim\u0173 \u2013 verslo interkom\u0173 sistem\u0173 integracija, kuri u\u017etikrina patobulint\u0105 saugum\u0105 ir efektyv\u0173 ry\u0161\u012f biuruose ir komercin\u0117se patalpose. BAS-IP IP interkomai si\u016blo i\u0161sam\u0173 sprendim\u0105, turint\u012f daugyb\u0119 unikali\u0173 funkcij\u0173, kurios atitinka \u0161iuolaikinio darbo vietos poreikius. Aptarsime verslo interkom\u0173 sistemos privalumus ir i\u0161samiau pa\u017evelgsime \u012f BAS-IP auk\u0161\u010diausios klas\u0117s produktus.<\/p>\n\n\n\n<h2 class=\"wp-block-heading\"><strong>Kod\u0117l pasirinkti BAS-IP savo verslo interkom\u0173 sistemai?<\/strong><\/h2>\n\n\n\n<p>BAS-IP buvo lyderis kuriant pa\u017eangias interkom\u0173 sistemas verslui, si\u016blanti inovatyvi\u0173 produkt\u0173 asortiment\u0105, sukurt\u0105 atitikti \u0161iuolaikinio darbo viet\u0173 reikalavimus. Integruodama pa\u017eangiausias funkcijas ir patikim\u0105 aparat\u016br\u0105, BAS-IP komercin\u0117s interkom\u0173 sistemos u\u017etikrina efektyv\u0173 ry\u0161\u012f ir padidint\u0105 saugum\u0105 tiek biuruose, tiek pramon\u0117s objektuose.<\/p>\n\n\n<!-- START Block Features --><section id=\"block_642edd596eeb4\" class=\"features-section\">\r\n\t\r\n    <div class=\"features-list\">\r\n                    <div class=\"features-item\" data-aos=\"fade-up\">\r\n    <div class=\"features-box\">\r\n                    <div class=\"image-holder\">\r\n                <img loading=\"lazy\" decoding=\"async\" width=\"350\" height=\"320\" src=\"https:\/\/bas-ip.com\/wp-content\/uploads\/2023\/04\/1-350x320.jpg\" class=\"attachment-thumbnail_350x320 size-thumbnail_350x320\" alt=\"\" \/>            <\/div>\r\n        \r\n        <div class=\"text-holder\">\r\n                        <h3 class=\"title-block\">IP interkom\u0173 galia darbo vietoje<\/h3>\r\n          \r\n                        <div class=\"text-block\">\r\n                <p>BAS-IP IP interkom\u0173 sistemos suteikia daugyb\u0119 privalum\u0173, \u012fskaitant skland\u0173 integravim\u0105 \u012f esamas IP vietines tinklus.<\/p>\n<p>Tai leid\u017eia darbuotojams lengvai prisijungti prie interkom\u0173 sistemos ir atidaryti duris tiesiai i\u0161 savo kompiuteri\u0173, taip supaprastinant komunikacij\u0105 ir saugum\u0105 biure.<\/p>\n<p>Be to, IP pagrindu veikianti infrastrukt\u016bra leid\u017eia didinti ir pritaikyti sistem\u0105 pagal poreikius, u\u017etikrinant, kad j\u016bs\u0173 verslo interkom\u0173 sistema gal\u0117t\u0173 augti ir vystytis kartu su j\u016bs\u0173 organizacija.<\/p>\n              <\/div>\r\n                  <\/div>\r\n    <\/div>\r\n<\/div>\r\n                    <div class=\"features-item\" data-aos=\"fade-up\">\r\n    <div class=\"features-box\">\r\n                    <div class=\"image-holder\">\r\n                <img loading=\"lazy\" decoding=\"async\" width=\"350\" height=\"320\" src=\"https:\/\/bas-ip.com\/wp-content\/uploads\/2023\/04\/2-350x320.jpg\" class=\"attachment-thumbnail_350x320 size-thumbnail_350x320\" alt=\"Business intercom systems\" \/>            <\/div>\r\n        \r\n        <div class=\"text-holder\">\r\n                        <h3 class=\"title-block\">Auk\u0161\u010diausios klas\u0117s aparat\u016bros komponentai<\/h3>\r\n          \r\n                        <div class=\"text-block\">\r\n                <p>Geriausia BAS-IP verslo interkom\u0173 sistema sudaro AV-08FBL, AT-10 ir BR-AT10 komponentai. \u0160ie komponentai veikia kartu, kad u\u017etikrint\u0173 i\u0161skirtin\u012f na\u0161um\u0105 ir naudotojo patirt\u012f, tod\u0117l jie idealiai tinka biurams ir komercin\u0117ms patalpoms.<\/p>\n<p>AV-08FBL: \u0160is lauko panelis pasi\u017eymi eleganti\u0161ku dizainu, integruota kamera ir RFID skaitytuvu, u\u017etikrindamas saug\u0173 prieigos kontrol\u0117s ir vizualin\u012f lankytoj\u0173 identifikavim\u0105.<\/p>\n<p>AT-10: \u0160is stilingas vidinis jutiklinis panelis si\u016blo auk\u0161tos rai\u0161kos ekran\u0105, intuityvi\u0105 naudotojo s\u0105saj\u0105 ir suderinamum\u0105 su \u012fvairiais i\u0161maniaisiais nam\u0173 ir saugumo \u012frenginiais.<\/p>\n<p>BR-AT10: \u0160is daugiafunkcis stalo laikiklis palengvina AT-10 panelio montavim\u0105 ant stalo.<\/p>\n              <\/div>\r\n                  <\/div>\r\n    <\/div>\r\n<\/div>\r\n                    <div class=\"features-item\" data-aos=\"fade-up\">\r\n    <div class=\"features-box\">\r\n                    <div class=\"image-holder\">\r\n                <img loading=\"lazy\" decoding=\"async\" width=\"350\" height=\"320\" src=\"https:\/\/bas-ip.com\/wp-content\/uploads\/2023\/04\/3-350x320.jpg\" class=\"attachment-thumbnail_350x320 size-thumbnail_350x320\" alt=\"\" \/>            <\/div>\r\n        \r\n        <div class=\"text-holder\">\r\n                        <h3 class=\"title-block\">Patikima klient\u0173 aptarnavimo ir paslaug\u0173 sistema<\/h3>\r\n          \r\n                        <div class=\"text-block\">\r\n                <p>BAS-IP \u012fsipareigoja teikti i\u0161skirtin\u012f klient\u0173 aptarnavim\u0105, si\u016blantis profesionali\u0105 pagalb\u0105 ir palaikym\u0105 viso \u012frengimo proceso metu ir po jo.<\/p>\n<p>M\u016bs\u0173 kvalifikuota pagalbos komanda gali pad\u0117ti i\u0161spr\u0119sti bet kokias problemas, kurios gali kilti, u\u017etikrinant, kad j\u016bs\u0173 verslo interkom\u0173 sistema i\u0161likt\u0173 funkcin\u0117 ir efektyvi.<\/p>\n<p>Be to, m\u016bs\u0173 \u012fsipareigojimas t\u0119stiniam tyrimui ir pl\u0117trai rei\u0161kia, kad BAS-IP produktai nuolat tobul\u0117s, suteikdami j\u016bs\u0173 verslui interkom\u0173 sprendim\u0105, kuris i\u0161lieka pirmaujantis technologij\u0173 ir na\u0161umo srityse.<\/p>\n              <\/div>\r\n                  <\/div>\r\n    <\/div>\r\n<\/div>\r\n            <\/div>\r\n<\/section>\r\n<!-- END Block Features -->\n\n\n<h2 class=\"wp-block-heading\"><strong>Pagrindin\u0117s BAS-IP verslo interkom\u0173 sistem\u0173 savyb\u0117s<\/strong><\/h2>\n\n\n\n<p>BAS-IP verslo interkom\u0173 sistemos pasi\u017eymi daugybe unikali\u0173 savybi\u0173, kurios i\u0161skiria jas i\u0161 konkurent\u0173. Pasitelkdami \u0161ias pa\u017eangias funkcijas, galite pagerinti darbo vietos efektyvum\u0105, saugum\u0105 ir bendr\u0105 funkcionalum\u0105.<\/p>\n\n\n<!-- START Block Features --><section id=\"block_642edfc06eeba\" class=\"features-section\">\r\n\t\r\n    <div class=\"features-list\">\r\n                    <div class=\"features-item\" data-aos=\"fade-up\">\r\n    <div class=\"features-box\">\r\n                    <div class=\"image-holder\">\r\n                <img loading=\"lazy\" decoding=\"async\" width=\"350\" height=\"320\" src=\"https:\/\/bas-ip.com\/wp-content\/uploads\/2023\/04\/4-350x320.jpg\" class=\"attachment-thumbnail_350x320 size-thumbnail_350x320\" alt=\"\" \/>            <\/div>\r\n        \r\n        <div class=\"text-holder\">\r\n                        <h3 class=\"title-block\">Laidin\u0117s interkom\u0173 sistemos verslui<\/h3>\r\n          \r\n                        <div class=\"text-block\">\r\n                <p>Nors beviel\u0117 technologija ir toliau populiar\u0117ja, laidin\u0117s interkom\u0173 sistemos verslui turi kelet\u0105 privalum\u0173, \u012fskaitant didesn\u012f patikimum\u0105, suma\u017eint\u0105 trukd\u017ei\u0173 kiek\u012f ir pagerint\u0105 saugum\u0105. BAS-IP laidin\u0117s interkom\u0173 sistemos yra sukurtos taip, kad u\u017etikrint\u0173 nuosekl\u0173 na\u0161um\u0105, garantuojant skland\u017ei\u0105 komunikacij\u0105 ir prieigos kontrol\u0119 j\u016bs\u0173 biure ar komercin\u0117se patalpose.<\/p>\n              <\/div>\r\n                  <\/div>\r\n    <\/div>\r\n<\/div>\r\n                    <div class=\"features-item\" data-aos=\"fade-up\">\r\n    <div class=\"features-box\">\r\n                    <div class=\"image-holder\">\r\n                <img loading=\"lazy\" decoding=\"async\" width=\"350\" height=\"320\" src=\"https:\/\/bas-ip.com\/wp-content\/uploads\/2023\/04\/5-1-350x320.jpg\" class=\"attachment-thumbnail_350x320 size-thumbnail_350x320\" alt=\"\" \/>            <\/div>\r\n        \r\n        <div class=\"text-holder\">\r\n                        <h3 class=\"title-block\">Stalo interkom\u0173 ir biuro interkom\u0173 integracija<\/h3>\r\n          \r\n                        <div class=\"text-block\">\r\n                <p>BAS-IP verslo interkom\u0173 sistemas lengvai galima integruoti \u012f stalo telefonus ir biuro interkom\u0173 sistemas, leid\u017eian\u010dias darbuotojams be vargo bendrauti darbo vietoje. Tai skatina bendradarbiavimo aplink\u0105 ir u\u017etikrina, kad svarbi informacija b\u016bt\u0173 perduodama greitai ir tiksliai.<\/p>\n              <\/div>\r\n                  <\/div>\r\n    <\/div>\r\n<\/div>\r\n                    <div class=\"features-item\" data-aos=\"fade-up\">\r\n    <div class=\"features-box\">\r\n                    <div class=\"image-holder\">\r\n                <img loading=\"lazy\" decoding=\"async\" width=\"350\" height=\"320\" src=\"https:\/\/bas-ip.com\/wp-content\/uploads\/2023\/04\/6-350x320.jpg\" class=\"attachment-thumbnail_350x320 size-thumbnail_350x320\" alt=\"\" \/>            <\/div>\r\n        \r\n        <div class=\"text-holder\">\r\n                        <h3 class=\"title-block\">Pramonini\u0173 interkom\u0173 sistemos suderinamumas<\/h3>\r\n          \r\n                        <div class=\"text-block\">\r\n                <p>Verslams, veikian\u010dioms pramonin\u0117se aplinkose, BAS-IP interkom\u0173 sistemos suteikia tvirtus komunikacijos sprendimus, sukurtus atlaikyti sunkiomis s\u0105lygomis. \u012ediegus patikim\u0105 pramonin\u0119 interkom\u0173 sistem\u0105, galite u\u017etikrinti efektyvi\u0105 komunikacij\u0105 ir saugi\u0105 prieigos kontrol\u0119 net pa\u010diose sud\u0117tingiausiose aplinkose.<\/p>\n              <\/div>\r\n                  <\/div>\r\n    <\/div>\r\n<\/div>\r\n            <\/div>\r\n<\/section>\r\n<!-- END Block Features -->\n\n<!-- START Block FAQ --><section id=\"block_64215db07ecd6\" class=\"faq-section\">\r\n\t\t    <h2 class=\"title-section\" data-aos=\"fade-right\">Da\u017eniausiai u\u017eduodami klausimai apie verslo interkom\u0173 sistemas<\/h2>\r\n\t\t\t    <div class=\"faq-list js-accordion\" data-aos=\"fade-up\">\r\n\t\t\t\t\t\t\t\t\t\t\t    <div class=\"accordion-item faq-item\">\r\n                        <div class=\"accordion-opener\">\r\n                            Q: Kaip verslo interkom\u0173 sistema gali pagerinti biuro saugum\u0105?                            <i class=\"fa-solid fa-chevron-down\"><\/i>\r\n                        <\/div>\r\n                        <div class=\"accordion-slide\">\r\n\t\t\t\t\t\t    <p>\u012etraukdamos tokias funkcijas kaip vaizdo steb\u0117jimas, prieigos kontrol\u0117 ir lankytoj\u0173 identifikavimas, verslo interkom\u0173 sistemos padeda apsaugoti j\u016bs\u0173 biur\u0105 ar komercin\u0119 nuosavyb\u0119 nuo neteis\u0117tos prieigos ir galim\u0173 gr\u0117smi\u0173.<\/p>\n                        <\/div>\r\n\t\t\t\t\t<\/div>\r\n\t\t\t\t\t\t\t\t\t\t\t\t\t\t\t    <div class=\"accordion-item faq-item\">\r\n                        <div class=\"accordion-opener\">\r\n                            Q: Ar galiu integruoti BAS-IP interkom\u0173 sistem\u0105 \u012f savo esam\u0105 IP vietin\u012f tinkl\u0105?                            <i class=\"fa-solid fa-chevron-down\"><\/i>\r\n                        <\/div>\r\n                        <div class=\"accordion-slide\">\r\n\t\t\t\t\t\t    <p>Taip, BAS-IP interkom\u0173 sistemos gali b\u016bti skland\u017eiai integruojamos \u012f esamas IP vietines tinklus, leid\u017eian\u010dias darbuotojams pasiekti sistem\u0105 ir atidaryti duris tiesiai i\u0161 savo kompiuteri\u0173 ir kit\u0173 prijungt\u0173 \u012frengini\u0173. Tai supaprastina komunikacij\u0105 ir prieigos kontrol\u0119 j\u016bs\u0173 darbo vietoje.<\/p>\n                        <\/div>\r\n\t\t\t\t\t<\/div>\r\n\t\t\t\t\t\t\t\t\t\t\t\t\t\t\t    <div class=\"accordion-item faq-item\">\r\n                        <div class=\"accordion-opener\">\r\n                            Q: Kas padaro BAS-IP laidines interkom\u0173 sistemas geresniu pasirinkimu nei beviel\u0117s galimyb\u0117s?                            <i class=\"fa-solid fa-chevron-down\"><\/i>\r\n                        <\/div>\r\n                        <div class=\"accordion-slide\">\r\n\t\t\t\t\t\t    <p>Laidin\u0117s interkom\u0173 sistemos u\u017etikrina didesn\u012f patikimum\u0105, suma\u017eint\u0105 trukd\u017ei\u0173 kiek\u012f ir pagerint\u0105 saugum\u0105, palyginti su beviel\u0117mis galimyb\u0117mis. BAS-IP laidin\u0117s interkom\u0173 sistemos sukurtos taip, kad u\u017etikrint\u0173 nuosekl\u0173 na\u0161um\u0105, tod\u0117l jos yra idealios \u012fmon\u0117ms, ie\u0161kan\u010dioms patikim\u0173 komunikacijos sprendim\u0173.<\/p>\n                        <\/div>\r\n\t\t\t\t\t<\/div>\r\n\t\t\t\t\t\t\t\t\t\t\t\t\t\t\t    <div class=\"accordion-item faq-item\">\r\n                        <div class=\"accordion-opener\">\r\n                            Q: Ar BAS-IP interkom\u0173 sistemos tinka pramonin\u0117ms aplinkoms?                            <i class=\"fa-solid fa-chevron-down\"><\/i>\r\n                        <\/div>\r\n                        <div class=\"accordion-slide\">\r\n\t\t\t\t\t\t    <p>Taip, BAS-IP interkom\u0173 sistemos sukurtos taip, kad b\u016bt\u0173 suderinamos su pramonin\u0117mis aplinkomis. \u0160ios tvirtos sistemos gali atlaikyti sunkiomis s\u0105lygomis, u\u017etikrindamos efektyvi\u0105 komunikacij\u0105 ir saugi\u0105 prieigos kontrol\u0119 \u012fvairiose pramon\u0117s \u0161akose.<\/p>\n                        <\/div>\r\n\t\t\t\t\t<\/div>\r\n\t\t\t\t\t\t\t\t\t\t\t\t\t\t\t    <div class=\"accordion-item faq-item\">\r\n                        <div class=\"accordion-opener\">\r\n                            Q: Ar galiu naudoti BAS-IP interkom\u0173 sistem\u0105, kad integruo\u010diau j\u0105 su savo i\u0161maniaisiais biuro \u012frenginiais?                            <i class=\"fa-solid fa-chevron-down\"><\/i>\r\n                        <\/div>\r\n                        <div class=\"accordion-slide\">\r\n\t\t\t\t\t\t    <p>Taip, BAS-IP interkom\u0173 sistemos sukurtos taip, kad b\u016bt\u0173 suderinamos su \u012fvairiais i\u0161maniaisiais biuro \u012frenginiais, tokiais kaip ap\u0161vietimo ir klimato kontrol\u0117s sistemos. Tai leid\u017eia skland\u017eiai integruoti ir pagerinti bendr\u0105 funkcionalum\u0105 j\u016bs\u0173 darbo vietoje.<\/p>\n                        <\/div>\r\n\t\t\t\t\t<\/div>\r\n\t\t\t\t\t\t\t\t\t<\/div>\r\n\t<\/section>\r\n<!-- END Block FAQ -->\n\n\n<p>\u0160iandieniniame greitai besikei\u010dian\u010diame verslo pasaulyje efektyvi komunikacija ir tvirtos saugumo priemon\u0117s yra b\u016btinos. BAS-IP verslo interkom\u0173 sistemos si\u016blo i\u0161sam\u0173 sprendim\u0105, derinant pa\u017eangiausias funkcijas, patikim\u0105 aparat\u016br\u0105 ir skland\u0173 integravim\u0105 \u012f esamus IP vietinius tinklus. \u012ediegus BAS-IP interkom\u0173 sistem\u0105 savo biure ar komercin\u0117je nuosavyb\u0117je, galite pagerinti komunikacij\u0105, saugum\u0105 ir bendr\u0105 darbo vietos funkcionalum\u0105. Patirkite pasaulin\u0117s klas\u0117s interkom\u0173 sistemos privalumus ir revoliuciniu b\u016bdu transformuokite savo darbo viet\u0105 su BAS-IP inovatyviais interkom\u0173 sprendimais. I\u0161nagrin\u0117kite efektyvios komunikacijos, pa\u017eangios saugumo ir skland\u017eios integracijos galimybes, kurios pad\u0117s j\u016bs\u0173 verslui klest\u0117ti vis labiau susijusiame pasaulyje.<\/p>","protected":false},"excerpt":{"rendered":"<p>Revoliucija J\u016bs\u0173 Darbo Vietoje su Verslo Interkom\u0173 Sistemomis Kadangi technologijos nuolat tobul\u0117ja, svarbu, kad verslai laikyt\u0173si naujausi\u0173 pasiekim\u0173. Vienas i\u0161 toki\u0173 patobulinim\u0173 \u2013 verslo interkom\u0173 sistem\u0173 integracija, kuri u\u017etikrina patobulint\u0105 saugum\u0105 ir efektyv\u0173 ry\u0161\u012f biuruose ir komercin\u0117se patalpose. BAS-IP IP interkomai si\u016blo i\u0161sam\u0173 sprendim\u0105, turint\u012f daugyb\u0119 unikali\u0173 funkcij\u0173, kurios atitinka \u0161iuolaikinio darbo vietos poreikius. Aptarsime [&hellip;]<\/p>","protected":false},"author":1,"featured_media":0,"parent":0,"menu_order":0,"comment_status":"closed","ping_status":"closed","template":"","meta":{"inline_featured_image":false,"footnotes":""},"class_list":["post-133245","page","type-page","status-publish","hentry"],"acf":[],"_links":{"self":[{"href":"https:\/\/bas-ip.com\/lt\/wp-json\/wp\/v2\/pages\/133245","targetHints":{"allow":["GET"]}}],"collection":[{"href":"https:\/\/bas-ip.com\/lt\/wp-json\/wp\/v2\/pages"}],"about":[{"href":"https:\/\/bas-ip.com\/lt\/wp-json\/wp\/v2\/types\/page"}],"author":[{"embeddable":true,"href":"https:\/\/bas-ip.com\/lt\/wp-json\/wp\/v2\/users\/1"}],"replies":[{"embeddable":true,"href":"https:\/\/bas-ip.com\/lt\/wp-json\/wp\/v2\/comments?post=133245"}],"version-history":[{"count":5,"href":"https:\/\/bas-ip.com\/lt\/wp-json\/wp\/v2\/pages\/133245\/revisions"}],"predecessor-version":[{"id":133349,"href":"https:\/\/bas-ip.com\/lt\/wp-json\/wp\/v2\/pages\/133245\/revisions\/133349"}],"wp:attachment":[{"href":"https:\/\/bas-ip.com\/lt\/wp-json\/wp\/v2\/media?parent=133245"}],"curies":[{"name":"wp","href":"https:\/\/api.w.org\/{rel}","templated":true}]}}