{"id":133085,"date":"2023-03-28T17:03:55","date_gmt":"2023-03-28T17:03:55","guid":{"rendered":"https:\/\/bas-ip.com\/case-studies\/"},"modified":"2025-03-07T07:27:05","modified_gmt":"2025-03-07T07:27:05","slug":"case-studies","status":"publish","type":"page","link":"https:\/\/bas-ip.com\/lt\/case-studies\/","title":{"rendered":"Sprendimai"},"content":{"rendered":"<h1 class=\"wp-block-heading\"><strong>Domofon\u0173 sprendimai<\/strong><\/h1>\n\n\n\n<p>BAS-IP yra lyderis, tiekiantis pa\u017eangiausius domofon\u0173 sprendimus \u012fvairioms pramon\u0117s \u0161akoms, si\u016blydamas i\u0161skirtin\u0119 saugumo ir komunikacijos patirt\u012f. \u0160iame straipsnyje ap\u017evelgsime \u0161e\u0161is \u012ftikinamus domofon\u0173 atvej\u0173 tyrimus, kurie demonstruoja BAS-IP produkt\u0173 universalum\u0105 ir efektyvum\u0105 \u012fvairiose aplinkose. Nuo daugiabu\u010di\u0173 gyvenam\u0173j\u0173 nam\u0173 iki ligonini\u0173, \u0161ie atvej\u0173 tyrimai pabr\u0117\u017eia transformuojan\u010di\u0105 BAS-IP domofon\u0173 sistem\u0173 gali\u0105.<\/p>\n\n\n<!-- START Block Info 3 Columns with links --><section id=\"block_6437b6d9794a8\" class=\"info-columns-section\">\r\n   <div class=\"column-list\">\r\n                        <div class=\"column-item\" data-aos=\"fade-up\" data-aos-delay=\"100\">\r\n                  <div class=\"image-block\">\r\n            <a href=\"\/building-intercom-system\/\">\r\n               <img loading=\"lazy\" decoding=\"async\" width=\"320\" height=\"232\" src=\"https:\/\/bas-ip.com\/wp-content\/uploads\/2023\/04\/1-5.jpg\" class=\"attachment-thumbnail_345x250 size-thumbnail_345x250\" alt=\"\" srcset=\"https:\/\/bas-ip.com\/wp-content\/uploads\/2023\/04\/1-5.jpg 320w,  https:\/\/bas-ip.com\/wp-content\/uploads\/2023\/04\/1-5-300x218.jpg 300w\" sizes=\"auto, (max-width: 320px) 100vw, 320px\" \/><\/a>\r\n         <\/div>\r\n         \r\n                  <a href=\"\/building-intercom-system\/\">\r\n            <h3 class=\"title-section\">Daugiabu\u010diai gyvenamieji namai: vientisa gyvenimo patirtis<\/h3>\r\n         <\/a>\r\n                           <div class=\"text-block\">\r\n            <p>BAS-IP domofon\u0173 sprendimai i\u0161 esm\u0117s pakeit\u0117 gyventoj\u0173 s\u0105veik\u0105 su savo gyvenam\u0105ja aplinka. Daugiabu\u010diame name \u012fdiegta BAS-IP domofon\u0173 sistema ne tik sustiprino saugum\u0105, bet ir palengvino skland\u0173 bendravim\u0105 tarp nuominink\u0173, lankytoj\u0173 ir pastato valdymo. Sistemos patogi naudoti s\u0105saja ir integracija su i\u0161mani\u0173j\u0173 nam\u0173 technologijomis suteik\u0117 gyventojams nauj\u0105 patogumo ir prieinamumo lyg\u012f, pagerindama j\u0173 gyvenimo patirt\u012f<\/p>\n         <\/div>\r\n               <\/div>\r\n                              <div class=\"column-item\" data-aos=\"fade-up\" data-aos-delay=\"200\">\r\n                  <div class=\"image-block\">\r\n            <a href=\"\/business-intercom-systems-for-office\/\">\r\n               <img loading=\"lazy\" decoding=\"async\" width=\"320\" height=\"232\" src=\"https:\/\/bas-ip.com\/wp-content\/uploads\/2023\/04\/2-5.jpg\" class=\"attachment-thumbnail_345x250 size-thumbnail_345x250\" alt=\"\" srcset=\"https:\/\/bas-ip.com\/wp-content\/uploads\/2023\/04\/2-5.jpg 320w,  https:\/\/bas-ip.com\/wp-content\/uploads\/2023\/04\/2-5-300x218.jpg 300w\" sizes=\"auto, (max-width: 320px) 100vw, 320px\" \/><\/a>\r\n         <\/div>\r\n         \r\n                  <a href=\"\/business-intercom-systems-for-office\/\">\r\n            <h3 class=\"title-section\">Komercinis: operacij\u0173 ir saugumo supaprastinimas<\/h3>\r\n         <\/a>\r\n                           <div class=\"text-block\">\r\n            <p>Komercin\u0117je ar pramonin\u0117je aplinkoje efektyvi komunikacija ir saugumas yra itin svarb\u016bs skland\u017eiai veiklai. BAS-IP domofon\u0173 sprendimai atliko esmin\u012f vaidmen\u012f gerinant darbo eig\u0105 ir saugos priemones dideliame gamybos objekte. Integravus domofon\u0173 sistem\u0105 su prieigos kontrole, vaizdo steb\u0117jimu ir reagavimo \u012f ekstremalias situacijas funkcijomis, objektas patyr\u0117 didel\u012f komunikacijos ir bendro saugumo pager\u0117jim\u0105.<\/p>\n         <\/div>\r\n               <\/div>\r\n                              <div class=\"column-item\" data-aos=\"fade-up\" data-aos-delay=\"300\">\r\n                  <div class=\"image-block\">\r\n            <a href=\"\/intercom-systems-for-home-and-house\/\">\r\n               <img loading=\"lazy\" decoding=\"async\" width=\"320\" height=\"232\" src=\"https:\/\/bas-ip.com\/wp-content\/uploads\/2023\/04\/3-5.jpg\" class=\"attachment-thumbnail_345x250 size-thumbnail_345x250\" alt=\"\" srcset=\"https:\/\/bas-ip.com\/wp-content\/uploads\/2023\/04\/3-5.jpg 320w,  https:\/\/bas-ip.com\/wp-content\/uploads\/2023\/04\/3-5-300x218.jpg 300w\" sizes=\"auto, (max-width: 320px) 100vw, 320px\" \/><\/a>\r\n         <\/div>\r\n         \r\n                  <a href=\"\/intercom-systems-for-home-and-house\/\">\r\n            <h3 class=\"title-section\">Namai: saugumo ir ry\u0161io stiprinimas<\/h3>\r\n         <\/a>\r\n                           <div class=\"text-block\">\r\n            <p>Kadangi nam\u0173 savininkai vis labiau teikia pirmenyb\u0119 saugumui ir i\u0161mani\u0173j\u0173 nam\u0173 technologijoms, BAS-IP domofon\u0173 sprendimai tapo populiariu pasirinkimu. Priemiestyje esan\u010diame name \u012fdiegta BAS-IP domofon\u0173 sistema ne tik padidino saugum\u0105, bet ir pagerino ry\u0161\u012f su \u0161eimos nariais ir sve\u010diais. Intuityvi s\u0105saja ir suderinamumas su i\u0161maniaisiais telefonais leido nam\u0173 savininkams steb\u0117ti savo turt\u0105 ir lengvai bendrauti, sukuriant saugi\u0105 ir susiet\u0105 gyvenam\u0105j\u0105 aplink\u0105.<\/p>\n         <\/div>\r\n               <\/div>\r\n                              <div class=\"column-item\" data-aos=\"fade-up\" data-aos-delay=\"400\">\r\n                  <div class=\"image-block\">\r\n            <a href=\"\/medical-hospital-intercom-system\/\">\r\n               <img loading=\"lazy\" decoding=\"async\" width=\"320\" height=\"232\" src=\"https:\/\/bas-ip.com\/wp-content\/uploads\/2023\/04\/4-5.jpg\" class=\"attachment-thumbnail_345x250 size-thumbnail_345x250\" alt=\"\" srcset=\"https:\/\/bas-ip.com\/wp-content\/uploads\/2023\/04\/4-5.jpg 320w,  https:\/\/bas-ip.com\/wp-content\/uploads\/2023\/04\/4-5-300x218.jpg 300w\" sizes=\"auto, (max-width: 320px) 100vw, 320px\" \/><\/a>\r\n         <\/div>\r\n         \r\n                  <a href=\"\/medical-hospital-intercom-system\/\">\r\n            <h3 class=\"title-section\">Ligonin\u0117: pacient\u0173 prie\u017ei\u016bros ir saugos stiprinimas<\/h3>\r\n         <\/a>\r\n                           <div class=\"text-block\">\r\n            <p>Ligonin\u0117ms ir medicinos \u012fstaigoms reikalingos pa\u017eangios ry\u0161i\u0173 sistemos, u\u017etikrinan\u010dios efektyvi\u0105 pacient\u0173 prie\u017ei\u016br\u0105 ir saugum\u0105. Modernioje ligonin\u0117je BAS-IP domofon\u0173 sprendimai buvo panaudoti siekiant supaprastinti bendravim\u0105 tarp medicinos personalo, pacient\u0173 ir lankytoj\u0173. Sistema palengvino greit\u0105 reagavim\u0105 \u012f ekstremalias situacijas, sustiprino pacient\u0173 privatum\u0105 ir pagerino bendr\u0105 ligonin\u0117s saugum\u0105. BAS-IP domofon\u0173 sistemos integravimas pasirod\u0117 es\u0105s esminis l\u016b\u017eis teikiant i\u0161skirtin\u0119 pacient\u0173 prie\u017ei\u016br\u0105.<\/p>\n         <\/div>\r\n               <\/div>\r\n                              <div class=\"column-item\" data-aos=\"fade-up\" data-aos-delay=\"500\">\r\n                  <div class=\"image-block\">\r\n            <a href=\"\/intercom-systems-for-schools\/\">\r\n               <img loading=\"lazy\" decoding=\"async\" width=\"320\" height=\"232\" src=\"https:\/\/bas-ip.com\/wp-content\/uploads\/2023\/04\/5-5.jpg\" class=\"attachment-thumbnail_345x250 size-thumbnail_345x250\" alt=\"\" srcset=\"https:\/\/bas-ip.com\/wp-content\/uploads\/2023\/04\/5-5.jpg 320w,  https:\/\/bas-ip.com\/wp-content\/uploads\/2023\/04\/5-5-300x218.jpg 300w\" sizes=\"auto, (max-width: 320px) 100vw, 320px\" \/><\/a>\r\n         <\/div>\r\n         \r\n                  <a href=\"\/intercom-systems-for-schools\/\">\r\n            <h3 class=\"title-section\">Mokykla: saugios mokymosi aplinkos k\u016brimas<\/h3>\r\n         <\/a>\r\n                           <div class=\"text-block\">\r\n            <p>\u0160vietimo \u012fstaigoms reikalingos patikimos saugumo ir ry\u0161i\u0173 sistemos, skirtos apsaugoti mokinius ir personal\u0105. Progresyvioje mokykloje BAS-IP domofon\u0173 sprendimai pad\u0117jo sukurti saugi\u0105 mokymosi aplink\u0105. Sistema u\u017etikrino skland\u0173 bendravim\u0105 tarp klasi\u0173, administracijos kabinet\u0173 ir i\u0161orini\u0173 lankytoj\u0173, garantuodama mokini\u0173 ir personalo saugum\u0105. Be to, domofon\u0173 sistemos integracija su prieigos kontrole ir vaizdo steb\u0117jimo funkcijomis gerokai pagerino bendr\u0105 mokyklos saugum\u0105.<\/p>\n         <\/div>\r\n               <\/div>\r\n                              <div class=\"column-item\" data-aos=\"fade-up\" data-aos-delay=\"600\">\r\n                  <div class=\"image-block\">\r\n            <a href=\"\/gate-intercom-system\/\">\r\n               <img loading=\"lazy\" decoding=\"async\" width=\"320\" height=\"232\" src=\"https:\/\/bas-ip.com\/wp-content\/uploads\/2023\/04\/6-4.jpg\" class=\"attachment-thumbnail_345x250 size-thumbnail_345x250\" alt=\"\" srcset=\"https:\/\/bas-ip.com\/wp-content\/uploads\/2023\/04\/6-4.jpg 320w,  https:\/\/bas-ip.com\/wp-content\/uploads\/2023\/04\/6-4-300x218.jpg 300w\" sizes=\"auto, (max-width: 320px) 100vw, 320px\" \/><\/a>\r\n         <\/div>\r\n         \r\n                  <a href=\"\/gate-intercom-system\/\">\r\n            <h3 class=\"title-section\">Vartai: perimetro saugumo stiprinimas<\/h3>\r\n         <\/a>\r\n                           <div class=\"text-block\">\r\n            <p>Vart\u0173 saugumas yra labai svarbus norint apsaugoti turt\u0105 ir i\u0161laikyti privatum\u0105. Auk\u0161tos klas\u0117s gyvenam\u0173j\u0173 nam\u0173 bendruomen\u0117je BAS-IP domofon\u0173 sprendimai buvo \u012fdiegti siekiant sustiprinti perimetro saugum\u0105. Sistema leido gyventojams nuotoliniu b\u016bdu suteikti arba atsisakyti suteikti prieig\u0105 lankytojams, o integracija su vaizdo steb\u0117jimu leido skland\u017eiai steb\u0117ti bendruomen\u0117s \u012f\u0117jimus ir i\u0161\u0117jimus. \u0160is pa\u017eangus domofon\u0173 sprendimas prisid\u0117jo prie padid\u0117jusio saugumo jausmo ir ramyb\u0117s gyventojams.<\/p>\n         <\/div>\r\n               <\/div>\r\n                     <\/div>\r\n<\/section>\r\n<!-- END Block Info 3 Columns with links -->\n\n\n<p>\u0160ie domofon\u0173 atvej\u0173 tyrimai demonstruoja nepaprast\u0105 BAS-IP domofon\u0173 sprendim\u0173 universalum\u0105 ir efektyvum\u0105 \u012fvairiuose sektoriuose. Nuo gyvenam\u0173j\u0173 bendruomeni\u0173 iki ligonini\u0173, BAS-IP domofon\u0173 sistem\u0173 \u012fdiegimas pakeit\u0117 komunikacij\u0105, saugum\u0105 ir bendr\u0105 vartotojo patirt\u012f. Technologijoms toliau tobul\u0117jant, BAS-IP ir toliau yra \u012fsipareigojusi teikti novatori\u0161kus ir auk\u0161\u010diausios kokyb\u0117s domofon\u0173 sprendimus, kurie atitinka besikei\u010dian\u010dius \u012fvairi\u0173 pramon\u0117s \u0161ak\u0173 poreikius..<\/p>\n\n\n<!-- START Block FAQ --><section id=\"block_64231e53deae2\" class=\"faq-section\">\r\n\t\t    <h2 class=\"title-section\" data-aos=\"fade-right\">Da\u017eniausiai u\u017eduodami klausimai<\/h2>\r\n\t\t\t    <div class=\"faq-list js-accordion\" data-aos=\"fade-up\">\r\n\t\t\t\t\t\t\t\t\t\t\t    <div class=\"accordion-item faq-item\">\r\n                        <div class=\"accordion-opener\">\r\n                            Q: Kaip BAS-IP u\u017etikrina savo domofon\u0173 sprendim\u0173 saugum\u0105 ir patikimum\u0105?                            <i class=\"fa-solid fa-chevron-down\"><\/i>\r\n                        <\/div>\r\n                        <div class=\"accordion-slide\">\r\n\t\t\t\t\t\t    <p>BAS-IP employs advanced encryption protocols and robust hardware to ensure the security and reliability of its intercom systems. This commitment to providing cutting-edge technology has made BAS-IP a trusted choice for various industries worldwide.<\/p>\n                        <\/div>\r\n\t\t\t\t\t<\/div>\r\n\t\t\t\t\t\t\t\t\t\t\t\t\t\t\t    <div class=\"accordion-item faq-item\">\r\n                        <div class=\"accordion-opener\">\r\n                            Q: Kaip BAS-IP domofon\u0173 sprendimai prisideda prie energijos vartojimo efektyvumo?                            <i class=\"fa-solid fa-chevron-down\"><\/i>\r\n                        <\/div>\r\n                        <div class=\"accordion-slide\">\r\n\t\t\t\t\t\t    <p>BAS-IP domofon\u0173 sistemos sukurtos atsi\u017evelgiant \u012f energijos vartojimo efektyvum\u0105. \u012ediegiant tokias funkcijas kaip judesio aktyvuojamas ap\u0161vietimas, i\u0161manus klimato valdymas ir energij\u0105 taupantys bud\u0117jimo re\u017eimai, BAS-IP domofon\u0173 sprendimai prisideda prie ekologi\u0161kesn\u0117s ir tvaresn\u0117s aplinkos.<\/p>\n                        <\/div>\r\n\t\t\t\t\t<\/div>\r\n\t\t\t\t\t\t\t\t\t\t\t\t\t\t\t    <div class=\"accordion-item faq-item\">\r\n                        <div class=\"accordion-opener\">\r\n                            Q: Koki\u0105 pagalb\u0105 BAS-IP si\u016blo savo domofon\u0173 sprendimams?                            <i class=\"fa-solid fa-chevron-down\"><\/i>\r\n                        <\/div>\r\n                        <div class=\"accordion-slide\">\r\n\t\t\t\t\t\t    <p>BAS-IP yra \u012fsipareigojusi teikti i\u0161skirtin\u0119 klient\u0173 pagalb\u0105, si\u016blydama visapusi\u0161k\u0105 technin\u0119 pagalb\u0105 ir i\u0161teklius, kad u\u017etikrint\u0173 skland\u0173 savo domofon\u0173 sistem\u0173 \u012fdiegim\u0105 ir veikim\u0105. \u0160is atsidavimas klient\u0173 pasitenkinimui BAS-IP u\u017edirbo puiki\u0105 reputacij\u0105 pramon\u0117je.<\/p>\n                        <\/div>\r\n\t\t\t\t\t<\/div>\r\n\t\t\t\t\t\t\t\t\t<\/div>\r\n\t<\/section>\r\n<!-- END Block FAQ -->","protected":false},"excerpt":{"rendered":"<p>Domofon\u0173 sprendimai BAS-IP yra lyderis, tiekiantis pa\u017eangiausius domofon\u0173 sprendimus \u012fvairioms pramon\u0117s \u0161akoms, si\u016blydamas i\u0161skirtin\u0119 saugumo ir komunikacijos patirt\u012f. \u0160iame straipsnyje ap\u017evelgsime \u0161e\u0161is \u012ftikinamus domofon\u0173 atvej\u0173 tyrimus, kurie demonstruoja BAS-IP produkt\u0173 universalum\u0105 ir efektyvum\u0105 \u012fvairiose aplinkose. Nuo daugiabu\u010di\u0173 gyvenam\u0173j\u0173 nam\u0173 iki ligonini\u0173, \u0161ie atvej\u0173 tyrimai pabr\u0117\u017eia transformuojan\u010di\u0105 BAS-IP domofon\u0173 sistem\u0173 gali\u0105. \u0160ie domofon\u0173 atvej\u0173 tyrimai demonstruoja [&hellip;]<\/p>","protected":false},"author":1,"featured_media":0,"parent":0,"menu_order":0,"comment_status":"closed","ping_status":"closed","template":"","meta":{"inline_featured_image":false,"footnotes":""},"class_list":["post-133085","page","type-page","status-publish","hentry"],"acf":[],"_links":{"self":[{"href":"https:\/\/bas-ip.com\/lt\/wp-json\/wp\/v2\/pages\/133085","targetHints":{"allow":["GET"]}}],"collection":[{"href":"https:\/\/bas-ip.com\/lt\/wp-json\/wp\/v2\/pages"}],"about":[{"href":"https:\/\/bas-ip.com\/lt\/wp-json\/wp\/v2\/types\/page"}],"author":[{"embeddable":true,"href":"https:\/\/bas-ip.com\/lt\/wp-json\/wp\/v2\/users\/1"}],"replies":[{"embeddable":true,"href":"https:\/\/bas-ip.com\/lt\/wp-json\/wp\/v2\/comments?post=133085"}],"version-history":[{"count":4,"href":"https:\/\/bas-ip.com\/lt\/wp-json\/wp\/v2\/pages\/133085\/revisions"}],"predecessor-version":[{"id":133182,"href":"https:\/\/bas-ip.com\/lt\/wp-json\/wp\/v2\/pages\/133085\/revisions\/133182"}],"wp:attachment":[{"href":"https:\/\/bas-ip.com\/lt\/wp-json\/wp\/v2\/media?parent=133085"}],"curies":[{"name":"wp","href":"https:\/\/api.w.org\/{rel}","templated":true}]}}