{"id":131231,"date":"2025-02-19T15:47:09","date_gmt":"2025-02-19T15:47:09","guid":{"rendered":"https:\/\/bas-ip.com\/intercom-migration-to-link\/"},"modified":"2025-02-25T11:01:33","modified_gmt":"2025-02-25T11:01:33","slug":"intercom-migration-to-link","status":"publish","type":"page","link":"https:\/\/bas-ip.com\/lt\/intercom-migration-to-link\/","title":{"rendered":"&#8222;Intercom&#8221; migracija \u012f &#8222;Link&#8221;"},"content":{"rendered":"<h2 data-sourcepos=\"1:1-1:55\">\u201eIntercom\u201c persikelia \u012f \u201eLink\u201c: k\u0105 tai rei\u0161kia jums?<\/h2>\n<p data-sourcepos=\"3:1-3:318\">Nuo 2025 m. kovo 4 d. \u201eIntercom\u201c programa, skirta \u201eAndroid\u201c, nebebus pasiekiama \u201eGoogle Play\u201c parduotuv\u0117je. Ta\u010diau \u017einiatinklio versija ir \u201eiOS\u201c programa veiks be joki\u0173 pakeitim\u0173, o \u201eIntercom\u201c serveriai liks aktyv\u016bs, kad b\u016bt\u0173 u\u017etikrintas stabilumas ir prieiga prie j\u016bs\u0173 duomen\u0173, kol serverio palaikymas bus nutrauktas.<\/p>\n<p data-sourcepos=\"5:1-5:197\">Kvie\u010diame pereiti prie \u201eLink\u201c \u2013 galingo sprendimo, sukurto j\u016bs\u0173 patogumui. Platforma si\u016blo pa\u017eangias valdymo galimybes, auk\u0161t\u0105 stabilumo lyg\u012f ir saugum\u0105, atitinkant\u012f naujausius pramon\u0117s standartus.<\/p>\n<p data-sourcepos=\"7:1-7:165\">Suprantame, kad \u0161is pakeitimas gali kelti klausim\u0173, tod\u0117l pareng\u0117me i\u0161samias instrukcijas ir visapusi\u0161k\u0105 palaikym\u0105, kad per\u0117jimas b\u016bt\u0173 kuo sklandesnis ir lengvesnis.<\/p>\n<h2 data-sourcepos=\"9:1-9:36\">Kod\u0117l mes atliekame \u0161\u012f pakeitim\u0105?<\/h2>\n<p data-sourcepos=\"11:1-11:355\">M\u016bs\u0173 sprendim\u0105 pereiti prie \u201eLink\u201c l\u0117m\u0117 poreikis suteikti jums geresn\u0119 paslaug\u0173 kokyb\u0119 ir modernius \u012frankius \u012frengini\u0173 valdymui. \u201eIntercom\u201c programa, skirta \u201eAndroid\u201c, yra pasenusi ir nebeatitinka dabartini\u0173 reikalavim\u0173. U\u017euot atnaujin\u0119 sen\u0105j\u0105 platform\u0105, pasirinkome sukurti galingesn\u012f ir patogesn\u012f sprendim\u0105, kuris nustatys nauj\u0105 j\u016bs\u0173 patogumo standart\u0105.<\/p>\n<h2 data-sourcepos=\"13:1-13:18\">Kas yra \u201eLink\u201c?<\/h2>\n<p data-sourcepos=\"15:1-15:202\">\u201eLink\u201c yra platforma, sukurta tiems, kurie vertina patogum\u0105 ir patikimum\u0105. Ji pakei\u010dia \u201eIntercom\u201c ir si\u016blo daugiau funkcij\u0173, patobulint\u0105 dizain\u0105 ir ilgalaik\u012f palaikym\u0105. \u0160tai ko galite tik\u0117tis i\u0161 \u201eLink\u201c:<\/p>\n<ul data-sourcepos=\"17:1-21:0\">\n<li data-sourcepos=\"17:1-17:100\"><strong>Pertvarkyta s\u0105saja:<\/strong> paprastas ir intuityvus dizainas, sukurtas skland\u017eiai vartotojo patir\u010diai.<\/li>\n<li data-sourcepos=\"18:1-18:145\"><strong>Palaikymas moderniems \u012frenginiams:<\/strong> \u201eLink\u201c suderinamas su naujausiomis operacin\u0117mis sistemomis ir integruojamas su naujomis technologijomis.<\/li>\n<li data-sourcepos=\"19:1-19:136\"><strong>I\u0161pl\u0117stin\u0117s funkcijos:<\/strong> prieigos valdymas, saugumas ir lankstus \u012frengini\u0173 konfig\u016bravimas \u2013 visa tai pasiekiama naujoje platformoje.<\/li>\n<li data-sourcepos=\"20:1-21:0\"><strong>Stabilumas ir patikimumas:<\/strong> Sukurta dideliems kr\u016bviams valdyti, u\u017etikrinant nepertraukiam\u0105 veikim\u0105.<\/li>\n<\/ul>\n<h2 data-sourcepos=\"22:1-22:23\">Kaip vyks per\u0117jimas?<\/h2>\n<p data-sourcepos=\"24:1-24:323\">Per\u0117jimo proces\u0105 padar\u0117me kuo sklandesn\u012f. Aktyvios \u201eIntercom\u201c paskyros bus automati\u0161kai perkeltos \u012f \u201eLink\u201c platform\u0105, o vartotojai gaus \u201eBasic\u201c versijos licencijas, lygias SIP numeri\u0173 skai\u010diui j\u0173 paskyroje. \u0160is procesas yra skirtas suma\u017einti galimus sunkumus, kartu u\u017etikrinant prieig\u0105 prie vis\u0173 galim\u0173 platformos funkcij\u0173.<\/p>\n<p data-sourcepos=\"26:1-26:42\">Turto savininkams per\u0117jimas bus paprastas:<\/p>\n<ol data-sourcepos=\"28:1-30:0\">\n<li data-sourcepos=\"28:1-28:76\">Nustatykite savo paskyr\u0105 ir prijunkite domofono \u012frenginius prie serverio.<\/li>\n<li data-sourcepos=\"29:1-30:0\">U\u017epildykite lentel\u0119 su gyventoj\u0173 informacija ir \u012fkelkite j\u0105 \u012f sistem\u0105.<\/li>\n<\/ol>\n<p data-sourcepos=\"31:1-31:140\">Sistema atliks visa kita: sukurs vartotoj\u0173 paskyras, i\u0161si\u0173s kvietimus, sukonfig\u016bruos domofono \u012frenginius ir suteiks prieig\u0105 prie platformos.<\/p>\n<p data-sourcepos=\"33:1-33:109\">Gyventojams tereik\u0117s u\u017ebaigti registracij\u0105 per kvietim\u0105 ir jie gal\u0117s i\u0161 karto prad\u0117ti naudotis nauja sistema.<\/p>\n<h2 data-sourcepos=\"35:1-35:22\">K\u0105 veiks platforma:<\/h2>\n<ul data-sourcepos=\"37:1-40:0\">\n<li data-sourcepos=\"37:1-37:93\">Automati\u0161kai susies vartotoj\u0173 paskyras su j\u0173 \u012frenginiais ir suteiks prieig\u0105 prie paslaugos.<\/li>\n<li data-sourcepos=\"38:1-38:92\">Sukonfig\u016bruos domofono integracij\u0105, \u012fskaitant telefon\u0173 knygos sinchronizavim\u0105, jei reikia.<\/li>\n<li data-sourcepos=\"39:1-40:0\">Apdoros duomenis ir i\u0161duos \u201eBasic\u201c versijos licencijas \u201eLink\u201c.<\/li>\n<\/ul>\n<p data-sourcepos=\"41:1-41:169\">Sud\u0117tingesniais atvejais, pvz., dirbant su senesniais \u012frenginiais ar rankiniu b\u016bdu perduodant duomenis, suk\u016br\u0117me \u012frankius, kurie pad\u0117s partneriams supaprastinti proces\u0105.<\/p>\n<h2 data-sourcepos=\"43:1-43:20\">Kokia nauda jums?<\/h2>\n<p data-sourcepos=\"45:1-45:89\">Kad per\u0117jimas b\u016bt\u0173 kuo naudingesnis, \u201eLink\u201c platforma si\u016blo plat\u0173 nauj\u0173 funkcij\u0173 spektr\u0105:<\/p>\n<p data-sourcepos=\"47:1-47:22\"><strong>Prieigos valdymas:<\/strong><\/p>\n<ul data-sourcepos=\"49:1-50:0\">\n<li data-sourcepos=\"49:1-50:0\">Visi\u0161kas pastato prieigos valdymas per mobili\u0105j\u0105 program\u0117l\u0119, \u012fskaitant nuotolin\u012f dur\u0173 atrakinim\u0105 ir sve\u010di\u0173 prieigos valdym\u0105.<\/li>\n<\/ul>\n<p data-sourcepos=\"51:1-51:36\"><strong>Patobulintos s\u0105veikos galimyb\u0117s:<\/strong><\/p>\n<ul data-sourcepos=\"53:1-54:0\">\n<li data-sourcepos=\"53:1-54:0\">Integracija su moderniais \u012frenginiais, tokiais kaip \u201eApple Watch\u201c ir \u201eSiri\u201c, \u0161eimos rengini\u0173 valdymas ir kambari\u0173 rezervavimas per platform\u0105.<\/li>\n<\/ul>\n<p data-sourcepos=\"55:1-55:32\"><strong>Registravimas ir steb\u0117jimas:<\/strong><\/p>\n<ul data-sourcepos=\"57:1-58:0\">\n<li data-sourcepos=\"57:1-58:0\">Per\u017ei\u016br\u0117kite skambu\u010di\u0173 istorij\u0105, prieigos \u017eurnalus ir valdykite tvarkara\u0161\u010dius bei apribojimus.<\/li>\n<\/ul>\n<p data-sourcepos=\"59:1-59:32\"><strong>Moduli\u0161kumas ir pritaikymas:<\/strong><\/p>\n<ul data-sourcepos=\"61:1-62:0\">\n<li data-sourcepos=\"61:1-62:0\">Kurkite erdves gyvenamosioms ir komercin\u0117ms patalpoms, konfig\u016bruokite lanks\u010dias skambu\u010di\u0173 peradresavimo taisykles ir valdykite telefon\u0173 katalogus.<\/li>\n<\/ul>\n<p data-sourcepos=\"63:1-63:38\"><strong>I\u0161pl\u0117stin\u0117s telefonijos funkcijos:<\/strong><\/p>\n<ul data-sourcepos=\"65:1-66:0\">\n<li data-sourcepos=\"65:1-66:0\">SIP linij\u0173, virtuali\u0173 numeri\u0173 ir programin\u0117s \u012frangos telefono funkcionalumo palaikymas skland\u017eiam bendravimui.<\/li>\n<\/ul>\n<p data-sourcepos=\"67:1-67:21\"><strong>Saugumo \u012frankiai:<\/strong><\/p>\n<ul data-sourcepos=\"69:1-70:0\">\n<li data-sourcepos=\"69:1-70:0\">Integracija su avarini\u0173 skambu\u010di\u0173 \u012frenginiais, lifto prieigos valdymas ir ribojam\u0173 zon\u0173 kontrol\u0117.<\/li>\n<\/ul>\n<h2 data-sourcepos=\"71:1-71:32\">Kaip informuosime vartotojus?<\/h2>\n<p data-sourcepos=\"73:1-73:71\">Pareng\u0117me prane\u0161im\u0173 serij\u0105, kuri pad\u0117s jums kiekviename per\u0117jimo etape:<\/p>\n<ul data-sourcepos=\"75:1-79:0\">\n<li data-sourcepos=\"75:1-75:176\"><strong>Informaciniai el. lai\u0161kai:<\/strong> gausite el. lai\u0161kus, kuriuose bus i\u0161samiai apra\u0161yti pakeitimai, per\u0117jimo tvarkara\u0161tis, \u201eLink\u201c prana\u0161umai ir nuoseklios migracijos instrukcijos.<\/li>\n<li data-sourcepos=\"76:1-76:111\"><strong>Registracijos kvietimai:<\/strong> po duomen\u0173 perk\u0117limo gausite kvietim\u0105 u\u017ebaigti registracij\u0105 naujoje platformoje.<\/li>\n<li data-sourcepos=\"77:1-77:131\"><strong>Priminimai:<\/strong> jei reikia, si\u0173sime priminimus, kad u\u017etikrintume, jog u\u017ebaigsite s\u0105rank\u0105 ir prad\u0117site naudoti \u201eLink\u201c be v\u0117lavim\u0173.<\/li>\n<li data-sourcepos=\"78:1-79:0\"><strong>Vartotoj\u0173 palaikymas:<\/strong> m\u016bs\u0173 komanda bus pasirengusi atsakyti \u012f j\u016bs\u0173 klausimus el. pa\u0161tu ir kitais palaikymo kanalais.<\/li>\n<\/ul>\n<h2 data-sourcepos=\"80:1-80:54\">Migracija i\u0161 \u201eIntercom\u201c \u012f \u201eLink\u201c: nuoseklus vadovas<\/h2>\n<p data-sourcepos=\"82:1-82:272\">Kad per\u0117jimas b\u016bt\u0173 sklandus, nuo vasario 20 d. iki 25 d. gausite kvietim\u0105 prisijungti prie naujo \u201eLink\u201c serverio. \u0160is kvietimas bus i\u0161si\u0173stas el. pa\u0161to adresu, kur\u012f naudojote registruodamiesi \u201eIntercom\u201c. Per \u0161\u012f laikotarp\u012f patikrinkite savo gautuosius (ir \u0161lam\u0161to aplank\u0105).<\/p>\n<h2 data-sourcepos=\"84:1-84:26\">Darbo prad\u017eia su \u201eLink\u201c<\/h2>\n<ol data-sourcepos=\"86:1-90:0\">\n<li data-sourcepos=\"86:1-86:109\"><strong>Priimkite kvietim\u0105:<\/strong> spustel\u0117kite kvietimo el. lai\u0161ke esan\u010di\u0105 nuorod\u0105, kad pasiektum\u0117te \u201eLink\u201c server\u012f.<\/li>\n<li data-sourcepos=\"87:1-87:92\"><strong>Sukurkite slapta\u017eod\u012f:<\/strong> b\u016bsite paraginti sukurti nauj\u0105 slapta\u017eod\u012f savo \u201eLink\u201c paskyrai.<\/li>\n<li data-sourcepos=\"88:1-88:144\"><strong>Prisijunkite:<\/strong> suk\u016br\u0119 slapta\u017eod\u012f, galite prisijungti prie \u201eLink\u201c serverio naudodami savo registruot\u0105 el. pa\u0161to adres\u0105 ir nauj\u0105 slapta\u017eod\u012f.<\/li>\n<li data-sourcepos=\"89:1-90:0\"><strong>Vadovaukit\u0117s s\u0105rankos instrukcijomis:<\/strong> prisijung\u0119 b\u016bsite nukreipti per s\u0105rankos proces\u0105. Instrukcijos skirsis priklausomai nuo j\u016bs\u0173 vartotojo tipo ir \u012frangos.<\/li>\n<\/ol>\n<h2 data-sourcepos=\"91:1-91:35\">Vartotojui b\u016bdingos instrukcijos<\/h2>\n<p data-sourcepos=\"93:1-93:109\">Kad migracijos procesas b\u016bt\u0173 kuo paprastesnis, pateik\u0117me i\u0161samias instrukcijas skirtingoms vartotoj\u0173 grup\u0117ms:<\/p>\n<p data-sourcepos=\"95:1-95:15\"><strong>Partneriai<\/strong><strong style=\"font-size: revert; color: initial;\">:<\/strong><\/p>\n<div id=\"model-response-message-contentr_7cc64dd4d44cdcb4\" class=\"markdown markdown-main-panel\" dir=\"ltr\">\n<ul>\n<li><a href=\"https:\/\/basip.atlassian.net\/wiki\/spaces\/migrationtothelink\/pages\/354812908\" target=\"_blank\" rel=\"noopener\">Naujos \u012frangos savininkai arba tie, kurie atsakingi u\u017e jos s\u0105rank\u0105<\/a><\/li>\n<li><a href=\"https:\/\/basip.atlassian.net\/wiki\/spaces\/migrationtothelink\/pages\/354713882\" target=\"_blank\" rel=\"noopener\">Senos \u012frangos savininkai (arba tie, kurie atsakingi u\u017e jos s\u0105rank\u0105), kurie negali prisijungti prie naujojo &#8222;Link&#8221; serverio<\/a><\/li>\n<li><a style=\"font-size: revert;\" href=\"https:\/\/basip.atlassian.net\/wiki\/spaces\/migrationtothelink\/pages\/354877460\" target=\"_blank\" rel=\"noopener\">Senos \u012frangos savininkai (arba tie, kurie atsakingi u\u017e jos s\u0105rank\u0105), kuri gali prisijungti prie naujojo &#8222;Link&#8221; serverio<\/a><\/li>\n<\/ul>\n<p><strong>Gyvenam\u0173j\u0173 kompleks\u0173 gyventojai arba privat\u016bs klientai:<\/strong><\/p>\n<ul>\n<li><a href=\"https:\/\/basip.atlassian.net\/wiki\/spaces\/migrationtothelink\/pages\/354713902\" target=\"_blank\" rel=\"noopener\">&#8222;Intercom&#8221; vartotojai, kurie neturi domofono, bet turi mobili\u0105j\u0105 program\u0117l\u0119<\/a><\/li>\n<li><a href=\"https:\/\/basip.atlassian.net\/wiki\/spaces\/migrationtothelink\/pages\/354713892\" target=\"_blank\" rel=\"noopener\">&#8222;Intercom&#8221; vartotojai, kurie turi ir domofon\u0105, ir mobili\u0105j\u0105 program\u0117l\u0119<\/a><\/li>\n<\/ul>\n<p data-sourcepos=\"5:3-5:217\">Raginame per\u017ei\u016br\u0117ti instrukcijas, kurios yra svarbios j\u016bs\u0173 vartotojo tipui ir \u012frangai. Jei turite koki\u0173 nors klausim\u0173 ar reikalingos pagalbos migracijos proceso metu, nedvejodami kreipkit\u0117s \u012f m\u016bs\u0173 palaikymo komand\u0105.<\/p>\n<p data-sourcepos=\"7:3-7:128\">Esame \u012fsitikin\u0119, kad jums patiks patobulinta bendravimo patirtis, kuri\u0105 suteikia &#8222;Link&#8221;. D\u0117kojame u\u017e j\u016bs\u0173 nuolatin\u012f palaikym\u0105!<\/p>\n<p data-sourcepos=\"9:3-9:25\">Sveiki atvyk\u0119 \u012f &#8222;Link&#8221;!<\/p>\n<\/div>\n\n<!-- START Block Sign Up --><section id=\"block_629678229e935\" class=\"sign-up-section\">\r\n\r\n    <div class=\"form-holder js-form\" data-aos=\"fade-right\">\r\n                    <div class=\"title-block h3\">Sign up for connection<\/div>\r\n        \r\n                    <div class=\"text-block\">\r\n                Filling out all the information needed to answer you as quickly as possible            <\/div>\r\n        \r\n                    \n<div class=\"wpcf7 no-js\" id=\"wpcf7-f102-o1\" lang=\"en-US\" dir=\"ltr\">\n<div class=\"screen-reader-response\"><p role=\"status\" aria-live=\"polite\" aria-atomic=\"true\"><\/p> <ul><\/ul><\/div>\n<form action=\"\/lt\/wp-json\/wp\/v2\/pages\/131231#wpcf7-f102-o1\" method=\"post\" class=\"wpcf7-form init\" aria-label=\"Contact form\" enctype=\"multipart\/form-data\" novalidate=\"novalidate\" data-status=\"init\">\n<div style=\"display: none;\">\n<input type=\"hidden\" name=\"_wpcf7\" value=\"102\" \/>\n<input type=\"hidden\" name=\"_wpcf7_version\" value=\"5.8.3\" \/>\n<input type=\"hidden\" name=\"_wpcf7_locale\" value=\"en_US\" \/>\n<input type=\"hidden\" name=\"_wpcf7_unit_tag\" value=\"wpcf7-f102-o1\" \/>\n<input type=\"hidden\" name=\"_wpcf7_container_post\" value=\"0\" \/>\n<input type=\"hidden\" name=\"_wpcf7_posted_data_hash\" value=\"\" \/>\n<input type=\"hidden\" name=\"_wpcf7_recaptcha_response\" value=\"\" \/>\n<\/div>\n<div class=\"row\"> \n <label><span class=\"label-text\">Name<\/span> \n  <span class=\"wpcf7-form-control-wrap\" data-name=\"text-full-name\"><input size=\"40\" class=\"wpcf7-form-control wpcf7-text wpcf7-validates-as-required\" aria-required=\"true\" aria-invalid=\"false\" placeholder=\"Name\" value=\"\" type=\"text\" name=\"text-full-name\" \/><\/span><\/label> \n<\/div> \n<div class=\"row\"> \n <label><span class=\"label-text\">Phone*<\/span> \n<span class=\"wpcf7-form-control-wrap\" data-name=\"phonetext-270\"><input size=\"40\" class=\"wpcf7-form-control wpcf7-phonetext wpcf7-validates-as-required wpcf7-text wpcf7-validates-as-phonetext\" aria-required=\"true\" aria-invalid=\"false\" placeholder=\"Phone*\" value=\"\" type=\"text\" name=\"phonetext-270\" \/><input type=\"hidden\" name=\"phonetext-270-country-code\" class=\"wpcf7-phonetext-country-code\" \/><\/span><\/label> \n<\/div> \n<div class=\"row\"> \n <label><span class=\"label-text\">E-mail<\/span> \n  <span class=\"wpcf7-form-control-wrap\" data-name=\"email-e-mail\"><input size=\"40\" class=\"wpcf7-form-control wpcf7-email wpcf7-validates-as-required wpcf7-text wpcf7-validates-as-email\" aria-required=\"true\" aria-invalid=\"false\" placeholder=\"E-mail\" value=\"\" type=\"email\" name=\"email-e-mail\" \/><\/span><\/label> \n<\/div> \n<div class=\"row\"><span>Your country<\/span> \n <label><span class=\"wpcf7-form-control-wrap\" data-name=\"countrytext-126\"><input size=\"40\" class=\"wpcf7-form-control wpcf7-countrytext wpcf7-text wpcf7-validates-as-countrytext\" aria-invalid=\"false\" value=\"\" type=\"text\" name=\"countrytext-126\" \/><\/span> <\/label>\n<\/div> \n<div class=\"row\"> \n <button type=\"submit\" class=\"btn\">Send<\/button> \n<\/div> \n<div class=\"row\"> \n <span class=\"wpcf7-form-control-wrap\" data-name=\"checkbox-931\"><span class=\"wpcf7-form-control wpcf7-checkbox\"><span class=\"wpcf7-list-item first\"><label><input type=\"checkbox\" name=\"checkbox-931[]\" value=\"Integrator\" \/><span class=\"wpcf7-list-item-label\">Integrator<\/span><\/label><\/span><span class=\"wpcf7-list-item\"><label><input type=\"checkbox\" name=\"checkbox-931[]\" value=\"Builder\" \/><span class=\"wpcf7-list-item-label\">Builder<\/span><\/label><\/span><span class=\"wpcf7-list-item last\"><label><input type=\"checkbox\" name=\"checkbox-931[]\" value=\"End-User\" \/><span class=\"wpcf7-list-item-label\">End-User<\/span><\/label><\/span><\/span><\/span> \n<\/div> \n<div class=\"row row-upload-file\"> \n <label class=\"upload-file-block js-upload-file\">Attach file \n  <span class=\"wpcf7-form-control-wrap\" data-name=\"file-466\"><input size=\"40\" class=\"wpcf7-form-control wpcf7-file\" accept=\"audio\/*,video\/*,image\/*\" aria-invalid=\"false\" type=\"file\" name=\"file-466\" \/><\/span><\/label> \n<\/div><input type='hidden' class='wpcf7-pum' value='{\"closepopup\":false,\"closedelay\":0,\"openpopup\":false,\"openpopup_id\":0}' \/><div class=\"wpcf7-response-output\" aria-hidden=\"true\"><\/div>\n<\/form>\n<\/div>\n            <\/div>\r\n\r\n\t\t    <div class=\"text-holder\" data-aos=\"fade-left\">\r\n\t\t\t\t\t\t    <h3 class=\"title-block\">How Can We Help?<\/h3>\r\n\t\t\t\r\n\t\t\t                <div class=\"text-block\">\r\n                    Please select a topic below related to your inquiry. If you don&#8217;t find what you need, fill out our contact form.                <\/div>\r\n\t\t\t\r\n\t\t\t\t\t\t    <ul class=\"link-list\">\r\n\t\t\t\t\t\t\t\t\t\t\t\t\t\t\t\t\t\t<li>\r\n\t\t\t\t\t\t\t\t\t\t\t\t\t\t\t\t    <strong>Get Inspired<\/strong>\r\n\t\t\t\t\t\t\t\t\t\t\t\t\t\t\t\t\t\t\t\t\t\t\t\t    <a href=\"\/features\/\">\r\n\t\t\t\t\t\t\t\t        Discover what&#8217;s beneath our intercom\t\t\t\t\t\t\t\t    <\/a>\r\n\t\t\t\t\t\t\t\t\t\t\t\t\t\t\t<\/li>\r\n\t\t\t\t\t\t\t\t\t\t\t\t\t\t\t\t\t\t\t\t\t\t\t\t<li>\r\n\t\t\t\t\t\t\t\t\t\t\t\t\t\t\t\t    <strong>Become a Partner<\/strong>\r\n\t\t\t\t\t\t\t\t\t\t\t\t\t\t\t\t\t\t\t\t\t\t\t\t    <a href=\"\/distributors\/\">\r\n\t\t\t\t\t\t\t\t        Expand your business with BAS-IP intercom\t\t\t\t\t\t\t\t    <\/a>\r\n\t\t\t\t\t\t\t\t\t\t\t\t\t\t\t<\/li>\r\n\t\t\t\t\t\t\t\t\t\t\t\t\t\t\t\t\t\t\t\t\t\t\t\t<li>\r\n\t\t\t\t\t\t\t\t\t\t\t\t\t\t\t\t    <strong>Check the Guides<\/strong>\r\n\t\t\t\t\t\t\t\t\t\t\t\t\t\t\t\t\t\t\t\t\t\t\t\t    <a href=\"\/support\/\">\r\n\t\t\t\t\t\t\t\t        Download detailed manuals and schemes\t\t\t\t\t\t\t\t    <\/a>\r\n\t\t\t\t\t\t\t\t\t\t\t\t\t\t\t<\/li>\r\n\t\t\t\t\t\t\t\t\t\t\t\t\t\t\t<\/ul>\r\n\t\t\t\r\n\t\t\t\t\t\t    <h3 class=\"title-block\">Our contacts<\/h3>\r\n\t\t\t\r\n\t\t\t\t\t\t\t<ul class=\"contact-list\">\r\n\t\t\t\t\t\t\t\t\t\t\t\t\t\t\t\t\t\t<li>\r\n\t\t\t\t\t\t\t\t\t\t\t\t\t\t\t\t\t<strong>Sales:<\/strong>\r\n\t\t\t\t\t\t\t\t\t\t\t\t\t\t\t\t\t\t\t\t\t\t\t\t    <a href=\"mailto:sa&#108;&#101;s&#64;b&#97;s&#45;i&#112;&#46;&#99;o&#109;\">s&#97;les&#64;&#98;&#97;&#115;&#45;ip.&#99;&#111;m<\/a>\r\n\t\t\t\t\t\t\t\t\t\t\t\t\t\t\t<\/li>\r\n\t\t\t\t\t\t\t\t\t\t\t\t\t\t\t\t\t\t\t\t\t\t\t\t<li>\r\n\t\t\t\t\t\t\t\t\t\t\t\t\t\t\t\t\t<strong>Technical support:<\/strong>\r\n\t\t\t\t\t\t\t\t\t\t\t\t\t\t\t\t\t\t\t\t\t\t\t\t    <a href=\"mailto:s&#117;&#112;&#112;o&#114;&#116;&#64;bas&#45;ip.com\">&#115;up&#112;&#111;rt&#64;bas-&#105;p.com<\/a>\r\n\t\t\t\t\t\t\t\t\t\t\t\t\t\t\t<\/li>\r\n\t\t\t\t\t\t\t\t\t\t\t\t\t\t\t<\/ul>\r\n\t\t\t\t\t<\/div>\r\n\t<\/section>\r\n\r\n\r\n\r\n<!-- END Block Sign Up -->","protected":false},"excerpt":{"rendered":"<p>\u201eIntercom\u201c persikelia \u012f \u201eLink\u201c: k\u0105 tai rei\u0161kia jums? Nuo 2025 m. kovo 4 d. \u201eIntercom\u201c programa, skirta \u201eAndroid\u201c, nebebus pasiekiama \u201eGoogle Play\u201c parduotuv\u0117je. Ta\u010diau \u017einiatinklio versija ir \u201eiOS\u201c programa veiks be joki\u0173 pakeitim\u0173, o \u201eIntercom\u201c serveriai liks aktyv\u016bs, kad b\u016bt\u0173 u\u017etikrintas stabilumas ir prieiga prie j\u016bs\u0173 duomen\u0173, kol serverio palaikymas bus nutrauktas. Kvie\u010diame pereiti prie [&hellip;]<\/p>","protected":false},"author":1,"featured_media":0,"parent":0,"menu_order":0,"comment_status":"closed","ping_status":"closed","template":"","meta":{"inline_featured_image":false,"footnotes":""},"class_list":["post-131231","page","type-page","status-publish","hentry"],"acf":[],"_links":{"self":[{"href":"https:\/\/bas-ip.com\/lt\/wp-json\/wp\/v2\/pages\/131231","targetHints":{"allow":["GET"]}}],"collection":[{"href":"https:\/\/bas-ip.com\/lt\/wp-json\/wp\/v2\/pages"}],"about":[{"href":"https:\/\/bas-ip.com\/lt\/wp-json\/wp\/v2\/types\/page"}],"author":[{"embeddable":true,"href":"https:\/\/bas-ip.com\/lt\/wp-json\/wp\/v2\/users\/1"}],"replies":[{"embeddable":true,"href":"https:\/\/bas-ip.com\/lt\/wp-json\/wp\/v2\/comments?post=131231"}],"version-history":[{"count":2,"href":"https:\/\/bas-ip.com\/lt\/wp-json\/wp\/v2\/pages\/131231\/revisions"}],"predecessor-version":[{"id":131526,"href":"https:\/\/bas-ip.com\/lt\/wp-json\/wp\/v2\/pages\/131231\/revisions\/131526"}],"wp:attachment":[{"href":"https:\/\/bas-ip.com\/lt\/wp-json\/wp\/v2\/media?parent=131231"}],"curies":[{"name":"wp","href":"https:\/\/api.w.org\/{rel}","templated":true}]}}