{"id":123072,"date":"2023-03-31T12:50:05","date_gmt":"2023-03-31T12:50:05","guid":{"rendered":"https:\/\/bas-ip.com\/?page_id=123072"},"modified":"2025-03-14T10:06:50","modified_gmt":"2025-03-14T10:06:50","slug":"liftas-liftas","status":"publish","type":"page","link":"https:\/\/bas-ip.com\/lt\/liftas\/","title":{"rendered":"Liftas"},"content":{"rendered":"<h1 class=\"wp-block-heading\"><strong>IP technologija pagr\u012fstas lifto domofonas<\/strong><\/h1>\n\n\n\n<p>Nuolatini\u0173 ry\u0161i\u0173 pasaulyje bendravimas tapo itin svarbus. Tai ypa\u010d aktualu aplinkoje, kurioje labai svarbu u\u017etikrinti saugum\u0105 ir prieinamum\u0105, pvz., liftuose. Lift\u0173 vidinio ry\u0161io sistema atlieka svarb\u0173 vaidmen\u012f u\u017etikrinant keleivi\u0173 gerov\u0119 ir vis da\u017eniau laikoma privaloma funkcija. Panagrin\u0117kime BAS-IP IP pagrindu veikian\u010di\u0173 lifto domofon\u0173 sistem\u0173 privalumus ir tai, kaip jos kei\u010dia lifto patirt\u012f.<\/p>\n\n\n<!-- START Block Features --><section id=\"block_6437d003aff43\" class=\"features-section\">\r\n\t\r\n    <div class=\"features-list\">\r\n                    <div class=\"features-item\" data-aos=\"fade-up\">\r\n    <div class=\"features-box\">\r\n                    <div class=\"image-holder\">\r\n                <img loading=\"lazy\" decoding=\"async\" width=\"350\" height=\"320\" src=\"https:\/\/bas-ip.com\/wp-content\/uploads\/2023\/04\/1-6-350x320.jpg\" class=\"attachment-thumbnail_350x320 size-thumbnail_350x320\" alt=\"\" \/>            <\/div>\r\n        \r\n        <div class=\"text-holder\">\r\n                        <h3 class=\"title-block\">Intercom\u0173 poreikis liftuose<\/h3>\r\n          \r\n                        <div class=\"text-block\">\r\n                <p>Lift\u0173 domofonai yra gelb\u0117jimosi ratas keleiviams nelaim\u0117s ar technini\u0173 problem\u0173 atvejais. Jie u\u017etikrina tiesiogin\u012f ry\u0161\u012f su pastato administracija arba avarin\u0117mis tarnybomis, tod\u0117l prireikus galima greitai suteikti pagalb\u0105. Patikima ir veiksminga lifto domofono sistema yra labai svarbi siekiant i\u0161laikyti saugos standartus ir nuraminti keleivius.<\/p>\n              <\/div>\r\n                  <\/div>\r\n    <\/div>\r\n<\/div>\r\n                    <div class=\"features-item\" data-aos=\"fade-up\">\r\n    <div class=\"features-box\">\r\n                    <div class=\"image-holder\">\r\n                <img loading=\"lazy\" decoding=\"async\" width=\"350\" height=\"320\" src=\"https:\/\/bas-ip.com\/wp-content\/uploads\/2023\/04\/2-6-350x320.jpg\" class=\"attachment-thumbnail_350x320 size-thumbnail_350x320\" alt=\"\" \/>            <\/div>\r\n        \r\n        <div class=\"text-holder\">\r\n                        <h3 class=\"title-block\">IP pagr\u012fsti domofonai: \u017eingsnis auk\u0161\u010diau tradicini\u0173 sistem\u0173<\/h3>\r\n          \r\n                        <div class=\"text-block\">\r\n                <p>Tradicin\u0117s analogin\u0117s domofono sistemos daugel\u012f met\u0173 buvo standartas. Ta\u010diau atsiradus IP sprendimams, kuriuose naudojamas interneto protokolas (IP) ir sesijos inicijavimo protokolas (SIP), pasikeit\u0117 bendravimo liftuose paradigma.<\/p>\n              <\/div>\r\n                  <\/div>\r\n    <\/div>\r\n<\/div>\r\n                    <div class=\"features-item\" data-aos=\"fade-up\">\r\n    <div class=\"features-box\">\r\n                    <div class=\"image-holder\">\r\n                <img loading=\"lazy\" decoding=\"async\" width=\"350\" height=\"320\" src=\"https:\/\/bas-ip.com\/wp-content\/uploads\/2023\/04\/3-6-350x320.jpg\" class=\"attachment-thumbnail_350x320 size-thumbnail_350x320\" alt=\"\" \/>            <\/div>\r\n        \r\n        <div class=\"text-holder\">\r\n                        <h3 class=\"title-block\">Partneryst\u0117 su pasauliniais lift\u0173 gamintojais<\/h3>\r\n          \r\n                        <div class=\"text-block\">\r\n                <p>&#8222;BAS-IP&#8221; u\u017emezg\u0117 partneryst\u0119 su pirmaujan\u010diais lift\u0173 gamintojais, tokiais kaip &#8222;Kone&#8221;, kad u\u017etikrint\u0173 skland\u017ei\u0105 integracij\u0105 su j\u0173 gaminiais. \u0160is bendradarbiavimas leid\u017eia visi\u0161kai valdyti &#8222;Kone&#8221; liftus i\u0161 butuose \u012frengt\u0173 BAS-IP domofon\u0173, taip sukuriant vientis\u0105 ir supaprastint\u0105 naudotojo patirt\u012f.<\/p>\n              <\/div>\r\n                  <\/div>\r\n    <\/div>\r\n<\/div>\r\n            <\/div>\r\n<\/section>\r\n<!-- END Block Features -->\n\n\n<h2 class=\"wp-block-heading\"><strong>BAS-IP lifto domofon\u0173 privalumai<\/strong><\/h2>\n\n\n\n<p>Palyginti su tradicin\u0117mis analogin\u0117mis sistemomis, IP pagrindu veikiantys lifto domofonai, pavyzd\u017eiui, BAS-IP sprendimas, turi kelet\u0105 privalum\u0173:<\/p>\n\n\n<!-- START Block Features --><section id=\"block_6437d09daff47\" class=\"features-section\">\r\n\t\r\n    <div class=\"features-list\">\r\n                    <div class=\"features-item\" data-aos=\"fade-up\">\r\n    <div class=\"features-box\">\r\n                    <div class=\"image-holder\">\r\n                <img loading=\"lazy\" decoding=\"async\" width=\"350\" height=\"320\" src=\"https:\/\/bas-ip.com\/wp-content\/uploads\/2023\/04\/4-6-350x320.jpg\" class=\"attachment-thumbnail_350x320 size-thumbnail_350x320\" alt=\"\" \/>            <\/div>\r\n        \r\n        <div class=\"text-holder\">\r\n                        <h3 class=\"title-block\">Patobulinta garso ir vaizdo kokyb\u0117<\/h3>\r\n          \r\n                        <div class=\"text-block\">\r\n                <p>BAS-IP domofonai turi \u012fmontuotas kameras, tod\u0117l pastato vadovyb\u0117 ir apsaugos darbuotojai gali steb\u0117ti lifto veikl\u0105 realiuoju laiku. \u0160i funkcija ne tik padidina bendr\u0105 pastato saugum\u0105, bet ir atgraso potencialius pa\u017eeid\u0117jus.<\/p>\n              <\/div>\r\n                  <\/div>\r\n    <\/div>\r\n<\/div>\r\n                    <div class=\"features-item\" data-aos=\"fade-up\">\r\n    <div class=\"features-box\">\r\n                    <div class=\"image-holder\">\r\n                <img loading=\"lazy\" decoding=\"async\" width=\"350\" height=\"320\" src=\"https:\/\/bas-ip.com\/wp-content\/uploads\/2023\/04\/5-6-350x320.jpg\" class=\"attachment-thumbnail_350x320 size-thumbnail_350x320\" alt=\"\" \/>            <\/div>\r\n        \r\n        <div class=\"text-holder\">\r\n                        <h3 class=\"title-block\">Neribotas \u012frengini\u0173 ir konsjer\u017eo terminalo palaikymas<\/h3>\r\n          \r\n                        <div class=\"text-block\">\r\n                <p>BAS-IP sprendimas palaiko neribot\u0105 prietais\u0173 skai\u010di\u0173 tinkle, \u012fskaitant galimyb\u0119 integruoti konsjer\u017eo terminal\u0105. Toks mastelio keitimas u\u017etikrina, kad sistema gali augti kartu su pastatu ir prisitaikyti prie bet koki\u0173 reikalavim\u0173 poky\u010di\u0173, nesuma\u017eindama na\u0161umo ar patikimumo.<\/p>\n              <\/div>\r\n                  <\/div>\r\n    <\/div>\r\n<\/div>\r\n                    <div class=\"features-item\" data-aos=\"fade-up\">\r\n    <div class=\"features-box\">\r\n                    <div class=\"image-holder\">\r\n                <img loading=\"lazy\" decoding=\"async\" width=\"350\" height=\"320\" src=\"https:\/\/bas-ip.com\/wp-content\/uploads\/2023\/04\/6-5-350x320.jpg\" class=\"attachment-thumbnail_350x320 size-thumbnail_350x320\" alt=\"\" \/>            <\/div>\r\n        \r\n        <div class=\"text-holder\">\r\n                        <h3 class=\"title-block\">Lengvesnis montavimas ir prie\u017ei\u016bra<\/h3>\r\n          \r\n                        <div class=\"text-block\">\r\n                <p>IP lifto domofonai naudoja esam\u0105 tinklo infrastrukt\u016br\u0105, tod\u0117l juos \u012frengti ir pri\u017ei\u016br\u0117ti yra papras\u010diau ir ekonomi\u0161kiau.<\/p>\n<p>\u0160iandieniniame vis labiau susietame pasaulyje ne\u012fmanoma pervertinti efektyvaus ir patikimo ry\u0161io liftuose poreikio. IP pagrindu veikian\u010dios lifto domofono sistemos, tokios kaip BAS-IP sprendimas, tapo auksiniu standartu \u0161ioje srityje ir turi daug privalum\u0173, palyginti su tradicin\u0117mis analogin\u0117mis sistemomis. Nuo geresn\u0117s garso ir vaizdo kokyb\u0117s iki skland\u017eios integracijos su kitomis pastato valdymo sistemomis &#8211; IP domofonai kei\u010dia lifto patirt\u012f \u012f ger\u0105j\u0105 pus\u0119. Tod\u0117l pastat\u0173 savininkai, valdytojai ir gyventojai gali d\u017eiaugtis didesniu saugumu, patogumu ir ramybe.<\/p>\n              <\/div>\r\n                  <\/div>\r\n    <\/div>\r\n<\/div>\r\n            <\/div>\r\n<\/section>\r\n<!-- END Block Features -->\n\n<!-- START Block FAQ --><section id=\"block_6426d69cbc4a0\" class=\"faq-section\">\r\n\t\t    <h2 class=\"title-section\" data-aos=\"fade-right\">Da\u017enai u\u017eduodami klausimai<\/h2>\r\n\t\t\t    <div class=\"faq-list js-accordion\" data-aos=\"fade-up\">\r\n\t\t\t\t\t\t\t\t\t\t\t    <div class=\"accordion-item faq-item\">\r\n                        <div class=\"accordion-opener\">\r\n                            Q: Kod\u0117l lifto domofonai laikomi privalomais?                            <i class=\"fa-solid fa-chevron-down\"><\/i>\r\n                        <\/div>\r\n                        <div class=\"accordion-slide\">\r\n\t\t\t\t\t\t    <p>Lift\u0173 domofonai laikomi privalomais, nes jie u\u017etikrina tiesiogin\u012f ry\u0161\u012f tarp keleivi\u0173 ir pastato administracijos ar avarini\u0173 tarnyb\u0173, taip u\u017etikrinant savalaik\u0119 pagalb\u0105 avarini\u0173 situacij\u0173 ar technini\u0173 problem\u0173 atvejais.<\/p>\n                        <\/div>\r\n\t\t\t\t\t<\/div>\r\n\t\t\t\t\t\t\t\t\t\t\t\t\t\t\t    <div class=\"accordion-item faq-item\">\r\n                        <div class=\"accordion-opener\">\r\n                            Q: Kuo IP pagr\u012fstos lifto domofonai prana\u0161esni u\u017e tradicines analogines sistemas?                            <i class=\"fa-solid fa-chevron-down\"><\/i>\r\n                        <\/div>\r\n                        <div class=\"accordion-slide\">\r\n\t\t\t\t\t\t    <p>IP pagrindu veikiantys lifto domofonai, pavyzd\u017eiui, BAS-IP sprendimas, turi kelet\u0105 privalum\u0173, palyginti su tradicin\u0117mis analogin\u0117mis sistemomis, \u012fskaitant geresn\u0119 garso ir vaizdo kokyb\u0119, mastelio keitim\u0105, paprastesn\u012f \u012frengim\u0105 ir prie\u017ei\u016br\u0105, integruotas kamer\u0173 funkcijas ir skland\u017ei\u0105 integracij\u0105 su kitomis IP pagrindu veikian\u010diomis sistemomis.<\/p>\n                        <\/div>\r\n\t\t\t\t\t<\/div>\r\n\t\t\t\t\t\t\t\t\t\t\t\t\t\t\t    <div class=\"accordion-item faq-item\">\r\n                        <div class=\"accordion-opener\">\r\n                            Q: Kaip IP domofonuose integruotos kameros funkcija pagerina lifto saugum\u0105?                            <i class=\"fa-solid fa-chevron-down\"><\/i>\r\n                        <\/div>\r\n                        <div class=\"accordion-slide\">\r\n\t\t\t\t\t\t    <p>IP domofonuose \u012fmontuotos kameros funkcija leid\u017eia pastato valdytojams ir apsaugos darbuotojams realiuoju laiku steb\u0117ti lifto veikl\u0105. \u0160is papildomas saugumo lygmuo gali atgrasyti potencialius pa\u017eeid\u0117jus ir suteikti vaizdini\u0173 \u012frodym\u0173 \u012fvykus bet kokiam incidentui.<\/p>\n                        <\/div>\r\n\t\t\t\t\t<\/div>\r\n\t\t\t\t\t\t\t\t\t\t\t\t\t\t\t    <div class=\"accordion-item faq-item\">\r\n                        <div class=\"accordion-opener\">\r\n                            Q: Ar IP pagr\u012fstos lifto domofonai gali veikti su kitomis pastato valdymo sistemomis?                            <i class=\"fa-solid fa-chevron-down\"><\/i>\r\n                        <\/div>\r\n                        <div class=\"accordion-slide\">\r\n\t\t\t\t\t\t    <p>Taip, IP pagrindu veikiantys lifto domofonai yra suprojektuoti taip, kad juos b\u016bt\u0173 galima skland\u017eiai integruoti su kitomis IP pagrindu veikian\u010diomis pastat\u0173 valdymo sistemomis. Tai padeda sukurti labiau susiet\u0105 ir efektyvesn\u0119 pastato valdymo ekosistem\u0105, padidinan\u010di\u0105 bendr\u0105 saugum\u0105 ir patogum\u0105.<\/p>\n                        <\/div>\r\n\t\t\t\t\t<\/div>\r\n\t\t\t\t\t\t\t\t\t\t\t\t\t\t\t    <div class=\"accordion-item faq-item\">\r\n                        <div class=\"accordion-opener\">\r\n                            Q: Kuo BAS-IP ir lift\u0173 gamintoj\u0173, toki\u0173 kaip Kone, partneryst\u0117 naudinga vartotojams?                            <i class=\"fa-solid fa-chevron-down\"><\/i>\r\n                        <\/div>\r\n                        <div class=\"accordion-slide\">\r\n\t\t\t\t\t\t    <p>BAS-IP ir toki\u0173 lift\u0173 gamintoj\u0173 kaip &#8222;Kone&#8221; partneryst\u0117 leid\u017eia skland\u017eiai integruoti j\u0173 produktus. \u0160is bendradarbiavimas leid\u017eia visi\u0161kai valdyti &#8222;Kone&#8221; liftus i\u0161 butuose \u012frengt\u0173 &#8222;BAS-IP&#8221; domofon\u0173, u\u017etikrinant vientis\u0105 ir supaprastint\u0105 naudotojo patirt\u012f.<\/p>\n                        <\/div>\r\n\t\t\t\t\t<\/div>\r\n\t\t\t\t\t\t\t\t\t<\/div>\r\n\t<\/section>\r\n<!-- END Block FAQ -->","protected":false},"excerpt":{"rendered":"<p>IP technologija pagr\u012fstas lifto domofonas Nuolatini\u0173 ry\u0161i\u0173 pasaulyje bendravimas tapo itin svarbus. Tai ypa\u010d aktualu aplinkoje, kurioje labai svarbu u\u017etikrinti saugum\u0105 ir prieinamum\u0105, pvz., liftuose. Lift\u0173 vidinio ry\u0161io sistema atlieka svarb\u0173 vaidmen\u012f u\u017etikrinant keleivi\u0173 gerov\u0119 ir vis da\u017eniau laikoma privaloma funkcija. Panagrin\u0117kime BAS-IP IP pagrindu veikian\u010di\u0173 lifto domofon\u0173 sistem\u0173 privalumus ir tai, kaip jos kei\u010dia [&hellip;]<\/p>","protected":false},"author":3,"featured_media":0,"parent":0,"menu_order":0,"comment_status":"closed","ping_status":"closed","template":"","meta":{"inline_featured_image":false,"footnotes":""},"class_list":["post-123072","page","type-page","status-publish","hentry"],"acf":[],"_links":{"self":[{"href":"https:\/\/bas-ip.com\/lt\/wp-json\/wp\/v2\/pages\/123072","targetHints":{"allow":["GET"]}}],"collection":[{"href":"https:\/\/bas-ip.com\/lt\/wp-json\/wp\/v2\/pages"}],"about":[{"href":"https:\/\/bas-ip.com\/lt\/wp-json\/wp\/v2\/types\/page"}],"author":[{"embeddable":true,"href":"https:\/\/bas-ip.com\/lt\/wp-json\/wp\/v2\/users\/3"}],"replies":[{"embeddable":true,"href":"https:\/\/bas-ip.com\/lt\/wp-json\/wp\/v2\/comments?post=123072"}],"version-history":[{"count":3,"href":"https:\/\/bas-ip.com\/lt\/wp-json\/wp\/v2\/pages\/123072\/revisions"}],"predecessor-version":[{"id":133682,"href":"https:\/\/bas-ip.com\/lt\/wp-json\/wp\/v2\/pages\/123072\/revisions\/133682"}],"wp:attachment":[{"href":"https:\/\/bas-ip.com\/lt\/wp-json\/wp\/v2\/media?parent=123072"}],"curies":[{"name":"wp","href":"https:\/\/api.w.org\/{rel}","templated":true}]}}