{"id":122886,"date":"2023-03-24T09:51:10","date_gmt":"2023-03-24T09:51:10","guid":{"rendered":"https:\/\/bas-ip.com\/?page_id=122886"},"modified":"2024-11-22T13:34:27","modified_gmt":"2024-11-22T13:34:27","slug":"axxonsoft","status":"publish","type":"page","link":"https:\/\/bas-ip.com\/lt\/axxonsoft\/","title":{"rendered":"AxxonSoft"},"content":{"rendered":"<p><\/p>\n\n\n<div class=\"wp-block-image\">\n<figure class=\"aligncenter size-full\"><img loading=\"lazy\" decoding=\"async\" width=\"682\" height=\"219\" src=\"https:\/\/bas-ip.com\/wp-content\/uploads\/2023\/03\/AxxonSoft.png\" alt=\"\" class=\"wp-image-63599\" srcset=\"https:\/\/bas-ip.com\/wp-content\/uploads\/2023\/03\/AxxonSoft.png 682w,  https:\/\/bas-ip.com\/wp-content\/uploads\/2023\/03\/AxxonSoft-300x96.png 300w\" sizes=\"auto, (max-width: 682px) 100vw, 682px\" \/><\/figure>\n<\/div>\n\n<!-- START Block Integrations Text & Image --><section id=\"block_641d7ab5f70cf\" class=\"integrations-text-image-section\">\r\n\t\t<div class=\"image-holder\" data-aos=\"fade-left\">\r\n\t\t<img loading=\"lazy\" decoding=\"async\" width=\"900\" height=\"506\" src=\"https:\/\/bas-ip.com\/wp-content\/uploads\/2023\/03\/p_img_s_p2-1024x576.jpg\" class=\"attachment-large size-large\" alt=\"\" srcset=\"https:\/\/bas-ip.com\/wp-content\/uploads\/2023\/03\/p_img_s_p2-1024x576.jpg 1024w,  https:\/\/bas-ip.com\/wp-content\/uploads\/2023\/03\/p_img_s_p2-300x169.jpg 300w,  https:\/\/bas-ip.com\/wp-content\/uploads\/2023\/03\/p_img_s_p2-768x432.jpg 768w,  https:\/\/bas-ip.com\/wp-content\/uploads\/2023\/03\/p_img_s_p2-1536x864.jpg 1536w,  https:\/\/bas-ip.com\/wp-content\/uploads\/2023\/03\/p_img_s_p2-767x431.jpg 767w,  https:\/\/bas-ip.com\/wp-content\/uploads\/2023\/03\/p_img_s_p2-1534x863.jpg 1534w,  https:\/\/bas-ip.com\/wp-content\/uploads\/2023\/03\/p_img_s_p2.jpg 1833w\" sizes=\"auto, (max-width: 900px) 100vw, 900px\" \/>\t<\/div>\r\n\t\r\n\t<div class=\"text-holder\" data-aos=\"fade-right\">\r\n\t\t\t\t\t\t<div class=\"text-block\">\r\n\t\t\t<h1>Saugumo ir inovacij\u0173 sintez\u0117: BAS-IP domofonai ir &#8222;AxxonSoft<\/h1>\n<p>\u012esivaizduokite tai: vientisa pa\u017eangiausi\u0173 ry\u0161i\u0173 technologij\u0173 ir moderniausios saugumo programin\u0117s \u012frangos integracija. B\u016btent tai pasiek\u0117me novatori\u0161kai bendradarbiaudami su BAS-IP, pa\u017eangi\u0173 domofon\u0173 sprendim\u0173 pradininkais, ir &#8222;AxxonSoft&#8221;, vaizdo valdymo ir fizin\u0117s apsaugos informacijos valdymo programin\u0117s \u012frangos avangarde.<\/p>\n<p>I\u0161samesn\u0117s informacijos rasite m\u016bs\u0173 <a href=\"https:\/\/basip.atlassian.net\/wiki\/spaces\/Integrations\/pages\/5046901\/Integration+with+Axxonsoft+Intelect+software\" target=\"_blank\" rel=\"noopener\"><strong>WIKI<\/strong><\/a>.<\/p>\n<h2>Patirkite prieigos kontrol\u0117s ir saugumo ateit\u012f<\/h2>\n<p>Pra\u0117jo laikai, kai reik\u0117jo pasikliauti skirtingomis ry\u0161io ir steb\u0117jimo sistemomis. Sujung\u0119 BAS-IP domofonus su auk\u0161\u010diausio lygio &#8222;AxxonSoft&#8221; programine \u012franga, suk\u016br\u0117me geriausi\u0105 apsaugos sprendim\u0105, suteikiant\u012f neprilygstam\u0105 prieigos kontrol\u0119 ir vizualin\u0119 steb\u0117sen\u0105. Rezultatas? Saugesn\u0117, i\u0161manesn\u0117 ir efektyvesn\u0117 aplinka j\u016bs\u0173 gyvenamajame, komerciniame ar pramoniniame objekte.<\/p>\n<h2>I\u0161laisvinkite naujos kartos integracijos gali\u0105<\/h2>\n<p>\u0160i\u0173 dviej\u0173 pramon\u0117s lyderi\u0173 sinergija atveria daugyb\u0119 funkcij\u0173, kurios pakeis j\u016bs\u0173 saugum\u0105:<\/p>\n<h3>Realaus laiko vaizdo \u012fra\u0161\u0173 kanalas<\/h3>\n<p>Steb\u0117kite savo nuosavyb\u0119 naudodami kri\u0161tolo skaidrumo vaizdo \u012fra\u0161us i\u0161 BAS-IP domofon\u0173, skland\u017eiai integruot\u0173 su &#8222;AxxonSoft&#8221; vaizdo valdymo platforma.<\/p>\n<h3>I\u0161pl\u0117stin\u0117 prieigos kontrol\u0117<\/h3>\n<p>Patobulinkite prieigos kontrol\u0117s strategij\u0105 naudodami pa\u017eangiausias veido atpa\u017einimo ir tapatyb\u0117s nuskaitymo funkcijas, kad neteis\u0117tas patekimas \u012f vid\u0173 tapt\u0173 praeitimi.<\/p>\n<h3>Nuotolinis valdymas<\/h3>\n<p>Vis\u0105 apsaugos sistem\u0105 valdykite nuotoliniu b\u016bdu i\u0161 centralizuotos vietos, naudodami intuityvi\u0105 &#8222;AxxonSoft&#8221; naudotojo s\u0105saj\u0105 ir galingus valdymo \u012frankius.<\/p>\n<h3>Vieninga sistema<\/h3>\n<p>Viena platforma, valdanti visas! M\u0117gaukit\u0117s supaprastinta patirtimi su visi\u0161kai integruota saugumo ekosistema, ma\u017einan\u010dia sud\u0117tingum\u0105 ir u\u017etikrinan\u010dia optimal\u0173 veikim\u0105.<\/p>\t\t<\/div>\r\n\t\t\r\n\t\t\r\n\t\t\t<\/div>\r\n<\/section>\r\n<!-- END Block Integrations Text & Image -->\n\n<!-- START Block Sign Up --><section id=\"block_629678229e935\" class=\"sign-up-section\">\r\n\r\n    <div class=\"form-holder js-form\" data-aos=\"fade-right\">\r\n                    <div class=\"title-block h3\">Sign up for connection<\/div>\r\n        \r\n                    <div class=\"text-block\">\r\n                Filling out all the information needed to answer you as quickly as possible            <\/div>\r\n        \r\n                    \n<div class=\"wpcf7 no-js\" id=\"wpcf7-f102-o1\" lang=\"en-US\" dir=\"ltr\">\n<div class=\"screen-reader-response\"><p role=\"status\" aria-live=\"polite\" aria-atomic=\"true\"><\/p> <ul><\/ul><\/div>\n<form action=\"\/lt\/wp-json\/wp\/v2\/pages\/122886#wpcf7-f102-o1\" method=\"post\" class=\"wpcf7-form init\" aria-label=\"Contact form\" enctype=\"multipart\/form-data\" novalidate=\"novalidate\" data-status=\"init\">\n<div style=\"display: none;\">\n<input type=\"hidden\" name=\"_wpcf7\" value=\"102\" \/>\n<input type=\"hidden\" name=\"_wpcf7_version\" value=\"5.8.3\" \/>\n<input type=\"hidden\" name=\"_wpcf7_locale\" value=\"en_US\" \/>\n<input type=\"hidden\" name=\"_wpcf7_unit_tag\" value=\"wpcf7-f102-o1\" \/>\n<input type=\"hidden\" name=\"_wpcf7_container_post\" value=\"0\" \/>\n<input type=\"hidden\" name=\"_wpcf7_posted_data_hash\" value=\"\" \/>\n<input type=\"hidden\" name=\"_wpcf7_recaptcha_response\" value=\"\" \/>\n<\/div>\n<div class=\"row\"> \n <label><span class=\"label-text\">Name<\/span> \n  <span class=\"wpcf7-form-control-wrap\" data-name=\"text-full-name\"><input size=\"40\" class=\"wpcf7-form-control wpcf7-text wpcf7-validates-as-required\" aria-required=\"true\" aria-invalid=\"false\" placeholder=\"Name\" value=\"\" type=\"text\" name=\"text-full-name\" \/><\/span><\/label> \n<\/div> \n<div class=\"row\"> \n <label><span class=\"label-text\">Phone*<\/span> \n<span class=\"wpcf7-form-control-wrap\" data-name=\"phonetext-270\"><input size=\"40\" class=\"wpcf7-form-control wpcf7-phonetext wpcf7-validates-as-required wpcf7-text wpcf7-validates-as-phonetext\" aria-required=\"true\" aria-invalid=\"false\" placeholder=\"Phone*\" value=\"\" type=\"text\" name=\"phonetext-270\" \/><input type=\"hidden\" name=\"phonetext-270-country-code\" class=\"wpcf7-phonetext-country-code\" \/><\/span><\/label> \n<\/div> \n<div class=\"row\"> \n <label><span class=\"label-text\">E-mail<\/span> \n  <span class=\"wpcf7-form-control-wrap\" data-name=\"email-e-mail\"><input size=\"40\" class=\"wpcf7-form-control wpcf7-email wpcf7-validates-as-required wpcf7-text wpcf7-validates-as-email\" aria-required=\"true\" aria-invalid=\"false\" placeholder=\"E-mail\" value=\"\" type=\"email\" name=\"email-e-mail\" \/><\/span><\/label> \n<\/div> \n<div class=\"row\"><span>Your country<\/span> \n <label><span class=\"wpcf7-form-control-wrap\" data-name=\"countrytext-126\"><input size=\"40\" class=\"wpcf7-form-control wpcf7-countrytext wpcf7-text wpcf7-validates-as-countrytext\" aria-invalid=\"false\" value=\"\" type=\"text\" name=\"countrytext-126\" \/><\/span> <\/label>\n<\/div> \n<div class=\"row\"> \n <button type=\"submit\" class=\"btn\">Send<\/button> \n<\/div> \n<div class=\"row\"> \n <span class=\"wpcf7-form-control-wrap\" data-name=\"checkbox-931\"><span class=\"wpcf7-form-control wpcf7-checkbox\"><span class=\"wpcf7-list-item first\"><label><input type=\"checkbox\" name=\"checkbox-931[]\" value=\"Integrator\" \/><span class=\"wpcf7-list-item-label\">Integrator<\/span><\/label><\/span><span class=\"wpcf7-list-item\"><label><input type=\"checkbox\" name=\"checkbox-931[]\" value=\"Builder\" \/><span class=\"wpcf7-list-item-label\">Builder<\/span><\/label><\/span><span class=\"wpcf7-list-item last\"><label><input type=\"checkbox\" name=\"checkbox-931[]\" value=\"End-User\" \/><span class=\"wpcf7-list-item-label\">End-User<\/span><\/label><\/span><\/span><\/span> \n<\/div> \n<div class=\"row row-upload-file\"> \n <label class=\"upload-file-block js-upload-file\">Attach file \n  <span class=\"wpcf7-form-control-wrap\" data-name=\"file-466\"><input size=\"40\" class=\"wpcf7-form-control wpcf7-file\" accept=\"audio\/*,video\/*,image\/*\" aria-invalid=\"false\" type=\"file\" name=\"file-466\" \/><\/span><\/label> \n<\/div><input type='hidden' class='wpcf7-pum' value='{\"closepopup\":false,\"closedelay\":0,\"openpopup\":false,\"openpopup_id\":0}' \/><div class=\"wpcf7-response-output\" aria-hidden=\"true\"><\/div>\n<\/form>\n<\/div>\n            <\/div>\r\n\r\n\t\t    <div class=\"text-holder\" data-aos=\"fade-left\">\r\n\t\t\t\t\t\t    <h3 class=\"title-block\">How Can We Help?<\/h3>\r\n\t\t\t\r\n\t\t\t                <div class=\"text-block\">\r\n                    Please select a topic below related to your inquiry. If you don&#8217;t find what you need, fill out our contact form.                <\/div>\r\n\t\t\t\r\n\t\t\t\t\t\t    <ul class=\"link-list\">\r\n\t\t\t\t\t\t\t\t\t\t\t\t\t\t\t\t\t\t<li>\r\n\t\t\t\t\t\t\t\t\t\t\t\t\t\t\t\t    <strong>Get Inspired<\/strong>\r\n\t\t\t\t\t\t\t\t\t\t\t\t\t\t\t\t\t\t\t\t\t\t\t\t    <a href=\"\/features\/\">\r\n\t\t\t\t\t\t\t\t        Discover what&#8217;s beneath our intercom\t\t\t\t\t\t\t\t    <\/a>\r\n\t\t\t\t\t\t\t\t\t\t\t\t\t\t\t<\/li>\r\n\t\t\t\t\t\t\t\t\t\t\t\t\t\t\t\t\t\t\t\t\t\t\t\t<li>\r\n\t\t\t\t\t\t\t\t\t\t\t\t\t\t\t\t    <strong>Become a Partner<\/strong>\r\n\t\t\t\t\t\t\t\t\t\t\t\t\t\t\t\t\t\t\t\t\t\t\t\t    <a href=\"\/distributors\/\">\r\n\t\t\t\t\t\t\t\t        Expand your business with BAS-IP intercom\t\t\t\t\t\t\t\t    <\/a>\r\n\t\t\t\t\t\t\t\t\t\t\t\t\t\t\t<\/li>\r\n\t\t\t\t\t\t\t\t\t\t\t\t\t\t\t\t\t\t\t\t\t\t\t\t<li>\r\n\t\t\t\t\t\t\t\t\t\t\t\t\t\t\t\t    <strong>Check the Guides<\/strong>\r\n\t\t\t\t\t\t\t\t\t\t\t\t\t\t\t\t\t\t\t\t\t\t\t\t    <a href=\"\/support\/\">\r\n\t\t\t\t\t\t\t\t        Download detailed manuals and schemes\t\t\t\t\t\t\t\t    <\/a>\r\n\t\t\t\t\t\t\t\t\t\t\t\t\t\t\t<\/li>\r\n\t\t\t\t\t\t\t\t\t\t\t\t\t\t\t<\/ul>\r\n\t\t\t\r\n\t\t\t\t\t\t    <h3 class=\"title-block\">Our contacts<\/h3>\r\n\t\t\t\r\n\t\t\t\t\t\t\t<ul class=\"contact-list\">\r\n\t\t\t\t\t\t\t\t\t\t\t\t\t\t\t\t\t\t<li>\r\n\t\t\t\t\t\t\t\t\t\t\t\t\t\t\t\t\t<strong>Sales:<\/strong>\r\n\t\t\t\t\t\t\t\t\t\t\t\t\t\t\t\t\t\t\t\t\t\t\t\t    <a href=\"mailto:s&#97;l&#101;&#115;&#64;ba&#115;-&#105;&#112;&#46;c&#111;m\">sale&#115;&#64;&#98;a&#115;&#45;&#105;p.c&#111;&#109;<\/a>\r\n\t\t\t\t\t\t\t\t\t\t\t\t\t\t\t<\/li>\r\n\t\t\t\t\t\t\t\t\t\t\t\t\t\t\t\t\t\t\t\t\t\t\t\t<li>\r\n\t\t\t\t\t\t\t\t\t\t\t\t\t\t\t\t\t<strong>Technical support:<\/strong>\r\n\t\t\t\t\t\t\t\t\t\t\t\t\t\t\t\t\t\t\t\t\t\t\t\t    <a href=\"mailto:&#115;upp&#111;&#114;t&#64;&#98;&#97;&#115;-i&#112;.&#99;&#111;&#109;\">supp&#111;&#114;&#116;&#64;&#98;as&#45;i&#112;.&#99;om<\/a>\r\n\t\t\t\t\t\t\t\t\t\t\t\t\t\t\t<\/li>\r\n\t\t\t\t\t\t\t\t\t\t\t\t\t\t\t<\/ul>\r\n\t\t\t\t\t<\/div>\r\n\t<\/section>\r\n\r\n\r\n\r\n<!-- END Block Sign Up -->","protected":false},"excerpt":{"rendered":"","protected":false},"author":3,"featured_media":0,"parent":0,"menu_order":0,"comment_status":"closed","ping_status":"closed","template":"page-custom-breadcrumbs.php","meta":{"inline_featured_image":false,"footnotes":""},"class_list":["post-122886","page","type-page","status-publish","hentry"],"acf":[],"_links":{"self":[{"href":"https:\/\/bas-ip.com\/lt\/wp-json\/wp\/v2\/pages\/122886","targetHints":{"allow":["GET"]}}],"collection":[{"href":"https:\/\/bas-ip.com\/lt\/wp-json\/wp\/v2\/pages"}],"about":[{"href":"https:\/\/bas-ip.com\/lt\/wp-json\/wp\/v2\/types\/page"}],"author":[{"embeddable":true,"href":"https:\/\/bas-ip.com\/lt\/wp-json\/wp\/v2\/users\/3"}],"replies":[{"embeddable":true,"href":"https:\/\/bas-ip.com\/lt\/wp-json\/wp\/v2\/comments?post=122886"}],"version-history":[{"count":2,"href":"https:\/\/bas-ip.com\/lt\/wp-json\/wp\/v2\/pages\/122886\/revisions"}],"predecessor-version":[{"id":122888,"href":"https:\/\/bas-ip.com\/lt\/wp-json\/wp\/v2\/pages\/122886\/revisions\/122888"}],"wp:attachment":[{"href":"https:\/\/bas-ip.com\/lt\/wp-json\/wp\/v2\/media?parent=122886"}],"curies":[{"name":"wp","href":"https:\/\/api.w.org\/{rel}","templated":true}]}}