{"id":122471,"date":"2024-05-15T14:21:12","date_gmt":"2024-05-15T14:21:12","guid":{"rendered":"https:\/\/bas-ip.com\/?page_id=122471"},"modified":"2024-11-05T14:38:38","modified_gmt":"2024-11-05T14:38:38","slug":"programines-irangos-palaikymo-politika","status":"publish","type":"page","link":"https:\/\/bas-ip.com\/lt\/programines-irangos-palaikymo-politika\/","title":{"rendered":"Programin\u0117s \u012frangos palaikymo politika"},"content":{"rendered":"<p><strong>Programin\u0117s \u012frangos prie\u017ei\u016bra<\/strong><\/p>\n\n\n\n<p id=\"block-091ce6b9-9c9e-4a87-93a3-e56b11376ce8\">BAS-IP savo nuo\u017ei\u016bra gali suteikti pagrindin\u012f programin\u0117s \u012frangos palaikym\u0105 per taikom\u0105 technin\u0117s \u012frangos garantin\u012f laikotarp\u012f. Garantinio laikotarpio metu BAS-IP gali i\u0161leisti technin\u0117s prie\u017ei\u016bros versijas arba i\u0161taisyti aparatin\u0117s \u012frangos klaidas.<\/p>\n\n\n\n<p id=\"block-fbc40133-75e3-40ca-a874-46be68c000aa\">Pasibaigus garantiniam laikotarpiui, BAS-IP nebekurs, nebepri\u017ei\u016br\u0117s ir nebetestuos atitinkamos programin\u0117s \u012frangos. Ta\u010diau BAS-IP gali savo nuo\u017ei\u016bra, atsi\u017evelgdama \u012f konkret\u0173 produkt\u0105, teikti palaikym\u0105 pasibaigus garantiniam laikotarpiui. Visa BAS-IP programin\u0117 \u012franga, \u012fskaitant i\u0161 anksto \u012fdiegt\u0105 BAS-IP aparatin\u0117je \u012frangoje ir tais atvejais, kai aparatinei \u012frangai taikoma RMA paslauga, pristatoma tokia, kokia yra.<\/p>\n\n\n\n<p>BAS-IP programinei \u012frangai netaikoma BAS-IP garantija.<\/p>\n\n\n\n<p><\/p>\n\n\n\n<p><\/p>","protected":false},"excerpt":{"rendered":"<p>Programin\u0117s \u012frangos prie\u017ei\u016bra BAS-IP savo nuo\u017ei\u016bra gali suteikti pagrindin\u012f programin\u0117s \u012frangos palaikym\u0105 per taikom\u0105 technin\u0117s \u012frangos garantin\u012f laikotarp\u012f. Garantinio laikotarpio metu BAS-IP gali i\u0161leisti technin\u0117s prie\u017ei\u016bros versijas arba i\u0161taisyti aparatin\u0117s \u012frangos klaidas. Pasibaigus garantiniam laikotarpiui, BAS-IP nebekurs, nebepri\u017ei\u016br\u0117s ir nebetestuos atitinkamos programin\u0117s \u012frangos. Ta\u010diau BAS-IP gali savo nuo\u017ei\u016bra, atsi\u017evelgdama \u012f konkret\u0173 produkt\u0105, teikti palaikym\u0105 pasibaigus [&hellip;]<\/p>","protected":false},"author":3,"featured_media":0,"parent":0,"menu_order":0,"comment_status":"closed","ping_status":"closed","template":"","meta":{"inline_featured_image":false,"footnotes":""},"class_list":["post-122471","page","type-page","status-publish","hentry"],"acf":[],"_links":{"self":[{"href":"https:\/\/bas-ip.com\/lt\/wp-json\/wp\/v2\/pages\/122471","targetHints":{"allow":["GET"]}}],"collection":[{"href":"https:\/\/bas-ip.com\/lt\/wp-json\/wp\/v2\/pages"}],"about":[{"href":"https:\/\/bas-ip.com\/lt\/wp-json\/wp\/v2\/types\/page"}],"author":[{"embeddable":true,"href":"https:\/\/bas-ip.com\/lt\/wp-json\/wp\/v2\/users\/3"}],"replies":[{"embeddable":true,"href":"https:\/\/bas-ip.com\/lt\/wp-json\/wp\/v2\/comments?post=122471"}],"version-history":[{"count":1,"href":"https:\/\/bas-ip.com\/lt\/wp-json\/wp\/v2\/pages\/122471\/revisions"}],"predecessor-version":[{"id":122472,"href":"https:\/\/bas-ip.com\/lt\/wp-json\/wp\/v2\/pages\/122471\/revisions\/122472"}],"wp:attachment":[{"href":"https:\/\/bas-ip.com\/lt\/wp-json\/wp\/v2\/media?parent=122471"}],"curies":[{"name":"wp","href":"https:\/\/api.w.org\/{rel}","templated":true}]}}