{"id":122095,"date":"2024-05-15T14:56:42","date_gmt":"2024-05-15T14:56:42","guid":{"rendered":"https:\/\/bas-ip.com\/?page_id=122095"},"modified":"2024-11-05T10:42:18","modified_gmt":"2024-11-05T10:42:18","slug":"bsa-000001","status":"publish","type":"page","link":"https:\/\/bas-ip.com\/lt\/bsa-000001\/","title":{"rendered":"BSA-000001"},"content":{"rendered":"<h2 class=\"wp-block-heading\" id=\"bsa-000001\">Ap\u017evalga<\/h2>\n\n\n\n<p>Keliuose &#8222;BAS-IP&#8221; domofono \u012frenginiuose aptikta problema. Prisijung\u0119s prie \u012frenginio \u017einiatinklio s\u0105sajos arba API, \u012fsilau\u017e\u0117lis gali gauti \u012frenginio RTSP serverio ir SIP paskyros slapta\u017eod\u017eius.<\/p>\n\n\n\n<p>&#8222;BAS-IP&#8221; \u0161iuos pa\u017eeid\u017eiamumus priskiria vidutinio sunkumo grupei ir rekomenduoja klientams atnaujinti paveiktus &#8222;BAS-IP&#8221; modelius \u012f naujausi\u0105 programin\u0117s \u012frangos versij\u0105.<\/p>\n\n\n\n<h2 class=\"wp-block-heading\" id=\"risk-assessment\">Rizikos vertinimas<\/h2>\n\n\n\n<p>Kad gal\u0117t\u0173 pasinaudoti pa\u017eeid\u017eiamumais, potencialus prie\u0161ininkas turi tur\u0117ti prieig\u0105 prie \u012frenginio per tinkl\u0105. Norint s\u0117kmingai pa\u017eeisti \u012frengin\u012f, prie\u0161ininkui reikalingi \u012fgaliojimai. Rizika priklauso nuo \u012frenginio pa\u017eeid\u017eiamumo laipsnio. Didel\u0117 rizika kyla prie interneto prijungtam \u012frenginiui (pvz., veikiamam per mar\u0161rutizatoriaus prievado persiuntim\u0105). Produktams, \u012fdiegtiems apsaugotame vietiniame tinkle, kyla ma\u017eesn\u0117 rizika.<\/p>\n\n\n\n<h2 class=\"wp-block-heading\" id=\"risk-mitigation\">Rizikos ma\u017einimas<\/h2>\n\n\n\n<ul class=\"wp-block-list\">\n<li>Primygtinai rekomenduojama atnaujinti paveiktus modelius \u012f naujausi\u0105 programin\u0119 \u012frang\u0105.<\/li>\n\n\n\n<li>Nerekomenduojama \u012frenginius tiesiogiai prijungti prie interneto (prievad\u0173 persiuntimas).<\/li>\n<\/ul>\n\n\n\n<h2 class=\"wp-block-heading\" id=\"affected-models-and-patched-firmware\">Paveikti modeliai ir i\u0161taisyta programin\u0117 \u012franga<\/h2>\n\n\n\n<p>Paveikt\u0173 modeli\u0173 s\u0105ra\u0161as:<\/p>\n\n\n\n<ul class=\"wp-block-list\">\n<li>AV-01D<\/li>\n\n\n\n<li>AV-01MD<\/li>\n\n\n\n<li>AV-01MFD<\/li>\n\n\n\n<li>AV-01ED<\/li>\n\n\n\n<li>AV-01KD<\/li>\n\n\n\n<li>AV-01BD<\/li>\n\n\n\n<li>AV-01KBD<\/li>\n\n\n\n<li>AV-02D<\/li>\n\n\n\n<li>AV-02IDE<\/li>\n\n\n\n<li>AV-02IDR<\/li>\n\n\n\n<li>AV-02IPD<\/li>\n\n\n\n<li>AV-02FDE<\/li>\n\n\n\n<li>AV-02FDR<\/li>\n\n\n\n<li>AV-03D<\/li>\n\n\n\n<li>AV-03BD<\/li>\n\n\n\n<li>AV-04AFD<\/li>\n\n\n\n<li>AV-04ASD<\/li>\n\n\n\n<li>AV-04FD<\/li>\n\n\n\n<li>AV-04SD<\/li>\n\n\n\n<li>AV-05FD<\/li>\n\n\n\n<li>AV-05SD<\/li>\n\n\n\n<li>AA-07BD<\/li>\n\n\n\n<li>AA-07BDI<\/li>\n\n\n\n<li>BA-04BD<\/li>\n\n\n\n<li>BA-04MD<\/li>\n\n\n\n<li>BA-08BD<\/li>\n\n\n\n<li>BA-08MD<\/li>\n\n\n\n<li>BA-12BD<\/li>\n\n\n\n<li>BA-12MD<\/li>\n\n\n\n<li>CR-02BD<\/li>\n<\/ul>\n\n\n\n<p>Pataisytos programin\u0117s \u012frangos versija:<\/p>\n\n\n\n<ul class=\"wp-block-list\">\n<li>3.9.2<\/li>\n<\/ul>","protected":false},"excerpt":{"rendered":"<p>Ap\u017evalga Keliuose &#8222;BAS-IP&#8221; domofono \u012frenginiuose aptikta problema. Prisijung\u0119s prie \u012frenginio \u017einiatinklio s\u0105sajos arba API, \u012fsilau\u017e\u0117lis gali gauti \u012frenginio RTSP serverio ir SIP paskyros slapta\u017eod\u017eius. &#8222;BAS-IP&#8221; \u0161iuos pa\u017eeid\u017eiamumus priskiria vidutinio sunkumo grupei ir rekomenduoja klientams atnaujinti paveiktus &#8222;BAS-IP&#8221; modelius \u012f naujausi\u0105 programin\u0117s \u012frangos versij\u0105. Rizikos vertinimas Kad gal\u0117t\u0173 pasinaudoti pa\u017eeid\u017eiamumais, potencialus prie\u0161ininkas turi tur\u0117ti prieig\u0105 prie [&hellip;]<\/p>","protected":false},"author":3,"featured_media":0,"parent":0,"menu_order":0,"comment_status":"closed","ping_status":"closed","template":"","meta":{"inline_featured_image":false,"footnotes":""},"class_list":["post-122095","page","type-page","status-publish","hentry"],"acf":[],"_links":{"self":[{"href":"https:\/\/bas-ip.com\/lt\/wp-json\/wp\/v2\/pages\/122095","targetHints":{"allow":["GET"]}}],"collection":[{"href":"https:\/\/bas-ip.com\/lt\/wp-json\/wp\/v2\/pages"}],"about":[{"href":"https:\/\/bas-ip.com\/lt\/wp-json\/wp\/v2\/types\/page"}],"author":[{"embeddable":true,"href":"https:\/\/bas-ip.com\/lt\/wp-json\/wp\/v2\/users\/3"}],"replies":[{"embeddable":true,"href":"https:\/\/bas-ip.com\/lt\/wp-json\/wp\/v2\/comments?post=122095"}],"version-history":[{"count":1,"href":"https:\/\/bas-ip.com\/lt\/wp-json\/wp\/v2\/pages\/122095\/revisions"}],"predecessor-version":[{"id":122096,"href":"https:\/\/bas-ip.com\/lt\/wp-json\/wp\/v2\/pages\/122095\/revisions\/122096"}],"wp:attachment":[{"href":"https:\/\/bas-ip.com\/lt\/wp-json\/wp\/v2\/media?parent=122095"}],"curies":[{"name":"wp","href":"https:\/\/api.w.org\/{rel}","templated":true}]}}