{"id":121703,"date":"2024-02-14T09:43:47","date_gmt":"2024-02-14T09:43:47","guid":{"rendered":"https:\/\/bas-ip.com\/?page_id=121703"},"modified":"2024-11-04T17:41:52","modified_gmt":"2024-11-04T17:41:52","slug":"axis","status":"publish","type":"page","link":"https:\/\/bas-ip.com\/lt\/axis\/","title":{"rendered":"Axis"},"content":{"rendered":"<div class=\"wp-block-image\">\n<figure class=\"aligncenter size-medium\"><img loading=\"lazy\" decoding=\"async\" width=\"300\" height=\"108\" src=\"https:\/\/bas-ip.com\/wp-content\/uploads\/2024\/02\/Axis_Communications_logo.svg-300x108.png\" alt=\"\" class=\"wp-image-108863\" srcset=\"https:\/\/bas-ip.com\/wp-content\/uploads\/2024\/02\/Axis_Communications_logo.svg-300x108.png 300w,  https:\/\/bas-ip.com\/wp-content\/uploads\/2024\/02\/Axis_Communications_logo.svg-1024x369.png 1024w,  https:\/\/bas-ip.com\/wp-content\/uploads\/2024\/02\/Axis_Communications_logo.svg-768x277.png 768w,  https:\/\/bas-ip.com\/wp-content\/uploads\/2024\/02\/Axis_Communications_logo.svg-767x276.png 767w,  https:\/\/bas-ip.com\/wp-content\/uploads\/2024\/02\/Axis_Communications_logo.svg.png 1280w\" sizes=\"auto, (max-width: 300px) 100vw, 300px\" \/><\/figure>\n<\/div>\n\n\n<p>Integruojant BAS-IP domofonus su &#8222;AXIS CCTV&#8221; kameromis, ypa\u010d automatinio numerio \u017eenkl\u0173 atpa\u017einimo (ALPR) funkcij\u0105, reikia atlikti paprast\u0105, bet veiksming\u0105 s\u0105rank\u0105. \u0160i integracija leid\u017eia u\u017etikrinti skland\u0173 veikim\u0105 ir ekonomi\u0161kum\u0105, nes nereikia profesionalios ALPR programin\u0117s \u012frangos. \u010cia pateikiamas i\u0161samus \u0161ios integracijos veikimo apra\u0161ymas:<\/p>\n\n\n\n<p><strong>Integracijos ap\u017evalga<\/strong><\/p>\n\n\n\n<p>Tikslas: Tikslas: automatizuoti vart\u0173 atidarym\u0105 atpa\u017e\u012fstant valstybinius numerius, naudojant BAS-IP domofonus ir AXIS CCTV kameras su ALPR funkcija.<\/p>\n\n\n\n<p><strong>Sudedamosios dalys:<\/strong><\/p>\n\n\n\n<p><strong>1.<\/strong> BAS-IP vidinio ry\u0161io panel\u0117: Tai sud\u0117tinga domofono sistema, kuri\u0105 galima integruoti su IP kameromis.<\/p>\n\n\n\n<p id=\"block-3a97d1c9-764c-45ef-9089-f6a5e9fbd980\"><strong>2. <\/strong>AXIS kamera su ALPR funkcija: AXIS P1455-LE-3, AXIS P3245-LVE-3 arba AXIS Q1700-LE.<\/p>\n\n\n\n<p><strong>3.<\/strong> Numerio \u017eenkl\u0173 duomen\u0173 baz\u0117: \u012era\u0161as saugomas BAS-IP domofono lauko skydelio atmintyje arba BAS-IP Link programin\u0117je \u012frangoje.<\/p>\n\n\n\n<p><strong>Kaip tai veikia<\/strong><\/p>\n\n\n\n<p><strong>1.<\/strong> \u012ediegimas ir s\u0105ranka: Naudotojas \u012fsigyja BAS-IP domofono pult\u0105 ir AXIS kamer\u0105 su ALPR technologija.<\/p>\n\n\n\n<p id=\"block-65d91062-63da-4a16-9674-245fa87474c6\"><strong>2.<\/strong> Tinklo konfig\u016bracija: Kad ry\u0161ys b\u016bt\u0173 efektyvus, AXIS kamera ir BAS-IP \u012f\u0117jimo panel\u0117 turi b\u016bti tame pa\u010diame potinklyje.<\/p>\n\n\n\n<p id=\"block-08d2decd-7c54-4e9b-96cf-72d998543f14\"><strong>3.<\/strong> Valstybinio numerio \u017eenklo registracija: Registruojami ir saugomi transporto priemoni\u0173 valstybinio numerio \u017eenklai. Tai galima padaryti per domofono \u017einiatinklio s\u0105saj\u0105 arba &#8222;BAS-IP Link&#8221; programin\u0119 \u012frang\u0105.<\/p>\n\n\n\n<p id=\"block-24564896-a875-4c17-a7f8-0c448b4862ec\"><strong>4.<\/strong> Numerio \u017eenklo nuskaitymas: Kai transporto priemon\u0117 priva\u017eiuoja prie vart\u0173, AXIS kamera nuskaito valstybin\u012f numer\u012f.<\/p>\n\n\n\n<p><strong>5.<\/strong> Atpa\u017einimas ir veiksmai: Jei nuskaityta lentel\u0117 sutampa su saugomoje duomen\u0173 baz\u0117je esan\u010dia lentele, BAS-IP domofono pultas automati\u0161kai atidaro vartus.<\/p>\n\n\n\n<p><strong>Privalumai<\/strong><\/p>\n\n\n\n<p>Ekonomi\u0161kas: nereikia brangios profesionalios ALPR programin\u0117s \u012frangos.<\/p>\n\n\n\n<p id=\"block-183d5cac-0bcf-4fd6-bee6-dcd45813bbcb\">Lengva naudoti: paprasta s\u0105ranka ir patogus numerio \u017eenkl\u0173 valdymas naudojant \u017einiatinklio s\u0105saj\u0105 arba BAS-IP programin\u0119 \u012frang\u0105.<\/p>\n\n\n\n<p id=\"block-0a3a9d2c-dfd6-4fe8-ae1d-3810d9408d75\">Didesnis saugumas: automatinis vart\u0173 veikimas pagal atpa\u017eintus numerio \u017eenklus padidina saugum\u0105.<\/p>\n\n\n\n<p>Lankstumas: tinka \u012fvairioms reikm\u0117ms, pavyzd\u017eiui, gyvenamiesiems kompleksams, biur\u0173 pastatams ar u\u017edaroms bendruomen\u0117ms.<\/p>\n\n\n\n<p>Suderinus pa\u017eangi\u0105 BAS-IP domofon\u0173 technologij\u0105 su &#8222;AXIS&#8221; kamer\u0173 su ALPR tikslumu, naudotojai gali m\u0117gautis auk\u0161to lygio saugumu ir patogumu be papildomos ALPR programin\u0117s \u012frangos.<\/p>\n\n\n<!-- START Block Sign Up --><section id=\"block_629678229e935\" class=\"sign-up-section\">\r\n\r\n    <div class=\"form-holder js-form\" data-aos=\"fade-right\">\r\n                    <div class=\"title-block h3\">Sign up for connection<\/div>\r\n        \r\n                    <div class=\"text-block\">\r\n                Filling out all the information needed to answer you as quickly as possible            <\/div>\r\n        \r\n                    \n<div class=\"wpcf7 no-js\" id=\"wpcf7-f102-o1\" lang=\"en-US\" dir=\"ltr\">\n<div class=\"screen-reader-response\"><p role=\"status\" aria-live=\"polite\" aria-atomic=\"true\"><\/p> <ul><\/ul><\/div>\n<form action=\"\/lt\/wp-json\/wp\/v2\/pages\/121703#wpcf7-f102-o1\" method=\"post\" class=\"wpcf7-form init\" aria-label=\"Contact form\" enctype=\"multipart\/form-data\" novalidate=\"novalidate\" data-status=\"init\">\n<div style=\"display: none;\">\n<input type=\"hidden\" name=\"_wpcf7\" value=\"102\" \/>\n<input type=\"hidden\" name=\"_wpcf7_version\" value=\"5.8.3\" \/>\n<input type=\"hidden\" name=\"_wpcf7_locale\" value=\"en_US\" \/>\n<input type=\"hidden\" name=\"_wpcf7_unit_tag\" value=\"wpcf7-f102-o1\" \/>\n<input type=\"hidden\" name=\"_wpcf7_container_post\" value=\"0\" \/>\n<input type=\"hidden\" name=\"_wpcf7_posted_data_hash\" value=\"\" \/>\n<input type=\"hidden\" name=\"_wpcf7_recaptcha_response\" value=\"\" \/>\n<\/div>\n<div class=\"row\"> \n <label><span class=\"label-text\">Name<\/span> \n  <span class=\"wpcf7-form-control-wrap\" data-name=\"text-full-name\"><input size=\"40\" class=\"wpcf7-form-control wpcf7-text wpcf7-validates-as-required\" aria-required=\"true\" aria-invalid=\"false\" placeholder=\"Name\" value=\"\" type=\"text\" name=\"text-full-name\" \/><\/span><\/label> \n<\/div> \n<div class=\"row\"> \n <label><span class=\"label-text\">Phone*<\/span> \n<span class=\"wpcf7-form-control-wrap\" data-name=\"phonetext-270\"><input size=\"40\" class=\"wpcf7-form-control wpcf7-phonetext wpcf7-validates-as-required wpcf7-text wpcf7-validates-as-phonetext\" aria-required=\"true\" aria-invalid=\"false\" placeholder=\"Phone*\" value=\"\" type=\"text\" name=\"phonetext-270\" \/><input type=\"hidden\" name=\"phonetext-270-country-code\" class=\"wpcf7-phonetext-country-code\" \/><\/span><\/label> \n<\/div> \n<div class=\"row\"> \n <label><span class=\"label-text\">E-mail<\/span> \n  <span class=\"wpcf7-form-control-wrap\" data-name=\"email-e-mail\"><input size=\"40\" class=\"wpcf7-form-control wpcf7-email wpcf7-validates-as-required wpcf7-text wpcf7-validates-as-email\" aria-required=\"true\" aria-invalid=\"false\" placeholder=\"E-mail\" value=\"\" type=\"email\" name=\"email-e-mail\" \/><\/span><\/label> \n<\/div> \n<div class=\"row\"><span>Your country<\/span> \n <label><span class=\"wpcf7-form-control-wrap\" data-name=\"countrytext-126\"><input size=\"40\" class=\"wpcf7-form-control wpcf7-countrytext wpcf7-text wpcf7-validates-as-countrytext\" aria-invalid=\"false\" value=\"\" type=\"text\" name=\"countrytext-126\" \/><\/span> <\/label>\n<\/div> \n<div class=\"row\"> \n <button type=\"submit\" class=\"btn\">Send<\/button> \n<\/div> \n<div class=\"row\"> \n <span class=\"wpcf7-form-control-wrap\" data-name=\"checkbox-931\"><span class=\"wpcf7-form-control wpcf7-checkbox\"><span class=\"wpcf7-list-item first\"><label><input type=\"checkbox\" name=\"checkbox-931[]\" value=\"Integrator\" \/><span class=\"wpcf7-list-item-label\">Integrator<\/span><\/label><\/span><span class=\"wpcf7-list-item\"><label><input type=\"checkbox\" name=\"checkbox-931[]\" value=\"Builder\" \/><span class=\"wpcf7-list-item-label\">Builder<\/span><\/label><\/span><span class=\"wpcf7-list-item last\"><label><input type=\"checkbox\" name=\"checkbox-931[]\" value=\"End-User\" \/><span class=\"wpcf7-list-item-label\">End-User<\/span><\/label><\/span><\/span><\/span> \n<\/div> \n<div class=\"row row-upload-file\"> \n <label class=\"upload-file-block js-upload-file\">Attach file \n  <span class=\"wpcf7-form-control-wrap\" data-name=\"file-466\"><input size=\"40\" class=\"wpcf7-form-control wpcf7-file\" accept=\"audio\/*,video\/*,image\/*\" aria-invalid=\"false\" type=\"file\" name=\"file-466\" \/><\/span><\/label> \n<\/div><input type='hidden' class='wpcf7-pum' value='{\"closepopup\":false,\"closedelay\":0,\"openpopup\":false,\"openpopup_id\":0}' \/><div class=\"wpcf7-response-output\" aria-hidden=\"true\"><\/div>\n<\/form>\n<\/div>\n            <\/div>\r\n\r\n\t\t    <div class=\"text-holder\" data-aos=\"fade-left\">\r\n\t\t\t\t\t\t    <h3 class=\"title-block\">How Can We Help?<\/h3>\r\n\t\t\t\r\n\t\t\t                <div class=\"text-block\">\r\n                    Please select a topic below related to your inquiry. If you don&#8217;t find what you need, fill out our contact form.                <\/div>\r\n\t\t\t\r\n\t\t\t\t\t\t    <ul class=\"link-list\">\r\n\t\t\t\t\t\t\t\t\t\t\t\t\t\t\t\t\t\t<li>\r\n\t\t\t\t\t\t\t\t\t\t\t\t\t\t\t\t    <strong>Get Inspired<\/strong>\r\n\t\t\t\t\t\t\t\t\t\t\t\t\t\t\t\t\t\t\t\t\t\t\t\t    <a href=\"\/features\/\">\r\n\t\t\t\t\t\t\t\t        Discover what&#8217;s beneath our intercom\t\t\t\t\t\t\t\t    <\/a>\r\n\t\t\t\t\t\t\t\t\t\t\t\t\t\t\t<\/li>\r\n\t\t\t\t\t\t\t\t\t\t\t\t\t\t\t\t\t\t\t\t\t\t\t\t<li>\r\n\t\t\t\t\t\t\t\t\t\t\t\t\t\t\t\t    <strong>Become a Partner<\/strong>\r\n\t\t\t\t\t\t\t\t\t\t\t\t\t\t\t\t\t\t\t\t\t\t\t\t    <a href=\"\/distributors\/\">\r\n\t\t\t\t\t\t\t\t        Expand your business with BAS-IP intercom\t\t\t\t\t\t\t\t    <\/a>\r\n\t\t\t\t\t\t\t\t\t\t\t\t\t\t\t<\/li>\r\n\t\t\t\t\t\t\t\t\t\t\t\t\t\t\t\t\t\t\t\t\t\t\t\t<li>\r\n\t\t\t\t\t\t\t\t\t\t\t\t\t\t\t\t    <strong>Check the Guides<\/strong>\r\n\t\t\t\t\t\t\t\t\t\t\t\t\t\t\t\t\t\t\t\t\t\t\t\t    <a href=\"\/support\/\">\r\n\t\t\t\t\t\t\t\t        Download detailed manuals and schemes\t\t\t\t\t\t\t\t    <\/a>\r\n\t\t\t\t\t\t\t\t\t\t\t\t\t\t\t<\/li>\r\n\t\t\t\t\t\t\t\t\t\t\t\t\t\t\t<\/ul>\r\n\t\t\t\r\n\t\t\t\t\t\t    <h3 class=\"title-block\">Our contacts<\/h3>\r\n\t\t\t\r\n\t\t\t\t\t\t\t<ul class=\"contact-list\">\r\n\t\t\t\t\t\t\t\t\t\t\t\t\t\t\t\t\t\t<li>\r\n\t\t\t\t\t\t\t\t\t\t\t\t\t\t\t\t\t<strong>Sales:<\/strong>\r\n\t\t\t\t\t\t\t\t\t\t\t\t\t\t\t\t\t\t\t\t\t\t\t\t    <a href=\"mailto:&#115;&#97;l&#101;&#115;&#64;&#98;a&#115;-ip&#46;co&#109;\">&#115;&#97;le&#115;&#64;&#98;as-i&#112;&#46;&#99;&#111;m<\/a>\r\n\t\t\t\t\t\t\t\t\t\t\t\t\t\t\t<\/li>\r\n\t\t\t\t\t\t\t\t\t\t\t\t\t\t\t\t\t\t\t\t\t\t\t\t<li>\r\n\t\t\t\t\t\t\t\t\t\t\t\t\t\t\t\t\t<strong>Technical support:<\/strong>\r\n\t\t\t\t\t\t\t\t\t\t\t\t\t\t\t\t\t\t\t\t\t\t\t\t    <a href=\"mailto:&#115;&#117;&#112;&#112;ort&#64;&#98;a&#115;-&#105;&#112;&#46;&#99;o&#109;\">s&#117;p&#112;o&#114;t&#64;&#98;a&#115;-i&#112;.&#99;&#111;m<\/a>\r\n\t\t\t\t\t\t\t\t\t\t\t\t\t\t\t<\/li>\r\n\t\t\t\t\t\t\t\t\t\t\t\t\t\t\t<\/ul>\r\n\t\t\t\t\t<\/div>\r\n\t<\/section>\r\n\r\n\r\n\r\n<!-- END Block Sign Up -->","protected":false},"excerpt":{"rendered":"<p>Integruojant BAS-IP domofonus su &#8222;AXIS CCTV&#8221; kameromis, ypa\u010d automatinio numerio \u017eenkl\u0173 atpa\u017einimo (ALPR) funkcij\u0105, reikia atlikti paprast\u0105, bet veiksming\u0105 s\u0105rank\u0105. \u0160i integracija leid\u017eia u\u017etikrinti skland\u0173 veikim\u0105 ir ekonomi\u0161kum\u0105, nes nereikia profesionalios ALPR programin\u0117s \u012frangos. \u010cia pateikiamas i\u0161samus \u0161ios integracijos veikimo apra\u0161ymas: Integracijos ap\u017evalga Tikslas: Tikslas: automatizuoti vart\u0173 atidarym\u0105 atpa\u017e\u012fstant valstybinius numerius, naudojant BAS-IP domofonus ir [&hellip;]<\/p>","protected":false},"author":3,"featured_media":0,"parent":0,"menu_order":0,"comment_status":"closed","ping_status":"closed","template":"page-custom-breadcrumbs.php","meta":{"inline_featured_image":false,"footnotes":""},"class_list":["post-121703","page","type-page","status-publish","hentry"],"acf":[],"_links":{"self":[{"href":"https:\/\/bas-ip.com\/lt\/wp-json\/wp\/v2\/pages\/121703","targetHints":{"allow":["GET"]}}],"collection":[{"href":"https:\/\/bas-ip.com\/lt\/wp-json\/wp\/v2\/pages"}],"about":[{"href":"https:\/\/bas-ip.com\/lt\/wp-json\/wp\/v2\/types\/page"}],"author":[{"embeddable":true,"href":"https:\/\/bas-ip.com\/lt\/wp-json\/wp\/v2\/users\/3"}],"replies":[{"embeddable":true,"href":"https:\/\/bas-ip.com\/lt\/wp-json\/wp\/v2\/comments?post=121703"}],"version-history":[{"count":1,"href":"https:\/\/bas-ip.com\/lt\/wp-json\/wp\/v2\/pages\/121703\/revisions"}],"predecessor-version":[{"id":121704,"href":"https:\/\/bas-ip.com\/lt\/wp-json\/wp\/v2\/pages\/121703\/revisions\/121704"}],"wp:attachment":[{"href":"https:\/\/bas-ip.com\/lt\/wp-json\/wp\/v2\/media?parent=121703"}],"curies":[{"name":"wp","href":"https:\/\/api.w.org\/{rel}","templated":true}]}}