{"id":150925,"date":"2025-09-24T10:16:00","date_gmt":"2025-09-24T10:16:00","guid":{"rendered":"https:\/\/bas-ip.com\/warranty-policy-europe\/"},"modified":"2025-11-24T12:32:34","modified_gmt":"2025-11-24T12:32:34","slug":"warranty-policy-europe","status":"publish","type":"page","link":"https:\/\/bas-ip.com\/ja\/warranty-policy-europe\/","title":{"rendered":"\u4fdd\u8a3c\u898f\u5b9a (\u30e8\u30fc\u30ed\u30c3\u30d1)"},"content":{"rendered":"<p data-path-to-node=\"2\">\u73fe\u884c\u306e\u898f\u5b9a\u306b\u306f\u3001BAS-IP\u793e\u30b5\u30fc\u30d3\u30b9\u30bb\u30f3\u30bf\u30fc\u3067\u306e\u6a5f\u5668\u306e\u4fee\u7406\u3068\u3001\u5b8c\u5168\u306b\u7d44\u307f\u7acb\u3066\u3089\u308c\u305f\u30e2\u30b8\u30e5\u30fc\u30eb\u3068\u3057\u3066\u304a\u5ba2\u69d8\u3078\u306e\u90e8\u54c1\u306e\u767a\u9001\u304c\u542b\u307e\u308c\u307e\u3059\u3002<\/p>\n<p data-path-to-node=\"3\">\u30b5\u30fc\u30d3\u30b9\u306b\u95a2\u3059\u308b\u7d71\u8a08\u30c7\u30fc\u30bf\u306b\u3088\u308b\u3068\u3001\u554f\u984c\u306e\u5927\u90e8\u5206\u306f\u3001\u30d5\u30a1\u30fc\u30e0\u30a6\u30a7\u30a2\u306e\u30a2\u30c3\u30d7\u30c7\u30fc\u30c8\u307e\u305f\u306f\u30c7\u30d0\u30a4\u30b9\u306e\u518d\u69cb\u6210\u3092\u901a\u3058\u3066\u3001\u30ea\u30e2\u30fc\u30c8\u3067\u89e3\u6c7a\u3067\u304d\u307e\u3059\u3002\u304a\u5ba2\u69d8\u306e\u554f\u984c\u3092\u30ea\u30e2\u30fc\u30c8\u3067\u89e3\u6c7a\u3059\u308b\u305f\u3081\u306b\u3001\u4ee5\u4e0b\u306e\u9023\u7d61\u30c1\u30e3\u30cd\u30eb\u3092\u901a\u3058\u3066\u304a\u554f\u3044\u5408\u308f\u305b\u304f\u3060\u3055\u3044\u3002<\/p>\n<p data-path-to-node=\"4,0,0\"><strong>WhatsApp<\/strong>: <a class=\"ng-star-inserted\" href=\"https:\/\/wa.me\/message\/TQPHTSMDUD6UE1\" target=\"_blank\" rel=\"noopener\" data-hveid=\"0\" data-ved=\"0CAAQ_4QMahgKEwjV2-GN1YqRAxUAAAAAHQAAAAAQ2QI\">https:\/\/wa.me\/message\/TQPHTSMDUD6UE1<\/a><\/p>\n<p data-path-to-node=\"4,1,0\"><strong>Telegram<\/strong>: <a class=\"ng-star-inserted\" href=\"https:\/\/t.me\/bas_ip_international_support_bot\" target=\"_blank\" rel=\"noopener\" data-hveid=\"0\" data-ved=\"0CAAQ_4QMahgKEwjV2-GN1YqRAxUAAAAAHQAAAAAQ2gI\">https:\/\/t.me\/bas_ip_international_support_bot<\/a><\/p>\n<p data-path-to-node=\"4,2,0\"><strong>E\u30e1\u30fc\u30eb<\/strong>: <a href=\"mailto:support@bas-ip.com\">support@bas-ip.com<\/a><\/p>\n<p data-path-to-node=\"4,3,0\"><strong>\u55b6\u696d\u6642\u9593<\/strong>: \u6708\u66dc\u65e5\u304b\u3089\u91d1\u66dc\u65e5\u300106:00\uff5e22:00 (GMT)<\/p>\n<p data-path-to-node=\"5\">\u304a\u5ba2\u69d8\u306e\u554f\u984c\u304c\u30ea\u30e2\u30fc\u30c8\u3067\u89e3\u6c7a\u3067\u304d\u306a\u3044\u5834\u5408\u306f\u3001\u4ee5\u4e0b\u306e\u624b\u9806\u306b\u5f93\u3063\u3066\u304f\u3060\u3055\u3044\u3002<\/p>\n<p data-path-to-node=\"6,0,0\">&#8211; \u5f0a\u793e\u306e\u5c02\u9580\u5bb6\u304c\u3054\u9023\u7d61\u6642\u306b\u8981\u6c42\u3044\u305f\u3057\u307e\u3059\u306e\u3067\u3001<b>\u30c7\u30d0\u30a4\u30b9\u306e\u30e2\u30c7\u30eb\u3001\u30b7\u30ea\u30a2\u30eb\u756a\u53f7\u3001\u30af\u30ec\u30fc\u30e0\u306e\u7406\u7531\u3001\u8cfc\u5165\u65e5\u3001\u8003\u3048\u3089\u308c\u308b\u82e6\u60c5\u3001\u304a\u3088\u3073\u5199\u771f<\/b>\u3092\u4e8b\u524d\u306b\u3054\u7528\u610f\u304f\u3060\u3055\u3044\u3002\u3053\u306e\u60c5\u5831\u306f\u3001\u30c7\u30d0\u30a4\u30b9\u3092BAS-IP\u30b5\u30fc\u30d3\u30b9\u30bb\u30f3\u30bf\u30fc\u306b\u9001\u4ed8\u3059\u308b\u624b\u7d9a\u304d\u3001\u307e\u305f\u306f\u5b8c\u5168\u306b\u7d44\u307f\u7acb\u3066\u3089\u308c\u305f\u30e2\u30b8\u30e5\u30fc\u30eb\u3092\u304a\u5ba2\u69d8\u306b\u767a\u9001\u3059\u308b\u624b\u7d9a\u304d\u3092\u958b\u59cb\u3059\u308b\u305f\u3081\u306b\u5fc5\u8981\u3067\u3059\u3002<\/p>\n<p data-path-to-node=\"6,1,0\">&#8211; \u63d0\u51fa\u3055\u308c\u305f\u3059\u3079\u3066\u306e\u60c5\u5831\u3092\u5206\u6790\u3057\u305f\u5f8c\u3001\u304a\u5ba2\u69d8\u306b\u63d0\u4f9b\u3055\u308c\u305f\u8a73\u7d30\u60c5\u5831\u3092\u901a\u3058\u3066\u3054\u9023\u7d61\u3057\u3001\u4e0b\u3055\u308c\u305f\u6c7a\u5b9a\u3068\u3001\u305d\u306e\u5f8c\u306b\u53d6\u308b\u3079\u304d\u30b9\u30c6\u30c3\u30d7\uff08\u30c7\u30d0\u30a4\u30b9\u3092BAS-IP\u30b5\u30fc\u30d3\u30b9\u30bb\u30f3\u30bf\u30fc\u306b\u9001\u4ed8\u3059\u308b\u304b\u3001\u307e\u305f\u306f\u5b8c\u5168\u306b\u7d44\u307f\u7acb\u3066\u3089\u308c\u305f\u30e2\u30b8\u30e5\u30fc\u30eb\u3092\u304a\u5ba2\u69d8\u306b\u767a\u9001\u3059\u308b\u304b\u306a\u3069\uff09\u306b\u3064\u3044\u3066\u304a\u77e5\u3089\u305b\u3057\u307e\u3059\u3002<\/p>\n<p data-path-to-node=\"6,2,0\">&#8211; \u5b8c\u5168\u306b\u7d44\u307f\u7acb\u3066\u3089\u308c\u305f\u30e2\u30b8\u30e5\u30fc\u30eb\u306e\u767a\u9001\u306e\u5834\u5408\u3001\u3053\u308c\u3089\u306e\u30e2\u30b8\u30e5\u30fc\u30eb\u306f\u3001\u30c7\u30d0\u30a4\u30b9\u304c\u5143\u3005\u8cfc\u5165\u3055\u308c\u305f\u30d1\u30fc\u30c8\u30ca\u30fc\u4f01\u696d\u304b\u3089\u304a\u5ba2\u69d8\u306b\u767a\u9001\u3055\u308c\u307e\u3059\u3002<\/p>\n<p data-path-to-node=\"6,3,0\">&#8211; \u30c7\u30d0\u30a4\u30b9\u3092BAS-IP\u30b5\u30fc\u30d3\u30b9\u30bb\u30f3\u30bf\u30fc\u306b\u9001\u4ed8\u3059\u308b\u5fc5\u8981\u304c\u3042\u308b\u5834\u5408\u306f\u3001\u6b21\u306e\u4f4f\u6240\u3068\u9023\u7d61\u5148\u306e\u8a73\u7d30\u3092\u4f7f\u7528\u3057\u3066\u304f\u3060\u3055\u3044\u3002<\/p>\n<ul>\n<li>Suchovr\u0161ice 110, 54232, \u00dapice, Czech Republic \/ \u010d.p. 110, 542 32 Suchovr\u0161ice, \u010cesk\u00e1 republika<\/li>\n<li>+420234715332<\/li>\n<li>E\u30e1\u30fc\u30eb: <a href=\"mailto:service@bas-ip.com\">service@bas-ip.com<\/a><\/li>\n<li>\u55b6\u696d\u6642\u9593: \u6708\u66dc\u65e5\u304b\u3089\u91d1\u66dc\u65e5\u3001\u5348\u524d 6:00 \u304b\u3089\u5348\u5f8c 2:00 (GMT+0)<\/li>\n<\/ul>\n<p data-path-to-node=\"7\">\u304a\u5ba2\u69d8\u306e\u30c7\u30d0\u30a4\u30b9\u306f\u3001<b>\u304a\u5ba2\u69d8\u306e\u8cbb\u7528\u8ca0\u62c5\u3067<\/b> BAS-IP\u30b5\u30fc\u30d3\u30b9\u30bb\u30f3\u30bf\u30fc\u306b\u9001\u4ed8\u3055\u308c\u308b\u3082\u306e\u3068\u3057\u307e\u3059\u3002\u3042\u308b\u3044\u306f\u3001\u30c7\u30d0\u30a4\u30b9\u306f\u3001\u304a\u5ba2\u69d8\u304c\u30c7\u30d0\u30a4\u30b9\u3092\u8cfc\u5165\u3057\u305f\u30d1\u30fc\u30c8\u30ca\u30fc\u4f01\u696d\u3092\u7d4c\u7531\u3057\u3066BAS-IP\u30b5\u30fc\u30d3\u30b9\u30bb\u30f3\u30bf\u30fc\u306b\u9001\u4ed8\u3059\u308b\u3053\u3068\u3082\u3067\u304d\u307e\u3059\u3002<\/p>\n<p data-path-to-node=\"8\">\u30c7\u30d0\u30a4\u30b9\u304cBAS-IP\u30b5\u30fc\u30d3\u30b9\u30bb\u30f3\u30bf\u30fc\u304b\u3089\u304a\u5ba2\u69d8\u306b\u767a\u9001\u3055\u308c\u308b\u5834\u5408\u3001\u51fa\u8377\u306f\u3001\u30c7\u30d0\u30a4\u30b9\u304c\u5143\u3005\u8cfc\u5165\u3055\u308c\u305f\u30d1\u30fc\u30c8\u30ca\u30fc\u4f01\u696d\u3092\u7d4c\u7531\u3057\u3066\u3001\u307e\u305f\u306fBAS-IP\u30b5\u30fc\u30d3\u30b9\u30bb\u30f3\u30bf\u30fc\u304b\u3089\u76f4\u63a5\u884c\u308f\u308c\u307e\u3059\u3002<\/p>\n<p data-path-to-node=\"9\"><strong>\u88fd\u54c1\u306e\u4fdd\u8a3c\u671f\u9593\u306f\u3001\u8ca9\u58f2\u65e5\u304b\u3089\u4e09\u5341\u516d (36) \u30f6\u6708\u9593\u3067\u3059\u3002<\/strong><\/p>\n<p data-path-to-node=\"10,0,0\">&#8211; \u30c7\u30d0\u30a4\u30b9\u306e\u8f38\u9001\u306f\u3001\u8ca9\u58f2\u8005\u304b\u3089\u63d0\u4f9b\u3055\u308c\u305f<b>\u5143\u306e\u68b1\u5305\u6750<\/b>\u3001\u307e\u305f\u306f\u540c\u7b49\u306e\u4fdd\u8b77\u304a\u3088\u3073\u904b\u7528\u7279\u6027\u3092\u6301\u3064\u68b1\u5305\u6750\u3067\u884c\u3046\u5fc5\u8981\u304c\u3042\u308a\u307e\u3059\u3002<\/p>\n<p data-path-to-node=\"10,1,0\">&#8211; \u8ca9\u58f2\u65e5\u304b\u3089<b>\u5341\u4e8c (12) \u30f6\u6708\u9593<\/b>\u306e\u9650\u5b9a\u4fdd\u8a3c\u306f\u3001\u57cb\u3081\u8fbc\u307f\u578b\u3001\u8868\u9762\u5b9f\u88c5\u578b\u3001\u30c7\u30b9\u30af\u30c8\u30c3\u30d7\u30de\u30a6\u30f3\u30c8\u3001\u30ec\u30a4\u30f3\u30d0\u30a4\u30b6\u30fc\u3001\u30b5\u30f3\u30d0\u30a4\u30b6\u30fc\u3001\u30b9\u30a4\u30d9\u30eb\u30b3\u30fc\u30ca\u30fc\u306a\u3069\u3001\u3055\u307e\u3056\u307e\u306a\u7a2e\u985e\u306e\u53d6\u308a\u4ed8\u3051\u30d6\u30e9\u30b1\u30c3\u30c8\u306b\u9069\u7528\u3055\u308c\u307e\u3059\u3002<\/p>\n<p data-path-to-node=\"10,2,0\">&#8211; \u3053\u308c\u3089\u306e\u4fdd\u8a3c\u6761\u4ef6\u306f\u3001\u6d88\u8cbb\u8005\u306e\u5c45\u4f4f\u56fd\u3067\u9069\u7528\u3055\u308c\u308b\u61b2\u6cd5\u4e0a\u304a\u3088\u3073\u305d\u306e\u4ed6\u306e\u6d88\u8cbb\u8005\u6a29\u5229\u306b<b>\u88dc\u8db3\u7684<\/b>\u3067\u3042\u308a\u3001\u3044\u304b\u306a\u308b\u65b9\u6cd5\u3067\u3082\u305d\u308c\u3089\u306e\u6a29\u5229\u3092\u5236\u9650\u3059\u308b\u3082\u306e\u3067\u306f\u3042\u308a\u307e\u305b\u3093\u3002<\/p>\n<h3>\u4fdd\u8a3c\u6761\u4ef6<\/h3>\n<ol>\n<li data-path-to-node=\"13\">BAS-IP\u306bRMA\uff08\u8fd4\u54c1\u627f\u8a8d\uff09\u30af\u30ec\u30fc\u30e0\u3092\u63d0\u51fa\u3059\u308b\u969b\u306b\u306f\u3001\u6b63\u78ba\u306a\u30c7\u30d0\u30a4\u30b9\u30e2\u30c7\u30eb\uff08\u8272\u3092\u542b\u3080\uff09\u3001\u30c7\u30d0\u30a4\u30b9\u306e\u30b7\u30ea\u30a2\u30eb\u756a\u53f7\u3001\u8cfc\u5165\u65e5\u3001\u304a\u3088\u3073RMA\u306e\u539f\u56e0\u3068\u306a\u308b\u554f\u984c\u306e\u5b8c\u5168\u304b\u3064\u6b63\u78ba\u306a\u8aac\u660e\u3092\u542b\u3080\u30af\u30ec\u30fc\u30e0\u306b\u95a2\u3059\u308b\u8a73\u7d30\u60c5\u5831\u3092\u63d0\u4f9b\u3059\u308b\u5fc5\u8981\u304c\u3042\u308a\u307e\u3059\u3002<\/li>\n<li data-path-to-node=\"13\">BAS-IP\u307e\u305f\u306f\u305d\u306e\u30b5\u30fc\u30d3\u30b9\u30bb\u30f3\u30bf\u30fc\u3078\u306e\u914d\u9001\u306f\u3001<span style=\"font-size: revert; color: initial;\">\u8cfc\u5165\u8005\u306e\u8cac\u4efb\u3068\u8cbb\u7528<\/span><span style=\"font-size: revert; color: initial;\">\u3067\u884c\u308f\u308c\u307e\u3059\u3002<\/span><\/li>\n<li data-path-to-node=\"13\">\u4fdd\u8a3c\u30b5\u30fc\u30d3\u30b9\u306f\u3001\u3053\u306e\u4fdd\u8a3c\u898f\u5b9a\u306b\u5b9a\u3081\u3089\u308c\u305f\u4fdd\u8a3c\u671f\u9593\u5185\u306b\u306e\u307f\u63d0\u4f9b\u3055\u308c\u307e\u3059\u3002<\/li>\n<li data-path-to-node=\"13\">\u30c7\u30d0\u30a4\u30b9\u306e\u52d5\u4f5c\u3092\u56de\u5fa9\u3059\u308b\u305f\u3081\u306b\u8cbb\u3084\u3055\u308c\u305f\u6642\u9593\u306f\u3001\u3053\u306e\u4fdd\u8a3c\u898f\u5b9a\u306b\u5b9a\u3081\u3089\u308c\u305f\u4fdd\u8a3c\u671f\u9593\u306b<span style=\"font-size: revert; color: initial;\">\u8ffd\u52a0\u3055\u308c\u307e\u3059<\/span><span style=\"font-size: revert; color: initial;\">\u3002<\/span><\/li>\n<\/ol>\n<h3>\u4fdd\u8a3c\u6761\u4ef6\u306e\u9055\u53cd<\/h3>\n<ol>\n<li data-path-to-node=\"19\">\u3053\u308c\u3089\u306e\u4fdd\u8a3c\u6761\u4ef6\u306f\u3001\u88fd\u54c1\u306e\u6a19\u6e96\u756a\u53f7\u307e\u305f\u306f\u30b7\u30ea\u30a2\u30eb\u756a\u53f7\u304c\u5909\u66f4\u3001\u6d88\u53bb\u3001\u9664\u53bb\u3001\u307e\u305f\u306f\u5224\u8aad\u4e0d\u80fd\u306b\u3055\u308c\u305f\u5834\u5408\u3001\u7121\u52b9\u306b\u306a\u308a\u307e\u3059\u3002<\/li>\n<li data-path-to-node=\"19\">\u4fdd\u8a3c\u898f\u5b9a\u306f\u3001\u30e6\u30fc\u30b6\u30fc\u30de\u30cb\u30e5\u30a2\u30eb\u306b\u6307\u5b9a\u3055\u308c\u3066\u3044\u308b\u901a\u5e38\u306e\u5229\u7528\u7bc4\u56f2\u3092\u6539\u5584\u307e\u305f\u306f\u62e1\u5f35\u3059\u308b\u3053\u3068\u3092\u76ee\u7684\u3068\u3057\u305f\u3001\u88fd\u54c1\u3078\u306e\u4f55\u3089\u304b\u306e\u4fee\u6b63\u3001\u9069\u5408\u3001\u307e\u305f\u306f\u5909\u66f4\u304c\u3042\u3063\u305f\u5834\u5408\u3001<span style=\"font-size: revert; color: initial;\">\u7121\u52b9<\/span><span style=\"font-size: revert; color: initial;\">\u306b\u306a\u308a\u307e\u3059\u3002<\/span><\/li>\n<li data-path-to-node=\"19\">\u88fd\u54c1\u304c\u305d\u306e\u610f\u56f3\u3055\u308c\u305f\u76ee\u7684\u306b\u53cd\u3057\u3066\u3001\u307e\u305f\u306f\u30e6\u30fc\u30b6\u30fc\u304a\u3088\u3073\u30e1\u30f3\u30c6\u30ca\u30f3\u30b9\u306e\u6307\u793a\u3068\u77db\u76fe\u3059\u308b\u65b9\u6cd5\u3067\u4f7f\u7528\u3055\u308c\u305f\u5834\u5408\u3001\u4fdd\u8a3c\u306f<span style=\"font-size: revert; color: initial;\">\u7121\u52b9<\/span><span style=\"font-size: revert; color: initial;\">\u306b\u306a\u308a\u307e\u3059\u3002<\/span><\/li>\n<li data-path-to-node=\"19\">\u7570\u7269\u3001\u7269\u8cea\u3001\u6db2\u4f53\u3001\u84b8\u6c17\u3001\u8150\u98df\u6027\u30ac\u30b9\u3001\u307e\u305f\u306f\u6606\u866b\u304c\u3001\u5076\u767a\u7684\u307e\u305f\u306f\u610f\u56f3\u7684\u306b\u88fd\u54c1\u306e\u5185\u90e8\u307e\u305f\u306f\u5916\u90e8\u306b\u4fb5\u5165\u3057\u305f\u5834\u5408\u3001\u4fdd\u8a3c\u306e\u9069\u7528\u306f<span style=\"font-size: revert; color: initial;\">\u5931\u308f\u308c\u307e\u3059<\/span><span style=\"font-size: revert; color: initial;\">\u3002<\/span><\/li>\n<li data-path-to-node=\"19\">\u88fd\u54c1\u306e\u4ed6\u306e\u30b7\u30b9\u30c6\u30e0\u3078\u306e\u4e0d\u9069\u5207\u306a\u63a5\u7d9a\u3001\u307e\u305f\u306f\u4e0d\u6b63\u78ba\u306a\u8a2d\u7f6e\u304a\u3088\u3073\u53d6\u308a\u4ed8\u3051\u306e\u5834\u5408\u3001\u4fdd\u8a3c\u306f<span style=\"font-size: revert; color: initial;\">\u7121\u52b9<\/span><span style=\"font-size: revert; color: initial;\">\u306b\u306a\u308a\u307e\u3059\u3002<\/span><\/li>\n<li data-path-to-node=\"19\">\u3053\u306e\u4fdd\u8a3c\u306f\u3001\u88fd\u54c1\u304c\u7d44\u307f\u8fbc\u307e\u308c\u305f\u3001\u307e\u305f\u306f\u7d44\u307f\u5408\u308f\u305b\u3066\u4f7f\u7528\u3055\u308c\u305f<span style=\"font-size: revert; color: initial;\">\u3044\u304b\u306a\u308b\u30b7\u30b9\u30c6\u30e0\u306b\u304a\u3051\u308b\u6b20\u9665\u307e\u305f\u306f\u640d\u5bb3\u306b\u3082\u9069\u7528\u3055\u308c\u307e\u305b\u3093<\/span><span style=\"font-size: revert; color: initial;\">\u3002<\/span><\/li>\n<li data-path-to-node=\"19\">\u88fd\u54c1\u306b\u6a5f\u68b0\u7684\u306a\u640d\u50b7\u3001\u6b20\u3051\u3001\u3078\u3053\u307f\u3001\u3072\u3073\u5272\u308c\u3001\u6539\u3056\u3093\u306e\u5146\u5019\u3001\u307e\u305f\u306f\u985e\u4f3c\u306e\u6b20\u9665\u304c\u898b\u3089\u308c\u308b\u5834\u5408\u3001\u4fdd\u8a3c\u306f<span style=\"font-size: revert; color: initial;\">\u7121\u52b9\u304b\u3064\u30bc\u30ed<\/span><span style=\"font-size: revert; color: initial;\">\u3068\u898b\u306a\u3055\u308c\u307e\u3059\u3002<\/span><\/li>\n<li data-path-to-node=\"19\">\u4fdd\u8a3c\u306f\u3001\u7a3c\u50cd\u56fd\u3067\u9069\u7528\u3055\u308c\u308b\u57fa\u6e96\u306e\u4e0d\u9075\u5b88\u306b\u8d77\u56e0\u3059\u308b\u640d\u50b7\u3092\u53d7\u3051\u305f\u88fd\u54c1\u3092<span style=\"font-size: revert; color: initial;\">\u30ab\u30d0\u30fc\u3057\u307e\u305b\u3093<\/span><span style=\"font-size: revert; color: initial;\">\u3002\u3053\u308c\u306b\u306f\u3001\u96fb\u6e90\u30d1\u30e9\u30e1\u30fc\u30bf\u3001\u96fb\u6c17\u901a\u4fe1\u3001\u30b1\u30fc\u30d6\u30eb\u30cd\u30c3\u30c8\u30ef\u30fc\u30af\u3001\u307e\u305f\u306f\u305d\u306e\u4ed6\u306e\u5916\u90e8\u8981\u56e0\u306b\u95a2\u9023\u3059\u308b\u554f\u984c\u304c\u542b\u307e\u308c\u307e\u3059\u3002<\/span><\/li>\n<li data-path-to-node=\"19\">\u4fdd\u8a3c\u306e\u9069\u7528\u306f\u3001\u81ea\u7136\u707d\u5bb3\u3001\u6226\u4e89\u3001\u706b\u707d\u3001\u6d2a\u6c34\u3001\u843d\u96f7\u3001\u5d50\u3001\u96fb\u5727\u5909\u52d5\u3001\u307e\u305f\u306f\u88fd\u9020\u696d\u8005\u306e\u5236\u5fa1\u3092\u8d85\u3048\u308b\u305d\u306e\u4ed6\u306e\u539f\u56e0\u306a\u3069\u306e<span style=\"font-size: revert; color: initial;\">\u5916\u90e8\u8981\u56e0\u306b\u8d77\u56e0\u3059\u308b\u640d\u50b7\u3092\u9664\u5916\u3057\u307e\u3059<\/span><span style=\"font-size: revert; color: initial;\">\u3002<\/span><\/li>\n<li data-path-to-node=\"19\">\u4e0d\u6b63\u306a\u30b5\u30fc\u30d3\u30b9\u30bb\u30f3\u30bf\u30fc\u3001\u307e\u305f\u306f\u305d\u306e\u3088\u3046\u306a\u4fee\u7406\u3084\u5909\u66f4\u3092\u5b9f\u884c\u3059\u308b\u305f\u3081\u306e\u6cd5\u7684\u6a29\u9650\u3092\u6301\u305f\u306a\u3044\u4eba\u7269\/\u7d44\u7e54\u306b\u3088\u3063\u3066\u4fee\u7406\u307e\u305f\u306f\u5909\u66f4\u304c\u8a66\u307f\u3089\u308c\u305f\u5834\u5408\u3001\u4fdd\u8a3c\u306f<span style=\"font-size: revert; color: initial;\">\u7121\u52b9<\/span><span style=\"font-size: revert; color: initial;\">\u306b\u306a\u308a\u307e\u3059\u3002<\/span><\/li>\n<li data-path-to-node=\"19\">\u3053\u308c\u3089\u306e\u4fdd\u8a3c\u6761\u4ef6\u306f\u3001<span style=\"font-size: revert; color: initial;\">\u4ed8\u5c5e\u54c1<\/span><span style=\"font-size: revert; color: initial;\">\uff08\u30d0\u30c3\u30c6\u30ea\u30fc\u3001\u5916\u90e8\u96fb\u6e90\u3001\u63a5\u7d9a\u30b1\u30fc\u30d6\u30eb\u3001\u30ad\u30fc\u30d5\u30a9\u30d6\u3001\u30ab\u30fc\u30c9\u3001\u8b58\u5225\u5b50\u3092\u542b\u3080\u304c\u3053\u308c\u3089\u306b\u9650\u5b9a\u3055\u308c\u306a\u3044\uff09\u307e\u305f\u306f<\/span><span style=\"font-size: revert; color: initial;\">\u901a\u5e38\u306e\u640d\u8017\u306b\u3055\u3089\u3055\u308c\u308b\u88fd\u54c1\u306e\u90e8\u54c1\u306b\u306f\u9069\u7528\u3055\u308c\u307e\u305b\u3093<\/span><span style=\"font-size: revert; color: initial;\">\u3002<\/span><\/li>\n<\/ol>\n\n\n<p><\/p>","protected":false},"excerpt":{"rendered":"<p>\u73fe\u884c\u306e\u898f\u5b9a\u306b\u306f\u3001BAS-IP\u793e\u30b5\u30fc\u30d3\u30b9\u30bb\u30f3\u30bf\u30fc\u3067\u306e\u6a5f\u5668\u306e\u4fee\u7406\u3068\u3001\u5b8c\u5168\u306b\u7d44\u307f\u7acb\u3066\u3089\u308c\u305f\u30e2\u30b8\u30e5\u30fc\u30eb\u3068\u3057\u3066\u304a\u5ba2\u69d8\u3078\u306e\u90e8\u54c1\u306e\u767a\u9001\u304c\u542b\u307e\u308c\u307e\u3059\u3002 \u30b5\u30fc\u30d3\u30b9\u306b\u95a2\u3059\u308b\u7d71\u8a08\u30c7\u30fc\u30bf\u306b\u3088\u308b\u3068\u3001\u554f\u984c\u306e\u5927\u90e8\u5206\u306f\u3001\u30d5\u30a1\u30fc\u30e0\u30a6\u30a7\u30a2\u306e\u30a2\u30c3\u30d7\u30c7\u30fc\u30c8\u307e\u305f [&hellip;]<\/p>","protected":false},"author":1,"featured_media":0,"parent":0,"menu_order":0,"comment_status":"closed","ping_status":"closed","template":"","meta":{"inline_featured_image":false,"footnotes":""},"class_list":["post-150925","page","type-page","status-publish","hentry"],"acf":[],"_links":{"self":[{"href":"https:\/\/bas-ip.com\/ja\/wp-json\/wp\/v2\/pages\/150925","targetHints":{"allow":["GET"]}}],"collection":[{"href":"https:\/\/bas-ip.com\/ja\/wp-json\/wp\/v2\/pages"}],"about":[{"href":"https:\/\/bas-ip.com\/ja\/wp-json\/wp\/v2\/types\/page"}],"author":[{"embeddable":true,"href":"https:\/\/bas-ip.com\/ja\/wp-json\/wp\/v2\/users\/1"}],"replies":[{"embeddable":true,"href":"https:\/\/bas-ip.com\/ja\/wp-json\/wp\/v2\/comments?post=150925"}],"version-history":[{"count":2,"href":"https:\/\/bas-ip.com\/ja\/wp-json\/wp\/v2\/pages\/150925\/revisions"}],"predecessor-version":[{"id":151015,"href":"https:\/\/bas-ip.com\/ja\/wp-json\/wp\/v2\/pages\/150925\/revisions\/151015"}],"wp:attachment":[{"href":"https:\/\/bas-ip.com\/ja\/wp-json\/wp\/v2\/media?parent=150925"}],"curies":[{"name":"wp","href":"https:\/\/api.w.org\/{rel}","templated":true}]}}