{"id":140870,"date":"2025-06-03T12:48:57","date_gmt":"2025-06-03T12:48:57","guid":{"rendered":"https:\/\/bas-ip.com\/condo-control\/"},"modified":"2025-08-05T10:38:10","modified_gmt":"2025-08-05T10:38:10","slug":"condo-control","status":"publish","type":"page","link":"https:\/\/bas-ip.com\/it\/condo-control\/","title":{"rendered":"Condo Control"},"content":{"rendered":"<h2>BAS-IP e Condo Control annunciano un&#8217;integrazione per migliorare l&#8217;esperienza di vita nei complessi residenziali<\/h2>\n\n<div class=\"wp-block-image\">\n<figure class=\"aligncenter size-large\"><img loading=\"lazy\" decoding=\"async\" width=\"1024\" height=\"235\" src=\"https:\/\/bas-ip.com\/wp-content\/uploads\/2025\/06\/Condo-Control-1024x235.png\" alt=\"\" class=\"wp-image-138764\" srcset=\"https:\/\/bas-ip.com\/wp-content\/uploads\/2025\/06\/Condo-Control-1024x235.png 1024w,  https:\/\/bas-ip.com\/wp-content\/uploads\/2025\/06\/Condo-Control-300x69.png 300w,  https:\/\/bas-ip.com\/wp-content\/uploads\/2025\/06\/Condo-Control-768x177.png 768w,  https:\/\/bas-ip.com\/wp-content\/uploads\/2025\/06\/Condo-Control-767x176.png 767w,  https:\/\/bas-ip.com\/wp-content\/uploads\/2025\/06\/Condo-Control.png 1266w\" sizes=\"auto, (max-width: 1024px) 100vw, 1024px\" \/><\/figure>\n<\/div>\n\n<p>BAS-IP, uno sviluppatore leader di sistemi di videocitofonia IP, e Condo Control, la piattaforma all-in-one che digitalizza le operazioni per pi\u00f9 di 2 milioni di residenti, hanno annunciato oggi un&#8217;integrazione strategica. Questa collaborazione crea un&#8217;unica fonte di dati veritieri per i residenti, eliminando le voci duplicate e consentendo una sincronizzazione continua dei dati tra i due sistemi. Ci\u00f2 si traduce in un nuovo livello di comodit\u00e0 e accuratezza dei dati per i residenti e gli amministratori di propriet\u00e0 in Canada.<\/p>\n<p>La caratteristica principale di questa integrazione \u00e8 la sincronizzazione dell&#8217;elenco dei residenti dalla piattaforma Condo Control con i videocitofoni BAS-IP. Invece di digitare i numeri degli appartamenti, i visitatori scorrono un elenco intelligente alfabetico, toccano un nome e il pannello di chiamata mostra un elenco telefonico con i nomi dei residenti, offrendo un approccio pi\u00f9 intuitivo e centrato sull&#8217;utente.<\/p>\n<p>Il sistema Condo Control funge da interfaccia principale per gli amministratori di propriet\u00e0, che possono facilmente aggiungere, eliminare e aggiornare i dati dei residenti. Queste modifiche vengono trasferite automaticamente all&#8217;elenco intelligente del sistema videocitofonico tramite la piattaforma di gestione BAS-IP Link, che agisce come middleware. BAS-IP Link gestisce anche il processo di chiamata, garantendo una comunicazione affidabile.<\/p>\n<p>Questo miglioramento \u00e8 stato implementato tenendo conto delle preferenze dei residenti canadesi, che sono abituati a ricevere le chiamate sui propri numeri di cellulare personali piuttosto che su un dispositivo fisso all&#8217;interno dell&#8217;appartamento.<\/p>\n<p>&#8220;La nostra missione \u00e8 digitalizzare e semplificare le operazioni della comunit\u00e0&#8221;, ha affermato Brian Bosscher, di Condo Control. &#8220;La partnership con BAS-IP consente agli amministratori di aggiornare i dati una sola volta e offre ai residenti l&#8217;accesso mobile e senza interruzioni che si aspettano.&#8221;<\/p>\n<p><strong><u>Vantaggi principali:<\/u><\/strong><\/p>\n<ul>\n<li><b>Zero inserimenti doppi<\/b> \u2013 i dati dei residenti fluiscono automaticamente.<\/li>\n<li><b>Le chiamate raggiungono la persona giusta al primo tentativo<\/b> \u2013 meno richiami dalla lobby.<\/li>\n<li><b>Esperienza mobile-first<\/b> \u2013 i residenti possono rispondere da qualsiasi telefono cellulare.<\/li>\n<li><b>Sempre aggiornato:<\/b> numeri di telefono, ingressi e uscite si sincronizzano istantaneamente.<\/li>\n<\/ul>\n<p><strong><u>Il processo di chiamata \u00e8 stato migliorato per la massima flessibilit\u00e0:<\/u><\/strong><\/p>\n<ul>\n<li><b>Chiamata diretta al residente:<\/b> I visitatori possono chiamare un residente specifico sul suo numero di telefono personale o nell&#8217;app mobile BAS-IP Link selezionando il suo nome dall&#8217;elenco intelligente o digitando un codice specifico.<\/li>\n<li><b>Chiamata all&#8217;appartamento:<\/b> L&#8217;opzione tradizionale di chiamare simultaneamente tutti i residenti di un appartamento \u00e8 ancora disponibile.<\/li>\n<li><b>Modello ibrido:<\/b> Entrambe le opzioni possono essere supportate contemporaneamente su un unico dispositivo di chiamata.<\/li>\n<\/ul>\n<p><strong><u>Come funziona l&#8217;integrazione:<\/u><\/strong><\/p>\n<ul>\n<li><b>Registrazione:<\/b> L&#8217;amministratore registra un residente nel sistema Condo Control e aggiunge le sue informazioni di contatto.<\/li>\n<li><b>Sincronizzazione:<\/b> Il server BAS-IP Link invia automaticamente i dati del residente all&#8217;elenco intelligente del pannello di chiamata.<\/li>\n<li><b>Chiamata:<\/b> Un corriere o un ospite seleziona il residente per nome o digita il suo codice.<\/li>\n<li><b>Risposta:<\/b> Il residente risponde alla chiamata dal pannello sul suo numero di cellulare personale (tramite un trunk SIP Twilio connesso) o nell&#8217;app BAS-IP Link.<\/li>\n<li><b>Accesso:<\/b> Il residente pu\u00f2 aprire la porta da remoto.<\/li>\n<\/ul>\n<p>L&#8217;integrazione garantisce anche aggiornamenti automatici dei dati. Qualsiasi modifica al numero di telefono di un residente, l&#8217;eliminazione di un utente o una sessione dell&#8217;app mobile nel sistema Condo Control si riflettono immediatamente nello schema di inoltro di BAS-IP Link, garantendo che le informazioni di contatto siano sempre aggiornate.<\/p>\n<p>Questa integrazione rappresenta un passo significativo verso la creazione di spazi abitativi pi\u00f9 intelligenti e convenienti. Combinando la tecnologia di videocitofonia IP all&#8217;avanguardia di BAS-IP con le potenti funzionalit\u00e0 di gestione immobiliare di Condo Control, le aziende stanno offrendo una soluzione che soddisfa le esigenze moderne dei residenti e semplifica il flusso di lavoro per gli amministratori.<\/p>\n\n<!-- START Block Sign Up --><section id=\"block_629678229e935\" class=\"sign-up-section\">\r\n\r\n    <div class=\"form-holder js-form\" data-aos=\"fade-right\">\r\n                    <div class=\"title-block h3\">Sign up for connection<\/div>\r\n        \r\n                    <div class=\"text-block\">\r\n                Filling out all the information needed to answer you as quickly as possible            <\/div>\r\n        \r\n                    \n<div class=\"wpcf7 no-js\" id=\"wpcf7-f102-o1\" lang=\"en-US\" dir=\"ltr\">\n<div class=\"screen-reader-response\"><p role=\"status\" aria-live=\"polite\" aria-atomic=\"true\"><\/p> <ul><\/ul><\/div>\n<form action=\"\/it\/wp-json\/wp\/v2\/pages\/140870#wpcf7-f102-o1\" method=\"post\" class=\"wpcf7-form init\" aria-label=\"Contact form\" enctype=\"multipart\/form-data\" novalidate=\"novalidate\" data-status=\"init\">\n<div style=\"display: none;\">\n<input type=\"hidden\" name=\"_wpcf7\" value=\"102\" \/>\n<input type=\"hidden\" name=\"_wpcf7_version\" value=\"5.8.3\" \/>\n<input type=\"hidden\" name=\"_wpcf7_locale\" value=\"en_US\" \/>\n<input type=\"hidden\" name=\"_wpcf7_unit_tag\" value=\"wpcf7-f102-o1\" \/>\n<input type=\"hidden\" name=\"_wpcf7_container_post\" value=\"0\" \/>\n<input type=\"hidden\" name=\"_wpcf7_posted_data_hash\" value=\"\" \/>\n<input type=\"hidden\" name=\"_wpcf7_recaptcha_response\" value=\"\" \/>\n<\/div>\n<div class=\"row\"> \n <label><span class=\"label-text\">Name<\/span> \n  <span class=\"wpcf7-form-control-wrap\" data-name=\"text-full-name\"><input size=\"40\" class=\"wpcf7-form-control wpcf7-text wpcf7-validates-as-required\" aria-required=\"true\" aria-invalid=\"false\" placeholder=\"Name\" value=\"\" type=\"text\" name=\"text-full-name\" \/><\/span><\/label> \n<\/div> \n<div class=\"row\"> \n <label><span class=\"label-text\">Phone*<\/span> \n<span class=\"wpcf7-form-control-wrap\" data-name=\"phonetext-270\"><input size=\"40\" class=\"wpcf7-form-control wpcf7-phonetext wpcf7-validates-as-required wpcf7-text wpcf7-validates-as-phonetext\" aria-required=\"true\" aria-invalid=\"false\" placeholder=\"Phone*\" value=\"\" type=\"text\" name=\"phonetext-270\" \/><input type=\"hidden\" name=\"phonetext-270-country-code\" class=\"wpcf7-phonetext-country-code\" \/><\/span><\/label> \n<\/div> \n<div class=\"row\"> \n <label><span class=\"label-text\">E-mail<\/span> \n  <span class=\"wpcf7-form-control-wrap\" data-name=\"email-e-mail\"><input size=\"40\" class=\"wpcf7-form-control wpcf7-email wpcf7-validates-as-required wpcf7-text wpcf7-validates-as-email\" aria-required=\"true\" aria-invalid=\"false\" placeholder=\"E-mail\" value=\"\" type=\"email\" name=\"email-e-mail\" \/><\/span><\/label> \n<\/div> \n<div class=\"row\"><span>Your country<\/span> \n <label><span class=\"wpcf7-form-control-wrap\" data-name=\"countrytext-126\"><input size=\"40\" class=\"wpcf7-form-control wpcf7-countrytext wpcf7-text wpcf7-validates-as-countrytext\" aria-invalid=\"false\" value=\"\" type=\"text\" name=\"countrytext-126\" \/><\/span> <\/label>\n<\/div> \n<div class=\"row\"> \n <button type=\"submit\" class=\"btn\">Send<\/button> \n<\/div> \n<div class=\"row\"> \n <span class=\"wpcf7-form-control-wrap\" data-name=\"checkbox-931\"><span class=\"wpcf7-form-control wpcf7-checkbox\"><span class=\"wpcf7-list-item first\"><label><input type=\"checkbox\" name=\"checkbox-931[]\" value=\"Integrator\" \/><span class=\"wpcf7-list-item-label\">Integrator<\/span><\/label><\/span><span class=\"wpcf7-list-item\"><label><input type=\"checkbox\" name=\"checkbox-931[]\" value=\"Builder\" \/><span class=\"wpcf7-list-item-label\">Builder<\/span><\/label><\/span><span class=\"wpcf7-list-item last\"><label><input type=\"checkbox\" name=\"checkbox-931[]\" value=\"End-User\" \/><span class=\"wpcf7-list-item-label\">End-User<\/span><\/label><\/span><\/span><\/span> \n<\/div> \n<div class=\"row row-upload-file\"> \n <label class=\"upload-file-block js-upload-file\">Attach file \n  <span class=\"wpcf7-form-control-wrap\" data-name=\"file-466\"><input size=\"40\" class=\"wpcf7-form-control wpcf7-file\" accept=\"audio\/*,video\/*,image\/*\" aria-invalid=\"false\" type=\"file\" name=\"file-466\" \/><\/span><\/label> \n<\/div><input type='hidden' class='wpcf7-pum' value='{\"closepopup\":false,\"closedelay\":0,\"openpopup\":false,\"openpopup_id\":0}' \/><div class=\"wpcf7-response-output\" aria-hidden=\"true\"><\/div>\n<\/form>\n<\/div>\n            <\/div>\r\n\r\n\t\t    <div class=\"text-holder\" data-aos=\"fade-left\">\r\n\t\t\t\t\t\t    <h3 class=\"title-block\">How Can We Help?<\/h3>\r\n\t\t\t\r\n\t\t\t                <div class=\"text-block\">\r\n                    Please select a topic below related to your inquiry. If you don&#8217;t find what you need, fill out our contact form.                <\/div>\r\n\t\t\t\r\n\t\t\t\t\t\t    <ul class=\"link-list\">\r\n\t\t\t\t\t\t\t\t\t\t\t\t\t\t\t\t\t\t<li>\r\n\t\t\t\t\t\t\t\t\t\t\t\t\t\t\t\t    <strong>Get Inspired<\/strong>\r\n\t\t\t\t\t\t\t\t\t\t\t\t\t\t\t\t\t\t\t\t\t\t\t\t    <a href=\"\/features\/\">\r\n\t\t\t\t\t\t\t\t        Discover what&#8217;s beneath our intercom\t\t\t\t\t\t\t\t    <\/a>\r\n\t\t\t\t\t\t\t\t\t\t\t\t\t\t\t<\/li>\r\n\t\t\t\t\t\t\t\t\t\t\t\t\t\t\t\t\t\t\t\t\t\t\t\t<li>\r\n\t\t\t\t\t\t\t\t\t\t\t\t\t\t\t\t    <strong>Become a Partner<\/strong>\r\n\t\t\t\t\t\t\t\t\t\t\t\t\t\t\t\t\t\t\t\t\t\t\t\t    <a href=\"\/distributors\/\">\r\n\t\t\t\t\t\t\t\t        Expand your business with BAS-IP intercom\t\t\t\t\t\t\t\t    <\/a>\r\n\t\t\t\t\t\t\t\t\t\t\t\t\t\t\t<\/li>\r\n\t\t\t\t\t\t\t\t\t\t\t\t\t\t\t\t\t\t\t\t\t\t\t\t<li>\r\n\t\t\t\t\t\t\t\t\t\t\t\t\t\t\t\t    <strong>Check the Guides<\/strong>\r\n\t\t\t\t\t\t\t\t\t\t\t\t\t\t\t\t\t\t\t\t\t\t\t\t    <a href=\"\/support\/\">\r\n\t\t\t\t\t\t\t\t        Download detailed manuals and schemes\t\t\t\t\t\t\t\t    <\/a>\r\n\t\t\t\t\t\t\t\t\t\t\t\t\t\t\t<\/li>\r\n\t\t\t\t\t\t\t\t\t\t\t\t\t\t\t<\/ul>\r\n\t\t\t\r\n\t\t\t\t\t\t    <h3 class=\"title-block\">Our contacts<\/h3>\r\n\t\t\t\r\n\t\t\t\t\t\t\t<ul class=\"contact-list\">\r\n\t\t\t\t\t\t\t\t\t\t\t\t\t\t\t\t\t\t<li>\r\n\t\t\t\t\t\t\t\t\t\t\t\t\t\t\t\t\t<strong>Sales:<\/strong>\r\n\t\t\t\t\t\t\t\t\t\t\t\t\t\t\t\t\t\t\t\t\t\t\t\t    <a href=\"mailto:&#115;&#97;&#108;e&#115;&#64;&#98;&#97;s-&#105;&#112;&#46;&#99;&#111;m\">&#115;&#97;l&#101;s&#64;ba&#115;&#45;i&#112;&#46;c&#111;&#109;<\/a>\r\n\t\t\t\t\t\t\t\t\t\t\t\t\t\t\t<\/li>\r\n\t\t\t\t\t\t\t\t\t\t\t\t\t\t\t\t\t\t\t\t\t\t\t\t<li>\r\n\t\t\t\t\t\t\t\t\t\t\t\t\t\t\t\t\t<strong>Technical support:<\/strong>\r\n\t\t\t\t\t\t\t\t\t\t\t\t\t\t\t\t\t\t\t\t\t\t\t\t    <a href=\"mailto:s&#117;&#112;port&#64;bas&#45;ip.&#99;om\">&#115;&#117;&#112;&#112;&#111;rt&#64;&#98;&#97;&#115;&#45;i&#112;.com<\/a>\r\n\t\t\t\t\t\t\t\t\t\t\t\t\t\t\t<\/li>\r\n\t\t\t\t\t\t\t\t\t\t\t\t\t\t\t<\/ul>\r\n\t\t\t\t\t<\/div>\r\n\t<\/section>\r\n\r\n\r\n\r\n<!-- END Block Sign Up -->","protected":false},"excerpt":{"rendered":"<p>BAS-IP e Condo Control annunciano un&#8217;integrazione per migliorare l&#8217;esperienza di vita nei complessi residenziali BAS-IP, uno sviluppatore leader di sistemi di videocitofonia IP, e Condo Control, la piattaforma all-in-one che digitalizza le operazioni per pi\u00f9 di 2 milioni di residenti, hanno annunciato oggi un&#8217;integrazione strategica. Questa collaborazione crea un&#8217;unica fonte di dati veritieri per i [&hellip;]<\/p>","protected":false},"author":1,"featured_media":0,"parent":0,"menu_order":0,"comment_status":"closed","ping_status":"closed","template":"page-custom-breadcrumbs.php","meta":{"inline_featured_image":false,"footnotes":""},"class_list":["post-140870","page","type-page","status-publish","hentry"],"acf":[],"_links":{"self":[{"href":"https:\/\/bas-ip.com\/it\/wp-json\/wp\/v2\/pages\/140870","targetHints":{"allow":["GET"]}}],"collection":[{"href":"https:\/\/bas-ip.com\/it\/wp-json\/wp\/v2\/pages"}],"about":[{"href":"https:\/\/bas-ip.com\/it\/wp-json\/wp\/v2\/types\/page"}],"author":[{"embeddable":true,"href":"https:\/\/bas-ip.com\/it\/wp-json\/wp\/v2\/users\/1"}],"replies":[{"embeddable":true,"href":"https:\/\/bas-ip.com\/it\/wp-json\/wp\/v2\/comments?post=140870"}],"version-history":[{"count":2,"href":"https:\/\/bas-ip.com\/it\/wp-json\/wp\/v2\/pages\/140870\/revisions"}],"predecessor-version":[{"id":140948,"href":"https:\/\/bas-ip.com\/it\/wp-json\/wp\/v2\/pages\/140870\/revisions\/140948"}],"wp:attachment":[{"href":"https:\/\/bas-ip.com\/it\/wp-json\/wp\/v2\/media?parent=140870"}],"curies":[{"name":"wp","href":"https:\/\/api.w.org\/{rel}","templated":true}]}}