{"id":133952,"date":"2023-03-27T09:32:04","date_gmt":"2023-03-27T09:32:04","guid":{"rendered":"https:\/\/bas-ip.com\/medical\/"},"modified":"2025-03-20T12:25:34","modified_gmt":"2025-03-20T12:25:34","slug":"medical","status":"publish","type":"page","link":"https:\/\/bas-ip.com\/it\/medical\/","title":{"rendered":"Per ospedali\/Strutture mediche"},"content":{"rendered":"<h1 class=\"wp-block-heading\"><strong>Sistema di interfono ospedaliero di BAS-IP &#8211; Elevate Patient Care<\/strong><\/h1>\n\n\n\n<p>Il settore medico \u00e8 in continua evoluzione per fornire ai pazienti la migliore assistenza possibile. Poich\u00e9 la comunicazione svolge un ruolo cruciale nell&#8217;erogazione di servizi medici efficienti e sicuri, l&#8217;aggiornamento a un sistema di interfono ospedaliero all&#8217;avanguardia \u00e8 indispensabile. Gli innovativi sistemi di interfono medicali di BAS-IP, progettati specificamente per camere bianche e strutture mediche, offrono una comodit\u00e0 e un&#8217;affidabilit\u00e0 senza pari ai professionisti sanitari e ai loro pazienti. In questo articolo, esploriamo le caratteristiche e i vantaggi dell&#8217;interfono ospedaliero di BAS-IP e come pu\u00f2 rivoluzionare il modo in cui operano le strutture mediche.<\/p>\n\n\n\n<h2 class=\"wp-block-heading\"><strong>La potenza dell&#8217;interfono ospedaliero BAS-IP<\/strong><\/h2>\n\n\n<!-- START Block Features --><section id=\"block_64304f018b5e4\" class=\"features-section\">\r\n\t\r\n    <div class=\"features-list\">\r\n                    <div class=\"features-item\" data-aos=\"fade-up\">\r\n    <div class=\"features-box\">\r\n                    <div class=\"image-holder\">\r\n                <img loading=\"lazy\" decoding=\"async\" width=\"350\" height=\"320\" src=\"https:\/\/bas-ip.com\/wp-content\/uploads\/2023\/04\/1-2-350x320.jpg\" class=\"attachment-thumbnail_350x320 size-thumbnail_350x320\" alt=\"\" \/>            <\/div>\r\n        \r\n        <div class=\"text-holder\">\r\n                        <h3 class=\"title-block\">Integrazione perfetta con reti IP locali<\/h3>\r\n          \r\n                        <div class=\"text-block\">\r\n                <p>Uno dei vantaggi significativi dei sistemi di interfono medicali di BAS-IP \u00e8 la loro capacit\u00e0 di operare senza problemi all&#8217;interno della stessa rete locale IP. Questa compatibilit\u00e0 garantisce una comunicazione fluida tra i diversi dispositivi di interfono, riducendo la latenza e migliorando l&#8217;efficienza complessiva.<\/p>\n              <\/div>\r\n                  <\/div>\r\n    <\/div>\r\n<\/div>\r\n                    <div class=\"features-item\" data-aos=\"fade-up\">\r\n    <div class=\"features-box\">\r\n                    <div class=\"image-holder\">\r\n                <img loading=\"lazy\" decoding=\"async\" width=\"350\" height=\"320\" src=\"https:\/\/bas-ip.com\/wp-content\/uploads\/2023\/04\/2-2-350x320.jpg\" class=\"attachment-thumbnail_350x320 size-thumbnail_350x320\" alt=\"\" \/>            <\/div>\r\n        \r\n        <div class=\"text-holder\">\r\n                        <h3 class=\"title-block\">Advanced Features for Enhanced Communication<\/h3>\r\n          \r\n                        <div class=\"text-block\">\r\n                <p>BAS-IP offre una vasta gamma di caratteristiche uniche per il suo sistema di interfono ospedaliero, distinguendolo dai concorrenti. Alcune di queste caratteristiche includono videochiamate HD, controllo accessi e compatibilit\u00e0 con vari dispositivi IP, garantendo una comunicazione semplificata e una maggiore sicurezza per le strutture mediche.<\/p>\n              <\/div>\r\n                  <\/div>\r\n    <\/div>\r\n<\/div>\r\n                    <div class=\"features-item\" data-aos=\"fade-up\">\r\n    <div class=\"features-box\">\r\n                    <div class=\"image-holder\">\r\n                <img loading=\"lazy\" decoding=\"async\" width=\"350\" height=\"320\" src=\"https:\/\/bas-ip.com\/wp-content\/uploads\/2023\/04\/3-2-350x320.jpg\" class=\"attachment-thumbnail_350x320 size-thumbnail_350x320\" alt=\"\" \/>            <\/div>\r\n        \r\n        <div class=\"text-holder\">\r\n                        <h3 class=\"title-block\">Capacit\u00e0 di interfono per camere bianche<\/h3>\r\n          \r\n                        <div class=\"text-block\">\r\n                <p>Le camere bianche richiedono rigorosi standard igienici, e il sistema di interfono ospedaliero di BAS-IP \u00e8 progettato per soddisfare questi requisiti. L&#8217;interfono per camere bianche garantisce che la comunicazione tra i professionisti sanitari rimanga ininterrotta senza compromettere la sterilit\u00e0 e la sicurezza di questi ambienti specializzati.<\/p>\n              <\/div>\r\n                  <\/div>\r\n    <\/div>\r\n<\/div>\r\n            <\/div>\r\n<\/section>\r\n<!-- END Block Features -->\n\n\n<h2 class=\"wp-block-heading\"><strong>Componenti hardware di alta qualit\u00e0 di BAS-IP<\/strong><\/h2>\n\n\n<!-- START Block Features --><section id=\"block_64304f888b5e8\" class=\"features-section\">\r\n\t\r\n    <div class=\"features-list\">\r\n                    <div class=\"features-item\" data-aos=\"fade-up\">\r\n    <div class=\"features-box\">\r\n                    <div class=\"image-holder\">\r\n                <img loading=\"lazy\" decoding=\"async\" width=\"350\" height=\"320\" src=\"https:\/\/bas-ip.com\/wp-content\/uploads\/2023\/04\/4-2-350x320.jpg\" class=\"attachment-thumbnail_350x320 size-thumbnail_350x320\" alt=\"\" \/>            <\/div>\r\n        \r\n        <div class=\"text-holder\">\r\n                        <h3 class=\"title-block\">AV-04AFD \u2013 Il dispositivo interfonico definitivo<\/h3>\r\n          \r\n                        <div class=\"text-block\">\r\n                <p>L&#8217;AV-04AFD \u00e8 un dispositivo di interfono versatile progettato per fornire prestazioni di altissimo livello per le strutture mediche. Con le sue capacit\u00e0 di chiamata audio HD, l&#8217;integrazione del controllo accessi e la compatibilit\u00e0 con vari dispositivi IP, offre caratteristiche di comunicazione e sicurezza senza pari in un design elegante e moderno.<\/p>\n              <\/div>\r\n                  <\/div>\r\n    <\/div>\r\n<\/div>\r\n                    <div class=\"features-item\" data-aos=\"fade-up\">\r\n    <div class=\"features-box\">\r\n                    <div class=\"image-holder\">\r\n                <img loading=\"lazy\" decoding=\"async\" width=\"350\" height=\"320\" src=\"https:\/\/bas-ip.com\/wp-content\/uploads\/2023\/04\/5-3-350x320.jpg\" class=\"attachment-thumbnail_350x320 size-thumbnail_350x320\" alt=\"\" \/>            <\/div>\r\n        \r\n        <div class=\"text-holder\">\r\n                        <h3 class=\"title-block\">AM-02 \u2013 Terminale Consierge Efficiente<\/h3>\r\n          \r\n                        <div class=\"text-block\">\r\n                <p>Il terminale concierge AM-02 garantisce una comunicazione chiara e affidabile tra i professionisti sanitari. Questo dispositivo facile da installare pu\u00f2 essere integrato senza problemi nel sistema di interfono ospedaliero, fornendo una soluzione efficiente ed economica per le strutture mediche.<\/p>\n              <\/div>\r\n                  <\/div>\r\n    <\/div>\r\n<\/div>\r\n                    <div class=\"features-item\" data-aos=\"fade-up\">\r\n    <div class=\"features-box\">\r\n                    <div class=\"image-holder\">\r\n                <img loading=\"lazy\" decoding=\"async\" width=\"350\" height=\"320\" src=\"https:\/\/bas-ip.com\/wp-content\/uploads\/2023\/04\/6-2-350x320.jpg\" class=\"attachment-thumbnail_350x320 size-thumbnail_350x320\" alt=\"\" \/>            <\/div>\r\n        \r\n        <div class=\"text-holder\">\r\n                        <h3 class=\"title-block\">SH-31TM &#8211; Modulo temperatura pannello ingresso<\/h3>\r\n          \r\n                        <div class=\"text-block\">\r\n                <p>Il modulo interfono porta con misurazione della temperatura del polso senza contatto \u00e8 una parte essenziale di un sistema di interfono ospedaliero. Questo dispositivo innovativo combina il controllo degli accessi e le funzioni di screening sanitario per garantire un ambiente sicuro e protetto sia per i pazienti che per il personale nelle strutture sanitarie.<\/p>\n              <\/div>\r\n                  <\/div>\r\n    <\/div>\r\n<\/div>\r\n            <\/div>\r\n<\/section>\r\n<!-- END Block Features -->\n\n<!-- START Block FAQ --><section id=\"block_642163c6f4e28\" class=\"faq-section\">\r\n\t\t    <h2 class=\"title-section\" data-aos=\"fade-right\">Domande frequenti (FAQ)<\/h2>\r\n\t\t\t    <div class=\"faq-list js-accordion\" data-aos=\"fade-up\">\r\n\t\t\t\t\t\t\t\t\t\t\t    <div class=\"accordion-item faq-item\">\r\n                        <div class=\"accordion-opener\">\r\n                            Q: In che modo il sistema di interfono ospedaliero BAS-IP migliora l&#8217;efficienza nelle strutture mediche?                            <i class=\"fa-solid fa-chevron-down\"><\/i>\r\n                        <\/div>\r\n                        <div class=\"accordion-slide\">\r\n\t\t\t\t\t\t    <p>Il sistema di interfono ospedaliero di BAS-IP consente ai professionisti sanitari di comunicare in modo fluido e sicuro, aumentando l&#8217;efficienza complessiva. Integrando funzionalit\u00e0 avanzate come chiamate audio e video HD, controllo accessi e compatibilit\u00e0 con vari dispositivi IP, il sistema semplifica la comunicazione e riduce i tempi di risposta in situazioni critiche.<\/p>\n                        <\/div>\r\n\t\t\t\t\t<\/div>\r\n\t\t\t\t\t\t\t\t\t\t\t\t\t\t\t    <div class=\"accordion-item faq-item\">\r\n                        <div class=\"accordion-opener\">\r\n                            Q: Il sistema interfonico ospedaliero BAS-IP pu\u00f2 essere personalizzato per soddisfare i requisiti specifici di una struttura medica?                            <i class=\"fa-solid fa-chevron-down\"><\/i>\r\n                        <\/div>\r\n                        <div class=\"accordion-slide\">\r\n\t\t\t\t\t\t    <p>S\u00ec, il sistema di interfono ospedaliero BAS-IP pu\u00f2 essere personalizzato per soddisfare le esigenze specifiche di una struttura medica. La sua compatibilit\u00e0 con vari dispositivi IP e l&#8217;integrazione fluida con le reti locali IP garantiscono che il sistema possa essere adattato per fornire la soluzione di comunicazione pi\u00f9 efficiente ed efficace per la tua struttura.<\/p>\n                        <\/div>\r\n\t\t\t\t\t<\/div>\r\n\t\t\t\t\t\t\t\t\t\t\t\t\t\t\t    <div class=\"accordion-item faq-item\">\r\n                        <div class=\"accordion-opener\">\r\n                            Q: Perch\u00e9 l&#8217;interfono per camera bianca BAS-IP \u00e8 adatto agli ambienti sterili?                            <i class=\"fa-solid fa-chevron-down\"><\/i>\r\n                        <\/div>\r\n                        <div class=\"accordion-slide\">\r\n\t\t\t\t\t\t    <p>L&#8217;interfono per camere bianche di BAS-IP \u00e8 progettato per soddisfare i rigorosi standard igienici richiesti negli ambienti sterili. Il sistema garantisce una comunicazione ininterrotta senza compromettere la sterilit\u00e0 e la sicurezza delle camere bianche, rendendolo una scelta ideale per le strutture mediche con severi requisiti di igiene.<\/p>\n                        <\/div>\r\n\t\t\t\t\t<\/div>\r\n\t\t\t\t\t\t\t\t\t\t\t\t\t\t\t    <div class=\"accordion-item faq-item\">\r\n                        <div class=\"accordion-opener\">\r\n                            Q: Quanto \u00e8 semplice installare e manutenere il sistema interfonico ospedaliero BAS-IP?                            <i class=\"fa-solid fa-chevron-down\"><\/i>\r\n                        <\/div>\r\n                        <div class=\"accordion-slide\">\r\n\t\t\t\t\t\t    <p>Il sistema di interfono ospedaliero di BAS-IP \u00e8 progettato per una facile installazione e manutenzione. L&#8217;integrazione fluida del sistema con le reti locali IP semplifica il processo di installazione, mentre i suoi componenti hardware di alta qualit\u00e0, come l&#8217;AV-04AFD e l&#8217;AM-02, garantiscono affidabilit\u00e0 e durata per un uso a lungo termine..<\/p>\n                        <\/div>\r\n\t\t\t\t\t<\/div>\r\n\t\t\t\t\t\t\t\t\t<\/div>\r\n\t<\/section>\r\n<!-- END Block FAQ -->\n\n\n<p>Il sistema di interfono ospedaliero di BAS-IP offre una soluzione di comunicazione avanzata per le strutture mediche, migliorando l&#8217;efficienza, la sicurezza e l&#8217;igiene. Passa oggi stesso al sistema di interfono ospedaliero di BAS-IP e prova la differenza nella comunicazione e nelle operazioni della tua struttura sanitaria.<\/p>","protected":false},"excerpt":{"rendered":"<p>Sistema di interfono ospedaliero di BAS-IP &#8211; Elevate Patient Care Il settore medico \u00e8 in continua evoluzione per fornire ai pazienti la migliore assistenza possibile. Poich\u00e9 la comunicazione svolge un ruolo cruciale nell&#8217;erogazione di servizi medici efficienti e sicuri, l&#8217;aggiornamento a un sistema di interfono ospedaliero all&#8217;avanguardia \u00e8 indispensabile. Gli innovativi sistemi di interfono medicali [&hellip;]<\/p>","protected":false},"author":1,"featured_media":0,"parent":0,"menu_order":0,"comment_status":"closed","ping_status":"closed","template":"","meta":{"inline_featured_image":false,"footnotes":""},"class_list":["post-133952","page","type-page","status-publish","hentry"],"acf":[],"_links":{"self":[{"href":"https:\/\/bas-ip.com\/it\/wp-json\/wp\/v2\/pages\/133952","targetHints":{"allow":["GET"]}}],"collection":[{"href":"https:\/\/bas-ip.com\/it\/wp-json\/wp\/v2\/pages"}],"about":[{"href":"https:\/\/bas-ip.com\/it\/wp-json\/wp\/v2\/types\/page"}],"author":[{"embeddable":true,"href":"https:\/\/bas-ip.com\/it\/wp-json\/wp\/v2\/users\/1"}],"replies":[{"embeddable":true,"href":"https:\/\/bas-ip.com\/it\/wp-json\/wp\/v2\/comments?post=133952"}],"version-history":[{"count":3,"href":"https:\/\/bas-ip.com\/it\/wp-json\/wp\/v2\/pages\/133952\/revisions"}],"predecessor-version":[{"id":134025,"href":"https:\/\/bas-ip.com\/it\/wp-json\/wp\/v2\/pages\/133952\/revisions\/134025"}],"wp:attachment":[{"href":"https:\/\/bas-ip.com\/it\/wp-json\/wp\/v2\/media?parent=133952"}],"curies":[{"name":"wp","href":"https:\/\/api.w.org\/{rel}","templated":true}]}}