{"id":133769,"date":"2023-03-27T16:07:41","date_gmt":"2023-03-27T16:07:41","guid":{"rendered":"https:\/\/bas-ip.com\/gates\/"},"modified":"2025-03-18T11:14:12","modified_gmt":"2025-03-18T11:14:12","slug":"gates","status":"publish","type":"page","link":"https:\/\/bas-ip.com\/it\/gates\/","title":{"rendered":"Cancelli"},"content":{"rendered":"<h1 class=\"wp-block-heading\"><strong>Sistema citofonico per cancelli: migliora la tua sicurezza<\/strong><\/h1>\n\n\n\n<p>Benvenuti nel futuro della gestione degli accessi alle propriet\u00e0, dove convenienza, sicurezza e tecnologia all&#8217;avanguardia si uniscono. Con un sistema di citofono per cancelli BAS-IP, puoi sperimentare un controllo senza precedenti sui punti di accesso della tua propriet\u00e0. Che si tratti di una casa residenziale, di un complesso di appartamenti o di una struttura commerciale, i nostri sistemi di citofono per cancelli offrono caratteristiche uniche che soddisfano ogni tua esigenza. Approfondiremo le caratteristiche principali e i vantaggi del citofono BAS-IP per cancelli, fornendoti tutte le informazioni necessarie per prendere una decisione informata.<\/p>\n\n\n\n<h2 class=\"wp-block-heading\"><strong>Perch\u00e9 scegliere un sistema di citofono per cancelli BAS-IP?<\/strong><\/h2>\n\n\n\n<p>I sistemi di citofoni per cancelli BAS-IP offrono una pletora di funzionalit\u00e0 che li distinguono dai tradizionali citofoni per cancelli. Ecco alcuni dei principali vantaggi della scelta di un sistema di citofoni per cancelli anteriori BAS-IP:<\/p>\n\n\n<!-- START Block Features --><section id=\"block_6430528dc3f3e\" class=\"features-section\">\r\n\t\r\n    <div class=\"features-list\">\r\n                    <div class=\"features-item\" data-aos=\"fade-up\">\r\n    <div class=\"features-box\">\r\n                    <div class=\"image-holder\">\r\n                <img loading=\"lazy\" decoding=\"async\" width=\"350\" height=\"320\" src=\"https:\/\/bas-ip.com\/wp-content\/uploads\/2023\/04\/1-3-350x320.jpg\" class=\"attachment-thumbnail_350x320 size-thumbnail_350x320\" alt=\"\" \/>            <\/div>\r\n        \r\n        <div class=\"text-holder\">\r\n                        <h3 class=\"title-block\">Integrazione perfetta all&#8217;interno della rete locale IP<\/h3>\r\n          \r\n                        <div class=\"text-block\">\r\n                <p>I sistemi di citofono per cancelli BAS-IP sono progettati per funzionare senza problemi all&#8217;interno della stessa rete locale IP, garantendo un&#8217;installazione e una configurazione semplici. Questa integrazione perfetta consente di incorporare facilmente il sistema di citofono nella propria infrastruttura di rete esistente, riducendo al minimo i problemi di compatibilit\u00e0 e diminuendo la complessit\u00e0.<\/p>\n              <\/div>\r\n                  <\/div>\r\n    <\/div>\r\n<\/div>\r\n                    <div class=\"features-item\" data-aos=\"fade-up\">\r\n    <div class=\"features-box\">\r\n                    <div class=\"image-holder\">\r\n                <img loading=\"lazy\" decoding=\"async\" width=\"350\" height=\"320\" src=\"https:\/\/bas-ip.com\/wp-content\/uploads\/2023\/04\/2-3-350x320.jpg\" class=\"attachment-thumbnail_350x320 size-thumbnail_350x320\" alt=\"\" \/>            <\/div>\r\n        \r\n        <div class=\"text-holder\">\r\n                        <h3 class=\"title-block\">Connettivit\u00e0 a lunga distanza<\/h3>\r\n          \r\n                        <div class=\"text-block\">\r\n                <p>Una delle caratteristiche distintive dei sistemi di citofono BAS-IP per cancelli \u00e8 la loro capacit\u00e0 di funzionare su lunghe distanze. Questo li rende una scelta ideale per grandi propriet\u00e0, complessi residenziali estesi o strutture commerciali in cui i punti di accesso possono essere distribuiti su un&#8217;ampia area. Con le soluzioni di citofono per cancelli BAS-IP, puoi mantenere una comunicazione e un controllo sicuri su tutta la tua propriet\u00e0, indipendentemente dalla distanza.<\/p>\n              <\/div>\r\n                  <\/div>\r\n    <\/div>\r\n<\/div>\r\n                    <div class=\"features-item\" data-aos=\"fade-up\">\r\n    <div class=\"features-box\">\r\n                    <div class=\"image-holder\">\r\n                <img loading=\"lazy\" decoding=\"async\" width=\"350\" height=\"320\" src=\"https:\/\/bas-ip.com\/wp-content\/uploads\/2023\/04\/3-3-350x320.jpg\" class=\"attachment-thumbnail_350x320 size-thumbnail_350x320\" alt=\"\" \/>            <\/div>\r\n        \r\n        <div class=\"text-holder\">\r\n                        <h3 class=\"title-block\">Controllo del cancello basato su PC<\/h3>\r\n          \r\n                        <div class=\"text-block\">\r\n                <p>I sistemi di citofono per cancelli BAS-IP offrono la flessibilit\u00e0 di aprire e gestire i cancelli da un PC. Ci\u00f2 significa che \u00e8 possibile controllare l&#8217;accesso da remoto e comodamente senza la necessit\u00e0 di un&#8217;interfaccia fisica dedicata. Che tu sia a casa o in ufficio, avrai il pieno controllo dei punti di accesso della tua propriet\u00e0 a portata di mano.<\/p>\n              <\/div>\r\n                  <\/div>\r\n    <\/div>\r\n<\/div>\r\n                    <div class=\"features-item\" data-aos=\"fade-up\">\r\n    <div class=\"features-box\">\r\n                    <div class=\"image-holder\">\r\n                <img loading=\"lazy\" decoding=\"async\" width=\"350\" height=\"320\" src=\"https:\/\/bas-ip.com\/wp-content\/uploads\/2023\/04\/4-3-350x320.jpg\" class=\"attachment-thumbnail_350x320 size-thumbnail_350x320\" alt=\"\" \/>            <\/div>\r\n        \r\n        <div class=\"text-holder\">\r\n                        <h3 class=\"title-block\">Modulo Dual Lock per la gestione di pi\u00f9 cancelli<\/h3>\r\n          \r\n                        <div class=\"text-block\">\r\n                <p>Il modulo a doppia serratura BAS-IP SH-42 consente di controllare due cancelli contemporaneamente utilizzando un singolo sistema di citofono per cancelli. Questa funzione \u00e8 perfetta per propriet\u00e0 con pi\u00f9 punti di accesso o ingressi separati per pedoni e veicoli, consentendo una gestione efficiente di tutti i cancelli da un sistema centralizzato.<\/p>\n              <\/div>\r\n                  <\/div>\r\n    <\/div>\r\n<\/div>\r\n                    <div class=\"features-item\" data-aos=\"fade-up\">\r\n    <div class=\"features-box\">\r\n                    <div class=\"image-holder\">\r\n                <img loading=\"lazy\" decoding=\"async\" width=\"350\" height=\"320\" src=\"https:\/\/bas-ip.com\/wp-content\/uploads\/2023\/04\/5-4-350x320.jpg\" class=\"attachment-thumbnail_350x320 size-thumbnail_350x320\" alt=\"\" \/>            <\/div>\r\n        \r\n        <div class=\"text-holder\">\r\n                        <h3 class=\"title-block\">Integrazione con sistemi CCTV IP esistenti<\/h3>\r\n          \r\n                        <div class=\"text-block\">\r\n                <p>I sistemi di videocitofono per cancelli BAS-IP possono essere facilmente integrati con la tua infrastruttura IP CCTV esistente. Ci\u00f2 ti consente di monitorare e controllare i punti di accesso della tua propriet\u00e0 utilizzando la stessa interfaccia delle tue telecamere di sicurezza, semplificando la gestione della sicurezza e migliorando l&#8217;efficienza complessiva.<\/p>\n              <\/div>\r\n                  <\/div>\r\n    <\/div>\r\n<\/div>\r\n                    <div class=\"features-item\" data-aos=\"fade-up\">\r\n    <div class=\"features-box\">\r\n                    <div class=\"image-holder\">\r\n                <img loading=\"lazy\" decoding=\"async\" width=\"350\" height=\"320\" src=\"https:\/\/bas-ip.com\/wp-content\/uploads\/2023\/04\/6-3-350x320.jpg\" class=\"attachment-thumbnail_350x320 size-thumbnail_350x320\" alt=\"\" \/>            <\/div>\r\n        \r\n        <div class=\"text-holder\">\r\n                        <h3 class=\"title-block\">Integrazione del riconoscimento delle targhe<\/h3>\r\n          \r\n                        <div class=\"text-block\">\r\n                <p>I pannelli d&#8217;ingresso BAS-IP possono essere integrati con telecamere di riconoscimento targhe, consentendo di automatizzare l&#8217;accesso per i veicoli pre-autorizzati. Questa funzione avanzata migliora significativamente la sicurezza e la comodit\u00e0 aprendo automaticamente le barriere per i veicoli autorizzati, riducendo al minimo i tempi di attesa e diminuendo la necessit\u00e0 di un controllo degli accessi manuale.<\/p>\n              <\/div>\r\n                  <\/div>\r\n    <\/div>\r\n<\/div>\r\n            <\/div>\r\n<\/section>\r\n<!-- END Block Features -->\n\n\n<h2 class=\"wp-block-heading\"><strong>Compatibile con vari tipi di cancelli<\/strong><\/h2>\n\n\n\n<p>I citofoni per cancelli BAS-IP possono essere integrati con diversi meccanismi di cancelli, fornendo un&#8217;esperienza di comunicazione senza interruzioni per gli utenti:<\/p>\n\n\n\n<ol class=\"wp-block-list\">\n<li><strong>Swing gates:<\/strong> Cancelli a battente: Questi cancelli si aprono e si chiudono con un movimento oscillante, verso l&#8217;interno o verso l&#8217;esterno. Sono popolari in contesti residenziali e commerciali grazie al loro aspetto classico e alla facilit\u00e0 d&#8217;uso.<\/li>\n\n\n\n<li><strong>Sliding gates:<\/strong> Cancelli scorrevoli: Comunemente utilizzati in contesti commerciali e industriali, i cancelli scorrevoli si muovono orizzontalmente lungo un binario per aprirsi e chiudersi.<\/li>\n\n\n\n<li><strong>Barrier gates:<\/strong> Barriere automatiche: Spesso presenti in parcheggi e aree ad accesso controllato, le barriere automatiche utilizzano un braccio verticale per controllare l&#8217;entrata e l&#8217;uscita.<\/li>\n\n\n\n<li><strong>Bi-folding gates:<\/strong> Cancelli a libro: Questi cancelli sono costituiti da due pannelli che si piegano insieme all&#8217;apertura, risparmiando spazio e fornendo un aspetto elegante.<\/li>\n\n\n\n<li><strong>Vertical lift gates:<\/strong> Cancelli a sollevamento verticale: Tipicamente utilizzati in aree ad alta sicurezza, i cancelli a sollevamento verticale si muovono su e gi\u00f9 per aprirsi e chiudersi.<\/li>\n\n\n\n<li><strong>Turnstiles:<\/strong> Tornelli: Comuni nei nodi di trasporto pubblico e in alcuni edifici commerciali, i tornelli controllano l&#8217;accesso consentendo il passaggio di una sola persona alla volta.<\/li>\n\n\n\n<li><strong>Pedestrian gates:<\/strong> Cancelli pedonali: Questi cancelli sono progettati specificamente per il traffico pedonale e si trovano in vari contesti, come comunit\u00e0 residenziali, parchi o complessi commerciali.<\/li>\n<\/ol>\n\n\n\n<p>L&#8217;adattabilit\u00e0 del citofono BAS-IP lo rende una scelta ideale per un&#8217;ampia gamma di tipi di cancelli, garantendo un controllo degli accessi efficiente e sicuro per propriet\u00e0 residenziali, commerciali e industriali.<\/p>\n\n\n\n<h2 class=\"wp-block-heading\"><strong>Comprensione dei componenti di un sistema di interfono BAS-IP per cancelli<\/strong><\/h2>\n\n\n\n<p>I sistemi di citofono per cancelli BAS-IP sono costituiti da tre componenti principali, ciascuno dei quali svolge un ruolo cruciale nella creazione di un sistema di citofono per l&#8217;ingresso del cancello completo ed efficiente:<\/p>\n\n\n<!-- START Block Features --><section id=\"block_643053d1c3f45\" class=\"features-section\">\r\n\t\r\n    <div class=\"features-list\">\r\n                    <div class=\"features-item\" data-aos=\"fade-up\">\r\n    <div class=\"features-box\">\r\n                    <div class=\"image-holder\">\r\n                <img loading=\"lazy\" decoding=\"async\" width=\"350\" height=\"320\" src=\"https:\/\/bas-ip.com\/wp-content\/uploads\/2023\/04\/7-1-350x320.jpg\" class=\"attachment-thumbnail_350x320 size-thumbnail_350x320\" alt=\"\" \/>            <\/div>\r\n        \r\n        <div class=\"text-holder\">\r\n                        <h3 class=\"title-block\">Pannelli porta citofonici IP<\/h3>\r\n          \r\n                        <div class=\"text-block\">\r\n                <p>I pannelli d&#8217;ingresso BAS-IP fungono da interfaccia principale per il tuo sistema di citofono per cancelli. Sono progettati per essere resistenti, resistenti alle intemperie e facili da usare. Con una gamma di design e finiture, questi pannelli possono essere personalizzati per adattarsi all&#8217;estetica della tua propriet\u00e0. Dotati di telecamere, microfoni e altoparlanti integrati, i pannelli porta BAS-IP forniscono una comunicazione audio e video cristallina tra il visitatore e il residente o il personale di sicurezza.<\/p>\n              <\/div>\r\n                  <\/div>\r\n    <\/div>\r\n<\/div>\r\n                    <div class=\"features-item\" data-aos=\"fade-up\">\r\n    <div class=\"features-box\">\r\n                    <div class=\"image-holder\">\r\n                <img loading=\"lazy\" decoding=\"async\" width=\"350\" height=\"320\" src=\"https:\/\/bas-ip.com\/wp-content\/uploads\/2023\/04\/8-1-350x320.jpg\" class=\"attachment-thumbnail_350x320 size-thumbnail_350x320\" alt=\"\" \/>            <\/div>\r\n        \r\n        <div class=\"text-holder\">\r\n                        <h3 class=\"title-block\">Videotelefoni<\/h3>\r\n          \r\n                        <div class=\"text-block\">\r\n                <p>I videocitofoni BAS-IP fungono da interfaccia interna per il tuo sistema di citofono, permettendoti di vedere e parlare con i visitatori al tuo cancello. Questi dispositivi offrono comunicazione audio e video di alta qualit\u00e0, assicurandoti di poter identificare chiaramente e comunicare con i tuoi visitatori prima di concedere loro l&#8217;accesso alla tua propriet\u00e0.<\/p>\n              <\/div>\r\n                  <\/div>\r\n    <\/div>\r\n<\/div>\r\n                    <div class=\"features-item\" data-aos=\"fade-up\">\r\n    <div class=\"features-box\">\r\n                    <div class=\"image-holder\">\r\n                <img loading=\"lazy\" decoding=\"async\" width=\"350\" height=\"320\" src=\"https:\/\/bas-ip.com\/wp-content\/uploads\/2023\/04\/9-1-350x320.jpg\" class=\"attachment-thumbnail_350x320 size-thumbnail_350x320\" alt=\"\" \/>            <\/div>\r\n        \r\n        <div class=\"text-holder\">\r\n                        <h3 class=\"title-block\">Switch PoE<\/h3>\r\n          \r\n                        <div class=\"text-block\">\r\n                <p>Gli switch Power over Ethernet (POE) sono un componente essenziale di un citofono BAS-IP per cancelli elettrici. Forniscono sia alimentazione che connettivit\u00e0 dati ai dispositivi del citofono utilizzando un singolo cavo Ethernet. Ci\u00f2 semplifica l&#8217;installazione, riduce l&#8217;ingombro dei cavi e garantisce una connessione affidabile e ad alta velocit\u00e0 tra i componenti del citofono del cancello.<\/p>\n              <\/div>\r\n                  <\/div>\r\n    <\/div>\r\n<\/div>\r\n            <\/div>\r\n<\/section>\r\n<!-- END Block Features -->\n\n<!-- START Block FAQ --><section id=\"block_6421c0e7ae86e\" class=\"faq-section\">\r\n\t\t    <h2 class=\"title-section\" data-aos=\"fade-right\">Domande frequenti (FAQ)<\/h2>\r\n\t\t\t    <div class=\"faq-list js-accordion\" data-aos=\"fade-up\">\r\n\t\t\t\t\t\t\t\t\t\t\t    <div class=\"accordion-item faq-item\">\r\n                        <div class=\"accordion-opener\">\r\n                            Q: Posso utilizzare un sistema di citofono BAS-IP con la mia rete locale IP esistente?                            <i class=\"fa-solid fa-chevron-down\"><\/i>\r\n                        <\/div>\r\n                        <div class=\"accordion-slide\">\r\n\t\t\t\t\t\t    <p>S\u00ec, i sistemi di citofono per cancelli BAS-IP sono progettati per funzionare senza problemi all&#8217;interno della tua rete locale IP esistente, rendendo l&#8217;integrazione facile e senza problemi.<\/p>\n                        <\/div>\r\n\t\t\t\t\t<\/div>\r\n\t\t\t\t\t\t\t\t\t\t\t\t\t\t\t    <div class=\"accordion-item faq-item\">\r\n                        <div class=\"accordion-opener\">\r\n                            Q: Come funzionano i sistemi citofonici BAS-IP per cancelli su lunghe distanze?                            <i class=\"fa-solid fa-chevron-down\"><\/i>\r\n                        <\/div>\r\n                        <div class=\"accordion-slide\">\r\n\t\t\t\t\t\t    <p>I sistemi di citofono per cancelli BAS-IP sono progettati per funzionare in modo efficiente su lunghe distanze, il che li rende una scelta ideale per propriet\u00e0 con punti di accesso distribuiti o grandi strutture.<\/p>\n                        <\/div>\r\n\t\t\t\t\t<\/div>\r\n\t\t\t\t\t\t\t\t\t\t\t\t\t\t\t    <div class=\"accordion-item faq-item\">\r\n                        <div class=\"accordion-opener\">\r\n                            Q: Come posso integrare il mio videocitofono BAS-IP con il mio attuale sistema CCTV IP?                            <i class=\"fa-solid fa-chevron-down\"><\/i>\r\n                        <\/div>\r\n                        <div class=\"accordion-slide\">\r\n\t\t\t\t\t\t    <p>I sistemi di citofono per cancelli BAS-IP possono essere facilmente integrati con la tua infrastruttura IP CCTV esistente, consentendoti di gestire e monitorare i punti di accesso della tua propriet\u00e0 utilizzando la stessa interfaccia delle tue telecamere di sicurezza.<\/p>\n                        <\/div>\r\n\t\t\t\t\t<\/div>\r\n\t\t\t\t\t\t\t\t\t\t\t\t\t\t\t    <div class=\"accordion-item faq-item\">\r\n                        <div class=\"accordion-opener\">\r\n                            Q: \u00c8 possibile controllare pi\u00f9 cancelli utilizzando un unico dispositivo interfonico BAS-IP?                            <i class=\"fa-solid fa-chevron-down\"><\/i>\r\n                        <\/div>\r\n                        <div class=\"accordion-slide\">\r\n\t\t\t\t\t\t    <p>S\u00ec, con il modulo a doppia serratura BAS-IP SH-42, \u00e8 possibile controllare due cancelli contemporaneamente utilizzando un singolo sistema di citofono per cancelli. Questa funzione \u00e8 perfetta per propriet\u00e0 con pi\u00f9 punti di accesso o ingressi separati per pedoni e veicoli.<\/p>\n                        <\/div>\r\n\t\t\t\t\t<\/div>\r\n\t\t\t\t\t\t\t\t\t<\/div>\r\n\t<\/section>\r\n<!-- END Block FAQ -->\n\n\n<p>I sistemi di citofono per cancelli BAS-IP offrono una miscela perfetta di comodit\u00e0, sicurezza e tecnologia avanzata per un controllo senza precedenti sull&#8217;accesso alla tua propriet\u00e0. Con caratteristiche uniche come l&#8217;integrazione perfetta nella rete locale IP, la connettivit\u00e0 a lunga distanza, il controllo dei cancelli basato su PC, la funzionalit\u00e0 del modulo a doppia serratura, l&#8217;integrazione del sistema IP CCTV e la compatibilit\u00e0 con le telecamere di riconoscimento targhe, i sistemi di citofono BAS-IP per cancelli sono una scelta eccezionale per qualsiasi proprietario di immobili che desideri migliorare la propria gestione degli accessi.<\/p>\n\n\n\n<p>Scegliendo un sistema di citofono per cancelli d&#8217;ingresso BAS-IP, investirai in una soluzione che pu\u00f2 facilmente adattarsi alle tue esigenze, crescere con la tua propriet\u00e0 e offrirti la tranquillit\u00e0 che deriva dal sapere che la tua propriet\u00e0 \u00e8 sicura e accessibile solo a chi ti fidi. Prova oggi stesso la differenza che un sistema di citofono per cancelli BAS-IP pu\u00f2 fare per la tua propriet\u00e0.<\/p>","protected":false},"excerpt":{"rendered":"<p>Sistema citofonico per cancelli: migliora la tua sicurezza Benvenuti nel futuro della gestione degli accessi alle propriet\u00e0, dove convenienza, sicurezza e tecnologia all&#8217;avanguardia si uniscono. Con un sistema di citofono per cancelli BAS-IP, puoi sperimentare un controllo senza precedenti sui punti di accesso della tua propriet\u00e0. Che si tratti di una casa residenziale, di un [&hellip;]<\/p>","protected":false},"author":1,"featured_media":0,"parent":0,"menu_order":0,"comment_status":"closed","ping_status":"closed","template":"","meta":{"inline_featured_image":false,"footnotes":""},"class_list":["post-133769","page","type-page","status-publish","hentry"],"acf":[],"_links":{"self":[{"href":"https:\/\/bas-ip.com\/it\/wp-json\/wp\/v2\/pages\/133769","targetHints":{"allow":["GET"]}}],"collection":[{"href":"https:\/\/bas-ip.com\/it\/wp-json\/wp\/v2\/pages"}],"about":[{"href":"https:\/\/bas-ip.com\/it\/wp-json\/wp\/v2\/types\/page"}],"author":[{"embeddable":true,"href":"https:\/\/bas-ip.com\/it\/wp-json\/wp\/v2\/users\/1"}],"replies":[{"embeddable":true,"href":"https:\/\/bas-ip.com\/it\/wp-json\/wp\/v2\/comments?post=133769"}],"version-history":[{"count":3,"href":"https:\/\/bas-ip.com\/it\/wp-json\/wp\/v2\/pages\/133769\/revisions"}],"predecessor-version":[{"id":133878,"href":"https:\/\/bas-ip.com\/it\/wp-json\/wp\/v2\/pages\/133769\/revisions\/133878"}],"wp:attachment":[{"href":"https:\/\/bas-ip.com\/it\/wp-json\/wp\/v2\/media?parent=133769"}],"curies":[{"name":"wp","href":"https:\/\/api.w.org\/{rel}","templated":true}]}}