{"id":133488,"date":"2023-03-27T12:22:38","date_gmt":"2023-03-27T12:22:38","guid":{"rendered":"https:\/\/bas-ip.com\/school\/"},"modified":"2025-03-12T12:02:34","modified_gmt":"2025-03-12T12:02:34","slug":"school","status":"publish","type":"page","link":"https:\/\/bas-ip.com\/it\/school\/","title":{"rendered":"Scuola"},"content":{"rendered":"<h1 class=\"wp-block-heading\"><strong>Sistemi di interfono per le scuole<\/strong><\/h1>\n\n\n\n<p>Nel mondo di oggi, la comunicazione senza interruzioni e la sicurezza sono componenti essenziali di ogni istituzione educativa. Un sistema di interfono scolastico efficiente non solo garantisce una comunicazione rapida, ma migliora anche la sicurezza di studenti, docenti e personale. Entra in gioco il sistema di interfono BAS-IP per le scuole, la soluzione definitiva che combina tecnologia robusta, caratteristiche innovative e prestazioni senza pari. Questo articolo esplora le principali caratteristiche e vantaggi dei sistemi di interfono BAS-IP, mostrando perch\u00e9 sono la scelta migliore per la tua scuola.<\/p>\n\n\n\n<h2 class=\"wp-block-heading\"><strong>La potenza dell&#8217;interfono IP per le scuole<\/strong><\/h2>\n\n\n\n<h3 class=\"wp-block-heading\"><strong>Sistema interfonico IP cablato: la scelta migliore<\/strong><\/h3>\n\n\n\n<p>Mentre i sistemi di interfono wireless offrono un certo livello di comodit\u00e0, i sistemi di interfono IP cablati offrono un livello superiore di affidabilit\u00e0, sicurezza e prestazioni. Utilizzando il sistema di interfono BAS-IP per le scuole, stai investendo in una soluzione sicura e stabile che garantisce comunicazioni e controllo senza interruzioni.<\/p>\n\n\n\n<h3 class=\"wp-block-heading\"><strong>Una soluzione completa per gli istituti scolastici<\/strong><\/h3>\n\n\n\n<p>Il sistema di interfono BAS-IP \u00e8 progettato per soddisfare le esigenze di scuole, campus e universit\u00e0. Si integra perfettamente con pannelli audio, terminali di portineria e switch POE, creando una rete di comunicazione unificata che \u00e8 sia efficiente che conveniente. Con le sue caratteristiche uniche, come il monitoraggio della temperatura all&#8217;ingresso della scuola, questo sistema di interfono garantisce una maggiore sicurezza e comfort per tutti gli utenti.<\/p>\n\n\n\n<h2 class=\"wp-block-heading\"><strong>Componenti chiave del sistema interfonico scolastico BAS-IP<\/strong><\/h2>\n\n\n<!-- START Block Features --><section id=\"block_6430565dc8a2b\" class=\"features-section\">\r\n\t\r\n    <div class=\"features-list\">\r\n                    <div class=\"features-item\" data-aos=\"fade-up\">\r\n    <div class=\"features-box\">\r\n                    <div class=\"image-holder\">\r\n                <img loading=\"lazy\" decoding=\"async\" width=\"350\" height=\"320\" src=\"https:\/\/bas-ip.com\/wp-content\/uploads\/2023\/04\/1-4-350x320.jpg\" class=\"attachment-thumbnail_350x320 size-thumbnail_350x320\" alt=\"\" \/>            <\/div>\r\n        \r\n        <div class=\"text-holder\">\r\n                        <h3 class=\"title-block\">Pannello audio BAS-IP AV-04AFD<\/h3>\r\n          \r\n                        <div class=\"text-block\">\r\n                <p>Il pannello audio AV-04AFD \u00e8 una soluzione di interfono conveniente e ricca di funzionalit\u00e0, progettata specificamente per le istituzioni educative. Consente una comunicazione cristallina tra le diverse aree della scuola, garantendo al contempo un rapido controllo degli accessi.<\/p>\n              <\/div>\r\n                  <\/div>\r\n    <\/div>\r\n<\/div>\r\n                    <div class=\"features-item\" data-aos=\"fade-up\">\r\n    <div class=\"features-box\">\r\n                    <div class=\"image-holder\">\r\n                <img loading=\"lazy\" decoding=\"async\" width=\"350\" height=\"320\" src=\"https:\/\/bas-ip.com\/wp-content\/uploads\/2023\/04\/2-4-350x320.jpg\" class=\"attachment-thumbnail_350x320 size-thumbnail_350x320\" alt=\"\" \/>            <\/div>\r\n        \r\n        <div class=\"text-holder\">\r\n                        <h3 class=\"title-block\">Terminale di portineria BAS-IP AM-02<\/h3>\r\n          \r\n                        <div class=\"text-block\">\r\n                <p>Il terminale di portineria AM-02 funge da punto di controllo centrale per l&#8217;intero sistema di interfono, consentendo al personale di gestire le chiamate, monitorare gli ingressi e concedere l&#8217;accesso con facilit\u00e0. La sua interfaccia intuitiva lo rende la scelta ideale per una comunicazione e una gestione efficienti.<\/p>\n              <\/div>\r\n                  <\/div>\r\n    <\/div>\r\n<\/div>\r\n                    <div class=\"features-item\" data-aos=\"fade-up\">\r\n    <div class=\"features-box\">\r\n                    <div class=\"image-holder\">\r\n                <img loading=\"lazy\" decoding=\"async\" width=\"350\" height=\"320\" src=\"https:\/\/bas-ip.com\/wp-content\/uploads\/2023\/04\/3-4-350x320.jpg\" class=\"attachment-thumbnail_350x320 size-thumbnail_350x320\" alt=\"\" \/>            <\/div>\r\n        \r\n        <div class=\"text-holder\">\r\n                        <h3 class=\"title-block\">Switch PoE a 16 porte BAS-IP SH-20.16<\/h3>\r\n          \r\n                        <div class=\"text-block\">\r\n                <p>L&#8217;interruttore POE a 16 porte SH-20.16 fornisce l&#8217;energia e la connettivit\u00e0 necessarie per il sistema di interfono BAS-IP, garantendo prestazioni fluide e ininterrotte su tutto il campus scolastico.<\/p>\n              <\/div>\r\n                  <\/div>\r\n    <\/div>\r\n<\/div>\r\n                    <div class=\"features-item\" data-aos=\"fade-up\">\r\n    <div class=\"features-box\">\r\n                    <div class=\"image-holder\">\r\n                <img loading=\"lazy\" decoding=\"async\" width=\"350\" height=\"320\" src=\"https:\/\/bas-ip.com\/wp-content\/uploads\/2023\/04\/4-4-350x320.jpg\" class=\"attachment-thumbnail_350x320 size-thumbnail_350x320\" alt=\"\" \/>            <\/div>\r\n        \r\n        <div class=\"text-holder\">\r\n                        <h3 class=\"title-block\">Modello di temperatura BAS-IP SH-31TM<\/h3>\r\n          \r\n                        <div class=\"text-block\">\r\n                <p>Il modello di temperatura SH-31TM pu\u00f2 essere installato all&#8217;ingresso della scuola, permettendo il monitoraggio della temperatura in tempo reale e contribuendo a mantenere un ambiente sano per studenti, personale e visitatori. Aggiungendo questo ulteriore livello di sicurezza, la tua scuola pu\u00f2 affrontare in modo proattivo potenziali preoccupazioni sanitarie e garantire il benessere di tutti nel campus.<\/p>\n              <\/div>\r\n                  <\/div>\r\n    <\/div>\r\n<\/div>\r\n                    <div class=\"features-item features-full-width\" data-aos=\"fade-up\">\r\n    <div class=\"features-box image-position-left\">\r\n                <div class=\"image-holder\">\r\n            <img loading=\"lazy\" decoding=\"async\" width=\"1\" height=\"1\" src=\"https:\/\/bas-ip.com\/wp-content\/uploads\/2023\/04\/school-1.svg\" class=\"attachment-thumbnail_350x320 size-thumbnail_350x320\" alt=\"\" \/>          <\/div>\r\n      \r\n      <div class=\"text-holder\">\r\n                        <h3 class=\"title-block\">Sfruttare le reti IP per un&#8217;integrazione senza soluzione di continuit\u00e0<\/h3>\r\n          \r\n                        <div class=\"text-block\">\r\n                <p>I sistemi di interfono BAS-IP sono progettati per integrarsi perfettamente nella rete locale IP esistente della tua scuola, consentendo un&#8217;installazione e una manutenzione facili. Questa integrazione facilita una comunicazione migliore, il controllo degli accessi e la sicurezza in tutta l&#8217;istituzione educativa.<\/p>\n              <\/div>\r\n                <\/div>\r\n    <\/div>\r\n<\/div>\r\n                    <div class=\"features-item features-full-width\" data-aos=\"fade-up\">\r\n    <div class=\"features-box image-position-right\">\r\n                <div class=\"image-holder\">\r\n            <img loading=\"lazy\" decoding=\"async\" width=\"1\" height=\"1\" src=\"https:\/\/bas-ip.com\/wp-content\/uploads\/2023\/04\/collage-1.svg\" class=\"attachment-thumbnail_350x320 size-thumbnail_350x320\" alt=\"\" \/>          <\/div>\r\n      \r\n      <div class=\"text-holder\">\r\n                        <h3 class=\"title-block\">Accesso e controllo remoto dal tuo PC<\/h3>\r\n          \r\n                        <div class=\"text-block\">\r\n                <p>Con il sistema avanzato di interfono BAS-IP, il personale scolastico pu\u00f2 facilmente utilizzare i propri PC per comunicare tramite l&#8217;interfono, monitorare gli ingressi e controllare l&#8217;accesso alle porte. Questa flessibilit\u00e0 consente di migliorare i tempi di risposta e aumentare l&#8217;efficienza nella gestione delle attivit\u00e0 quotidiane e delle emergenze.<\/p>\n              <\/div>\r\n                <\/div>\r\n    <\/div>\r\n<\/div>\r\n            <\/div>\r\n<\/section>\r\n<!-- END Block Features -->\n\n<!-- START Block FAQ --><section id=\"block_64218de5ac119\" class=\"faq-section\">\r\n\t\t    <h2 class=\"title-section\" data-aos=\"fade-right\">Domande frequenti<\/h2>\r\n\t\t\t    <div class=\"faq-list js-accordion\" data-aos=\"fade-up\">\r\n\t\t\t\t\t\t\t\t\t\t\t    <div class=\"accordion-item faq-item\">\r\n                        <div class=\"accordion-opener\">\r\n                            Q: Il sistema di interfono BAS-IP per le scuole pu\u00f2 essere facilmente integrato nella nostra infrastruttura esistente?                            <i class=\"fa-solid fa-chevron-down\"><\/i>\r\n                        <\/div>\r\n                        <div class=\"accordion-slide\">\r\n\t\t\t\t\t\t    <p>S\u00ec, i sistemi di interfono BAS-IP possono essere facilmente integrati nella rete locale IP esistente della tua scuola, permettendo un processo di installazione senza interruzioni e conveniente.<\/p>\n                        <\/div>\r\n\t\t\t\t\t<\/div>\r\n\t\t\t\t\t\t\t\t\t\t\t\t\t\t\t    <div class=\"accordion-item faq-item\">\r\n                        <div class=\"accordion-opener\">\r\n                            Q: In che modo il sistema di interfono BAS-IP garantisce la sicurezza dei nostri studenti e del personale?                            <i class=\"fa-solid fa-chevron-down\"><\/i>\r\n                        <\/div>\r\n                        <div class=\"accordion-slide\">\r\n\t\t\t\t\t\t    <p>Il sistema di interfono BAS-IP offre numerose caratteristiche di sicurezza, come il monitoraggio della temperatura agli ingressi, il controllo rapido degli accessi e la possibilit\u00e0 di monitorare e gestire la comunicazione e l&#8217;accesso alle porte tramite il PC, garantendo un ambiente sicuro per tutti.<\/p>\n                        <\/div>\r\n\t\t\t\t\t<\/div>\r\n\t\t\t\t\t\t\t\t\t\t\t\t\t\t\t    <div class=\"accordion-item faq-item\">\r\n                        <div class=\"accordion-opener\">\r\n                            Q: Il sistema interfonico BAS-IP \u00e8 compatibile con altri dispositivi e sistemi di comunicazione?                            <i class=\"fa-solid fa-chevron-down\"><\/i>\r\n                        <\/div>\r\n                        <div class=\"accordion-slide\">\r\n\t\t\t\t\t\t    <p>S\u00ec, il sistema di interfono BAS-IP \u00e8 progettato per integrarsi perfettamente con una variet\u00e0 di dispositivi e sistemi di comunicazione, offrendo una soluzione completa e flessibile per le esigenze di comunicazione della tua scuola.<\/p>\n                        <\/div>\r\n\t\t\t\t\t<\/div>\r\n\t\t\t\t\t\t\t\t\t\t\t\t\t\t\t    <div class=\"accordion-item faq-item\">\r\n                        <div class=\"accordion-opener\">\r\n                            Q: Quanto sono affidabili i sistemi di interfono IP cablati rispetto ai sistemi di interfono wireless?                            <i class=\"fa-solid fa-chevron-down\"><\/i>\r\n                        <\/div>\r\n                        <div class=\"accordion-slide\">\r\n\t\t\t\t\t\t    <p>I sistemi di interfono IP cablati, come il sistema di interfono BAS-IP per le scuole, offrono una maggiore affidabilit\u00e0, sicurezza e prestazioni rispetto ai sistemi di interfono wireless. Garantendo una comunicazione e un controllo stabili e senza interruzioni, sono la scelta ideale per le istituzioni educative.<\/p>\n                        <\/div>\r\n\t\t\t\t\t<\/div>\r\n\t\t\t\t\t\t\t\t\t\t\t\t\t\t\t    <div class=\"accordion-item faq-item\">\r\n                        <div class=\"accordion-opener\">\r\n                            Q: Possiamo personalizzare il sistema interfonico BAS-IP per soddisfare le esigenze specifiche della nostra scuola?                            <i class=\"fa-solid fa-chevron-down\"><\/i>\r\n                        <\/div>\r\n                        <div class=\"accordion-slide\">\r\n\t\t\t\t\t\t    <p>S\u00ec, il sistema di interfono BAS-IP \u00e8 altamente personalizzabile e pu\u00f2 essere adattato per soddisfare le esigenze specifiche della tua scuola. Il suo design modulare consente l&#8217;aggiunta di vari componenti, come il modello di temperatura, per migliorare la sicurezza e la funzionalit\u00e0.<\/p>\n                        <\/div>\r\n\t\t\t\t\t<\/div>\r\n\t\t\t\t\t\t\t\t\t<\/div>\r\n\t<\/section>\r\n<!-- END Block FAQ -->\n\n\n<p>Investire in un sistema di interfono affidabile, ricco di funzionalit\u00e0 e sicuro \u00e8 fondamentale per la sicurezza e l&#8217;efficienza di qualsiasi istituzione educativa. Il sistema di interfono BAS-IP per le scuole offre prestazioni impareggiabili, caratteristiche innovative e un&#8217;integrazione senza soluzione di continuit\u00e0 con le reti IP esistenti. Scegliendo BAS-IP, stai investendo nel futuro della comunicazione e delle infrastrutture di sicurezza della tua scuola. Vivi la rivoluzione nella comunicazione con il miglior sistema di interfono scolastico \u2013 BAS-IP. Migliora la sicurezza, la comunicazione e l&#8217;ambiente complessivo della tua istituzione educativa, garantendo il benessere di studenti, personale e visitatori. Non scendere a compromessi sulla qualit\u00e0; affidati a BAS-IP per offrire prestazioni eccezionali e affidabilit\u00e0 alla tua scuola.<\/p>","protected":false},"excerpt":{"rendered":"<p>Sistemi di interfono per le scuole Nel mondo di oggi, la comunicazione senza interruzioni e la sicurezza sono componenti essenziali di ogni istituzione educativa. Un sistema di interfono scolastico efficiente non solo garantisce una comunicazione rapida, ma migliora anche la sicurezza di studenti, docenti e personale. Entra in gioco il sistema di interfono BAS-IP per [&hellip;]<\/p>","protected":false},"author":1,"featured_media":0,"parent":0,"menu_order":0,"comment_status":"closed","ping_status":"closed","template":"","meta":{"inline_featured_image":false,"footnotes":""},"class_list":["post-133488","page","type-page","status-publish","hentry"],"acf":[],"_links":{"self":[{"href":"https:\/\/bas-ip.com\/it\/wp-json\/wp\/v2\/pages\/133488","targetHints":{"allow":["GET"]}}],"collection":[{"href":"https:\/\/bas-ip.com\/it\/wp-json\/wp\/v2\/pages"}],"about":[{"href":"https:\/\/bas-ip.com\/it\/wp-json\/wp\/v2\/types\/page"}],"author":[{"embeddable":true,"href":"https:\/\/bas-ip.com\/it\/wp-json\/wp\/v2\/users\/1"}],"replies":[{"embeddable":true,"href":"https:\/\/bas-ip.com\/it\/wp-json\/wp\/v2\/comments?post=133488"}],"version-history":[{"count":3,"href":"https:\/\/bas-ip.com\/it\/wp-json\/wp\/v2\/pages\/133488\/revisions"}],"predecessor-version":[{"id":133564,"href":"https:\/\/bas-ip.com\/it\/wp-json\/wp\/v2\/pages\/133488\/revisions\/133564"}],"wp:attachment":[{"href":"https:\/\/bas-ip.com\/it\/wp-json\/wp\/v2\/media?parent=133488"}],"curies":[{"name":"wp","href":"https:\/\/api.w.org\/{rel}","templated":true}]}}