{"id":131225,"date":"2025-02-19T15:47:09","date_gmt":"2025-02-19T15:47:09","guid":{"rendered":"https:\/\/bas-ip.com\/intercom-migration-to-link\/"},"modified":"2025-02-24T12:28:36","modified_gmt":"2025-02-24T12:28:36","slug":"intercom-migration-to-link","status":"publish","type":"page","link":"https:\/\/bas-ip.com\/it\/intercom-migration-to-link\/","title":{"rendered":"Migrazione da Intercom a Link"},"content":{"rendered":"<h2 data-sourcepos=\"1:1-1:58\">Intercom si trasferisce su Link: cosa significa per te?<\/h2>\n<p data-sourcepos=\"3:1-3:314\">A partire dal 4 marzo 2025, l&#8217;app Intercom per Android non sar\u00e0 pi\u00f9 disponibile sul Google Play Store. Tuttavia, la versione web e l&#8217;app iOS continueranno a funzionare senza alcuna modifica e i server Intercom rimarranno attivi per garantire stabilit\u00e0 e accesso ai tuoi dati fino alla fine del supporto del server.<\/p>\n<p data-sourcepos=\"5:1-5:230\">Ti invitiamo a passare a Link, una soluzione potente progettata per la tua comodit\u00e0. La piattaforma offre funzionalit\u00e0 di gestione avanzate, un alto livello di stabilit\u00e0 e sicurezza che soddisfa i pi\u00f9 recenti standard del settore.<\/p>\n<p data-sourcepos=\"7:1-7:199\">Capiamo che questo cambiamento potrebbe sollevare delle domande, quindi abbiamo preparato istruzioni dettagliate e un supporto completo per rendere la transizione il pi\u00f9 agevole e semplice possibile.<\/p>\n<h2 data-sourcepos=\"9:1-9:48\">Perch\u00e9 stiamo effettuando questo cambiamento?<\/h2>\n<p data-sourcepos=\"11:1-11:405\">La nostra decisione di passare a Link \u00e8 guidata dalla necessit\u00e0 di fornirti una migliore qualit\u00e0 del servizio e strumenti moderni per la gestione dei dispositivi. L&#8217;app Intercom per Android \u00e8 obsoleta e non soddisfa pi\u00f9 i requisiti attuali. Invece di aggiornare la vecchia piattaforma, abbiamo scelto di sviluppare una soluzione pi\u00f9 potente e intuitiva che stabilir\u00e0 un nuovo standard per la tua comodit\u00e0.<\/p>\n<h2 data-sourcepos=\"13:1-13:14\">Cos&#8217;\u00e8 Link?<\/h2>\n<p data-sourcepos=\"15:1-15:220\">Link \u00e8 una piattaforma progettata per coloro che apprezzano la comodit\u00e0 e l&#8217;affidabilit\u00e0. Sostituisce Intercom e offre pi\u00f9 funzionalit\u00e0, un design migliorato e supporto a lungo termine. Ecco cosa puoi aspettarti da Link:<\/p>\n<ul data-sourcepos=\"17:1-21:0\">\n<li data-sourcepos=\"17:1-17:114\"><strong>Interfaccia riprogettata:<\/strong> Un design semplice e intuitivo creato per un&#8217;esperienza utente senza interruzioni.<\/li>\n<li data-sourcepos=\"18:1-18:132\"><strong>Supporto per dispositivi moderni:<\/strong> Link \u00e8 compatibile con i pi\u00f9 recenti sistemi operativi e si integra con le nuove tecnologie.<\/li>\n<li data-sourcepos=\"19:1-19:150\"><strong>Funzionalit\u00e0 avanzate:<\/strong> Gestione degli accessi, sicurezza e configurazione flessibile dei dispositivi, tutto disponibile sulla nuova piattaforma.<\/li>\n<li data-sourcepos=\"20:1-21:0\"><strong>Stabilit\u00e0 e affidabilit\u00e0:<\/strong> Costruito per gestire carichi elevati, garantendo prestazioni ininterrotte.<\/li>\n<\/ul>\n<h2 data-sourcepos=\"22:1-22:31\">Come avverr\u00e0 la transizione?<\/h2>\n<p data-sourcepos=\"24:1-24:406\">Abbiamo reso il processo di transizione il pi\u00f9 agevole possibile. Gli account Intercom attivi verranno migrati automaticamente alla piattaforma Link e gli utenti riceveranno licenze della versione Basic pari al numero di numeri SIP nel loro account. Il processo \u00e8 progettato per ridurre al minimo eventuali difficolt\u00e0, garantendo al contempo l&#8217;accesso a tutte le funzionalit\u00e0 della piattaforma disponibili.<\/p>\n<p data-sourcepos=\"26:1-26:60\">Per i proprietari di immobili, la transizione sar\u00e0 semplice:<\/p>\n<ol data-sourcepos=\"28:1-30:0\">\n<li data-sourcepos=\"28:1-28:73\">Configura il tuo account e collega i dispositivi citofonici al server.<\/li>\n<li data-sourcepos=\"29:1-30:0\">Compila una tabella con le informazioni sui residenti e caricala nel sistema.<\/li>\n<\/ol>\n<p data-sourcepos=\"31:1-31:144\">Il sistema gestir\u00e0 il resto: creer\u00e0 account utente, invier\u00e0 inviti, configurer\u00e0 i dispositivi citofonici e garantir\u00e0 l&#8217;accesso alla piattaforma.<\/p>\n<p data-sourcepos=\"33:1-33:136\">I residenti dovranno solo completare la registrazione tramite l&#8217;invito e potranno iniziare a utilizzare il nuovo sistema immediatamente.<\/p>\n<h2 data-sourcepos=\"35:1-35:28\">Cosa far\u00e0 la piattaforma:<\/h2>\n<ul data-sourcepos=\"37:1-40:0\">\n<li data-sourcepos=\"37:1-37:100\">Collegher\u00e0 automaticamente gli account utente ai loro dispositivi e fornir\u00e0 l&#8217;accesso al servizio.<\/li>\n<li data-sourcepos=\"38:1-38:99\">Configurer\u00e0 l&#8217;integrazione del citofono, inclusa la sincronizzazione della rubrica se necessario.<\/li>\n<li data-sourcepos=\"39:1-40:0\">Elaborer\u00e0 i dati e rilascer\u00e0 licenze della versione Basic per Link.<\/li>\n<\/ul>\n<p data-sourcepos=\"41:1-41:178\">Per casi pi\u00f9 complessi, come lavorare con dispositivi meno recenti o trasferire manualmente i dati, abbiamo sviluppato strumenti per aiutare i partner a semplificare il processo.<\/p>\n<h2 data-sourcepos=\"43:1-43:32\">Quali sono i vantaggi per te?<\/h2>\n<p data-sourcepos=\"45:1-45:121\">Per rendere la transizione il pi\u00f9 vantaggiosa possibile, la piattaforma Link offre una vasta gamma di nuove funzionalit\u00e0:<\/p>\n<p data-sourcepos=\"47:1-47:27\"><strong>Gestione degli accessi:<\/strong><\/p>\n<ul data-sourcepos=\"49:1-50:0\">\n<li data-sourcepos=\"49:1-50:0\">Pieno controllo sull&#8217;accesso agli edifici tramite l&#8217;app mobile, incluso lo sblocco remoto delle porte e la gestione dell&#8217;accesso degli ospiti.<\/li>\n<\/ul>\n<p data-sourcepos=\"51:1-51:43\"><strong>Funzionalit\u00e0 di interazione migliorate:<\/strong><\/p>\n<ul data-sourcepos=\"53:1-54:0\">\n<li data-sourcepos=\"53:1-54:0\">Integrazione con dispositivi moderni come Apple Watch e Siri, gestione degli eventi familiari e prenotazione delle stanze tramite la piattaforma.<\/li>\n<\/ul>\n<p data-sourcepos=\"55:1-55:33\"><strong>Registrazione e monitoraggio:<\/strong><\/p>\n<ul data-sourcepos=\"57:1-58:0\">\n<li data-sourcepos=\"57:1-58:0\">Visualizza la cronologia delle chiamate, i registri di accesso e gestisci programmi e restrizioni.<\/li>\n<\/ul>\n<p data-sourcepos=\"59:1-59:35\"><strong>Modularit\u00e0 e personalizzazione:<\/strong><\/p>\n<ul data-sourcepos=\"61:1-62:0\">\n<li data-sourcepos=\"61:1-62:0\">Crea spazi per propriet\u00e0 residenziali e commerciali, configura regole di inoltro di chiamata flessibili e gestisci gli elenchi telefonici.<\/li>\n<\/ul>\n<p data-sourcepos=\"63:1-63:39\"><strong>Funzionalit\u00e0 di telefonia avanzate:<\/strong><\/p>\n<ul data-sourcepos=\"65:1-66:0\">\n<li data-sourcepos=\"65:1-66:0\">Supporto per trunk SIP, numeri virtuali e funzionalit\u00e0 softphone per comunicazioni senza interruzioni.<\/li>\n<\/ul>\n<p data-sourcepos=\"67:1-67:27\"><strong>Strumenti di sicurezza:<\/strong><\/p>\n<ul data-sourcepos=\"69:1-70:0\">\n<li data-sourcepos=\"69:1-70:0\">Integrazione con dispositivi di chiamata di emergenza, gestione degli accessi agli ascensori e controllo delle aree riservate.<\/li>\n<\/ul>\n<h2 data-sourcepos=\"71:1-71:31\">Come informeremo gli utenti?<\/h2>\n<p data-sourcepos=\"73:1-73:85\">Abbiamo preparato una serie di notifiche per guidarti in ogni fase della transizione:<\/p>\n<ul data-sourcepos=\"75:1-79:0\">\n<li data-sourcepos=\"75:1-75:177\"><strong>Email informative:<\/strong> Riceverai email che descrivono in dettaglio le modifiche, la cronologia della transizione, i vantaggi di Link e le istruzioni di migrazione dettagliate.<\/li>\n<li data-sourcepos=\"76:1-76:136\"><strong>Inviti alla registrazione:<\/strong> Dopo la migrazione dei dati, riceverai un invito a completare la registrazione sulla nuova piattaforma.<\/li>\n<li data-sourcepos=\"77:1-77:145\"><strong>Promemoria:<\/strong> Se necessario, invieremo promemoria per assicurarti di completare la configurazione e iniziare a utilizzare Link senza ritardi.<\/li>\n<li data-sourcepos=\"78:1-79:0\"><strong>Supporto utenti:<\/strong> Il nostro team sar\u00e0 disponibile a rispondere alle tue domande via email e altri canali di supporto.<\/li>\n<\/ul>\n<h2 data-sourcepos=\"80:1-80:55\">Migrazione da Intercom a Link: una guida dettagliata<\/h2>\n<p data-sourcepos=\"82:1-82:304\">Per garantire una transizione senza problemi, riceverai un invito a partecipare al nuovo server Link tra il 20 e il 25 febbraio. Questo invito verr\u00e0 inviato all&#8217;indirizzo email che hai utilizzato per registrarti con Intercom. Controlla la tua casella di posta (e la cartella spam) durante questo periodo.<\/p>\n<h2 data-sourcepos=\"84:1-84:25\">Come iniziare con Link<\/h2>\n<ol data-sourcepos=\"86:1-90:0\">\n<li data-sourcepos=\"86:1-86:92\"><strong>Accetta l&#8217;invito:<\/strong> Fai clic sul link nell&#8217;email di invito per accedere al server Link.<\/li>\n<li data-sourcepos=\"87:1-87:96\"><strong>Crea una password:<\/strong> Ti verr\u00e0 chiesto di creare una nuova password per il tuo account Link.<\/li>\n<li data-sourcepos=\"88:1-88:144\"><strong>Accedi:<\/strong> Dopo aver creato la password, puoi accedere al server Link utilizzando il tuo indirizzo email registrato e la tua nuova password.<\/li>\n<li data-sourcepos=\"89:1-90:0\"><strong>Segui le istruzioni di configurazione:<\/strong> Dopo aver effettuato l&#8217;accesso, verrai guidato attraverso il processo di configurazione. Le istruzioni varieranno a seconda del tipo di utente e dell&#8217;apparecchiatura.<\/li>\n<\/ol>\n<h2 data-sourcepos=\"91:1-91:37\">Istruzioni specifiche per l&#8217;utente<\/h2>\n<p data-sourcepos=\"93:1-93:129\">Per semplificare il pi\u00f9 possibile il processo di migrazione, abbiamo fornito istruzioni dettagliate per diversi gruppi di utenti:<\/p>\n<p data-sourcepos=\"95:1-95:12\"><strong>Partner<\/strong><strong style=\"font-size: revert; color: initial;\">:<\/strong><\/p>\n<div id=\"model-response-message-contentr_7cc64dd4d44cdcb4\" class=\"markdown markdown-main-panel\" dir=\"ltr\">\n<ul>\n<li><a href=\"https:\/\/basip.atlassian.net\/wiki\/spaces\/migrationtothelink\/pages\/354812908\" target=\"_blank\" rel=\"noopener\">Proprietari di nuove apparecchiature o responsabili della loro configurazione<\/a><\/li>\n<li><a href=\"https:\/\/basip.atlassian.net\/wiki\/spaces\/migrationtothelink\/pages\/354713882\" target=\"_blank\" rel=\"noopener\">Proprietari di vecchie apparecchiature (o responsabili della loro configurazione) che <em>non<\/em> possono essere connesse al nuovo server Link<\/a><\/li>\n<li><a style=\"font-size: revert;\" href=\"https:\/\/basip.atlassian.net\/wiki\/spaces\/migrationtothelink\/pages\/354877460\" target=\"_blank\" rel=\"noopener\">Proprietari di vecchie apparecchiature (o responsabili della loro configurazione) che <em>supportano<\/em> la connessione al nuovo server Linkr<\/a><\/li>\n<\/ul>\n<p><strong>Residenti di complessi residenziali o clienti privati:<\/strong><\/p>\n<ul>\n<li><a href=\"https:\/\/basip.atlassian.net\/wiki\/spaces\/migrationtothelink\/pages\/354713902\" target=\"_blank\" rel=\"noopener\">Utenti Intercom che non hanno un citofono ma hanno un&#8217;app mobile<\/a><\/li>\n<li><a href=\"https:\/\/basip.atlassian.net\/wiki\/spaces\/migrationtothelink\/pages\/354713892\" target=\"_blank\" rel=\"noopener\">Utenti Intercom che hanno sia un citofono che un&#8217;app mobile<\/a><\/li>\n<\/ul>\n<p data-sourcepos=\"1:1-1:233\">Ti invitiamo a consultare le istruzioni pertinenti al tuo tipo di utente e alle tue apparecchiature. In caso di domande o necessit\u00e0 di assistenza durante il processo di migrazione, non esitare a contattare il nostro team di supporto.<\/p>\n<p data-sourcepos=\"3:1-3:121\">Siamo certi che apprezzerai la migliore esperienza di comunicazione offerta da Link. Grazie per il tuo continuo supporto!<\/p>\n<p data-sourcepos=\"5:1-5:18\">Benvenuto su Link!<\/p>\n<\/div>\n\n<!-- START Block Sign Up --><section id=\"block_629678229e935\" class=\"sign-up-section\">\r\n\r\n    <div class=\"form-holder js-form\" data-aos=\"fade-right\">\r\n                    <div class=\"title-block h3\">Sign up for connection<\/div>\r\n        \r\n                    <div class=\"text-block\">\r\n                Filling out all the information needed to answer you as quickly as possible            <\/div>\r\n        \r\n                    \n<div class=\"wpcf7 no-js\" id=\"wpcf7-f102-o1\" lang=\"en-US\" dir=\"ltr\">\n<div class=\"screen-reader-response\"><p role=\"status\" aria-live=\"polite\" aria-atomic=\"true\"><\/p> <ul><\/ul><\/div>\n<form action=\"\/it\/wp-json\/wp\/v2\/pages\/131225#wpcf7-f102-o1\" method=\"post\" class=\"wpcf7-form init\" aria-label=\"Contact form\" enctype=\"multipart\/form-data\" novalidate=\"novalidate\" data-status=\"init\">\n<div style=\"display: none;\">\n<input type=\"hidden\" name=\"_wpcf7\" value=\"102\" \/>\n<input type=\"hidden\" name=\"_wpcf7_version\" value=\"5.8.3\" \/>\n<input type=\"hidden\" name=\"_wpcf7_locale\" value=\"en_US\" \/>\n<input type=\"hidden\" name=\"_wpcf7_unit_tag\" value=\"wpcf7-f102-o1\" \/>\n<input type=\"hidden\" name=\"_wpcf7_container_post\" value=\"0\" \/>\n<input type=\"hidden\" name=\"_wpcf7_posted_data_hash\" value=\"\" \/>\n<input type=\"hidden\" name=\"_wpcf7_recaptcha_response\" value=\"\" \/>\n<\/div>\n<div class=\"row\"> \n <label><span class=\"label-text\">Name<\/span> \n  <span class=\"wpcf7-form-control-wrap\" data-name=\"text-full-name\"><input size=\"40\" class=\"wpcf7-form-control wpcf7-text wpcf7-validates-as-required\" aria-required=\"true\" aria-invalid=\"false\" placeholder=\"Name\" value=\"\" type=\"text\" name=\"text-full-name\" \/><\/span><\/label> \n<\/div> \n<div class=\"row\"> \n <label><span class=\"label-text\">Phone*<\/span> \n<span class=\"wpcf7-form-control-wrap\" data-name=\"phonetext-270\"><input size=\"40\" class=\"wpcf7-form-control wpcf7-phonetext wpcf7-validates-as-required wpcf7-text wpcf7-validates-as-phonetext\" aria-required=\"true\" aria-invalid=\"false\" placeholder=\"Phone*\" value=\"\" type=\"text\" name=\"phonetext-270\" \/><input type=\"hidden\" name=\"phonetext-270-country-code\" class=\"wpcf7-phonetext-country-code\" \/><\/span><\/label> \n<\/div> \n<div class=\"row\"> \n <label><span class=\"label-text\">E-mail<\/span> \n  <span class=\"wpcf7-form-control-wrap\" data-name=\"email-e-mail\"><input size=\"40\" class=\"wpcf7-form-control wpcf7-email wpcf7-validates-as-required wpcf7-text wpcf7-validates-as-email\" aria-required=\"true\" aria-invalid=\"false\" placeholder=\"E-mail\" value=\"\" type=\"email\" name=\"email-e-mail\" \/><\/span><\/label> \n<\/div> \n<div class=\"row\"><span>Your country<\/span> \n <label><span class=\"wpcf7-form-control-wrap\" data-name=\"countrytext-126\"><input size=\"40\" class=\"wpcf7-form-control wpcf7-countrytext wpcf7-text wpcf7-validates-as-countrytext\" aria-invalid=\"false\" value=\"\" type=\"text\" name=\"countrytext-126\" \/><\/span> <\/label>\n<\/div> \n<div class=\"row\"> \n <button type=\"submit\" class=\"btn\">Send<\/button> \n<\/div> \n<div class=\"row\"> \n <span class=\"wpcf7-form-control-wrap\" data-name=\"checkbox-931\"><span class=\"wpcf7-form-control wpcf7-checkbox\"><span class=\"wpcf7-list-item first\"><label><input type=\"checkbox\" name=\"checkbox-931[]\" value=\"Integrator\" \/><span class=\"wpcf7-list-item-label\">Integrator<\/span><\/label><\/span><span class=\"wpcf7-list-item\"><label><input type=\"checkbox\" name=\"checkbox-931[]\" value=\"Builder\" \/><span class=\"wpcf7-list-item-label\">Builder<\/span><\/label><\/span><span class=\"wpcf7-list-item last\"><label><input type=\"checkbox\" name=\"checkbox-931[]\" value=\"End-User\" \/><span class=\"wpcf7-list-item-label\">End-User<\/span><\/label><\/span><\/span><\/span> \n<\/div> \n<div class=\"row row-upload-file\"> \n <label class=\"upload-file-block js-upload-file\">Attach file \n  <span class=\"wpcf7-form-control-wrap\" data-name=\"file-466\"><input size=\"40\" class=\"wpcf7-form-control wpcf7-file\" accept=\"audio\/*,video\/*,image\/*\" aria-invalid=\"false\" type=\"file\" name=\"file-466\" \/><\/span><\/label> \n<\/div><input type='hidden' class='wpcf7-pum' value='{\"closepopup\":false,\"closedelay\":0,\"openpopup\":false,\"openpopup_id\":0}' \/><div class=\"wpcf7-response-output\" aria-hidden=\"true\"><\/div>\n<\/form>\n<\/div>\n            <\/div>\r\n\r\n\t\t    <div class=\"text-holder\" data-aos=\"fade-left\">\r\n\t\t\t\t\t\t    <h3 class=\"title-block\">How Can We Help?<\/h3>\r\n\t\t\t\r\n\t\t\t                <div class=\"text-block\">\r\n                    Please select a topic below related to your inquiry. If you don&#8217;t find what you need, fill out our contact form.                <\/div>\r\n\t\t\t\r\n\t\t\t\t\t\t    <ul class=\"link-list\">\r\n\t\t\t\t\t\t\t\t\t\t\t\t\t\t\t\t\t\t<li>\r\n\t\t\t\t\t\t\t\t\t\t\t\t\t\t\t\t    <strong>Get Inspired<\/strong>\r\n\t\t\t\t\t\t\t\t\t\t\t\t\t\t\t\t\t\t\t\t\t\t\t\t    <a href=\"\/features\/\">\r\n\t\t\t\t\t\t\t\t        Discover what&#8217;s beneath our intercom\t\t\t\t\t\t\t\t    <\/a>\r\n\t\t\t\t\t\t\t\t\t\t\t\t\t\t\t<\/li>\r\n\t\t\t\t\t\t\t\t\t\t\t\t\t\t\t\t\t\t\t\t\t\t\t\t<li>\r\n\t\t\t\t\t\t\t\t\t\t\t\t\t\t\t\t    <strong>Become a Partner<\/strong>\r\n\t\t\t\t\t\t\t\t\t\t\t\t\t\t\t\t\t\t\t\t\t\t\t\t    <a href=\"\/distributors\/\">\r\n\t\t\t\t\t\t\t\t        Expand your business with BAS-IP intercom\t\t\t\t\t\t\t\t    <\/a>\r\n\t\t\t\t\t\t\t\t\t\t\t\t\t\t\t<\/li>\r\n\t\t\t\t\t\t\t\t\t\t\t\t\t\t\t\t\t\t\t\t\t\t\t\t<li>\r\n\t\t\t\t\t\t\t\t\t\t\t\t\t\t\t\t    <strong>Check the Guides<\/strong>\r\n\t\t\t\t\t\t\t\t\t\t\t\t\t\t\t\t\t\t\t\t\t\t\t\t    <a href=\"\/support\/\">\r\n\t\t\t\t\t\t\t\t        Download detailed manuals and schemes\t\t\t\t\t\t\t\t    <\/a>\r\n\t\t\t\t\t\t\t\t\t\t\t\t\t\t\t<\/li>\r\n\t\t\t\t\t\t\t\t\t\t\t\t\t\t\t<\/ul>\r\n\t\t\t\r\n\t\t\t\t\t\t    <h3 class=\"title-block\">Our contacts<\/h3>\r\n\t\t\t\r\n\t\t\t\t\t\t\t<ul class=\"contact-list\">\r\n\t\t\t\t\t\t\t\t\t\t\t\t\t\t\t\t\t\t<li>\r\n\t\t\t\t\t\t\t\t\t\t\t\t\t\t\t\t\t<strong>Sales:<\/strong>\r\n\t\t\t\t\t\t\t\t\t\t\t\t\t\t\t\t\t\t\t\t\t\t\t\t    <a href=\"mailto:s&#97;&#108;e&#115;&#64;&#98;a&#115;-&#105;&#112;&#46;c&#111;&#109;\">s&#97;l&#101;s&#64;&#98;a&#115;-&#105;&#112;&#46;&#99;&#111;&#109;<\/a>\r\n\t\t\t\t\t\t\t\t\t\t\t\t\t\t\t<\/li>\r\n\t\t\t\t\t\t\t\t\t\t\t\t\t\t\t\t\t\t\t\t\t\t\t\t<li>\r\n\t\t\t\t\t\t\t\t\t\t\t\t\t\t\t\t\t<strong>Technical support:<\/strong>\r\n\t\t\t\t\t\t\t\t\t\t\t\t\t\t\t\t\t\t\t\t\t\t\t\t    <a href=\"mailto:&#115;&#117;pp&#111;rt&#64;&#98;&#97;&#115;&#45;ip&#46;co&#109;\">&#115;&#117;&#112;&#112;o&#114;&#116;&#64;&#98;&#97;&#115;&#45;&#105;&#112;&#46;&#99;&#111;m<\/a>\r\n\t\t\t\t\t\t\t\t\t\t\t\t\t\t\t<\/li>\r\n\t\t\t\t\t\t\t\t\t\t\t\t\t\t\t<\/ul>\r\n\t\t\t\t\t<\/div>\r\n\t<\/section>\r\n\r\n\r\n\r\n<!-- END Block Sign Up -->","protected":false},"excerpt":{"rendered":"<p>Intercom si trasferisce su Link: cosa significa per te? A partire dal 4 marzo 2025, l&#8217;app Intercom per Android non sar\u00e0 pi\u00f9 disponibile sul Google Play Store. Tuttavia, la versione web e l&#8217;app iOS continueranno a funzionare senza alcuna modifica e i server Intercom rimarranno attivi per garantire stabilit\u00e0 e accesso ai tuoi dati fino [&hellip;]<\/p>","protected":false},"author":1,"featured_media":0,"parent":0,"menu_order":0,"comment_status":"closed","ping_status":"closed","template":"","meta":{"inline_featured_image":false,"footnotes":""},"class_list":["post-131225","page","type-page","status-publish","hentry"],"acf":[],"_links":{"self":[{"href":"https:\/\/bas-ip.com\/it\/wp-json\/wp\/v2\/pages\/131225","targetHints":{"allow":["GET"]}}],"collection":[{"href":"https:\/\/bas-ip.com\/it\/wp-json\/wp\/v2\/pages"}],"about":[{"href":"https:\/\/bas-ip.com\/it\/wp-json\/wp\/v2\/types\/page"}],"author":[{"embeddable":true,"href":"https:\/\/bas-ip.com\/it\/wp-json\/wp\/v2\/users\/1"}],"replies":[{"embeddable":true,"href":"https:\/\/bas-ip.com\/it\/wp-json\/wp\/v2\/comments?post=131225"}],"version-history":[{"count":2,"href":"https:\/\/bas-ip.com\/it\/wp-json\/wp\/v2\/pages\/131225\/revisions"}],"predecessor-version":[{"id":131520,"href":"https:\/\/bas-ip.com\/it\/wp-json\/wp\/v2\/pages\/131225\/revisions\/131520"}],"wp:attachment":[{"href":"https:\/\/bas-ip.com\/it\/wp-json\/wp\/v2\/media?parent=131225"}],"curies":[{"name":"wp","href":"https:\/\/api.w.org\/{rel}","templated":true}]}}