{"id":123062,"date":"2023-03-31T12:50:05","date_gmt":"2023-03-31T12:50:05","guid":{"rendered":"https:\/\/bas-ip.com\/?page_id=123062"},"modified":"2024-11-25T17:49:50","modified_gmt":"2024-11-25T17:49:50","slug":"ascensore","status":"publish","type":"page","link":"https:\/\/bas-ip.com\/it\/ascensore\/","title":{"rendered":"Ascensore"},"content":{"rendered":"<h1 class=\"wp-block-heading\"><strong>Citofono per ascensori basato sulla tecnologia IP<\/strong><\/h1>\n\n\n\n<p>In un mondo sempre pi\u00f9 connesso, la comunicazione \u00e8 diventata fondamentale. Ci\u00f2 \u00e8 particolarmente vero in ambienti in cui la sicurezza e l&#8217;accessibilit\u00e0 sono fondamentali, come gli ascensori. Il sistema di interfono per ascensori svolge un ruolo fondamentale nel garantire il benessere dei passeggeri ed \u00e8 sempre pi\u00f9 considerato un elemento obbligatorio. Approfondiamo i vantaggi dell&#8217;utilizzo dei sistemi di intercomunicazione per ascensori basati su IP di BAS-IP e come stanno rivoluzionando l&#8217;esperienza degli ascensori.<\/p>\n\n\n<!-- START Block Features --><section id=\"block_6437d003aff43\" class=\"features-section\">\r\n\t\r\n    <div class=\"features-list\">\r\n                    <div class=\"features-item\" data-aos=\"fade-up\">\r\n    <div class=\"features-box\">\r\n                    <div class=\"image-holder\">\r\n                <img loading=\"lazy\" decoding=\"async\" width=\"350\" height=\"320\" src=\"https:\/\/bas-ip.com\/wp-content\/uploads\/2023\/04\/1-6-350x320.jpg\" class=\"attachment-thumbnail_350x320 size-thumbnail_350x320\" alt=\"\" \/>            <\/div>\r\n        \r\n        <div class=\"text-holder\">\r\n                        <h3 class=\"title-block\">La necessit\u00e0 di citofoni negli ascensori<\/h3>\r\n          \r\n                        <div class=\"text-block\">\r\n                <p>I citofoni degli ascensori sono un&#8217;ancora di salvezza per i passeggeri in caso di emergenze o problemi tecnici. Forniscono un canale di comunicazione diretto con la direzione dell&#8217;edificio o con i servizi di emergenza, garantendo un&#8217;assistenza rapida in caso di necessit\u00e0. Per questo motivo, disporre di un sistema di interfono affidabile ed efficiente negli ascensori \u00e8 essenziale per mantenere gli standard di sicurezza e rassicurare i passeggeri.<\/p>\n              <\/div>\r\n                  <\/div>\r\n    <\/div>\r\n<\/div>\r\n                    <div class=\"features-item\" data-aos=\"fade-up\">\r\n    <div class=\"features-box\">\r\n                    <div class=\"image-holder\">\r\n                <img loading=\"lazy\" decoding=\"async\" width=\"350\" height=\"320\" src=\"https:\/\/bas-ip.com\/wp-content\/uploads\/2023\/04\/2-6-350x320.jpg\" class=\"attachment-thumbnail_350x320 size-thumbnail_350x320\" alt=\"\" \/>            <\/div>\r\n        \r\n        <div class=\"text-holder\">\r\n                        <h3 class=\"title-block\">Interfoni basati su IP: un passo avanti rispetto ai sistemi tradizionali<\/h3>\r\n          \r\n                        <div class=\"text-block\">\r\n                <p>I sistemi citofonici analogici tradizionali sono stati lo standard per molti anni. Tuttavia, l&#8217;avvento delle soluzioni basate su IP, che sfruttano il protocollo Internet (IP) e il SIP (Session Initiation Protocol), ha portato a un cambiamento di paradigma nel modo di comunicare all&#8217;interno degli ascensori.<\/p>\n              <\/div>\r\n                  <\/div>\r\n    <\/div>\r\n<\/div>\r\n                    <div class=\"features-item\" data-aos=\"fade-up\">\r\n    <div class=\"features-box\">\r\n                    <div class=\"image-holder\">\r\n                <img loading=\"lazy\" decoding=\"async\" width=\"350\" height=\"320\" src=\"https:\/\/bas-ip.com\/wp-content\/uploads\/2023\/04\/3-6-350x320.jpg\" class=\"attachment-thumbnail_350x320 size-thumbnail_350x320\" alt=\"\" \/>            <\/div>\r\n        \r\n        <div class=\"text-holder\">\r\n                        <h3 class=\"title-block\">Partnership con i produttori globali di ascensori<\/h3>\r\n          \r\n                        <div class=\"text-block\">\r\n                <p>BAS-IP ha stabilito partnership con i principali produttori di ascensori, come Kone, per fornire una perfetta integrazione con i loro prodotti. Questa collaborazione consente il controllo completo degli ascensori Kone dai citofoni BAS-IP installati negli appartamenti, creando un&#8217;esperienza utente coesa e semplificata.<\/p>\n              <\/div>\r\n                  <\/div>\r\n    <\/div>\r\n<\/div>\r\n            <\/div>\r\n<\/section>\r\n<!-- END Block Features -->\n\n\n<h2 class=\"wp-block-heading\"><strong>Vantaggi dei citofoni per ascensori BAS-IP<\/strong><\/h2>\n\n\n\n<p>Rispetto ai sistemi analogici tradizionali, i citofoni per ascensori basati su IP, come la soluzione BAS-IP, offrono diversi vantaggi:<\/p>\n\n\n<!-- START Block Features --><section id=\"block_6437d09daff47\" class=\"features-section\">\r\n\t\r\n    <div class=\"features-list\">\r\n                    <div class=\"features-item\" data-aos=\"fade-up\">\r\n    <div class=\"features-box\">\r\n                    <div class=\"image-holder\">\r\n                <img loading=\"lazy\" decoding=\"async\" width=\"350\" height=\"320\" src=\"https:\/\/bas-ip.com\/wp-content\/uploads\/2023\/04\/4-6-350x320.jpg\" class=\"attachment-thumbnail_350x320 size-thumbnail_350x320\" alt=\"\" \/>            <\/div>\r\n        \r\n        <div class=\"text-holder\">\r\n                        <h3 class=\"title-block\">Qualit\u00e0 audio e video migliorata<\/h3>\r\n          \r\n                        <div class=\"text-block\">\r\n                <p>I citofoni BAS-IP sono dotati di telecamere integrate, che consentono al personale addetto alla gestione e alla sicurezza dell&#8217;edificio di monitorare l&#8217;attivit\u00e0 dell&#8217;ascensore in tempo reale. Questa caratteristica non solo aumenta la sicurezza generale dell&#8217;edificio, ma funge anche da deterrente per i potenziali malintenzionati.<\/p>\n              <\/div>\r\n                  <\/div>\r\n    <\/div>\r\n<\/div>\r\n                    <div class=\"features-item\" data-aos=\"fade-up\">\r\n    <div class=\"features-box\">\r\n                    <div class=\"image-holder\">\r\n                <img loading=\"lazy\" decoding=\"async\" width=\"350\" height=\"320\" src=\"https:\/\/bas-ip.com\/wp-content\/uploads\/2023\/04\/5-6-350x320.jpg\" class=\"attachment-thumbnail_350x320 size-thumbnail_350x320\" alt=\"\" \/>            <\/div>\r\n        \r\n        <div class=\"text-holder\">\r\n                        <h3 class=\"title-block\">Dispositivi illimitati e supporto per terminale concierge<\/h3>\r\n          \r\n                        <div class=\"text-block\">\r\n                <p>La soluzione BAS-IP supporta un numero illimitato di dispositivi all&#8217;interno di una rete, compresa l&#8217;integrazione di un terminale di portineria. Questa scalabilit\u00e0 garantisce che il sistema possa crescere con l&#8217;edificio, adattandosi a qualsiasi cambiamento dei requisiti senza compromettere le prestazioni o l&#8217;affidabilit\u00e0.<\/p>\n              <\/div>\r\n                  <\/div>\r\n    <\/div>\r\n<\/div>\r\n                    <div class=\"features-item\" data-aos=\"fade-up\">\r\n    <div class=\"features-box\">\r\n                    <div class=\"image-holder\">\r\n                <img loading=\"lazy\" decoding=\"async\" width=\"350\" height=\"320\" src=\"https:\/\/bas-ip.com\/wp-content\/uploads\/2023\/04\/6-5-350x320.jpg\" class=\"attachment-thumbnail_350x320 size-thumbnail_350x320\" alt=\"\" \/>            <\/div>\r\n        \r\n        <div class=\"text-holder\">\r\n                        <h3 class=\"title-block\">Installazione e manutenzione pi\u00f9 facili<\/h3>\r\n          \r\n                        <div class=\"text-block\">\r\n                <p>I citofoni per ascensori IP utilizzano l&#8217;infrastruttura di rete esistente, rendendone pi\u00f9 semplice ed economica l&#8217;installazione e la manutenzione.<\/p>\n<p>In un mondo sempre pi\u00f9 connesso come quello odierno, la necessit\u00e0 di una comunicazione efficiente e affidabile all&#8217;interno degli ascensori non pu\u00f2 essere sopravvalutata. I sistemi di interfono per ascensori basati su IP, come la soluzione BAS-IP, sono emersi come il gold standard in questo settore, offrendo numerosi vantaggi rispetto ai tradizionali sistemi analogici. Dalla migliore qualit\u00e0 audio e video alla perfetta integrazione con altri sistemi di gestione degli edifici, i citofoni IP stanno trasformando in meglio l&#8217;esperienza degli ascensori. Di conseguenza, i proprietari, i gestori e gli occupanti degli edifici possono godere di maggiore sicurezza, comodit\u00e0 e tranquillit\u00e0.<\/p>\n              <\/div>\r\n                  <\/div>\r\n    <\/div>\r\n<\/div>\r\n            <\/div>\r\n<\/section>\r\n<!-- END Block Features -->\n\n<!-- START Block FAQ --><section id=\"block_6426d69cbc4a0\" class=\"faq-section\">\r\n\t\t    <h2 class=\"title-section\" data-aos=\"fade-right\">Domande frequenti<\/h2>\r\n\t\t\t    <div class=\"faq-list js-accordion\" data-aos=\"fade-up\">\r\n\t\t\t\t\t\t\t\t\t\t\t    <div class=\"accordion-item faq-item\">\r\n                        <div class=\"accordion-opener\">\r\n                            Q: Perch\u00e9 i citofoni degli ascensori sono considerati obbligatori?                            <i class=\"fa-solid fa-chevron-down\"><\/i>\r\n                        <\/div>\r\n                        <div class=\"accordion-slide\">\r\n\t\t\t\t\t\t    <p>I citofoni degli ascensori sono considerati obbligatori perch\u00e9 forniscono un canale di comunicazione diretto tra i passeggeri e la direzione dell&#8217;edificio o i servizi di emergenza, garantendo un&#8217;assistenza tempestiva durante le emergenze o i problemi tecnici.<\/p>\n                        <\/div>\r\n\t\t\t\t\t<\/div>\r\n\t\t\t\t\t\t\t\t\t\t\t\t\t\t\t    <div class=\"accordion-item faq-item\">\r\n                        <div class=\"accordion-opener\">\r\n                            Q: Cosa rende i citofoni per ascensori basati su IP migliori dei tradizionali sistemi analogici?                            <i class=\"fa-solid fa-chevron-down\"><\/i>\r\n                        <\/div>\r\n                        <div class=\"accordion-slide\">\r\n\t\t\t\t\t\t    <p>I citofoni per ascensori basati su IP, come la soluzione BAS-IP, offrono numerosi vantaggi rispetto ai sistemi analogici tradizionali, tra cui una migliore qualit\u00e0 audio e video, la scalabilit\u00e0, una maggiore facilit\u00e0 di installazione e manutenzione, funzioni di videocamera integrate e una perfetta integrazione con altri sistemi basati su IP.<\/p>\n                        <\/div>\r\n\t\t\t\t\t<\/div>\r\n\t\t\t\t\t\t\t\t\t\t\t\t\t\t\t    <div class=\"accordion-item faq-item\">\r\n                        <div class=\"accordion-opener\">\r\n                            Q: In che modo la telecamera integrata nei citofoni IP migliora la sicurezza degli ascensori?                            <i class=\"fa-solid fa-chevron-down\"><\/i>\r\n                        <\/div>\r\n                        <div class=\"accordion-slide\">\r\n\t\t\t\t\t\t    <p>La funzione di telecamera integrata nei citofoni IP consente al personale addetto alla gestione e alla sicurezza dell&#8217;edificio di monitorare l&#8217;attivit\u00e0 dell&#8217;ascensore in tempo reale. Questo ulteriore livello di sicurezza pu\u00f2 fungere da deterrente per i potenziali malintenzionati e fornisce prove visive in caso di incidenti.<\/p>\n                        <\/div>\r\n\t\t\t\t\t<\/div>\r\n\t\t\t\t\t\t\t\t\t\t\t\t\t\t\t    <div class=\"accordion-item faq-item\">\r\n                        <div class=\"accordion-opener\">\r\n                            Q: I citofoni per ascensori basati su IP possono funzionare con altri sistemi di gestione degli edifici?                            <i class=\"fa-solid fa-chevron-down\"><\/i>\r\n                        <\/div>\r\n                        <div class=\"accordion-slide\">\r\n\t\t\t\t\t\t    <p>S\u00ec, i citofoni per ascensori basati su IP sono progettati per integrarsi perfettamente con altri sistemi di gestione degli edifici basati su IP. Questo facilita un ecosistema di gestione degli edifici pi\u00f9 connesso ed efficiente, migliorando la sicurezza e la convenienza generale.<\/p>\n                        <\/div>\r\n\t\t\t\t\t<\/div>\r\n\t\t\t\t\t\t\t\t\t\t\t\t\t\t\t    <div class=\"accordion-item faq-item\">\r\n                        <div class=\"accordion-opener\">\r\n                            Q: In che modo la partnership tra BAS-IP e i produttori di ascensori come Kone apporta vantaggi agli utenti?                            <i class=\"fa-solid fa-chevron-down\"><\/i>\r\n                        <\/div>\r\n                        <div class=\"accordion-slide\">\r\n\t\t\t\t\t\t    <p>La partnership tra BAS-IP e produttori di ascensori come Kone consente una perfetta integrazione dei rispettivi prodotti. Questa collaborazione consente il controllo completo degli ascensori Kone dai citofoni BAS-IP installati negli appartamenti, fornendo un&#8217;esperienza utente coesa e semplificata.<\/p>\n                        <\/div>\r\n\t\t\t\t\t<\/div>\r\n\t\t\t\t\t\t\t\t\t<\/div>\r\n\t<\/section>\r\n<!-- END Block FAQ -->","protected":false},"excerpt":{"rendered":"<p>Citofono per ascensori basato sulla tecnologia IP In un mondo sempre pi\u00f9 connesso, la comunicazione \u00e8 diventata fondamentale. Ci\u00f2 \u00e8 particolarmente vero in ambienti in cui la sicurezza e l&#8217;accessibilit\u00e0 sono fondamentali, come gli ascensori. Il sistema di interfono per ascensori svolge un ruolo fondamentale nel garantire il benessere dei passeggeri ed \u00e8 sempre pi\u00f9 [&hellip;]<\/p>","protected":false},"author":3,"featured_media":0,"parent":0,"menu_order":0,"comment_status":"closed","ping_status":"closed","template":"","meta":{"inline_featured_image":false,"footnotes":""},"class_list":["post-123062","page","type-page","status-publish","hentry"],"acf":[],"_links":{"self":[{"href":"https:\/\/bas-ip.com\/it\/wp-json\/wp\/v2\/pages\/123062","targetHints":{"allow":["GET"]}}],"collection":[{"href":"https:\/\/bas-ip.com\/it\/wp-json\/wp\/v2\/pages"}],"about":[{"href":"https:\/\/bas-ip.com\/it\/wp-json\/wp\/v2\/types\/page"}],"author":[{"embeddable":true,"href":"https:\/\/bas-ip.com\/it\/wp-json\/wp\/v2\/users\/3"}],"replies":[{"embeddable":true,"href":"https:\/\/bas-ip.com\/it\/wp-json\/wp\/v2\/comments?post=123062"}],"version-history":[{"count":2,"href":"https:\/\/bas-ip.com\/it\/wp-json\/wp\/v2\/pages\/123062\/revisions"}],"predecessor-version":[{"id":123064,"href":"https:\/\/bas-ip.com\/it\/wp-json\/wp\/v2\/pages\/123062\/revisions\/123064"}],"wp:attachment":[{"href":"https:\/\/bas-ip.com\/it\/wp-json\/wp\/v2\/media?parent=123062"}],"curies":[{"name":"wp","href":"https:\/\/api.w.org\/{rel}","templated":true}]}}