{"id":122465,"date":"2024-05-15T14:21:12","date_gmt":"2024-05-15T14:21:12","guid":{"rendered":"https:\/\/bas-ip.com\/?page_id=122465"},"modified":"2024-11-05T14:34:34","modified_gmt":"2024-11-05T14:34:34","slug":"politica-di-supporto-del-firmware","status":"publish","type":"page","link":"https:\/\/bas-ip.com\/it\/politica-di-supporto-del-firmware\/","title":{"rendered":"Politica di supporto del firmware"},"content":{"rendered":"<p><strong>Manutenzione del firmware<\/strong><\/p>\n\n\n\n<p id=\"block-2f06c0ed-0113-44a6-b0ac-b7c8ed5f45cb\">BAS-IP pu\u00f2, a sua esclusiva discrezione, fornire un supporto firmware di base durante il periodo di garanzia applicabile all&#8217;hardware. Durante il periodo di garanzia BAS-IP pu\u00f2 rilasciare versioni di manutenzione o correzioni di bug per l&#8217;hardware.<\/p>\n\n\n\n<p id=\"block-1d82d1b6-1bfd-4a7a-b3b4-11934bf4aba7\">Al termine del periodo di garanzia, BAS-IP non svilupper\u00e0, manterr\u00e0 o tester\u00e0 pi\u00f9 il firmware in questione. Tuttavia, BAS-IP pu\u00f2, a sua esclusiva discrezione e su base individuale, offrire assistenza dopo la scadenza del periodo di garanzia. Tutti i firmware BAS-IP, compresi, ma non solo, quelli forniti preinstallati sull&#8217;hardware BAS-IP e laddove l&#8217;hardware sia soggetto al servizio RMA, vengono forniti &#8220;cos\u00ec come sono&#8221;.<\/p>\n\n\n\n<p>Il firmware BAS-IP non \u00e8 coperto dalla garanzia BAS-IP.<\/p>\n\n\n\n<p><\/p>\n\n\n\n<p><\/p>","protected":false},"excerpt":{"rendered":"<p>Manutenzione del firmware BAS-IP pu\u00f2, a sua esclusiva discrezione, fornire un supporto firmware di base durante il periodo di garanzia applicabile all&#8217;hardware. Durante il periodo di garanzia BAS-IP pu\u00f2 rilasciare versioni di manutenzione o correzioni di bug per l&#8217;hardware. Al termine del periodo di garanzia, BAS-IP non svilupper\u00e0, manterr\u00e0 o tester\u00e0 pi\u00f9 il firmware in [&hellip;]<\/p>","protected":false},"author":3,"featured_media":0,"parent":0,"menu_order":0,"comment_status":"closed","ping_status":"closed","template":"","meta":{"inline_featured_image":false,"footnotes":""},"class_list":["post-122465","page","type-page","status-publish","hentry"],"acf":[],"_links":{"self":[{"href":"https:\/\/bas-ip.com\/it\/wp-json\/wp\/v2\/pages\/122465","targetHints":{"allow":["GET"]}}],"collection":[{"href":"https:\/\/bas-ip.com\/it\/wp-json\/wp\/v2\/pages"}],"about":[{"href":"https:\/\/bas-ip.com\/it\/wp-json\/wp\/v2\/types\/page"}],"author":[{"embeddable":true,"href":"https:\/\/bas-ip.com\/it\/wp-json\/wp\/v2\/users\/3"}],"replies":[{"embeddable":true,"href":"https:\/\/bas-ip.com\/it\/wp-json\/wp\/v2\/comments?post=122465"}],"version-history":[{"count":1,"href":"https:\/\/bas-ip.com\/it\/wp-json\/wp\/v2\/pages\/122465\/revisions"}],"predecessor-version":[{"id":122466,"href":"https:\/\/bas-ip.com\/it\/wp-json\/wp\/v2\/pages\/122465\/revisions\/122466"}],"wp:attachment":[{"href":"https:\/\/bas-ip.com\/it\/wp-json\/wp\/v2\/media?parent=122465"}],"curies":[{"name":"wp","href":"https:\/\/api.w.org\/{rel}","templated":true}]}}