{"id":93970,"date":"2023-04-05T11:02:29","date_gmt":"2023-04-05T11:02:29","guid":{"rendered":"https:\/\/bas-ip.com\/?page_id=93970"},"modified":"2023-06-16T13:26:56","modified_gmt":"2023-06-16T13:26:56","slug":"integracio-cybertwice","status":"publish","type":"page","link":"https:\/\/bas-ip.com\/hu\/integracio-cybertwice\/","title":{"rendered":"Integr\u00e1ci\u00f3 CyberTwice"},"content":{"rendered":"<div class=\"wp-block-image\">\n<figure class=\"aligncenter size-full\"><img loading=\"lazy\" decoding=\"async\" width=\"601\" height=\"98\" src=\"https:\/\/bas-ip.com\/wp-content\/uploads\/2023\/04\/cybertwice-logo.png\" alt=\"\" class=\"wp-image-68140\" srcset=\"https:\/\/bas-ip.com\/wp-content\/uploads\/2023\/04\/cybertwice-logo.png 601w,  https:\/\/bas-ip.com\/wp-content\/uploads\/2023\/04\/cybertwice-logo-300x49.png 300w,  https:\/\/bas-ip.com\/wp-content\/uploads\/2023\/04\/cybertwice-logo-598x98.png 598w\" sizes=\"auto, (max-width: 601px) 100vw, 601px\" \/><\/figure>\n<\/div>\n\n<!-- START Block Integrations Text & Image --><section id=\"block_642d54dca842a\" class=\"integrations-text-image-section\">\r\n\t\t<div class=\"image-holder\" data-aos=\"fade-left\">\r\n\t\t<img loading=\"lazy\" decoding=\"async\" width=\"900\" height=\"293\" src=\"https:\/\/bas-ip.com\/wp-content\/uploads\/2023\/04\/cybertwice-1024x333.png\" class=\"attachment-large size-large\" alt=\"\" srcset=\"https:\/\/bas-ip.com\/wp-content\/uploads\/2023\/04\/cybertwice-1024x333.png 1024w,  https:\/\/bas-ip.com\/wp-content\/uploads\/2023\/04\/cybertwice-300x98.png 300w,  https:\/\/bas-ip.com\/wp-content\/uploads\/2023\/04\/cybertwice-768x250.png 768w,  https:\/\/bas-ip.com\/wp-content\/uploads\/2023\/04\/cybertwice-767x249.png 767w,  https:\/\/bas-ip.com\/wp-content\/uploads\/2023\/04\/cybertwice.png 1200w\" sizes=\"auto, (max-width: 900px) 100vw, 900px\" \/>\t<\/div>\r\n\t\r\n\t<div class=\"text-holder\" data-aos=\"fade-right\">\r\n\t\t\t\t\t\t<div class=\"text-block\">\r\n\t\t\t<div class=\"wrapper container margin_t_b_30_p\">\n<div class=\"auntk_title_p\">\n<p><strong>CyberGate &#8211; SIP-alap\u00fa kaputelefon csapatoknak<\/strong><\/p>\n<p>A CyberGate egy el\u0151fizet\u00e9ses, Microsoft Azure-ban (Nyugat-Eur\u00f3pa) hosztolt Software-as-a-Service alkalmaz\u00e1s.<\/p>\n<p>Ahogy a v\u00e1llalkoz\u00e1sok a hagyom\u00e1nyos telefon\u00e1l\u00e1st helyhez k\u00f6t\u00f6tt IP PBX-r\u0151l vagy felh\u0151alap\u00fa telefonos platformr\u00f3l a Microsoft Teams-ra \u00e1ll\u00edtj\u00e1k \u00e1t, sz\u00fcks\u00e9g\u00fck van egy SIP (vide\u00f3) intercom megold\u00e1sra a Teams-szal val\u00f3 kommunik\u00e1ci\u00f3hoz. A sikeres integr\u00e1ci\u00f3 sz\u00e1mos kaputelefon-funkci\u00f3t biztos\u00edt a Microsoft Teams-felhaszn\u00e1l\u00f3k sz\u00e1m\u00e1ra, \u00edgy k\u00f6nnyed\u00e9n vez\u00e9relhetik az \u00e9p\u00fcletek bej\u00e1ratait.<\/p>\n<p><strong>El\u0151ny\u00f6k<\/strong><\/p>\n<ul>\n<li>K\u00e9tir\u00e1ny\u00fa audio- \u00e9s videokommunik\u00e1ci\u00f3 a BAS-IP vide\u00f3s kaputelefonr\u00f3l a Teams asztali klienssel, egy Teams-kompatibilis asztali telefonnal \u00e9s a Teams okostelefonos alkalmaz\u00e1ssal.<\/li>\n<li>A Teams-felhaszn\u00e1l\u00f3k a Teams m\u0171szerfal seg\u00edts\u00e9g\u00e9vel t\u00e1volr\u00f3l is kinyithatj\u00e1k az ajt\u00f3t vagy a kaput.<\/li>\n<li>A l\u00e1togat\u00f3k a BAS-IP kaputelefonr\u00f3l egyes Teams-felhaszn\u00e1l\u00f3kat vagy egyszerre t\u00f6bb felhaszn\u00e1l\u00f3t is felh\u00edvhatnak.<\/li>\n<li>Nincs sz\u00fcks\u00e9g tov\u00e1bbi hardverek (SBC) telep\u00edt\u00e9s\u00e9re vagy harmadik f\u00e9lt\u0151l sz\u00e1rmaz\u00f3 szoftverek let\u00f6lt\u00e9s\u00e9re\/telep\u00edt\u00e9s\u00e9re.<\/li>\n<\/ul>\n<p><span style=\"color: #0000ff;\"><a style=\"color: #0000ff;\" href=\"https:\/\/bas-ip.com\/wp-admin\/post.php?post=69169&amp;action=edit&amp;lang=en\">T\u00f6ltse le a k\u00e9zik\u00f6nyvet.<\/a><\/span><\/p>\n<\/div>\n<\/div>\t\t<\/div>\r\n\t\t\r\n\t\t\r\n\t\t\t<\/div>\r\n<\/section>\r\n<!-- END Block Integrations Text & Image -->\n\n<!-- START Block Sign Up --><section id=\"block_629678229e935\" class=\"sign-up-section\">\r\n\r\n    <div class=\"form-holder js-form\" data-aos=\"fade-right\">\r\n                    <div class=\"title-block h3\">Sign up for connection<\/div>\r\n        \r\n                    <div class=\"text-block\">\r\n                Filling out all the information needed to answer you as quickly as possible            <\/div>\r\n        \r\n                    \n<div class=\"wpcf7 no-js\" id=\"wpcf7-f102-o1\" lang=\"en-US\" dir=\"ltr\">\n<div class=\"screen-reader-response\"><p role=\"status\" aria-live=\"polite\" aria-atomic=\"true\"><\/p> <ul><\/ul><\/div>\n<form action=\"\/hu\/wp-json\/wp\/v2\/pages\/93970#wpcf7-f102-o1\" method=\"post\" class=\"wpcf7-form init\" aria-label=\"Contact form\" enctype=\"multipart\/form-data\" novalidate=\"novalidate\" data-status=\"init\">\n<div style=\"display: none;\">\n<input type=\"hidden\" name=\"_wpcf7\" value=\"102\" \/>\n<input type=\"hidden\" name=\"_wpcf7_version\" value=\"5.8.3\" \/>\n<input type=\"hidden\" name=\"_wpcf7_locale\" value=\"en_US\" \/>\n<input type=\"hidden\" name=\"_wpcf7_unit_tag\" value=\"wpcf7-f102-o1\" \/>\n<input type=\"hidden\" name=\"_wpcf7_container_post\" value=\"0\" \/>\n<input type=\"hidden\" name=\"_wpcf7_posted_data_hash\" value=\"\" \/>\n<input type=\"hidden\" name=\"_wpcf7_recaptcha_response\" value=\"\" \/>\n<\/div>\n<div class=\"row\"> \n <label><span class=\"label-text\">Name<\/span> \n  <span class=\"wpcf7-form-control-wrap\" data-name=\"text-full-name\"><input size=\"40\" class=\"wpcf7-form-control wpcf7-text wpcf7-validates-as-required\" aria-required=\"true\" aria-invalid=\"false\" placeholder=\"Name\" value=\"\" type=\"text\" name=\"text-full-name\" \/><\/span><\/label> \n<\/div> \n<div class=\"row\"> \n <label><span class=\"label-text\">Phone*<\/span> \n<span class=\"wpcf7-form-control-wrap\" data-name=\"phonetext-270\"><input size=\"40\" class=\"wpcf7-form-control wpcf7-phonetext wpcf7-validates-as-required wpcf7-text wpcf7-validates-as-phonetext\" aria-required=\"true\" aria-invalid=\"false\" placeholder=\"Phone*\" value=\"\" type=\"text\" name=\"phonetext-270\" \/><input type=\"hidden\" name=\"phonetext-270-country-code\" class=\"wpcf7-phonetext-country-code\" \/><\/span><\/label> \n<\/div> \n<div class=\"row\"> \n <label><span class=\"label-text\">E-mail<\/span> \n  <span class=\"wpcf7-form-control-wrap\" data-name=\"email-e-mail\"><input size=\"40\" class=\"wpcf7-form-control wpcf7-email wpcf7-validates-as-required wpcf7-text wpcf7-validates-as-email\" aria-required=\"true\" aria-invalid=\"false\" placeholder=\"E-mail\" value=\"\" type=\"email\" name=\"email-e-mail\" \/><\/span><\/label> \n<\/div> \n<div class=\"row\"><span>Your country<\/span> \n <label><span class=\"wpcf7-form-control-wrap\" data-name=\"countrytext-126\"><input size=\"40\" class=\"wpcf7-form-control wpcf7-countrytext wpcf7-text wpcf7-validates-as-countrytext\" aria-invalid=\"false\" value=\"\" type=\"text\" name=\"countrytext-126\" \/><\/span> <\/label>\n<\/div> \n<div class=\"row\"> \n <button type=\"submit\" class=\"btn\">Send<\/button> \n<\/div> \n<div class=\"row\"> \n <span class=\"wpcf7-form-control-wrap\" data-name=\"checkbox-931\"><span class=\"wpcf7-form-control wpcf7-checkbox\"><span class=\"wpcf7-list-item first\"><label><input type=\"checkbox\" name=\"checkbox-931[]\" value=\"Integrator\" \/><span class=\"wpcf7-list-item-label\">Integrator<\/span><\/label><\/span><span class=\"wpcf7-list-item\"><label><input type=\"checkbox\" name=\"checkbox-931[]\" value=\"Builder\" \/><span class=\"wpcf7-list-item-label\">Builder<\/span><\/label><\/span><span class=\"wpcf7-list-item last\"><label><input type=\"checkbox\" name=\"checkbox-931[]\" value=\"End-User\" \/><span class=\"wpcf7-list-item-label\">End-User<\/span><\/label><\/span><\/span><\/span> \n<\/div> \n<div class=\"row row-upload-file\"> \n <label class=\"upload-file-block js-upload-file\">Attach file \n  <span class=\"wpcf7-form-control-wrap\" data-name=\"file-466\"><input size=\"40\" class=\"wpcf7-form-control wpcf7-file\" accept=\"audio\/*,video\/*,image\/*\" aria-invalid=\"false\" type=\"file\" name=\"file-466\" \/><\/span><\/label> \n<\/div><input type='hidden' class='wpcf7-pum' value='{\"closepopup\":false,\"closedelay\":0,\"openpopup\":false,\"openpopup_id\":0}' \/><div class=\"wpcf7-response-output\" aria-hidden=\"true\"><\/div>\n<\/form>\n<\/div>\n            <\/div>\r\n\r\n\t\t    <div class=\"text-holder\" data-aos=\"fade-left\">\r\n\t\t\t\t\t\t    <h3 class=\"title-block\">How Can We Help?<\/h3>\r\n\t\t\t\r\n\t\t\t                <div class=\"text-block\">\r\n                    Please select a topic below related to your inquiry. If you don&#8217;t find what you need, fill out our contact form.                <\/div>\r\n\t\t\t\r\n\t\t\t\t\t\t    <ul class=\"link-list\">\r\n\t\t\t\t\t\t\t\t\t\t\t\t\t\t\t\t\t\t<li>\r\n\t\t\t\t\t\t\t\t\t\t\t\t\t\t\t\t    <strong>Get Inspired<\/strong>\r\n\t\t\t\t\t\t\t\t\t\t\t\t\t\t\t\t\t\t\t\t\t\t\t\t    <a href=\"\/features\/\">\r\n\t\t\t\t\t\t\t\t        Discover what&#8217;s beneath our intercom\t\t\t\t\t\t\t\t    <\/a>\r\n\t\t\t\t\t\t\t\t\t\t\t\t\t\t\t<\/li>\r\n\t\t\t\t\t\t\t\t\t\t\t\t\t\t\t\t\t\t\t\t\t\t\t\t<li>\r\n\t\t\t\t\t\t\t\t\t\t\t\t\t\t\t\t    <strong>Become a Partner<\/strong>\r\n\t\t\t\t\t\t\t\t\t\t\t\t\t\t\t\t\t\t\t\t\t\t\t\t    <a href=\"\/distributors\/\">\r\n\t\t\t\t\t\t\t\t        Expand your business with BAS-IP intercom\t\t\t\t\t\t\t\t    <\/a>\r\n\t\t\t\t\t\t\t\t\t\t\t\t\t\t\t<\/li>\r\n\t\t\t\t\t\t\t\t\t\t\t\t\t\t\t\t\t\t\t\t\t\t\t\t<li>\r\n\t\t\t\t\t\t\t\t\t\t\t\t\t\t\t\t    <strong>Check the Guides<\/strong>\r\n\t\t\t\t\t\t\t\t\t\t\t\t\t\t\t\t\t\t\t\t\t\t\t\t    <a href=\"\/support\/\">\r\n\t\t\t\t\t\t\t\t        Download detailed manuals and schemes\t\t\t\t\t\t\t\t    <\/a>\r\n\t\t\t\t\t\t\t\t\t\t\t\t\t\t\t<\/li>\r\n\t\t\t\t\t\t\t\t\t\t\t\t\t\t\t<\/ul>\r\n\t\t\t\r\n\t\t\t\t\t\t    <h3 class=\"title-block\">Our contacts<\/h3>\r\n\t\t\t\r\n\t\t\t\t\t\t\t<ul class=\"contact-list\">\r\n\t\t\t\t\t\t\t\t\t\t\t\t\t\t\t\t\t\t<li>\r\n\t\t\t\t\t\t\t\t\t\t\t\t\t\t\t\t\t<strong>Sales:<\/strong>\r\n\t\t\t\t\t\t\t\t\t\t\t\t\t\t\t\t\t\t\t\t\t\t\t\t    <a href=\"mailto:&#115;&#97;l&#101;s&#64;ba&#115;&#45;&#105;&#112;&#46;&#99;&#111;&#109;\">&#115;a&#108;es&#64;b&#97;s-i&#112;&#46;&#99;om<\/a>\r\n\t\t\t\t\t\t\t\t\t\t\t\t\t\t\t<\/li>\r\n\t\t\t\t\t\t\t\t\t\t\t\t\t\t\t\t\t\t\t\t\t\t\t\t<li>\r\n\t\t\t\t\t\t\t\t\t\t\t\t\t\t\t\t\t<strong>Technical support:<\/strong>\r\n\t\t\t\t\t\t\t\t\t\t\t\t\t\t\t\t\t\t\t\t\t\t\t\t    <a href=\"mailto:&#115;u&#112;&#112;o&#114;&#116;&#64;&#98;as-i&#112;&#46;c&#111;m\">&#115;&#117;ppo&#114;&#116;&#64;&#98;a&#115;&#45;&#105;&#112;.&#99;&#111;m<\/a>\r\n\t\t\t\t\t\t\t\t\t\t\t\t\t\t\t<\/li>\r\n\t\t\t\t\t\t\t\t\t\t\t\t\t\t\t<\/ul>\r\n\t\t\t\t\t<\/div>\r\n\t<\/section>\r\n\r\n\r\n\r\n<!-- END Block Sign Up -->","protected":false},"excerpt":{"rendered":"","protected":false},"author":1,"featured_media":0,"parent":0,"menu_order":0,"comment_status":"closed","ping_status":"closed","template":"page-custom-breadcrumbs.php","meta":{"inline_featured_image":false,"footnotes":""},"class_list":["post-93970","page","type-page","status-publish","hentry"],"acf":[],"_links":{"self":[{"href":"https:\/\/bas-ip.com\/hu\/wp-json\/wp\/v2\/pages\/93970","targetHints":{"allow":["GET"]}}],"collection":[{"href":"https:\/\/bas-ip.com\/hu\/wp-json\/wp\/v2\/pages"}],"about":[{"href":"https:\/\/bas-ip.com\/hu\/wp-json\/wp\/v2\/types\/page"}],"author":[{"embeddable":true,"href":"https:\/\/bas-ip.com\/hu\/wp-json\/wp\/v2\/users\/1"}],"replies":[{"embeddable":true,"href":"https:\/\/bas-ip.com\/hu\/wp-json\/wp\/v2\/comments?post=93970"}],"version-history":[{"count":2,"href":"https:\/\/bas-ip.com\/hu\/wp-json\/wp\/v2\/pages\/93970\/revisions"}],"predecessor-version":[{"id":94008,"href":"https:\/\/bas-ip.com\/hu\/wp-json\/wp\/v2\/pages\/93970\/revisions\/94008"}],"wp:attachment":[{"href":"https:\/\/bas-ip.com\/hu\/wp-json\/wp\/v2\/media?parent=93970"}],"curies":[{"name":"wp","href":"https:\/\/api.w.org\/{rel}","templated":true}]}}