{"id":93833,"date":"2023-06-13T15:26:39","date_gmt":"2023-06-13T15:26:39","guid":{"rendered":"https:\/\/bas-ip.com\/?page_id=93833"},"modified":"2023-06-16T12:16:01","modified_gmt":"2023-06-16T12:16:01","slug":"kone","status":"publish","type":"page","link":"https:\/\/bas-ip.com\/hu\/kone\/","title":{"rendered":"KONE"},"content":{"rendered":"<div class=\"wp-block-image\">\n<figure class=\"aligncenter size-full is-resized\"><img loading=\"lazy\" decoding=\"async\" src=\"https:\/\/bas-ip.com\/wp-content\/uploads\/2023\/06\/800px-Kone.svg.png\" alt=\"\" class=\"wp-image-92970\" width=\"400\" height=\"203\" srcset=\"https:\/\/bas-ip.com\/wp-content\/uploads\/2023\/06\/800px-Kone.svg.png 800w,  https:\/\/bas-ip.com\/wp-content\/uploads\/2023\/06\/800px-Kone.svg-300x152.png 300w,  https:\/\/bas-ip.com\/wp-content\/uploads\/2023\/06\/800px-Kone.svg-768x389.png 768w,  https:\/\/bas-ip.com\/wp-content\/uploads\/2023\/06\/800px-Kone.svg-767x388.png 767w\" sizes=\"auto, (max-width: 400px) 100vw, 400px\" \/><\/figure>\n<\/div>\n\n<!-- START Block Integrations Text & Image --><section id=\"block_64888a049fb5b\" class=\"integrations-text-image-section\">\r\n\t\t<div class=\"image-holder\" data-aos=\"fade-left\">\r\n\t\t<img loading=\"lazy\" decoding=\"async\" width=\"900\" height=\"506\" src=\"https:\/\/bas-ip.com\/wp-content\/uploads\/2023\/06\/kone_youtubeinsta_black-3-1024x576.jpg\" class=\"attachment-large size-large\" alt=\"\" srcset=\"https:\/\/bas-ip.com\/wp-content\/uploads\/2023\/06\/kone_youtubeinsta_black-3-1024x576.jpg 1024w,  https:\/\/bas-ip.com\/wp-content\/uploads\/2023\/06\/kone_youtubeinsta_black-3-300x169.jpg 300w,  https:\/\/bas-ip.com\/wp-content\/uploads\/2023\/06\/kone_youtubeinsta_black-3-768x432.jpg 768w,  https:\/\/bas-ip.com\/wp-content\/uploads\/2023\/06\/kone_youtubeinsta_black-3-767x431.jpg 767w,  https:\/\/bas-ip.com\/wp-content\/uploads\/2023\/06\/kone_youtubeinsta_black-3.jpg 1280w\" sizes=\"auto, (max-width: 900px) 100vw, 900px\" \/>\t<\/div>\r\n\t\r\n\t<div class=\"text-holder\" data-aos=\"fade-right\">\r\n\t\t\t\t\t\t<div class=\"text-block\">\r\n\t\t\t<h1>BAS-IP integr\u00e1ci\u00f3 a KONE-val<\/h1>\n<p>Fokozott biztons\u00e1g \u00e9s k\u00e9nyelem irod\u00e1k, k\u00f3rh\u00e1zak, ipari \u00e9p\u00fcletek \u00e9s lak\u00f3\u00e9p\u00fcletek sz\u00e1m\u00e1ra.<\/p>\n<p>A BAS-IP AA-14FB kaputelefon panel integr\u00e1l\u00e1sa a KONE liftvez\u00e9rl\u0151 rendszerrel n\u00f6veli az \u00e9p\u00fclet biztons\u00e1g\u00e1t \u00e9s biztos\u00edtja a z\u00f6kken\u0151mentes szem\u00e9lyforgalmat.<\/p>\n<p>Az integr\u00e1ci\u00f3nak k\u00f6sz\u00f6nhet\u0151en az emberek a BAS-IP panelen el\u00e9rhet\u0151 m\u00f3dszerek b\u00e1rmelyik\u00e9vel h\u00edvhatj\u00e1k a liftet, amint azonos\u00edtj\u00e1k \u0151ket.<\/p>\n<p>A BAS-IP kaputelefon-panel \u00e9p\u00fcletbej\u00e1rathoz t\u00f6rt\u00e9n\u0151 telep\u00edt\u00e9s\u00e9vel a l\u00e1togat\u00f3knak a k\u00f6vetkez\u0151 lehet\u0151s\u00e9gek \u00e1llnak rendelkez\u00e9s\u00fckre:<\/p>\n<ul>\n<li>H\u00edvja a lak\u00f3kat<\/li>\n<li>Nyissa fel az ajt\u00f3t k\u00fcl\u00f6nb\u00f6z\u0151 azonos\u00edt\u00f3k, p\u00e9ld\u00e1ul RFID-k\u00e1rty\u00e1k, UKEY BLE azonos\u00edt\u00f3k, PIN-k\u00f3dok, QR-k\u00f3dok \u00e9s arcfelismer\u00e9s seg\u00edts\u00e9g\u00e9vel.<\/li>\n<li>H\u00edvja a liftet egy vagy t\u00f6bb azonos\u00edt\u00f3val t\u00f6rt\u00e9n\u0151 azonos\u00edt\u00e1ssal, a k\u00edv\u00e1nt emelet kiv\u00e1laszt\u00e1s\u00e1nak lehet\u0151s\u00e9g\u00e9vel.<\/li>\n<li>Nyissa ki az ajt\u00f3t.<\/li>\n<\/ul>\t\t<\/div>\r\n\t\t\r\n\t\t\r\n\t\t\t<\/div>\r\n<\/section>\r\n<!-- END Block Integrations Text & Image -->\n\n\n<figure class=\"wp-block-embed aligncenter is-type-video is-provider-youtube wp-block-embed-youtube wp-embed-aspect-16-9 wp-has-aspect-ratio\"><div class=\"wp-block-embed__wrapper\">\n<iframe loading=\"lazy\" title=\"BAS-IP Integration with KONE\" width=\"900\" height=\"506\" src=\"https:\/\/www.youtube.com\/embed\/lR9EdqTzXqM?feature=oembed\" frameborder=\"0\" allow=\"accelerometer; autoplay; clipboard-write; encrypted-media; gyroscope; picture-in-picture; web-share\" allowfullscreen><\/iframe>\n<\/div><\/figure>\n\n\n<!-- START Block Sign Up --><section id=\"block_629678229e935\" class=\"sign-up-section\">\r\n\r\n    <div class=\"form-holder js-form\" data-aos=\"fade-right\">\r\n                    <div class=\"title-block h3\">Sign up for connection<\/div>\r\n        \r\n                    <div class=\"text-block\">\r\n                Filling out all the information needed to answer you as quickly as possible            <\/div>\r\n        \r\n                    \n<div class=\"wpcf7 no-js\" id=\"wpcf7-f102-o1\" lang=\"en-US\" dir=\"ltr\">\n<div class=\"screen-reader-response\"><p role=\"status\" aria-live=\"polite\" aria-atomic=\"true\"><\/p> <ul><\/ul><\/div>\n<form action=\"\/hu\/wp-json\/wp\/v2\/pages\/93833#wpcf7-f102-o1\" method=\"post\" class=\"wpcf7-form init\" aria-label=\"Contact form\" enctype=\"multipart\/form-data\" novalidate=\"novalidate\" data-status=\"init\">\n<div style=\"display: none;\">\n<input type=\"hidden\" name=\"_wpcf7\" value=\"102\" \/>\n<input type=\"hidden\" name=\"_wpcf7_version\" value=\"5.8.3\" \/>\n<input type=\"hidden\" name=\"_wpcf7_locale\" value=\"en_US\" \/>\n<input type=\"hidden\" name=\"_wpcf7_unit_tag\" value=\"wpcf7-f102-o1\" \/>\n<input type=\"hidden\" name=\"_wpcf7_container_post\" value=\"0\" \/>\n<input type=\"hidden\" name=\"_wpcf7_posted_data_hash\" value=\"\" \/>\n<input type=\"hidden\" name=\"_wpcf7_recaptcha_response\" value=\"\" \/>\n<\/div>\n<div class=\"row\"> \n <label><span class=\"label-text\">Name<\/span> \n  <span class=\"wpcf7-form-control-wrap\" data-name=\"text-full-name\"><input size=\"40\" class=\"wpcf7-form-control wpcf7-text wpcf7-validates-as-required\" aria-required=\"true\" aria-invalid=\"false\" placeholder=\"Name\" value=\"\" type=\"text\" name=\"text-full-name\" \/><\/span><\/label> \n<\/div> \n<div class=\"row\"> \n <label><span class=\"label-text\">Phone*<\/span> \n<span class=\"wpcf7-form-control-wrap\" data-name=\"phonetext-270\"><input size=\"40\" class=\"wpcf7-form-control wpcf7-phonetext wpcf7-validates-as-required wpcf7-text wpcf7-validates-as-phonetext\" aria-required=\"true\" aria-invalid=\"false\" placeholder=\"Phone*\" value=\"\" type=\"text\" name=\"phonetext-270\" \/><input type=\"hidden\" name=\"phonetext-270-country-code\" class=\"wpcf7-phonetext-country-code\" \/><\/span><\/label> \n<\/div> \n<div class=\"row\"> \n <label><span class=\"label-text\">E-mail<\/span> \n  <span class=\"wpcf7-form-control-wrap\" data-name=\"email-e-mail\"><input size=\"40\" class=\"wpcf7-form-control wpcf7-email wpcf7-validates-as-required wpcf7-text wpcf7-validates-as-email\" aria-required=\"true\" aria-invalid=\"false\" placeholder=\"E-mail\" value=\"\" type=\"email\" name=\"email-e-mail\" \/><\/span><\/label> \n<\/div> \n<div class=\"row\"><span>Your country<\/span> \n <label><span class=\"wpcf7-form-control-wrap\" data-name=\"countrytext-126\"><input size=\"40\" class=\"wpcf7-form-control wpcf7-countrytext wpcf7-text wpcf7-validates-as-countrytext\" aria-invalid=\"false\" value=\"\" type=\"text\" name=\"countrytext-126\" \/><\/span> <\/label>\n<\/div> \n<div class=\"row\"> \n <button type=\"submit\" class=\"btn\">Send<\/button> \n<\/div> \n<div class=\"row\"> \n <span class=\"wpcf7-form-control-wrap\" data-name=\"checkbox-931\"><span class=\"wpcf7-form-control wpcf7-checkbox\"><span class=\"wpcf7-list-item first\"><label><input type=\"checkbox\" name=\"checkbox-931[]\" value=\"Integrator\" \/><span class=\"wpcf7-list-item-label\">Integrator<\/span><\/label><\/span><span class=\"wpcf7-list-item\"><label><input type=\"checkbox\" name=\"checkbox-931[]\" value=\"Builder\" \/><span class=\"wpcf7-list-item-label\">Builder<\/span><\/label><\/span><span class=\"wpcf7-list-item last\"><label><input type=\"checkbox\" name=\"checkbox-931[]\" value=\"End-User\" \/><span class=\"wpcf7-list-item-label\">End-User<\/span><\/label><\/span><\/span><\/span> \n<\/div> \n<div class=\"row row-upload-file\"> \n <label class=\"upload-file-block js-upload-file\">Attach file \n  <span class=\"wpcf7-form-control-wrap\" data-name=\"file-466\"><input size=\"40\" class=\"wpcf7-form-control wpcf7-file\" accept=\"audio\/*,video\/*,image\/*\" aria-invalid=\"false\" type=\"file\" name=\"file-466\" \/><\/span><\/label> \n<\/div><input type='hidden' class='wpcf7-pum' value='{\"closepopup\":false,\"closedelay\":0,\"openpopup\":false,\"openpopup_id\":0}' \/><div class=\"wpcf7-response-output\" aria-hidden=\"true\"><\/div>\n<\/form>\n<\/div>\n            <\/div>\r\n\r\n\t\t    <div class=\"text-holder\" data-aos=\"fade-left\">\r\n\t\t\t\t\t\t    <h3 class=\"title-block\">How Can We Help?<\/h3>\r\n\t\t\t\r\n\t\t\t                <div class=\"text-block\">\r\n                    Please select a topic below related to your inquiry. If you don&#8217;t find what you need, fill out our contact form.                <\/div>\r\n\t\t\t\r\n\t\t\t\t\t\t    <ul class=\"link-list\">\r\n\t\t\t\t\t\t\t\t\t\t\t\t\t\t\t\t\t\t<li>\r\n\t\t\t\t\t\t\t\t\t\t\t\t\t\t\t\t    <strong>Get Inspired<\/strong>\r\n\t\t\t\t\t\t\t\t\t\t\t\t\t\t\t\t\t\t\t\t\t\t\t\t    <a href=\"\/features\/\">\r\n\t\t\t\t\t\t\t\t        Discover what&#8217;s beneath our intercom\t\t\t\t\t\t\t\t    <\/a>\r\n\t\t\t\t\t\t\t\t\t\t\t\t\t\t\t<\/li>\r\n\t\t\t\t\t\t\t\t\t\t\t\t\t\t\t\t\t\t\t\t\t\t\t\t<li>\r\n\t\t\t\t\t\t\t\t\t\t\t\t\t\t\t\t    <strong>Become a Partner<\/strong>\r\n\t\t\t\t\t\t\t\t\t\t\t\t\t\t\t\t\t\t\t\t\t\t\t\t    <a href=\"\/distributors\/\">\r\n\t\t\t\t\t\t\t\t        Expand your business with BAS-IP intercom\t\t\t\t\t\t\t\t    <\/a>\r\n\t\t\t\t\t\t\t\t\t\t\t\t\t\t\t<\/li>\r\n\t\t\t\t\t\t\t\t\t\t\t\t\t\t\t\t\t\t\t\t\t\t\t\t<li>\r\n\t\t\t\t\t\t\t\t\t\t\t\t\t\t\t\t    <strong>Check the Guides<\/strong>\r\n\t\t\t\t\t\t\t\t\t\t\t\t\t\t\t\t\t\t\t\t\t\t\t\t    <a href=\"\/support\/\">\r\n\t\t\t\t\t\t\t\t        Download detailed manuals and schemes\t\t\t\t\t\t\t\t    <\/a>\r\n\t\t\t\t\t\t\t\t\t\t\t\t\t\t\t<\/li>\r\n\t\t\t\t\t\t\t\t\t\t\t\t\t\t\t<\/ul>\r\n\t\t\t\r\n\t\t\t\t\t\t    <h3 class=\"title-block\">Our contacts<\/h3>\r\n\t\t\t\r\n\t\t\t\t\t\t\t<ul class=\"contact-list\">\r\n\t\t\t\t\t\t\t\t\t\t\t\t\t\t\t\t\t\t<li>\r\n\t\t\t\t\t\t\t\t\t\t\t\t\t\t\t\t\t<strong>Sales:<\/strong>\r\n\t\t\t\t\t\t\t\t\t\t\t\t\t\t\t\t\t\t\t\t\t\t\t\t    <a href=\"mailto:s&#97;&#108;&#101;&#115;&#64;bas-&#105;p.&#99;o&#109;\">&#115;&#97;l&#101;&#115;&#64;&#98;a&#115;-ip&#46;c&#111;&#109;<\/a>\r\n\t\t\t\t\t\t\t\t\t\t\t\t\t\t\t<\/li>\r\n\t\t\t\t\t\t\t\t\t\t\t\t\t\t\t\t\t\t\t\t\t\t\t\t<li>\r\n\t\t\t\t\t\t\t\t\t\t\t\t\t\t\t\t\t<strong>Technical support:<\/strong>\r\n\t\t\t\t\t\t\t\t\t\t\t\t\t\t\t\t\t\t\t\t\t\t\t\t    <a href=\"mailto:s&#117;p&#112;ort&#64;&#98;&#97;&#115;-i&#112;.co&#109;\">&#115;&#117;ppo&#114;&#116;&#64;b&#97;s&#45;&#105;&#112;.&#99;o&#109;<\/a>\r\n\t\t\t\t\t\t\t\t\t\t\t\t\t\t\t<\/li>\r\n\t\t\t\t\t\t\t\t\t\t\t\t\t\t\t<\/ul>\r\n\t\t\t\t\t<\/div>\r\n\t<\/section>\r\n\r\n\r\n\r\n<!-- END Block Sign Up -->","protected":false},"excerpt":{"rendered":"","protected":false},"author":1,"featured_media":0,"parent":0,"menu_order":0,"comment_status":"closed","ping_status":"closed","template":"page-custom-breadcrumbs.php","meta":{"inline_featured_image":false,"footnotes":""},"class_list":["post-93833","page","type-page","status-publish","hentry"],"acf":[],"_links":{"self":[{"href":"https:\/\/bas-ip.com\/hu\/wp-json\/wp\/v2\/pages\/93833","targetHints":{"allow":["GET"]}}],"collection":[{"href":"https:\/\/bas-ip.com\/hu\/wp-json\/wp\/v2\/pages"}],"about":[{"href":"https:\/\/bas-ip.com\/hu\/wp-json\/wp\/v2\/types\/page"}],"author":[{"embeddable":true,"href":"https:\/\/bas-ip.com\/hu\/wp-json\/wp\/v2\/users\/1"}],"replies":[{"embeddable":true,"href":"https:\/\/bas-ip.com\/hu\/wp-json\/wp\/v2\/comments?post=93833"}],"version-history":[{"count":2,"href":"https:\/\/bas-ip.com\/hu\/wp-json\/wp\/v2\/pages\/93833\/revisions"}],"predecessor-version":[{"id":93867,"href":"https:\/\/bas-ip.com\/hu\/wp-json\/wp\/v2\/pages\/93833\/revisions\/93867"}],"wp:attachment":[{"href":"https:\/\/bas-ip.com\/hu\/wp-json\/wp\/v2\/media?parent=93833"}],"curies":[{"name":"wp","href":"https:\/\/api.w.org\/{rel}","templated":true}]}}