{"id":77520,"date":"2023-04-05T10:35:01","date_gmt":"2023-04-05T10:35:01","guid":{"rendered":"https:\/\/bas-ip.com\/?page_id=77520"},"modified":"2023-05-02T06:43:29","modified_gmt":"2023-05-02T06:43:29","slug":"crestron","status":"publish","type":"page","link":"https:\/\/bas-ip.com\/hu\/crestron\/","title":{"rendered":"Crestron"},"content":{"rendered":"<div class=\"wp-block-image\">\n<figure class=\"aligncenter size-full is-resized\"><img loading=\"lazy\" decoding=\"async\" src=\"https:\/\/bas-ip.com\/wp-content\/uploads\/2023\/04\/crestron_logo.png\" alt=\"\" class=\"wp-image-67973\" width=\"501\" height=\"284\" srcset=\"https:\/\/bas-ip.com\/wp-content\/uploads\/2023\/04\/crestron_logo.png 668w,  https:\/\/bas-ip.com\/wp-content\/uploads\/2023\/04\/crestron_logo-300x170.png 300w\" sizes=\"auto, (max-width: 501px) 100vw, 501px\" \/><\/figure>\n<\/div>\n\n<!-- START Block Integrations Text & Image --><section id=\"block_642d4e5e447ff\" class=\"integrations-text-image-section\">\r\n\t\t<div class=\"image-holder\" data-aos=\"fade-left\">\r\n\t\t<img loading=\"lazy\" decoding=\"async\" width=\"810\" height=\"579\" src=\"https:\/\/bas-ip.com\/wp-content\/uploads\/2023\/04\/crestron_pic2.jpg\" class=\"attachment-large size-large\" alt=\"\" srcset=\"https:\/\/bas-ip.com\/wp-content\/uploads\/2023\/04\/crestron_pic2.jpg 810w,  https:\/\/bas-ip.com\/wp-content\/uploads\/2023\/04\/crestron_pic2-300x214.jpg 300w,  https:\/\/bas-ip.com\/wp-content\/uploads\/2023\/04\/crestron_pic2-768x549.jpg 768w,  https:\/\/bas-ip.com\/wp-content\/uploads\/2023\/04\/crestron_pic2-767x548.jpg 767w\" sizes=\"auto, (max-width: 810px) 100vw, 810px\" \/>\t<\/div>\r\n\t\r\n\t<div class=\"text-holder\" data-aos=\"fade-right\">\r\n\t\t\t\t\t\t<div class=\"text-block\">\r\n\t\t\t<div class=\"wrapper container margin_t_b_80_p\">\n<div class=\"auntk_text_p\">\n<h1>A BAS-IP SIP kaputelefonok megfelelnek a Crestron Smart Home Automation k\u00f6vetelm\u00e9nyeinek<\/h1>\n<p>Az intelligens \u00e9let j\u00f6v\u0151je m\u00e1r meg\u00e9rkezett, mivel a BAS-IP SIP kaputelefonok robusztus k\u00e9pess\u00e9geit a Crestron otthoni automatiz\u00e1l\u00e1si rendszerek p\u00e1ratlan intelligenci\u00e1j\u00e1val kombin\u00e1ltuk. K\u00e9sz\u00fclj\u00f6n fel az \u00e1mulatra, mik\u00f6zben elmer\u00fcl a fejlett technol\u00f3gia szimf\u00f3ni\u00e1j\u00e1ban, amely \u00faj magass\u00e1gokba emeli \u00e9letst\u00edlus\u00e1t.<\/p>\n<h2>Teremtse meg a t\u00f6k\u00e9letes l\u00e9gk\u00f6rt<\/h2>\n<p>K\u00e9pzeljen el egy olyan h\u00e1zat, amely az \u00d6n dallam\u00e1ra t\u00e1ncol, egy olyan h\u00e1zat, ahol t\u00f6k\u00e9letes hangulatot teremthet an\u00e9lk\u00fcl, hogy elhagyn\u00e1 a BAS-IP kaputelefon monitor\u00e1t. L\u00e9pjen be a Crestron alkalmaz\u00e1sba, a maestro, amely hidat k\u00e9pez a kaputelefon \u00e9s a Crestron szerverhez csatlakoztatott eszk\u00f6z\u00f6k k\u00f6z\u00f6tt. Az integr\u00e1ci\u00f3s lehet\u0151s\u00e9gnek k\u00f6sz\u00f6nhet\u0151en mostant\u00f3l k\u00f6nnyed\u00e9n vez\u00e9relheti a f\u00fcgg\u00f6ny\u00f6ket, a red\u0151ny\u00f6ket, a vil\u00e1g\u00edt\u00e1st \u00e9s a zen\u00e9t k\u00f6zvetlen\u00fcl a kaputelefon-monitorr\u00f3l, az egyszer\u0171s\u00e9g \u00e9s a kifinomults\u00e1g harmonikus kever\u00e9k\u00e9t teremtve.<\/p>\n<h2>Z\u00f6kken\u0151mentes integr\u00e1ci\u00f3 az egys\u00e9ges \u00e9lm\u00e9ny\u00e9rt<\/h2>\n<p>A folyamat a lehet\u0151 legegyszer\u0171bb. A z\u00f6kken\u0151mentes integr\u00e1ci\u00f3nk k\u00f6zvetlen\u00fcl a BAS-IP belt\u00e9ri monitorokon t\u00f6rt\u00e9nik a Crestron alkalmaz\u00e1s egyszer\u0171 telep\u00edt\u00e9s\u00e9vel \u00e9s egy regisztr\u00e1lt fi\u00f3k haszn\u00e1lat\u00e1val. Ezzel az innovat\u00edv megold\u00e1ssal egyetlen \u00e9lm\u00e9nyt \u00e9lvezhet, amely egyetlen st\u00edlusos \u00e9s hat\u00e9kony csomagban egyes\u00edti a kommunik\u00e1ci\u00f3t, a biztons\u00e1got \u00e9s az intelligens h\u00e1zkezel\u00e9st.<\/p>\n<h2>N\u00f6velje otthona IQ-j\u00e1t<\/h2>\n<p>A BAS-IP SIP kaputelefonok \u00e9s a Crestron k\u00f6z\u00f6tti partners\u00e9g n\u00f6veli otthona IQ-j\u00e1t, \u00e9s nemcsak k\u00e9nyelmesebb\u00e9 \u00e9s biztons\u00e1gosabb\u00e1 teszi mindennapi \u00e9let\u00e9t, hanem egy kis pezsg\u00e9st is ad az \u00e9letst\u00edlus\u00e1hoz. A vend\u00e9gek fogad\u00e1s\u00e1t\u00f3l kezdve a romantikus vacsora t\u00f6k\u00e9letes hangulat\u00e1nak megteremt\u00e9s\u00e9ig ez az integr\u00e1ci\u00f3 olyan intelligens mened\u00e9kk\u00e9 alak\u00edtja otthon\u00e1t, amely minden k\u00edv\u00e1ns\u00e1g\u00e1t kiel\u00e9g\u00edti.<\/p>\n<h2>Tapasztalja meg a var\u00e1zslatos f\u00fazi\u00f3t<\/h2>\n<p>Tapasztalja meg a BAS-IP SIP kaputelefonok \u00e9s a Crestron intelligens otthoni automatiz\u00e1l\u00e1si rendszerek var\u00e1zslatos f\u00fazi\u00f3j\u00e1t, \u00e9s alak\u00edtsa otthon\u00e1t intelligens mesterm\u0171v\u00e9, amely minden tekintetben elk\u00e1pr\u00e1ztat \u00e9s gy\u00f6ny\u00f6rk\u00f6dtet. K\u00e9szen \u00e1ll arra, hogy otthon\u00e1t a lehet\u0151s\u00e9gekt\u0151l zeng\u0151v\u00e9 tegye? Csatlakozzon az innov\u00e1ci\u00f3 szimf\u00f3ni\u00e1j\u00e1hoz m\u00e9g ma!<\/p>\n<h2>Fogadja el a j\u00f6v\u0151t<\/h2>\n<p>Tapasztalja meg a var\u00e1zslatot. Hagyja, hogy a BAS-IP \u00e9s a Crestron felemelje az \u00e9letst\u00edlus\u00e1t.<\/p>\n<\/div>\n<\/div>\t\t<\/div>\r\n\t\t\r\n\t\t\r\n\t\t\t<\/div>\r\n<\/section>\r\n<!-- END Block Integrations Text & Image -->\n\n<!-- START Block Sign Up --><section id=\"block_629678229e935\" class=\"sign-up-section\">\r\n\r\n    <div class=\"form-holder js-form\" data-aos=\"fade-right\">\r\n                    <div class=\"title-block h3\">Sign up for connection<\/div>\r\n        \r\n                    <div class=\"text-block\">\r\n                Filling out all the information needed to answer you as quickly as possible            <\/div>\r\n        \r\n                    \n<div class=\"wpcf7 no-js\" id=\"wpcf7-f102-o1\" lang=\"en-US\" dir=\"ltr\">\n<div class=\"screen-reader-response\"><p role=\"status\" aria-live=\"polite\" aria-atomic=\"true\"><\/p> <ul><\/ul><\/div>\n<form action=\"\/hu\/wp-json\/wp\/v2\/pages\/77520#wpcf7-f102-o1\" method=\"post\" class=\"wpcf7-form init\" aria-label=\"Contact form\" enctype=\"multipart\/form-data\" novalidate=\"novalidate\" data-status=\"init\">\n<div style=\"display: none;\">\n<input type=\"hidden\" name=\"_wpcf7\" value=\"102\" \/>\n<input type=\"hidden\" name=\"_wpcf7_version\" value=\"5.8.3\" \/>\n<input type=\"hidden\" name=\"_wpcf7_locale\" value=\"en_US\" \/>\n<input type=\"hidden\" name=\"_wpcf7_unit_tag\" value=\"wpcf7-f102-o1\" \/>\n<input type=\"hidden\" name=\"_wpcf7_container_post\" value=\"0\" \/>\n<input type=\"hidden\" name=\"_wpcf7_posted_data_hash\" value=\"\" \/>\n<input type=\"hidden\" name=\"_wpcf7_recaptcha_response\" value=\"\" \/>\n<\/div>\n<div class=\"row\"> \n <label><span class=\"label-text\">Name<\/span> \n  <span class=\"wpcf7-form-control-wrap\" data-name=\"text-full-name\"><input size=\"40\" class=\"wpcf7-form-control wpcf7-text wpcf7-validates-as-required\" aria-required=\"true\" aria-invalid=\"false\" placeholder=\"Name\" value=\"\" type=\"text\" name=\"text-full-name\" \/><\/span><\/label> \n<\/div> \n<div class=\"row\"> \n <label><span class=\"label-text\">Phone*<\/span> \n<span class=\"wpcf7-form-control-wrap\" data-name=\"phonetext-270\"><input size=\"40\" class=\"wpcf7-form-control wpcf7-phonetext wpcf7-validates-as-required wpcf7-text wpcf7-validates-as-phonetext\" aria-required=\"true\" aria-invalid=\"false\" placeholder=\"Phone*\" value=\"\" type=\"text\" name=\"phonetext-270\" \/><input type=\"hidden\" name=\"phonetext-270-country-code\" class=\"wpcf7-phonetext-country-code\" \/><\/span><\/label> \n<\/div> \n<div class=\"row\"> \n <label><span class=\"label-text\">E-mail<\/span> \n  <span class=\"wpcf7-form-control-wrap\" data-name=\"email-e-mail\"><input size=\"40\" class=\"wpcf7-form-control wpcf7-email wpcf7-validates-as-required wpcf7-text wpcf7-validates-as-email\" aria-required=\"true\" aria-invalid=\"false\" placeholder=\"E-mail\" value=\"\" type=\"email\" name=\"email-e-mail\" \/><\/span><\/label> \n<\/div> \n<div class=\"row\"><span>Your country<\/span> \n <label><span class=\"wpcf7-form-control-wrap\" data-name=\"countrytext-126\"><input size=\"40\" class=\"wpcf7-form-control wpcf7-countrytext wpcf7-text wpcf7-validates-as-countrytext\" aria-invalid=\"false\" value=\"\" type=\"text\" name=\"countrytext-126\" \/><\/span> <\/label>\n<\/div> \n<div class=\"row\"> \n <button type=\"submit\" class=\"btn\">Send<\/button> \n<\/div> \n<div class=\"row\"> \n <span class=\"wpcf7-form-control-wrap\" data-name=\"checkbox-931\"><span class=\"wpcf7-form-control wpcf7-checkbox\"><span class=\"wpcf7-list-item first\"><label><input type=\"checkbox\" name=\"checkbox-931[]\" value=\"Integrator\" \/><span class=\"wpcf7-list-item-label\">Integrator<\/span><\/label><\/span><span class=\"wpcf7-list-item\"><label><input type=\"checkbox\" name=\"checkbox-931[]\" value=\"Builder\" \/><span class=\"wpcf7-list-item-label\">Builder<\/span><\/label><\/span><span class=\"wpcf7-list-item last\"><label><input type=\"checkbox\" name=\"checkbox-931[]\" value=\"End-User\" \/><span class=\"wpcf7-list-item-label\">End-User<\/span><\/label><\/span><\/span><\/span> \n<\/div> \n<div class=\"row row-upload-file\"> \n <label class=\"upload-file-block js-upload-file\">Attach file \n  <span class=\"wpcf7-form-control-wrap\" data-name=\"file-466\"><input size=\"40\" class=\"wpcf7-form-control wpcf7-file\" accept=\"audio\/*,video\/*,image\/*\" aria-invalid=\"false\" type=\"file\" name=\"file-466\" \/><\/span><\/label> \n<\/div><input type='hidden' class='wpcf7-pum' value='{\"closepopup\":false,\"closedelay\":0,\"openpopup\":false,\"openpopup_id\":0}' \/><div class=\"wpcf7-response-output\" aria-hidden=\"true\"><\/div>\n<\/form>\n<\/div>\n            <\/div>\r\n\r\n\t\t    <div class=\"text-holder\" data-aos=\"fade-left\">\r\n\t\t\t\t\t\t    <h3 class=\"title-block\">How Can We Help?<\/h3>\r\n\t\t\t\r\n\t\t\t                <div class=\"text-block\">\r\n                    Please select a topic below related to your inquiry. If you don&#8217;t find what you need, fill out our contact form.                <\/div>\r\n\t\t\t\r\n\t\t\t\t\t\t    <ul class=\"link-list\">\r\n\t\t\t\t\t\t\t\t\t\t\t\t\t\t\t\t\t\t<li>\r\n\t\t\t\t\t\t\t\t\t\t\t\t\t\t\t\t    <strong>Get Inspired<\/strong>\r\n\t\t\t\t\t\t\t\t\t\t\t\t\t\t\t\t\t\t\t\t\t\t\t\t    <a href=\"\/features\/\">\r\n\t\t\t\t\t\t\t\t        Discover what&#8217;s beneath our intercom\t\t\t\t\t\t\t\t    <\/a>\r\n\t\t\t\t\t\t\t\t\t\t\t\t\t\t\t<\/li>\r\n\t\t\t\t\t\t\t\t\t\t\t\t\t\t\t\t\t\t\t\t\t\t\t\t<li>\r\n\t\t\t\t\t\t\t\t\t\t\t\t\t\t\t\t    <strong>Become a Partner<\/strong>\r\n\t\t\t\t\t\t\t\t\t\t\t\t\t\t\t\t\t\t\t\t\t\t\t\t    <a href=\"\/distributors\/\">\r\n\t\t\t\t\t\t\t\t        Expand your business with BAS-IP intercom\t\t\t\t\t\t\t\t    <\/a>\r\n\t\t\t\t\t\t\t\t\t\t\t\t\t\t\t<\/li>\r\n\t\t\t\t\t\t\t\t\t\t\t\t\t\t\t\t\t\t\t\t\t\t\t\t<li>\r\n\t\t\t\t\t\t\t\t\t\t\t\t\t\t\t\t    <strong>Check the Guides<\/strong>\r\n\t\t\t\t\t\t\t\t\t\t\t\t\t\t\t\t\t\t\t\t\t\t\t\t    <a href=\"\/support\/\">\r\n\t\t\t\t\t\t\t\t        Download detailed manuals and schemes\t\t\t\t\t\t\t\t    <\/a>\r\n\t\t\t\t\t\t\t\t\t\t\t\t\t\t\t<\/li>\r\n\t\t\t\t\t\t\t\t\t\t\t\t\t\t\t<\/ul>\r\n\t\t\t\r\n\t\t\t\t\t\t    <h3 class=\"title-block\">Our contacts<\/h3>\r\n\t\t\t\r\n\t\t\t\t\t\t\t<ul class=\"contact-list\">\r\n\t\t\t\t\t\t\t\t\t\t\t\t\t\t\t\t\t\t<li>\r\n\t\t\t\t\t\t\t\t\t\t\t\t\t\t\t\t\t<strong>Sales:<\/strong>\r\n\t\t\t\t\t\t\t\t\t\t\t\t\t\t\t\t\t\t\t\t\t\t\t\t    <a href=\"mailto:&#115;ales&#64;&#98;a&#115;-i&#112;&#46;&#99;o&#109;\">&#115;&#97;&#108;&#101;s&#64;bas-ip.&#99;om<\/a>\r\n\t\t\t\t\t\t\t\t\t\t\t\t\t\t\t<\/li>\r\n\t\t\t\t\t\t\t\t\t\t\t\t\t\t\t\t\t\t\t\t\t\t\t\t<li>\r\n\t\t\t\t\t\t\t\t\t\t\t\t\t\t\t\t\t<strong>Technical support:<\/strong>\r\n\t\t\t\t\t\t\t\t\t\t\t\t\t\t\t\t\t\t\t\t\t\t\t\t    <a href=\"mailto:su&#112;p&#111;r&#116;&#64;&#98;&#97;&#115;-&#105;&#112;&#46;&#99;om\">supp&#111;&#114;&#116;&#64;bas&#45;&#105;&#112;.&#99;&#111;m<\/a>\r\n\t\t\t\t\t\t\t\t\t\t\t\t\t\t\t<\/li>\r\n\t\t\t\t\t\t\t\t\t\t\t\t\t\t\t<\/ul>\r\n\t\t\t\t\t<\/div>\r\n\t<\/section>\r\n\r\n\r\n\r\n<!-- END Block Sign Up -->","protected":false},"excerpt":{"rendered":"","protected":false},"author":1,"featured_media":0,"parent":0,"menu_order":0,"comment_status":"closed","ping_status":"closed","template":"page-custom-breadcrumbs.php","meta":{"inline_featured_image":false,"footnotes":""},"class_list":["post-77520","page","type-page","status-publish","hentry"],"acf":[],"_links":{"self":[{"href":"https:\/\/bas-ip.com\/hu\/wp-json\/wp\/v2\/pages\/77520","targetHints":{"allow":["GET"]}}],"collection":[{"href":"https:\/\/bas-ip.com\/hu\/wp-json\/wp\/v2\/pages"}],"about":[{"href":"https:\/\/bas-ip.com\/hu\/wp-json\/wp\/v2\/types\/page"}],"author":[{"embeddable":true,"href":"https:\/\/bas-ip.com\/hu\/wp-json\/wp\/v2\/users\/1"}],"replies":[{"embeddable":true,"href":"https:\/\/bas-ip.com\/hu\/wp-json\/wp\/v2\/comments?post=77520"}],"version-history":[{"count":2,"href":"https:\/\/bas-ip.com\/hu\/wp-json\/wp\/v2\/pages\/77520\/revisions"}],"predecessor-version":[{"id":77560,"href":"https:\/\/bas-ip.com\/hu\/wp-json\/wp\/v2\/pages\/77520\/revisions\/77560"}],"wp:attachment":[{"href":"https:\/\/bas-ip.com\/hu\/wp-json\/wp\/v2\/media?parent=77520"}],"curies":[{"name":"wp","href":"https:\/\/api.w.org\/{rel}","templated":true}]}}