{"id":150013,"date":"2025-02-06T12:58:36","date_gmt":"2025-02-06T12:58:36","guid":{"rendered":"https:\/\/bas-ip.com\/napco\/"},"modified":"2025-11-18T11:28:13","modified_gmt":"2025-11-18T11:28:13","slug":"napco","status":"publish","type":"page","link":"https:\/\/bas-ip.com\/hu\/napco\/","title":{"rendered":"NAPCO"},"content":{"rendered":"<h2 class=\"wp-block-heading\"><strong>BAS-IP \u00e9s NAPCO: Integr\u00e1ci\u00f3 a K\u00e9nyelmes Hozz\u00e1f\u00e9r\u00e9s-kezel\u00e9s\u00e9rt<\/strong><\/h2>\n\n\n<div class=\"wp-block-image\">\n<figure class=\"aligncenter size-full\"><img loading=\"lazy\" decoding=\"async\" width=\"900\" height=\"183\" src=\"https:\/\/bas-ip.com\/wp-content\/uploads\/2025\/02\/napco-security-logo.png\" alt=\"\" class=\"wp-image-130197\" srcset=\"https:\/\/bas-ip.com\/wp-content\/uploads\/2025\/02\/napco-security-logo.png 900w,  https:\/\/bas-ip.com\/wp-content\/uploads\/2025\/02\/napco-security-logo-300x61.png 300w,  https:\/\/bas-ip.com\/wp-content\/uploads\/2025\/02\/napco-security-logo-768x156.png 768w,  https:\/\/bas-ip.com\/wp-content\/uploads\/2025\/02\/napco-security-logo-767x156.png 767w\" sizes=\"auto, (max-width: 900px) 100vw, 900px\" \/><\/figure>\n<\/div>\n\n<p data-path-to-node=\"2\">A <b>NAPCO-val<\/b> val\u00f3 integr\u00e1ci\u00f3 az <b>AV-08FB<\/b> Android-alap\u00fa panelen kereszt\u00fcl m\u0171k\u00f6dik. A panel <b>Card Access Software v1.2.x<\/b> szoftverhez val\u00f3 csatlakoztat\u00e1s\u00e1val a felhaszn\u00e1l\u00f3k egyetlen fel\u00fcleten kereszt\u00fcl kezelhetik a hiteles\u00edt\u0151 adatokat, \u00edgy nincs sz\u00fcks\u00e9g k\u00fcl\u00f6n webes fel\u00fcletre, ami leegyszer\u0171s\u00edti a folyamatot.<\/p>\n<p data-path-to-node=\"3\">Az integr\u00e1ci\u00f3 kiterjed a <b>bel\u00e9ptet\u00e9s-ellen\u0151rz\u00e9sre<\/b>, a <b>vide\u00f3fel\u00fcgyeletre<\/b> \u00e9s a <b>val\u00f3s idej\u0171 megfigyel\u00e9sre<\/b>, \u00edgy a rendszer rugalmas \u00e9s k\u00e9nyelmes, k\u00fcl\u00f6n\u00f6sen lak\u00f3parkok \u00e9s irod\u00e1k eset\u00e9ben, ahol a gyors kezel\u00e9s \u00e9s az esem\u00e9nyekre val\u00f3 azonnali reag\u00e1l\u00e1s kulcsfontoss\u00e1g\u00fa.<\/p>\n<p data-path-to-node=\"5\">\u00a0<\/p>\n<h3>A BAS-IP \u00e9s NAPCO Integr\u00e1ci\u00f3 El\u0151nyei:<\/h3>\n<p>\u00a0<\/p>\n<ul>\n<li data-path-to-node=\"6,0,0\"><b>Egyszer\u0171 Kezel\u00e9s:<\/b> Az egys\u00e9ges fel\u00fclet lehet\u0151v\u00e9 teszi a felhaszn\u00e1l\u00f3k sz\u00e1m\u00e1ra a hiteles\u00edt\u0151 adatok \u00e9s a hozz\u00e1f\u00e9r\u00e9s k\u00f6nny\u0171 kezel\u00e9s\u00e9t, leegyszer\u0171s\u00edtve az adminisztr\u00e1ci\u00f3s folyamatot.<\/li>\n<li data-path-to-node=\"6,0,0\"><b>Rugalmas Rendszer:<\/b> Az integr\u00e1ci\u00f3 lehet\u0151v\u00e9 teszi k\u00fcl\u00f6nb\u00f6z\u0151 funkci\u00f3k, bele\u00e9rtve a bel\u00e9ptet\u00e9s-ellen\u0151rz\u00e9st \u00e9s a vide\u00f3fel\u00fcgyeletet, haszn\u00e1lat\u00e1t, \u00edgy a rendszer sokoldal\u00fav\u00e1 v\u00e1lik.<\/li>\n<li data-path-to-node=\"6,0,0\"><b>Val\u00f3s Idej\u0171 Megfigyel\u00e9s:<\/b> Az esem\u00e9nyek val\u00f3s idej\u0171 nyomon k\u00f6vet\u00e9s\u00e9nek k\u00e9pess\u00e9ge n\u00f6veli a biztons\u00e1got, \u00e9s lehet\u0151v\u00e9 teszi a gyorsabb reag\u00e1l\u00e1st az incidensekre.<\/li>\n<li data-path-to-node=\"6,0,0\"><b>Ide\u00e1lis Lak\u00f3- \u00e9s Irodakomplexumok Sz\u00e1m\u00e1ra:<\/b> A megold\u00e1s olyan ingatlanokhoz alkalmas, ahol elengedhetetlen a gyors reag\u00e1l\u00e1s \u00e9s a k\u00e9nyelmes hozz\u00e1f\u00e9r\u00e9s-kezel\u00e9s.<\/li>\n<\/ul>\n<p data-path-to-node=\"8\">\u00a0<\/p>\n<h3>Az Integr\u00e1ci\u00f3 F\u0151bb Jellemz\u0151i:<\/h3>\n<p>\u00a0<\/p>\n<p data-path-to-node=\"9\">A BAS-IP \u00e9s NAPCO k\u00f6z\u00f6tti egy\u00fcttm\u0171k\u00f6d\u00e9s a k\u00f6vetkez\u0151ket k\u00edn\u00e1lja:<\/p>\n<ul>\n<li data-path-to-node=\"10,0,0\">Integr\u00e1ci\u00f3 az <b>AV-08FB<\/b> panellel \u00e9s a <b>Card Access<\/b> szoftverrel, k\u00e9nyelmes hozz\u00e1f\u00e9r\u00e9s-kezel\u00e9st biztos\u00edtva.<\/li>\n<li data-path-to-node=\"10,0,0\">\u00d6sszekapcsolhat\u00f3s\u00e1g a k\u00fcl\u00f6nb\u00f6z\u0151 biztons\u00e1gi szempontok, mint p\u00e9ld\u00e1ul a vide\u00f3fel\u00fcgyelet \u00e9s a bel\u00e9ptet\u00e9s-ellen\u0151rz\u00e9s k\u00f6z\u00f6tt.<\/li>\n<li data-path-to-node=\"10,0,0\">Rugalmas konfigur\u00e1ci\u00f3k a k\u00fcl\u00f6nb\u00f6z\u0151 felhaszn\u00e1l\u00f3i ig\u00e9nyekhez val\u00f3 alkalmazkod\u00e1shoz.<\/li>\n<\/ul>\n<p data-path-to-node=\"11\">Ez az integr\u00e1ci\u00f3 lehet\u0151v\u00e9 teszi a hozz\u00e1f\u00e9r\u00e9s-kezel\u00e9s \u00e9s a vide\u00f3fel\u00fcgyelet egyetlen rendszerbe t\u00f6rt\u00e9n\u0151 \u00f6sszevon\u00e1s\u00e1t, ami ide\u00e1lis megold\u00e1ss\u00e1 teszi modern ingatlanok sz\u00e1m\u00e1ra. A BAS-IP \u00e9s NAPCO k\u00f6z\u00f6tti egy\u00fcttm\u0171k\u00f6d\u00e9s hat\u00e9kony \u00e9s biztons\u00e1gos eszk\u00f6zt biztos\u00edt a hozz\u00e1f\u00e9r\u00e9s-kezel\u00e9shez \u00e9s megfigyel\u00e9shez.<\/p>\n<p data-path-to-node=\"12\">R\u00e9szletesebb telep\u00edt\u00e9si \u00e9s konfigur\u00e1ci\u00f3s \u00fatmutat\u00e1s\u00e9rt k\u00e9rj\u00fck, tekintse meg a <a href=\"https:\/\/basip.atlassian.net\/wiki\/spaces\/Integrations\/pages\/248479748\/Integration+with+NAPCO\" target=\"_blank\" rel=\"noopener\"><b>Wiki K\u00e9zik\u00f6nyv\u00fcnket<\/b><\/a>.<\/p>\n\n<!-- START Block Sign Up --><section id=\"block_629678229e935\" class=\"sign-up-section\">\r\n\r\n    <div class=\"form-holder js-form\" data-aos=\"fade-right\">\r\n                    <div class=\"title-block h3\">Sign up for connection<\/div>\r\n        \r\n                    <div class=\"text-block\">\r\n                Filling out all the information needed to answer you as quickly as possible            <\/div>\r\n        \r\n                    \n<div class=\"wpcf7 no-js\" id=\"wpcf7-f102-o1\" lang=\"en-US\" dir=\"ltr\">\n<div class=\"screen-reader-response\"><p role=\"status\" aria-live=\"polite\" aria-atomic=\"true\"><\/p> <ul><\/ul><\/div>\n<form action=\"\/hu\/wp-json\/wp\/v2\/pages\/150013#wpcf7-f102-o1\" method=\"post\" class=\"wpcf7-form init\" aria-label=\"Contact form\" enctype=\"multipart\/form-data\" novalidate=\"novalidate\" data-status=\"init\">\n<div style=\"display: none;\">\n<input type=\"hidden\" name=\"_wpcf7\" value=\"102\" \/>\n<input type=\"hidden\" name=\"_wpcf7_version\" value=\"5.8.3\" \/>\n<input type=\"hidden\" name=\"_wpcf7_locale\" value=\"en_US\" \/>\n<input type=\"hidden\" name=\"_wpcf7_unit_tag\" value=\"wpcf7-f102-o1\" \/>\n<input type=\"hidden\" name=\"_wpcf7_container_post\" value=\"0\" \/>\n<input type=\"hidden\" name=\"_wpcf7_posted_data_hash\" value=\"\" \/>\n<input type=\"hidden\" name=\"_wpcf7_recaptcha_response\" value=\"\" \/>\n<\/div>\n<div class=\"row\"> \n <label><span class=\"label-text\">Name<\/span> \n  <span class=\"wpcf7-form-control-wrap\" data-name=\"text-full-name\"><input size=\"40\" class=\"wpcf7-form-control wpcf7-text wpcf7-validates-as-required\" aria-required=\"true\" aria-invalid=\"false\" placeholder=\"Name\" value=\"\" type=\"text\" name=\"text-full-name\" \/><\/span><\/label> \n<\/div> \n<div class=\"row\"> \n <label><span class=\"label-text\">Phone*<\/span> \n<span class=\"wpcf7-form-control-wrap\" data-name=\"phonetext-270\"><input size=\"40\" class=\"wpcf7-form-control wpcf7-phonetext wpcf7-validates-as-required wpcf7-text wpcf7-validates-as-phonetext\" aria-required=\"true\" aria-invalid=\"false\" placeholder=\"Phone*\" value=\"\" type=\"text\" name=\"phonetext-270\" \/><input type=\"hidden\" name=\"phonetext-270-country-code\" class=\"wpcf7-phonetext-country-code\" \/><\/span><\/label> \n<\/div> \n<div class=\"row\"> \n <label><span class=\"label-text\">E-mail<\/span> \n  <span class=\"wpcf7-form-control-wrap\" data-name=\"email-e-mail\"><input size=\"40\" class=\"wpcf7-form-control wpcf7-email wpcf7-validates-as-required wpcf7-text wpcf7-validates-as-email\" aria-required=\"true\" aria-invalid=\"false\" placeholder=\"E-mail\" value=\"\" type=\"email\" name=\"email-e-mail\" \/><\/span><\/label> \n<\/div> \n<div class=\"row\"><span>Your country<\/span> \n <label><span class=\"wpcf7-form-control-wrap\" data-name=\"countrytext-126\"><input size=\"40\" class=\"wpcf7-form-control wpcf7-countrytext wpcf7-text wpcf7-validates-as-countrytext\" aria-invalid=\"false\" value=\"\" type=\"text\" name=\"countrytext-126\" \/><\/span> <\/label>\n<\/div> \n<div class=\"row\"> \n <button type=\"submit\" class=\"btn\">Send<\/button> \n<\/div> \n<div class=\"row\"> \n <span class=\"wpcf7-form-control-wrap\" data-name=\"checkbox-931\"><span class=\"wpcf7-form-control wpcf7-checkbox\"><span class=\"wpcf7-list-item first\"><label><input type=\"checkbox\" name=\"checkbox-931[]\" value=\"Integrator\" \/><span class=\"wpcf7-list-item-label\">Integrator<\/span><\/label><\/span><span class=\"wpcf7-list-item\"><label><input type=\"checkbox\" name=\"checkbox-931[]\" value=\"Builder\" \/><span class=\"wpcf7-list-item-label\">Builder<\/span><\/label><\/span><span class=\"wpcf7-list-item last\"><label><input type=\"checkbox\" name=\"checkbox-931[]\" value=\"End-User\" \/><span class=\"wpcf7-list-item-label\">End-User<\/span><\/label><\/span><\/span><\/span> \n<\/div> \n<div class=\"row row-upload-file\"> \n <label class=\"upload-file-block js-upload-file\">Attach file \n  <span class=\"wpcf7-form-control-wrap\" data-name=\"file-466\"><input size=\"40\" class=\"wpcf7-form-control wpcf7-file\" accept=\"audio\/*,video\/*,image\/*\" aria-invalid=\"false\" type=\"file\" name=\"file-466\" \/><\/span><\/label> \n<\/div><input type='hidden' class='wpcf7-pum' value='{\"closepopup\":false,\"closedelay\":0,\"openpopup\":false,\"openpopup_id\":0}' \/><div class=\"wpcf7-response-output\" aria-hidden=\"true\"><\/div>\n<\/form>\n<\/div>\n            <\/div>\r\n\r\n\t\t    <div class=\"text-holder\" data-aos=\"fade-left\">\r\n\t\t\t\t\t\t    <h3 class=\"title-block\">How Can We Help?<\/h3>\r\n\t\t\t\r\n\t\t\t                <div class=\"text-block\">\r\n                    Please select a topic below related to your inquiry. If you don&#8217;t find what you need, fill out our contact form.                <\/div>\r\n\t\t\t\r\n\t\t\t\t\t\t    <ul class=\"link-list\">\r\n\t\t\t\t\t\t\t\t\t\t\t\t\t\t\t\t\t\t<li>\r\n\t\t\t\t\t\t\t\t\t\t\t\t\t\t\t\t    <strong>Get Inspired<\/strong>\r\n\t\t\t\t\t\t\t\t\t\t\t\t\t\t\t\t\t\t\t\t\t\t\t\t    <a href=\"\/features\/\">\r\n\t\t\t\t\t\t\t\t        Discover what&#8217;s beneath our intercom\t\t\t\t\t\t\t\t    <\/a>\r\n\t\t\t\t\t\t\t\t\t\t\t\t\t\t\t<\/li>\r\n\t\t\t\t\t\t\t\t\t\t\t\t\t\t\t\t\t\t\t\t\t\t\t\t<li>\r\n\t\t\t\t\t\t\t\t\t\t\t\t\t\t\t\t    <strong>Become a Partner<\/strong>\r\n\t\t\t\t\t\t\t\t\t\t\t\t\t\t\t\t\t\t\t\t\t\t\t\t    <a href=\"\/distributors\/\">\r\n\t\t\t\t\t\t\t\t        Expand your business with BAS-IP intercom\t\t\t\t\t\t\t\t    <\/a>\r\n\t\t\t\t\t\t\t\t\t\t\t\t\t\t\t<\/li>\r\n\t\t\t\t\t\t\t\t\t\t\t\t\t\t\t\t\t\t\t\t\t\t\t\t<li>\r\n\t\t\t\t\t\t\t\t\t\t\t\t\t\t\t\t    <strong>Check the Guides<\/strong>\r\n\t\t\t\t\t\t\t\t\t\t\t\t\t\t\t\t\t\t\t\t\t\t\t\t    <a href=\"\/support\/\">\r\n\t\t\t\t\t\t\t\t        Download detailed manuals and schemes\t\t\t\t\t\t\t\t    <\/a>\r\n\t\t\t\t\t\t\t\t\t\t\t\t\t\t\t<\/li>\r\n\t\t\t\t\t\t\t\t\t\t\t\t\t\t\t<\/ul>\r\n\t\t\t\r\n\t\t\t\t\t\t    <h3 class=\"title-block\">Our contacts<\/h3>\r\n\t\t\t\r\n\t\t\t\t\t\t\t<ul class=\"contact-list\">\r\n\t\t\t\t\t\t\t\t\t\t\t\t\t\t\t\t\t\t<li>\r\n\t\t\t\t\t\t\t\t\t\t\t\t\t\t\t\t\t<strong>Sales:<\/strong>\r\n\t\t\t\t\t\t\t\t\t\t\t\t\t\t\t\t\t\t\t\t\t\t\t\t    <a href=\"mailto:s&#97;&#108;e&#115;&#64;&#98;&#97;&#115;-ip.c&#111;&#109;\">s&#97;&#108;&#101;s&#64;&#98;as&#45;&#105;p&#46;&#99;o&#109;<\/a>\r\n\t\t\t\t\t\t\t\t\t\t\t\t\t\t\t<\/li>\r\n\t\t\t\t\t\t\t\t\t\t\t\t\t\t\t\t\t\t\t\t\t\t\t\t<li>\r\n\t\t\t\t\t\t\t\t\t\t\t\t\t\t\t\t\t<strong>Technical support:<\/strong>\r\n\t\t\t\t\t\t\t\t\t\t\t\t\t\t\t\t\t\t\t\t\t\t\t\t    <a href=\"mailto:s&#117;&#112;p&#111;&#114;&#116;&#64;&#98;a&#115;&#45;ip&#46;&#99;&#111;m\">sup&#112;&#111;&#114;t&#64;bas&#45;ip.&#99;o&#109;<\/a>\r\n\t\t\t\t\t\t\t\t\t\t\t\t\t\t\t<\/li>\r\n\t\t\t\t\t\t\t\t\t\t\t\t\t\t\t<\/ul>\r\n\t\t\t\t\t<\/div>\r\n\t<\/section>\r\n\r\n\r\n\r\n<!-- END Block Sign Up -->","protected":false},"excerpt":{"rendered":"<p>BAS-IP \u00e9s NAPCO: Integr\u00e1ci\u00f3 a K\u00e9nyelmes Hozz\u00e1f\u00e9r\u00e9s-kezel\u00e9s\u00e9rt A NAPCO-val val\u00f3 integr\u00e1ci\u00f3 az AV-08FB Android-alap\u00fa panelen kereszt\u00fcl m\u0171k\u00f6dik. A panel Card Access Software v1.2.x szoftverhez val\u00f3 csatlakoztat\u00e1s\u00e1val a felhaszn\u00e1l\u00f3k egyetlen fel\u00fcleten kereszt\u00fcl kezelhetik a hiteles\u00edt\u0151 adatokat, \u00edgy nincs sz\u00fcks\u00e9g k\u00fcl\u00f6n webes fel\u00fcletre, ami leegyszer\u0171s\u00edti a folyamatot. Az integr\u00e1ci\u00f3 kiterjed a bel\u00e9ptet\u00e9s-ellen\u0151rz\u00e9sre, a vide\u00f3fel\u00fcgyeletre \u00e9s a val\u00f3s [&hellip;]<\/p>","protected":false},"author":1,"featured_media":0,"parent":0,"menu_order":0,"comment_status":"closed","ping_status":"closed","template":"page-custom-breadcrumbs.php","meta":{"inline_featured_image":false,"footnotes":""},"class_list":["post-150013","page","type-page","status-publish","hentry"],"acf":[],"_links":{"self":[{"href":"https:\/\/bas-ip.com\/hu\/wp-json\/wp\/v2\/pages\/150013","targetHints":{"allow":["GET"]}}],"collection":[{"href":"https:\/\/bas-ip.com\/hu\/wp-json\/wp\/v2\/pages"}],"about":[{"href":"https:\/\/bas-ip.com\/hu\/wp-json\/wp\/v2\/types\/page"}],"author":[{"embeddable":true,"href":"https:\/\/bas-ip.com\/hu\/wp-json\/wp\/v2\/users\/1"}],"replies":[{"embeddable":true,"href":"https:\/\/bas-ip.com\/hu\/wp-json\/wp\/v2\/comments?post=150013"}],"version-history":[{"count":2,"href":"https:\/\/bas-ip.com\/hu\/wp-json\/wp\/v2\/pages\/150013\/revisions"}],"predecessor-version":[{"id":150133,"href":"https:\/\/bas-ip.com\/hu\/wp-json\/wp\/v2\/pages\/150013\/revisions\/150133"}],"wp:attachment":[{"href":"https:\/\/bas-ip.com\/hu\/wp-json\/wp\/v2\/media?parent=150013"}],"curies":[{"name":"wp","href":"https:\/\/api.w.org\/{rel}","templated":true}]}}