{"id":149385,"date":"2025-02-06T13:42:37","date_gmt":"2025-02-06T13:42:37","guid":{"rendered":"https:\/\/bas-ip.com\/rosslare\/"},"modified":"2025-11-17T14:44:46","modified_gmt":"2025-11-17T14:44:46","slug":"rosslare","status":"publish","type":"page","link":"https:\/\/bas-ip.com\/hu\/rosslare\/","title":{"rendered":"Rosslare"},"content":{"rendered":"<h2 class=\"wp-block-heading\">BAS-IP \u00e9s Rosslare: Fejlett bel\u00e9ptet\u00e9s-vez\u00e9rl\u00e9si \u00e9s interkom integr\u00e1ci\u00f3<\/h2>\n\n\n<div class=\"wp-block-image\">\n<figure class=\"aligncenter size-large is-resized\"><img loading=\"lazy\" decoding=\"async\" width=\"1024\" height=\"166\" src=\"https:\/\/bas-ip.com\/wp-content\/uploads\/2025\/02\/Rosslare_logo_new-1024x166.png\" alt=\"\" class=\"wp-image-130233\" style=\"width:900px\" srcset=\"https:\/\/bas-ip.com\/wp-content\/uploads\/2025\/02\/Rosslare_logo_new-1024x166.png 1024w,  https:\/\/bas-ip.com\/wp-content\/uploads\/2025\/02\/Rosslare_logo_new-300x48.png 300w,  https:\/\/bas-ip.com\/wp-content\/uploads\/2025\/02\/Rosslare_logo_new-768x124.png 768w,  https:\/\/bas-ip.com\/wp-content\/uploads\/2025\/02\/Rosslare_logo_new-767x124.png 767w,  https:\/\/bas-ip.com\/wp-content\/uploads\/2025\/02\/Rosslare_logo_new.png 1064w\" sizes=\"auto, (max-width: 1024px) 100vw, 1024px\" \/><\/figure>\n<\/div>\n\n<p data-path-to-node=\"2\">A BAS-IP interkom rendszerek integr\u00e1l\u00e1sa a Rosslare AxTraxPro\u2122 platformj\u00e1val k\u00e9t nagy teljes\u00edtm\u00e9ny\u0171 megold\u00e1st egyes\u00edt a z\u00f6kken\u0151mentes biztons\u00e1gi \u00e9s kommunik\u00e1ci\u00f3s menedzsment \u00e9rdek\u00e9ben. A Rosslare AxTraxPro\u2122 kiemelked\u0151 a bel\u00e9p\u00e9si pontok vez\u00e9rl\u00e9s\u00e9ben, a felhaszn\u00e1l\u00f3i jogosults\u00e1gok kezel\u00e9s\u00e9ben \u00e9s a biztons\u00e1gi esem\u00e9nyek monitoroz\u00e1s\u00e1ban, m\u00edg a BAS-IP Link Cloud Server k\u00f6zpontos\u00edtja az interkom kezel\u00e9s\u00e9t \u00e9s a harmadik felek integr\u00e1ci\u00f3j\u00e1t. Egy\u00fctt ezek a rendszerek egyszer\u0171s\u00edtett m\u0171k\u00f6d\u00e9st \u00e9s fokozott biztons\u00e1got ny\u00fajtanak lak\u00f3- \u00e9s kereskedelmi ingatlanok sz\u00e1m\u00e1ra.<\/p>\n<p data-path-to-node=\"3\">Ez az egys\u00e9ges megk\u00f6zel\u00edt\u00e9s lehet\u0151v\u00e9 teszi a kezel\u0151k sz\u00e1m\u00e1ra, hogy a bel\u00e9ptet\u00e9si \u00e9s kommunik\u00e1ci\u00f3s funkci\u00f3kat egyetlen fel\u00fcleten kereszt\u00fcl kezelj\u00e9k. Az AxTraxPro\u2122 kezeli a val\u00f3s idej\u0171 monitoroz\u00e1st \u00e9s jogosults\u00e1gokat, m\u00edg a BAS-IP Link Cloud Server biztos\u00edtja az interkom hat\u00e9kony m\u0171k\u00f6d\u00e9s\u00e9t. Ezen technol\u00f3gi\u00e1k integr\u00e1l\u00e1s\u00e1val a megold\u00e1s egyszer\u0171s\u00edti az adminisztr\u00e1ci\u00f3t, jav\u00edtja a biztons\u00e1got \u00e9s n\u00f6veli a felhaszn\u00e1l\u00f3i \u00e9lm\u00e9nyt minden felhaszn\u00e1l\u00f3 sz\u00e1m\u00e1ra.<\/p>\n<p data-path-to-node=\"4\">Az integr\u00e1ci\u00f3 c\u00e9lja a kezel\u0151k \u00e1ltal tapasztalt gyakori kih\u00edv\u00e1sok kezel\u00e9se, mint p\u00e9ld\u00e1ul a t\u00f6bb rendszer k\u00f6z\u00f6tti v\u00e1lt\u00e1s sz\u00fcks\u00e9gess\u00e9ge a bel\u00e9ptet\u00e9s-vez\u00e9rl\u00e9s \u00e9s az interkom menedzsment ter\u00e9n. Ezen funkci\u00f3k \u00f6sszevon\u00e1s\u00e1val a felhaszn\u00e1l\u00f3k jav\u00edtott fel\u00fcgyeletet, gyorsabb reag\u00e1l\u00e1si id\u0151t a biztons\u00e1gi incidensekre, \u00e9s felhaszn\u00e1l\u00f3bar\u00e1tabb \u00e9lm\u00e9nyt kapnak mind az adminisztr\u00e1torok, mind a v\u00e9gfelhaszn\u00e1l\u00f3k sz\u00e1m\u00e1ra.<\/p>\n<hr data-path-to-node=\"5\" \/>\n<p data-path-to-node=\"6\">\u00a0<\/p>\n<h3>Az Integr\u00e1ci\u00f3 F\u0151 El\u0151nyei<\/h3>\n<p>\u00a0<\/p>\n<ul>\n<li data-path-to-node=\"7,0,0\"><b>Egys\u00e9ges vez\u00e9rl\u00e9s:<\/b> Kezelje a bel\u00e9p\u00e9si pontokat \u00e9s az interkomokat egyetlen platformr\u00f3l, egyszer\u0171s\u00edtve az adminisztr\u00e1ci\u00f3t.<\/li>\n<li data-path-to-node=\"7,0,0\"><b>Fokozott biztons\u00e1g:<\/b> A val\u00f3s idej\u0171 esem\u00e9nymonitoroz\u00e1s gyorsabb reag\u00e1l\u00e1st tesz lehet\u0151v\u00e9 az incidensekre.<\/li>\n<li data-path-to-node=\"7,0,0\"><b>Jobb felhaszn\u00e1l\u00f3i \u00e9lm\u00e9ny:<\/b> A z\u00f6kken\u0151mentes integr\u00e1ci\u00f3 egys\u00e9ges \u00e9lm\u00e9nyt ny\u00fajt a kezel\u0151k \u00e9s a v\u00e9gfelhaszn\u00e1l\u00f3k sz\u00e1m\u00e1ra.<\/li>\n<li data-path-to-node=\"7,0,0\"><b>Rugalmass\u00e1g:<\/b> T\u00e1mogat t\u00f6bb nyelvet \u00e9s r\u00e9gi\u00f3t a sz\u00e9les k\u00f6r\u0171 kompatibilit\u00e1s \u00e9rdek\u00e9ben.<\/li>\n<li data-path-to-node=\"7,0,0\"><b>Sk\u00e1l\u00e1zhat\u00f3s\u00e1g:<\/b> B\u00e1rmilyen m\u00e9ret\u0171 ingatlanhoz alkalmas, a kis irod\u00e1kt\u00f3l a nagy lak\u00f3parkokig.<\/li>\n<\/ul>\n<p data-path-to-node=\"8\">Az integr\u00e1ci\u00f3 teljes potenci\u00e1lj\u00e1nak el\u00e9r\u00e9s\u00e9hez mindk\u00e9t rendszer a Rosslare AxTraxPro\u2122 GraphQL API-ra t\u00e1maszkodik, \u00e9s ugyanahhoz a h\u00e1l\u00f3zathoz kell csatlakoznia. A megold\u00e1s sz\u00e1mos nyelvet t\u00e1mogat, bele\u00e9rtve az angolt, ukr\u00e1nt, oroszt, lengyelt, spanyolt \u00e9s t\u00f6r\u00f6k\u00f6t, \u00e9s el\u00e9rhet\u0151 \u00c1zsi\u00e1ban, Eur\u00f3p\u00e1ban \u00e9s az Egyes\u00fclt \u00c1llamokban.<\/p>\n\n<div class=\"wp-block-image\">\n<figure class=\"aligncenter size-large\"><img loading=\"lazy\" decoding=\"async\" width=\"1024\" height=\"662\" src=\"https:\/\/bas-ip.com\/wp-content\/uploads\/2025\/02\/AxTraxPro-BasIP-Diagram2-1024x662.png\" alt=\"\" class=\"wp-image-130297\" srcset=\"https:\/\/bas-ip.com\/wp-content\/uploads\/2025\/02\/AxTraxPro-BasIP-Diagram2-1024x662.png 1024w,  https:\/\/bas-ip.com\/wp-content\/uploads\/2025\/02\/AxTraxPro-BasIP-Diagram2-300x194.png 300w,  https:\/\/bas-ip.com\/wp-content\/uploads\/2025\/02\/AxTraxPro-BasIP-Diagram2-768x497.png 768w,  https:\/\/bas-ip.com\/wp-content\/uploads\/2025\/02\/AxTraxPro-BasIP-Diagram2-767x496.png 767w,  https:\/\/bas-ip.com\/wp-content\/uploads\/2025\/02\/AxTraxPro-BasIP-Diagram2-1534x992.png 1534w,  https:\/\/bas-ip.com\/wp-content\/uploads\/2025\/02\/AxTraxPro-BasIP-Diagram2.png 1536w\" sizes=\"auto, (max-width: 1024px) 100vw, 1024px\" \/><\/figure>\n<\/div>\n\n<!-- START Block Sign Up --><section id=\"block_629678229e935\" class=\"sign-up-section\">\r\n\r\n    <div class=\"form-holder js-form\" data-aos=\"fade-right\">\r\n                    <div class=\"title-block h3\">Sign up for connection<\/div>\r\n        \r\n                    <div class=\"text-block\">\r\n                Filling out all the information needed to answer you as quickly as possible            <\/div>\r\n        \r\n                    \n<div class=\"wpcf7 no-js\" id=\"wpcf7-f102-o1\" lang=\"en-US\" dir=\"ltr\">\n<div class=\"screen-reader-response\"><p role=\"status\" aria-live=\"polite\" aria-atomic=\"true\"><\/p> <ul><\/ul><\/div>\n<form action=\"\/hu\/wp-json\/wp\/v2\/pages\/149385#wpcf7-f102-o1\" method=\"post\" class=\"wpcf7-form init\" aria-label=\"Contact form\" enctype=\"multipart\/form-data\" novalidate=\"novalidate\" data-status=\"init\">\n<div style=\"display: none;\">\n<input type=\"hidden\" name=\"_wpcf7\" value=\"102\" \/>\n<input type=\"hidden\" name=\"_wpcf7_version\" value=\"5.8.3\" \/>\n<input type=\"hidden\" name=\"_wpcf7_locale\" value=\"en_US\" \/>\n<input type=\"hidden\" name=\"_wpcf7_unit_tag\" value=\"wpcf7-f102-o1\" \/>\n<input type=\"hidden\" name=\"_wpcf7_container_post\" value=\"0\" \/>\n<input type=\"hidden\" name=\"_wpcf7_posted_data_hash\" value=\"\" \/>\n<input type=\"hidden\" name=\"_wpcf7_recaptcha_response\" value=\"\" \/>\n<\/div>\n<div class=\"row\"> \n <label><span class=\"label-text\">Name<\/span> \n  <span class=\"wpcf7-form-control-wrap\" data-name=\"text-full-name\"><input size=\"40\" class=\"wpcf7-form-control wpcf7-text wpcf7-validates-as-required\" aria-required=\"true\" aria-invalid=\"false\" placeholder=\"Name\" value=\"\" type=\"text\" name=\"text-full-name\" \/><\/span><\/label> \n<\/div> \n<div class=\"row\"> \n <label><span class=\"label-text\">Phone*<\/span> \n<span class=\"wpcf7-form-control-wrap\" data-name=\"phonetext-270\"><input size=\"40\" class=\"wpcf7-form-control wpcf7-phonetext wpcf7-validates-as-required wpcf7-text wpcf7-validates-as-phonetext\" aria-required=\"true\" aria-invalid=\"false\" placeholder=\"Phone*\" value=\"\" type=\"text\" name=\"phonetext-270\" \/><input type=\"hidden\" name=\"phonetext-270-country-code\" class=\"wpcf7-phonetext-country-code\" \/><\/span><\/label> \n<\/div> \n<div class=\"row\"> \n <label><span class=\"label-text\">E-mail<\/span> \n  <span class=\"wpcf7-form-control-wrap\" data-name=\"email-e-mail\"><input size=\"40\" class=\"wpcf7-form-control wpcf7-email wpcf7-validates-as-required wpcf7-text wpcf7-validates-as-email\" aria-required=\"true\" aria-invalid=\"false\" placeholder=\"E-mail\" value=\"\" type=\"email\" name=\"email-e-mail\" \/><\/span><\/label> \n<\/div> \n<div class=\"row\"><span>Your country<\/span> \n <label><span class=\"wpcf7-form-control-wrap\" data-name=\"countrytext-126\"><input size=\"40\" class=\"wpcf7-form-control wpcf7-countrytext wpcf7-text wpcf7-validates-as-countrytext\" aria-invalid=\"false\" value=\"\" type=\"text\" name=\"countrytext-126\" \/><\/span> <\/label>\n<\/div> \n<div class=\"row\"> \n <button type=\"submit\" class=\"btn\">Send<\/button> \n<\/div> \n<div class=\"row\"> \n <span class=\"wpcf7-form-control-wrap\" data-name=\"checkbox-931\"><span class=\"wpcf7-form-control wpcf7-checkbox\"><span class=\"wpcf7-list-item first\"><label><input type=\"checkbox\" name=\"checkbox-931[]\" value=\"Integrator\" \/><span class=\"wpcf7-list-item-label\">Integrator<\/span><\/label><\/span><span class=\"wpcf7-list-item\"><label><input type=\"checkbox\" name=\"checkbox-931[]\" value=\"Builder\" \/><span class=\"wpcf7-list-item-label\">Builder<\/span><\/label><\/span><span class=\"wpcf7-list-item last\"><label><input type=\"checkbox\" name=\"checkbox-931[]\" value=\"End-User\" \/><span class=\"wpcf7-list-item-label\">End-User<\/span><\/label><\/span><\/span><\/span> \n<\/div> \n<div class=\"row row-upload-file\"> \n <label class=\"upload-file-block js-upload-file\">Attach file \n  <span class=\"wpcf7-form-control-wrap\" data-name=\"file-466\"><input size=\"40\" class=\"wpcf7-form-control wpcf7-file\" accept=\"audio\/*,video\/*,image\/*\" aria-invalid=\"false\" type=\"file\" name=\"file-466\" \/><\/span><\/label> \n<\/div><input type='hidden' class='wpcf7-pum' value='{\"closepopup\":false,\"closedelay\":0,\"openpopup\":false,\"openpopup_id\":0}' \/><div class=\"wpcf7-response-output\" aria-hidden=\"true\"><\/div>\n<\/form>\n<\/div>\n            <\/div>\r\n\r\n\t\t    <div class=\"text-holder\" data-aos=\"fade-left\">\r\n\t\t\t\t\t\t    <h3 class=\"title-block\">How Can We Help?<\/h3>\r\n\t\t\t\r\n\t\t\t                <div class=\"text-block\">\r\n                    Please select a topic below related to your inquiry. If you don&#8217;t find what you need, fill out our contact form.                <\/div>\r\n\t\t\t\r\n\t\t\t\t\t\t    <ul class=\"link-list\">\r\n\t\t\t\t\t\t\t\t\t\t\t\t\t\t\t\t\t\t<li>\r\n\t\t\t\t\t\t\t\t\t\t\t\t\t\t\t\t    <strong>Get Inspired<\/strong>\r\n\t\t\t\t\t\t\t\t\t\t\t\t\t\t\t\t\t\t\t\t\t\t\t\t    <a href=\"\/features\/\">\r\n\t\t\t\t\t\t\t\t        Discover what&#8217;s beneath our intercom\t\t\t\t\t\t\t\t    <\/a>\r\n\t\t\t\t\t\t\t\t\t\t\t\t\t\t\t<\/li>\r\n\t\t\t\t\t\t\t\t\t\t\t\t\t\t\t\t\t\t\t\t\t\t\t\t<li>\r\n\t\t\t\t\t\t\t\t\t\t\t\t\t\t\t\t    <strong>Become a Partner<\/strong>\r\n\t\t\t\t\t\t\t\t\t\t\t\t\t\t\t\t\t\t\t\t\t\t\t\t    <a href=\"\/distributors\/\">\r\n\t\t\t\t\t\t\t\t        Expand your business with BAS-IP intercom\t\t\t\t\t\t\t\t    <\/a>\r\n\t\t\t\t\t\t\t\t\t\t\t\t\t\t\t<\/li>\r\n\t\t\t\t\t\t\t\t\t\t\t\t\t\t\t\t\t\t\t\t\t\t\t\t<li>\r\n\t\t\t\t\t\t\t\t\t\t\t\t\t\t\t\t    <strong>Check the Guides<\/strong>\r\n\t\t\t\t\t\t\t\t\t\t\t\t\t\t\t\t\t\t\t\t\t\t\t\t    <a href=\"\/support\/\">\r\n\t\t\t\t\t\t\t\t        Download detailed manuals and schemes\t\t\t\t\t\t\t\t    <\/a>\r\n\t\t\t\t\t\t\t\t\t\t\t\t\t\t\t<\/li>\r\n\t\t\t\t\t\t\t\t\t\t\t\t\t\t\t<\/ul>\r\n\t\t\t\r\n\t\t\t\t\t\t    <h3 class=\"title-block\">Our contacts<\/h3>\r\n\t\t\t\r\n\t\t\t\t\t\t\t<ul class=\"contact-list\">\r\n\t\t\t\t\t\t\t\t\t\t\t\t\t\t\t\t\t\t<li>\r\n\t\t\t\t\t\t\t\t\t\t\t\t\t\t\t\t\t<strong>Sales:<\/strong>\r\n\t\t\t\t\t\t\t\t\t\t\t\t\t\t\t\t\t\t\t\t\t\t\t\t    <a href=\"mailto:&#115;al&#101;&#115;&#64;&#98;a&#115;-&#105;p&#46;c&#111;&#109;\">&#115;ales&#64;b&#97;&#115;&#45;ip&#46;&#99;om<\/a>\r\n\t\t\t\t\t\t\t\t\t\t\t\t\t\t\t<\/li>\r\n\t\t\t\t\t\t\t\t\t\t\t\t\t\t\t\t\t\t\t\t\t\t\t\t<li>\r\n\t\t\t\t\t\t\t\t\t\t\t\t\t\t\t\t\t<strong>Technical support:<\/strong>\r\n\t\t\t\t\t\t\t\t\t\t\t\t\t\t\t\t\t\t\t\t\t\t\t\t    <a href=\"mailto:&#115;up&#112;o&#114;&#116;&#64;b&#97;s-i&#112;&#46;&#99;om\">&#115;u&#112;&#112;ort&#64;&#98;&#97;&#115;-&#105;p.com<\/a>\r\n\t\t\t\t\t\t\t\t\t\t\t\t\t\t\t<\/li>\r\n\t\t\t\t\t\t\t\t\t\t\t\t\t\t\t<\/ul>\r\n\t\t\t\t\t<\/div>\r\n\t<\/section>\r\n\r\n\r\n\r\n<!-- END Block Sign Up -->","protected":false},"excerpt":{"rendered":"<p>BAS-IP \u00e9s Rosslare: Fejlett bel\u00e9ptet\u00e9s-vez\u00e9rl\u00e9si \u00e9s interkom integr\u00e1ci\u00f3 A BAS-IP interkom rendszerek integr\u00e1l\u00e1sa a Rosslare AxTraxPro\u2122 platformj\u00e1val k\u00e9t nagy teljes\u00edtm\u00e9ny\u0171 megold\u00e1st egyes\u00edt a z\u00f6kken\u0151mentes biztons\u00e1gi \u00e9s kommunik\u00e1ci\u00f3s menedzsment \u00e9rdek\u00e9ben. A Rosslare AxTraxPro\u2122 kiemelked\u0151 a bel\u00e9p\u00e9si pontok vez\u00e9rl\u00e9s\u00e9ben, a felhaszn\u00e1l\u00f3i jogosults\u00e1gok kezel\u00e9s\u00e9ben \u00e9s a biztons\u00e1gi esem\u00e9nyek monitoroz\u00e1s\u00e1ban, m\u00edg a BAS-IP Link Cloud Server k\u00f6zpontos\u00edtja az interkom [&hellip;]<\/p>","protected":false},"author":1,"featured_media":0,"parent":0,"menu_order":0,"comment_status":"closed","ping_status":"closed","template":"page-custom-breadcrumbs.php","meta":{"inline_featured_image":false,"footnotes":""},"class_list":["post-149385","page","type-page","status-publish","hentry"],"acf":[],"_links":{"self":[{"href":"https:\/\/bas-ip.com\/hu\/wp-json\/wp\/v2\/pages\/149385","targetHints":{"allow":["GET"]}}],"collection":[{"href":"https:\/\/bas-ip.com\/hu\/wp-json\/wp\/v2\/pages"}],"about":[{"href":"https:\/\/bas-ip.com\/hu\/wp-json\/wp\/v2\/types\/page"}],"author":[{"embeddable":true,"href":"https:\/\/bas-ip.com\/hu\/wp-json\/wp\/v2\/users\/1"}],"replies":[{"embeddable":true,"href":"https:\/\/bas-ip.com\/hu\/wp-json\/wp\/v2\/comments?post=149385"}],"version-history":[{"count":2,"href":"https:\/\/bas-ip.com\/hu\/wp-json\/wp\/v2\/pages\/149385\/revisions"}],"predecessor-version":[{"id":149437,"href":"https:\/\/bas-ip.com\/hu\/wp-json\/wp\/v2\/pages\/149385\/revisions\/149437"}],"wp:attachment":[{"href":"https:\/\/bas-ip.com\/hu\/wp-json\/wp\/v2\/media?parent=149385"}],"curies":[{"name":"wp","href":"https:\/\/api.w.org\/{rel}","templated":true}]}}