{"id":148178,"date":"2025-02-06T12:39:32","date_gmt":"2025-02-06T12:39:32","guid":{"rendered":"https:\/\/bas-ip.com\/hikvision\/"},"modified":"2025-11-19T10:55:36","modified_gmt":"2025-11-19T10:55:36","slug":"hikvision","status":"publish","type":"page","link":"https:\/\/bas-ip.com\/hu\/hikvision\/","title":{"rendered":"Hikvision"},"content":{"rendered":"<h2 class=\"wp-block-heading\"><strong>BAS-IP \u00e9s Hikvision: Integr\u00e1ci\u00f3 az Intelligens Bel\u00e9ptet\u00e9s-kezel\u00e9shez<\/strong><\/h2>\n\n\n<div class=\"wp-block-image\">\n<figure class=\"aligncenter size-full\"><img loading=\"lazy\" decoding=\"async\" width=\"900\" height=\"254\" src=\"https:\/\/bas-ip.com\/wp-content\/uploads\/2025\/02\/Hikvision-logo_n.png\" alt=\"\" class=\"wp-image-130158\" srcset=\"https:\/\/bas-ip.com\/wp-content\/uploads\/2025\/02\/Hikvision-logo_n.png 900w,  https:\/\/bas-ip.com\/wp-content\/uploads\/2025\/02\/Hikvision-logo_n-300x85.png 300w,  https:\/\/bas-ip.com\/wp-content\/uploads\/2025\/02\/Hikvision-logo_n-768x217.png 768w,  https:\/\/bas-ip.com\/wp-content\/uploads\/2025\/02\/Hikvision-logo_n-767x216.png 767w\" sizes=\"auto, (max-width: 900px) 100vw, 900px\" \/><\/figure>\n<\/div>\n\n<p data-path-to-node=\"1\">A <b>BAS-IP<\/b> \u00e9s <b>Hikvision<\/b> integr\u00e1ci\u00f3 modern megold\u00e1st k\u00edn\u00e1l az automatikus bel\u00e9ptet\u00e9s-kezel\u00e9sre rendsz\u00e1mfelismer\u00e9s seg\u00edts\u00e9g\u00e9vel. A <b>Hikvision<\/b> lehet\u0151s\u00e9get biztos\u00edt arra, hogy a rendsz\u00e1mokat az automata soromp\u00f3\/kapu nyit\u00e1s\u00e1nak azonos\u00edt\u00f3jak\u00e9nt haszn\u00e1lj\u00e1k, kihaszn\u00e1lva az <b>ALPR<\/b> (Automatic License Plate Recognition \u2013 Automatikus Rendsz\u00e1mfelismer\u00e9s) opci\u00f3t.<\/p>\n<p data-path-to-node=\"2\">A <b>BAS-IP Link<\/b> szerver nemcsak az <b>Axis<\/b> kamer\u00e1kkal, hanem m\u00e1s gy\u00e1rt\u00f3k, p\u00e9ld\u00e1ul az <b>Axxon One<\/b> kamer\u00e1ival is kompatibilis. Ez b\u0151v\u00edti az integr\u00e1ci\u00f3s lehet\u0151s\u00e9geket, \u00e9s az <b>ALPR<\/b> felismer\u00e9sre \u00e9s szkennel\u00e9sre val\u00f3 haszn\u00e1lat\u00e1t, \u00edgy alkalmass\u00e1 teszi modern l\u00e9tes\u00edtm\u00e9nyek sz\u00e1m\u00e1ra, ahol az automatiz\u00e1l\u00e1s \u00e9s a biztons\u00e1g els\u0151dleges szempont.<\/p>\n<p data-path-to-node=\"4\">\u00a0<\/p>\n<h3>A BAS-IP \u00e9s Hikvision Integr\u00e1ci\u00f3 El\u0151nyei:<\/h3>\n<p>\u00a0<\/p>\n<ul>\n<li data-path-to-node=\"5,0,0\"><b>Automatikus Bel\u00e9ptet\u00e9s-kezel\u00e9s:<\/b> A rendsz\u00e1mok haszn\u00e1lata az automatikus kapunyit\u00e1shoz leegyszer\u0171s\u00edti a bel\u00e9p\u00e9si folyamatot \u00e9s n\u00f6veli a biztons\u00e1gi szintet.<\/li>\n<li data-path-to-node=\"5,0,0\"><b>Kompatibilit\u00e1s K\u00fcl\u00f6nb\u00f6z\u0151 Kamer\u00e1kkal:<\/b> Az <b>Axis<\/b>, <b>Axxon One<\/b> \u00e9s m\u00e1s gy\u00e1rt\u00f3k kamer\u00e1inak t\u00e1mogat\u00e1sa rugalmass\u00e1got \u00e9s v\u00e1laszt\u00e1si lehet\u0151s\u00e9get biztos\u00edt a megfigyel\u0151rendszer ki\u00e9p\u00edt\u00e9s\u00e9ben.<\/li>\n<li data-path-to-node=\"5,0,0\"><b>Egyszer\u0171 Konfigur\u00e1ci\u00f3:<\/b> Az integr\u00e1ci\u00f3 k\u00f6nnyen be\u00e1ll\u00edthat\u00f3 a <b>BAS-IP Link<\/b> szerveren kereszt\u00fcl, ami leegyszer\u0171s\u00edti a bevezet\u00e9si folyamatot.<\/li>\n<li data-path-to-node=\"5,0,0\"><b>ALPR T\u00e1mogat\u00e1s:<\/b> A fejlett <b>ALPR<\/b> technol\u00f3gi\u00e1k alkalmaz\u00e1sa pontos \u00e9s gyors rendsz\u00e1mfelismer\u00e9st tesz lehet\u0151v\u00e9, n\u00f6velve a bel\u00e9ptet\u00e9s hat\u00e9konys\u00e1g\u00e1t.<\/li>\n<\/ul>\n<p data-path-to-node=\"7\">\u00a0<\/p>\n<h3>Az Integr\u00e1ci\u00f3 F\u0151bb Jellemz\u0151i:<\/h3>\n<p>\u00a0<\/p>\n<p data-path-to-node=\"8\">A <b>BAS-IP<\/b> \u00e9s <b>Hikvision<\/b> egy\u00fcttm\u0171k\u00f6d\u00e9se a k\u00f6vetkez\u0151ket biztos\u00edtja:<\/p>\n<ul>\n<li data-path-to-node=\"9,0,0\">K\u00e9pess\u00e9g a rendsz\u00e1mfelismer\u00e9s integr\u00e1l\u00e1s\u00e1ra a <b>BAS-IP<\/b> technol\u00f3gi\u00e1kkal a bel\u00e9ptet\u00e9s-kezel\u00e9shez.<\/li>\n<li data-path-to-node=\"9,0,0\">Tov\u00e1bbfejlesztett megfigyel\u00e9si funkci\u00f3k a kamer\u00e1kkal val\u00f3 kompatibilit\u00e1s miatt.<\/li>\n<li data-path-to-node=\"9,0,0\">Rugalmas konfigur\u00e1ci\u00f3k a rendszer teljes\u00edtm\u00e9ny\u00e9nek optimaliz\u00e1l\u00e1s\u00e1hoz.<\/li>\n<\/ul>\n<p data-path-to-node=\"10\">Ez a megold\u00e1s olyan ingatlanok sz\u00e1m\u00e1ra k\u00e9sz\u00fclt, amelyek modern technol\u00f3gi\u00e1k seg\u00edts\u00e9g\u00e9vel szeretn\u00e9k optimaliz\u00e1lni a bel\u00e9ptet\u00e9s-kezel\u00e9st \u00e9s fokozni a biztons\u00e1got. A <b>BAS-IP<\/b> \u00e9s <b>Hikvision<\/b> k\u00f6z\u00f6s er\u0151fesz\u00edt\u00e9sei megb\u00edzhat\u00f3 \u00e9s hat\u00e9kony eszk\u00f6zt hoznak l\u00e9tre a biztons\u00e1g \u00e9s a k\u00e9nyelem biztos\u00edt\u00e1s\u00e1ra.<\/p>\n<p data-path-to-node=\"11\">R\u00e9szletesebb telep\u00edt\u00e9si \u00e9s konfigur\u00e1ci\u00f3s \u00fatmutat\u00e1s\u00e9rt tekintse meg <b><a href=\"https:\/\/basip.atlassian.net\/wiki\/spaces\/Integrations\/pages\/249856010\/Integration+with+Hikvision\" target=\"_blank\" rel=\"noopener\">Wiki K\u00e9zik\u00f6nyv\u00fcnket<\/a> <\/b>.<\/p>\n\n<!-- START Block Sign Up --><section id=\"block_629678229e935\" class=\"sign-up-section\">\r\n\r\n    <div class=\"form-holder js-form\" data-aos=\"fade-right\">\r\n                    <div class=\"title-block h3\">Sign up for connection<\/div>\r\n        \r\n                    <div class=\"text-block\">\r\n                Filling out all the information needed to answer you as quickly as possible            <\/div>\r\n        \r\n                    \n<div class=\"wpcf7 no-js\" id=\"wpcf7-f102-o1\" lang=\"en-US\" dir=\"ltr\">\n<div class=\"screen-reader-response\"><p role=\"status\" aria-live=\"polite\" aria-atomic=\"true\"><\/p> <ul><\/ul><\/div>\n<form action=\"\/hu\/wp-json\/wp\/v2\/pages\/148178#wpcf7-f102-o1\" method=\"post\" class=\"wpcf7-form init\" aria-label=\"Contact form\" enctype=\"multipart\/form-data\" novalidate=\"novalidate\" data-status=\"init\">\n<div style=\"display: none;\">\n<input type=\"hidden\" name=\"_wpcf7\" value=\"102\" \/>\n<input type=\"hidden\" name=\"_wpcf7_version\" value=\"5.8.3\" \/>\n<input type=\"hidden\" name=\"_wpcf7_locale\" value=\"en_US\" \/>\n<input type=\"hidden\" name=\"_wpcf7_unit_tag\" value=\"wpcf7-f102-o1\" \/>\n<input type=\"hidden\" name=\"_wpcf7_container_post\" value=\"0\" \/>\n<input type=\"hidden\" name=\"_wpcf7_posted_data_hash\" value=\"\" \/>\n<input type=\"hidden\" name=\"_wpcf7_recaptcha_response\" value=\"\" \/>\n<\/div>\n<div class=\"row\"> \n <label><span class=\"label-text\">Name<\/span> \n  <span class=\"wpcf7-form-control-wrap\" data-name=\"text-full-name\"><input size=\"40\" class=\"wpcf7-form-control wpcf7-text wpcf7-validates-as-required\" aria-required=\"true\" aria-invalid=\"false\" placeholder=\"Name\" value=\"\" type=\"text\" name=\"text-full-name\" \/><\/span><\/label> \n<\/div> \n<div class=\"row\"> \n <label><span class=\"label-text\">Phone*<\/span> \n<span class=\"wpcf7-form-control-wrap\" data-name=\"phonetext-270\"><input size=\"40\" class=\"wpcf7-form-control wpcf7-phonetext wpcf7-validates-as-required wpcf7-text wpcf7-validates-as-phonetext\" aria-required=\"true\" aria-invalid=\"false\" placeholder=\"Phone*\" value=\"\" type=\"text\" name=\"phonetext-270\" \/><input type=\"hidden\" name=\"phonetext-270-country-code\" class=\"wpcf7-phonetext-country-code\" \/><\/span><\/label> \n<\/div> \n<div class=\"row\"> \n <label><span class=\"label-text\">E-mail<\/span> \n  <span class=\"wpcf7-form-control-wrap\" data-name=\"email-e-mail\"><input size=\"40\" class=\"wpcf7-form-control wpcf7-email wpcf7-validates-as-required wpcf7-text wpcf7-validates-as-email\" aria-required=\"true\" aria-invalid=\"false\" placeholder=\"E-mail\" value=\"\" type=\"email\" name=\"email-e-mail\" \/><\/span><\/label> \n<\/div> \n<div class=\"row\"><span>Your country<\/span> \n <label><span class=\"wpcf7-form-control-wrap\" data-name=\"countrytext-126\"><input size=\"40\" class=\"wpcf7-form-control wpcf7-countrytext wpcf7-text wpcf7-validates-as-countrytext\" aria-invalid=\"false\" value=\"\" type=\"text\" name=\"countrytext-126\" \/><\/span> <\/label>\n<\/div> \n<div class=\"row\"> \n <button type=\"submit\" class=\"btn\">Send<\/button> \n<\/div> \n<div class=\"row\"> \n <span class=\"wpcf7-form-control-wrap\" data-name=\"checkbox-931\"><span class=\"wpcf7-form-control wpcf7-checkbox\"><span class=\"wpcf7-list-item first\"><label><input type=\"checkbox\" name=\"checkbox-931[]\" value=\"Integrator\" \/><span class=\"wpcf7-list-item-label\">Integrator<\/span><\/label><\/span><span class=\"wpcf7-list-item\"><label><input type=\"checkbox\" name=\"checkbox-931[]\" value=\"Builder\" \/><span class=\"wpcf7-list-item-label\">Builder<\/span><\/label><\/span><span class=\"wpcf7-list-item last\"><label><input type=\"checkbox\" name=\"checkbox-931[]\" value=\"End-User\" \/><span class=\"wpcf7-list-item-label\">End-User<\/span><\/label><\/span><\/span><\/span> \n<\/div> \n<div class=\"row row-upload-file\"> \n <label class=\"upload-file-block js-upload-file\">Attach file \n  <span class=\"wpcf7-form-control-wrap\" data-name=\"file-466\"><input size=\"40\" class=\"wpcf7-form-control wpcf7-file\" accept=\"audio\/*,video\/*,image\/*\" aria-invalid=\"false\" type=\"file\" name=\"file-466\" \/><\/span><\/label> \n<\/div><input type='hidden' class='wpcf7-pum' value='{\"closepopup\":false,\"closedelay\":0,\"openpopup\":false,\"openpopup_id\":0}' \/><div class=\"wpcf7-response-output\" aria-hidden=\"true\"><\/div>\n<\/form>\n<\/div>\n            <\/div>\r\n\r\n\t\t    <div class=\"text-holder\" data-aos=\"fade-left\">\r\n\t\t\t\t\t\t    <h3 class=\"title-block\">How Can We Help?<\/h3>\r\n\t\t\t\r\n\t\t\t                <div class=\"text-block\">\r\n                    Please select a topic below related to your inquiry. If you don&#8217;t find what you need, fill out our contact form.                <\/div>\r\n\t\t\t\r\n\t\t\t\t\t\t    <ul class=\"link-list\">\r\n\t\t\t\t\t\t\t\t\t\t\t\t\t\t\t\t\t\t<li>\r\n\t\t\t\t\t\t\t\t\t\t\t\t\t\t\t\t    <strong>Get Inspired<\/strong>\r\n\t\t\t\t\t\t\t\t\t\t\t\t\t\t\t\t\t\t\t\t\t\t\t\t    <a href=\"\/features\/\">\r\n\t\t\t\t\t\t\t\t        Discover what&#8217;s beneath our intercom\t\t\t\t\t\t\t\t    <\/a>\r\n\t\t\t\t\t\t\t\t\t\t\t\t\t\t\t<\/li>\r\n\t\t\t\t\t\t\t\t\t\t\t\t\t\t\t\t\t\t\t\t\t\t\t\t<li>\r\n\t\t\t\t\t\t\t\t\t\t\t\t\t\t\t\t    <strong>Become a Partner<\/strong>\r\n\t\t\t\t\t\t\t\t\t\t\t\t\t\t\t\t\t\t\t\t\t\t\t\t    <a href=\"\/distributors\/\">\r\n\t\t\t\t\t\t\t\t        Expand your business with BAS-IP intercom\t\t\t\t\t\t\t\t    <\/a>\r\n\t\t\t\t\t\t\t\t\t\t\t\t\t\t\t<\/li>\r\n\t\t\t\t\t\t\t\t\t\t\t\t\t\t\t\t\t\t\t\t\t\t\t\t<li>\r\n\t\t\t\t\t\t\t\t\t\t\t\t\t\t\t\t    <strong>Check the Guides<\/strong>\r\n\t\t\t\t\t\t\t\t\t\t\t\t\t\t\t\t\t\t\t\t\t\t\t\t    <a href=\"\/support\/\">\r\n\t\t\t\t\t\t\t\t        Download detailed manuals and schemes\t\t\t\t\t\t\t\t    <\/a>\r\n\t\t\t\t\t\t\t\t\t\t\t\t\t\t\t<\/li>\r\n\t\t\t\t\t\t\t\t\t\t\t\t\t\t\t<\/ul>\r\n\t\t\t\r\n\t\t\t\t\t\t    <h3 class=\"title-block\">Our contacts<\/h3>\r\n\t\t\t\r\n\t\t\t\t\t\t\t<ul class=\"contact-list\">\r\n\t\t\t\t\t\t\t\t\t\t\t\t\t\t\t\t\t\t<li>\r\n\t\t\t\t\t\t\t\t\t\t\t\t\t\t\t\t\t<strong>Sales:<\/strong>\r\n\t\t\t\t\t\t\t\t\t\t\t\t\t\t\t\t\t\t\t\t\t\t\t\t    <a href=\"mailto:s&#97;&#108;&#101;s&#64;&#98;as-&#105;p.c&#111;m\">s&#97;le&#115;&#64;&#98;&#97;s&#45;i&#112;.co&#109;<\/a>\r\n\t\t\t\t\t\t\t\t\t\t\t\t\t\t\t<\/li>\r\n\t\t\t\t\t\t\t\t\t\t\t\t\t\t\t\t\t\t\t\t\t\t\t\t<li>\r\n\t\t\t\t\t\t\t\t\t\t\t\t\t\t\t\t\t<strong>Technical support:<\/strong>\r\n\t\t\t\t\t\t\t\t\t\t\t\t\t\t\t\t\t\t\t\t\t\t\t\t    <a href=\"mailto:&#115;uppo&#114;&#116;&#64;&#98;&#97;s-ip.c&#111;m\">s&#117;p&#112;o&#114;&#116;&#64;&#98;as&#45;ip.com<\/a>\r\n\t\t\t\t\t\t\t\t\t\t\t\t\t\t\t<\/li>\r\n\t\t\t\t\t\t\t\t\t\t\t\t\t\t\t<\/ul>\r\n\t\t\t\t\t<\/div>\r\n\t<\/section>\r\n\r\n\r\n\r\n<!-- END Block Sign Up -->\n\n\n<p><\/p>","protected":false},"excerpt":{"rendered":"<p>BAS-IP \u00e9s Hikvision: Integr\u00e1ci\u00f3 az Intelligens Bel\u00e9ptet\u00e9s-kezel\u00e9shez A BAS-IP \u00e9s Hikvision integr\u00e1ci\u00f3 modern megold\u00e1st k\u00edn\u00e1l az automatikus bel\u00e9ptet\u00e9s-kezel\u00e9sre rendsz\u00e1mfelismer\u00e9s seg\u00edts\u00e9g\u00e9vel. A Hikvision lehet\u0151s\u00e9get biztos\u00edt arra, hogy a rendsz\u00e1mokat az automata soromp\u00f3\/kapu nyit\u00e1s\u00e1nak azonos\u00edt\u00f3jak\u00e9nt haszn\u00e1lj\u00e1k, kihaszn\u00e1lva az ALPR (Automatic License Plate Recognition \u2013 Automatikus Rendsz\u00e1mfelismer\u00e9s) opci\u00f3t. A BAS-IP Link szerver nemcsak az Axis kamer\u00e1kkal, hanem m\u00e1s [&hellip;]<\/p>","protected":false},"author":1,"featured_media":0,"parent":0,"menu_order":0,"comment_status":"closed","ping_status":"closed","template":"page-custom-breadcrumbs.php","meta":{"inline_featured_image":false,"footnotes":""},"class_list":["post-148178","page","type-page","status-publish","hentry"],"acf":[],"_links":{"self":[{"href":"https:\/\/bas-ip.com\/hu\/wp-json\/wp\/v2\/pages\/148178","targetHints":{"allow":["GET"]}}],"collection":[{"href":"https:\/\/bas-ip.com\/hu\/wp-json\/wp\/v2\/pages"}],"about":[{"href":"https:\/\/bas-ip.com\/hu\/wp-json\/wp\/v2\/types\/page"}],"author":[{"embeddable":true,"href":"https:\/\/bas-ip.com\/hu\/wp-json\/wp\/v2\/users\/1"}],"replies":[{"embeddable":true,"href":"https:\/\/bas-ip.com\/hu\/wp-json\/wp\/v2\/comments?post=148178"}],"version-history":[{"count":2,"href":"https:\/\/bas-ip.com\/hu\/wp-json\/wp\/v2\/pages\/148178\/revisions"}],"predecessor-version":[{"id":150426,"href":"https:\/\/bas-ip.com\/hu\/wp-json\/wp\/v2\/pages\/148178\/revisions\/150426"}],"wp:attachment":[{"href":"https:\/\/bas-ip.com\/hu\/wp-json\/wp\/v2\/media?parent=148178"}],"curies":[{"name":"wp","href":"https:\/\/api.w.org\/{rel}","templated":true}]}}