{"id":147945,"date":"2025-02-06T14:14:40","date_gmt":"2025-02-06T14:14:40","guid":{"rendered":"https:\/\/bas-ip.com\/actentry-vanderbilt\/"},"modified":"2025-11-12T12:04:36","modified_gmt":"2025-11-12T12:04:36","slug":"actentry-vanderbilt","status":"publish","type":"page","link":"https:\/\/bas-ip.com\/hu\/actentry-vanderbilt\/","title":{"rendered":"ACTentry (Vanderbilt)"},"content":{"rendered":"<h2 class=\"wp-block-heading\">BAS-IP \u00e9s ACTentry: Az intelligens integr\u00e1ci\u00f3val \u00fajradefini\u00e1lt bel\u00e9ptet\u00e9s-ellen\u0151rz\u00e9s<\/h2>\n\n\n<div class=\"wp-block-image\">\n<figure class=\"aligncenter size-full\"><img loading=\"lazy\" decoding=\"async\" width=\"594\" height=\"321\" src=\"https:\/\/bas-ip.com\/wp-content\/uploads\/2025\/02\/ACTpro.png\" alt=\"\" class=\"wp-image-130372\" srcset=\"https:\/\/bas-ip.com\/wp-content\/uploads\/2025\/02\/ACTpro.png 594w,  https:\/\/bas-ip.com\/wp-content\/uploads\/2025\/02\/ACTpro-300x162.png 300w\" sizes=\"auto, (max-width: 594px) 100vw, 594px\" \/><\/figure>\n<\/div>\n\n<p data-start=\"92\" data-end=\"466\">Az <strong data-start=\"95\" data-end=\"107\">ACTentry<\/strong> forradalmas\u00edtja a hagyom\u00e1nyos bel\u00e9ptet\u0151 rendszereket az\u00e1ltal, hogy a fizikai kaputelefonokat szoftveralap\u00fa megold\u00e1ssal helyettes\u00edti. A <strong data-start=\"243\" data-end=\"253\">BAS-IP<\/strong> kaputelefon panelekkel p\u00e1ros\u00edtva ez az integr\u00e1ci\u00f3 fejlett l\u00e1togat\u00f3kezel\u00e9st biztos\u00edt, amely a vide\u00f3- \u00e9s hangkommunik\u00e1ci\u00f3t z\u00f6kken\u0151mentesen \u00f6tv\u00f6zi az <strong data-start=\"401\" data-end=\"411\">ACTpro<\/strong> platformon kereszt\u00fcl t\u00f6rt\u00e9n\u0151 hozz\u00e1f\u00e9r\u00e9s-vez\u00e9rl\u00e9ssel.<\/p>\n<p data-start=\"468\" data-end=\"830\">Az olyan t\u00e1mogatott modellek, mint az <strong data-start=\"506\" data-end=\"519\">AA-12FB2M<\/strong> \u00e9s <strong data-start=\"523\" data-end=\"534\">AV-03BD<\/strong>, k\u00f6nnyed\u00e9n csatlakoznak az ACTentry-hez, lehet\u0151v\u00e9 t\u00e9ve az \u00fczemeltet\u0151k sz\u00e1m\u00e1ra a l\u00e1togat\u00f3k bel\u00e9p\u00e9s\u00e9nek fel\u00fcgyelet\u00e9t, az ajt\u00f3k kezel\u00e9s\u00e9t \u00e9s a tev\u00e9kenys\u00e9gek val\u00f3s idej\u0171 megfigyel\u00e9s\u00e9t. Ez az egy\u00fcttm\u0171k\u00f6d\u00e9s jav\u00edtja a biztons\u00e1gi folyamatokat, \u00e9s leegyszer\u0171s\u00edti a m\u0171k\u00f6d\u00e9st b\u00e1rmely modern k\u00f6rnyezetben.<\/p>\n<h4 dir=\"auto\"><span class=\"heading-content\">Mi\u00e9rt \u00e9rdemes ezt az integr\u00e1ci\u00f3t v\u00e1lasztani?<\/span><\/h4>\n<ul>\n<li dir=\"auto\"><strong data-start=\"884\" data-end=\"915\">Egyszer\u0171bb l\u00e1togat\u00f3kezel\u00e9s:<\/strong> Ajt\u00f3k m\u0171k\u00f6dtet\u00e9se \u00e9s l\u00e1togat\u00f3kkal val\u00f3 kommunik\u00e1ci\u00f3 \u00e9l\u0151 vide\u00f3 \u00e9s hang seg\u00edts\u00e9g\u00e9vel, k\u00f6zvetlen\u00fcl a sz\u00e1m\u00edt\u00f3g\u00e9pr\u0151l.<\/li>\n<li dir=\"auto\"><strong data-start=\"1032\" data-end=\"1054\">Hat\u00e9kony vez\u00e9rl\u00e9s:<\/strong> Az interkomok \u00e9s bel\u00e9ptet\u00e9si pontok k\u00f6zpontos\u00edtott kezel\u00e9se az ACTentry fel\u00fclet\u00e9n.<\/li>\n<li dir=\"auto\"><strong data-start=\"1141\" data-end=\"1170\">Intelligens konfigur\u00e1ci\u00f3:<\/strong> Az interkom be\u00e1ll\u00edt\u00e1sainak testreszab\u00e1sa biztons\u00e1gos hozz\u00e1f\u00e9r\u00e9si adatokkal, \u00e9l\u0151 megfigyel\u00e9ssel \u00e9s rugalmas felhaszn\u00e1l\u00f3i lehet\u0151s\u00e9gekkel.<\/li>\n<li dir=\"auto\"><strong data-start=\"1310\" data-end=\"1342\">K\u00f6lts\u00e9ghat\u00e9kony menedzsment:<\/strong> A szoftveralap\u00fa ajt\u00f3vez\u00e9rl\u00e9s r\u00e9v\u00e9n cs\u00f6kkenthet\u0151 a hardverf\u00fcgg\u0151s\u00e9g.<\/li>\n<li dir=\"auto\"><strong data-start=\"1413\" data-end=\"1446\">Z\u00f6kken\u0151mentes kompatibilit\u00e1s:<\/strong> Kifejezetten \u00fagy tervezt\u00e9k, hogy t\u00f6k\u00e9letesen egy\u00fcttm\u0171k\u00f6dj\u00f6n az ACTpro-val \u00e9s a BAS-IP fejlett kaputelefon-technol\u00f3gi\u00e1j\u00e1val.<\/li>\n<\/ul>\n<h4 dir=\"auto\"><span class=\"heading-content\">Az integr\u00e1ci\u00f3 f\u0151bb jellemz\u0151i<\/span><\/h4>\n<p dir=\"auto\">A BAS-IP \u00e9s az ACTentry egy\u00fcttm\u0171k\u00f6d\u00e9se a k\u00f6vetkez\u0151ket k\u00edn\u00e1lja:<\/p>\n<ul>\n<li dir=\"auto\">Biztons\u00e1gos \u00e9s intuit\u00edv <strong data-start=\"1702\" data-end=\"1728\">SIP-alap\u00fa kommunik\u00e1ci\u00f3<\/strong> az interkomok \u00e9s az ACTentry szoftver k\u00f6z\u00f6tt.<\/li>\n<li dir=\"auto\"><strong data-start=\"1779\" data-end=\"1819\">K\u00f6zpontos\u00edtott licenc-szinkroniz\u00e1l\u00e1s<\/strong> \u00e9s egyszer\u0171 be\u00e1ll\u00edt\u00e1s az ACTentry szerveren kereszt\u00fcl.<\/li>\n<li dir=\"auto\"><strong data-start=\"1879\" data-end=\"1923\">Testreszabhat\u00f3 hozz\u00e1f\u00e9r\u00e9si jogosults\u00e1gok<\/strong> \u00e9s val\u00f3s idej\u0171 megfigyel\u00e9s a dinamikus felhaszn\u00e1l\u00f3i ig\u00e9nyekhez igaz\u00edtva.<\/li>\n<li dir=\"auto\"><strong data-start=\"2001\" data-end=\"2023\">T\u00f6bbnyelv\u0171 fel\u00fclet<\/strong> \u00e9s er\u0151s jelsz\u00f3kezel\u00e9s a glob\u00e1lis haszn\u00e1lhat\u00f3s\u00e1g \u00e9rdek\u00e9ben.<\/li>\n<\/ul>\n<p data-start=\"2086\" data-end=\"2291\">Ez a megold\u00e1s ide\u00e1lis azoknak az ingatlanoknak, amelyek az egyszer\u0171s\u00edtett hozz\u00e1f\u00e9r\u00e9s-kezel\u00e9st helyezik el\u0151t\u00e9rbe, rugalmas \u00e9s megb\u00edzhat\u00f3 alternat\u00edv\u00e1t k\u00edn\u00e1lva az elavult hardveralap\u00fa rendszerekkel szemben.<\/p>\n<p data-start=\"2293\" data-end=\"2514\">A <strong data-start=\"2295\" data-end=\"2305\">BAS-IP<\/strong> kaputelefon-technol\u00f3giai szak\u00e9rtelm\u00e9nek \u00e9s az <strong data-start=\"2352\" data-end=\"2364\">ACTentry<\/strong> intelligens megold\u00e1sainak kombin\u00e1ci\u00f3ja r\u00e9v\u00e9n az \u00fczemeltet\u0151k egy praktikus, sk\u00e1l\u00e1zhat\u00f3 eszk\u00f6zt kapnak a mindennapi biztons\u00e1g \u00e9s k\u00e9nyelem fokoz\u00e1s\u00e1ra.<\/p>\n<p data-start=\"2516\" data-end=\"2613\" data-is-last-node=\"\" data-is-only-node=\"\">A r\u00e9szletes telep\u00edt\u00e9si \u00e9s konfigur\u00e1ci\u00f3s \u00fatmutat\u00f3\u00e9rt k\u00e9rj\u00fck, tekintse meg <a href=\"_wp_link_placeholder\" data-wplink-edit=\"true\"><strong data-start=\"2589\" data-end=\"2612\">Wiki k\u00e9zik\u00f6nyv\u00fcnket<\/strong><\/a>.<\/p>\n\n<!-- START Block Sign Up --><section id=\"block_629678229e935\" class=\"sign-up-section\">\r\n\r\n    <div class=\"form-holder js-form\" data-aos=\"fade-right\">\r\n                    <div class=\"title-block h3\">Sign up for connection<\/div>\r\n        \r\n                    <div class=\"text-block\">\r\n                Filling out all the information needed to answer you as quickly as possible            <\/div>\r\n        \r\n                    \n<div class=\"wpcf7 no-js\" id=\"wpcf7-f102-o1\" lang=\"en-US\" dir=\"ltr\">\n<div class=\"screen-reader-response\"><p role=\"status\" aria-live=\"polite\" aria-atomic=\"true\"><\/p> <ul><\/ul><\/div>\n<form action=\"\/hu\/wp-json\/wp\/v2\/pages\/147945#wpcf7-f102-o1\" method=\"post\" class=\"wpcf7-form init\" aria-label=\"Contact form\" enctype=\"multipart\/form-data\" novalidate=\"novalidate\" data-status=\"init\">\n<div style=\"display: none;\">\n<input type=\"hidden\" name=\"_wpcf7\" value=\"102\" \/>\n<input type=\"hidden\" name=\"_wpcf7_version\" value=\"5.8.3\" \/>\n<input type=\"hidden\" name=\"_wpcf7_locale\" value=\"en_US\" \/>\n<input type=\"hidden\" name=\"_wpcf7_unit_tag\" value=\"wpcf7-f102-o1\" \/>\n<input type=\"hidden\" name=\"_wpcf7_container_post\" value=\"0\" \/>\n<input type=\"hidden\" name=\"_wpcf7_posted_data_hash\" value=\"\" \/>\n<input type=\"hidden\" name=\"_wpcf7_recaptcha_response\" value=\"\" \/>\n<\/div>\n<div class=\"row\"> \n <label><span class=\"label-text\">Name<\/span> \n  <span class=\"wpcf7-form-control-wrap\" data-name=\"text-full-name\"><input size=\"40\" class=\"wpcf7-form-control wpcf7-text wpcf7-validates-as-required\" aria-required=\"true\" aria-invalid=\"false\" placeholder=\"Name\" value=\"\" type=\"text\" name=\"text-full-name\" \/><\/span><\/label> \n<\/div> \n<div class=\"row\"> \n <label><span class=\"label-text\">Phone*<\/span> \n<span class=\"wpcf7-form-control-wrap\" data-name=\"phonetext-270\"><input size=\"40\" class=\"wpcf7-form-control wpcf7-phonetext wpcf7-validates-as-required wpcf7-text wpcf7-validates-as-phonetext\" aria-required=\"true\" aria-invalid=\"false\" placeholder=\"Phone*\" value=\"\" type=\"text\" name=\"phonetext-270\" \/><input type=\"hidden\" name=\"phonetext-270-country-code\" class=\"wpcf7-phonetext-country-code\" \/><\/span><\/label> \n<\/div> \n<div class=\"row\"> \n <label><span class=\"label-text\">E-mail<\/span> \n  <span class=\"wpcf7-form-control-wrap\" data-name=\"email-e-mail\"><input size=\"40\" class=\"wpcf7-form-control wpcf7-email wpcf7-validates-as-required wpcf7-text wpcf7-validates-as-email\" aria-required=\"true\" aria-invalid=\"false\" placeholder=\"E-mail\" value=\"\" type=\"email\" name=\"email-e-mail\" \/><\/span><\/label> \n<\/div> \n<div class=\"row\"><span>Your country<\/span> \n <label><span class=\"wpcf7-form-control-wrap\" data-name=\"countrytext-126\"><input size=\"40\" class=\"wpcf7-form-control wpcf7-countrytext wpcf7-text wpcf7-validates-as-countrytext\" aria-invalid=\"false\" value=\"\" type=\"text\" name=\"countrytext-126\" \/><\/span> <\/label>\n<\/div> \n<div class=\"row\"> \n <button type=\"submit\" class=\"btn\">Send<\/button> \n<\/div> \n<div class=\"row\"> \n <span class=\"wpcf7-form-control-wrap\" data-name=\"checkbox-931\"><span class=\"wpcf7-form-control wpcf7-checkbox\"><span class=\"wpcf7-list-item first\"><label><input type=\"checkbox\" name=\"checkbox-931[]\" value=\"Integrator\" \/><span class=\"wpcf7-list-item-label\">Integrator<\/span><\/label><\/span><span class=\"wpcf7-list-item\"><label><input type=\"checkbox\" name=\"checkbox-931[]\" value=\"Builder\" \/><span class=\"wpcf7-list-item-label\">Builder<\/span><\/label><\/span><span class=\"wpcf7-list-item last\"><label><input type=\"checkbox\" name=\"checkbox-931[]\" value=\"End-User\" \/><span class=\"wpcf7-list-item-label\">End-User<\/span><\/label><\/span><\/span><\/span> \n<\/div> \n<div class=\"row row-upload-file\"> \n <label class=\"upload-file-block js-upload-file\">Attach file \n  <span class=\"wpcf7-form-control-wrap\" data-name=\"file-466\"><input size=\"40\" class=\"wpcf7-form-control wpcf7-file\" accept=\"audio\/*,video\/*,image\/*\" aria-invalid=\"false\" type=\"file\" name=\"file-466\" \/><\/span><\/label> \n<\/div><input type='hidden' class='wpcf7-pum' value='{\"closepopup\":false,\"closedelay\":0,\"openpopup\":false,\"openpopup_id\":0}' \/><div class=\"wpcf7-response-output\" aria-hidden=\"true\"><\/div>\n<\/form>\n<\/div>\n            <\/div>\r\n\r\n\t\t    <div class=\"text-holder\" data-aos=\"fade-left\">\r\n\t\t\t\t\t\t    <h3 class=\"title-block\">How Can We Help?<\/h3>\r\n\t\t\t\r\n\t\t\t                <div class=\"text-block\">\r\n                    Please select a topic below related to your inquiry. If you don&#8217;t find what you need, fill out our contact form.                <\/div>\r\n\t\t\t\r\n\t\t\t\t\t\t    <ul class=\"link-list\">\r\n\t\t\t\t\t\t\t\t\t\t\t\t\t\t\t\t\t\t<li>\r\n\t\t\t\t\t\t\t\t\t\t\t\t\t\t\t\t    <strong>Get Inspired<\/strong>\r\n\t\t\t\t\t\t\t\t\t\t\t\t\t\t\t\t\t\t\t\t\t\t\t\t    <a href=\"\/features\/\">\r\n\t\t\t\t\t\t\t\t        Discover what&#8217;s beneath our intercom\t\t\t\t\t\t\t\t    <\/a>\r\n\t\t\t\t\t\t\t\t\t\t\t\t\t\t\t<\/li>\r\n\t\t\t\t\t\t\t\t\t\t\t\t\t\t\t\t\t\t\t\t\t\t\t\t<li>\r\n\t\t\t\t\t\t\t\t\t\t\t\t\t\t\t\t    <strong>Become a Partner<\/strong>\r\n\t\t\t\t\t\t\t\t\t\t\t\t\t\t\t\t\t\t\t\t\t\t\t\t    <a href=\"\/distributors\/\">\r\n\t\t\t\t\t\t\t\t        Expand your business with BAS-IP intercom\t\t\t\t\t\t\t\t    <\/a>\r\n\t\t\t\t\t\t\t\t\t\t\t\t\t\t\t<\/li>\r\n\t\t\t\t\t\t\t\t\t\t\t\t\t\t\t\t\t\t\t\t\t\t\t\t<li>\r\n\t\t\t\t\t\t\t\t\t\t\t\t\t\t\t\t    <strong>Check the Guides<\/strong>\r\n\t\t\t\t\t\t\t\t\t\t\t\t\t\t\t\t\t\t\t\t\t\t\t\t    <a href=\"\/support\/\">\r\n\t\t\t\t\t\t\t\t        Download detailed manuals and schemes\t\t\t\t\t\t\t\t    <\/a>\r\n\t\t\t\t\t\t\t\t\t\t\t\t\t\t\t<\/li>\r\n\t\t\t\t\t\t\t\t\t\t\t\t\t\t\t<\/ul>\r\n\t\t\t\r\n\t\t\t\t\t\t    <h3 class=\"title-block\">Our contacts<\/h3>\r\n\t\t\t\r\n\t\t\t\t\t\t\t<ul class=\"contact-list\">\r\n\t\t\t\t\t\t\t\t\t\t\t\t\t\t\t\t\t\t<li>\r\n\t\t\t\t\t\t\t\t\t\t\t\t\t\t\t\t\t<strong>Sales:<\/strong>\r\n\t\t\t\t\t\t\t\t\t\t\t\t\t\t\t\t\t\t\t\t\t\t\t\t    <a href=\"mailto:&#115;&#97;&#108;es&#64;&#98;a&#115;-i&#112;&#46;com\">sal&#101;s&#64;bas-&#105;&#112;.com<\/a>\r\n\t\t\t\t\t\t\t\t\t\t\t\t\t\t\t<\/li>\r\n\t\t\t\t\t\t\t\t\t\t\t\t\t\t\t\t\t\t\t\t\t\t\t\t<li>\r\n\t\t\t\t\t\t\t\t\t\t\t\t\t\t\t\t\t<strong>Technical support:<\/strong>\r\n\t\t\t\t\t\t\t\t\t\t\t\t\t\t\t\t\t\t\t\t\t\t\t\t    <a href=\"mailto:s&#117;p&#112;&#111;r&#116;&#64;&#98;as-&#105;&#112;.&#99;&#111;&#109;\">&#115;&#117;&#112;p&#111;r&#116;&#64;&#98;a&#115;-ip&#46;&#99;om<\/a>\r\n\t\t\t\t\t\t\t\t\t\t\t\t\t\t\t<\/li>\r\n\t\t\t\t\t\t\t\t\t\t\t\t\t\t\t<\/ul>\r\n\t\t\t\t\t<\/div>\r\n\t<\/section>\r\n\r\n\r\n\r\n<!-- END Block Sign Up -->","protected":false},"excerpt":{"rendered":"<p>BAS-IP \u00e9s ACTentry: Az intelligens integr\u00e1ci\u00f3val \u00fajradefini\u00e1lt bel\u00e9ptet\u00e9s-ellen\u0151rz\u00e9s Az ACTentry forradalmas\u00edtja a hagyom\u00e1nyos bel\u00e9ptet\u0151 rendszereket az\u00e1ltal, hogy a fizikai kaputelefonokat szoftveralap\u00fa megold\u00e1ssal helyettes\u00edti. A BAS-IP kaputelefon panelekkel p\u00e1ros\u00edtva ez az integr\u00e1ci\u00f3 fejlett l\u00e1togat\u00f3kezel\u00e9st biztos\u00edt, amely a vide\u00f3- \u00e9s hangkommunik\u00e1ci\u00f3t z\u00f6kken\u0151mentesen \u00f6tv\u00f6zi az ACTpro platformon kereszt\u00fcl t\u00f6rt\u00e9n\u0151 hozz\u00e1f\u00e9r\u00e9s-vez\u00e9rl\u00e9ssel. Az olyan t\u00e1mogatott modellek, mint az AA-12FB2M \u00e9s [&hellip;]<\/p>","protected":false},"author":1,"featured_media":0,"parent":0,"menu_order":0,"comment_status":"closed","ping_status":"closed","template":"page-custom-breadcrumbs.php","meta":{"inline_featured_image":false,"footnotes":""},"class_list":["post-147945","page","type-page","status-publish","hentry"],"acf":[],"_links":{"self":[{"href":"https:\/\/bas-ip.com\/hu\/wp-json\/wp\/v2\/pages\/147945","targetHints":{"allow":["GET"]}}],"collection":[{"href":"https:\/\/bas-ip.com\/hu\/wp-json\/wp\/v2\/pages"}],"about":[{"href":"https:\/\/bas-ip.com\/hu\/wp-json\/wp\/v2\/types\/page"}],"author":[{"embeddable":true,"href":"https:\/\/bas-ip.com\/hu\/wp-json\/wp\/v2\/users\/1"}],"replies":[{"embeddable":true,"href":"https:\/\/bas-ip.com\/hu\/wp-json\/wp\/v2\/comments?post=147945"}],"version-history":[{"count":2,"href":"https:\/\/bas-ip.com\/hu\/wp-json\/wp\/v2\/pages\/147945\/revisions"}],"predecessor-version":[{"id":148114,"href":"https:\/\/bas-ip.com\/hu\/wp-json\/wp\/v2\/pages\/147945\/revisions\/148114"}],"wp:attachment":[{"href":"https:\/\/bas-ip.com\/hu\/wp-json\/wp\/v2\/media?parent=147945"}],"curies":[{"name":"wp","href":"https:\/\/api.w.org\/{rel}","templated":true}]}}