{"id":146583,"date":"2025-09-24T07:37:21","date_gmt":"2025-09-24T07:37:21","guid":{"rendered":"https:\/\/bas-ip.com\/memo-on-personal-data-processing-compliance\/"},"modified":"2025-10-23T10:29:44","modified_gmt":"2025-10-23T10:29:44","slug":"memo-on-personal-data-processing-compliance","status":"publish","type":"page","link":"https:\/\/bas-ip.com\/hu\/memo-on-personal-data-processing-compliance\/","title":{"rendered":"MEMORANDUM A SZEM\u00c9LYES ADATOK KEZEL\u00c9S\u00c9NEK VAL\u00d3 MEGFELEL\u00c9SR\u0150L"},"content":{"rendered":"<p style=\"text-align: right;\"><em>Elk\u00f6telezettek vagyunk az <b>er\u0151s \u00e9s innovat\u00edv adatv\u00e9delmi gyakorlatok<\/b> ir\u00e1nt, hogy minden \u00fcgyf\u00e9l megb\u00edzhasson abban, hogy a <b>szem\u00e9lyes adatait<\/b> biztons\u00e1gosan \u00e9s v\u00e9dve kezelj\u00fck.<\/em><\/p>\n<p>A <b>BAS-IP DISTRIBUTION LTD<\/b> (<b>V\u00e1llalat<\/b> vagy <b>BAS-IP<\/b>) elk\u00e9sz\u00edtette ezt a memorandumot \u00fcgyfelei sz\u00e1m\u00e1ra az alkalmazand\u00f3 adatv\u00e9delmi jogszab\u00e1lyoknak val\u00f3 megfelel\u00e9s\u00fcnkr\u0151l, bele\u00e9rtve az <b>Egyes\u00fclt Kir\u00e1lys\u00e1g \u00c1ltal\u00e1nos Adatv\u00e9delmi Rendelet\u00e9t<\/b> (<b>UK GDPR<\/b>) \u00e9s az <b>EU \u00c1ltal\u00e1nos Adatv\u00e9delmi Rendelet\u00e9t<\/b> (<b>GDPR<\/b>). Al\u00e1bb ismertetj\u00fck a szem\u00e9lyes adatok v\u00e9delm\u00e9re vonatkoz\u00f3 k\u00f6vetelm\u00e9nyek teljes\u00edt\u00e9s\u00e9vel kapcsolatos tev\u00e9kenys\u00e9geinket.<\/p>\n<h1><strong>FOGALMAK<\/strong><\/h1>\n<ul>\n<li><b>\u201eUK GDPR\u201d<\/b> (Egyes\u00fclt Kir\u00e1lys\u00e1g \u00c1ltal\u00e1nos Adatv\u00e9delmi Rendelete) jelenti az Egyes\u00fclt Kir\u00e1lys\u00e1g \u00c1ltal\u00e1nos Adatv\u00e9delmi Rendelet\u00e9t, amelyet a 2018. \u00e9vi adatv\u00e9delmi t\u00f6rv\u00e9ny (Data Protection Act 2018) alapj\u00e1n \u00e9p\u00edtettek be az Egyes\u00fclt Kir\u00e1lys\u00e1g jog\u00e1ba, valamint az egy\u00e9b alkalmazand\u00f3 Egyes\u00fclt Kir\u00e1lys\u00e1g-beli adatv\u00e9delmi \u00e9s mag\u00e1n\u00e9letre vonatkoz\u00f3 jogszab\u00e1lyokat.<\/li>\n<li><b>\u201eGDPR\u201d<\/b> (\u00c1ltal\u00e1nos Adatv\u00e9delmi Rendelet) jelenti az \u00c1ltal\u00e1nos Adatv\u00e9delmi Rendeletet (az (EU) 2016\/679 rendeletet) \u00e9s az Eur\u00f3pai Uni\u00f3n \u00e9s az Eur\u00f3pai Gazdas\u00e1gi T\u00e9rs\u00e9gen bel\u00fcl alkalmazand\u00f3 kapcsol\u00f3d\u00f3 adatv\u00e9delmi \u00e9s mag\u00e1n\u00e9leti jogszab\u00e1lyokat.<\/li>\n<li><b>Szem\u00e9lyes adat<\/b> (Personal data) jelenti az <b>azonos\u00edtott vagy azonos\u00edthat\u00f3 term\u00e9szetes szem\u00e9lyre vonatkoz\u00f3 b\u00e1rmely inform\u00e1ci\u00f3t<\/b>.<\/li>\n<li><b>\u00c9rintett<\/b> (Data subject) jelenti az azonos\u00edthat\u00f3 term\u00e9szetes szem\u00e9lyt, aki k\u00f6zvetlen\u00fcl vagy k\u00f6zvetve azonos\u00edthat\u00f3.<\/li>\n<li><b>Adatkezel\u0151<\/b> (Controller) jelenti azt a term\u00e9szetes vagy jogi szem\u00e9lyt, k\u00f6zhatalmi szervet, \u00fcgyn\u00f6ks\u00e9get vagy m\u00e1s szervet, amely <b>egyed\u00fcl vagy m\u00e1sokkal egy\u00fctt meghat\u00e1rozza a szem\u00e9lyes adatok kezel\u00e9s\u00e9nek c\u00e9ljait \u00e9s eszk\u00f6zeit<\/b>.<\/li>\n<li><b>Adatfeldolgoz\u00f3<\/b> (Processor) jelenti azt a term\u00e9szetes vagy jogi szem\u00e9lyt, k\u00f6zhatalmi szervet, \u00fcgyn\u00f6ks\u00e9get vagy m\u00e1s szervet, amely <b>az adatkezel\u0151 nev\u00e9ben szem\u00e9lyes adatokat kezel<\/b>.<\/li>\n<li><b>Alfeldolgoz\u00f3<\/b> (Subprocessor) jelenti azt a term\u00e9szetes vagy jogi szem\u00e9lyt, akit az adatfeldolgoz\u00f3 b\u00edz meg, \u00e9s aki <b>az adatkezel\u0151 nev\u00e9ben szem\u00e9lyes adatok kezel\u00e9s\u00e9t v\u00e9gzi<\/b>.<\/li>\n<li><b>Adatkezel\u00e9s<\/b> (Processing) jelenti a szem\u00e9lyes adatokon vagy <span class=\"citation-144\">adat\u00e1llom\u00e1nyokon automatiz\u00e1lt vagy nem automatiz\u00e1lt m\u00f3don v\u00e9gzett b\u00e1rmely m\u0171veletet vagy m\u0171veletek \u00f6sszess\u00e9g\u00e9t, \u00edgy a <\/span><b><span class=\"citation-144 citation-end-144\">gy\u0171jt\u00e9st, r\u00f6gz\u00edt\u00e9st, rendszerez\u00e9st, tagol\u00e1st, t\u00e1rol\u00e1st, \u00e1talak\u00edt\u00e1st vagy megv\u00e1ltoztat\u00e1st, lek\u00e9rdez\u00e9st, betekint\u00e9st, felhaszn<\/span>\u00e1l\u00e1st, k\u00f6zl\u00e9st tov\u00e1bb\u00edt\u00e1s, terjeszt\u00e9s vagy egy\u00e9b m\u00f3don t\u00f6rt\u00e9n\u0151 hozz\u00e1f\u00e9rhet\u0151v\u00e9 t\u00e9tel \u00fatj\u00e1n, \u00f6sszehangol\u00e1st vagy \u00f6sszekapcsol\u00e1st, korl\u00e1toz\u00e1st, t\u00f6rl\u00e9st, illetve megsemmis\u00edt\u00e9st<\/b>.<\/li>\n<\/ul>\n<h1><strong>A BAS-IP-R\u0150L<\/strong><\/h1>\n<p>A BAS-IP <b>IP-interfonomokat, bel\u00e9ptet\u0151 rendszereket \u00e9s kommunik\u00e1ci\u00f3s rendszereket<\/b> fejleszt \u00e9s gy\u00e1rt, \u00e9s vezet\u0151 szerepl\u0151 ezen a ter\u00fcleten. Tev\u00e9kenys\u00e9geinkr\u0151l tov\u00e1bbi inform\u00e1ci\u00f3t a weboldalon tal\u00e1l: <a class=\"ng-star-inserted\" href=\"https:\/\/bas-ip.com\/\" target=\"_blank\" rel=\"noopener\" data-hveid=\"0\" data-ved=\"0CAAQ_4QMahcKEwjZuIui9LmQAxUAAAAAHQAAAAAQcg\">https:\/\/bas-ip.com\/<\/a>.<\/p>\n<p>Tev\u00e9kenys\u00e9ge sor\u00e1n a <b>V\u00e1llalat<\/b> gy\u0171jthet, hozz\u00e1f\u00e9rhet vagy m\u00e1s m\u00f3don kezelhet szem\u00e9lyes adatokat, amelyek k\u00fcl\u00f6nb\u00f6z\u0151 kateg\u00f3ri\u00e1j\u00fa \u00e9rintettekre vonatkoznak: <b>\u00fcgyfelekre \u00e9s felhaszn\u00e1l\u00f3kra, alkalmazottakra, szerz\u0151d\u00e9ses partnerekre \u00e9s m\u00e1s \u00e9rintettekre<\/b>. Az ilyen adatkezel\u00e9s sor\u00e1n a V\u00e1llalat elk\u00f6telezett amellett, hogy minden sz\u00fcks\u00e9ges int\u00e9zked\u00e9st megtegyen, \u00e9s k\u00f6vesse a szem\u00e9lyes adatok v\u00e9delm\u00e9re vonatkoz\u00f3 relev\u00e1ns ir\u00e1nyelveket, elj\u00e1r\u00e1sokat \u00e9s egy\u00e9b dokument\u00e1ci\u00f3t, hogy a szem\u00e9lyes adatokat az alkalmazand\u00f3 jogszab\u00e1lyokkal \u00e9s a legjobb gyakorlatokkal \u00f6sszhangban kezelje.<\/p>\n<h2><strong>Szerepek a szem\u00e9lyes adatok kezel\u00e9se sor\u00e1n<\/strong><\/h2>\n<p>A BAS-IP k\u00fcl\u00f6nb\u00f6z\u0151 szerepeket t\u00f6lthet be az UK GDPR \u00e9s a GDPR \u00e9rtelm\u00e9ben:<\/p>\n<ul>\n<li><b>Adatkezel\u0151k\u00e9nt<\/b> a V\u00e1llalat hat\u00e1rozza meg a szem\u00e9lyes adatok kezel\u00e9s\u00e9nek c\u00e9ljait \u00e9s eszk\u00f6zeit, p\u00e9ld\u00e1ul amikor kommunik\u00e1l az \u00fcgyfelekkel \u00e9s a weboldal l\u00e1togat\u00f3ival, marketing tev\u00e9kenys\u00e9geket v\u00e9gez, amelyek szem\u00e9lyes adatok kezel\u00e9s\u00e9vel j\u00e1rnak, stb.<\/li>\n<li><b>Adatfeldolgoz\u00f3k\u00e9nt<\/b> a V\u00e1llalat az \u00fcgyfel\u00fcnk utas\u00edt\u00e1sai szerint kezelhet szem\u00e9lyes adatokat, aki adatkezel\u0151k\u00e9nt j\u00e1r el, vagy a vonatkoz\u00f3 adatkezel\u0151 nev\u00e9ben.<\/li>\n<li>Adatfeldolgoz\u00f3k\u00e9nt t\u00f6rt\u00e9n\u0151 szem\u00e9lyes adatok kezel\u00e9se sor\u00e1n bevonhatunk harmadik f\u00e9l szolg\u00e1ltat\u00f3kat, akik <b>alfeldolgoz\u00f3k\u00e9nt<\/b> j\u00e1rnak el.<\/li>\n<\/ul>\n<table width=\"681\">\n<tbody>\n<tr>\n<td width=\"681\"><em>Amikor a V\u00e1llalat szolg\u00e1ltat\u00e1sokat ny\u00fajt \u00fcgyfeleinek, <b>adatfeldolgoz\u00f3k\u00e9nt<\/b> j\u00e1r el, \u00e9s megfelel az UK GDPR \u00e9s a GDPR alkalmazand\u00f3 k\u00f6vetelm\u00e9nyeinek, valamint a V\u00e1llalat \u00e9s az \u00fcgyf\u00e9l k\u00f6z\u00f6tti vonatkoz\u00f3 szerz\u0151d\u00e9ses k\u00f6telezetts\u00e9geknek.<\/em><\/td>\n<\/tr>\n<\/tbody>\n<\/table>\n<h1><strong>BAS-IP \u00c9S ADATV\u00c9DELEM<\/strong><\/h1>\n<p>A BAS-IP elk\u00f6telezett a <b>legmagasabb adatv\u00e9delmi szabv\u00e1nyok<\/b> \u00e9s az alkalmazand\u00f3 szem\u00e9lyes adatv\u00e9delmi jogszab\u00e1lyok betart\u00e1sa ir\u00e1nt.<\/p>\n<p>Minden olyan tev\u00e9kenys\u00e9g, amely szem\u00e9lyes adatok kezel\u00e9s\u00e9vel j\u00e1r, a szem\u00e9lyes adatok kezel\u00e9s\u00e9nek szab\u00e1lyoz\u00e1s\u00e1ra vonatkoz\u00f3 <b>bels\u0151 dokument\u00e1ci\u00f3<\/b> szerint t\u00f6rt\u00e9nik.<\/p>\n<p>A V\u00e1llalat a k\u00f6vetkez\u0151 szem\u00e9lyes adatv\u00e9delmi int\u00e9zked\u00e9seket alkalmazza:<\/p>\n<h2><strong>A szem\u00e9lyes adatv\u00e9delmi dokument\u00e1ci\u00f3 rendszeres fel\u00fclvizsg\u00e1lata \u00e9s sz\u00fcks\u00e9ges m\u00f3dos\u00edt\u00e1sok v\u00e9grehajt\u00e1sa dokument\u00e1ci\u00f3nkban \u00e9s tev\u00e9kenys\u00e9geinkben<\/strong><\/h2>\n<p>A bels\u0151 szem\u00e9lyes adatv\u00e9delmi dokument\u00e1ci\u00f3 rendszeres fel\u00fclvizsg\u00e1lata \u00e9s friss\u00edt\u00e9se a V\u00e1llalat strat\u00e9gi\u00e1j\u00e1nak szerves r\u00e9sze annak \u00e9rdek\u00e9ben, hogy biztos\u00edtsa az UK GDPR, a GDPR \u00e9s a szem\u00e9lyes adatok v\u00e9delm\u00e9nek ter\u00fclet\u00e9n m\u00e1s szab\u00e1lyoz\u00e1si aktusok k\u00f6vetelm\u00e9nyeinek val\u00f3 megfelel\u00e9st.<\/p>\n<p>A relev\u00e1ns bels\u0151 dokument\u00e1ci\u00f3t \u00e9s elfogadott politik\u00e1kat \u00e9s elj\u00e1r\u00e1sokat, k\u00fcl\u00f6n\u00f6sen az <b>\u00e9rintetti k\u00e9relmekre, a szem\u00e9lyes adatok megs\u00e9rt\u00e9s\u00e9nek bejelent\u00e9s\u00e9re, a szem\u00e9lyes adatok kezel\u00e9s\u00e9ben r\u00e9szt vev\u0151 harmadik felek megfelel\u0151s\u00e9gi \u00e9rt\u00e9kel\u00e9s\u00e9re<\/b> vonatkoz\u00f3an stb., sz\u00fcks\u00e9g eset\u00e9n rendszeresen friss\u00edtik vagy m\u00f3dos\u00edtj\u00e1k, k\u00fcl\u00f6n\u00f6sen a jogszab\u00e1lyok v\u00e1ltoz\u00e1sa vagy \u00faj szem\u00e9lyes adatkezel\u00e9si tev\u00e9kenys\u00e9gek bevezet\u00e9se eset\u00e9n.<\/p>\n<p>Ezen t\u00falmen\u0151en, a szem\u00e9lyes adatok kezel\u00e9s\u00e9re vonatkoz\u00f3 tev\u00e9kenys\u00e9geket r\u00f6gz\u00edtik, ami mag\u00e1ban foglalja a <b>szem\u00e9lyes adatok kezel\u00e9si nyilv\u00e1ntart\u00e1s\u00e1nak (RoPA)<\/b> vezet\u00e9s\u00e9t, \u00e9s sz\u00fcks\u00e9g eset\u00e9n <b>adatv\u00e9delmi hat\u00e1svizsg\u00e1latot (DPIA)<\/b> \u00e9s <b>jogos \u00e9rdek m\u00e9rlegel\u00e9s\u00e9t (LIA)<\/b> v\u00e9geznek.<\/p>\n<p>\u00cdgy a szem\u00e9lyes adatv\u00e9delmi dokument\u00e1ci\u00f3j\u00e1nak naprak\u00e9szen tart\u00e1s\u00e1val a V\u00e1llalat biztos\u00edtja a szem\u00e9lyes adatok magas szint\u0171 v\u00e9delm\u00e9t \u00e9s a jogszab\u00e1lyok folyamatos betart\u00e1s\u00e1t.<\/p>\n<h2><strong>Az \u00e9rintetti jogok v\u00e9delm\u00e9re vonatkoz\u00f3 k\u00f6vetelm\u00e9nyek teljes\u00edt\u00e9se<\/strong><\/h2>\n<p>A V\u00e1llalat <b>Adatv\u00e9delmi Szab\u00e1lyzata<\/b>, amely nyilv\u00e1nosan el\u00e9rhet\u0151 a weboldal\u00e1n, t\u00e1j\u00e9koztatja az \u00fcgyfeleket \u00e9s m\u00e1s \u00e9rintetteket arr\u00f3l, hogy milyen c\u00e9lokra kezelhet\u0151k a szem\u00e9lyes adatok, hogyan \u00e9s milyen konkr\u00e9t szem\u00e9lyes adatok kezelhet\u0151k, valamint t\u00e1j\u00e9koztat\u00e1st ny\u00fajt a vonatkoz\u00f3 szem\u00e9lyes adatv\u00e9delmi t\u00f6rv\u00e9nyek szerinti <b>jogaikr\u00f3l<\/b>, bele\u00e9rtve e jogok gyakorl\u00e1s\u00e1nak m\u00f3dj\u00e1t is.<\/p>\n<p>Ezenk\u00edv\u00fcl a V\u00e1llalat elfogadott egy <b>K\u00e9relem- \u00e9s Panaszkezel\u00e9si Elj\u00e1r\u00e1st<\/b>, amely tartalmazza az \u00e9rintetti k\u00e9relmekre val\u00f3 reag\u00e1l\u00e1s \u00e9s az UK GDPR, valamint a GDPR szerinti jogaik elj\u00e1r\u00e1s\u00e1t.<\/p>\n<p>A V\u00e1llalat elk\u00f6telezett amellett, hogy minden sz\u00fcks\u00e9ges t\u00e1mogat\u00e1st ny\u00fajtson az \u00fcgyf\u00e9lnek az azon \u00e9rintettek k\u00e9relmeire val\u00f3 v\u00e1laszad\u00e1sban, akiknek adatait a V\u00e1llalat adatfeldolgoz\u00f3k\u00e9nt kezeli, az UK GDPR, a GDPR rendelkez\u00e9seivel \u00e9s a V\u00e1llalat \u00e9s az \u00fcgyf\u00e9l k\u00f6z\u00f6tti szerz\u0151d\u00e9ses k\u00f6telezetts\u00e9gekkel \u00f6sszhangban.<\/p>\n<h2><strong>A m\u0171szaki \u00e9s szervezeti biztons\u00e1g legjobb szabv\u00e1nyainak \u00e9s gyakorlatainak betart\u00e1sa<\/strong><\/h2>\n<p>A V\u00e1llalat <b>m\u0171szaki \u00e9s szervezeti int\u00e9zked\u00e9seket<\/b> hajtott v\u00e9gre a szem\u00e9lyes adatok biztons\u00e1g\u00e1nak biztos\u00edt\u00e1sa \u00e9rdek\u00e9ben. A V\u00e1llalat bels\u0151 dokument\u00e1ci\u00f3ja egy\u00e9rtelm\u0171en meghat\u00e1rozza a szem\u00e9lyes adatok kezel\u00e9se sor\u00e1n alkalmazott m\u0171szaki \u00e9s szervezeti int\u00e9zked\u00e9seket:<\/p>\n<ul>\n<li>kidolgozott \u00e9s elfogadott <b>inform\u00e1ci\u00f3biztons\u00e1got<\/b> szab\u00e1lyoz\u00f3 dokument\u00e1ci\u00f3t, tov\u00e1bb\u00e1 folyamatosan figyelemmel k\u00eds\u00e9ri az inform\u00e1ci\u00f3biztons\u00e1gi esem\u00e9nyeket, \u00e9s biztos\u00edtja az incidensekre val\u00f3 id\u0151ben t\u00f6rt\u00e9n\u0151 reag\u00e1l\u00e1st;<\/li>\n<li><b>korl\u00e1toz\u00f3 biztos\u00edt\u00e9kokat<\/b> alkalmazott a szem\u00e9lyes adatokhoz val\u00f3 hozz\u00e1f\u00e9r\u00e9s korl\u00e1toz\u00e1s\u00e1ra, mint p\u00e9ld\u00e1ul a szem\u00e9lyes adatokhoz val\u00f3 hozz\u00e1f\u00e9r\u00e9s ellen\u0151rz\u00e9se, k\u00fcl\u00f6n\u00f6sen szem\u00e9lyre szabott fi\u00f3kok haszn\u00e1lat\u00e1n kereszt\u00fcl, a fi\u00f3kjelszavak hossz\u00e1ra \u00e9s \u00f6sszetetts\u00e9g\u00e9re vonatkoz\u00f3 k\u00f6vetelm\u00e9nyek ellen\u0151rz\u00e9se, valamint a h\u00e1l\u00f3zati hozz\u00e1f\u00e9r\u00e9s v\u00e9delme a h\u00e1l\u00f3zati t\u00e1mad\u00e1sok kock\u00e1zat\u00e1nak cs\u00f6kkent\u00e9se \u00e9rdek\u00e9ben; a fizikai adatk\u00f6zpontok biztons\u00e1gi k\u00f6vetelm\u00e9nyeknek val\u00f3 megfelel\u00e9s\u00e9nek ellen\u0151rz\u00e9se, ahol az adatok t\u00e1rol\u00e1sra ker\u00fclnek; t\u00f6bbt\u00e9nyez\u0151s hiteles\u00edt\u00e9s \u00e9s felhaszn\u00e1l\u00f3i hiteles\u00edt\u00e9s az enged\u00e9lyez\u00e9s sor\u00e1n, valamint az <b>adat-hozz\u00e1f\u00e9r\u00e9si enged\u00e9lyek<\/b> konfigur\u00e1l\u00e1sa \u00e9s alkalmaz\u00e1sa, a megl\u00e9v\u0151 hozz\u00e1f\u00e9r\u00e9si jogok rendszeres fel\u00fclvizsg\u00e1lata stb.;<\/li>\n<li><b>titkos\u00edt\u00e1si technol\u00f3gi\u00e1kat<\/b> alkalmaz a szem\u00e9lyes adatok t\u00e1rol\u00e1sakor \u00e9s kezel\u00e9sekor felh\u0151technol\u00f3gi\u00e1k haszn\u00e1lat\u00e1val, \u00e9s k\u00f6vetelm\u00e9nyeket \u00e1llap\u00edt meg kiz\u00e1r\u00f3lag naprak\u00e9sz \u00e9s robusztus kriptogr\u00e1fiai protokollok, algoritmusok, titkos\u00edt\u00e1si csomagok, titkos\u00edt\u00e1si kulcsok \u00e9s kulcskezel\u00e9si megk\u00f6zel\u00edt\u00e9sek haszn\u00e1lat\u00e1ra;<\/li>\n<li>rendszeresen fel\u00fclvizsg\u00e1lja a szem\u00e9lyes adatok <b>biztons\u00e1gi m\u00e1solatait<\/b> annak meg\u00e1llap\u00edt\u00e1sa \u00e9rdek\u00e9ben, hogy azok t\u00e1rol\u00e1sa megfelel-e az \u00fczemeltet\u00e9si k\u00f6vetelm\u00e9nyeknek \u00e9s a jogi k\u00f6telezetts\u00e9geknek;<\/li>\n<li>egy\u00e9b <b>szervezeti biztons\u00e1gi int\u00e9zked\u00e9seket<\/b> tesz, bele\u00e9rtve a szerepek \u00e9s felel\u0151ss\u00e9gek sz\u00e9tv\u00e1laszt\u00e1s\u00e1nak politik\u00e1j\u00e1nak v\u00e9grehajt\u00e1s\u00e1t, a relev\u00e1ns politik\u00e1k \u00e9s elj\u00e1r\u00e1sok rendszeres friss\u00edt\u00e9s\u00e9t, a feladatok teljes\u00edt\u00e9s\u00e9nek nyomon k\u00f6vet\u00e9s\u00e9t, valamint a vonatkoz\u00f3 korm\u00e1nyzati szervekkel val\u00f3 egy\u00fcttm\u0171k\u00f6d\u00e9si k\u00e9szs\u00e9g demonstr\u00e1l\u00e1s\u00e1t. A V\u00e1llalat \u00e1ltal v\u00e9grehajtott szem\u00e9lyi biztons\u00e1gi int\u00e9zked\u00e9sek magukban foglalj\u00e1k bizonyos esetekben az alkalmazottak h\u00e1tt\u00e9r-ellen\u0151rz\u00e9s\u00e9t, az alkalmazottak inform\u00e1ci\u00f3biztons\u00e1gi k\u00e9rd\u00e9sekkel kapcsolatos tudatoss\u00e1g\u00e1nak n\u00f6vel\u00e9s\u00e9t \u00e9s nyomon k\u00f6vet\u00e9s\u00e9t, valamint k\u00e9pz\u00e9si \u00e9s szakmai fejleszt\u00e9si programok lebonyol\u00edt\u00e1s\u00e1t;<\/li>\n<li>folyamatosan nyomon k\u00f6veti a jogszab\u00e1lyok v\u00e1ltoz\u00e1sait, \u00e9s a <b>legjobb gyakorlatokat<\/b> alkalmazza a szem\u00e9lyes adatok v\u00e9delm\u00e9nek ter\u00fclet\u00e9n a kiberbiztons\u00e1gi szabv\u00e1nyok, \u00fatmutat\u00f3k, a szem\u00e9lyes adatv\u00e9delmi fel\u00fcgyeleti hat\u00f3s\u00e1gok \u00e9s az Inform\u00e1ci\u00f3s Biztos Hivatal (ICO) aj\u00e1nl\u00e1sai szerint.<\/li>\n<\/ul>\n<p>A V\u00e1llalat megfelel minden politik\u00e1nak \u00e9s elj\u00e1r\u00e1snak a szem\u00e9lyes adatv\u00e9delem biztons\u00e1g\u00e1nak biztos\u00edt\u00e1sa \u00e9rdek\u00e9ben, rendszeresen ellen\u0151rzi azok relevanci\u00e1j\u00e1t, \u00e9s biztos\u00edtja az id\u0151ben t\u00f6rt\u00e9n\u0151 fel\u00fclvizsg\u00e1latot.<\/p>\n<p><strong>Rendszeres harmadik f\u00e9l \u00e1ltali ellen\u0151rz\u00e9s<\/strong><\/p>\n<p>A szem\u00e9lyes adatok kezel\u00e9s\u00e9ben r\u00e9szt vev\u0151 valamennyi <b>harmadik felet<\/b> egy bels\u0151leg szab\u00e1lyozott <b>harmadik f\u00e9l megfelel\u0151s\u00e9g\u00e9nek \u00e9rt\u00e9kel\u00e9s\u00e9re vonatkoz\u00f3 elj\u00e1r\u00e1s<\/b> alkalmaz\u00e1s\u00e1val ellen\u0151rzik. Ezek az ellen\u0151rz\u00e9sek k\u00fcl\u00f6n\u00f6sen \u00e9rt\u00e9kelik a szem\u00e9lyes adatok kezel\u00e9s\u00e9hez kapcsol\u00f3d\u00f3 relev\u00e1ns dokument\u00e1ci\u00f3 rendelkez\u00e9sre \u00e1ll\u00e1s\u00e1t, valamint a szem\u00e9lyes adatok jogosulatlan hozz\u00e1f\u00e9r\u00e9st\u0151l, elveszt\u00e9st\u0151l vagy integrit\u00e1s megs\u00e9rt\u00e9st\u0151l val\u00f3 v\u00e9delm\u00e9re bevezetett m\u0171szaki \u00e9s szervezeti biztons\u00e1gi int\u00e9zked\u00e9sek el\u00e9rhet\u0151s\u00e9g\u00e9t \u00e9s hat\u00e9konys\u00e1g\u00e1t.<\/p>\n<h2><strong>Szem\u00e9lyes adatok biztons\u00e1gos tov\u00e1bb\u00edt\u00e1sa<\/strong><\/h2>\n<p>Szolg\u00e1ltat\u00e1sok ny\u00fajt\u00e1sa sor\u00e1n a V\u00e1llalat szem\u00e9lyes adatokat tov\u00e1bb\u00edthat <b>az Egyes\u00fclt Kir\u00e1lys\u00e1gon k\u00edv\u00fclre<\/b>, p\u00e9ld\u00e1ul az Egyes\u00fclt \u00c1llamokba \u00e9s Ukrajn\u00e1ba.<\/p>\n<p>A szem\u00e9lyes adatok tov\u00e1bb\u00edt\u00e1s\u00e1ra vonatkoz\u00f3 biztons\u00e1gi \u00e9s jogi k\u00f6vetelm\u00e9nyek betart\u00e1s\u00e1nak biztos\u00edt\u00e1sa \u00e9rdek\u00e9ben el\u0151zetesen <b>\u00e9rt\u00e9kel\u00e9st<\/b> v\u00e9geznek. Ezenk\u00edv\u00fcl rendszeresen bels\u0151 ellen\u0151rz\u00e9st v\u00e9geznek annak biztos\u00edt\u00e1s\u00e1ra, hogy az Egyes\u00fclt \u00c1llamok, Ukrajna \u00e9s, ahol sz\u00fcks\u00e9ges, m\u00e1s orsz\u00e1gok, ahov\u00e1 szem\u00e9lyes adatokat tov\u00e1bb\u00edtanak, jogi k\u00f6vetelm\u00e9nyei \u00e9s gyakorlatai megfeleljenek az <b>UK \u00e9s EU szem\u00e9lyes adatv\u00e9delmi szabv\u00e1nyoknak \u00e9s gyakorlatoknak<\/b>. Ezenfel\u00fcl az adatok import\u00e1l\u00f3i \u00e1ltal tett biztons\u00e1gi int\u00e9zked\u00e9seket alaposan ellen\u0151rzik, k\u00fcl\u00f6n\u00f6sen a szem\u00e9lyes adatok v\u00e9delm\u00e9t szab\u00e1lyoz\u00f3 vonatkoz\u00f3 dokument\u00e1ci\u00f3 al\u00e1\u00edr\u00e1s\u00e1val.<\/p>\n<p>Amikor a V\u00e1llalat az UK GDPR \u00e9s\/vagy a GDPR hat\u00e1lya al\u00e1 tartoz\u00f3 szem\u00e9lyes adatokat tov\u00e1bb\u00edt, <b>Adatfeldolgoz\u00e1si Meg\u00e1llapod\u00e1st (DPA)<\/b> k\u00f6t a szerz\u0151d\u00e9ses partnereivel. Az ilyen meg\u00e1llapod\u00e1sok tartalmazz\u00e1k a megfelel\u0151 tov\u00e1bb\u00edt\u00e1si mechanizmusokat, bele\u00e9rtve az <b>EU \u00c1ltal\u00e1nos Szerz\u0151d\u00e9ses Felt\u00e9teleket (SCC-ket)<\/b> az <b>UK Kieg\u00e9sz\u00edt\u00e9ssel (UK Addendum)<\/b> egy\u00fctt, vagy a <b>Nemzetk\u00f6zi Adattov\u00e1bb\u00edt\u00e1si Meg\u00e1llapod\u00e1st (IDTA)<\/b>.<\/p>\n<h2><strong>Rendszeres k\u00e9pz\u00e9sek<\/strong><\/h2>\n<p>A V\u00e1llalat rendszeresen <b>k\u00e9pz\u00e9seket<\/b> szervez alkalmazottai \u00e9s szerz\u0151d\u00e9ses partnerei sz\u00e1m\u00e1ra az UK GDPR \u00e9s a GDPR k\u00f6vetelm\u00e9nyeinek val\u00f3 megfelel\u00e9sr\u0151l, valamint a szem\u00e9lyes adatok v\u00e9delm\u00e9r\u0151l. A k\u00e9pz\u00e9s t\u00e9m\u00e1i k\u00f6z\u00f6tt szerepel t\u00f6bbek k\u00f6z\u00f6tt az UK GDPR, a GDPR \u00e9s m\u00e1s alkalmazand\u00f3 szem\u00e9lyes adatv\u00e9delmi t\u00f6rv\u00e9nyek \u00e1ltal\u00e1nos k\u00f6vetelm\u00e9nyei, az adatkezel\u00e9sben bet\u00f6lt\u00f6tt szerepek, a szem\u00e9lyes adatok kezel\u00e9s\u00e9nek elvei, az adatkezel\u00e9s jogalapjai, az \u00e9rintetti jogok biztos\u00edt\u00e1sa \u00e9s a szem\u00e9lyes adatok v\u00e9delm\u00e9nek k\u00e9rd\u00e9sei.<\/p>\n<p>Ezen t\u00falmen\u0151en a V\u00e1llalat elfogadta a sz\u00fcks\u00e9ges dokument\u00e1ci\u00f3t \u00e9s megfelel\u0151 int\u00e9zked\u00e9seket is v\u00e9grehajtott az alkalmazottak adatv\u00e9delem ter\u00e9n t\u00f6rt\u00e9n\u0151 k\u00e9pz\u00e9s\u00e9nek \u00e9s tudatoss\u00e1g\u00e1nak biztos\u00edt\u00e1s\u00e1ra.<\/p>\n<h1><strong>EL\u00c9RHET\u0150S\u00c9GEINK<\/strong><\/h1>\n<p>Ha b\u00e1rmilyen tov\u00e1bbi k\u00e9rd\u00e9se van a BAS-IP szem\u00e9lyes adatv\u00e9delm\u00e9vel kapcsolatban, k\u00e9rj\u00fck, vegye fel vel\u00fcnk a kapcsolatot e-mailben: <a href=\"mailto:privacy@bas-ip.com\">privacy@bas-ip.com<\/a>.<\/p>\n<p>Tisztelettel,<\/p>\n<p><strong>BAS-IP DISTRIBUTION LTD<\/strong><\/p>","protected":false},"excerpt":{"rendered":"<p>Elk\u00f6telezettek vagyunk az er\u0151s \u00e9s innovat\u00edv adatv\u00e9delmi gyakorlatok ir\u00e1nt, hogy minden \u00fcgyf\u00e9l megb\u00edzhasson abban, hogy a szem\u00e9lyes adatait biztons\u00e1gosan \u00e9s v\u00e9dve kezelj\u00fck. A BAS-IP DISTRIBUTION LTD (V\u00e1llalat vagy BAS-IP) elk\u00e9sz\u00edtette ezt a memorandumot \u00fcgyfelei sz\u00e1m\u00e1ra az alkalmazand\u00f3 adatv\u00e9delmi jogszab\u00e1lyoknak val\u00f3 megfelel\u00e9s\u00fcnkr\u0151l, bele\u00e9rtve az Egyes\u00fclt Kir\u00e1lys\u00e1g \u00c1ltal\u00e1nos Adatv\u00e9delmi Rendelet\u00e9t (UK GDPR) \u00e9s az EU \u00c1ltal\u00e1nos Adatv\u00e9delmi [&hellip;]<\/p>","protected":false},"author":1,"featured_media":0,"parent":0,"menu_order":0,"comment_status":"closed","ping_status":"closed","template":"","meta":{"inline_featured_image":false,"footnotes":""},"class_list":["post-146583","page","type-page","status-publish","hentry"],"acf":[],"_links":{"self":[{"href":"https:\/\/bas-ip.com\/hu\/wp-json\/wp\/v2\/pages\/146583","targetHints":{"allow":["GET"]}}],"collection":[{"href":"https:\/\/bas-ip.com\/hu\/wp-json\/wp\/v2\/pages"}],"about":[{"href":"https:\/\/bas-ip.com\/hu\/wp-json\/wp\/v2\/types\/page"}],"author":[{"embeddable":true,"href":"https:\/\/bas-ip.com\/hu\/wp-json\/wp\/v2\/users\/1"}],"replies":[{"embeddable":true,"href":"https:\/\/bas-ip.com\/hu\/wp-json\/wp\/v2\/comments?post=146583"}],"version-history":[{"count":2,"href":"https:\/\/bas-ip.com\/hu\/wp-json\/wp\/v2\/pages\/146583\/revisions"}],"predecessor-version":[{"id":146699,"href":"https:\/\/bas-ip.com\/hu\/wp-json\/wp\/v2\/pages\/146583\/revisions\/146699"}],"wp:attachment":[{"href":"https:\/\/bas-ip.com\/hu\/wp-json\/wp\/v2\/media?parent=146583"}],"curies":[{"name":"wp","href":"https:\/\/api.w.org\/{rel}","templated":true}]}}