{"id":145715,"date":"2025-09-22T13:03:10","date_gmt":"2025-09-22T13:03:10","guid":{"rendered":"https:\/\/bas-ip.com\/career\/"},"modified":"2025-10-03T10:39:22","modified_gmt":"2025-10-03T10:39:22","slug":"career","status":"publish","type":"page","link":"https:\/\/bas-ip.com\/hu\/career\/","title":{"rendered":"Karrier"},"content":{"rendered":"<!-- START Block Career Hero -->   <div class=\"careers-hero\" style=\"background-image:url(https:\/\/bas-ip.com\/wp-content\/uploads\/2025\/09\/career_top_bg_2-scaled.jpg)\">\r\n    <div class=\"careers-hero__overlay\"><\/div>\r\n    <div class=\"careers-container careers-hero__content\">\r\n      <h1 class=\"careers-hero__title\">Mi <span>keres\u00fcnk<\/span> k\u00e9pzett embereket<\/h1>\r\n              <p class=\"careers-hero__subtitle\">Fejlett, cs\u00facstechnol\u00f3gi\u00e1s megold\u00e1sokat fejleszt\u00fcnk a biztons\u00e1g ter\u00fclet\u00e9n \u2014 az IP kaputelefonokt\u00f3l a bel\u00e9ptet\u0151 rendszereken \u00e1t a vide\u00f3megfigyel\u0151 rendszerekig.<br>\r\nDe a legfontosabb, amit \u00e9p\u00edt\u00fcnk, az egy csapat.<\/p>\r\n                    <a class=\"careers-btn careers-btn--primary\" href=\"https:\/\/bas-ip.com\/vacancies\/\">\r\n          dolgozzon vel\u00fcnk        <\/a>\r\n          <\/div>\r\n  <\/div>\r\n     <section class=\"careers-benefits\">\r\n    <div class=\"careers-container\">\r\n              <h2 class=\"careers-section-title\">Mi\u00e9rt csatlakozz hozz\u00e1nk?<\/h2>\r\n                    <div class=\"careers-benefits__grid\">\r\n                      <div class=\"careers-benefit\">\r\n                              <div class=\"careers-benefit__icon\"><img decoding=\"async\" src=\"https:\/\/bas-ip.com\/wp-content\/uploads\/2025\/09\/hugeicons_global.svg\" alt=\"icon\"><\/div>\r\n                                            <h3>T\u00e1voli el\u00e9r\u00e9s<\/h3>\r\n                                            <p>Dolgozz a vil\u00e1g b\u00e1rmely pontj\u00e1r\u00f3l<\/p>\r\n                          <\/div>\r\n                      <div class=\"careers-benefit\">\r\n                              <div class=\"careers-benefit__icon\"><img decoding=\"async\" src=\"https:\/\/bas-ip.com\/wp-content\/uploads\/2025\/09\/iconoir_brain.svg\" alt=\"icon\"><\/div>\r\n                                            <h3>Innovat\u00edv term\u00e9kek<\/h3>\r\n                                            <p>Korszer\u0171 technol\u00f3gia a biztons\u00e1gi piacon<\/p>\r\n                          <\/div>\r\n                      <div class=\"careers-benefit\">\r\n                              <div class=\"careers-benefit__icon\"><img decoding=\"async\" src=\"https:\/\/bas-ip.com\/wp-content\/uploads\/2025\/09\/fluent_people-team-16-regular.svg\" alt=\"icon\"><\/div>\r\n                                            <h3>Glob\u00e1lis csapat<\/h3>\r\n                                            <p>Egy\u00fcttm\u0171k\u00f6d\u00e9s hat\u00e1rokon \u00e9s id\u0151z\u00f3n\u00e1kon \u00e1tny\u00fal\u00f3an<\/p>\r\n                          <\/div>\r\n                      <div class=\"careers-benefit\">\r\n                              <div class=\"careers-benefit__icon\"><img decoding=\"async\" src=\"https:\/\/bas-ip.com\/wp-content\/uploads\/2025\/09\/tabler_rocket.svg\" alt=\"icon\"><\/div>\r\n                                            <h3>N\u00f6veked\u00e9svez\u00e9relt<\/h3>\r\n                                            <p>T\u00e1mogatjuk a tanul\u00e1sodat \u00e9s a karrierfejl\u0151d\u00e9sedet<\/p>\r\n                          <\/div>\r\n                      <div class=\"careers-benefit\">\r\n                              <div class=\"careers-benefit__icon\"><img decoding=\"async\" src=\"https:\/\/bas-ip.com\/wp-content\/uploads\/2025\/09\/octicon_goal-24.svg\" alt=\"icon\"><\/div>\r\n                                            <h3>Eredm\u00e9nyek a b\u00fcrokr\u00e1cia felett<\/h3>\r\n                                            <p>\u00c9rt\u00e9kelj\u00fck a cselekv\u00e9st \u00e9s a felel\u0151ss\u00e9gv\u00e1llal\u00e1st<\/p>\r\n                          <\/div>\r\n                      <div class=\"careers-benefit\">\r\n                              <div class=\"careers-benefit__icon\"><img decoding=\"async\" src=\"https:\/\/bas-ip.com\/wp-content\/uploads\/2025\/09\/hugeicons_idea.svg\" alt=\"icon\"><\/div>\r\n                                            <h3>A hangod sz\u00e1m\u00edt<\/h3>\r\n                                            <p>A kezdem\u00e9nyez\u00e9s \u00fcdv\u00f6zlend\u0151 \u00e9s jutalmazott<\/p>\r\n                          <\/div>\r\n                  <\/div>\r\n          <\/div>\r\n  <\/section>\r\n    <section class=\"careers-vision\">\r\n    <div class=\"careers-container careers-vision__grid\">\r\n      <div class=\"careers-vision__media\">\r\n                  <img decoding=\"async\" src=\"https:\/\/bas-ip.com\/wp-content\/uploads\/2025\/09\/vision.jpg\" alt=\"\" class=\"careers-vision__img careers-vision__img--single\">\r\n              <\/div>\r\n      <div class=\"careers-vision__text\">\r\n                  <h2 class=\"careers-section-title careers-section-title--left\">a j\u00f6v\u0151k\u00e9p\u00fcnk<\/h2>\r\n                          <p data-start=\"389\" data-end=\"639\">A BAS-IP-n\u00e1l fejl\u0151d\u00e9si lehet\u0151s\u00e9geket, inspir\u00e1l\u00f3 projekteket \u00e9s egy glob\u00e1lis csapatot tal\u00e1lsz, amely form\u00e1lja az intelligens biztons\u00e1g j\u00f6v\u0151j\u00e9t. T\u00f6bb mint 60 ember vagyunk, akik a vil\u00e1g k\u00fcl\u00f6nb\u00f6z\u0151 sarkaib\u00f3l dolgozunk \u2014 a tehets\u00e9gnek nincsenek hat\u00e1rai.<\/p>\n<p data-start=\"641\" data-end=\"819\">Csapatunk egyes\u00edti a kutat\u00e1s-fejleszt\u00e9s, \u00e9rt\u00e9kes\u00edt\u00e9s, \u00fcgyf\u00e9lt\u00e1mogat\u00e1s, marketing, beszerz\u00e9s \u00e9s logisztika, p\u00e9nz\u00fcgy \u00e9s HR szakembereit. Soksz\u00edn\u0171ek vagyunk \u2013 \u00e9s ez az er\u0151ss\u00e9g\u00fcnk.<\/p>\n<p data-start=\"821\" data-end=\"994\" data-is-last-node=\"\" data-is-only-node=\"\">T\u00e1mogatjuk az \u00fajonnan \u00e9rkez\u0151ket, inspir\u00e1ljuk egym\u00e1st, gyorsan hozunk d\u00f6nt\u00e9seket \u00e9s \u00e9rt\u00e9kelj\u00fck a kezdem\u00e9nyez\u0151k\u00e9szs\u00e9get. Itt nem csak dolgozni fogsz \u2014 hanem hat\u00e1ssal leszel.<\/p>\n                          <a class=\"careers-btn careers-btn--primary\" href=\"https:\/\/bas-ip.com\/vacancies\/\">\r\n            dolgozzon vel\u00fcnk          <\/a>\r\n              <\/div>\r\n    <\/div>\r\n  <\/section>\r\n  <section class=\"careers-values\">\r\n    <div class=\"careers-container\">\r\n              <h2 class=\"careers-section-title\">\u00c9rt\u00e9keink<\/h2>\r\n        <p>A BAS-IP-n\u00e9l a kult\u00far\u00e1nk nem puszt\u00e1n c\u00e9lokra \u00e9p\u00fcl \u2013 k\u00f6z\u00f6s \u00e9rt\u00e9kek alak\u00edtj\u00e1k, amelyek a mindennapi munk\u00e1nkat ir\u00e1ny\u00edtj\u00e1k:<\/p>\r\n                    <div class=\"careers-values__grid\">\r\n                      <article class=\"careers-card\">\r\n                              <img decoding=\"async\" src=\"https:\/\/bas-ip.com\/wp-content\/uploads\/2025\/09\/honesty3.jpg\" alt=\"\">\r\n                            <div class=\"careers-card__body\">\r\n                                  <h3>Becs\u00fcletess\u00e9g<\/h3>\r\n                                                  <p>Nyitotts\u00e1g \u00e9s \u00e1tl\u00e1that\u00f3s\u00e1g mindenben, amit tesz\u00fcnk<\/p>\r\n                              <\/div>\r\n            <\/article>\r\n                      <article class=\"careers-card\">\r\n                              <img decoding=\"async\" src=\"https:\/\/bas-ip.com\/wp-content\/uploads\/2025\/09\/optimism.jpg\" alt=\"\">\r\n                            <div class=\"careers-card__body\">\r\n                                  <h3>Optimizmus<\/h3>\r\n                                                  <p>Hit \u00f6nmagunkban \u00e9s csapatunk siker\u00e9ben<\/p>\r\n                              <\/div>\r\n            <\/article>\r\n                      <article class=\"careers-card\">\r\n                              <img decoding=\"async\" src=\"https:\/\/bas-ip.com\/wp-content\/uploads\/2025\/09\/support2.jpg\" alt=\"\">\r\n                            <div class=\"careers-card__body\">\r\n                                  <h3>T\u00e1mogat\u00e1s<\/h3>\r\n                                                  <p>Kedvess\u00e9ggel \u00e9s t\u00f6r\u0151d\u00e9ssel seg\u00edtj\u00fck egym\u00e1st<\/p>\r\n                              <\/div>\r\n            <\/article>\r\n                      <article class=\"careers-card\">\r\n                              <img decoding=\"async\" src=\"https:\/\/bas-ip.com\/wp-content\/uploads\/2025\/09\/selfdev-1.jpg\" alt=\"\">\r\n                            <div class=\"careers-card__body\">\r\n                                  <h3>\u00d6nfejleszt\u00e9s<\/h3>\r\n                                                  <p>Mindig t\u00f6rekedj a tanul\u00e1sra \u00e9s a fejl\u0151d\u00e9sre<\/p>\r\n                              <\/div>\r\n            <\/article>\r\n                  <\/div>\r\n          <\/div>\r\n  <\/section>\r\n    <section class=\"careers-banner\">\r\n    <div class=\"careers-banner__bg\" style=\"background-image:url(https:\/\/bas-ip.com\/wp-content\/uploads\/2025\/09\/careerbannerbg1-scaled.jpg)\"><\/div>\r\n    <div class=\"careers-container careers-banner__content\">\r\n              <p class=\"careers-banner__title\">NEM CSAK TECHNOL\u00d3GI\u00c1T \u00c9P\u00cdT\u00dcNK \u2014 <span>EGY CSAPATOT<br>\r\n\u00c9P\u00cdT\u00dcNK<\/span>, AMELY MINDEN L\u00c9P\u00c9SBEN T\u00dcKR\u00d6ZI EZEKET AZ \u00c9RT\u00c9KEKET.<\/p>\r\n          <\/div>\r\n  <\/section>\r\n\r\n  \r\n    <section id=\"open\" class=\"careers-open\">\r\n    <div class=\"careers-container careers-open__inner\">\r\n              <h2 class=\"careers-section-title\">Nyitott poz\u00edci\u00f3k<\/h2>\r\n                    <p>Tekintse meg aktu\u00e1lis \u00e1ll\u00e1saj\u00e1nlatainkat, \u00e9s jelentkezzen k\u00f6zvetlen\u00fcl. Folyamatosan keres\u00fcnk lelkes szakembereket, akik csatlakoznak hozz\u00e1nk.<\/p>\r\n                    <a class=\"careers-btn careers-btn--primary\" href=\"https:\/\/bas-ip.com\/vacancies\/\">\r\n          dolgozzon vel\u00fcnk        <\/a>\r\n          <\/div>\r\n  <\/section><!-- END Block Career Hero -->","protected":false},"excerpt":{"rendered":"","protected":false},"author":2,"featured_media":0,"parent":0,"menu_order":0,"comment_status":"closed","ping_status":"closed","template":"","meta":{"inline_featured_image":false,"footnotes":""},"class_list":["post-145715","page","type-page","status-publish","hentry"],"acf":[],"_links":{"self":[{"href":"https:\/\/bas-ip.com\/hu\/wp-json\/wp\/v2\/pages\/145715","targetHints":{"allow":["GET"]}}],"collection":[{"href":"https:\/\/bas-ip.com\/hu\/wp-json\/wp\/v2\/pages"}],"about":[{"href":"https:\/\/bas-ip.com\/hu\/wp-json\/wp\/v2\/types\/page"}],"author":[{"embeddable":true,"href":"https:\/\/bas-ip.com\/hu\/wp-json\/wp\/v2\/users\/2"}],"replies":[{"embeddable":true,"href":"https:\/\/bas-ip.com\/hu\/wp-json\/wp\/v2\/comments?post=145715"}],"version-history":[{"count":3,"href":"https:\/\/bas-ip.com\/hu\/wp-json\/wp\/v2\/pages\/145715\/revisions"}],"predecessor-version":[{"id":145864,"href":"https:\/\/bas-ip.com\/hu\/wp-json\/wp\/v2\/pages\/145715\/revisions\/145864"}],"wp:attachment":[{"href":"https:\/\/bas-ip.com\/hu\/wp-json\/wp\/v2\/media?parent=145715"}],"curies":[{"name":"wp","href":"https:\/\/api.w.org\/{rel}","templated":true}]}}