{"id":140866,"date":"2025-06-03T12:48:57","date_gmt":"2025-06-03T12:48:57","guid":{"rendered":"https:\/\/bas-ip.com\/condo-control\/"},"modified":"2025-08-05T10:29:00","modified_gmt":"2025-08-05T10:29:00","slug":"condo-control","status":"publish","type":"page","link":"https:\/\/bas-ip.com\/hu\/condo-control\/","title":{"rendered":"Condo Control"},"content":{"rendered":"<h2>A BAS-IP \u00e9s a Condo Control bejelenti az integr\u00e1ci\u00f3t a lak\u00f3\u00e9p\u00fcletek lak\u00f3\u00e9lm\u00e9ny\u00e9nek jav\u00edt\u00e1s\u00e1ra<\/h2>\n\n<div class=\"wp-block-image\">\n<figure class=\"aligncenter size-large\"><img loading=\"lazy\" decoding=\"async\" width=\"1024\" height=\"235\" src=\"https:\/\/bas-ip.com\/wp-content\/uploads\/2025\/06\/Condo-Control-1024x235.png\" alt=\"\" class=\"wp-image-138764\" srcset=\"https:\/\/bas-ip.com\/wp-content\/uploads\/2025\/06\/Condo-Control-1024x235.png 1024w,  https:\/\/bas-ip.com\/wp-content\/uploads\/2025\/06\/Condo-Control-300x69.png 300w,  https:\/\/bas-ip.com\/wp-content\/uploads\/2025\/06\/Condo-Control-768x177.png 768w,  https:\/\/bas-ip.com\/wp-content\/uploads\/2025\/06\/Condo-Control-767x176.png 767w,  https:\/\/bas-ip.com\/wp-content\/uploads\/2025\/06\/Condo-Control.png 1266w\" sizes=\"auto, (max-width: 1024px) 100vw, 1024px\" \/><\/figure>\n<\/div>\n\n<p>A BAS-IP, az IP-kaputelefon-rendszerek vezet\u0151 fejleszt\u0151je, \u00e9s a Condo Control, a t\u00f6bb mint 2 milli\u00f3 lakos sz\u00e1m\u00e1ra a m\u0171k\u00f6d\u00e9st digitaliz\u00e1l\u00f3 all-in-one platform, ma strat\u00e9giai integr\u00e1ci\u00f3t jelentettek be. Ez az egy\u00fcttm\u0171k\u00f6d\u00e9s egys\u00e9ges adatforr\u00e1st hoz l\u00e9tre a lak\u00f3k adatair\u00f3l, megsz\u00fcntetve a duplik\u00e1lt bevitelt, \u00e9s lehet\u0151v\u00e9 teszi a z\u00f6kken\u0151mentes szinkroniz\u00e1l\u00e1st a k\u00e9t rendszer k\u00f6z\u00f6tt. Ez\u00e1ltal \u00faj szint\u0171 k\u00e9nyelmet \u00e9s adatpontoss\u00e1got biztos\u00edt a lak\u00f3knak \u00e9s az ingatlankezel\u0151knek Kanad\u00e1ban.<\/p>\n<p>Az integr\u00e1ci\u00f3 kulcsfontoss\u00e1g\u00fa eleme a lak\u00f3k list\u00e1j\u00e1nak szinkroniz\u00e1l\u00e1sa a Condo Control platformr\u00f3l a BAS-IP kaputelefonokkal. A lak\u00e1sok sz\u00e1m\u00e1nak t\u00e1rcs\u00e1z\u00e1sa helyett a l\u00e1togat\u00f3k egy bet\u0171rendbe szedett intelligens c\u00edmt\u00e1rat g\u00f6rgethetnek, meg\u00e9rinthetnek egy nevet, \u00e9s a h\u00edv\u00f3panel most egy telefonk\u00f6nyvet jelen\u00edt meg a lak\u00f3k nev\u00e9vel, ami intuit\u00edvabb \u00e9s felhaszn\u00e1l\u00f3-k\u00f6zpont\u00fabb megk\u00f6zel\u00edt\u00e9st biztos\u00edt.<\/p>\n<p>A Condo Control rendszer a f\u0151 fel\u00fclet az ingatlankezel\u0151k sz\u00e1m\u00e1ra a lak\u00f3k adatainak egyszer\u0171 hozz\u00e1ad\u00e1s\u00e1hoz, t\u00f6rl\u00e9s\u00e9hez \u00e9s friss\u00edt\u00e9s\u00e9hez. Ezek a v\u00e1ltoz\u00e1sok automatikusan \u00e1tker\u00fclnek a kaputelefon-rendszer intelligens c\u00edmt\u00e1r\u00e1ba a BAS-IP Link menedzsmentplatformon kereszt\u00fcl, amely middleware-k\u00e9nt m\u0171k\u00f6dik. A BAS-IP Link a h\u00edv\u00e1si folyamatot is kezeli, megb\u00edzhat\u00f3 kommunik\u00e1ci\u00f3t biztos\u00edtva.<\/p>\n<p>Ezt a fejleszt\u00e9st a kanadai lakosok preferenci\u00e1it figyelembe v\u00e9ve hajtott\u00e1k v\u00e9gre, akik hozz\u00e1szoktak ahhoz, hogy a h\u00edv\u00e1sokat a szem\u00e9lyes mobilsz\u00e1mukra kapj\u00e1k, nem pedig egy lak\u00e1sban l\u00e9v\u0151 fix k\u00e9sz\u00fcl\u00e9kre.<\/p>\n<p>\u201eK\u00fcldet\u00e9s\u00fcnk a k\u00f6z\u00f6ss\u00e9gi m\u0171veletek digitaliz\u00e1l\u00e1sa \u00e9s egyszer\u0171s\u00edt\u00e9se\u201d \u2013 mondta Brian Bosscher, a Condo Control munkat\u00e1rsa. \u201eA BAS-IP-vel val\u00f3 partners\u00e9g lehet\u0151v\u00e9 teszi a vezet\u0151k sz\u00e1m\u00e1ra, hogy egyszer friss\u00edts\u00e9k az adatokat, \u00e9s biztos\u00edtja a lak\u00f3k sz\u00e1m\u00e1ra a s\u00farl\u00f3d\u00e1smentes, mobil hozz\u00e1f\u00e9r\u00e9st, amit elv\u00e1rnak.\u201d<\/p>\n<p><strong><u>F\u0151 el\u0151ny\u00f6k:<\/u><\/strong><\/p>\n<ul>\n<li><b>Nulla duplik\u00e1lt bejegyz\u00e9s<\/b> \u2013 a lak\u00f3k adatai automatikusan \u00e1ramlanak.<\/li>\n<li><b>A h\u00edv\u00e1sok els\u0151re a megfelel\u0151 szem\u00e9lyhez jutnak el<\/b> \u2013 kevesebb visszah\u00edv\u00e1s a hallb\u00f3l.<\/li>\n<li><b>Mobil-els\u0151 \u00e9lm\u00e9ny<\/b> \u2013 a lak\u00f3k b\u00e1rmely mobiltelefonr\u00f3l v\u00e1laszolhatnak.<\/li>\n<li><b>Mindig naprak\u00e9sz:<\/b> a telefonsz\u00e1mok \u00e9s a be\/kik\u00f6lt\u00f6z\u00e9sek azonnal szinkroniz\u00e1l\u00f3dnak.<\/li>\n<\/ul>\n<p><strong><u>A h\u00edv\u00e1si folyamatot a maxim\u00e1lis rugalmass\u00e1g \u00e9rdek\u00e9ben jav\u00edtott\u00e1k:<\/u><\/strong><\/p>\n<ul>\n<li><b>K\u00f6zvetlen h\u00edv\u00e1s a lak\u00f3nak:<\/b> A l\u00e1togat\u00f3k h\u00edvhatnak egy adott lak\u00f3t a szem\u00e9lyes telefonsz\u00e1m\u00e1n vagy a BAS-IP Link mobilalkalmaz\u00e1sban, ha kiv\u00e1lasztj\u00e1k a nev\u00e9t az intelligens c\u00edmt\u00e1rb\u00f3l vagy t\u00e1rcs\u00e1znak egy adott k\u00f3dot.<\/li>\n<li><b>Lak\u00e1s h\u00edv\u00e1sa:<\/b> A hagyom\u00e1nyos lehet\u0151s\u00e9g, hogy az \u00f6sszes lak\u00f3t egyszerre h\u00edvj\u00e1k, tov\u00e1bbra is el\u00e9rhet\u0151.<\/li>\n<li><b>Hibrid modell:<\/b> Mindk\u00e9t opci\u00f3 egyidej\u0171leg t\u00e1mogathat\u00f3 egyetlen h\u00edv\u00f3eszk\u00f6z\u00f6n.<\/li>\n<\/ul>\n<p><strong><u>Hogyan m\u0171k\u00f6dik az integr\u00e1ci\u00f3:<\/u><\/strong><\/p>\n<ul>\n<li><b>Regisztr\u00e1ci\u00f3:<\/b> Az adminisztr\u00e1tor regisztr\u00e1l egy lak\u00f3t a Condo Control rendszerben, \u00e9s hozz\u00e1adja a kapcsolattart\u00e1si adatait.<\/li>\n<li><b>Szinkroniz\u00e1l\u00e1s:<\/b> A BAS-IP Link szerver automatikusan elk\u00fcldi a lak\u00f3 adatait a h\u00edv\u00f3panel intelligens c\u00edmt\u00e1r\u00e1ba.<\/li>\n<li><b>H\u00edv\u00e1s:<\/b> Egy fut\u00e1r vagy vend\u00e9g kiv\u00e1lasztja a lak\u00f3t n\u00e9v szerint vagy t\u00e1rcs\u00e1zza a k\u00f3dj\u00e1t.<\/li>\n<li><b>V\u00e1lasz:<\/b> A lak\u00f3 a panelr\u0151l v\u00e1laszol a h\u00edv\u00e1sra a szem\u00e9lyes mobilsz\u00e1m\u00e1n (egy csatlakoztatott Twilio SIP trunkon kereszt\u00fcl) vagy a BAS-IP Link alkalmaz\u00e1sban.<\/li>\n<li><b>Hozz\u00e1f\u00e9r\u00e9s:<\/b> A lak\u00f3 t\u00e1volr\u00f3l is kinyithatja az ajt\u00f3t.<\/li>\n<\/ul>\n<p>Az integr\u00e1ci\u00f3 automatikus adatfriss\u00edt\u00e9seket is biztos\u00edt. A lak\u00f3 telefonsz\u00e1m\u00e1ban, egy felhaszn\u00e1l\u00f3 t\u00f6rl\u00e9s\u00e9ben vagy a Condo Control rendszerben l\u00e9v\u0151 mobilalkalmaz\u00e1s-munkamenetben bek\u00f6vetkez\u0151 b\u00e1rmilyen v\u00e1ltoz\u00e1s azonnal megjelenik a BAS-IP Link tov\u00e1bb\u00edt\u00e1si s\u00e9m\u00e1j\u00e1ban, garant\u00e1lva, hogy a kapcsolattart\u00e1si adatok mindig naprak\u00e9szek.<\/p>\n<p>Ez az integr\u00e1ci\u00f3 jelent\u0151s l\u00e9p\u00e9st jelent az intelligensebb, k\u00e9nyelmesebb lak\u00f3terek kialak\u00edt\u00e1s\u00e1ban. A BAS-IP \u00e9lvonalbeli IP-kaputelefon-technol\u00f3gi\u00e1j\u00e1nak \u00e9s a Condo Control hat\u00e9kony ingatlankezel\u00e9si k\u00e9pess\u00e9geinek kombin\u00e1l\u00e1s\u00e1val a v\u00e1llalatok olyan megold\u00e1st ny\u00fajtanak, amely megfelel a lak\u00f3k modern ig\u00e9nyeinek \u00e9s egyszer\u0171s\u00edti az adminisztr\u00e1torok munkafolyamat\u00e1t.<\/p>\n\n<!-- START Block Sign Up --><section id=\"block_629678229e935\" class=\"sign-up-section\">\r\n\r\n    <div class=\"form-holder js-form\" data-aos=\"fade-right\">\r\n                    <div class=\"title-block h3\">Sign up for connection<\/div>\r\n        \r\n                    <div class=\"text-block\">\r\n                Filling out all the information needed to answer you as quickly as possible            <\/div>\r\n        \r\n                    \n<div class=\"wpcf7 no-js\" id=\"wpcf7-f102-o1\" lang=\"en-US\" dir=\"ltr\">\n<div class=\"screen-reader-response\"><p role=\"status\" aria-live=\"polite\" aria-atomic=\"true\"><\/p> <ul><\/ul><\/div>\n<form action=\"\/hu\/wp-json\/wp\/v2\/pages\/140866#wpcf7-f102-o1\" method=\"post\" class=\"wpcf7-form init\" aria-label=\"Contact form\" enctype=\"multipart\/form-data\" novalidate=\"novalidate\" data-status=\"init\">\n<div style=\"display: none;\">\n<input type=\"hidden\" name=\"_wpcf7\" value=\"102\" \/>\n<input type=\"hidden\" name=\"_wpcf7_version\" value=\"5.8.3\" \/>\n<input type=\"hidden\" name=\"_wpcf7_locale\" value=\"en_US\" \/>\n<input type=\"hidden\" name=\"_wpcf7_unit_tag\" value=\"wpcf7-f102-o1\" \/>\n<input type=\"hidden\" name=\"_wpcf7_container_post\" value=\"0\" \/>\n<input type=\"hidden\" name=\"_wpcf7_posted_data_hash\" value=\"\" \/>\n<input type=\"hidden\" name=\"_wpcf7_recaptcha_response\" value=\"\" \/>\n<\/div>\n<div class=\"row\"> \n <label><span class=\"label-text\">Name<\/span> \n  <span class=\"wpcf7-form-control-wrap\" data-name=\"text-full-name\"><input size=\"40\" class=\"wpcf7-form-control wpcf7-text wpcf7-validates-as-required\" aria-required=\"true\" aria-invalid=\"false\" placeholder=\"Name\" value=\"\" type=\"text\" name=\"text-full-name\" \/><\/span><\/label> \n<\/div> \n<div class=\"row\"> \n <label><span class=\"label-text\">Phone*<\/span> \n<span class=\"wpcf7-form-control-wrap\" data-name=\"phonetext-270\"><input size=\"40\" class=\"wpcf7-form-control wpcf7-phonetext wpcf7-validates-as-required wpcf7-text wpcf7-validates-as-phonetext\" aria-required=\"true\" aria-invalid=\"false\" placeholder=\"Phone*\" value=\"\" type=\"text\" name=\"phonetext-270\" \/><input type=\"hidden\" name=\"phonetext-270-country-code\" class=\"wpcf7-phonetext-country-code\" \/><\/span><\/label> \n<\/div> \n<div class=\"row\"> \n <label><span class=\"label-text\">E-mail<\/span> \n  <span class=\"wpcf7-form-control-wrap\" data-name=\"email-e-mail\"><input size=\"40\" class=\"wpcf7-form-control wpcf7-email wpcf7-validates-as-required wpcf7-text wpcf7-validates-as-email\" aria-required=\"true\" aria-invalid=\"false\" placeholder=\"E-mail\" value=\"\" type=\"email\" name=\"email-e-mail\" \/><\/span><\/label> \n<\/div> \n<div class=\"row\"><span>Your country<\/span> \n <label><span class=\"wpcf7-form-control-wrap\" data-name=\"countrytext-126\"><input size=\"40\" class=\"wpcf7-form-control wpcf7-countrytext wpcf7-text wpcf7-validates-as-countrytext\" aria-invalid=\"false\" value=\"\" type=\"text\" name=\"countrytext-126\" \/><\/span> <\/label>\n<\/div> \n<div class=\"row\"> \n <button type=\"submit\" class=\"btn\">Send<\/button> \n<\/div> \n<div class=\"row\"> \n <span class=\"wpcf7-form-control-wrap\" data-name=\"checkbox-931\"><span class=\"wpcf7-form-control wpcf7-checkbox\"><span class=\"wpcf7-list-item first\"><label><input type=\"checkbox\" name=\"checkbox-931[]\" value=\"Integrator\" \/><span class=\"wpcf7-list-item-label\">Integrator<\/span><\/label><\/span><span class=\"wpcf7-list-item\"><label><input type=\"checkbox\" name=\"checkbox-931[]\" value=\"Builder\" \/><span class=\"wpcf7-list-item-label\">Builder<\/span><\/label><\/span><span class=\"wpcf7-list-item last\"><label><input type=\"checkbox\" name=\"checkbox-931[]\" value=\"End-User\" \/><span class=\"wpcf7-list-item-label\">End-User<\/span><\/label><\/span><\/span><\/span> \n<\/div> \n<div class=\"row row-upload-file\"> \n <label class=\"upload-file-block js-upload-file\">Attach file \n  <span class=\"wpcf7-form-control-wrap\" data-name=\"file-466\"><input size=\"40\" class=\"wpcf7-form-control wpcf7-file\" accept=\"audio\/*,video\/*,image\/*\" aria-invalid=\"false\" type=\"file\" name=\"file-466\" \/><\/span><\/label> \n<\/div><input type='hidden' class='wpcf7-pum' value='{\"closepopup\":false,\"closedelay\":0,\"openpopup\":false,\"openpopup_id\":0}' \/><div class=\"wpcf7-response-output\" aria-hidden=\"true\"><\/div>\n<\/form>\n<\/div>\n            <\/div>\r\n\r\n\t\t    <div class=\"text-holder\" data-aos=\"fade-left\">\r\n\t\t\t\t\t\t    <h3 class=\"title-block\">How Can We Help?<\/h3>\r\n\t\t\t\r\n\t\t\t                <div class=\"text-block\">\r\n                    Please select a topic below related to your inquiry. If you don&#8217;t find what you need, fill out our contact form.                <\/div>\r\n\t\t\t\r\n\t\t\t\t\t\t    <ul class=\"link-list\">\r\n\t\t\t\t\t\t\t\t\t\t\t\t\t\t\t\t\t\t<li>\r\n\t\t\t\t\t\t\t\t\t\t\t\t\t\t\t\t    <strong>Get Inspired<\/strong>\r\n\t\t\t\t\t\t\t\t\t\t\t\t\t\t\t\t\t\t\t\t\t\t\t\t    <a href=\"\/features\/\">\r\n\t\t\t\t\t\t\t\t        Discover what&#8217;s beneath our intercom\t\t\t\t\t\t\t\t    <\/a>\r\n\t\t\t\t\t\t\t\t\t\t\t\t\t\t\t<\/li>\r\n\t\t\t\t\t\t\t\t\t\t\t\t\t\t\t\t\t\t\t\t\t\t\t\t<li>\r\n\t\t\t\t\t\t\t\t\t\t\t\t\t\t\t\t    <strong>Become a Partner<\/strong>\r\n\t\t\t\t\t\t\t\t\t\t\t\t\t\t\t\t\t\t\t\t\t\t\t\t    <a href=\"\/distributors\/\">\r\n\t\t\t\t\t\t\t\t        Expand your business with BAS-IP intercom\t\t\t\t\t\t\t\t    <\/a>\r\n\t\t\t\t\t\t\t\t\t\t\t\t\t\t\t<\/li>\r\n\t\t\t\t\t\t\t\t\t\t\t\t\t\t\t\t\t\t\t\t\t\t\t\t<li>\r\n\t\t\t\t\t\t\t\t\t\t\t\t\t\t\t\t    <strong>Check the Guides<\/strong>\r\n\t\t\t\t\t\t\t\t\t\t\t\t\t\t\t\t\t\t\t\t\t\t\t\t    <a href=\"\/support\/\">\r\n\t\t\t\t\t\t\t\t        Download detailed manuals and schemes\t\t\t\t\t\t\t\t    <\/a>\r\n\t\t\t\t\t\t\t\t\t\t\t\t\t\t\t<\/li>\r\n\t\t\t\t\t\t\t\t\t\t\t\t\t\t\t<\/ul>\r\n\t\t\t\r\n\t\t\t\t\t\t    <h3 class=\"title-block\">Our contacts<\/h3>\r\n\t\t\t\r\n\t\t\t\t\t\t\t<ul class=\"contact-list\">\r\n\t\t\t\t\t\t\t\t\t\t\t\t\t\t\t\t\t\t<li>\r\n\t\t\t\t\t\t\t\t\t\t\t\t\t\t\t\t\t<strong>Sales:<\/strong>\r\n\t\t\t\t\t\t\t\t\t\t\t\t\t\t\t\t\t\t\t\t\t\t\t\t    <a href=\"mailto:s&#97;l&#101;s&#64;b&#97;s&#45;i&#112;&#46;&#99;om\">sa&#108;e&#115;&#64;&#98;a&#115;-i&#112;&#46;&#99;om<\/a>\r\n\t\t\t\t\t\t\t\t\t\t\t\t\t\t\t<\/li>\r\n\t\t\t\t\t\t\t\t\t\t\t\t\t\t\t\t\t\t\t\t\t\t\t\t<li>\r\n\t\t\t\t\t\t\t\t\t\t\t\t\t\t\t\t\t<strong>Technical support:<\/strong>\r\n\t\t\t\t\t\t\t\t\t\t\t\t\t\t\t\t\t\t\t\t\t\t\t\t    <a href=\"mailto:su&#112;p&#111;r&#116;&#64;&#98;as-&#105;p&#46;c&#111;&#109;\">&#115;&#117;&#112;&#112;ort&#64;bas&#45;&#105;p.com<\/a>\r\n\t\t\t\t\t\t\t\t\t\t\t\t\t\t\t<\/li>\r\n\t\t\t\t\t\t\t\t\t\t\t\t\t\t\t<\/ul>\r\n\t\t\t\t\t<\/div>\r\n\t<\/section>\r\n\r\n\r\n\r\n<!-- END Block Sign Up -->","protected":false},"excerpt":{"rendered":"<p>A BAS-IP \u00e9s a Condo Control bejelenti az integr\u00e1ci\u00f3t a lak\u00f3\u00e9p\u00fcletek lak\u00f3\u00e9lm\u00e9ny\u00e9nek jav\u00edt\u00e1s\u00e1ra A BAS-IP, az IP-kaputelefon-rendszerek vezet\u0151 fejleszt\u0151je, \u00e9s a Condo Control, a t\u00f6bb mint 2 milli\u00f3 lakos sz\u00e1m\u00e1ra a m\u0171k\u00f6d\u00e9st digitaliz\u00e1l\u00f3 all-in-one platform, ma strat\u00e9giai integr\u00e1ci\u00f3t jelentettek be. Ez az egy\u00fcttm\u0171k\u00f6d\u00e9s egys\u00e9ges adatforr\u00e1st hoz l\u00e9tre a lak\u00f3k adatair\u00f3l, megsz\u00fcntetve a duplik\u00e1lt bevitelt, \u00e9s [&hellip;]<\/p>","protected":false},"author":1,"featured_media":0,"parent":0,"menu_order":0,"comment_status":"closed","ping_status":"closed","template":"page-custom-breadcrumbs.php","meta":{"inline_featured_image":false,"footnotes":""},"class_list":["post-140866","page","type-page","status-publish","hentry"],"acf":[],"_links":{"self":[{"href":"https:\/\/bas-ip.com\/hu\/wp-json\/wp\/v2\/pages\/140866","targetHints":{"allow":["GET"]}}],"collection":[{"href":"https:\/\/bas-ip.com\/hu\/wp-json\/wp\/v2\/pages"}],"about":[{"href":"https:\/\/bas-ip.com\/hu\/wp-json\/wp\/v2\/types\/page"}],"author":[{"embeddable":true,"href":"https:\/\/bas-ip.com\/hu\/wp-json\/wp\/v2\/users\/1"}],"replies":[{"embeddable":true,"href":"https:\/\/bas-ip.com\/hu\/wp-json\/wp\/v2\/comments?post=140866"}],"version-history":[{"count":2,"href":"https:\/\/bas-ip.com\/hu\/wp-json\/wp\/v2\/pages\/140866\/revisions"}],"predecessor-version":[{"id":140944,"href":"https:\/\/bas-ip.com\/hu\/wp-json\/wp\/v2\/pages\/140866\/revisions\/140944"}],"wp:attachment":[{"href":"https:\/\/bas-ip.com\/hu\/wp-json\/wp\/v2\/media?parent=140866"}],"curies":[{"name":"wp","href":"https:\/\/api.w.org\/{rel}","templated":true}]}}