{"id":133948,"date":"2023-03-27T09:32:04","date_gmt":"2023-03-27T09:32:04","guid":{"rendered":"https:\/\/bas-ip.com\/medical\/"},"modified":"2025-03-20T12:13:19","modified_gmt":"2025-03-20T12:13:19","slug":"medical","status":"publish","type":"page","link":"https:\/\/bas-ip.com\/hu\/medical\/","title":{"rendered":"K\u00f3rh\u00e1zak\/Orvosi l\u00e9tes\u00edtm\u00e9nyek sz\u00e1m\u00e1ra"},"content":{"rendered":"<h1 class=\"wp-block-heading\"><strong>K\u00f3rh\u00e1zi kaputelefon rendszer a BAS-IP \u00e1ltal \u2013 Elevate Patient Care<\/strong><\/h1>\n\n\n\n<p>A gy\u00f3gy\u00e1szati ipar folyamatosan fejl\u0151dik, hogy a lehet\u0151 legjobb ell\u00e1t\u00e1st ny\u00fajtsa a betegeknek. Mivel a kommunik\u00e1ci\u00f3 kulcsfontoss\u00e1g\u00fa szerepet j\u00e1tszik a hat\u00e9kony \u00e9s biztons\u00e1gos orvosi szolg\u00e1ltat\u00e1sok ny\u00fajt\u00e1s\u00e1ban, elengedhetetlen a legmodernebb k\u00f3rh\u00e1zi kaputelefon-rendszerre val\u00f3 \u00e1t\u00e1ll\u00e1s. A BAS-IP innovat\u00edv, kifejezetten tiszta terekhez \u00e9s eg\u00e9szs\u00e9g\u00fcgyi l\u00e9tes\u00edtm\u00e9nyekhez tervezett orvosi kaputelefon rendszerei p\u00e1ratlan k\u00e9nyelmet \u00e9s megb\u00edzhat\u00f3s\u00e1got biztos\u00edtanak az eg\u00e9szs\u00e9g\u00fcgyi szakemberek \u00e9s betegeik sz\u00e1m\u00e1ra. Ebben a cikkben megvizsg\u00e1ljuk a BAS-IP k\u00f3rh\u00e1zi kaputelefon jellemz\u0151it \u00e9s el\u0151nyeit, \u00e9s azt, hogy mik\u00e9nt forradalmas\u00edthatja az eg\u00e9szs\u00e9g\u00fcgyi int\u00e9zm\u00e9nyek m\u0171k\u00f6d\u00e9s\u00e9t.<\/p>\n\n\n\n<h2 class=\"wp-block-heading\"><strong>A BAS-IP k\u00f3rh\u00e1zi kaputelefonj\u00e1nak ereje<\/strong><\/h2>\n\n\n<!-- START Block Features --><section id=\"block_64304f018b5e4\" class=\"features-section\">\r\n\t\r\n    <div class=\"features-list\">\r\n                    <div class=\"features-item\" data-aos=\"fade-up\">\r\n    <div class=\"features-box\">\r\n                    <div class=\"image-holder\">\r\n                <img loading=\"lazy\" decoding=\"async\" width=\"350\" height=\"320\" src=\"https:\/\/bas-ip.com\/wp-content\/uploads\/2023\/04\/1-2-350x320.jpg\" class=\"attachment-thumbnail_350x320 size-thumbnail_350x320\" alt=\"\" \/>            <\/div>\r\n        \r\n        <div class=\"text-holder\">\r\n                        <h3 class=\"title-block\">Z\u00f6kken\u0151mentes integr\u00e1ci\u00f3 helyi IP h\u00e1l\u00f3zatokkal<\/h3>\r\n          \r\n                        <div class=\"text-block\">\r\n                <p>A BAS-IP orvosi kaputelefon rendszereinek egyik jelent\u0151s el\u0151nye, hogy k\u00e9pesek z\u00f6kken\u0151mentesen m\u0171k\u00f6dni ugyanazon az IP helyi h\u00e1l\u00f3zaton bel\u00fcl. Ez a kompatibilit\u00e1s biztos\u00edtja a k\u00fcl\u00f6nb\u00f6z\u0151 kaputelefon eszk\u00f6z\u00f6k k\u00f6z\u00f6tti zavartalan kommunik\u00e1ci\u00f3t, cs\u00f6kkentve a k\u00e9sleltet\u00e9st \u00e9s jav\u00edtva az \u00e1ltal\u00e1nos hat\u00e9konys\u00e1got.<\/p>\n              <\/div>\r\n                  <\/div>\r\n    <\/div>\r\n<\/div>\r\n                    <div class=\"features-item\" data-aos=\"fade-up\">\r\n    <div class=\"features-box\">\r\n                    <div class=\"image-holder\">\r\n                <img loading=\"lazy\" decoding=\"async\" width=\"350\" height=\"320\" src=\"https:\/\/bas-ip.com\/wp-content\/uploads\/2023\/04\/2-2-350x320.jpg\" class=\"attachment-thumbnail_350x320 size-thumbnail_350x320\" alt=\"\" \/>            <\/div>\r\n        \r\n        <div class=\"text-holder\">\r\n                        <h3 class=\"title-block\">Speci\u00e1lis funkci\u00f3k a tov\u00e1bbfejlesztett kommunik\u00e1ci\u00f3\u00e9rt<\/h3>\r\n          \r\n                        <div class=\"text-block\">\r\n                <p>A BAS-IP egyedi funkci\u00f3k sz\u00e9les sk\u00e1l\u00e1j\u00e1t k\u00edn\u00e1lja k\u00f3rh\u00e1zi kaputelefon rendszer\u00e9hez, megk\u00fcl\u00f6nb\u00f6ztetve azt a versenyt\u00e1rsakt\u00f3l. Ezek a funkci\u00f3k k\u00f6z\u00e9 tartoznak a HD videoh\u00edv\u00e1sok, a bel\u00e9ptet\u00e9s-szab\u00e1lyoz\u00e1s \u00e9s a k\u00fcl\u00f6nf\u00e9le IP-eszk\u00f6z\u00f6kkel val\u00f3 kompatibilit\u00e1s, amelyek biztos\u00edtj\u00e1k a z\u00f6kken\u0151mentes kommunik\u00e1ci\u00f3t \u00e9s a fokozott biztons\u00e1got az eg\u00e9szs\u00e9g\u00fcgyi l\u00e9tes\u00edtm\u00e9nyek sz\u00e1m\u00e1ra.<\/p>\n              <\/div>\r\n                  <\/div>\r\n    <\/div>\r\n<\/div>\r\n                    <div class=\"features-item\" data-aos=\"fade-up\">\r\n    <div class=\"features-box\">\r\n                    <div class=\"image-holder\">\r\n                <img loading=\"lazy\" decoding=\"async\" width=\"350\" height=\"320\" src=\"https:\/\/bas-ip.com\/wp-content\/uploads\/2023\/04\/3-2-350x320.jpg\" class=\"attachment-thumbnail_350x320 size-thumbnail_350x320\" alt=\"\" \/>            <\/div>\r\n        \r\n        <div class=\"text-holder\">\r\n                        <h3 class=\"title-block\">Tisztat\u00e9ri kaputelefon k\u00e9pess\u00e9gei<\/h3>\r\n          \r\n                        <div class=\"text-block\">\r\n                <p>A tiszta terek szigor\u00fa higi\u00e9niai el\u0151\u00edr\u00e1sokat k\u00f6vetelnek meg, \u00e9s a BAS-IP k\u00f3rh\u00e1zi kaputelefon rendszere \u00fagy lett kialak\u00edtva, hogy megfeleljen ezeknek a k\u00f6vetelm\u00e9nyeknek. A tiszta t\u00e9ri kaputelefon biztos\u00edtja, hogy az eg\u00e9szs\u00e9g\u00fcgyi szakemberek k\u00f6z\u00f6tti kommunik\u00e1ci\u00f3 zavartalan maradjon an\u00e9lk\u00fcl, hogy vesz\u00e9lyeztetn\u00e9 ezeknek a speci\u00e1lis k\u00f6rnyezeteknek a sterilit\u00e1s\u00e1t \u00e9s biztons\u00e1g\u00e1t.<\/p>\n              <\/div>\r\n                  <\/div>\r\n    <\/div>\r\n<\/div>\r\n            <\/div>\r\n<\/section>\r\n<!-- END Block Features -->\n\n\n<h2 class=\"wp-block-heading\"><strong>A BAS-IP kiv\u00e1l\u00f3 min\u0151s\u00e9g\u0171 hardver alkatr\u00e9szei<\/strong><\/h2>\n\n\n<!-- START Block Features --><section id=\"block_64304f888b5e8\" class=\"features-section\">\r\n\t\r\n    <div class=\"features-list\">\r\n                    <div class=\"features-item\" data-aos=\"fade-up\">\r\n    <div class=\"features-box\">\r\n                    <div class=\"image-holder\">\r\n                <img loading=\"lazy\" decoding=\"async\" width=\"350\" height=\"320\" src=\"https:\/\/bas-ip.com\/wp-content\/uploads\/2023\/04\/4-2-350x320.jpg\" class=\"attachment-thumbnail_350x320 size-thumbnail_350x320\" alt=\"\" \/>            <\/div>\r\n        \r\n        <div class=\"text-holder\">\r\n                        <h3 class=\"title-block\">AV-04AFD \u2013 A t\u00f6k\u00e9letes kaputelefon eszk\u00f6z<\/h3>\r\n          \r\n                        <div class=\"text-block\">\r\n                <p>Az AV-04AFD egy sokoldal\u00fa kaputelefon eszk\u00f6z, amelyet arra terveztek, hogy cs\u00facsteljes\u00edtm\u00e9nyt ny\u00fajtson eg\u00e9szs\u00e9g\u00fcgyi l\u00e9tes\u00edtm\u00e9nyek sz\u00e1m\u00e1ra. HD hangh\u00edv\u00e1s k\u00e9pess\u00e9geivel, bel\u00e9ptet\u00e9s-szab\u00e1lyoz\u00e1si integr\u00e1ci\u00f3j\u00e1val \u00e9s a k\u00fcl\u00f6nf\u00e9le IP-eszk\u00f6z\u00f6kkel val\u00f3 kompatibilit\u00e1s\u00e1val p\u00e1ratlan kommunik\u00e1ci\u00f3s \u00e9s biztons\u00e1gi funkci\u00f3kat k\u00edn\u00e1l eleg\u00e1ns \u00e9s modern kialak\u00edt\u00e1sban.<\/p>\n              <\/div>\r\n                  <\/div>\r\n    <\/div>\r\n<\/div>\r\n                    <div class=\"features-item\" data-aos=\"fade-up\">\r\n    <div class=\"features-box\">\r\n                    <div class=\"image-holder\">\r\n                <img loading=\"lazy\" decoding=\"async\" width=\"350\" height=\"320\" src=\"https:\/\/bas-ip.com\/wp-content\/uploads\/2023\/04\/5-3-350x320.jpg\" class=\"attachment-thumbnail_350x320 size-thumbnail_350x320\" alt=\"\" \/>            <\/div>\r\n        \r\n        <div class=\"text-holder\">\r\n                        <h3 class=\"title-block\">AM-02 \u2013 Hat\u00e9kony port\u00e1s termin\u00e1l<\/h3>\r\n          \r\n                        <div class=\"text-block\">\r\n                <p>Az AM-02 port\u00e1s termin\u00e1l tiszta \u00e9s megb\u00edzhat\u00f3 kommunik\u00e1ci\u00f3t biztos\u00edt az eg\u00e9szs\u00e9g\u00fcgyi szakemberek k\u00f6z\u00f6tt. Ez a k\u00f6nnyen telep\u00edthet\u0151 eszk\u00f6z z\u00f6kken\u0151mentesen integr\u00e1lhat\u00f3 a k\u00f3rh\u00e1zi kaputelefon rendszerbe, hat\u00e9kony \u00e9s k\u00f6lts\u00e9ghat\u00e9kony megold\u00e1st ny\u00fajtva az eg\u00e9szs\u00e9g\u00fcgyi l\u00e9tes\u00edtm\u00e9nyek sz\u00e1m\u00e1ra.<\/p>\n              <\/div>\r\n                  <\/div>\r\n    <\/div>\r\n<\/div>\r\n                    <div class=\"features-item\" data-aos=\"fade-up\">\r\n    <div class=\"features-box\">\r\n                    <div class=\"image-holder\">\r\n                <img loading=\"lazy\" decoding=\"async\" width=\"350\" height=\"320\" src=\"https:\/\/bas-ip.com\/wp-content\/uploads\/2023\/04\/6-2-350x320.jpg\" class=\"attachment-thumbnail_350x320 size-thumbnail_350x320\" alt=\"\" \/>            <\/div>\r\n        \r\n        <div class=\"text-holder\">\r\n                        <h3 class=\"title-block\">SH-31TM &#8211; Bemeneti panel h\u0151m\u00e9rs\u00e9klet modul<\/h3>\r\n          \r\n                        <div class=\"text-block\">\r\n                <p>Az ajt\u00f3 kaputelefon h\u0151m\u00e9rs\u00e9kletmodul \u00e9rint\u00e9s n\u00e9lk\u00fcli csukl\u00f3h\u0151m\u00e9rs\u00e9klet-m\u00e9r\u00e9ssel a k\u00f3rh\u00e1zi kaputelefon rendszer elengedhetetlen r\u00e9sze. Ez az innovat\u00edv eszk\u00f6z \u00f6tv\u00f6zi a bel\u00e9ptet\u00e9s-szab\u00e1lyoz\u00e1st \u00e9s az eg\u00e9szs\u00e9g\u00fcgyi sz\u0171r\u00e9si funkci\u00f3kat, hogy biztons\u00e1gos k\u00f6rnyezetet biztos\u00edtson mind a betegek, mind az eg\u00e9szs\u00e9g\u00fcgyi l\u00e9tes\u00edtm\u00e9nyek szem\u00e9lyzete sz\u00e1m\u00e1ra.<\/p>\n              <\/div>\r\n                  <\/div>\r\n    <\/div>\r\n<\/div>\r\n            <\/div>\r\n<\/section>\r\n<!-- END Block Features -->\n\n<!-- START Block FAQ --><section id=\"block_642163c6f4e28\" class=\"faq-section\">\r\n\t\t    <h2 class=\"title-section\" data-aos=\"fade-right\">Gyakran Ism\u00e9telt K\u00e9rd\u00e9sek (GYIK)<\/h2>\r\n\t\t\t    <div class=\"faq-list js-accordion\" data-aos=\"fade-up\">\r\n\t\t\t\t\t\t\t\t\t\t\t    <div class=\"accordion-item faq-item\">\r\n                        <div class=\"accordion-opener\">\r\n                            Q: Hogyan jav\u00edtja a BAS-IP k\u00f3rh\u00e1zi kaputelefon rendszere az eg\u00e9szs\u00e9g\u00fcgyi int\u00e9zm\u00e9nyek hat\u00e9konys\u00e1g\u00e1t?                            <i class=\"fa-solid fa-chevron-down\"><\/i>\r\n                        <\/div>\r\n                        <div class=\"accordion-slide\">\r\n\t\t\t\t\t\t    <p>A BAS-IP k\u00f3rh\u00e1zi kaputelefon rendszere lehet\u0151v\u00e9 teszi az eg\u00e9szs\u00e9g\u00fcgyi szakemberek sz\u00e1m\u00e1ra, hogy z\u00f6kken\u0151mentesen \u00e9s biztons\u00e1gosan kommunik\u00e1ljanak, n\u00f6velve az \u00e1ltal\u00e1nos hat\u00e9konys\u00e1got. A fejlett funkci\u00f3k, mint a HD hang- \u00e9s videoh\u00edv\u00e1sok, a bel\u00e9ptet\u00e9s-szab\u00e1lyoz\u00e1s \u00e9s a k\u00fcl\u00f6nf\u00e9le IP-eszk\u00f6z\u00f6kkel val\u00f3 kompatibilit\u00e1s integr\u00e1l\u00e1s\u00e1val a rendszer egyszer\u0171s\u00edti a kommunik\u00e1ci\u00f3t \u00e9s cs\u00f6kkenti a reakci\u00f3id\u0151t kritikus helyzetekben.<\/p>\n                        <\/div>\r\n\t\t\t\t\t<\/div>\r\n\t\t\t\t\t\t\t\t\t\t\t\t\t\t\t    <div class=\"accordion-item faq-item\">\r\n                        <div class=\"accordion-opener\">\r\n                            Q: Testreszabhat\u00f3-e a BAS-IP k\u00f3rh\u00e1zi kaputelefon egy adott eg\u00e9szs\u00e9g\u00fcgyi int\u00e9zm\u00e9ny k\u00f6vetelm\u00e9nyeihez?                            <i class=\"fa-solid fa-chevron-down\"><\/i>\r\n                        <\/div>\r\n                        <div class=\"accordion-slide\">\r\n\t\t\t\t\t\t    <p>Igen, a BAS-IP k\u00f3rh\u00e1zi kaputelefon rendszere testreszabhat\u00f3, hogy megfeleljen egy eg\u00e9szs\u00e9g\u00fcgyi l\u00e9tes\u00edtm\u00e9ny egyedi ig\u00e9nyeinek. A k\u00fcl\u00f6nf\u00e9le IP-eszk\u00f6z\u00f6kkel val\u00f3 kompatibilit\u00e1sa \u00e9s az IP helyi h\u00e1l\u00f3zatokkal val\u00f3 z\u00f6kken\u0151mentes integr\u00e1ci\u00f3ja biztos\u00edtja, hogy a rendszer testreszabhat\u00f3 legyen, hogy a legk\u00f6lts\u00e9ghat\u00e9konyabb \u00e9s leghat\u00e9konyabb kommunik\u00e1ci\u00f3s megold\u00e1st ny\u00fajtsa az \u00d6n l\u00e9tes\u00edtm\u00e9nye sz\u00e1m\u00e1ra.<\/p>\n                        <\/div>\r\n\t\t\t\t\t<\/div>\r\n\t\t\t\t\t\t\t\t\t\t\t\t\t\t\t    <div class=\"accordion-item faq-item\">\r\n                        <div class=\"accordion-opener\">\r\n                            Q: Mi teszi alkalmass\u00e1 a BAS-IP tisztat\u00e9ri kaputelefonj\u00e1t steril k\u00f6rnyezetben?                            <i class=\"fa-solid fa-chevron-down\"><\/i>\r\n                        <\/div>\r\n                        <div class=\"accordion-slide\">\r\n\t\t\t\t\t\t    <p>A BAS-IP tiszta t\u00e9ri kaputelefonja \u00fagy lett kialak\u00edtva, hogy megfeleljen a steril k\u00f6rnyezetekben megk\u00f6vetelt szigor\u00fa higi\u00e9niai el\u0151\u00edr\u00e1soknak. A rendszer zavartalan kommunik\u00e1ci\u00f3t biztos\u00edt a tiszta terek sterilit\u00e1s\u00e1nak \u00e9s biztons\u00e1g\u00e1nak vesz\u00e9lyeztet\u00e9se n\u00e9lk\u00fcl, \u00edgy ide\u00e1lis v\u00e1laszt\u00e1s a szigor\u00fa higi\u00e9niai k\u00f6vetelm\u00e9nyekkel rendelkez\u0151 eg\u00e9szs\u00e9g\u00fcgyi l\u00e9tes\u00edtm\u00e9nyek sz\u00e1m\u00e1ra.<\/p>\n                        <\/div>\r\n\t\t\t\t\t<\/div>\r\n\t\t\t\t\t\t\t\t\t\t\t\t\t\t\t    <div class=\"accordion-item faq-item\">\r\n                        <div class=\"accordion-opener\">\r\n                            Q: Mennyire egyszer\u0171 a BAS-IP k\u00f3rh\u00e1zi kaputelefon rendszer\u00e9nek telep\u00edt\u00e9se \u00e9s karbantart\u00e1sa?                            <i class=\"fa-solid fa-chevron-down\"><\/i>\r\n                        <\/div>\r\n                        <div class=\"accordion-slide\">\r\n\t\t\t\t\t\t    <p>A BAS-IP k\u00f3rh\u00e1zi kaputelefon rendszere k\u00f6nny\u0171 telep\u00edt\u00e9sre \u00e9s karbantart\u00e1sra lett tervezve. A rendszer z\u00f6kken\u0151mentes integr\u00e1ci\u00f3ja az IP helyi h\u00e1l\u00f3zatokkal leegyszer\u0171s\u00edti a telep\u00edt\u00e9si folyamatot, m\u00edg a kiv\u00e1l\u00f3 min\u0151s\u00e9g\u0171 hardverkomponensei, mint az AV-04AFD \u00e9s az AM-02, megb\u00edzhat\u00f3s\u00e1got \u00e9s tart\u00f3ss\u00e1got biztos\u00edtanak a hossz\u00fa t\u00e1v\u00fa haszn\u00e1lathoz.<\/p>\n                        <\/div>\r\n\t\t\t\t\t<\/div>\r\n\t\t\t\t\t\t\t\t\t<\/div>\r\n\t<\/section>\r\n<!-- END Block FAQ -->\n\n\n<p>A BAS-IP k\u00f3rh\u00e1zi kaputelefon rendszere fejlett kommunik\u00e1ci\u00f3s megold\u00e1st k\u00edn\u00e1l az eg\u00e9szs\u00e9g\u00fcgyi l\u00e9tes\u00edtm\u00e9nyek sz\u00e1m\u00e1ra, jav\u00edtva a hat\u00e9konys\u00e1got, a biztons\u00e1got \u00e9s a higi\u00e9ni\u00e1t. Friss\u00edtsen a BAS-IP k\u00f3rh\u00e1zi kaputelefon rendszer\u00e9re m\u00e9g ma, \u00e9s tapasztalja meg a k\u00fcl\u00f6nbs\u00e9get eg\u00e9szs\u00e9g\u00fcgyi int\u00e9zm\u00e9nye kommunik\u00e1ci\u00f3j\u00e1ban \u00e9s m\u0171k\u00f6d\u00e9s\u00e9ben.<\/p>","protected":false},"excerpt":{"rendered":"<p>K\u00f3rh\u00e1zi kaputelefon rendszer a BAS-IP \u00e1ltal \u2013 Elevate Patient Care A gy\u00f3gy\u00e1szati ipar folyamatosan fejl\u0151dik, hogy a lehet\u0151 legjobb ell\u00e1t\u00e1st ny\u00fajtsa a betegeknek. Mivel a kommunik\u00e1ci\u00f3 kulcsfontoss\u00e1g\u00fa szerepet j\u00e1tszik a hat\u00e9kony \u00e9s biztons\u00e1gos orvosi szolg\u00e1ltat\u00e1sok ny\u00fajt\u00e1s\u00e1ban, elengedhetetlen a legmodernebb k\u00f3rh\u00e1zi kaputelefon-rendszerre val\u00f3 \u00e1t\u00e1ll\u00e1s. A BAS-IP innovat\u00edv, kifejezetten tiszta terekhez \u00e9s eg\u00e9szs\u00e9g\u00fcgyi l\u00e9tes\u00edtm\u00e9nyekhez tervezett orvosi kaputelefon [&hellip;]<\/p>","protected":false},"author":1,"featured_media":0,"parent":0,"menu_order":0,"comment_status":"closed","ping_status":"closed","template":"","meta":{"inline_featured_image":false,"footnotes":""},"class_list":["post-133948","page","type-page","status-publish","hentry"],"acf":[],"_links":{"self":[{"href":"https:\/\/bas-ip.com\/hu\/wp-json\/wp\/v2\/pages\/133948","targetHints":{"allow":["GET"]}}],"collection":[{"href":"https:\/\/bas-ip.com\/hu\/wp-json\/wp\/v2\/pages"}],"about":[{"href":"https:\/\/bas-ip.com\/hu\/wp-json\/wp\/v2\/types\/page"}],"author":[{"embeddable":true,"href":"https:\/\/bas-ip.com\/hu\/wp-json\/wp\/v2\/users\/1"}],"replies":[{"embeddable":true,"href":"https:\/\/bas-ip.com\/hu\/wp-json\/wp\/v2\/comments?post=133948"}],"version-history":[{"count":3,"href":"https:\/\/bas-ip.com\/hu\/wp-json\/wp\/v2\/pages\/133948\/revisions"}],"predecessor-version":[{"id":134019,"href":"https:\/\/bas-ip.com\/hu\/wp-json\/wp\/v2\/pages\/133948\/revisions\/134019"}],"wp:attachment":[{"href":"https:\/\/bas-ip.com\/hu\/wp-json\/wp\/v2\/media?parent=133948"}],"curies":[{"name":"wp","href":"https:\/\/api.w.org\/{rel}","templated":true}]}}