{"id":133765,"date":"2023-03-27T16:07:41","date_gmt":"2023-03-27T16:07:41","guid":{"rendered":"https:\/\/bas-ip.com\/gates\/"},"modified":"2025-03-18T10:48:23","modified_gmt":"2025-03-18T10:48:23","slug":"gates","status":"publish","type":"page","link":"https:\/\/bas-ip.com\/hu\/gates\/","title":{"rendered":"Kapuk"},"content":{"rendered":"<h1 class=\"wp-block-heading\"><strong>Kaputelefonos rendszer: Fejlessze a biztons\u00e1g\u00e1t<\/strong><\/h1>\n\n\n\n<p>\u00dcdv\u00f6z\u00f6lj\u00fck az ingatlanhozz\u00e1f\u00e9r\u00e9s-kezel\u00e9s j\u00f6v\u0151j\u00e9ben, ahol a k\u00e9nyelem, a biztons\u00e1g \u00e9s a legmodernebb technol\u00f3gia tal\u00e1lkozik. A BAS-IP kaputelefonos rendszer\u00e9vel p\u00e1ratlan ellen\u0151rz\u00e9st gyakorolhat ingatlan\u00e1nak hozz\u00e1f\u00e9r\u00e9si pontjai felett. Legyen sz\u00f3 lak\u00f3h\u00e1zr\u00f3l, lak\u00f3parkb\u00f3l vagy kereskedelmi l\u00e9tes\u00edtm\u00e9nyr\u0151l, kaputelefonos rendszereink olyan egyedi funkci\u00f3kat k\u00edn\u00e1lnak, amelyek minden ig\u00e9ny\u00e9t kiel\u00e9g\u00edtik. Bemutatjuk a BAS-IP kaputelefon kulcsfontoss\u00e1g\u00fa jellemz\u0151it \u00e9s el\u0151nyeit, hogy minden inform\u00e1ci\u00f3t megkapjon a megalapozott d\u00f6nt\u00e9shez.<\/p>\n\n\n\n<h2 class=\"wp-block-heading\"><strong>Mi\u00e9rt v\u00e1lassza a BAS-IP kaputelefon kapurendszert?<\/strong><\/h2>\n\n\n\n<p>A BAS-IP kaputelefonos rendszerek sz\u00e1mos olyan funkci\u00f3val rendelkeznek, amelyek megk\u00fcl\u00f6nb\u00f6ztetik \u0151ket a hagyom\u00e1nyos kaputelefonokt\u00f3l. \u00cdme n\u00e9h\u00e1ny f\u0151 el\u0151ny, amelyet a BAS-IP kapu el\u0151tti kaputelefon rendszer v\u00e1laszt\u00e1sa k\u00edn\u00e1l:<\/p>\n\n\n<!-- START Block Features --><section id=\"block_6430528dc3f3e\" class=\"features-section\">\r\n\t\r\n    <div class=\"features-list\">\r\n                    <div class=\"features-item\" data-aos=\"fade-up\">\r\n    <div class=\"features-box\">\r\n                    <div class=\"image-holder\">\r\n                <img loading=\"lazy\" decoding=\"async\" width=\"350\" height=\"320\" src=\"https:\/\/bas-ip.com\/wp-content\/uploads\/2023\/04\/1-3-350x320.jpg\" class=\"attachment-thumbnail_350x320 size-thumbnail_350x320\" alt=\"\" \/>            <\/div>\r\n        \r\n        <div class=\"text-holder\">\r\n                        <h3 class=\"title-block\">Z\u00f6kken\u0151mentes integr\u00e1ci\u00f3 az IP helyi h\u00e1l\u00f3zaton bel\u00fcl<\/h3>\r\n          \r\n                        <div class=\"text-block\">\r\n                <p>A BAS-IP kaputelefonos rendszerek \u00fagy vannak tervezve, hogy z\u00f6kken\u0151mentesen m\u0171k\u00f6djenek ugyanazon IP helyi h\u00e1l\u00f3zaton bel\u00fcl, biztos\u00edtva a k\u00f6nny\u0171 telep\u00edt\u00e9st \u00e9s konfigur\u00e1l\u00e1st. Ez a probl\u00e9mamentes integr\u00e1ci\u00f3 lehet\u0151v\u00e9 teszi, hogy er\u0151fesz\u00edt\u00e9s n\u00e9lk\u00fcl illessze be kaputelefon rendszer\u00e9t a megl\u00e9v\u0151 h\u00e1l\u00f3zati infrastrukt\u00far\u00e1j\u00e1ba, minimaliz\u00e1lva a kompatibilit\u00e1si probl\u00e9m\u00e1kat \u00e9s cs\u00f6kkentve a bonyolults\u00e1got.<\/p>\n              <\/div>\r\n                  <\/div>\r\n    <\/div>\r\n<\/div>\r\n                    <div class=\"features-item\" data-aos=\"fade-up\">\r\n    <div class=\"features-box\">\r\n                    <div class=\"image-holder\">\r\n                <img loading=\"lazy\" decoding=\"async\" width=\"350\" height=\"320\" src=\"https:\/\/bas-ip.com\/wp-content\/uploads\/2023\/04\/2-3-350x320.jpg\" class=\"attachment-thumbnail_350x320 size-thumbnail_350x320\" alt=\"\" \/>            <\/div>\r\n        \r\n        <div class=\"text-holder\">\r\n                        <h3 class=\"title-block\">T\u00e1vols\u00e1gi kapcsolat<\/h3>\r\n          \r\n                        <div class=\"text-block\">\r\n                <p>A BAS-IP kaputelefon rendszerek kiemelked\u0151 tulajdons\u00e1ga, hogy k\u00e9pesek hossz\u00fa t\u00e1vols\u00e1gokon m\u0171k\u00f6dni. Ez ide\u00e1liss\u00e1 teszi \u0151ket nagy ingatlanok, kiterjedt lak\u00f3parkok vagy kereskedelmi l\u00e9tes\u00edtm\u00e9nyek sz\u00e1m\u00e1ra, ahol a hozz\u00e1f\u00e9r\u00e9si pontok sz\u00e9tsz\u00f3rtan helyezkednek el. A BAS-IP kaputelefonos megold\u00e1sokkal biztons\u00e1gos kommunik\u00e1ci\u00f3t \u00e9s ir\u00e1ny\u00edt\u00e1st tarthat fenn az eg\u00e9sz ingatlanj\u00e1n, f\u00fcggetlen\u00fcl a t\u00e1vols\u00e1gt\u00f3l.<\/p>\n              <\/div>\r\n                  <\/div>\r\n    <\/div>\r\n<\/div>\r\n                    <div class=\"features-item\" data-aos=\"fade-up\">\r\n    <div class=\"features-box\">\r\n                    <div class=\"image-holder\">\r\n                <img loading=\"lazy\" decoding=\"async\" width=\"350\" height=\"320\" src=\"https:\/\/bas-ip.com\/wp-content\/uploads\/2023\/04\/3-3-350x320.jpg\" class=\"attachment-thumbnail_350x320 size-thumbnail_350x320\" alt=\"\" \/>            <\/div>\r\n        \r\n        <div class=\"text-holder\">\r\n                        <h3 class=\"title-block\">PC-alap\u00fa kapuvez\u00e9rl\u00e9s<\/h3>\r\n          \r\n                        <div class=\"text-block\">\r\n                <p>A BAS-IP kaputelefonos rendszerek lehet\u0151v\u00e9 teszik, hogy sz\u00e1m\u00edt\u00f3g\u00e9pr\u0151l nyissa meg \u00e9s kezelje a kapuit. Ez azt jelenti, hogy t\u00e1volr\u00f3l \u00e9s k\u00e9nyelmesen ir\u00e1ny\u00edthatja a hozz\u00e1f\u00e9r\u00e9st an\u00e9lk\u00fcl, hogy dedik\u00e1lt fizikai interf\u00e9szre lenne sz\u00fcks\u00e9g. Legyen sz\u00f3 otthonr\u00f3l vagy irod\u00e1b\u00f3l, teljes m\u00e9rt\u00e9kben ir\u00e1ny\u00edthatja ingatlana hozz\u00e1f\u00e9r\u00e9si pontjait, mind\u00f6ssze egy kattint\u00e1snyira.<\/p>\n              <\/div>\r\n                  <\/div>\r\n    <\/div>\r\n<\/div>\r\n                    <div class=\"features-item\" data-aos=\"fade-up\">\r\n    <div class=\"features-box\">\r\n                    <div class=\"image-holder\">\r\n                <img loading=\"lazy\" decoding=\"async\" width=\"350\" height=\"320\" src=\"https:\/\/bas-ip.com\/wp-content\/uploads\/2023\/04\/4-3-350x320.jpg\" class=\"attachment-thumbnail_350x320 size-thumbnail_350x320\" alt=\"\" \/>            <\/div>\r\n        \r\n        <div class=\"text-holder\">\r\n                        <h3 class=\"title-block\">Kett\u0151s z\u00e1r modul t\u00f6bb kapu kezel\u00e9s\u00e9hez<\/h3>\r\n          \r\n                        <div class=\"text-block\">\r\n                <p>A BAS-IP SH-42 dupla z\u00e1r modul lehet\u0151v\u00e9 teszi k\u00e9t kapu egyidej\u0171 vez\u00e9rl\u00e9s\u00e9t egyetlen kaputelefonos rendszerrel. Ez a funkci\u00f3 ide\u00e1lis olyan ingatlanok sz\u00e1m\u00e1ra, amelyek t\u00f6bb hozz\u00e1f\u00e9r\u00e9si ponttal rendelkeznek, vagy k\u00fcl\u00f6n gyalogos \u00e9s g\u00e9pj\u00e1rm\u0171 bej\u00e1ratokkal, lehet\u0151v\u00e9 t\u00e9ve a kapuk hat\u00e9kony kezel\u00e9s\u00e9t egy k\u00f6zponti rendszerb\u0151l.<\/p>\n              <\/div>\r\n                  <\/div>\r\n    <\/div>\r\n<\/div>\r\n                    <div class=\"features-item\" data-aos=\"fade-up\">\r\n    <div class=\"features-box\">\r\n                    <div class=\"image-holder\">\r\n                <img loading=\"lazy\" decoding=\"async\" width=\"350\" height=\"320\" src=\"https:\/\/bas-ip.com\/wp-content\/uploads\/2023\/04\/5-4-350x320.jpg\" class=\"attachment-thumbnail_350x320 size-thumbnail_350x320\" alt=\"\" \/>            <\/div>\r\n        \r\n        <div class=\"text-holder\">\r\n                        <h3 class=\"title-block\">Integr\u00e1ci\u00f3 a megl\u00e9v\u0151 CCTV IP-rendszerekkel<\/h3>\r\n          \r\n                        <div class=\"text-block\">\r\n                <p>A BAS-IP kaputelefonos vide\u00f3 rendszerek k\u00f6nnyed\u00e9n integr\u00e1lhat\u00f3k a megl\u00e9v\u0151 IP CCTV infrastrukt\u00far\u00e1j\u00e1val. Ez lehet\u0151v\u00e9 teszi, hogy ugyanazon a fel\u00fcleten figyelje \u00e9s ir\u00e1ny\u00edtsa ingatlana hozz\u00e1f\u00e9r\u00e9si pontjait, mint a biztons\u00e1gi kamer\u00e1it, egyszer\u0171s\u00edtve a biztons\u00e1gi menedzsmentet \u00e9s n\u00f6velve az \u00e1ltal\u00e1nos hat\u00e9konys\u00e1got.<\/p>\n              <\/div>\r\n                  <\/div>\r\n    <\/div>\r\n<\/div>\r\n                    <div class=\"features-item\" data-aos=\"fade-up\">\r\n    <div class=\"features-box\">\r\n                    <div class=\"image-holder\">\r\n                <img loading=\"lazy\" decoding=\"async\" width=\"350\" height=\"320\" src=\"https:\/\/bas-ip.com\/wp-content\/uploads\/2023\/04\/6-3-350x320.jpg\" class=\"attachment-thumbnail_350x320 size-thumbnail_350x320\" alt=\"\" \/>            <\/div>\r\n        \r\n        <div class=\"text-holder\">\r\n                        <h3 class=\"title-block\">Rendsz\u00e1mfelismer\u0151 integr\u00e1ci\u00f3<\/h3>\r\n          \r\n                        <div class=\"text-block\">\r\n                <p>A BAS-IP bel\u00e9ptet\u0151 panelek integr\u00e1lhat\u00f3k rendsz\u00e1mfelismer\u0151 kamer\u00e1kkal, lehet\u0151v\u00e9 t\u00e9ve az el\u0151re enged\u00e9lyezett j\u00e1rm\u0171vek automatikus bel\u00e9p\u00e9s\u00e9t. Ez az fejlett funkci\u00f3 jelent\u0151sen n\u00f6veli a biztons\u00e1got \u00e9s a k\u00e9nyelmet azzal, hogy automatikusan kinyitja a soromp\u00f3kat az enged\u00e9lyezett j\u00e1rm\u0171vek sz\u00e1m\u00e1ra, minimaliz\u00e1lva a v\u00e1rakoz\u00e1si id\u0151t \u00e9s cs\u00f6kkentve a manu\u00e1lis hozz\u00e1f\u00e9r\u00e9s-ellen\u0151rz\u00e9s sz\u00fcks\u00e9gess\u00e9g\u00e9t.<\/p>\n              <\/div>\r\n                  <\/div>\r\n    <\/div>\r\n<\/div>\r\n            <\/div>\r\n<\/section>\r\n<!-- END Block Features -->\n\n\n<h2 class=\"wp-block-heading\"><strong>K\u00fcl\u00f6nb\u00f6z\u0151 t\u00edpus\u00fa kapukkal kompatibilis<\/strong><\/h2>\n\n\n\n<p>A BAS-IP kaputelefonok k\u00fcl\u00f6nb\u00f6z\u0151 kapumechanizmusokkal integr\u00e1lhat\u00f3k, z\u00f6kken\u0151mentes kommunik\u00e1ci\u00f3s \u00e9lm\u00e9nyt biztos\u00edtva a felhaszn\u00e1l\u00f3k sz\u00e1m\u00e1ra:<\/p>\n\n\n\n<ol class=\"wp-block-list\">\n<li><strong>Swing kapuk:<\/strong> Ezek a kapuk leng\u0151 mozg\u00e1ssal ny\u00edlnak \u00e9s z\u00e1r\u00f3dnak, befel\u00e9 vagy kifel\u00e9. N\u00e9pszer\u0171ek lak\u00f3- \u00e9s kereskedelmi k\u00f6rnyezetben klasszikus megjelen\u00e9s\u00fck \u00e9s k\u00f6nny\u0171 haszn\u00e1latuk miatt.<\/li>\n\n\n\n<li><strong>Tol\u00f3kapuk:<\/strong> \u00c1ltal\u00e1ban kereskedelmi \u00e9s ipari k\u00f6rnyezetekben haszn\u00e1lj\u00e1k, a tol\u00f3kapuk v\u00edzszintesen mozognak egy s\u00ednen, hogy nyissanak \u00e9s z\u00e1rjanak.<\/li>\n\n\n\n<li><strong>Soromp\u00f3 kapuk:<\/strong> Gyakran tal\u00e1lhat\u00f3k parkol\u00f3helyeken \u00e9s bel\u00e9p\u00e9s-ellen\u0151rz\u00f6tt ter\u00fcleteken, a soromp\u00f3 kapuk f\u00fcgg\u0151leges kart haszn\u00e1lnak a bel\u00e9p\u00e9s \u00e9s kil\u00e9p\u00e9s szab\u00e1lyoz\u00e1s\u00e1ra.<\/li>\n\n\n\n<li><strong>Bi-folding kapuk:<\/strong> Ezek a kapuk k\u00e9t panelb\u0151l \u00e1llnak, amelyek \u00f6sszecsuk\u00f3dnak nyit\u00e1skor, helyet takar\u00edtanak meg \u00e9s st\u00edlusos megjelen\u00e9st biztos\u00edtanak.<\/li>\n\n\n\n<li><strong>Vertik\u00e1lis emel\u0151kapuk:<\/strong> \u00c1ltal\u00e1ban magas biztons\u00e1g\u00fa ter\u00fcleteken haszn\u00e1lj\u00e1k, a vertik\u00e1lis emel\u0151kapuk fel-le mozognak, hogy nyissanak \u00e9s z\u00e1rjanak.<\/li>\n\n\n\n<li><strong>Forg\u00f3kapuk:<\/strong> K\u00f6zleked\u00e9si csom\u00f3pontokban \u00e9s n\u00e9h\u00e1ny kereskedelmi \u00e9p\u00fcletben gyakoriak, a forg\u00f3kapuk a bel\u00e9p\u00e9st \u00fagy szab\u00e1lyozz\u00e1k, hogy egyszerre csak egy szem\u00e9ly haladhat \u00e1t rajtuk.<\/li>\n\n\n\n<li><strong>Gyalogos kapuk:<\/strong> Ezeket a kapukat kifejezetten gyalogos k\u00f6zleked\u00e9shez tervezt\u00e9k, \u00e9s k\u00fcl\u00f6nb\u00f6z\u0151 helyeken tal\u00e1lhat\u00f3k, p\u00e9ld\u00e1ul lak\u00f3k\u00f6z\u00f6ss\u00e9gekben, parkokban vagy kereskedelmi komplexumokban.<\/li>\n<\/ol>\n\n\n\n<p>A BAS-IP kaputelefon alkalmazkod\u00f3k\u00e9pess\u00e9ge ide\u00e1liss\u00e1 teszi sz\u00e1mos kaput\u00edpushoz, biztos\u00edtva a hat\u00e9kony \u00e9s biztons\u00e1gos hozz\u00e1f\u00e9r\u00e9s-ellen\u0151rz\u00e9st lak\u00f3-, kereskedelmi \u00e9s ipari ingatlanok sz\u00e1m\u00e1ra.<\/p>\n\n\n\n<h2 class=\"wp-block-heading\"><strong>A kapukhoz k\u00e9sz\u00fclt BAS-IP kaputelefon rendszer \u00f6sszetev\u0151inek meg\u00e9rt\u00e9se<\/strong><\/h2>\n\n\n\n<p>A BAS-IP kaputelefonos rendszerek h\u00e1rom f\u0151 komponensb\u0151l \u00e1llnak, mindegyik kulcsszerepet j\u00e1tszik egy \u00e1tfog\u00f3 \u00e9s hat\u00e9kony kapu bel\u00e9ptet\u0151 kaputelefon rendszer kialak\u00edt\u00e1s\u00e1ban:<\/p>\n\n\n<!-- START Block Features --><section id=\"block_643053d1c3f45\" class=\"features-section\">\r\n\t\r\n    <div class=\"features-list\">\r\n                    <div class=\"features-item\" data-aos=\"fade-up\">\r\n    <div class=\"features-box\">\r\n                    <div class=\"image-holder\">\r\n                <img loading=\"lazy\" decoding=\"async\" width=\"350\" height=\"320\" src=\"https:\/\/bas-ip.com\/wp-content\/uploads\/2023\/04\/7-1-350x320.jpg\" class=\"attachment-thumbnail_350x320 size-thumbnail_350x320\" alt=\"\" \/>            <\/div>\r\n        \r\n        <div class=\"text-holder\">\r\n                        <h3 class=\"title-block\">IP kaputelefon ajt\u00f3panelek<\/h3>\r\n          \r\n                        <div class=\"text-block\">\r\n                <p>A BAS-IP bel\u00e9ptet\u0151 panelek szolg\u00e1lnak a kapu kaputelefonos rendszer\u00e9nek els\u0151dleges interf\u00e9szek\u00e9nt. Tart\u00f3sak, id\u0151j\u00e1r\u00e1s\u00e1ll\u00f3ak \u00e9s k\u00f6nnyen haszn\u00e1lhat\u00f3k. K\u00fcl\u00f6nb\u00f6z\u0151 diz\u00e1jnokban \u00e9s fel\u00fcleteken el\u00e9rhet\u0151k, \u00edgy a panelek testre szabhat\u00f3k, hogy illeszkedjenek ingatlana eszt\u00e9tik\u00e1j\u00e1hoz. Be\u00e9p\u00edtett kamer\u00e1kkal, mikrofonokkal \u00e9s hangsz\u00f3r\u00f3kkal rendelkeznek, \u00edgy krist\u00e1lytiszta audio- \u00e9s videokommunik\u00e1ci\u00f3t biztos\u00edtanak a l\u00e1togat\u00f3 \u00e9s a lak\u00f3 vagy a biztons\u00e1gi szem\u00e9lyzet k\u00f6z\u00f6tt.<\/p>\n              <\/div>\r\n                  <\/div>\r\n    <\/div>\r\n<\/div>\r\n                    <div class=\"features-item\" data-aos=\"fade-up\">\r\n    <div class=\"features-box\">\r\n                    <div class=\"image-holder\">\r\n                <img loading=\"lazy\" decoding=\"async\" width=\"350\" height=\"320\" src=\"https:\/\/bas-ip.com\/wp-content\/uploads\/2023\/04\/8-1-350x320.jpg\" class=\"attachment-thumbnail_350x320 size-thumbnail_350x320\" alt=\"\" \/>            <\/div>\r\n        \r\n        <div class=\"text-holder\">\r\n                        <h3 class=\"title-block\">Vide\u00f3telefonok<\/h3>\r\n          \r\n                        <div class=\"text-block\">\r\n                <p>A BAS-IP vide\u00f3 kaputelefonok szolg\u00e1lnak az interkom rendszer bels\u0151 interf\u00e9szek\u00e9nt, lehet\u0151v\u00e9 t\u00e9ve, hogy l\u00e1ssa \u00e9s besz\u00e9ljen a l\u00e1togat\u00f3kkal a kapuj\u00e1n\u00e1l. Ezek az eszk\u00f6z\u00f6k kiv\u00e1l\u00f3 min\u0151s\u00e9g\u0171 vide\u00f3- \u00e9s audio kommunik\u00e1ci\u00f3t k\u00edn\u00e1lnak, biztos\u00edtva, hogy egy\u00e9rtelm\u0171en azonos\u00edthassa \u00e9s kommunik\u00e1lhasson a l\u00e1togat\u00f3kkal, miel\u0151tt enged\u00e9lyezn\u00e9 sz\u00e1mukra az ingatlanhoz val\u00f3 hozz\u00e1f\u00e9r\u00e9st.<\/p>\n              <\/div>\r\n                  <\/div>\r\n    <\/div>\r\n<\/div>\r\n                    <div class=\"features-item\" data-aos=\"fade-up\">\r\n    <div class=\"features-box\">\r\n                    <div class=\"image-holder\">\r\n                <img loading=\"lazy\" decoding=\"async\" width=\"350\" height=\"320\" src=\"https:\/\/bas-ip.com\/wp-content\/uploads\/2023\/04\/9-1-350x320.jpg\" class=\"attachment-thumbnail_350x320 size-thumbnail_350x320\" alt=\"\" \/>            <\/div>\r\n        \r\n        <div class=\"text-holder\">\r\n                        <h3 class=\"title-block\">POE kapcsol\u00f3k<\/h3>\r\n          \r\n                        <div class=\"text-block\">\r\n                <p>A Power over Ethernet (POE) kapcsol\u00f3k alapvet\u0151 elemei a BAS-IP kaputelefonnak elektromos kapukhoz. Ezek az eszk\u00f6z\u00f6k egyetlen Ethernet-k\u00e1bellel biztos\u00edtj\u00e1k mind az \u00e1ramot, mind az adatkapcsolatot a kaputelefon k\u00e9sz\u00fcl\u00e9keihez. Ez egyszer\u0171s\u00edti a telep\u00edt\u00e9st, cs\u00f6kkenti a k\u00e1belez\u00e9si rendetlens\u00e9get, \u00e9s biztos\u00edtja a megb\u00edzhat\u00f3, nagy sebess\u00e9g\u0171 kapcsolatot a kapu kaputelefon komponensei k\u00f6z\u00f6tt.<\/p>\n              <\/div>\r\n                  <\/div>\r\n    <\/div>\r\n<\/div>\r\n            <\/div>\r\n<\/section>\r\n<!-- END Block Features -->\n\n<!-- START Block FAQ --><section id=\"block_6421c0e7ae86e\" class=\"faq-section\">\r\n\t\t    <h2 class=\"title-section\" data-aos=\"fade-right\">Gyakran Ism\u00e9telt K\u00e9rd\u00e9sek (GYIK)<\/h2>\r\n\t\t\t    <div class=\"faq-list js-accordion\" data-aos=\"fade-up\">\r\n\t\t\t\t\t\t\t\t\t\t\t    <div class=\"accordion-item faq-item\">\r\n                        <div class=\"accordion-opener\">\r\n                            Q: Haszn\u00e1lhatok BAS-IP intercom kapurendszert a megl\u00e9v\u0151 IP helyi h\u00e1l\u00f3zatommal?                            <i class=\"fa-solid fa-chevron-down\"><\/i>\r\n                        <\/div>\r\n                        <div class=\"accordion-slide\">\r\n\t\t\t\t\t\t    <p>Igen, a BAS-IP kaputelefonos rendszerek \u00fagy vannak tervezve, hogy z\u00f6kken\u0151mentesen m\u0171k\u00f6djenek a megl\u00e9v\u0151 IP helyi h\u00e1l\u00f3zat\u00e1n bel\u00fcl, \u00edgy az integr\u00e1ci\u00f3 k\u00f6nny\u0171 \u00e9s probl\u00e9mamentes.<\/p>\n                        <\/div>\r\n\t\t\t\t\t<\/div>\r\n\t\t\t\t\t\t\t\t\t\t\t\t\t\t\t    <div class=\"accordion-item faq-item\">\r\n                        <div class=\"accordion-opener\">\r\n                            Q: Hogyan teljes\u00edtenek a BAS-IP kaputelefonrendszerek nagy t\u00e1vols\u00e1gokon?                            <i class=\"fa-solid fa-chevron-down\"><\/i>\r\n                        <\/div>\r\n                        <div class=\"accordion-slide\">\r\n\t\t\t\t\t\t    <p>A BAS-IP kaputelefonos rendszerek \u00fagy vannak tervezve, hogy hat\u00e9konyan m\u0171k\u00f6djenek hossz\u00fa t\u00e1vols\u00e1gokon, \u00edgy ide\u00e1lis v\u00e1laszt\u00e1st jelentenek olyan ingatlanok sz\u00e1m\u00e1ra, amelyek sz\u00e9tsz\u00f3rt hozz\u00e1f\u00e9r\u00e9si pontokkal vagy nagy l\u00e9tes\u00edtm\u00e9nyekkel rendelkeznek.<\/p>\n                        <\/div>\r\n\t\t\t\t\t<\/div>\r\n\t\t\t\t\t\t\t\t\t\t\t\t\t\t\t    <div class=\"accordion-item faq-item\">\r\n                        <div class=\"accordion-opener\">\r\n                            Q: Hogyan integr\u00e1lhatom a BAS-IP kapu video kaputelefonomat a megl\u00e9v\u0151 CCTV IP rendszeremmel?                            <i class=\"fa-solid fa-chevron-down\"><\/i>\r\n                        <\/div>\r\n                        <div class=\"accordion-slide\">\r\n\t\t\t\t\t\t    <p>A BAS-IP kaputelefonos rendszerek k\u00f6nnyed\u00e9n integr\u00e1lhat\u00f3k a megl\u00e9v\u0151 IP CCTV infrastrukt\u00far\u00e1j\u00e1val, lehet\u0151v\u00e9 t\u00e9ve, hogy ugyanazon a fel\u00fcleten kezelje \u00e9s figyelje ingatlana hozz\u00e1f\u00e9r\u00e9si pontjait, mint a biztons\u00e1gi kamer\u00e1it.<\/p>\n                        <\/div>\r\n\t\t\t\t\t<\/div>\r\n\t\t\t\t\t\t\t\t\t\t\t\t\t\t\t    <div class=\"accordion-item faq-item\">\r\n                        <div class=\"accordion-opener\">\r\n                            Q: Lehets\u00e9ges t\u00f6bb kapu vez\u00e9rl\u00e9se egyetlen BAS-IP kaputelefon haszn\u00e1lat\u00e1val?                            <i class=\"fa-solid fa-chevron-down\"><\/i>\r\n                        <\/div>\r\n                        <div class=\"accordion-slide\">\r\n\t\t\t\t\t\t    <p>Igen, a BAS-IP SH-42 dupla z\u00e1r modullal egyszerre k\u00e9t kapu vez\u00e9relhet\u0151 egyetlen kaputelefonos rendszer haszn\u00e1lat\u00e1val. Ez a funkci\u00f3 ide\u00e1lis olyan ingatlanok sz\u00e1m\u00e1ra, amelyek t\u00f6bb hozz\u00e1f\u00e9r\u00e9si ponttal vagy k\u00fcl\u00f6n gyalogos \u00e9s g\u00e9pj\u00e1rm\u0171 bej\u00e1ratokkal rendelkeznek.<\/p>\n                        <\/div>\r\n\t\t\t\t\t<\/div>\r\n\t\t\t\t\t\t\t\t\t<\/div>\r\n\t<\/section>\r\n<!-- END Block FAQ -->\n\n\n<p>A BAS-IP kaputelefonos rendszerek t\u00f6k\u00e9letes egyens\u00falyt k\u00edn\u00e1lnak a k\u00e9nyelem, a biztons\u00e1g \u00e9s a fejlett technol\u00f3gia k\u00f6z\u00f6tt, p\u00e1ratlan ir\u00e1ny\u00edt\u00e1st biztos\u00edtva ingatlana hozz\u00e1f\u00e9r\u00e9s\u00e9nek kezel\u00e9s\u00e9ben. Olyan egyedi funkci\u00f3kkal rendelkeznek, mint a z\u00f6kken\u0151mentes IP helyi h\u00e1l\u00f3zati integr\u00e1ci\u00f3, hossz\u00fa t\u00e1v\u00fa kapcsol\u00f3d\u00e1s, sz\u00e1m\u00edt\u00f3g\u00e9pr\u0151l vez\u00e9relt kapu kezel\u00e9s, dupla z\u00e1r modul funkci\u00f3, IP CCTV rendszer integr\u00e1ci\u00f3 \u00e9s rendsz\u00e1mfelismer\u0151 kamera kompatibilit\u00e1s, \u00edgy a BAS-IP kaputelefon rendszerek ide\u00e1lis v\u00e1laszt\u00e1st jelentenek minden ingatlantulajdonos sz\u00e1m\u00e1ra, aki szeretn\u00e9 fejleszteni a hozz\u00e1f\u00e9r\u00e9s-kezel\u00e9st.<\/p>\n\n\n\n<p>A BAS-IP kaputelefonos rendszer v\u00e1laszt\u00e1s\u00e1val olyan megold\u00e1sba fektet be, amely k\u00f6nnyed\u00e9n alkalmazkodik ig\u00e9nyeihez, egy\u00fctt fejl\u0151dik ingatlan\u00e1val, \u00e9s biztos\u00edtja \u00d6nnek a nyugalmat, tudva, hogy ingatlana biztons\u00e1gos, \u00e9s csak azok f\u00e9rhetnek hozz\u00e1, akiket megb\u00edzik. Tapasztalja meg, milyen k\u00fcl\u00f6nbs\u00e9get jelenthet egy BAS-IP kaputelefon rendszer az ingatlana sz\u00e1m\u00e1ra m\u00e9g ma.<\/p>","protected":false},"excerpt":{"rendered":"<p>Kaputelefonos rendszer: Fejlessze a biztons\u00e1g\u00e1t \u00dcdv\u00f6z\u00f6lj\u00fck az ingatlanhozz\u00e1f\u00e9r\u00e9s-kezel\u00e9s j\u00f6v\u0151j\u00e9ben, ahol a k\u00e9nyelem, a biztons\u00e1g \u00e9s a legmodernebb technol\u00f3gia tal\u00e1lkozik. A BAS-IP kaputelefonos rendszer\u00e9vel p\u00e1ratlan ellen\u0151rz\u00e9st gyakorolhat ingatlan\u00e1nak hozz\u00e1f\u00e9r\u00e9si pontjai felett. Legyen sz\u00f3 lak\u00f3h\u00e1zr\u00f3l, lak\u00f3parkb\u00f3l vagy kereskedelmi l\u00e9tes\u00edtm\u00e9nyr\u0151l, kaputelefonos rendszereink olyan egyedi funkci\u00f3kat k\u00edn\u00e1lnak, amelyek minden ig\u00e9ny\u00e9t kiel\u00e9g\u00edtik. Bemutatjuk a BAS-IP kaputelefon kulcsfontoss\u00e1g\u00fa jellemz\u0151it \u00e9s el\u0151nyeit, [&hellip;]<\/p>","protected":false},"author":1,"featured_media":0,"parent":0,"menu_order":0,"comment_status":"closed","ping_status":"closed","template":"","meta":{"inline_featured_image":false,"footnotes":""},"class_list":["post-133765","page","type-page","status-publish","hentry"],"acf":[],"_links":{"self":[{"href":"https:\/\/bas-ip.com\/hu\/wp-json\/wp\/v2\/pages\/133765","targetHints":{"allow":["GET"]}}],"collection":[{"href":"https:\/\/bas-ip.com\/hu\/wp-json\/wp\/v2\/pages"}],"about":[{"href":"https:\/\/bas-ip.com\/hu\/wp-json\/wp\/v2\/types\/page"}],"author":[{"embeddable":true,"href":"https:\/\/bas-ip.com\/hu\/wp-json\/wp\/v2\/users\/1"}],"replies":[{"embeddable":true,"href":"https:\/\/bas-ip.com\/hu\/wp-json\/wp\/v2\/comments?post=133765"}],"version-history":[{"count":3,"href":"https:\/\/bas-ip.com\/hu\/wp-json\/wp\/v2\/pages\/133765\/revisions"}],"predecessor-version":[{"id":133872,"href":"https:\/\/bas-ip.com\/hu\/wp-json\/wp\/v2\/pages\/133765\/revisions\/133872"}],"wp:attachment":[{"href":"https:\/\/bas-ip.com\/hu\/wp-json\/wp\/v2\/media?parent=133765"}],"curies":[{"name":"wp","href":"https:\/\/api.w.org\/{rel}","templated":true}]}}