{"id":133484,"date":"2023-03-27T12:22:38","date_gmt":"2023-03-27T12:22:38","guid":{"rendered":"https:\/\/bas-ip.com\/school\/"},"modified":"2025-03-12T11:47:22","modified_gmt":"2025-03-12T11:47:22","slug":"school","status":"publish","type":"page","link":"https:\/\/bas-ip.com\/hu\/school\/","title":{"rendered":"Iskola"},"content":{"rendered":"<h1 class=\"wp-block-heading\"><strong>Intercom rendszerek iskol\u00e1k sz\u00e1m\u00e1ra<\/strong><\/h1>\n\n\n\n<p>A mai vil\u00e1gban a z\u00f6kken\u0151mentes kommunik\u00e1ci\u00f3 \u00e9s biztons\u00e1g elengedhetetlen elemei minden oktat\u00e1si int\u00e9zm\u00e9nynek. Egy hat\u00e9kony iskolai kaputelefon rendszer nemcsak gyors kommunik\u00e1ci\u00f3t biztos\u00edt, hanem n\u00f6veli a di\u00e1kok, tan\u00e1rok \u00e9s alkalmazottak biztons\u00e1g\u00e1t is. Bemutatkozik a BAS-IP iskolai kaputelefon rendszer, a v\u00e9gs\u0151 megold\u00e1s, amely \u00f6tv\u00f6zi a robusztus technol\u00f3gi\u00e1t, az innovat\u00edv funkci\u00f3kat \u00e9s p\u00e1ratlan teljes\u00edtm\u00e9nyt. Ez a cikk a BAS-IP kaputelefon rendszerek kulcsfontoss\u00e1g\u00fa jellemz\u0151it \u00e9s el\u0151nyeit t\u00e1rgyalja, bemutatva, mi\u00e9rt a legjobb v\u00e1laszt\u00e1s iskol\u00e1ja sz\u00e1m\u00e1ra.<\/p>\n\n\n\n<h2 class=\"wp-block-heading\"><strong>Az IP-intercom ereje iskol\u00e1knak<\/strong><\/h2>\n\n\n\n<h3 class=\"wp-block-heading\"><strong>Vezet\u00e9kes IP-intercom rendszer: a kiv\u00e1l\u00f3 v\u00e1laszt\u00e1s<\/strong><\/h3>\n\n\n\n<p>M\u00edg a vezet\u00e9k n\u00e9lk\u00fcli kaputelefon rendszerek bizonyos k\u00e9nyelmet k\u00edn\u00e1lnak, a vezet\u00e9kes IP kaputelefon rendszerek magasabb szint\u0171 megb\u00edzhat\u00f3s\u00e1got, biztons\u00e1got \u00e9s teljes\u00edtm\u00e9nyt biztos\u00edtanak. A BAS-IP iskolai kaputelefon rendszer haszn\u00e1lat\u00e1val egy biztons\u00e1gos \u00e9s stabil megold\u00e1sba fektet be, amely garant\u00e1lja a megszak\u00edtatlan kommunik\u00e1ci\u00f3t \u00e9s ir\u00e1ny\u00edt\u00e1st.<\/p>\n\n\n\n<h3 class=\"wp-block-heading\"><strong>\u00c1tfog\u00f3 megold\u00e1s oktat\u00e1si int\u00e9zm\u00e9nyek sz\u00e1m\u00e1ra<\/strong><\/h3>\n\n\n\n<p>A BAS-IP kaputelefon rendszer iskol\u00e1k, campusok \u00e9s f\u0151iskol\u00e1k ig\u00e9nyeit szolg\u00e1lja. Z\u00f6kken\u0151mentesen integr\u00e1lja az audio paneleket, portaszolg\u00e1lati termin\u00e1lokat \u00e9s POE kapcsol\u00f3kat, l\u00e9trehozva egy egys\u00e9ges kommunik\u00e1ci\u00f3s h\u00e1l\u00f3zatot, amely hat\u00e9kony \u00e9s k\u00f6lts\u00e9ghat\u00e9kony. Egyedi jellemz\u0151i, mint p\u00e9ld\u00e1ul a h\u0151m\u00e9rs\u00e9klet-figyel\u00e9s az iskola bej\u00e1rat\u00e1n\u00e1l, biztos\u00edtj\u00e1k a fokozott biztons\u00e1got \u00e9s k\u00e9nyelmet minden felhaszn\u00e1l\u00f3 sz\u00e1m\u00e1ra.<\/p>\n\n\n\n<h2 class=\"wp-block-heading\"><strong>A BAS-IP iskolai kaputelefon rendszer kulcsfontoss\u00e1g\u00fa \u00f6sszetev\u0151i<\/strong><\/h2>\n\n\n<!-- START Block Features --><section id=\"block_6430565dc8a2b\" class=\"features-section\">\r\n\t\r\n    <div class=\"features-list\">\r\n                    <div class=\"features-item\" data-aos=\"fade-up\">\r\n    <div class=\"features-box\">\r\n                    <div class=\"image-holder\">\r\n                <img loading=\"lazy\" decoding=\"async\" width=\"350\" height=\"320\" src=\"https:\/\/bas-ip.com\/wp-content\/uploads\/2023\/04\/1-4-350x320.jpg\" class=\"attachment-thumbnail_350x320 size-thumbnail_350x320\" alt=\"\" \/>            <\/div>\r\n        \r\n        <div class=\"text-holder\">\r\n                        <h3 class=\"title-block\">BAS-IP AV-04AFD Audio Panel<\/h3>\r\n          \r\n                        <div class=\"text-block\">\r\n                <p>Az AV-04AFD audio panel egy megfizethet\u0151 \u00e9s funkci\u00f3kban gazdag kaputelefon megold\u00e1s, amelyet kifejezetten oktat\u00e1si int\u00e9zm\u00e9nyek sz\u00e1m\u00e1ra terveztek. Lehet\u0151v\u00e9 teszi a krist\u00e1lytiszta kommunik\u00e1ci\u00f3t az iskola k\u00fcl\u00f6nb\u00f6z\u0151 ter\u00fcletei k\u00f6z\u00f6tt, mik\u00f6zben biztos\u00edtja a gyors hozz\u00e1f\u00e9r\u00e9s-ellen\u0151rz\u00e9st.<\/p>\n              <\/div>\r\n                  <\/div>\r\n    <\/div>\r\n<\/div>\r\n                    <div class=\"features-item\" data-aos=\"fade-up\">\r\n    <div class=\"features-box\">\r\n                    <div class=\"image-holder\">\r\n                <img loading=\"lazy\" decoding=\"async\" width=\"350\" height=\"320\" src=\"https:\/\/bas-ip.com\/wp-content\/uploads\/2023\/04\/2-4-350x320.jpg\" class=\"attachment-thumbnail_350x320 size-thumbnail_350x320\" alt=\"\" \/>            <\/div>\r\n        \r\n        <div class=\"text-holder\">\r\n                        <h3 class=\"title-block\">BAS-IP AM-02 Concierge Termin\u00e1l<\/h3>\r\n          \r\n                        <div class=\"text-block\">\r\n                <p>Az AM-02 portaszolg\u00e1lati termin\u00e1l az eg\u00e9sz kaputelefon rendszer k\u00f6zponti vez\u00e9rl\u0151pontjak\u00e9nt m\u0171k\u00f6dik, lehet\u0151v\u00e9 t\u00e9ve az alkalmazottak sz\u00e1m\u00e1ra a h\u00edv\u00e1sok kezel\u00e9s\u00e9t, a bej\u00e1ratok figyel\u00e9s\u00e9t \u00e9s a hozz\u00e1f\u00e9r\u00e9s biztos\u00edt\u00e1s\u00e1t k\u00f6nnyed\u00e9n. Felhaszn\u00e1l\u00f3bar\u00e1t fel\u00fclete ide\u00e1liss\u00e1 teszi a hat\u00e9kony kommunik\u00e1ci\u00f3 \u00e9s adminisztr\u00e1ci\u00f3 sz\u00e1m\u00e1ra.<\/p>\n              <\/div>\r\n                  <\/div>\r\n    <\/div>\r\n<\/div>\r\n                    <div class=\"features-item\" data-aos=\"fade-up\">\r\n    <div class=\"features-box\">\r\n                    <div class=\"image-holder\">\r\n                <img loading=\"lazy\" decoding=\"async\" width=\"350\" height=\"320\" src=\"https:\/\/bas-ip.com\/wp-content\/uploads\/2023\/04\/3-4-350x320.jpg\" class=\"attachment-thumbnail_350x320 size-thumbnail_350x320\" alt=\"\" \/>            <\/div>\r\n        \r\n        <div class=\"text-holder\">\r\n                        <h3 class=\"title-block\">BAS-IP SH-20.16 16 portos POE kapcsol\u00f3<\/h3>\r\n          \r\n                        <div class=\"text-block\">\r\n                <p>A SH-20.16 16-portos POE kapcsol\u00f3 biztos\u00edtja a sz\u00fcks\u00e9ges \u00e1ramell\u00e1t\u00e1st \u00e9s kapcsol\u00f3d\u00e1st a BAS-IP kaputelefon rendszerhez, garant\u00e1lva a z\u00f6kken\u0151mentes \u00e9s megszak\u00edt\u00e1s n\u00e9lk\u00fcli teljes\u00edtm\u00e9nyt az iskola campus\u00e1n.<\/p>\n              <\/div>\r\n                  <\/div>\r\n    <\/div>\r\n<\/div>\r\n                    <div class=\"features-item\" data-aos=\"fade-up\">\r\n    <div class=\"features-box\">\r\n                    <div class=\"image-holder\">\r\n                <img loading=\"lazy\" decoding=\"async\" width=\"350\" height=\"320\" src=\"https:\/\/bas-ip.com\/wp-content\/uploads\/2023\/04\/4-4-350x320.jpg\" class=\"attachment-thumbnail_350x320 size-thumbnail_350x320\" alt=\"\" \/>            <\/div>\r\n        \r\n        <div class=\"text-holder\">\r\n                        <h3 class=\"title-block\">BAS-IP SH-31TM h\u0151m\u00e9rs\u00e9kleti modell<\/h3>\r\n          \r\n                        <div class=\"text-block\">\r\n                <p>A SH-31TM h\u0151m\u00e9rs\u00e9klet-\u00e9rz\u00e9kel\u0151 modell telep\u00edthet\u0151 az iskola bej\u00e1rat\u00e1n\u00e1l, lehet\u0151v\u00e9 t\u00e9ve a val\u00f3s idej\u0171 h\u0151m\u00e9rs\u00e9klet-figyel\u00e9st, \u00e9s seg\u00edt fenntartani az eg\u00e9szs\u00e9ges k\u00f6rnyezetet a di\u00e1kok, alkalmazottak \u00e9s l\u00e1togat\u00f3k sz\u00e1m\u00e1ra. Ezzel a plusz biztons\u00e1gi r\u00e9teggel az iskola proakt\u00edvan kezelheti a potenci\u00e1lis eg\u00e9szs\u00e9g\u00fcgyi probl\u00e9m\u00e1kat, \u00e9s biztos\u00edthatja mindenki j\u00f3l\u00e9t\u00e9t a campuson.<\/p>\n              <\/div>\r\n                  <\/div>\r\n    <\/div>\r\n<\/div>\r\n                    <div class=\"features-item features-full-width\" data-aos=\"fade-up\">\r\n    <div class=\"features-box image-position-left\">\r\n                <div class=\"image-holder\">\r\n            <img loading=\"lazy\" decoding=\"async\" width=\"1\" height=\"1\" src=\"https:\/\/bas-ip.com\/wp-content\/uploads\/2023\/04\/school-1.svg\" class=\"attachment-thumbnail_350x320 size-thumbnail_350x320\" alt=\"\" \/>          <\/div>\r\n      \r\n      <div class=\"text-holder\">\r\n                        <h3 class=\"title-block\">Az IP-h\u00e1l\u00f3zatok kihaszn\u00e1l\u00e1sa a z\u00f6kken\u0151mentes integr\u00e1ci\u00f3 \u00e9rdek\u00e9ben<\/h3>\r\n          \r\n                        <div class=\"text-block\">\r\n                <p>A BAS-IP kaputelefon rendszerek \u00fagy vannak tervezve, hogy z\u00f6kken\u0151mentesen m\u0171k\u00f6djenek az iskola megl\u00e9v\u0151 IP helyi h\u00e1l\u00f3zat\u00e1n bel\u00fcl, lehet\u0151v\u00e9 t\u00e9ve a k\u00f6nny\u0171 telep\u00edt\u00e9st \u00e9s karbantart\u00e1st. Ez az integr\u00e1ci\u00f3 jobb kommunik\u00e1ci\u00f3t, hozz\u00e1f\u00e9r\u00e9s-ellen\u0151rz\u00e9st \u00e9s biztons\u00e1got biztos\u00edt az eg\u00e9sz oktat\u00e1si int\u00e9zm\u00e9nyben.<\/p>\n              <\/div>\r\n                <\/div>\r\n    <\/div>\r\n<\/div>\r\n                    <div class=\"features-item features-full-width\" data-aos=\"fade-up\">\r\n    <div class=\"features-box image-position-right\">\r\n                <div class=\"image-holder\">\r\n            <img loading=\"lazy\" decoding=\"async\" width=\"1\" height=\"1\" src=\"https:\/\/bas-ip.com\/wp-content\/uploads\/2023\/04\/collage-1.svg\" class=\"attachment-thumbnail_350x320 size-thumbnail_350x320\" alt=\"\" \/>          <\/div>\r\n      \r\n      <div class=\"text-holder\">\r\n                        <h3 class=\"title-block\">T\u00e1voli hozz\u00e1f\u00e9r\u00e9s \u00e9s vez\u00e9rl\u00e9s a sz\u00e1m\u00edt\u00f3g\u00e9pr\u0151l<\/h3>\r\n          \r\n                        <div class=\"text-block\">\r\n                <p>A BAS-IP fejlett kaputelefon rendszer\u00e9vel az iskolai szem\u00e9lyzet k\u00f6nnyed\u00e9n haszn\u00e1lhatja a sz\u00e1m\u00edt\u00f3g\u00e9peit a kaputelefonon val\u00f3 kommunik\u00e1ci\u00f3hoz, a bej\u00e1ratok figyel\u00e9s\u00e9hez \u00e9s az ajt\u00f3hozz\u00e1f\u00e9r\u00e9s ir\u00e1ny\u00edt\u00e1s\u00e1hoz. Ez a rugalmass\u00e1g jav\u00edtja a v\u00e1laszid\u0151ket \u00e9s nagyobb hat\u00e9konys\u00e1got biztos\u00edt a napi feladatok \u00e9s v\u00e9szhelyzetek kezel\u00e9s\u00e9ben.<\/p>\n              <\/div>\r\n                <\/div>\r\n    <\/div>\r\n<\/div>\r\n            <\/div>\r\n<\/section>\r\n<!-- END Block Features -->\n\n<!-- START Block FAQ --><section id=\"block_64218de5ac119\" class=\"faq-section\">\r\n\t\t    <h2 class=\"title-section\" data-aos=\"fade-right\">Gyakran Ism\u00e9telt K\u00e9rd\u00e9sek<\/h2>\r\n\t\t\t    <div class=\"faq-list js-accordion\" data-aos=\"fade-up\">\r\n\t\t\t\t\t\t\t\t\t\t\t    <div class=\"accordion-item faq-item\">\r\n                        <div class=\"accordion-opener\">\r\n                            Q: K\u00f6nnyen integr\u00e1lhat\u00f3-e az iskol\u00e1k BAS-IP kaputelefonrendszere a megl\u00e9v\u0151 infrastrukt\u00far\u00e1nkba?                            <i class=\"fa-solid fa-chevron-down\"><\/i>\r\n                        <\/div>\r\n                        <div class=\"accordion-slide\">\r\n\t\t\t\t\t\t    <p>Igen, a BAS-IP kaputelefon rendszerek k\u00f6nnyen integr\u00e1lhat\u00f3k az iskola megl\u00e9v\u0151 IP helyi h\u00e1l\u00f3zat\u00e1ba, lehet\u0151v\u00e9 t\u00e9ve a z\u00f6kken\u0151mentes \u00e9s k\u00f6lts\u00e9ghat\u00e9kony telep\u00edt\u00e9si folyamatot.<\/p>\n                        <\/div>\r\n\t\t\t\t\t<\/div>\r\n\t\t\t\t\t\t\t\t\t\t\t\t\t\t\t    <div class=\"accordion-item faq-item\">\r\n                        <div class=\"accordion-opener\">\r\n                            Q: Hogyan biztos\u00edtja di\u00e1kjaink \u00e9s munkat\u00e1rsaink biztons\u00e1g\u00e1t a BAS-IP kaputelefon?                            <i class=\"fa-solid fa-chevron-down\"><\/i>\r\n                        <\/div>\r\n                        <div class=\"accordion-slide\">\r\n\t\t\t\t\t\t    <p>A BAS-IP kaputelefon rendszer sz\u00e1mos biztons\u00e1gi funkci\u00f3val rendelkezik, mint p\u00e9ld\u00e1ul a bej\u00e1ratokn\u00e1l t\u00f6rt\u00e9n\u0151 h\u0151m\u00e9rs\u00e9klet-figyel\u00e9s, gyors hozz\u00e1f\u00e9r\u00e9s-ellen\u0151rz\u00e9s, valamint a kommunik\u00e1ci\u00f3 \u00e9s az ajt\u00f3hozz\u00e1f\u00e9r\u00e9s figyel\u00e9se \u00e9s kezel\u00e9se a sz\u00e1m\u00edt\u00f3g\u00e9p\u00e9r\u0151l, biztos\u00edtva ezzel a biztons\u00e1gos k\u00f6rnyezetet mindenki sz\u00e1m\u00e1ra.<\/p>\n                        <\/div>\r\n\t\t\t\t\t<\/div>\r\n\t\t\t\t\t\t\t\t\t\t\t\t\t\t\t    <div class=\"accordion-item faq-item\">\r\n                        <div class=\"accordion-opener\">\r\n                            Q: A BAS-IP kaputelefon kompatibilis m\u00e1s kommunik\u00e1ci\u00f3s eszk\u00f6z\u00f6kkel \u00e9s rendszerekkel?                            <i class=\"fa-solid fa-chevron-down\"><\/i>\r\n                        <\/div>\r\n                        <div class=\"accordion-slide\">\r\n\t\t\t\t\t\t    <p>Igen, a BAS-IP kaputelefon rendszer \u00fagy van tervezve, hogy z\u00f6kken\u0151mentesen m\u0171k\u00f6dj\u00f6n k\u00fcl\u00f6nb\u00f6z\u0151 kommunik\u00e1ci\u00f3s eszk\u00f6z\u00f6kkel \u00e9s rendszerekkel, \u00e1tfog\u00f3 \u00e9s rugalmas megold\u00e1st k\u00edn\u00e1lva az iskola kommunik\u00e1ci\u00f3s ig\u00e9nyeihez.<\/p>\n                        <\/div>\r\n\t\t\t\t\t<\/div>\r\n\t\t\t\t\t\t\t\t\t\t\t\t\t\t\t    <div class=\"accordion-item faq-item\">\r\n                        <div class=\"accordion-opener\">\r\n                            Q: Mennyire megb\u00edzhat\u00f3ak a vezet\u00e9kes IP kaputelefon rendszerek a vezet\u00e9k n\u00e9lk\u00fcli kaputelefon rendszerekhez k\u00e9pest?                            <i class=\"fa-solid fa-chevron-down\"><\/i>\r\n                        <\/div>\r\n                        <div class=\"accordion-slide\">\r\n\t\t\t\t\t\t    <p>A vezet\u00e9kes IP kaputelefon rendszerek, mint p\u00e9ld\u00e1ul a BAS-IP iskolai kaputelefon rendszer, a vezet\u00e9k n\u00e9lk\u00fcli kaputelefon rendszerekhez k\u00e9pest kiemelked\u0151 megb\u00edzhat\u00f3s\u00e1got, biztons\u00e1got \u00e9s teljes\u00edtm\u00e9nyt k\u00edn\u00e1lnak. Biztos\u00edtj\u00e1k a stabil, megszak\u00edt\u00e1s n\u00e9lk\u00fcli kommunik\u00e1ci\u00f3t \u00e9s ir\u00e1ny\u00edt\u00e1st, \u00edgy ide\u00e1lis v\u00e1laszt\u00e1st jelentenek oktat\u00e1si int\u00e9zm\u00e9nyek sz\u00e1m\u00e1ra.<\/p>\n                        <\/div>\r\n\t\t\t\t\t<\/div>\r\n\t\t\t\t\t\t\t\t\t\t\t\t\t\t\t    <div class=\"accordion-item faq-item\">\r\n                        <div class=\"accordion-opener\">\r\n                            Q: Testreszabhatjuk-e a BAS-IP kaputelefon rendszert iskol\u00e1nk speci\u00e1lis ig\u00e9nyeihez?                            <i class=\"fa-solid fa-chevron-down\"><\/i>\r\n                        <\/div>\r\n                        <div class=\"accordion-slide\">\r\n\t\t\t\t\t\t    <p>Igen, a BAS-IP kaputelefon rendszer rendk\u00edv\u00fcl testreszabhat\u00f3, \u00e9s az iskola egyedi ig\u00e9nyeihez igaz\u00edthat\u00f3. Modul\u00e1ris kialak\u00edt\u00e1sa lehet\u0151v\u00e9 teszi k\u00fcl\u00f6nb\u00f6z\u0151 komponensek, p\u00e9ld\u00e1ul a h\u0151m\u00e9rs\u00e9klet-\u00e9rz\u00e9kel\u0151 modell hozz\u00e1ad\u00e1s\u00e1t, \u00edgy n\u00f6velve a biztons\u00e1got \u00e9s a funkcionalit\u00e1st.<\/p>\n                        <\/div>\r\n\t\t\t\t\t<\/div>\r\n\t\t\t\t\t\t\t\t\t<\/div>\r\n\t<\/section>\r\n<!-- END Block FAQ -->\n\n\n<p>A megb\u00edzhat\u00f3, funkci\u00f3kban gazdag \u00e9s biztons\u00e1gos kaputelefon rendszerbe t\u00f6rt\u00e9n\u0151 befektet\u00e9s kulcsfontoss\u00e1g\u00fa b\u00e1rmely oktat\u00e1si int\u00e9zm\u00e9ny biztons\u00e1ga \u00e9s hat\u00e9konys\u00e1ga szempontj\u00e1b\u00f3l. A BAS-IP iskolai kaputelefon rendszer p\u00e1ratlan teljes\u00edtm\u00e9nyt, innovat\u00edv funkci\u00f3kat \u00e9s z\u00f6kken\u0151mentes integr\u00e1ci\u00f3t k\u00edn\u00e1l a megl\u00e9v\u0151 IP h\u00e1l\u00f3zatokkal. A BAS-IP v\u00e1laszt\u00e1s\u00e1val az iskola kommunik\u00e1ci\u00f3s \u00e9s biztons\u00e1gi infrastrukt\u00far\u00e1j\u00e1nak j\u00f6v\u0151j\u00e9be fektet be. Tapasztalja meg a kommunik\u00e1ci\u00f3 forradalm\u00e1t a legjobb iskolai kaputelefon rendszerrel \u2013 BAS-IP. N\u00f6velje oktat\u00e1si int\u00e9zm\u00e9nye biztons\u00e1g\u00e1t, kommunik\u00e1ci\u00f3j\u00e1t \u00e9s \u00e1ltal\u00e1nos k\u00f6rnyezet\u00e9t, biztos\u00edtva a di\u00e1kok, alkalmazottak \u00e9s l\u00e1togat\u00f3k j\u00f3l\u00e9t\u00e9t. Ne kompromitt\u00e1lja a min\u0151s\u00e9get; b\u00edzzon a BAS-IP-ben, hogy kiv\u00e9teles teljes\u00edtm\u00e9nyt \u00e9s megb\u00edzhat\u00f3s\u00e1got biztos\u00edt iskol\u00e1ja sz\u00e1m\u00e1ra..<\/p>","protected":false},"excerpt":{"rendered":"<p>Intercom rendszerek iskol\u00e1k sz\u00e1m\u00e1ra A mai vil\u00e1gban a z\u00f6kken\u0151mentes kommunik\u00e1ci\u00f3 \u00e9s biztons\u00e1g elengedhetetlen elemei minden oktat\u00e1si int\u00e9zm\u00e9nynek. Egy hat\u00e9kony iskolai kaputelefon rendszer nemcsak gyors kommunik\u00e1ci\u00f3t biztos\u00edt, hanem n\u00f6veli a di\u00e1kok, tan\u00e1rok \u00e9s alkalmazottak biztons\u00e1g\u00e1t is. Bemutatkozik a BAS-IP iskolai kaputelefon rendszer, a v\u00e9gs\u0151 megold\u00e1s, amely \u00f6tv\u00f6zi a robusztus technol\u00f3gi\u00e1t, az innovat\u00edv funkci\u00f3kat \u00e9s p\u00e1ratlan teljes\u00edtm\u00e9nyt. [&hellip;]<\/p>","protected":false},"author":1,"featured_media":0,"parent":0,"menu_order":0,"comment_status":"closed","ping_status":"closed","template":"","meta":{"inline_featured_image":false,"footnotes":""},"class_list":["post-133484","page","type-page","status-publish","hentry"],"acf":[],"_links":{"self":[{"href":"https:\/\/bas-ip.com\/hu\/wp-json\/wp\/v2\/pages\/133484","targetHints":{"allow":["GET"]}}],"collection":[{"href":"https:\/\/bas-ip.com\/hu\/wp-json\/wp\/v2\/pages"}],"about":[{"href":"https:\/\/bas-ip.com\/hu\/wp-json\/wp\/v2\/types\/page"}],"author":[{"embeddable":true,"href":"https:\/\/bas-ip.com\/hu\/wp-json\/wp\/v2\/users\/1"}],"replies":[{"embeddable":true,"href":"https:\/\/bas-ip.com\/hu\/wp-json\/wp\/v2\/comments?post=133484"}],"version-history":[{"count":3,"href":"https:\/\/bas-ip.com\/hu\/wp-json\/wp\/v2\/pages\/133484\/revisions"}],"predecessor-version":[{"id":133558,"href":"https:\/\/bas-ip.com\/hu\/wp-json\/wp\/v2\/pages\/133484\/revisions\/133558"}],"wp:attachment":[{"href":"https:\/\/bas-ip.com\/hu\/wp-json\/wp\/v2\/media?parent=133484"}],"curies":[{"name":"wp","href":"https:\/\/api.w.org\/{rel}","templated":true}]}}