{"id":133235,"date":"2023-03-27T09:04:54","date_gmt":"2023-03-27T09:04:54","guid":{"rendered":"https:\/\/bas-ip.com\/%d1%82%d1%8a%d1%80%d0%b3%d0%be%d0%b2%d1%81%d0%ba%d0%b8-%d0%bf%d1%80%d0%be%d0%bc%d0%b8%d1%88%d0%bb%d0%b5%d0%bd%d0%b8\/"},"modified":"2025-03-10T11:46:55","modified_gmt":"2025-03-10T11:46:55","slug":"commercial","status":"publish","type":"page","link":"https:\/\/bas-ip.com\/hu\/kereskedelmi-ipari\/","title":{"rendered":"Kereskedelmi \/ Ipari"},"content":{"rendered":"<h1 class=\"wp-block-heading\"><strong>Forradalmas\u00edtsa munkahely\u00e9t \u00fczleti kaputelefon rendszerekkel.<\/strong><\/h1>\n\n\n\n<p>Ahogy a technol\u00f3gia folyamatosan fejl\u0151dik, elengedhetetlen, hogy a v\u00e1llalkoz\u00e1sok naprak\u00e9szek maradjanak a leg\u00fajabb fejleszt\u00e9sekkel. Az egyik ilyen fejleszt\u00e9s az \u00fczleti kaputelefon rendszerek integr\u00e1ci\u00f3ja, amely fokozott biztons\u00e1got \u00e9s hat\u00e9kony kommunik\u00e1ci\u00f3t biztos\u00edt irod\u00e1k \u00e9s kereskedelmi ingatlanok sz\u00e1m\u00e1ra. A BAS-IP IP kaputelefonjai \u00e1tfog\u00f3 megold\u00e1st k\u00edn\u00e1lnak, sz\u00e1mos egyedi funkci\u00f3val b\u00fcszk\u00e9lkedve, amelyek a modern munkahely ig\u00e9nyeit szolg\u00e1lj\u00e1k. Megvizsg\u00e1ljuk az \u00fczleti kaputelefon rendszer bevezet\u00e9s\u00e9nek el\u0151nyeit, \u00e9s elm\u00e9lyed\u00fcnk a BAS-IP cs\u00facsmin\u0151s\u00e9g\u0171 term\u00e9keinek r\u00e9szleteiben.<\/p>\n\n\n\n<h2 class=\"wp-block-heading\"><strong>Mi\u00e9rt v\u00e1lassza a BAS-IP-t \u00fczleti kaputelefon rendszer\u00e9hez?<\/strong><\/h2>\n\n\n\n<p>A BAS-IP \u00fatt\u00f6r\u0151 szerepet t\u00f6lt be a fejlett \u00fczleti kaputelefon rendszerek fejleszt\u00e9s\u00e9ben, innovat\u00edv term\u00e9kek sz\u00e9les v\u00e1laszt\u00e9k\u00e1t k\u00edn\u00e1lva, amelyek a modern munkahelyek ig\u00e9nyeit szolg\u00e1lj\u00e1k. A legmodernebb funkci\u00f3k \u00e9s a megb\u00edzhat\u00f3 hardver integr\u00e1l\u00e1s\u00e1val a BAS-IP kereskedelmi kaputelefon rendszerei hat\u00e9kony kommunik\u00e1ci\u00f3t \u00e9s fokozott biztons\u00e1got biztos\u00edtanak mind az irod\u00e1k, mind az ipari l\u00e9tes\u00edtm\u00e9nyek sz\u00e1m\u00e1ra.<\/p>\n\n\n<!-- START Block Features --><section id=\"block_642edd596eeb4\" class=\"features-section\">\r\n\t\r\n    <div class=\"features-list\">\r\n                    <div class=\"features-item\" data-aos=\"fade-up\">\r\n    <div class=\"features-box\">\r\n                    <div class=\"image-holder\">\r\n                <img loading=\"lazy\" decoding=\"async\" width=\"350\" height=\"320\" src=\"https:\/\/bas-ip.com\/wp-content\/uploads\/2023\/04\/1-350x320.jpg\" class=\"attachment-thumbnail_350x320 size-thumbnail_350x320\" alt=\"\" \/>            <\/div>\r\n        \r\n        <div class=\"text-holder\">\r\n                        <h3 class=\"title-block\">Az IP kaputelefonok ereje a munkahelyen<\/h3>\r\n          \r\n                        <div class=\"text-block\">\r\n                <p>A BAS-IP IP kaputelefon rendszerei sz\u00e1mos el\u0151nyt biztos\u00edtanak, bele\u00e9rtve a megl\u00e9v\u0151 IP helyi h\u00e1l\u00f3zatokba t\u00f6rt\u00e9n\u0151 z\u00f6kken\u0151mentes integr\u00e1ci\u00f3t.<\/p>\n<p>Ez lehet\u0151v\u00e9 teszi a munkav\u00e1llal\u00f3k sz\u00e1m\u00e1ra, hogy k\u00f6nnyen hozz\u00e1f\u00e9rjenek a kaputelefon rendszerhez \u00e9s megnyiss\u00e1k az ajt\u00f3kat a sz\u00e1m\u00edt\u00f3g\u00e9peikr\u0151l, egyszer\u0171s\u00edtve a kommunik\u00e1ci\u00f3t \u00e9s a biztons\u00e1got az irod\u00e1ban.<\/p>\n<p>Tov\u00e1bb\u00e1, az IP-alap\u00fa infrastrukt\u00fara sk\u00e1l\u00e1zhat\u00f3s\u00e1got \u00e9s alkalmazkod\u00f3k\u00e9pess\u00e9get tesz lehet\u0151v\u00e9, biztos\u00edtva, hogy az \u00fczleti kaputelefon rendszere az \u00d6n szervezet\u00e9vel egy\u00fctt n\u00f6vekedhessen \u00e9s fejl\u0151dhessen.<\/p>\n              <\/div>\r\n                  <\/div>\r\n    <\/div>\r\n<\/div>\r\n                    <div class=\"features-item\" data-aos=\"fade-up\">\r\n    <div class=\"features-box\">\r\n                    <div class=\"image-holder\">\r\n                <img loading=\"lazy\" decoding=\"async\" width=\"350\" height=\"320\" src=\"https:\/\/bas-ip.com\/wp-content\/uploads\/2023\/04\/2-350x320.jpg\" class=\"attachment-thumbnail_350x320 size-thumbnail_350x320\" alt=\"Business intercom systems\" \/>            <\/div>\r\n        \r\n        <div class=\"text-holder\">\r\n                        <h3 class=\"title-block\">Cs\u00facskateg\u00f3ri\u00e1s hardverkomponensek<\/h3>\r\n          \r\n                        <div class=\"text-block\">\r\n                <p>A BAS-IP legjobb \u00fczleti kaputelefon-rendszere az AV-08FBL, AT-10 \u00e9s BR-AT10 komponensekb\u0151l \u00e1ll. Ezek az elemek egy\u00fcttm\u0171k\u00f6dve kiv\u00e1l\u00f3 teljes\u00edtm\u00e9nyt \u00e9s felhaszn\u00e1l\u00f3i \u00e9lm\u00e9nyt biztos\u00edtanak, \u00edgy ide\u00e1lisak irod\u00e1k \u00e9s kereskedelmi ingatlanok sz\u00e1m\u00e1ra.<\/p>\n<p>AV-08FBL: Ez a k\u00fclt\u00e9ri panel eleg\u00e1ns kialak\u00edt\u00e1ssal, be\u00e9p\u00edtett kamer\u00e1val \u00e9s RFID-olvas\u00f3val rendelkezik, amely biztons\u00e1gos bel\u00e9ptet\u00e9st \u00e9s a l\u00e1togat\u00f3k vizu\u00e1lis azonos\u00edt\u00e1s\u00e1t teszi lehet\u0151v\u00e9.<\/p>\n<p>AT-10: Ez a st\u00edlusos belt\u00e9ri \u00e9rint\u0151panel nagy felbont\u00e1s\u00fa kijelz\u0151t, intuit\u00edv felhaszn\u00e1l\u00f3i fel\u00fcletet \u00e9s kompatibilit\u00e1st k\u00edn\u00e1l k\u00fcl\u00f6nf\u00e9le okosotthon- \u00e9s biztons\u00e1gi eszk\u00f6z\u00f6kkel.<\/p>\n<p>BR-AT10: Ez a t\u00f6bbfunkci\u00f3s asztali tart\u00f3 egyszer\u0171s\u00edti az AT-10 panel asztali telep\u00edt\u00e9s\u00e9t.<\/p>\n              <\/div>\r\n                  <\/div>\r\n    <\/div>\r\n<\/div>\r\n                    <div class=\"features-item\" data-aos=\"fade-up\">\r\n    <div class=\"features-box\">\r\n                    <div class=\"image-holder\">\r\n                <img loading=\"lazy\" decoding=\"async\" width=\"350\" height=\"320\" src=\"https:\/\/bas-ip.com\/wp-content\/uploads\/2023\/04\/3-350x320.jpg\" class=\"attachment-thumbnail_350x320 size-thumbnail_350x320\" alt=\"\" \/>            <\/div>\r\n        \r\n        <div class=\"text-holder\">\r\n                        <h3 class=\"title-block\">Megb\u00edzhat\u00f3 \u00fcgyf\u00e9lszolg\u00e1lat \u00e9s szerviz<\/h3>\r\n          \r\n                        <div class=\"text-block\">\r\n                <p>A BAS-IP elk\u00f6telezett amellett, hogy kiv\u00e9teles \u00fcgyf\u00e9lszolg\u00e1latot ny\u00fajtson, professzion\u00e1lis seg\u00edts\u00e9get \u00e9s t\u00e1mogat\u00e1st biztos\u00edtva term\u00e9keihez a teljes telep\u00edt\u00e9si folyamat sor\u00e1n \u00e9s azt k\u00f6vet\u0151en is.<\/p>\n<p>Szak\u00e9rt\u0151 \u00fcgyf\u00e9lszolg\u00e1lati csapatunk seg\u00edt az esetlegesen felmer\u00fcl\u0151 probl\u00e9m\u00e1k elh\u00e1r\u00edt\u00e1s\u00e1ban, biztos\u00edtva, hogy \u00fczleti kaputelefon-rendszere mindig megb\u00edzhat\u00f3an \u00e9s hat\u00e9konyan m\u0171k\u00f6dj\u00f6n.<\/p>\n<p>Ezenfel\u00fcl folyamatos kutat\u00e1s-fejleszt\u00e9si tev\u00e9kenys\u00e9g\u00fcnknek k\u00f6sz\u00f6nhet\u0151en a BAS-IP term\u00e9kei folyamatosan fejl\u0151dnek, \u00edgy v\u00e1llalkoz\u00e1sa egy olyan kaputelefon-megold\u00e1st kap, amely technol\u00f3gia \u00e9s teljes\u00edtm\u00e9ny szempontj\u00e1b\u00f3l is az \u00e9lvonalban marad.<\/p>\n              <\/div>\r\n                  <\/div>\r\n    <\/div>\r\n<\/div>\r\n            <\/div>\r\n<\/section>\r\n<!-- END Block Features -->\n\n\n<h2 class=\"wp-block-heading\"><strong>A <strong>BAS-IP \u00fczleti kaputelefon-rendszerek f\u0151bb jellemz\u0151i<\/strong><\/strong><\/h2>\n\n\n\n<p>A <strong>BAS-IP \u00fczleti kaputelefon-rendszerei<\/strong> egyedi funkci\u00f3kkal rendelkeznek, amelyek kiemelik \u0151ket a versenyt\u00e1rsak k\u00f6z\u00fcl. Ezen fejlett technol\u00f3gi\u00e1k kihaszn\u00e1l\u00e1s\u00e1val n\u00f6velheti munkahelye hat\u00e9konys\u00e1g\u00e1t, biztons\u00e1g\u00e1t \u00e9s \u00e1ltal\u00e1nos funkcionalit\u00e1s\u00e1t.<\/p>\n\n\n<!-- START Block Features --><section id=\"block_642edfc06eeba\" class=\"features-section\">\r\n\t\r\n    <div class=\"features-list\">\r\n                    <div class=\"features-item\" data-aos=\"fade-up\">\r\n    <div class=\"features-box\">\r\n                    <div class=\"image-holder\">\r\n                <img loading=\"lazy\" decoding=\"async\" width=\"350\" height=\"320\" src=\"https:\/\/bas-ip.com\/wp-content\/uploads\/2023\/04\/4-350x320.jpg\" class=\"attachment-thumbnail_350x320 size-thumbnail_350x320\" alt=\"\" \/>            <\/div>\r\n        \r\n        <div class=\"text-holder\">\r\n                        <h3 class=\"title-block\">Vezet\u00e9kes kaputelefon-rendszerek v\u00e1llalkoz\u00e1sok sz\u00e1m\u00e1ra<\/h3>\r\n          \r\n                        <div class=\"text-block\">\r\n                <p>Mik\u00f6zben a vezet\u00e9k n\u00e9lk\u00fcli technol\u00f3gia egyre n\u00e9pszer\u0171bb\u00e9 v\u00e1lik, a vezet\u00e9kes kaputelefon-rendszerek sz\u00e1mos el\u0151nnyel rendelkeznek, p\u00e9ld\u00e1ul nagyobb megb\u00edzhat\u00f3s\u00e1got, cs\u00f6kkentett interferenci\u00e1t \u00e9s fokozott biztons\u00e1got k\u00edn\u00e1lnak.<\/p>\n<p>A BAS-IP vezet\u00e9kes kaputelefon-rendszerei \u00fagy lettek kialak\u00edtva, hogy folyamatos \u00e9s stabil teljes\u00edtm\u00e9nyt ny\u00fajtsanak, biztos\u00edtva a z\u00f6kken\u0151mentes kommunik\u00e1ci\u00f3t \u00e9s a hat\u00e9kony bel\u00e9ptet\u00e9s-vez\u00e9rl\u00e9st irod\u00e1kban \u00e9s kereskedelmi ingatlanokban.<\/p>\n              <\/div>\r\n                  <\/div>\r\n    <\/div>\r\n<\/div>\r\n                    <div class=\"features-item\" data-aos=\"fade-up\">\r\n    <div class=\"features-box\">\r\n                    <div class=\"image-holder\">\r\n                <img loading=\"lazy\" decoding=\"async\" width=\"350\" height=\"320\" src=\"https:\/\/bas-ip.com\/wp-content\/uploads\/2023\/04\/5-1-350x320.jpg\" class=\"attachment-thumbnail_350x320 size-thumbnail_350x320\" alt=\"\" \/>            <\/div>\r\n        \r\n        <div class=\"text-holder\">\r\n                        <h3 class=\"title-block\">Asztali \u00e9s irodai kaputelefon integr\u00e1ci\u00f3<\/h3>\r\n          \r\n                        <div class=\"text-block\">\r\n                <p>A BAS-IP \u00fczleti kaputelefon-rendszerei k\u00f6nnyen integr\u00e1lhat\u00f3k asztali telefonokkal \u00e9s irodai kaputelefon-h\u00e1l\u00f3zatokkal, lehet\u0151v\u00e9 t\u00e9ve a dolgoz\u00f3k sz\u00e1m\u00e1ra a z\u00f6kken\u0151mentes kommunik\u00e1ci\u00f3t a munkahelyen.<\/p>\n<p>Ez nemcsak a hat\u00e9kony egy\u00fcttm\u0171k\u00f6d\u00e9st seg\u00edti el\u0151, hanem biztos\u00edtja, hogy a fontos inform\u00e1ci\u00f3k gyorsan \u00e9s pontosan eljussanak a megfelel\u0151 szem\u00e9lyekhez.<\/p>\n              <\/div>\r\n                  <\/div>\r\n    <\/div>\r\n<\/div>\r\n                    <div class=\"features-item\" data-aos=\"fade-up\">\r\n    <div class=\"features-box\">\r\n                    <div class=\"image-holder\">\r\n                <img loading=\"lazy\" decoding=\"async\" width=\"350\" height=\"320\" src=\"https:\/\/bas-ip.com\/wp-content\/uploads\/2023\/04\/6-350x320.jpg\" class=\"attachment-thumbnail_350x320 size-thumbnail_350x320\" alt=\"\" \/>            <\/div>\r\n        \r\n        <div class=\"text-holder\">\r\n                        <h3 class=\"title-block\">Ipari kaputelefon-rendszer kompatibilit\u00e1s<\/h3>\r\n          \r\n                        <div class=\"text-block\">\r\n                <p>A BAS-IP ipari kaputelefon-rendszerei robosztus kommunik\u00e1ci\u00f3s megold\u00e1sokat k\u00edn\u00e1lnak, amelyek kifejezetten a kemik\u00e1li\u00e1knak, pornak \u00e9s m\u00e1s zord k\u00f6rnyezeti t\u00e9nyez\u0151knek ellen\u00e1ll\u00f3an lettek tervezve.<\/p>\n<p>Egy megb\u00edzhat\u00f3 ipari kaputelefon-rendszer bevezet\u00e9s\u00e9vel biztos\u00edthatja a hat\u00e9kony kommunik\u00e1ci\u00f3t \u00e9s a biztons\u00e1gos bel\u00e9ptet\u00e9s-vez\u00e9rl\u00e9st m\u00e9g a legmegterhel\u0151bb k\u00f6rnyezetekben is, \u00edgy jav\u00edtva az \u00fczemi hat\u00e9konys\u00e1got \u00e9s a dolgoz\u00f3k biztons\u00e1g\u00e1t.<\/p>\n              <\/div>\r\n                  <\/div>\r\n    <\/div>\r\n<\/div>\r\n            <\/div>\r\n<\/section>\r\n<!-- END Block Features -->\n\n<!-- START Block FAQ --><section id=\"block_64215db07ecd6\" class=\"faq-section\">\r\n\t\t    <h2 class=\"title-section\" data-aos=\"fade-right\">Gyakran Ism\u00e9telt K\u00e9rd\u00e9sek a Biztons\u00e1gi Kaputelefon Rendszerekr\u0151l<\/h2>\r\n\t\t\t    <div class=\"faq-list js-accordion\" data-aos=\"fade-up\">\r\n\t\t\t\t\t\t\t\t\t\t\t    <div class=\"accordion-item faq-item\">\r\n                        <div class=\"accordion-opener\">\r\n                            Q: A biztons\u00e1gi kaputelefon-rendszer jelent\u0151sen jav\u00edthatja az iroda biztons\u00e1g\u00e1t az al\u00e1bbi m\u00f3dokon                            <i class=\"fa-solid fa-chevron-down\"><\/i>\r\n                        <\/div>\r\n                        <div class=\"accordion-slide\">\r\n\t\t\t\t\t\t    <p>A biztons\u00e1gi kaputelefon-rendszerek olyan funkci\u00f3k integr\u00e1l\u00e1s\u00e1val, mint a vide\u00f3megfigyel\u00e9s, bel\u00e9ptet\u0151 rendszerek \u00e9s l\u00e1togat\u00f3azonos\u00edt\u00e1s, seg\u00edtenek megv\u00e9deni irod\u00e1j\u00e1t vagy kereskedelmi ingatlan\u00e1t az illet\u00e9ktelen hozz\u00e1f\u00e9r\u00e9s \u00e9s potenci\u00e1lis fenyeget\u00e9sek ellen. Ezek a fejlett biztons\u00e1gi megold\u00e1sok biztos\u00edtj\u00e1k, hogy csak a jogosult szem\u00e9lyek juthassanak be az ingatlanba, mik\u00f6zben val\u00f3s idej\u0171 inform\u00e1ci\u00f3kat ny\u00fajtanak a l\u00e1togat\u00f3kr\u00f3l \u00e9s az esem\u00e9nyekr\u0151l.<\/p>\n                        <\/div>\r\n\t\t\t\t\t<\/div>\r\n\t\t\t\t\t\t\t\t\t\t\t\t\t\t\t    <div class=\"accordion-item faq-item\">\r\n                        <div class=\"accordion-opener\">\r\n                            Q: Integr\u00e1lhatom a BAS-IP kaputelefon-rendszert a megl\u00e9v\u0151 IP helyi h\u00e1l\u00f3zatomba?                            <i class=\"fa-solid fa-chevron-down\"><\/i>\r\n                        <\/div>\r\n                        <div class=\"accordion-slide\">\r\n\t\t\t\t\t\t    <p>Igen, a BAS-IP kaputelefon-rendszerei z\u00f6kken\u0151mentesen integr\u00e1lhat\u00f3k a megl\u00e9v\u0151 IP helyi h\u00e1l\u00f3zatokba, lehet\u0151v\u00e9 t\u00e9ve a dolgoz\u00f3k sz\u00e1m\u00e1ra, hogy a rendszert el\u00e9rj\u00e9k \u00e9s ajt\u00f3kat nyissanak meg a sz\u00e1m\u00edt\u00f3g\u00e9peikr\u0151l \u00e9s egy\u00e9b csatlakoztatott eszk\u00f6zeikr\u0151l. Ez egyszer\u0171s\u00edti a kommunik\u00e1ci\u00f3t \u00e9s a bel\u00e9ptet\u00e9s-vez\u00e9rl\u00e9st a munkahely\u00e9n, n\u00f6velve a hat\u00e9konys\u00e1got \u00e9s a biztons\u00e1got.<\/p>\n                        <\/div>\r\n\t\t\t\t\t<\/div>\r\n\t\t\t\t\t\t\t\t\t\t\t\t\t\t\t    <div class=\"accordion-item faq-item\">\r\n                        <div class=\"accordion-opener\">\r\n                            Q: Mi\u00e9rt jobb v\u00e1laszt\u00e1s a BAS-IP vezet\u00e9kes kaputelefon-rendszere, mint a vezet\u00e9k n\u00e9lk\u00fcli megold\u00e1sok?                            <i class=\"fa-solid fa-chevron-down\"><\/i>\r\n                        <\/div>\r\n                        <div class=\"accordion-slide\">\r\n\t\t\t\t\t\t    <p>A vezet\u00e9kes kaputelefon-rendszerek megn\u00f6velt megb\u00edzhat\u00f3s\u00e1got, cs\u00f6kkentett interferenci\u00e1t \u00e9s fokozott biztons\u00e1got k\u00edn\u00e1lnak a vezet\u00e9k n\u00e9lk\u00fcli megold\u00e1sokhoz k\u00e9pest. A BAS-IP vezet\u00e9kes kaputelefon-rendszerei \u00fagy lettek tervezve, hogy folyamatos teljes\u00edtm\u00e9nyt biztos\u00edtsanak, \u00edgy ide\u00e1lisak olyan v\u00e1llalkoz\u00e1sok sz\u00e1m\u00e1ra, amelyek megb\u00edzhat\u00f3 kommunik\u00e1ci\u00f3s megold\u00e1sokat keresnek.<\/p>\n                        <\/div>\r\n\t\t\t\t\t<\/div>\r\n\t\t\t\t\t\t\t\t\t\t\t\t\t\t\t    <div class=\"accordion-item faq-item\">\r\n                        <div class=\"accordion-opener\">\r\n                            Q: Alkalmasak a BAS-IP kaputelefon-rendszerei ipari k\u00f6rnyezetekhez?                            <i class=\"fa-solid fa-chevron-down\"><\/i>\r\n                        <\/div>\r\n                        <div class=\"accordion-slide\">\r\n\t\t\t\t\t\t    <p>Igen, a BAS-IP kaputelefon-rendszerei ipari k\u00f6rnyezetekhez is kompatibilisek. Ezek a robusztus rendszerek k\u00e9pesek ellen\u00e1llni a zord k\u00f6rnyezeti felt\u00e9teleknek, biztos\u00edtva a hat\u00e9kony kommunik\u00e1ci\u00f3t \u00e9s a biztons\u00e1gos bel\u00e9ptet\u00e9s-vez\u00e9rl\u00e9st k\u00fcl\u00f6nb\u00f6z\u0151 ipar\u00e1gakban.<\/p>\n                        <\/div>\r\n\t\t\t\t\t<\/div>\r\n\t\t\t\t\t\t\t\t\t\t\t\t\t\t\t    <div class=\"accordion-item faq-item\">\r\n                        <div class=\"accordion-opener\">\r\n                            Q: Haszn\u00e1lhatom a BAS-IP kaputelefon-rendszert az okos irodai eszk\u00f6zeimmel val\u00f3 integr\u00e1l\u00e1shoz?                            <i class=\"fa-solid fa-chevron-down\"><\/i>\r\n                        <\/div>\r\n                        <div class=\"accordion-slide\">\r\n\t\t\t\t\t\t    <p>Igen, a BAS-IP kaputelefon-rendszerei \u00fagy lettek tervezve, hogy kompatibilisek legyenek k\u00fcl\u00f6nf\u00e9le okos irodai eszk\u00f6z\u00f6kkel, p\u00e9ld\u00e1ul vil\u00e1g\u00edt\u00e1si \u00e9s kl\u00edmavez\u00e9rl\u0151 rendszerekkel. Ez lehet\u0151v\u00e9 teszi a z\u00f6kken\u0151mentes integr\u00e1ci\u00f3t, \u00e9s jav\u00edtja a munkahelyi funkci\u00f3k \u00f6sszess\u00e9g\u00e9t, optimaliz\u00e1lva a munkak\u00f6rnyezetet.<\/p>\n                        <\/div>\r\n\t\t\t\t\t<\/div>\r\n\t\t\t\t\t\t\t\t\t<\/div>\r\n\t<\/section>\r\n<!-- END Block FAQ -->\n\n\n<p>A mai gyorsan v\u00e1ltoz\u00f3 \u00fczleti vil\u00e1gban a hat\u00e9kony kommunik\u00e1ci\u00f3 \u00e9s a megb\u00edzhat\u00f3 biztons\u00e1gi int\u00e9zked\u00e9sek elengedhetetlenek. A <strong>BAS-IP \u00fczleti kaputelefon-rendszerei<\/strong> \u00e1tfog\u00f3 megold\u00e1st k\u00edn\u00e1lnak, amely \u00f6tv\u00f6zi a legmodernebb funkci\u00f3kat, a megb\u00edzhat\u00f3 hardvert \u00e9s a megl\u00e9v\u0151 IP helyi h\u00e1l\u00f3zatokkal val\u00f3 z\u00f6kken\u0151mentes integr\u00e1ci\u00f3t. A BAS-IP kaputelefon-rendszer bevezet\u00e9s\u00e9vel irod\u00e1j\u00e1ban vagy kereskedelmi ingatlan\u00e1n jav\u00edthatja a kommunik\u00e1ci\u00f3t, a biztons\u00e1got \u00e9s az \u00e1ltal\u00e1nos munkahelyi funkcionalit\u00e1st. Tapasztalja meg a vil\u00e1gklasszis kaputelefon-rendszer el\u0151nyeit, \u00e9s forradalmas\u00edtsa munkahely\u00e9t a BAS-IP innovat\u00edv kaputelefon-megold\u00e1saival. Fedezze fel a hat\u00e9kony kommunik\u00e1ci\u00f3, a fejlett biztons\u00e1g \u00e9s a z\u00f6kken\u0151mentes integr\u00e1ci\u00f3 lehet\u0151s\u00e9geit, amelyek el\u0151seg\u00edthetik, hogy v\u00e1llalkoz\u00e1sa sikeresen boldoguljon egyre ink\u00e1bb \u00f6sszekapcsolt vil\u00e1gunkban.<\/p>","protected":false},"excerpt":{"rendered":"<p>Forradalmas\u00edtsa munkahely\u00e9t \u00fczleti kaputelefon rendszerekkel. Ahogy a technol\u00f3gia folyamatosan fejl\u0151dik, elengedhetetlen, hogy a v\u00e1llalkoz\u00e1sok naprak\u00e9szek maradjanak a leg\u00fajabb fejleszt\u00e9sekkel. Az egyik ilyen fejleszt\u00e9s az \u00fczleti kaputelefon rendszerek integr\u00e1ci\u00f3ja, amely fokozott biztons\u00e1got \u00e9s hat\u00e9kony kommunik\u00e1ci\u00f3t biztos\u00edt irod\u00e1k \u00e9s kereskedelmi ingatlanok sz\u00e1m\u00e1ra. A BAS-IP IP kaputelefonjai \u00e1tfog\u00f3 megold\u00e1st k\u00edn\u00e1lnak, sz\u00e1mos egyedi funkci\u00f3val b\u00fcszk\u00e9lkedve, amelyek a modern munkahely [&hellip;]<\/p>","protected":false},"author":1,"featured_media":0,"parent":0,"menu_order":0,"comment_status":"closed","ping_status":"closed","template":"","meta":{"inline_featured_image":false,"footnotes":""},"class_list":["post-133235","page","type-page","status-publish","hentry"],"acf":[],"_links":{"self":[{"href":"https:\/\/bas-ip.com\/hu\/wp-json\/wp\/v2\/pages\/133235","targetHints":{"allow":["GET"]}}],"collection":[{"href":"https:\/\/bas-ip.com\/hu\/wp-json\/wp\/v2\/pages"}],"about":[{"href":"https:\/\/bas-ip.com\/hu\/wp-json\/wp\/v2\/types\/page"}],"author":[{"embeddable":true,"href":"https:\/\/bas-ip.com\/hu\/wp-json\/wp\/v2\/users\/1"}],"replies":[{"embeddable":true,"href":"https:\/\/bas-ip.com\/hu\/wp-json\/wp\/v2\/comments?post=133235"}],"version-history":[{"count":5,"href":"https:\/\/bas-ip.com\/hu\/wp-json\/wp\/v2\/pages\/133235\/revisions"}],"predecessor-version":[{"id":133322,"href":"https:\/\/bas-ip.com\/hu\/wp-json\/wp\/v2\/pages\/133235\/revisions\/133322"}],"wp:attachment":[{"href":"https:\/\/bas-ip.com\/hu\/wp-json\/wp\/v2\/media?parent=133235"}],"curies":[{"name":"wp","href":"https:\/\/api.w.org\/{rel}","templated":true}]}}