{"id":133075,"date":"2023-03-28T17:03:55","date_gmt":"2023-03-28T17:03:55","guid":{"rendered":"https:\/\/bas-ip.com\/case-studies\/"},"modified":"2025-03-06T10:12:39","modified_gmt":"2025-03-06T10:12:39","slug":"case-studies","status":"publish","type":"page","link":"https:\/\/bas-ip.com\/hu\/case-studies\/","title":{"rendered":"Megold\u00e1sok"},"content":{"rendered":"<h1 class=\"wp-block-heading\"><strong>Kaputelefon Megold\u00e1sok<\/strong><\/h1>\n\n\n\n<p>A BAS-IP vezet\u0151 szerepet t\u00f6lt be a legmodernebb kaputelefon-megold\u00e1sok biztos\u00edt\u00e1s\u00e1ban a k\u00fcl\u00f6nb\u00f6z\u0151 ipar\u00e1gak sz\u00e1m\u00e1ra, kiv\u00e9teles biztons\u00e1gi \u00e9s kommunik\u00e1ci\u00f3s \u00e9lm\u00e9nyeket k\u00edn\u00e1lva. Ebben a cikkben hat meggy\u0151z\u0151 kaputelefon-esettanulm\u00e1nyt vizsg\u00e1lunk meg, amelyek bemutatj\u00e1k a BAS-IP term\u00e9keinek sokoldal\u00fas\u00e1g\u00e1t \u00e9s hat\u00e9konys\u00e1g\u00e1t k\u00fcl\u00f6nb\u00f6z\u0151 k\u00f6rnyezetekben. A t\u00f6bblak\u00e1sos \u00e9p\u00fcletekt\u0151l a k\u00f3rh\u00e1zi l\u00e9tes\u00edtm\u00e9nyekig ezek az esettanulm\u00e1nyok kiemelik a BAS-IP kaputelefon-rendszerek \u00e1talak\u00edt\u00f3 erej\u00e9t.<\/p>\n\n\n<!-- START Block Info 3 Columns with links --><section id=\"block_6437b6d9794a8\" class=\"info-columns-section\">\r\n   <div class=\"column-list\">\r\n                        <div class=\"column-item\" data-aos=\"fade-up\" data-aos-delay=\"100\">\r\n                  <div class=\"image-block\">\r\n            <a href=\"\/building-intercom-system\/\">\r\n               <img loading=\"lazy\" decoding=\"async\" width=\"320\" height=\"232\" src=\"https:\/\/bas-ip.com\/wp-content\/uploads\/2023\/04\/1-5.jpg\" class=\"attachment-thumbnail_345x250 size-thumbnail_345x250\" alt=\"\" srcset=\"https:\/\/bas-ip.com\/wp-content\/uploads\/2023\/04\/1-5.jpg 320w,  https:\/\/bas-ip.com\/wp-content\/uploads\/2023\/04\/1-5-300x218.jpg 300w\" sizes=\"auto, (max-width: 320px) 100vw, 320px\" \/><\/a>\r\n         <\/div>\r\n         \r\n                  <a href=\"\/building-intercom-system\/\">\r\n            <h3 class=\"title-section\">T\u00f6bblak\u00e1sos \u00c9p\u00fclet: Z\u00f6kken\u0151mentes Lakhat\u00e1si \u00c9lm\u00e9ny<\/h3>\r\n         <\/a>\r\n                           <div class=\"text-block\">\r\n            <p>A BAS-IP kaputelefon-megold\u00e1sai forradalmas\u00edtott\u00e1k a lak\u00f3k lak\u00f3k\u00f6rnyezet\u00fckkel val\u00f3 interakci\u00f3j\u00e1nak m\u00f3dj\u00e1t. Egy t\u00f6bblak\u00e1sos \u00e9p\u00fcletben a BAS-IP kaputelefon-rendszer bevezet\u00e9se nemcsak a biztons\u00e1got fokozta, hanem megk\u00f6nny\u00edtette a z\u00f6kken\u0151mentes kommunik\u00e1ci\u00f3t a b\u00e9rl\u0151k, a l\u00e1togat\u00f3k \u00e9s az \u00e9p\u00fcletvezet\u00e9s k\u00f6z\u00f6tt. A rendszer felhaszn\u00e1l\u00f3bar\u00e1t fel\u00fclete \u00e9s az okosotthon-technol\u00f3gi\u00e1val val\u00f3 integr\u00e1ci\u00f3ja \u00faj szint\u0171 k\u00e9nyelmet \u00e9s hozz\u00e1f\u00e9rhet\u0151s\u00e9get biztos\u00edtott a lak\u00f3k sz\u00e1m\u00e1ra, jav\u00edtva ezzel lakhat\u00e1si \u00e9lm\u00e9ny\u00fcket.<\/p>\n         <\/div>\r\n               <\/div>\r\n                              <div class=\"column-item\" data-aos=\"fade-up\" data-aos-delay=\"200\">\r\n                  <div class=\"image-block\">\r\n            <a href=\"\/business-intercom-systems-for-office\/\">\r\n               <img loading=\"lazy\" decoding=\"async\" width=\"320\" height=\"232\" src=\"https:\/\/bas-ip.com\/wp-content\/uploads\/2023\/04\/2-5.jpg\" class=\"attachment-thumbnail_345x250 size-thumbnail_345x250\" alt=\"\" srcset=\"https:\/\/bas-ip.com\/wp-content\/uploads\/2023\/04\/2-5.jpg 320w,  https:\/\/bas-ip.com\/wp-content\/uploads\/2023\/04\/2-5-300x218.jpg 300w\" sizes=\"auto, (max-width: 320px) 100vw, 320px\" \/><\/a>\r\n         <\/div>\r\n         \r\n                  <a href=\"\/business-intercom-systems-for-office\/\">\r\n            <h3 class=\"title-section\">Kereskedelmi: A M\u0171k\u00f6d\u00e9s \u00e9s a Biztons\u00e1g \u00c1ramvonalas\u00edt\u00e1sa<\/h3>\r\n         <\/a>\r\n                           <div class=\"text-block\">\r\n            <p>Kereskedelmi vagy ipari k\u00f6rnyezetben a hat\u00e9kony kommunik\u00e1ci\u00f3 \u00e9s biztons\u00e1g elengedhetetlen a z\u00f6kken\u0151mentes m\u0171k\u00f6d\u00e9shez. A BAS-IP kaputelefon-megold\u00e1sok kulcsszerepet j\u00e1tszottak a munkafolyamatok \u00e9s a biztons\u00e1gi int\u00e9zked\u00e9sek jav\u00edt\u00e1s\u00e1ban egy nagy gy\u00e1rt\u00f3\u00fczemben. A kaputelefon-rendszer bel\u00e9ptet\u0151rendszerrel, vide\u00f3 megfigyel\u00e9ssel \u00e9s v\u00e9szhelyzeti v\u00e1laszfunkci\u00f3kkal val\u00f3 integr\u00e1l\u00e1s\u00e1val a l\u00e9tes\u00edtm\u00e9ny jelent\u0151s javul\u00e1st tapasztalt a kommunik\u00e1ci\u00f3 \u00e9s az \u00e1ltal\u00e1nos biztons\u00e1g ter\u00e9n.<\/p>\n         <\/div>\r\n               <\/div>\r\n                              <div class=\"column-item\" data-aos=\"fade-up\" data-aos-delay=\"300\">\r\n                  <div class=\"image-block\">\r\n            <a href=\"\/intercom-systems-for-home-and-house\/\">\r\n               <img loading=\"lazy\" decoding=\"async\" width=\"320\" height=\"232\" src=\"https:\/\/bas-ip.com\/wp-content\/uploads\/2023\/04\/3-5.jpg\" class=\"attachment-thumbnail_345x250 size-thumbnail_345x250\" alt=\"\" srcset=\"https:\/\/bas-ip.com\/wp-content\/uploads\/2023\/04\/3-5.jpg 320w,  https:\/\/bas-ip.com\/wp-content\/uploads\/2023\/04\/3-5-300x218.jpg 300w\" sizes=\"auto, (max-width: 320px) 100vw, 320px\" \/><\/a>\r\n         <\/div>\r\n         \r\n                  <a href=\"\/intercom-systems-for-home-and-house\/\">\r\n            <h3 class=\"title-section\">Otthon: A Biztons\u00e1g \u00e9s a Kapcsol\u00f3d\u00e1s Fokoz\u00e1sa<\/h3>\r\n         <\/a>\r\n                           <div class=\"text-block\">\r\n            <p>Mivel a h\u00e1ztulajdonosok egyre ink\u00e1bb el\u0151t\u00e9rbe helyezik a biztons\u00e1got \u00e9s az okosotthon-technol\u00f3gi\u00e1t, a BAS-IP kaputelefon-megold\u00e1sai n\u00e9pszer\u0171 v\u00e1laszt\u00e1ss\u00e1 v\u00e1ltak. Egy k\u00fclv\u00e1rosi otthonban a BAS-IP kaputelefon-rendszer telep\u00edt\u00e9se nemcsak a biztons\u00e1got n\u00f6velte, hanem jav\u00edtotta a kapcsolattart\u00e1st a csal\u00e1dtagokkal \u00e9s a vend\u00e9gekkel is. Az intuit\u00edv fel\u00fclet \u00e9s az okostelefonokkal val\u00f3 kompatibilit\u00e1s lehet\u0151v\u00e9 tette a h\u00e1ztulajdonosok sz\u00e1m\u00e1ra, hogy figyelj\u00e9k ingatlanukat \u00e9s k\u00f6nnyed\u00e9n kommunik\u00e1ljanak, biztons\u00e1gos \u00e9s \u00f6sszekapcsolt lak\u00f3k\u00f6rnyezetet teremtve.<\/p>\n         <\/div>\r\n               <\/div>\r\n                              <div class=\"column-item\" data-aos=\"fade-up\" data-aos-delay=\"400\">\r\n                  <div class=\"image-block\">\r\n            <a href=\"\/medical-hospital-intercom-system\/\">\r\n               <img loading=\"lazy\" decoding=\"async\" width=\"320\" height=\"232\" src=\"https:\/\/bas-ip.com\/wp-content\/uploads\/2023\/04\/4-5.jpg\" class=\"attachment-thumbnail_345x250 size-thumbnail_345x250\" alt=\"\" srcset=\"https:\/\/bas-ip.com\/wp-content\/uploads\/2023\/04\/4-5.jpg 320w,  https:\/\/bas-ip.com\/wp-content\/uploads\/2023\/04\/4-5-300x218.jpg 300w\" sizes=\"auto, (max-width: 320px) 100vw, 320px\" \/><\/a>\r\n         <\/div>\r\n         \r\n                  <a href=\"\/medical-hospital-intercom-system\/\">\r\n            <h3 class=\"title-section\">K\u00f3rh\u00e1z: A Betegell\u00e1t\u00e1s \u00e9s a Biztons\u00e1g Meger\u0151s\u00edt\u00e9se<\/h3>\r\n         <\/a>\r\n                           <div class=\"text-block\">\r\n            <p>A k\u00f3rh\u00e1zak \u00e9s az orvosi l\u00e9tes\u00edtm\u00e9nyek fejlett kommunik\u00e1ci\u00f3s rendszereket ig\u00e9nyelnek a hat\u00e9kony betegell\u00e1t\u00e1s \u00e9s biztons\u00e1g \u00e9rdek\u00e9ben. Egy korszer\u0171 k\u00f3rh\u00e1zban a BAS-IP kaputelefon-megold\u00e1sait alkalmazt\u00e1k az orvosi szem\u00e9lyzet, a betegek \u00e9s a l\u00e1togat\u00f3k k\u00f6z\u00f6tti kommunik\u00e1ci\u00f3 egyszer\u0171s\u00edt\u00e9s\u00e9re. A rendszer megk\u00f6nny\u00edtette a gyors reag\u00e1l\u00e1st a v\u00e9szhelyzetekre, fokozta a betegek mag\u00e1n\u00e9let\u00e9t \u00e9s jav\u00edtotta a k\u00f3rh\u00e1z \u00e1ltal\u00e1nos biztons\u00e1g\u00e1t. A BAS-IP kaputelefon-rendszer integr\u00e1l\u00e1sa d\u00f6nt\u0151 fontoss\u00e1g\u00fanak bizonyult a kiv\u00e9teles betegell\u00e1t\u00e1s biztos\u00edt\u00e1s\u00e1ban.<\/p>\n         <\/div>\r\n               <\/div>\r\n                              <div class=\"column-item\" data-aos=\"fade-up\" data-aos-delay=\"500\">\r\n                  <div class=\"image-block\">\r\n            <a href=\"\/intercom-systems-for-schools\/\">\r\n               <img loading=\"lazy\" decoding=\"async\" width=\"320\" height=\"232\" src=\"https:\/\/bas-ip.com\/wp-content\/uploads\/2023\/04\/5-5.jpg\" class=\"attachment-thumbnail_345x250 size-thumbnail_345x250\" alt=\"\" srcset=\"https:\/\/bas-ip.com\/wp-content\/uploads\/2023\/04\/5-5.jpg 320w,  https:\/\/bas-ip.com\/wp-content\/uploads\/2023\/04\/5-5-300x218.jpg 300w\" sizes=\"auto, (max-width: 320px) 100vw, 320px\" \/><\/a>\r\n         <\/div>\r\n         \r\n                  <a href=\"\/intercom-systems-for-schools\/\">\r\n            <h3 class=\"title-section\">Iskola: Biztons\u00e1gos Tanul\u00e1si K\u00f6rnyezet El\u0151seg\u00edt\u00e9se<\/h3>\r\n         <\/a>\r\n                           <div class=\"text-block\">\r\n            <p>Az oktat\u00e1si int\u00e9zm\u00e9nyeknek robusztus biztons\u00e1gi \u00e9s kommunik\u00e1ci\u00f3s rendszerekre van sz\u00fcks\u00e9g\u00fck a di\u00e1kok \u00e9s a szem\u00e9lyzet v\u00e9delme \u00e9rdek\u00e9ben. Egy progressz\u00edv iskol\u00e1ban a BAS-IP kaputelefon-megold\u00e1sai kulcsfontoss\u00e1g\u00faak voltak a biztons\u00e1gos tanul\u00e1si k\u00f6rnyezet megteremt\u00e9s\u00e9ben. A rendszer z\u00f6kken\u0151mentes kommunik\u00e1ci\u00f3t tett lehet\u0151v\u00e9 a tantermek, az adminisztrat\u00edv irod\u00e1k \u00e9s a k\u00fcls\u0151 l\u00e1togat\u00f3k k\u00f6z\u00f6tt, biztos\u00edtva a di\u00e1kok \u00e9s a szem\u00e9lyzet biztons\u00e1g\u00e1t. Ezenk\u00edv\u00fcl a kaputelefon-rendszer bel\u00e9ptet\u0151rendszerrel \u00e9s vide\u00f3 megfigyel\u00e9si funkci\u00f3kkal val\u00f3 integr\u00e1l\u00e1sa jelent\u0151sen jav\u00edtotta az iskola \u00e1ltal\u00e1nos biztons\u00e1g\u00e1t.<\/p>\n         <\/div>\r\n               <\/div>\r\n                              <div class=\"column-item\" data-aos=\"fade-up\" data-aos-delay=\"600\">\r\n                  <div class=\"image-block\">\r\n            <a href=\"\/gate-intercom-system\/\">\r\n               <img loading=\"lazy\" decoding=\"async\" width=\"320\" height=\"232\" src=\"https:\/\/bas-ip.com\/wp-content\/uploads\/2023\/04\/6-4.jpg\" class=\"attachment-thumbnail_345x250 size-thumbnail_345x250\" alt=\"\" srcset=\"https:\/\/bas-ip.com\/wp-content\/uploads\/2023\/04\/6-4.jpg 320w,  https:\/\/bas-ip.com\/wp-content\/uploads\/2023\/04\/6-4-300x218.jpg 300w\" sizes=\"auto, (max-width: 320px) 100vw, 320px\" \/><\/a>\r\n         <\/div>\r\n         \r\n                  <a href=\"\/gate-intercom-system\/\">\r\n            <h3 class=\"title-section\">Kapuk: A Ker\u00fcleti Biztons\u00e1g Meger\u0151s\u00edt\u00e9se<\/h3>\r\n         <\/a>\r\n                           <div class=\"text-block\">\r\n            <p>A kapubiztons\u00e1g kulcsfontoss\u00e1g\u00fa az ingatlan v\u00e9delme \u00e9s a mag\u00e1n\u00e9let meg\u0151rz\u00e9se szempontj\u00e1b\u00f3l. Egy cs\u00facskateg\u00f3ri\u00e1s lak\u00f3k\u00f6z\u00f6ss\u00e9gben a BAS-IP kaputelefon-megold\u00e1sait vezett\u00e9k be a ker\u00fcleti biztons\u00e1g meger\u0151s\u00edt\u00e9se \u00e9rdek\u00e9ben. A rendszer lehet\u0151v\u00e9 tette a lak\u00f3k sz\u00e1m\u00e1ra, hogy t\u00e1volr\u00f3l enged\u00e9lyezz\u00e9k vagy megtagadj\u00e1k a l\u00e1togat\u00f3k bel\u00e9p\u00e9s\u00e9t, a vide\u00f3 megfigyel\u00e9ssel val\u00f3 integr\u00e1ci\u00f3 pedig lehet\u0151v\u00e9 tette a k\u00f6z\u00f6ss\u00e9g be- \u00e9s kij\u00e1ratainak z\u00f6kken\u0151mentes megfigyel\u00e9s\u00e9t. Ez a fejlett kaputelefon-megold\u00e1s hozz\u00e1j\u00e1rult a lak\u00f3k fokozott biztons\u00e1g\u00e9rzet\u00e9hez \u00e9s nyugalm\u00e1hoz.<\/p>\n         <\/div>\r\n               <\/div>\r\n                     <\/div>\r\n<\/section>\r\n<!-- END Block Info 3 Columns with links -->\n\n\n<p>Ezek a kaputelefon-esettanulm\u00e1nyok a BAS-IP kaputelefon-megold\u00e1sainak figyelemre m\u00e9lt\u00f3 sokoldal\u00fas\u00e1g\u00e1t \u00e9s hat\u00e9konys\u00e1g\u00e1t mutatj\u00e1k be k\u00fcl\u00f6nb\u00f6z\u0151 \u00e1gazatokban. A lak\u00f3k\u00f6z\u00f6ss\u00e9gekt\u0151l a k\u00f3rh\u00e1zakig a BAS-IP kaputelefon-rendszerek bevezet\u00e9se \u00e1talak\u00edtotta a kommunik\u00e1ci\u00f3t, a biztons\u00e1got \u00e9s az \u00e1ltal\u00e1nos felhaszn\u00e1l\u00f3i \u00e9lm\u00e9nyt. Ahogy a technol\u00f3gia folyamatosan fejl\u0151dik, a BAS-IP tov\u00e1bbra is elk\u00f6telezett az innovat\u00edv \u00e9s kiv\u00e1l\u00f3 kaputelefon-megold\u00e1sok biztos\u00edt\u00e1sa mellett, amelyek megfelelnek a k\u00fcl\u00f6nb\u00f6z\u0151 ipar\u00e1gak v\u00e1ltoz\u00f3 ig\u00e9nyeinek.<\/p>\n\n\n<!-- START Block FAQ --><section id=\"block_64231e53deae2\" class=\"faq-section\">\r\n\t\t    <h2 class=\"title-section\" data-aos=\"fade-right\">Gyakran Ism\u00e9telt K\u00e9rd\u00e9sek<\/h2>\r\n\t\t\t    <div class=\"faq-list js-accordion\" data-aos=\"fade-up\">\r\n\t\t\t\t\t\t\t\t\t\t\t    <div class=\"accordion-item faq-item\">\r\n                        <div class=\"accordion-opener\">\r\n                            Q: Hogyan biztos\u00edtja a BAS-IP a kaputelefon-megold\u00e1sainak biztons\u00e1g\u00e1t \u00e9s megb\u00edzhat\u00f3s\u00e1g\u00e1t?                            <i class=\"fa-solid fa-chevron-down\"><\/i>\r\n                        <\/div>\r\n                        <div class=\"accordion-slide\">\r\n\t\t\t\t\t\t    <p>A BAS-IP fejlett titkos\u00edt\u00e1si protokollokat \u00e9s robusztus hardvert alkalmaz kaputelefon-rendszereinek biztons\u00e1g\u00e1nak \u00e9s megb\u00edzhat\u00f3s\u00e1g\u00e1nak biztos\u00edt\u00e1s\u00e1ra. Ez a legmodernebb technol\u00f3gia biztos\u00edt\u00e1s\u00e1ra ir\u00e1nyul\u00f3 elk\u00f6telezetts\u00e9g tette a BAS-IP-t vil\u00e1gszerte k\u00fcl\u00f6nb\u00f6z\u0151 ipar\u00e1gak megb\u00edzhat\u00f3 v\u00e1laszt\u00e1s\u00e1v\u00e1.<\/p>\n                        <\/div>\r\n\t\t\t\t\t<\/div>\r\n\t\t\t\t\t\t\t\t\t\t\t\t\t\t\t    <div class=\"accordion-item faq-item\">\r\n                        <div class=\"accordion-opener\">\r\n                            Q: Hogyan j\u00e1rulnak hozz\u00e1 a BAS-IP kaputelefon-megold\u00e1sok az energiahat\u00e9konys\u00e1ghoz?                            <i class=\"fa-solid fa-chevron-down\"><\/i>\r\n                        <\/div>\r\n                        <div class=\"accordion-slide\">\r\n\t\t\t\t\t\t    <p>A BAS-IP kaputelefon-rendszereket az energiahat\u00e9konys\u00e1g szem el\u0151tt tart\u00e1s\u00e1val tervezt\u00e9k. A mozg\u00e1s\u00e9rz\u00e9kel\u0151s vil\u00e1g\u00edt\u00e1s, az intelligens kl\u00edmaberendez\u00e9s \u00e9s az energiatakar\u00e9kos k\u00e9szenl\u00e9ti m\u00f3dok be\u00e9p\u00edt\u00e9s\u00e9vel a BAS-IP kaputelefon-megold\u00e1sok hozz\u00e1j\u00e1rulnak a z\u00f6ldebb \u00e9s fenntarthat\u00f3bb k\u00f6rnyezethez.<\/p>\n                        <\/div>\r\n\t\t\t\t\t<\/div>\r\n\t\t\t\t\t\t\t\t\t\t\t\t\t\t\t    <div class=\"accordion-item faq-item\">\r\n                        <div class=\"accordion-opener\">\r\n                            Q: Milyen t\u00e1mogat\u00e1st ny\u00fajt a BAS-IP a kaputelefon-megold\u00e1saihoz?                            <i class=\"fa-solid fa-chevron-down\"><\/i>\r\n                        <\/div>\r\n                        <div class=\"accordion-slide\">\r\n\t\t\t\t\t\t    <p>A BAS-IP elk\u00f6telezett a kiv\u00e9teles \u00fcgyf\u00e9lszolg\u00e1lat biztos\u00edt\u00e1sa mellett, \u00e1tfog\u00f3 technikai seg\u00edts\u00e9get \u00e9s forr\u00e1sokat k\u00edn\u00e1lva a kaputelefon-rendszereinek z\u00f6kken\u0151mentes bevezet\u00e9s\u00e9nek \u00e9s m\u0171k\u00f6d\u00e9s\u00e9nek biztos\u00edt\u00e1s\u00e1ra. Az \u00fcgyf\u00e9lel\u00e9gedetts\u00e9g ir\u00e1nti elk\u00f6telezetts\u00e9g kiv\u00e1l\u00f3 h\u00edrnevet szerzett a BAS-IP sz\u00e1m\u00e1ra az ipar\u00e1gban.<\/p>\n                        <\/div>\r\n\t\t\t\t\t<\/div>\r\n\t\t\t\t\t\t\t\t\t<\/div>\r\n\t<\/section>\r\n<!-- END Block FAQ -->","protected":false},"excerpt":{"rendered":"<p>Kaputelefon Megold\u00e1sok A BAS-IP vezet\u0151 szerepet t\u00f6lt be a legmodernebb kaputelefon-megold\u00e1sok biztos\u00edt\u00e1s\u00e1ban a k\u00fcl\u00f6nb\u00f6z\u0151 ipar\u00e1gak sz\u00e1m\u00e1ra, kiv\u00e9teles biztons\u00e1gi \u00e9s kommunik\u00e1ci\u00f3s \u00e9lm\u00e9nyeket k\u00edn\u00e1lva. Ebben a cikkben hat meggy\u0151z\u0151 kaputelefon-esettanulm\u00e1nyt vizsg\u00e1lunk meg, amelyek bemutatj\u00e1k a BAS-IP term\u00e9keinek sokoldal\u00fas\u00e1g\u00e1t \u00e9s hat\u00e9konys\u00e1g\u00e1t k\u00fcl\u00f6nb\u00f6z\u0151 k\u00f6rnyezetekben. A t\u00f6bblak\u00e1sos \u00e9p\u00fcletekt\u0151l a k\u00f3rh\u00e1zi l\u00e9tes\u00edtm\u00e9nyekig ezek az esettanulm\u00e1nyok kiemelik a BAS-IP kaputelefon-rendszerek \u00e1talak\u00edt\u00f3 erej\u00e9t. [&hellip;]<\/p>","protected":false},"author":1,"featured_media":0,"parent":0,"menu_order":0,"comment_status":"closed","ping_status":"closed","template":"","meta":{"inline_featured_image":false,"footnotes":""},"class_list":["post-133075","page","type-page","status-publish","hentry"],"acf":[],"_links":{"self":[{"href":"https:\/\/bas-ip.com\/hu\/wp-json\/wp\/v2\/pages\/133075","targetHints":{"allow":["GET"]}}],"collection":[{"href":"https:\/\/bas-ip.com\/hu\/wp-json\/wp\/v2\/pages"}],"about":[{"href":"https:\/\/bas-ip.com\/hu\/wp-json\/wp\/v2\/types\/page"}],"author":[{"embeddable":true,"href":"https:\/\/bas-ip.com\/hu\/wp-json\/wp\/v2\/users\/1"}],"replies":[{"embeddable":true,"href":"https:\/\/bas-ip.com\/hu\/wp-json\/wp\/v2\/comments?post=133075"}],"version-history":[{"count":2,"href":"https:\/\/bas-ip.com\/hu\/wp-json\/wp\/v2\/pages\/133075\/revisions"}],"predecessor-version":[{"id":133146,"href":"https:\/\/bas-ip.com\/hu\/wp-json\/wp\/v2\/pages\/133075\/revisions\/133146"}],"wp:attachment":[{"href":"https:\/\/bas-ip.com\/hu\/wp-json\/wp\/v2\/media?parent=133075"}],"curies":[{"name":"wp","href":"https:\/\/api.w.org\/{rel}","templated":true}]}}