{"id":131221,"date":"2025-02-19T15:47:09","date_gmt":"2025-02-19T15:47:09","guid":{"rendered":"https:\/\/bas-ip.com\/intercom-migration-to-link\/"},"modified":"2025-02-24T12:18:38","modified_gmt":"2025-02-24T12:18:38","slug":"intercom-migration-to-link","status":"publish","type":"page","link":"https:\/\/bas-ip.com\/hu\/intercom-migration-to-link\/","title":{"rendered":"Intercom \u00e1t\u00e1ll\u00e1s Linkre"},"content":{"rendered":"<h2 data-sourcepos=\"1:1-1:53\">Intercom Linkre v\u00e1lt: Mit jelent ez az \u00d6n sz\u00e1m\u00e1ra?<\/h2>\n<p>M\u00e1rcius 4-t\u0151l 2025 az Intercom Android alkalmaz\u00e1s m\u00e1r nem lesz el\u00e9rhet\u0151 a Google Play \u00c1ruh\u00e1zban. A webes verzi\u00f3 \u00e9s az iOS alkalmaz\u00e1s azonban tov\u00e1bbra is v\u00e1ltozatlanul m\u0171k\u00f6dni fog, \u00e9s az Intercom szerverei akt\u00edvak maradnak a stabilit\u00e1s \u00e9s az adatokhoz val\u00f3 hozz\u00e1f\u00e9r\u00e9s biztos\u00edt\u00e1sa \u00e9rdek\u00e9ben, am\u00edg a szerver t\u00e1mogat\u00e1sa v\u00e9get nem \u00e9r.<\/p>\n<p data-sourcepos=\"5:1-5:240\">Megh\u00edvjuk \u00d6nt, hogy v\u00e1ltson a Linkre &#8211; egy hat\u00e9kony megold\u00e1sra, amelyet az \u00d6n k\u00e9nyelme \u00e9rdek\u00e9ben tervezt\u00fcnk. A platform fejlett kezel\u00e9si k\u00e9pess\u00e9geket, magas szint\u0171 stabilit\u00e1st \u00e9s a leg\u00fajabb ipar\u00e1gi szabv\u00e1nyoknak megfelel\u0151 biztons\u00e1got k\u00edn\u00e1l.<\/p>\n<p data-sourcepos=\"7:1-7:181\">Meg\u00e9rtj\u00fck, hogy ez a v\u00e1ltoz\u00e1s k\u00e9rd\u00e9seket vethet fel, ez\u00e9rt r\u00e9szletes utas\u00edt\u00e1sokat \u00e9s \u00e1tfog\u00f3 t\u00e1mogat\u00e1st k\u00e9sz\u00edtett\u00fcnk, hogy az \u00e1t\u00e1ll\u00e1s a lehet\u0151 legz\u00f6kken\u0151mentesebb \u00e9s k\u00f6nnyebb legyen.<\/p>\n<h2 data-sourcepos=\"9:1-9:39\">Mi\u00e9rt hajtjuk v\u00e9gre ezt a v\u00e1ltoz\u00e1st?<\/h2>\n<p data-sourcepos=\"11:1-11:396\">A Linkre val\u00f3 \u00e1tt\u00e9r\u00e9sr\u0151l sz\u00f3l\u00f3 d\u00f6nt\u00e9s\u00fcnket az a c\u00e9l vez\u00e9rli, hogy jobb szolg\u00e1ltat\u00e1smin\u0151s\u00e9get \u00e9s modern eszk\u00f6z\u00f6ket biztos\u00edtsunk az eszk\u00f6zkezel\u00e9shez. Az Intercom Android alkalmaz\u00e1s elavult, \u00e9s m\u00e1r nem felel meg a jelenlegi k\u00f6vetelm\u00e9nyeknek. A r\u00e9gi platform friss\u00edt\u00e9se helyett egy er\u0151sebb \u00e9s felhaszn\u00e1l\u00f3bar\u00e1tabb megold\u00e1s fejleszt\u00e9s\u00e9t v\u00e1lasztottuk, amely \u00faj m\u00e9rc\u00e9t \u00e1ll\u00edt fel az \u00d6n k\u00e9nyelme \u00e9rdek\u00e9ben.<\/p>\n<h2 data-sourcepos=\"13:1-13:16\">Mi az a Link?<\/h2>\n<p data-sourcepos=\"15:1-15:245\">A Link egy olyan platform, amelyet azok sz\u00e1m\u00e1ra tervezt\u00fcnk, akik \u00e9rt\u00e9kelik a k\u00e9nyelmet \u00e9s a megb\u00edzhat\u00f3s\u00e1got. Ez az Intercomot v\u00e1ltja fel, \u00e9s t\u00f6bb funkci\u00f3t, tov\u00e1bbfejlesztett diz\u00e1jnt \u00e9s hossz\u00fa t\u00e1v\u00fa t\u00e1mogat\u00e1st k\u00edn\u00e1l. \u00cdme, mire sz\u00e1m\u00edthat a Linkt\u0151l:<\/p>\n<ul data-sourcepos=\"17:1-21:0\">\n<li data-sourcepos=\"17:1-17:129\"><strong>\u00dajratervezett fel\u00fclet:<\/strong> Egyszer\u0171 \u00e9s intuit\u00edv kialak\u00edt\u00e1s, amelyet a z\u00f6kken\u0151mentes felhaszn\u00e1l\u00f3i \u00e9lm\u00e9ny \u00e9rdek\u00e9ben hoztak l\u00e9tre.<\/li>\n<li data-sourcepos=\"18:1-18:128\"><strong>Modern eszk\u00f6z\u00f6k t\u00e1mogat\u00e1sa:<\/strong> A Link kompatibilis a leg\u00fajabb oper\u00e1ci\u00f3s rendszerekkel, \u00e9s integr\u00e1l\u00f3dik az \u00faj technol\u00f3gi\u00e1kkal.<\/li>\n<li data-sourcepos=\"19:1-19:112\"><strong>Fejlett funkci\u00f3k:<\/strong> Hozz\u00e1f\u00e9r\u00e9s-kezel\u00e9s, biztons\u00e1g \u00e9s rugalmas eszk\u00f6zkonfigur\u00e1ci\u00f3 \u2013 mindezt az \u00faj platformon.<\/li>\n<li data-sourcepos=\"20:1-21:0\"><strong>Stabilit\u00e1s \u00e9s megb\u00edzhat\u00f3s\u00e1g:<\/strong> Nagy terhel\u00e9s kezel\u00e9s\u00e9re tervezt\u00e9k, \u00edgy biztos\u00edtva a megszak\u00edt\u00e1s n\u00e9lk\u00fcli teljes\u00edtm\u00e9nyt.<\/li>\n<\/ul>\n<h2 data-sourcepos=\"22:1-22:28\">Hogyan zajlik az \u00e1t\u00e1ll\u00e1s?<\/h2>\n<p data-sourcepos=\"24:1-24:392\">Az \u00e1t\u00e1ll\u00e1si folyamatot a lehet\u0151 legz\u00f6kken\u0151mentesebb\u00e9 tett\u00fck. Az akt\u00edv Intercom fi\u00f3kok automatikusan \u00e1tker\u00fclnek a Link platformra, \u00e9s a felhaszn\u00e1l\u00f3k Basic verzi\u00f3j\u00fa licenceket kapnak, amelyek sz\u00e1ma megegyezik a fi\u00f3kjukban l\u00e9v\u0151 SIP-sz\u00e1mok sz\u00e1m\u00e1val. A folyamatot \u00fagy tervezt\u00fck, hogy minimaliz\u00e1lja a lehets\u00e9ges neh\u00e9zs\u00e9geket, mik\u00f6zben biztos\u00edtja a hozz\u00e1f\u00e9r\u00e9st az \u00f6sszes el\u00e9rhet\u0151 platformfunkci\u00f3hoz.<\/p>\n<p data-sourcepos=\"26:1-26:58\">Az ingatlan tulajdonosok sz\u00e1m\u00e1ra az \u00e1t\u00e1ll\u00e1s egyszer\u0171 lesz:<\/p>\n<ol data-sourcepos=\"28:1-30:0\">\n<li data-sourcepos=\"28:1-28:77\">\u00c1ll\u00edtsa be fi\u00f3kj\u00e1t, \u00e9s csatlakoztassa az interkom eszk\u00f6z\u00f6ket a szerverhez.<\/li>\n<li data-sourcepos=\"29:1-30:0\">T\u00f6ltse ki a lak\u00f3k adatait tartalmaz\u00f3 t\u00e1bl\u00e1zatot, \u00e9s t\u00f6ltse fel a rendszerbe.<\/li>\n<\/ol>\n<p data-sourcepos=\"31:1-31:162\">A rendszer a t\u00f6bbit elv\u00e9gzi: l\u00e9trehozza a felhaszn\u00e1l\u00f3i fi\u00f3kokat, kik\u00fcldi a megh\u00edv\u00f3kat, konfigur\u00e1lja az interkom eszk\u00f6z\u00f6ket, \u00e9s hozz\u00e1f\u00e9r\u00e9st biztos\u00edt a platformhoz.<\/p>\n<p data-sourcepos=\"33:1-33:119\">A lak\u00f3knak csak a megh\u00edv\u00f3n kereszt\u00fcl kell elv\u00e9gezni\u00fck a regisztr\u00e1ci\u00f3t &#8211; \u00e9s m\u00e1ris elkezdhetik haszn\u00e1lni az \u00faj rendszert.<\/p>\n<h2 data-sourcepos=\"35:1-35:28\">Mit fog tenni a platform?<\/h2>\n<ul data-sourcepos=\"37:1-40:0\">\n<li data-sourcepos=\"37:1-37:114\">Automatikusan \u00f6sszekapcsolja a felhaszn\u00e1l\u00f3i fi\u00f3kokat az eszk\u00f6zeikkel, \u00e9s hozz\u00e1f\u00e9r\u00e9st biztos\u00edt a szolg\u00e1ltat\u00e1shoz.<\/li>\n<li data-sourcepos=\"38:1-38:101\">Konfigur\u00e1lja az interkom integr\u00e1ci\u00f3j\u00e1t, bele\u00e9rtve a telefonk\u00f6nyv szinkroniz\u00e1l\u00e1s\u00e1t is, ha sz\u00fcks\u00e9ges.<\/li>\n<li data-sourcepos=\"39:1-40:0\">Feldolgozza az adatokat, \u00e9s kiadja a Link Basic verzi\u00f3j\u00fa licenceit.<\/li>\n<\/ul>\n<p data-sourcepos=\"41:1-41:201\">\u00d6sszetettebb esetekben, p\u00e9ld\u00e1ul r\u00e9gebbi eszk\u00f6z\u00f6kkel val\u00f3 munkav\u00e9gz\u00e9s vagy az adatok manu\u00e1lis \u00e1tvitele eset\u00e9n eszk\u00f6z\u00f6ket fejlesztett\u00fcnk ki, amelyek seg\u00edtenek a partnereknek a folyamat egyszer\u0171s\u00edt\u00e9s\u00e9ben.<\/p>\n<h2 data-sourcepos=\"43:1-43:39\">Milyen el\u0151ny\u00f6kkel j\u00e1r az \u00d6n sz\u00e1m\u00e1ra?<\/h2>\n<p data-sourcepos=\"45:1-45:91\">Az \u00e1t\u00e1ll\u00e1s lehet\u0151 legel\u0151ny\u00f6sebb\u00e9 t\u00e9tele \u00e9rdek\u00e9ben a Link platform sz\u00e1mos \u00faj funkci\u00f3t k\u00edn\u00e1l:<\/p>\n<p data-sourcepos=\"47:1-47:22\"><strong>Hozz\u00e1f\u00e9r\u00e9skezel\u00e9s:<\/strong><\/p>\n<ul data-sourcepos=\"49:1-50:0\">\n<li data-sourcepos=\"49:1-50:0\">Teljes k\u00f6r\u0171 ellen\u0151rz\u00e9s az \u00e9p\u00fclethez val\u00f3 hozz\u00e1f\u00e9r\u00e9s felett a mobilalkalmaz\u00e1son kereszt\u00fcl, bele\u00e9rtve a t\u00e1voli ajt\u00f3nyit\u00e1st \u00e9s a vend\u00e9ghozz\u00e1f\u00e9r\u00e9s kezel\u00e9s\u00e9t.<\/li>\n<\/ul>\n<p data-sourcepos=\"51:1-51:45\"><strong>Tov\u00e1bbfejlesztett interakci\u00f3s k\u00e9pess\u00e9gek:<\/strong><\/p>\n<ul data-sourcepos=\"53:1-54:0\">\n<li data-sourcepos=\"53:1-54:0\">Integr\u00e1ci\u00f3 modern eszk\u00f6z\u00f6kkel, mint p\u00e9ld\u00e1ul az Apple Watch \u00e9s a Siri, csal\u00e1di esem\u00e9nyek kezel\u00e9se \u00e9s szobafoglal\u00e1s a platformon kereszt\u00fcl.<\/li>\n<\/ul>\n<p data-sourcepos=\"55:1-55:28\"><strong>Napl\u00f3z\u00e1s \u00e9s monitoroz\u00e1s:<\/strong><\/p>\n<ul data-sourcepos=\"57:1-58:0\">\n<li data-sourcepos=\"57:1-58:0\">H\u00edv\u00e1snapl\u00f3 megtekint\u00e9se, hozz\u00e1f\u00e9r\u00e9si napl\u00f3k \u00e9s \u00fctemez\u00e9sek \u00e9s korl\u00e1toz\u00e1sok kezel\u00e9se.<\/li>\n<\/ul>\n<p data-sourcepos=\"59:1-59:32\"><strong>Modularit\u00e1s \u00e9s testreszab\u00e1s:<\/strong><\/p>\n<ul data-sourcepos=\"61:1-62:0\">\n<li data-sourcepos=\"61:1-62:0\">Lak\u00f3- \u00e9s kereskedelmi ingatlanokhoz terek l\u00e9trehoz\u00e1sa, rugalmas h\u00edv\u00e1s\u00e1tir\u00e1ny\u00edt\u00e1si szab\u00e1lyok konfigur\u00e1l\u00e1sa \u00e9s telefonk\u00f6nyvt\u00e1rak kezel\u00e9se.<\/li>\n<\/ul>\n<p data-sourcepos=\"63:1-63:28\"><strong>Fejlett telefonfunkci\u00f3k:<\/strong><\/p>\n<ul data-sourcepos=\"65:1-66:0\">\n<li data-sourcepos=\"65:1-66:0\">SIP-trunkok, virtu\u00e1lis sz\u00e1mok \u00e9s softphone funkci\u00f3k t\u00e1mogat\u00e1sa a z\u00f6kken\u0151mentes kommunik\u00e1ci\u00f3 \u00e9rdek\u00e9ben.<\/li>\n<\/ul>\n<p data-sourcepos=\"67:1-67:24\"><strong>Biztons\u00e1gi eszk\u00f6z\u00f6k:<\/strong><\/p>\n<ul data-sourcepos=\"69:1-70:0\">\n<li data-sourcepos=\"69:1-70:0\">Integr\u00e1ci\u00f3 v\u00e9szh\u00edv\u00f3 eszk\u00f6z\u00f6kkel, lift hozz\u00e1f\u00e9r\u00e9s-kezel\u00e9s \u00e9s korl\u00e1tozott ter\u00fcletek feletti ellen\u0151rz\u00e9s.<\/li>\n<\/ul>\n<h2 data-sourcepos=\"71:1-71:38\">Hogyan \u00e9rtes\u00edtj\u00fck a felhaszn\u00e1l\u00f3kat?<\/h2>\n<p data-sourcepos=\"73:1-73:89\">\u00c9rtes\u00edt\u00e9sek sorozat\u00e1t k\u00e9sz\u00edtett\u00fck el, hogy v\u00e9gigvezess\u00fck \u00d6nt az \u00e1t\u00e1ll\u00e1s minden szakasz\u00e1n:<\/p>\n<ul data-sourcepos=\"75:1-79:0\">\n<li data-sourcepos=\"75:1-75:178\"><strong>T\u00e1j\u00e9koztat\u00f3 e-mailek:<\/strong> E-maileket fog kapni, amelyek r\u00e9szletezik a v\u00e1ltoz\u00e1sokat, az \u00e1t\u00e1ll\u00e1s \u00fctemterv\u00e9t, a Link el\u0151nyeit \u00e9s a l\u00e9p\u00e9sr\u0151l l\u00e9p\u00e9sre t\u00f6rt\u00e9n\u0151 migr\u00e1ci\u00f3s utas\u00edt\u00e1sokat.<\/li>\n<li data-sourcepos=\"76:1-76:110\"><strong>Regisztr\u00e1ci\u00f3s megh\u00edv\u00f3k:<\/strong> Az adatmigr\u00e1ci\u00f3 ut\u00e1n megh\u00edv\u00f3t kap a regisztr\u00e1ci\u00f3 befejez\u00e9s\u00e9hez az \u00faj platformon.<\/li>\n<li data-sourcepos=\"77:1-77:153\"><strong>Eml\u00e9keztet\u0151k:<\/strong> Sz\u00fcks\u00e9g eset\u00e9n eml\u00e9keztet\u0151ket k\u00fcld\u00fcnk, hogy biztos\u00edtsuk a be\u00e1ll\u00edt\u00e1s befejez\u00e9s\u00e9t \u00e9s a Link haszn\u00e1lat\u00e1nak megkezd\u00e9s\u00e9t k\u00e9sedelem n\u00e9lk\u00fcl.<\/li>\n<li data-sourcepos=\"78:1-79:0\"><strong>Felhaszn\u00e1l\u00f3i t\u00e1mogat\u00e1s:<\/strong> Csapatunk el\u00e9rhet\u0151 lesz, hogy megv\u00e1laszolja a k\u00e9rd\u00e9seit e-mailben \u00e9s m\u00e1s t\u00e1mogat\u00e1si csatorn\u00e1kon kereszt\u00fcl.<\/li>\n<\/ul>\n<h2 data-sourcepos=\"80:1-80:62\">Migr\u00e1l\u00e1s az Intercomr\u00f3l a Linkre: L\u00e9p\u00e9sr\u0151l l\u00e9p\u00e9sre \u00fatmutat\u00f3<\/h2>\n<p data-sourcepos=\"82:1-82:306\">A z\u00f6kken\u0151mentes \u00e1t\u00e1ll\u00e1s biztos\u00edt\u00e1sa \u00e9rdek\u00e9ben febru\u00e1r 20. \u00e9s 25. k\u00f6z\u00f6tt megh\u00edv\u00f3t kap az \u00faj Link szerverhez val\u00f3 csatlakoz\u00e1shoz. Ezt a megh\u00edv\u00f3t arra az e-mail c\u00edmre k\u00fcldj\u00fck, amelyet az Intercom regisztr\u00e1ci\u00f3hoz haszn\u00e1lt. K\u00e9rj\u00fck, ellen\u0151rizze a be\u00e9rkez\u0151 levelek mapp\u00e1j\u00e1t (\u00e9s a spam mapp\u00e1t) ebben az id\u0151szakban.<\/p>\n<h2 data-sourcepos=\"84:1-84:22\">A Link els\u0151 l\u00e9p\u00e9sei<\/h2>\n<ol data-sourcepos=\"86:1-90:0\">\n<li data-sourcepos=\"86:1-86:104\"><strong>Fogadja el a megh\u00edv\u00f3t:<\/strong> Kattintson a megh\u00edv\u00f3 e-mailben tal\u00e1lhat\u00f3 linkre a Link szerver el\u00e9r\u00e9s\u00e9hez.<\/li>\n<li data-sourcepos=\"87:1-87:103\"><strong>Hozzon l\u00e9tre jelsz\u00f3t:<\/strong> A rendszer k\u00e9rni fogja, hogy hozzon l\u00e9tre egy \u00faj jelsz\u00f3t a Link fi\u00f3kj\u00e1hoz.<\/li>\n<li data-sourcepos=\"88:1-88:137\"><strong>Jelentkezzen be:<\/strong> Miut\u00e1n l\u00e9trehozta a jelszav\u00e1t, bejelentkezhet a Link szerverre a regisztr\u00e1lt e-mail c\u00edm\u00e9vel \u00e9s az \u00faj jelszav\u00e1val.<\/li>\n<li data-sourcepos=\"89:1-90:0\"><strong>K\u00f6vesse a be\u00e1ll\u00edt\u00e1si utas\u00edt\u00e1sokat:<\/strong> Bejelentkez\u00e9s ut\u00e1n a rendszer v\u00e9gigvezeti a be\u00e1ll\u00edt\u00e1si folyamaton. Az utas\u00edt\u00e1sok a felhaszn\u00e1l\u00f3 t\u00edpus\u00e1t\u00f3l \u00e9s a berendez\u00e9st\u0151l f\u00fcgg\u0151en v\u00e1ltoznak.<\/li>\n<\/ol>\n<h2 data-sourcepos=\"91:1-91:36\">Felhaszn\u00e1l\u00f3-specifikus utas\u00edt\u00e1sok<\/h2>\n<p data-sourcepos=\"93:1-93:131\">Az \u00e1t\u00e1ll\u00e1si folyamat lehet\u0151 legk\u00f6nnyebb\u00e9 t\u00e9tele \u00e9rdek\u00e9ben r\u00e9szletes utas\u00edt\u00e1sokat adtunk a k\u00fcl\u00f6nb\u00f6z\u0151 felhaszn\u00e1l\u00f3i csoportok sz\u00e1m\u00e1ra:<\/p>\n<p data-sourcepos=\"95:1-95:14\"><strong>Partnerek<\/strong><strong style=\"font-size: revert; color: initial;\">:<\/strong><\/p>\n<div id=\"model-response-message-contentr_7cc64dd4d44cdcb4\" class=\"markdown markdown-main-panel\" dir=\"ltr\">\n<ul>\n<li><a href=\"https:\/\/basip.atlassian.net\/wiki\/spaces\/migrationtothelink\/pages\/354812908\" target=\"_blank\" rel=\"noopener\">\u00daj berendez\u00e9sek tulajdonosai vagy azok, akik a be\u00e1ll\u00edt\u00e1suk\u00e9rt felel\u0151sek<\/a><\/li>\n<li><a href=\"https:\/\/basip.atlassian.net\/wiki\/spaces\/migrationtothelink\/pages\/354713882\" target=\"_blank\" rel=\"noopener\">\u00e9gi berendez\u00e9sek tulajdonosai (vagy azok, akik a be\u00e1ll\u00edt\u00e1suk\u00e9rt felel\u0151sek), amelyek nem csatlakoztathat\u00f3k az \u00faj Link szerverhez<\/a><\/li>\n<li><a style=\"font-size: revert;\" href=\"https:\/\/basip.atlassian.net\/wiki\/spaces\/migrationtothelink\/pages\/354877460\" target=\"_blank\" rel=\"noopener\">R\u00e9gi berendez\u00e9sek tulajdonosai (vagy azok, akik a be\u00e1ll\u00edt\u00e1suk\u00e9rt felel\u0151sek), amelyek <em>t\u00e1mogatj\u00e1k<\/em> a csatlakoz\u00e1st az \u00faj Link szerverhez<\/a><\/li>\n<\/ul>\n<p><strong>Lak\u00f3komplexumok lak\u00f3i vagy mag\u00e1n\u00fcgyfelek:<\/strong><\/p>\n<ul>\n<li><a href=\"https:\/\/basip.atlassian.net\/wiki\/spaces\/migrationtothelink\/pages\/354713902\" target=\"_blank\" rel=\"noopener\">Intercom felhaszn\u00e1l\u00f3k, akiknek nincs interkomjuk, de van mobilalkalmaz\u00e1suk<\/a><\/li>\n<li><a href=\"https:\/\/basip.atlassian.net\/wiki\/spaces\/migrationtothelink\/pages\/354713892\" target=\"_blank\" rel=\"noopener\">Intercom felhaszn\u00e1l\u00f3k, akiknek van interkomjuk \u00e9s mobilalkalmaz\u00e1suk is<\/a><\/li>\n<\/ul>\n<p data-sourcepos=\"1:1-1:241\">Javasoljuk, hogy tekintse \u00e1t az \u00d6n felhaszn\u00e1l\u00f3i t\u00edpus\u00e1ra \u00e9s berendez\u00e9s\u00e9re vonatkoz\u00f3 utas\u00edt\u00e1sokat. Ha b\u00e1rmilyen k\u00e9rd\u00e9se van, vagy seg\u00edts\u00e9gre van sz\u00fcks\u00e9ge az \u00e1t\u00e1ll\u00e1si folyamat sor\u00e1n, k\u00e9rj\u00fck, ne habozzon kapcsolatba l\u00e9pni \u00fcgyf\u00e9lszolg\u00e1latunkkal.<\/p>\n<p data-sourcepos=\"3:1-3:140\">Biztosak vagyunk benne, hogy \u00e9lvezni fogja a Link \u00e1ltal ny\u00fajtott tov\u00e1bbfejlesztett kommunik\u00e1ci\u00f3s \u00e9lm\u00e9nyt. K\u00f6sz\u00f6nj\u00fck a folyamatos t\u00e1mogat\u00e1st!<\/p>\n<p data-sourcepos=\"5:1-5:20\">\u00dcdv\u00f6z\u00f6lj\u00fck a Linken!<\/p>\n<\/div>\n\n<!-- START Block Sign Up --><section id=\"block_629678229e935\" class=\"sign-up-section\">\r\n\r\n    <div class=\"form-holder js-form\" data-aos=\"fade-right\">\r\n                    <div class=\"title-block h3\">Sign up for connection<\/div>\r\n        \r\n                    <div class=\"text-block\">\r\n                Filling out all the information needed to answer you as quickly as possible            <\/div>\r\n        \r\n                    \n<div class=\"wpcf7 no-js\" id=\"wpcf7-f102-o1\" lang=\"en-US\" dir=\"ltr\">\n<div class=\"screen-reader-response\"><p role=\"status\" aria-live=\"polite\" aria-atomic=\"true\"><\/p> <ul><\/ul><\/div>\n<form action=\"\/hu\/wp-json\/wp\/v2\/pages\/131221#wpcf7-f102-o1\" method=\"post\" class=\"wpcf7-form init\" aria-label=\"Contact form\" enctype=\"multipart\/form-data\" novalidate=\"novalidate\" data-status=\"init\">\n<div style=\"display: none;\">\n<input type=\"hidden\" name=\"_wpcf7\" value=\"102\" \/>\n<input type=\"hidden\" name=\"_wpcf7_version\" value=\"5.8.3\" \/>\n<input type=\"hidden\" name=\"_wpcf7_locale\" value=\"en_US\" \/>\n<input type=\"hidden\" name=\"_wpcf7_unit_tag\" value=\"wpcf7-f102-o1\" \/>\n<input type=\"hidden\" name=\"_wpcf7_container_post\" value=\"0\" \/>\n<input type=\"hidden\" name=\"_wpcf7_posted_data_hash\" value=\"\" \/>\n<input type=\"hidden\" name=\"_wpcf7_recaptcha_response\" value=\"\" \/>\n<\/div>\n<div class=\"row\"> \n <label><span class=\"label-text\">Name<\/span> \n  <span class=\"wpcf7-form-control-wrap\" data-name=\"text-full-name\"><input size=\"40\" class=\"wpcf7-form-control wpcf7-text wpcf7-validates-as-required\" aria-required=\"true\" aria-invalid=\"false\" placeholder=\"Name\" value=\"\" type=\"text\" name=\"text-full-name\" \/><\/span><\/label> \n<\/div> \n<div class=\"row\"> \n <label><span class=\"label-text\">Phone*<\/span> \n<span class=\"wpcf7-form-control-wrap\" data-name=\"phonetext-270\"><input size=\"40\" class=\"wpcf7-form-control wpcf7-phonetext wpcf7-validates-as-required wpcf7-text wpcf7-validates-as-phonetext\" aria-required=\"true\" aria-invalid=\"false\" placeholder=\"Phone*\" value=\"\" type=\"text\" name=\"phonetext-270\" \/><input type=\"hidden\" name=\"phonetext-270-country-code\" class=\"wpcf7-phonetext-country-code\" \/><\/span><\/label> \n<\/div> \n<div class=\"row\"> \n <label><span class=\"label-text\">E-mail<\/span> \n  <span class=\"wpcf7-form-control-wrap\" data-name=\"email-e-mail\"><input size=\"40\" class=\"wpcf7-form-control wpcf7-email wpcf7-validates-as-required wpcf7-text wpcf7-validates-as-email\" aria-required=\"true\" aria-invalid=\"false\" placeholder=\"E-mail\" value=\"\" type=\"email\" name=\"email-e-mail\" \/><\/span><\/label> \n<\/div> \n<div class=\"row\"><span>Your country<\/span> \n <label><span class=\"wpcf7-form-control-wrap\" data-name=\"countrytext-126\"><input size=\"40\" class=\"wpcf7-form-control wpcf7-countrytext wpcf7-text wpcf7-validates-as-countrytext\" aria-invalid=\"false\" value=\"\" type=\"text\" name=\"countrytext-126\" \/><\/span> <\/label>\n<\/div> \n<div class=\"row\"> \n <button type=\"submit\" class=\"btn\">Send<\/button> \n<\/div> \n<div class=\"row\"> \n <span class=\"wpcf7-form-control-wrap\" data-name=\"checkbox-931\"><span class=\"wpcf7-form-control wpcf7-checkbox\"><span class=\"wpcf7-list-item first\"><label><input type=\"checkbox\" name=\"checkbox-931[]\" value=\"Integrator\" \/><span class=\"wpcf7-list-item-label\">Integrator<\/span><\/label><\/span><span class=\"wpcf7-list-item\"><label><input type=\"checkbox\" name=\"checkbox-931[]\" value=\"Builder\" \/><span class=\"wpcf7-list-item-label\">Builder<\/span><\/label><\/span><span class=\"wpcf7-list-item last\"><label><input type=\"checkbox\" name=\"checkbox-931[]\" value=\"End-User\" \/><span class=\"wpcf7-list-item-label\">End-User<\/span><\/label><\/span><\/span><\/span> \n<\/div> \n<div class=\"row row-upload-file\"> \n <label class=\"upload-file-block js-upload-file\">Attach file \n  <span class=\"wpcf7-form-control-wrap\" data-name=\"file-466\"><input size=\"40\" class=\"wpcf7-form-control wpcf7-file\" accept=\"audio\/*,video\/*,image\/*\" aria-invalid=\"false\" type=\"file\" name=\"file-466\" \/><\/span><\/label> \n<\/div><input type='hidden' class='wpcf7-pum' value='{\"closepopup\":false,\"closedelay\":0,\"openpopup\":false,\"openpopup_id\":0}' \/><div class=\"wpcf7-response-output\" aria-hidden=\"true\"><\/div>\n<\/form>\n<\/div>\n            <\/div>\r\n\r\n\t\t    <div class=\"text-holder\" data-aos=\"fade-left\">\r\n\t\t\t\t\t\t    <h3 class=\"title-block\">How Can We Help?<\/h3>\r\n\t\t\t\r\n\t\t\t                <div class=\"text-block\">\r\n                    Please select a topic below related to your inquiry. If you don&#8217;t find what you need, fill out our contact form.                <\/div>\r\n\t\t\t\r\n\t\t\t\t\t\t    <ul class=\"link-list\">\r\n\t\t\t\t\t\t\t\t\t\t\t\t\t\t\t\t\t\t<li>\r\n\t\t\t\t\t\t\t\t\t\t\t\t\t\t\t\t    <strong>Get Inspired<\/strong>\r\n\t\t\t\t\t\t\t\t\t\t\t\t\t\t\t\t\t\t\t\t\t\t\t\t    <a href=\"\/features\/\">\r\n\t\t\t\t\t\t\t\t        Discover what&#8217;s beneath our intercom\t\t\t\t\t\t\t\t    <\/a>\r\n\t\t\t\t\t\t\t\t\t\t\t\t\t\t\t<\/li>\r\n\t\t\t\t\t\t\t\t\t\t\t\t\t\t\t\t\t\t\t\t\t\t\t\t<li>\r\n\t\t\t\t\t\t\t\t\t\t\t\t\t\t\t\t    <strong>Become a Partner<\/strong>\r\n\t\t\t\t\t\t\t\t\t\t\t\t\t\t\t\t\t\t\t\t\t\t\t\t    <a href=\"\/distributors\/\">\r\n\t\t\t\t\t\t\t\t        Expand your business with BAS-IP intercom\t\t\t\t\t\t\t\t    <\/a>\r\n\t\t\t\t\t\t\t\t\t\t\t\t\t\t\t<\/li>\r\n\t\t\t\t\t\t\t\t\t\t\t\t\t\t\t\t\t\t\t\t\t\t\t\t<li>\r\n\t\t\t\t\t\t\t\t\t\t\t\t\t\t\t\t    <strong>Check the Guides<\/strong>\r\n\t\t\t\t\t\t\t\t\t\t\t\t\t\t\t\t\t\t\t\t\t\t\t\t    <a href=\"\/support\/\">\r\n\t\t\t\t\t\t\t\t        Download detailed manuals and schemes\t\t\t\t\t\t\t\t    <\/a>\r\n\t\t\t\t\t\t\t\t\t\t\t\t\t\t\t<\/li>\r\n\t\t\t\t\t\t\t\t\t\t\t\t\t\t\t<\/ul>\r\n\t\t\t\r\n\t\t\t\t\t\t    <h3 class=\"title-block\">Our contacts<\/h3>\r\n\t\t\t\r\n\t\t\t\t\t\t\t<ul class=\"contact-list\">\r\n\t\t\t\t\t\t\t\t\t\t\t\t\t\t\t\t\t\t<li>\r\n\t\t\t\t\t\t\t\t\t\t\t\t\t\t\t\t\t<strong>Sales:<\/strong>\r\n\t\t\t\t\t\t\t\t\t\t\t\t\t\t\t\t\t\t\t\t\t\t\t\t    <a href=\"mailto:&#115;al&#101;&#115;&#64;ba&#115;-i&#112;.&#99;om\">&#115;&#97;&#108;&#101;s&#64;&#98;&#97;&#115;-ip.c&#111;&#109;<\/a>\r\n\t\t\t\t\t\t\t\t\t\t\t\t\t\t\t<\/li>\r\n\t\t\t\t\t\t\t\t\t\t\t\t\t\t\t\t\t\t\t\t\t\t\t\t<li>\r\n\t\t\t\t\t\t\t\t\t\t\t\t\t\t\t\t\t<strong>Technical support:<\/strong>\r\n\t\t\t\t\t\t\t\t\t\t\t\t\t\t\t\t\t\t\t\t\t\t\t\t    <a href=\"mailto:su&#112;&#112;&#111;&#114;&#116;&#64;bas&#45;&#105;&#112;.com\">&#115;u&#112;p&#111;r&#116;&#64;bas-&#105;p&#46;com<\/a>\r\n\t\t\t\t\t\t\t\t\t\t\t\t\t\t\t<\/li>\r\n\t\t\t\t\t\t\t\t\t\t\t\t\t\t\t<\/ul>\r\n\t\t\t\t\t<\/div>\r\n\t<\/section>\r\n\r\n\r\n\r\n<!-- END Block Sign Up -->","protected":false},"excerpt":{"rendered":"<p>Intercom Linkre v\u00e1lt: Mit jelent ez az \u00d6n sz\u00e1m\u00e1ra? M\u00e1rcius 4-t\u0151l 2025 az Intercom Android alkalmaz\u00e1s m\u00e1r nem lesz el\u00e9rhet\u0151 a Google Play \u00c1ruh\u00e1zban. A webes verzi\u00f3 \u00e9s az iOS alkalmaz\u00e1s azonban tov\u00e1bbra is v\u00e1ltozatlanul m\u0171k\u00f6dni fog, \u00e9s az Intercom szerverei akt\u00edvak maradnak a stabilit\u00e1s \u00e9s az adatokhoz val\u00f3 hozz\u00e1f\u00e9r\u00e9s biztos\u00edt\u00e1sa \u00e9rdek\u00e9ben, am\u00edg a szerver [&hellip;]<\/p>","protected":false},"author":1,"featured_media":0,"parent":0,"menu_order":0,"comment_status":"closed","ping_status":"closed","template":"","meta":{"inline_featured_image":false,"footnotes":""},"class_list":["post-131221","page","type-page","status-publish","hentry"],"acf":[],"_links":{"self":[{"href":"https:\/\/bas-ip.com\/hu\/wp-json\/wp\/v2\/pages\/131221","targetHints":{"allow":["GET"]}}],"collection":[{"href":"https:\/\/bas-ip.com\/hu\/wp-json\/wp\/v2\/pages"}],"about":[{"href":"https:\/\/bas-ip.com\/hu\/wp-json\/wp\/v2\/types\/page"}],"author":[{"embeddable":true,"href":"https:\/\/bas-ip.com\/hu\/wp-json\/wp\/v2\/users\/1"}],"replies":[{"embeddable":true,"href":"https:\/\/bas-ip.com\/hu\/wp-json\/wp\/v2\/comments?post=131221"}],"version-history":[{"count":4,"href":"https:\/\/bas-ip.com\/hu\/wp-json\/wp\/v2\/pages\/131221\/revisions"}],"predecessor-version":[{"id":131516,"href":"https:\/\/bas-ip.com\/hu\/wp-json\/wp\/v2\/pages\/131221\/revisions\/131516"}],"wp:attachment":[{"href":"https:\/\/bas-ip.com\/hu\/wp-json\/wp\/v2\/media?parent=131221"}],"curies":[{"name":"wp","href":"https:\/\/api.w.org\/{rel}","templated":true}]}}