{"id":123055,"date":"2023-03-31T12:50:05","date_gmt":"2023-03-31T12:50:05","guid":{"rendered":"https:\/\/bas-ip.com\/?page_id=123055"},"modified":"2025-03-14T10:02:40","modified_gmt":"2025-03-14T10:02:40","slug":"lift-felvono","status":"publish","type":"page","link":"https:\/\/bas-ip.com\/hu\/lift\/","title":{"rendered":"Lift"},"content":{"rendered":"<h1 class=\"wp-block-heading\"><strong>IP-technol\u00f3gi\u00e1n alapul\u00f3 lift intercom<\/strong><\/h1>\n\n\n\n<p>A folyamatosan \u00f6sszekapcsolt vil\u00e1gban a kommunik\u00e1ci\u00f3 kiemelked\u0151 fontoss\u00e1g\u00fav\u00e1 v\u00e1lt. Ez k\u00fcl\u00f6n\u00f6sen igaz az olyan k\u00f6rnyezetekben, ahol a biztons\u00e1g \u00e9s a hozz\u00e1f\u00e9rhet\u0151s\u00e9g kulcsfontoss\u00e1g\u00fa, p\u00e9ld\u00e1ul a liftekben. A felvon\u00f3k kaputelefon-rendszere l\u00e9tfontoss\u00e1g\u00fa szerepet j\u00e1tszik az utasok j\u00f3l\u00e9t\u00e9nek biztos\u00edt\u00e1s\u00e1ban, \u00e9s egyre ink\u00e1bb k\u00f6telez\u0151 funkci\u00f3nak sz\u00e1m\u00edt. N\u00e9zz\u00fck meg, milyen el\u0151ny\u00f6kkel j\u00e1r a BAS-IP IP-alap\u00fa felvon\u00f3s kaputelefon-rendszerek haszn\u00e1lata, \u00e9s hogyan forradalmas\u00edtj\u00e1k a felvon\u00f3s \u00e9lm\u00e9nyt.<\/p>\n\n\n<!-- START Block Features --><section id=\"block_6437d003aff43\" class=\"features-section\">\r\n\t\r\n    <div class=\"features-list\">\r\n                    <div class=\"features-item\" data-aos=\"fade-up\">\r\n    <div class=\"features-box\">\r\n                    <div class=\"image-holder\">\r\n                <img loading=\"lazy\" decoding=\"async\" width=\"350\" height=\"320\" src=\"https:\/\/bas-ip.com\/wp-content\/uploads\/2023\/04\/1-6-350x320.jpg\" class=\"attachment-thumbnail_350x320 size-thumbnail_350x320\" alt=\"\" \/>            <\/div>\r\n        \r\n        <div class=\"text-holder\">\r\n                        <h3 class=\"title-block\">A kaputelefonok sz\u00fcks\u00e9gess\u00e9ge a liftekben<\/h3>\r\n          \r\n                        <div class=\"text-block\">\r\n                <p>A felvon\u00f3k kaputelefonjai v\u00e9szhelyzet vagy m\u0171szaki probl\u00e9m\u00e1k eset\u00e9n ment\u0151\u00f6vk\u00e9nt szolg\u00e1lnak az utasok sz\u00e1m\u00e1ra. K\u00f6zvetlen kommunik\u00e1ci\u00f3s csatorn\u00e1t biztos\u00edtanak az \u00e9p\u00fclet menedzsmentj\u00e9hez vagy a seg\u00e9lyszolg\u00e1latokhoz, \u00edgy sz\u00fcks\u00e9g eset\u00e9n gyors seg\u00edts\u00e9get ny\u00fajtanak. Ez\u00e9rt a felvon\u00f3k megb\u00edzhat\u00f3 \u00e9s hat\u00e9kony kaputelefon-rendszere elengedhetetlen a biztons\u00e1gi el\u0151\u00edr\u00e1sok betart\u00e1s\u00e1hoz \u00e9s az utasok megnyugtat\u00e1s\u00e1hoz.<\/p>\n              <\/div>\r\n                  <\/div>\r\n    <\/div>\r\n<\/div>\r\n                    <div class=\"features-item\" data-aos=\"fade-up\">\r\n    <div class=\"features-box\">\r\n                    <div class=\"image-holder\">\r\n                <img loading=\"lazy\" decoding=\"async\" width=\"350\" height=\"320\" src=\"https:\/\/bas-ip.com\/wp-content\/uploads\/2023\/04\/2-6-350x320.jpg\" class=\"attachment-thumbnail_350x320 size-thumbnail_350x320\" alt=\"\" \/>            <\/div>\r\n        \r\n        <div class=\"text-holder\">\r\n                        <h3 class=\"title-block\">IP-alap\u00fa kaputelefonok: egy l\u00e9p\u00e9ssel a hagyom\u00e1nyos rendszerek felett<\/h3>\r\n          \r\n                        <div class=\"text-block\">\r\n                <p>Sok \u00e9ven \u00e1t a hagyom\u00e1nyos anal\u00f3g kaputelefon-rendszerek voltak a szabv\u00e1ny. Az IP-alap\u00fa megold\u00e1sok megjelen\u00e9se, amelyek az internetes protokollt (IP) \u00e9s a Session Initiation Protocol (SIP) protokollt haszn\u00e1lj\u00e1k ki, paradigmav\u00e1lt\u00e1st hozott a lifteken bel\u00fcli kommunik\u00e1ci\u00f3ban.<\/p>\n              <\/div>\r\n                  <\/div>\r\n    <\/div>\r\n<\/div>\r\n                    <div class=\"features-item\" data-aos=\"fade-up\">\r\n    <div class=\"features-box\">\r\n                    <div class=\"image-holder\">\r\n                <img loading=\"lazy\" decoding=\"async\" width=\"350\" height=\"320\" src=\"https:\/\/bas-ip.com\/wp-content\/uploads\/2023\/04\/3-6-350x320.jpg\" class=\"attachment-thumbnail_350x320 size-thumbnail_350x320\" alt=\"\" \/>            <\/div>\r\n        \r\n        <div class=\"text-holder\">\r\n                        <h3 class=\"title-block\">Partners\u00e9g a glob\u00e1lis felvon\u00f3gy\u00e1rt\u00f3kkal<\/h3>\r\n          \r\n                        <div class=\"text-block\">\r\n                <p>A BAS-IP partners\u00e9get alak\u00edtott ki vezet\u0151 felvon\u00f3gy\u00e1rt\u00f3kkal, p\u00e9ld\u00e1ul a Kone-val, hogy z\u00f6kken\u0151mentes integr\u00e1ci\u00f3t biztos\u00edtson term\u00e9keikkel. Ez az egy\u00fcttm\u0171k\u00f6d\u00e9s lehet\u0151v\u00e9 teszi a Kone liftek teljes k\u00f6r\u0171 vez\u00e9rl\u00e9s\u00e9t a lak\u00e1sokba telep\u00edtett BAS-IP kaputelefonokr\u00f3l, egys\u00e9ges \u00e9s racionaliz\u00e1lt felhaszn\u00e1l\u00f3i \u00e9lm\u00e9nyt teremtve.<\/p>\n              <\/div>\r\n                  <\/div>\r\n    <\/div>\r\n<\/div>\r\n            <\/div>\r\n<\/section>\r\n<!-- END Block Features -->\n\n\n<h2 class=\"wp-block-heading\"><strong>A BAS-IP felvon\u00f3s kaputelefonok el\u0151nyei<\/strong><\/h2>\n\n\n\n<p>A hagyom\u00e1nyos anal\u00f3g rendszerekhez k\u00e9pest az IP-alap\u00fa felvon\u00f3intercomok, mint p\u00e9ld\u00e1ul a BAS-IP megold\u00e1s, sz\u00e1mos el\u0151nyt k\u00edn\u00e1lnak:<\/p>\n\n\n<!-- START Block Features --><section id=\"block_6437d09daff47\" class=\"features-section\">\r\n\t\r\n    <div class=\"features-list\">\r\n                    <div class=\"features-item\" data-aos=\"fade-up\">\r\n    <div class=\"features-box\">\r\n                    <div class=\"image-holder\">\r\n                <img loading=\"lazy\" decoding=\"async\" width=\"350\" height=\"320\" src=\"https:\/\/bas-ip.com\/wp-content\/uploads\/2023\/04\/4-6-350x320.jpg\" class=\"attachment-thumbnail_350x320 size-thumbnail_350x320\" alt=\"\" \/>            <\/div>\r\n        \r\n        <div class=\"text-holder\">\r\n                        <h3 class=\"title-block\">Tov\u00e1bbfejlesztett hang- \u00e9s vide\u00f3min\u0151s\u00e9g<\/h3>\r\n          \r\n                        <div class=\"text-block\">\r\n                <p>A BAS-IP kaputelefonok be\u00e9p\u00edtett kamer\u00e1kkal rendelkeznek, \u00edgy az \u00e9p\u00fcletkezel\u0151 \u00e9s a biztons\u00e1gi szem\u00e9lyzet val\u00f3s id\u0151ben nyomon k\u00f6vetheti a liftek tev\u00e9kenys\u00e9g\u00e9t. Ez a funkci\u00f3 nemcsak az \u00e9p\u00fclet \u00e1ltal\u00e1nos biztons\u00e1g\u00e1t n\u00f6veli, hanem elrettent\u0151 hat\u00e1ssal is van a potenci\u00e1lis b\u0171n\u00f6z\u0151kre.<\/p>\n              <\/div>\r\n                  <\/div>\r\n    <\/div>\r\n<\/div>\r\n                    <div class=\"features-item\" data-aos=\"fade-up\">\r\n    <div class=\"features-box\">\r\n                    <div class=\"image-holder\">\r\n                <img loading=\"lazy\" decoding=\"async\" width=\"350\" height=\"320\" src=\"https:\/\/bas-ip.com\/wp-content\/uploads\/2023\/04\/5-6-350x320.jpg\" class=\"attachment-thumbnail_350x320 size-thumbnail_350x320\" alt=\"\" \/>            <\/div>\r\n        \r\n        <div class=\"text-holder\">\r\n                        <h3 class=\"title-block\">Korl\u00e1tlan sz\u00e1m\u00fa eszk\u00f6z \u00e9s Concierge-termin\u00e1l t\u00e1mogat\u00e1s<\/h3>\r\n          \r\n                        <div class=\"text-block\">\r\n                <p>A BAS-IP megold\u00e1s korl\u00e1tlan sz\u00e1m\u00fa eszk\u00f6zt t\u00e1mogat egy h\u00e1l\u00f3zaton bel\u00fcl, bele\u00e9rtve a port\u00e1s termin\u00e1l integr\u00e1l\u00e1s\u00e1t is. Ez a sk\u00e1l\u00e1zhat\u00f3s\u00e1g biztos\u00edtja, hogy a rendszer egy\u00fctt n\u0151hessen az \u00e9p\u00fclettel, \u00e9s a teljes\u00edtm\u00e9ny vagy megb\u00edzhat\u00f3s\u00e1g cs\u00f6kken\u00e9se n\u00e9lk\u00fcl alkalmazkodjon a k\u00f6vetelm\u00e9nyekben bek\u00f6vetkez\u0151 v\u00e1ltoz\u00e1sokhoz.<\/p>\n              <\/div>\r\n                  <\/div>\r\n    <\/div>\r\n<\/div>\r\n                    <div class=\"features-item\" data-aos=\"fade-up\">\r\n    <div class=\"features-box\">\r\n                    <div class=\"image-holder\">\r\n                <img loading=\"lazy\" decoding=\"async\" width=\"350\" height=\"320\" src=\"https:\/\/bas-ip.com\/wp-content\/uploads\/2023\/04\/6-5-350x320.jpg\" class=\"attachment-thumbnail_350x320 size-thumbnail_350x320\" alt=\"\" \/>            <\/div>\r\n        \r\n        <div class=\"text-holder\">\r\n                        <h3 class=\"title-block\">K\u00f6nnyebb telep\u00edt\u00e9s \u00e9s karbantart\u00e1s<\/h3>\r\n          \r\n                        <div class=\"text-block\">\r\n                <p>Az IP-felvon\u00f3s kaputelefonok a megl\u00e9v\u0151 h\u00e1l\u00f3zati infrastrukt\u00far\u00e1t haszn\u00e1lj\u00e1k, \u00edgy egyszer\u0171bb\u00e9 \u00e9s k\u00f6lts\u00e9ghat\u00e9konyabb\u00e1 teszik telep\u00edt\u00e9s\u00fcket \u00e9s karbantart\u00e1sukat.<\/p>\n<p>A mai, egyre ink\u00e1bb \u00f6sszekapcsolt vil\u00e1gban nem lehet el\u00e9gg\u00e9 hangs\u00falyozni a hat\u00e9kony \u00e9s megb\u00edzhat\u00f3 kommunik\u00e1ci\u00f3 sz\u00fcks\u00e9gess\u00e9g\u00e9t a felvon\u00f3kon bel\u00fcl. Az IP-alap\u00fa felvon\u00f3s kaputelefon-rendszerek, mint p\u00e9ld\u00e1ul a BAS-IP megold\u00e1s, a hagyom\u00e1nyos anal\u00f3g rendszerekkel szemben sz\u00e1mos el\u0151nnyel rendelkez\u0151 aranyszabv\u00e1nny\u00e1 v\u00e1ltak ezen a ter\u00fcleten. A jobb hang- \u00e9s vide\u00f3min\u0151s\u00e9gt\u0151l kezdve a m\u00e1s \u00e9p\u00fcletir\u00e1ny\u00edt\u00e1si rendszerekkel val\u00f3 z\u00f6kken\u0151mentes integr\u00e1ci\u00f3ig az IP kaputelefonok jobb\u00e1 teszik a felvon\u00f3k \u00e9lm\u00e9ny\u00e9t. Ennek eredm\u00e9nyek\u00e9ppen az \u00e9p\u00fcletek tulajdonosai, vezet\u0151i \u00e9s lak\u00f3i nagyobb biztons\u00e1got, k\u00e9nyelmet \u00e9s nyugalmat \u00e9lvezhetnek.<\/p>\n              <\/div>\r\n                  <\/div>\r\n    <\/div>\r\n<\/div>\r\n            <\/div>\r\n<\/section>\r\n<!-- END Block Features -->\n\n<!-- START Block FAQ --><section id=\"block_6426d69cbc4a0\" class=\"faq-section\">\r\n\t\t    <h2 class=\"title-section\" data-aos=\"fade-right\">Gyakran Ism\u00e9telt K\u00e9rd\u00e9sek<\/h2>\r\n\t\t\t    <div class=\"faq-list js-accordion\" data-aos=\"fade-up\">\r\n\t\t\t\t\t\t\t\t\t\t\t    <div class=\"accordion-item faq-item\">\r\n                        <div class=\"accordion-opener\">\r\n                            Q: Mi\u00e9rt tartj\u00e1k k\u00f6telez\u0151nek a liftes kaputelefont?                            <i class=\"fa-solid fa-chevron-down\"><\/i>\r\n                        <\/div>\r\n                        <div class=\"accordion-slide\">\r\n\t\t\t\t\t\t    <p>A felvon\u00f3k kaputelefonjait az\u00e9rt tartj\u00e1k k\u00f6telez\u0151nek, mert k\u00f6zvetlen kommunik\u00e1ci\u00f3s csatorn\u00e1t biztos\u00edtanak az utasok \u00e9s az \u00e9p\u00fclet vezet\u00e9se vagy a seg\u00e9lyszolg\u00e1latok k\u00f6z\u00f6tt, \u00edgy v\u00e9szhelyzetekben vagy m\u0171szaki probl\u00e9m\u00e1k eset\u00e9n id\u0151ben seg\u00edts\u00e9get ny\u00fajtanak.<\/p>\n                        <\/div>\r\n\t\t\t\t\t<\/div>\r\n\t\t\t\t\t\t\t\t\t\t\t\t\t\t\t    <div class=\"accordion-item faq-item\">\r\n                        <div class=\"accordion-opener\">\r\n                            Q: Mit\u0151l jobbak az IP-alap\u00fa liftes kaputelefonok, mint a hagyom\u00e1nyos anal\u00f3g rendszerek?                            <i class=\"fa-solid fa-chevron-down\"><\/i>\r\n                        <\/div>\r\n                        <div class=\"accordion-slide\">\r\n\t\t\t\t\t\t    <p>Az IP-alap\u00fa felvon\u00f3-intercomok, mint p\u00e9ld\u00e1ul a BAS-IP megold\u00e1s, sz\u00e1mos el\u0151nyt k\u00edn\u00e1lnak a hagyom\u00e1nyos anal\u00f3g rendszerekkel szemben, bele\u00e9rtve a jobb hang- \u00e9s vide\u00f3min\u0151s\u00e9get, a sk\u00e1l\u00e1zhat\u00f3s\u00e1got, a k\u00f6nnyebb telep\u00edt\u00e9st \u00e9s karbantart\u00e1st, a be\u00e9p\u00edtett kamerafunkci\u00f3kat \u00e9s a z\u00f6kken\u0151mentes integr\u00e1ci\u00f3t m\u00e1s IP-alap\u00fa rendszerekkel.<\/p>\n                        <\/div>\r\n\t\t\t\t\t<\/div>\r\n\t\t\t\t\t\t\t\t\t\t\t\t\t\t\t    <div class=\"accordion-item faq-item\">\r\n                        <div class=\"accordion-opener\">\r\n                            Q: Hogyan jav\u00edtja a liftek biztons\u00e1g\u00e1t az IP kaputelefonok be\u00e9p\u00edtett kamera funkci\u00f3ja?                            <i class=\"fa-solid fa-chevron-down\"><\/i>\r\n                        <\/div>\r\n                        <div class=\"accordion-slide\">\r\n\t\t\t\t\t\t    <p>Az IP kaputelefonok be\u00e9p\u00edtett kamerafunkci\u00f3ja lehet\u0151v\u00e9 teszi az \u00e9p\u00fclet\u00fczemeltet\u00e9s \u00e9s a biztons\u00e1gi szem\u00e9lyzet sz\u00e1m\u00e1ra a liftek tev\u00e9kenys\u00e9g\u00e9nek val\u00f3s idej\u0171 megfigyel\u00e9s\u00e9t. Ez a hozz\u00e1adott biztons\u00e1gi r\u00e9teg elrettent\u0151leg hathat a potenci\u00e1lis szab\u00e1lys\u00e9rt\u0151kre, \u00e9s vizu\u00e1lis bizony\u00edt\u00e9kot szolg\u00e1ltat b\u00e1rmilyen incidens eset\u00e9n.<\/p>\n                        <\/div>\r\n\t\t\t\t\t<\/div>\r\n\t\t\t\t\t\t\t\t\t\t\t\t\t\t\t    <div class=\"accordion-item faq-item\">\r\n                        <div class=\"accordion-opener\">\r\n                            Q: M\u0171k\u00f6dhetnek-e az IP-alap\u00fa liftes kaputelefonok m\u00e1s \u00e9p\u00fcletfel\u00fcgyeleti rendszerekkel?                            <i class=\"fa-solid fa-chevron-down\"><\/i>\r\n                        <\/div>\r\n                        <div class=\"accordion-slide\">\r\n\t\t\t\t\t\t    <p>Igen, az IP-alap\u00fa lift-intercomokat \u00fagy tervezt\u00e9k, hogy z\u00f6kken\u0151mentesen integr\u00e1lhat\u00f3k legyenek m\u00e1s IP-alap\u00fa \u00e9p\u00fcletir\u00e1ny\u00edt\u00e1si rendszerekkel. Ez el\u0151seg\u00edti az \u00f6sszekapcsolt \u00e9s hat\u00e9konyabb \u00e9p\u00fcletir\u00e1ny\u00edt\u00e1si \u00f6kosziszt\u00e9m\u00e1t, n\u00f6velve az \u00e1ltal\u00e1nos biztons\u00e1got \u00e9s k\u00e9nyelmet.<\/p>\n                        <\/div>\r\n\t\t\t\t\t<\/div>\r\n\t\t\t\t\t\t\t\t\t\t\t\t\t\t\t    <div class=\"accordion-item faq-item\">\r\n                        <div class=\"accordion-opener\">\r\n                            Q: Milyen el\u0151ny\u00f6kkel j\u00e1r a felhaszn\u00e1l\u00f3k sz\u00e1m\u00e1ra a BAS-IP \u00e9s a Kone-hoz hasonl\u00f3 felvon\u00f3gy\u00e1rt\u00f3k k\u00f6z\u00f6tti partners\u00e9g?                            <i class=\"fa-solid fa-chevron-down\"><\/i>\r\n                        <\/div>\r\n                        <div class=\"accordion-slide\">\r\n\t\t\t\t\t\t    <p>A BAS-IP \u00e9s az olyan felvon\u00f3gy\u00e1rt\u00f3k, mint a Kone k\u00f6z\u00f6tti partners\u00e9g lehet\u0151v\u00e9 teszi term\u00e9keik z\u00f6kken\u0151mentes integr\u00e1ci\u00f3j\u00e1t. Ez az egy\u00fcttm\u0171k\u00f6d\u00e9s lehet\u0151v\u00e9 teszi a Kone liftek teljes k\u00f6r\u0171 vez\u00e9rl\u00e9s\u00e9t a lak\u00e1sokba telep\u00edtett BAS-IP kaputelefonokr\u00f3l, egys\u00e9ges \u00e9s racionaliz\u00e1lt felhaszn\u00e1l\u00f3i \u00e9lm\u00e9nyt ny\u00fajtva.<\/p>\n                        <\/div>\r\n\t\t\t\t\t<\/div>\r\n\t\t\t\t\t\t\t\t\t<\/div>\r\n\t<\/section>\r\n<!-- END Block FAQ -->","protected":false},"excerpt":{"rendered":"<p>IP-technol\u00f3gi\u00e1n alapul\u00f3 lift intercom A folyamatosan \u00f6sszekapcsolt vil\u00e1gban a kommunik\u00e1ci\u00f3 kiemelked\u0151 fontoss\u00e1g\u00fav\u00e1 v\u00e1lt. Ez k\u00fcl\u00f6n\u00f6sen igaz az olyan k\u00f6rnyezetekben, ahol a biztons\u00e1g \u00e9s a hozz\u00e1f\u00e9rhet\u0151s\u00e9g kulcsfontoss\u00e1g\u00fa, p\u00e9ld\u00e1ul a liftekben. A felvon\u00f3k kaputelefon-rendszere l\u00e9tfontoss\u00e1g\u00fa szerepet j\u00e1tszik az utasok j\u00f3l\u00e9t\u00e9nek biztos\u00edt\u00e1s\u00e1ban, \u00e9s egyre ink\u00e1bb k\u00f6telez\u0151 funkci\u00f3nak sz\u00e1m\u00edt. N\u00e9zz\u00fck meg, milyen el\u0151ny\u00f6kkel j\u00e1r a BAS-IP IP-alap\u00fa felvon\u00f3s kaputelefon-rendszerek [&hellip;]<\/p>","protected":false},"author":3,"featured_media":0,"parent":0,"menu_order":0,"comment_status":"closed","ping_status":"closed","template":"","meta":{"inline_featured_image":false,"footnotes":""},"class_list":["post-123055","page","type-page","status-publish","hentry"],"acf":[],"_links":{"self":[{"href":"https:\/\/bas-ip.com\/hu\/wp-json\/wp\/v2\/pages\/123055","targetHints":{"allow":["GET"]}}],"collection":[{"href":"https:\/\/bas-ip.com\/hu\/wp-json\/wp\/v2\/pages"}],"about":[{"href":"https:\/\/bas-ip.com\/hu\/wp-json\/wp\/v2\/types\/page"}],"author":[{"embeddable":true,"href":"https:\/\/bas-ip.com\/hu\/wp-json\/wp\/v2\/users\/3"}],"replies":[{"embeddable":true,"href":"https:\/\/bas-ip.com\/hu\/wp-json\/wp\/v2\/comments?post=123055"}],"version-history":[{"count":3,"href":"https:\/\/bas-ip.com\/hu\/wp-json\/wp\/v2\/pages\/123055\/revisions"}],"predecessor-version":[{"id":133678,"href":"https:\/\/bas-ip.com\/hu\/wp-json\/wp\/v2\/pages\/123055\/revisions\/133678"}],"wp:attachment":[{"href":"https:\/\/bas-ip.com\/hu\/wp-json\/wp\/v2\/media?parent=123055"}],"curies":[{"name":"wp","href":"https:\/\/api.w.org\/{rel}","templated":true}]}}